{"id":10928,"date":"2017-12-07T22:47:34","date_gmt":"2017-12-07T21:47:34","guid":{"rendered":"https:\/\/c-hessler.de\/?post_type=product&#038;p=10928"},"modified":"2025-12-10T14:45:49","modified_gmt":"2025-12-10T13:45:49","slug":"encoche-mz-02-90f-a-e","status":"publish","type":"product","link":"https:\/\/c-hessler.de\/fr\/shop\/ausklinker-mz-02-90f-a-e\/","title":{"rendered":"Grandes encoches MZ 02 90F A E"},"content":{"rendered":"<div class=\"wp-block-columns are-vertically-aligned-center is-layout-flex wp-container-core-columns-is-layout-28f84493 wp-block-columns-is-layout-flex\">\n<div class=\"wp-block-column is-vertically-aligned-center is-layout-flow wp-block-column-is-layout-flow\">\n<figure class=\"wp-block-boldblocks-youtube-block alignfull\"><div id=\"yb-video-r7KxTJPhFGw\" class=\"yb-player\" data-video-id=\"r7KxTJPhFGw\" data-title=\"Play\" style=\"background-image:url(https:\/\/img.youtube.com\/vi\/r7KxTJPhFGw\/hqdefault.jpg)\"><button type=\"button\" class=\"yb-btn-play\"><span class=\"visually-hidden\">Jouer<\/span><\/button><\/div><figcaption class=\"yb-caption\">Vid\u00e9o originale de notre client Stora Enso, usine d'Ybbs, Autriche<\/figcaption><\/figure>\n<\/div>\n\n\n\n<div class=\"wp-block-column is-vertically-aligned-center is-layout-flow wp-block-column-is-layout-flow\" style=\"flex-basis:60%\">\n<div class=\"wp-block-columns is-layout-flex wp-container-core-columns-is-layout-28f84493 wp-block-columns-is-layout-flex\">\n<div class=\"wp-block-column is-layout-flow wp-block-column-is-layout-flow\">\n<p class=\"has-text-align-left title has-text-color\" style=\"color:#131315\">La grande encocheuse MZ 02 90F A E est con\u00e7ue pour le travail du bois stratifi\u00e9 massif. Pour cela, la puissance de l'encocheuse pour meubles MZ 02 90F A, (sans E), ne suffit plus. Les arrondis des angles int\u00e9rieurs sont \u00e9limin\u00e9s. Ceux-ci sont rest\u00e9s auparavant lors du fraisage d'une d\u00e9coupe. La machine est construite en plaques d'aluminium. Poids : 13,5 kg.<\/p>\n\n\n\n<p class=\"title has-text-color\" style=\"color:#131315\">Lors du fraisage d'une d\u00e9coupe dans du bois lamell\u00e9-coll\u00e9, la partie d\u00e9coup\u00e9e reste dans la pi\u00e8ce. Pour l'enlever, la pi\u00e8ce doit \u00eatre retir\u00e9e de la machine. Il est donc n\u00e9cessaire de la repositionner par la suite. Cela demande beaucoup de temps et d'efforts.<\/p>\n\n\n\n<p class=\"title has-text-color\" style=\"color:#131315\">Avec l'encoche de grande taille MZ 02 90F A E, il n'est plus n\u00e9cessaire d'effectuer un nouveau positionnement pr\u00e9cis \u00e0 la fraise. Pendant que les arrondis dans les angles int\u00e9rieurs sont \u00e9limin\u00e9s sur la premi\u00e8re pi\u00e8ce, une deuxi\u00e8me pi\u00e8ce peut d\u00e9j\u00e0 \u00eatre usin\u00e9e sur la fraise.<\/p>\n\n\n\n<p class=\"title has-text-color\" style=\"color:#131315\">Le client est d\u00e9charg\u00e9 de l'usinage, ce qui est une tendance g\u00e9n\u00e9rale de plus en plus demand\u00e9e.<\/p>\n<\/div>\n<\/div>\n<\/div>\n<\/div>\n\n\n\n<p class=\"title has-text-color\" style=\"color:#131315\"><\/p>\n\n\n\n<div class=\"wp-block-columns are-vertically-aligned-center is-layout-flex wp-container-core-columns-is-layout-28f84493 wp-block-columns-is-layout-flex\">\n<div class=\"wp-block-column is-layout-flow wp-block-column-is-layout-flow\"><\/div>\n<\/div>\n\n\n\n<div style=\"height:30px\" aria-hidden=\"true\" class=\"wp-block-spacer\"><\/div>","protected":false},"excerpt":{"rendered":"<p class=\"ai-optimize-32\">La grande encocheuse MZ 02 90F A E a \u00e9t\u00e9 con\u00e7ue pour le travail du bois contreplaqu\u00e9, du bois lamell\u00e9 massif ou du CLT.<\/p>\n<p class=\"ai-optimize-33\">Les arrondis des coins int\u00e9rieurs sont supprim\u00e9s, qui restent apr\u00e8s le fraisage d'une d\u00e9coupe.<\/p>\n<p class=\"ai-optimize-34\">Dans le processus de travail, on \u00e9vite de repositionner les pi\u00e8ces, souvent tr\u00e8s grandes. Elles restent en dehors de la machine CNC pour le fraisage des angles int\u00e9rieurs avec la grande encocheuse MZ 02 90F A E. Le client de la pi\u00e8ce obtient une pi\u00e8ce de meilleure qualit\u00e9.<\/p>","protected":false},"featured_media":10929,"comment_status":"open","ping_status":"closed","template":"","meta":[],"product_brand":[],"product_cat":[58],"product_tag":[38,39],"class_list":{"0":"post-10928","1":"product","2":"type-product","3":"status-publish","4":"has-post-thumbnail","6":"product_cat-handgefuehrte-maschinen","7":"product_tag-handgefuehrt","8":"product_tag-innenecken","10":"first","11":"instock","12":"taxable","13":"shipping-taxable","14":"purchasable","15":"product-type-simple"},"yoast_head":"<!-- This site is optimized with the Yoast SEO Premium plugin v27.0 (Yoast SEO v27.3) - https:\/\/yoast.com\/product\/yoast-seo-premium-wordpress\/ -->\n<title>Gro\u00df-Ausklinker MZ 02 90F A E f\u00fcr Brettsperrholz<\/title>\n<meta name=\"description\" content=\"Der Gro\u00df-Ausklinker MZ 02 90F A E f\u00fcr Brettsperrholz erzeugt eine scharfkantige Innenecke. Hohe Genauigkeit, Hub bis 220 mm oder mehr.\" \/>\n<meta name=\"robots\" content=\"index, follow, max-snippet:-1, max-image-preview:large, max-video-preview:-1\" \/>\n<link rel=\"canonical\" href=\"https:\/\/c-hessler.de\/fr\/boutique\/encoche-mz-02-90f-a-e\/\" \/>\n<meta property=\"og:locale\" content=\"fr_FR\" \/>\n<meta property=\"og:type\" content=\"article\" \/>\n<meta property=\"og:title\" content=\"Gro\u00df-Ausklinker MZ 02 90F A E\" \/>\n<meta property=\"og:description\" content=\"Der Gro\u00df-Ausklinker MZ 02 90F A E f\u00fcr Brettsperrholz erzeugt eine scharfkantige Innenecke. Hohe Genauigkeit, Hub bis 220 mm oder mehr.\" \/>\n<meta property=\"og:url\" content=\"https:\/\/c-hessler.de\/fr\/boutique\/encoche-mz-02-90f-a-e\/\" \/>\n<meta property=\"og:site_name\" content=\"Dr. Christoph He\u00dfler Maschinensysteme\" \/>\n<meta property=\"article:publisher\" content=\"https:\/\/www.facebook.com\/DrChristophHesslerMaschinensysteme\/\" \/>\n<meta property=\"article:modified_time\" content=\"2025-12-10T13:45:49+00:00\" \/>\n<meta property=\"og:image\" content=\"https:\/\/c-hessler.de\/wp-content\/uploads\/2017\/12\/P1010035-freigestellt.jpg\" \/>\n\t<meta property=\"og:image:width\" content=\"2048\" \/>\n\t<meta property=\"og:image:height\" content=\"1536\" \/>\n\t<meta property=\"og:image:type\" content=\"image\/jpeg\" \/>\n<meta name=\"twitter:label1\" content=\"Prix\" \/>\n\t<meta name=\"twitter:data1\" content=\"5.375,00&nbsp;&euro; ohne MwSt.\" \/>\n\t<meta name=\"twitter:label2\" content=\"Disponibilit\u00e9\" \/>\n\t<meta name=\"twitter:data2\" content=\"En stock\" \/>\n<script type=\"application\/ld+json\" class=\"yoast-schema-graph\">{\"@context\":\"https:\\\/\\\/schema.org\",\"@graph\":[{\"@type\":\"WebPage\",\"@id\":\"https:\\\/\\\/c-hessler.de\\\/pl\\\/sklep\\\/notcher-mz-02-90f-a-e\\\/\",\"url\":\"https:\\\/\\\/c-hessler.de\\\/pl\\\/sklep\\\/notcher-mz-02-90f-a-e\\\/\",\"name\":\"Gro\u00df-Ausklinker MZ 02 90F A E f\u00fcr Brettsperrholz\",\"isPartOf\":{\"@id\":\"https:\\\/\\\/c-hessler.de\\\/#website\"},\"primaryImageOfPage\":{\"@id\":\"https:\\\/\\\/c-hessler.de\\\/pl\\\/sklep\\\/notcher-mz-02-90f-a-e\\\/#primaryimage\"},\"image\":{\"@id\":\"https:\\\/\\\/c-hessler.de\\\/pl\\\/sklep\\\/notcher-mz-02-90f-a-e\\\/#primaryimage\"},\"thumbnailUrl\":\"https:\\\/\\\/c-hessler.de\\\/wp-content\\\/uploads\\\/2017\\\/12\\\/P1010035-freigestellt.jpg\",\"datePublished\":\"2017-12-07T21:47:34+00:00\",\"dateModified\":\"2025-12-10T13:45:49+00:00\",\"description\":\"Der Gro\u00df-Ausklinker MZ 02 90F A E f\u00fcr Brettsperrholz erzeugt eine scharfkantige Innenecke. Hohe Genauigkeit, Hub bis 220 mm oder mehr.\",\"breadcrumb\":{\"@id\":\"https:\\\/\\\/c-hessler.de\\\/pl\\\/sklep\\\/notcher-mz-02-90f-a-e\\\/#breadcrumb\"},\"inLanguage\":\"fr-FR\",\"potentialAction\":[{\"@type\":\"ReadAction\",\"target\":[\"https:\\\/\\\/c-hessler.de\\\/pl\\\/sklep\\\/notcher-mz-02-90f-a-e\\\/\"]}]},{\"@type\":\"ImageObject\",\"inLanguage\":\"fr-FR\",\"@id\":\"https:\\\/\\\/c-hessler.de\\\/pl\\\/sklep\\\/notcher-mz-02-90f-a-e\\\/#primaryimage\",\"url\":\"https:\\\/\\\/c-hessler.de\\\/wp-content\\\/uploads\\\/2017\\\/12\\\/P1010035-freigestellt.jpg\",\"contentUrl\":\"https:\\\/\\\/c-hessler.de\\\/wp-content\\\/uploads\\\/2017\\\/12\\\/P1010035-freigestellt.jpg\",\"width\":2048,\"height\":1536,\"caption\":\"F\u00fcr die Anwendung f\u00fcr 220mm Wandst\u00e4rke und mehr\"},{\"@type\":\"BreadcrumbList\",\"@id\":\"https:\\\/\\\/c-hessler.de\\\/pl\\\/sklep\\\/notcher-mz-02-90f-a-e\\\/#breadcrumb\",\"itemListElement\":[{\"@type\":\"ListItem\",\"position\":1,\"name\":\"Produkte\",\"item\":\"https:\\\/\\\/c-hessler.de\\\/produkte\\\/\"},{\"@type\":\"ListItem\",\"position\":2,\"name\":\"Gro\u00df-Ausklinker MZ 02 90F A E\"}]},{\"@type\":\"WebSite\",\"@id\":\"https:\\\/\\\/c-hessler.de\\\/#website\",\"url\":\"https:\\\/\\\/c-hessler.de\\\/\",\"name\":\"www.c-hessler.de\",\"description\":\"\",\"publisher\":{\"@id\":\"https:\\\/\\\/c-hessler.de\\\/#organization\"},\"potentialAction\":[{\"@type\":\"SearchAction\",\"target\":{\"@type\":\"EntryPoint\",\"urlTemplate\":\"https:\\\/\\\/c-hessler.de\\\/?s={search_term_string}\"},\"query-input\":{\"@type\":\"PropertyValueSpecification\",\"valueRequired\":true,\"valueName\":\"search_term_string\"}}],\"inLanguage\":\"fr-FR\"},{\"@type\":\"Organization\",\"@id\":\"https:\\\/\\\/c-hessler.de\\\/#organization\",\"name\":\"Dr. Christoph He\u00dfler Maschinensysteme\",\"alternateName\":\"Dr. Christoph He\u00dfler Maschinensysteme\",\"url\":\"https:\\\/\\\/c-hessler.de\\\/\",\"logo\":{\"@type\":\"ImageObject\",\"inLanguage\":\"fr-FR\",\"@id\":\"https:\\\/\\\/c-hessler.de\\\/#\\\/schema\\\/logo\\\/image\\\/\",\"url\":\"https:\\\/\\\/c-hessler.de\\\/wp-content\\\/uploads\\\/2026\\\/02\\\/Draw-03-150312-110115-Ausgeschnitten-I.jpg\",\"contentUrl\":\"https:\\\/\\\/c-hessler.de\\\/wp-content\\\/uploads\\\/2026\\\/02\\\/Draw-03-150312-110115-Ausgeschnitten-I.jpg\",\"width\":445,\"height\":394,\"caption\":\"Dr. Christoph He\u00dfler Maschinensysteme\"},\"image\":{\"@id\":\"https:\\\/\\\/c-hessler.de\\\/#\\\/schema\\\/logo\\\/image\\\/\"},\"sameAs\":[\"https:\\\/\\\/www.facebook.com\\\/DrChristophHesslerMaschinensysteme\\\/\",\"https:\\\/\\\/www.pinterest.de\\\/hesstools\\\/\",\"https:\\\/\\\/www.youtube.com\\\/channel\\\/UCaNnXDGGF_BiYFQZ2kJgi-A?view_as=subscriber\"],\"description\":\"1. Ecken- und Kantenfr\u00e4sen f\u00fcr Tischler und Schreiner, Sonderanfertigungen 2. Auch f\u00fcr die Nachbearbeitung von Eck-Schwei\u00dfn\u00e4hten bei Aluminium-Werkstoffen, f\u00fcr Fahrzeugbauer oder Metallbauer aller Art\",\"email\":\"christoph.hessler@c-hessler.de\",\"telephone\":\"0527413012080\",\"legalName\":\"Dr. Christoph He\u00dfler Maschinensysteme\",\"foundingDate\":\"2003-06-05\",\"vatID\":\"DE230070107\",\"numberOfEmployees\":{\"@type\":\"QuantitativeValue\",\"minValue\":\"1\",\"maxValue\":\"10\"}}]}<\/script>\n<meta property=\"og:video\" content=\"https:\/\/www.youtube.com\/embed\/r7KxTJPhFGw\" \/>\n<meta property=\"og:video:type\" content=\"text\/html\" \/>\n<meta property=\"og:video:duration\" content=\"120\" \/>\n<meta property=\"og:video:width\" content=\"480\" \/>\n<meta property=\"og:video:height\" content=\"270\" \/>\n<meta property=\"ya:ovs:adult\" content=\"false\" \/>\n<meta property=\"ya:ovs:upload_date\" content=\"2017-12-07T21:47:34+00:00\" \/>\n<meta property=\"ya:ovs:allow_embed\" content=\"true\" \/>\n<meta property=\"product:price:amount\" content=\"5375.00\" \/>\n<meta property=\"product:price:currency\" content=\"EUR\" \/>\n<meta property=\"og:availability\" content=\"instock\" \/>\n<meta property=\"product:availability\" content=\"instock\" \/>\n<meta property=\"product:retailer_item_id\" content=\"ausklinker-mz-02-90f-a-e\" \/>\n<meta property=\"product:condition\" content=\"new\" \/>\n<!-- \/ Yoast SEO Premium plugin. -->","yoast_head_json":{"title":"Grandes encoches MZ 02 90F A E pour planches contreplaqu\u00e9es","description":"L'encocheuse de grande taille MZ 02 90F A E pour le contreplaqu\u00e9 en planches produit un angle int\u00e9rieur \u00e0 ar\u00eate vive. Haute pr\u00e9cision, course jusqu'\u00e0 220 mm ou plus.","robots":{"index":"index","follow":"follow","max-snippet":"max-snippet:-1","max-image-preview":"max-image-preview:large","max-video-preview":"max-video-preview:-1"},"canonical":"https:\/\/c-hessler.de\/fr\/boutique\/encoche-mz-02-90f-a-e\/","og_locale":"fr_FR","og_type":"article","og_title":"Gro\u00df-Ausklinker MZ 02 90F A E","og_description":"Der Gro\u00df-Ausklinker MZ 02 90F A E f\u00fcr Brettsperrholz erzeugt eine scharfkantige Innenecke. Hohe Genauigkeit, Hub bis 220 mm oder mehr.","og_url":"https:\/\/c-hessler.de\/fr\/boutique\/encoche-mz-02-90f-a-e\/","og_site_name":"Dr. Christoph He\u00dfler Maschinensysteme","article_publisher":"https:\/\/www.facebook.com\/DrChristophHesslerMaschinensysteme\/","article_modified_time":"2025-12-10T13:45:49+00:00","og_image":[{"width":2048,"height":1536,"url":"https:\/\/c-hessler.de\/wp-content\/uploads\/2017\/12\/P1010035-freigestellt.jpg","type":"image\/jpeg"}],"twitter_misc":{"Prix":"5.375,00&nbsp;&euro; ohne MwSt.","Disponibilit\u00e9":"En stock"},"schema":{"@context":"https:\/\/schema.org","@graph":[{"@type":"WebPage","@id":"https:\/\/c-hessler.de\/pl\/sklep\/notcher-mz-02-90f-a-e\/","url":"https:\/\/c-hessler.de\/pl\/sklep\/notcher-mz-02-90f-a-e\/","name":"Grandes encoches MZ 02 90F A E pour planches contreplaqu\u00e9es","isPartOf":{"@id":"https:\/\/c-hessler.de\/#website"},"primaryImageOfPage":{"@id":"https:\/\/c-hessler.de\/pl\/sklep\/notcher-mz-02-90f-a-e\/#primaryimage"},"image":{"@id":"https:\/\/c-hessler.de\/pl\/sklep\/notcher-mz-02-90f-a-e\/#primaryimage"},"thumbnailUrl":"https:\/\/c-hessler.de\/wp-content\/uploads\/2017\/12\/P1010035-freigestellt.jpg","datePublished":"2017-12-07T21:47:34+00:00","dateModified":"2025-12-10T13:45:49+00:00","description":"L'encocheuse de grande taille MZ 02 90F A E pour le contreplaqu\u00e9 en planches produit un angle int\u00e9rieur \u00e0 ar\u00eate vive. Haute pr\u00e9cision, course jusqu'\u00e0 220 mm ou plus.","breadcrumb":{"@id":"https:\/\/c-hessler.de\/pl\/sklep\/notcher-mz-02-90f-a-e\/#breadcrumb"},"inLanguage":"fr-FR","potentialAction":[{"@type":"ReadAction","target":["https:\/\/c-hessler.de\/pl\/sklep\/notcher-mz-02-90f-a-e\/"]}]},{"@type":"ImageObject","inLanguage":"fr-FR","@id":"https:\/\/c-hessler.de\/pl\/sklep\/notcher-mz-02-90f-a-e\/#primaryimage","url":"https:\/\/c-hessler.de\/wp-content\/uploads\/2017\/12\/P1010035-freigestellt.jpg","contentUrl":"https:\/\/c-hessler.de\/wp-content\/uploads\/2017\/12\/P1010035-freigestellt.jpg","width":2048,"height":1536,"caption":"F\u00fcr die Anwendung f\u00fcr 220mm Wandst\u00e4rke und mehr"},{"@type":"BreadcrumbList","@id":"https:\/\/c-hessler.de\/pl\/sklep\/notcher-mz-02-90f-a-e\/#breadcrumb","itemListElement":[{"@type":"ListItem","position":1,"name":"Produkte","item":"https:\/\/c-hessler.de\/produkte\/"},{"@type":"ListItem","position":2,"name":"Gro\u00df-Ausklinker MZ 02 90F A E"}]},{"@type":"WebSite","@id":"https:\/\/c-hessler.de\/#website","url":"https:\/\/c-hessler.de\/","name":"www.c-hessler.de","description":"","publisher":{"@id":"https:\/\/c-hessler.de\/#organization"},"potentialAction":[{"@type":"SearchAction","target":{"@type":"EntryPoint","urlTemplate":"https:\/\/c-hessler.de\/?s={search_term_string}"},"query-input":{"@type":"PropertyValueSpecification","valueRequired":true,"valueName":"search_term_string"}}],"inLanguage":"fr-FR"},{"@type":"Organization","@id":"https:\/\/c-hessler.de\/#organization","name":"Dr. Christoph He\u00dfler Syst\u00e8mes de machines","alternateName":"Dr. Christoph He\u00dfler Maschinensysteme","url":"https:\/\/c-hessler.de\/","logo":{"@type":"ImageObject","inLanguage":"fr-FR","@id":"https:\/\/c-hessler.de\/#\/schema\/logo\/image\/","url":"https:\/\/c-hessler.de\/wp-content\/uploads\/2026\/02\/Draw-03-150312-110115-Ausgeschnitten-I.jpg","contentUrl":"https:\/\/c-hessler.de\/wp-content\/uploads\/2026\/02\/Draw-03-150312-110115-Ausgeschnitten-I.jpg","width":445,"height":394,"caption":"Dr. Christoph He\u00dfler Maschinensysteme"},"image":{"@id":"https:\/\/c-hessler.de\/#\/schema\/logo\/image\/"},"sameAs":["https:\/\/www.facebook.com\/DrChristophHesslerMaschinensysteme\/","https:\/\/www.pinterest.de\/hesstools\/","https:\/\/www.youtube.com\/channel\/UCaNnXDGGF_BiYFQZ2kJgi-A?view_as=subscriber"],"description":"1. Ecken- und Kantenfr\u00e4sen f\u00fcr Tischler und Schreiner, Sonderanfertigungen 2. Auch f\u00fcr die Nachbearbeitung von Eck-Schwei\u00dfn\u00e4hten bei Aluminium-Werkstoffen, f\u00fcr Fahrzeugbauer oder Metallbauer aller Art","email":"christoph.hessler@c-hessler.de","telephone":"0527413012080","legalName":"Dr. Christoph He\u00dfler Maschinensysteme","foundingDate":"2003-06-05","vatID":"DE230070107","numberOfEmployees":{"@type":"QuantitativeValue","minValue":"1","maxValue":"10"}}]},"og_video":"https:\/\/www.youtube.com\/embed\/r7KxTJPhFGw","og_video_type":"text\/html","og_video_duration":"120","og_video_width":"480","og_video_height":"270","ya_ovs_adult":"false","ya_ovs_upload_date":"2017-12-07T21:47:34+00:00","ya_ovs_allow_embed":"true","product_price_amount":"5375.00","product_price_currency":"EUR","og_availability":"instock","product_availability":"instock","product_retailer_item_id":"ausklinker-mz-02-90f-a-e","product_condition":"new"},"_links":{"self":[{"href":"https:\/\/c-hessler.de\/fr\/wp-json\/wp\/v2\/product\/10928","targetHints":{"allow":["GET"]}}],"collection":[{"href":"https:\/\/c-hessler.de\/fr\/wp-json\/wp\/v2\/product"}],"about":[{"href":"https:\/\/c-hessler.de\/fr\/wp-json\/wp\/v2\/types\/product"}],"replies":[{"embeddable":true,"href":"https:\/\/c-hessler.de\/fr\/wp-json\/wp\/v2\/comments?post=10928"}],"wp:featuredmedia":[{"embeddable":true,"href":"https:\/\/c-hessler.de\/fr\/wp-json\/wp\/v2\/media\/10929"}],"wp:attachment":[{"href":"https:\/\/c-hessler.de\/fr\/wp-json\/wp\/v2\/media?parent=10928"}],"wp:term":[{"taxonomy":"product_brand","embeddable":true,"href":"https:\/\/c-hessler.de\/fr\/wp-json\/wp\/v2\/product_brand?post=10928"},{"taxonomy":"product_cat","embeddable":true,"href":"https:\/\/c-hessler.de\/fr\/wp-json\/wp\/v2\/product_cat?post=10928"},{"taxonomy":"product_tag","embeddable":true,"href":"https:\/\/c-hessler.de\/fr\/wp-json\/wp\/v2\/product_tag?post=10928"}],"curies":[{"name":"wp","href":"https:\/\/api.w.org\/{rel}","templated":true}]}}