{"id":206206,"date":"2021-01-21T17:57:37","date_gmt":"2021-01-21T16:57:37","guid":{"rendered":"https:\/\/c-hessler.de\/?post_type=product&#038;p=206206"},"modified":"2025-12-10T19:42:07","modified_gmt":"2025-12-10T18:42:07","slug":"fraiseuse-de-soudure-mz-100-160v","status":"publish","type":"product","link":"https:\/\/c-hessler.de\/fr\/shop\/schweissnaht-fraeser-mz-100-160v\/","title":{"rendered":"Fraise \u00e0 souder MZ 100 160V"},"content":{"rendered":"<div class=\"wp-block-columns are-vertically-aligned-center is-layout-flex wp-container-core-columns-is-layout-28f84493 wp-block-columns-is-layout-flex\">\n<div class=\"wp-block-column is-vertically-aligned-center is-layout-flow wp-block-column-is-layout-flow\">\n<p class=\"title has-text-color\" style=\"color:#131315\">Mobile, rapide et flexible<\/p>\n\n\n\n<h3 class=\"wp-block-heading\">Ce que peut faire la fraise de soudure :<\/h3>\n\n\n\n<ul class=\"wp-block-list\">\n<li>Fraisage \u00e0 ras des sur\u00e9paisseurs de soudure<\/li>\n\n\n\n<li>Fraisage pr\u00e9cis gr\u00e2ce \u00e0 la mise en place d'un palier de but\u00e9e ou d'une but\u00e9e<\/li>\n\n\n\n<li>R\u00e9duire la part de pon\u00e7age<\/li>\n\n\n\n<li>R\u00e9duction de la poussi\u00e8re de pon\u00e7age<\/li>\n<\/ul>\n<\/div>\n\n\n\n<div class=\"wp-block-column is-vertically-aligned-center is-layout-flow wp-block-column-is-layout-flow\" style=\"flex-basis:60%\">\n<figure class=\"wp-block-boldblocks-youtube-block\"><div id=\"yb-video-17tf-Yf4vK0\" class=\"yb-player\" data-video-id=\"17tf-Yf4vK0\" data-title=\"Play\" style=\"background-image:url(https:\/\/img.youtube.com\/vi\/17tf-Yf4vK0\/hqdefault.jpg)\"><button type=\"button\" class=\"yb-btn-play\"><span class=\"visually-hidden\">Jouer<\/span><\/button><\/div><figcaption class=\"yb-caption\">Fraises \u00e0 souder pour l'aluminium sur les coins et les bords<\/figcaption><\/figure>\n<\/div>\n<\/div>\n\n\n\n<div class=\"wp-block-columns are-vertically-aligned-center is-layout-flex wp-container-core-columns-is-layout-28f84493 wp-block-columns-is-layout-flex\">\n<div class=\"wp-block-column is-vertically-aligned-center is-layout-flow wp-block-column-is-layout-flow\">\n<figure class=\"wp-block-boldblocks-youtube-block\"><div id=\"yb-video-tX5uGW3IqzI\" class=\"yb-player\" data-video-id=\"tX5uGW3IqzI\" data-title=\"Play\" style=\"background-image:url(https:\/\/img.youtube.com\/vi\/tX5uGW3IqzI\/hqdefault.jpg)\"><button type=\"button\" class=\"yb-btn-play\"><span class=\"visually-hidden\">Jouer<\/span><\/button><\/div><\/figure>\n<\/div>\n\n\n\n<div class=\"wp-block-column is-vertically-aligned-center is-layout-flow wp-block-column-is-layout-flow\" style=\"flex-basis:60%\">\n<p><strong>La but\u00e9e longue et la bague de but\u00e9e sur roulement \u00e0 billes de la fraise permettent d'\u00e9liminer les d\u00e9passements et de fraiser \u00e0 ras.<\/strong>.<\/p>\n\n\n\n<ul class=\"wp-block-list\">\n<li>Les but\u00e9es peuvent \u00eatre adapt\u00e9es de mani\u00e8re variable \u00e0 la g\u00e9om\u00e9trie de la pi\u00e8ce \u00e0 usiner<\/li>\n\n\n\n<li>La poussi\u00e8re de pon\u00e7age est supprim\u00e9e, car seul le fraisage est effectu\u00e9<\/li>\n\n\n\n<li>Avec son entra\u00eenement pneumatique, la fraise pour cordon de soudure est tr\u00e8s l\u00e9g\u00e8re.<\/li>\n\n\n\n<li>Possibilit\u00e9 d'\u00e9quipement avec moteur \u00e9lectrique.<\/li>\n<\/ul>\n\n\n\n<p>Le prix s'applique \u00e0 la version standard comme illustr\u00e9e. Ex\u00e9cutions et but\u00e9es sp\u00e9ciales sur demande, t\u00e9l. : national : 05741 3012080, international +49 5741 3012080La r\u00e9duction du bruit est le but du tuyau d'air. La fraiseuse de chants premium KF 400 TOP est plus silencieuse qu'une d\u00e9fonceuse \u00e9lectrique ou une fraiseuse de chants \u00e9lectrique.<\/p>\n<\/div>\n<\/div>\n\n\n\n<div style=\"height:30px\" aria-hidden=\"true\" class=\"wp-block-spacer\"><\/div>","protected":false},"excerpt":{"rendered":"<p>La fraise pour cordon de soudure MZ 100 160V a \u00e9t\u00e9 con\u00e7ue comme une alternative au pon\u00e7age des cordons de soudure.<\/p>\n<p><strong>La but\u00e9e longue et la bague de but\u00e9e sur roulement \u00e0 billes de la fraise permettent d'\u00e9liminer les d\u00e9passements et de fraiser \u00e0 ras.<\/strong>.<\/p>\n<p>Le prix s'applique \u00e0 la version standard comme illustr\u00e9e. Ex\u00e9cutions et but\u00e9es sp\u00e9ciales sur demande, t\u00e9l. : national : 05741 3012080, international +49 5741 3012080<\/p>","protected":false},"featured_media":10491,"comment_status":"open","ping_status":"closed","template":"","meta":[],"product_brand":[],"product_cat":[114],"product_tag":[38,39],"class_list":{"0":"post-206206","1":"product","2":"type-product","3":"status-publish","4":"has-post-thumbnail","6":"product_cat-metall","7":"product_tag-handgefuehrt","8":"product_tag-innenecken","10":"first","11":"instock","12":"sold-individually","13":"taxable","14":"shipping-taxable","15":"purchasable","16":"product-type-simple"},"yoast_head":"<!-- This site is optimized with the Yoast SEO Premium plugin v27.0 (Yoast SEO v27.4) - https:\/\/yoast.com\/product\/yoast-seo-premium-wordpress\/ -->\n<title>Schwei\u00dfnaht-Fr\u00e4ser MZ 100 f\u00fcr Aluminium und Metalle<\/title>\n<meta name=\"description\" content=\"Der Schwei\u00dfnaht-Fr\u00e4ser f\u00fcr Aluminium und Metalle g\u00e4ttet \u00fcberstehende Schwei\u00dfn\u00e4hte. Wesentlich schneller als Schleifen und ohne Schleifstaub.\" \/>\n<meta name=\"robots\" content=\"index, follow, max-snippet:-1, max-image-preview:large, max-video-preview:-1\" \/>\n<link rel=\"canonical\" href=\"https:\/\/c-hessler.de\/fr\/boutique\/fraiseuse-de-soudure-mz-100-160v\/\" \/>\n<meta property=\"og:locale\" content=\"fr_FR\" \/>\n<meta property=\"og:type\" content=\"article\" \/>\n<meta property=\"og:title\" content=\"Schwei\u00dfnaht-Fr\u00e4ser MZ 100 160V\" \/>\n<meta property=\"og:description\" content=\"Der Schwei\u00dfnaht-Fr\u00e4ser f\u00fcr Aluminium und Metalle g\u00e4ttet \u00fcberstehende Schwei\u00dfn\u00e4hte. Wesentlich schneller als Schleifen und ohne Schleifstaub.\" \/>\n<meta property=\"og:url\" content=\"https:\/\/c-hessler.de\/fr\/boutique\/fraiseuse-de-soudure-mz-100-160v\/\" \/>\n<meta property=\"og:site_name\" content=\"Dr. Christoph He\u00dfler Maschinensysteme\" \/>\n<meta property=\"article:publisher\" content=\"https:\/\/www.facebook.com\/DrChristophHesslerMaschinensysteme\/\" \/>\n<meta property=\"article:modified_time\" content=\"2025-12-10T18:42:07+00:00\" \/>\n<meta property=\"og:image\" content=\"https:\/\/c-hessler.de\/wp-content\/uploads\/2016\/02\/IMG_6521_DxO.jpg\" \/>\n\t<meta property=\"og:image:width\" content=\"900\" \/>\n\t<meta property=\"og:image:height\" content=\"599\" \/>\n\t<meta property=\"og:image:type\" content=\"image\/jpeg\" \/>\n<meta name=\"twitter:label1\" content=\"Prix\" \/>\n\t<meta name=\"twitter:data1\" content=\"830,00&nbsp;&euro; ohne MwSt.\" \/>\n\t<meta name=\"twitter:label2\" content=\"Disponibilit\u00e9\" \/>\n\t<meta name=\"twitter:data2\" content=\"En stock\" \/>\n<script type=\"application\/ld+json\" class=\"yoast-schema-graph\">{\"@context\":\"https:\\\/\\\/schema.org\",\"@graph\":[{\"@type\":\"WebPage\",\"@id\":\"https:\\\/\\\/c-hessler.de\\\/pl\\\/sklep\\\/spaw-fraeser-mz-100-160v\\\/\",\"url\":\"https:\\\/\\\/c-hessler.de\\\/pl\\\/sklep\\\/spaw-fraeser-mz-100-160v\\\/\",\"name\":\"Schwei\u00dfnaht-Fr\u00e4ser MZ 100 f\u00fcr Aluminium und Metalle\",\"isPartOf\":{\"@id\":\"https:\\\/\\\/c-hessler.de\\\/#website\"},\"primaryImageOfPage\":{\"@id\":\"https:\\\/\\\/c-hessler.de\\\/pl\\\/sklep\\\/spaw-fraeser-mz-100-160v\\\/#primaryimage\"},\"image\":{\"@id\":\"https:\\\/\\\/c-hessler.de\\\/pl\\\/sklep\\\/spaw-fraeser-mz-100-160v\\\/#primaryimage\"},\"thumbnailUrl\":\"https:\\\/\\\/c-hessler.de\\\/wp-content\\\/uploads\\\/2016\\\/02\\\/IMG_6521_DxO.jpg\",\"datePublished\":\"2021-01-21T16:57:37+00:00\",\"dateModified\":\"2025-12-10T18:42:07+00:00\",\"description\":\"Der Schwei\u00dfnaht-Fr\u00e4ser f\u00fcr Aluminium und Metalle g\u00e4ttet \u00fcberstehende Schwei\u00dfn\u00e4hte. Wesentlich schneller als Schleifen und ohne Schleifstaub.\",\"breadcrumb\":{\"@id\":\"https:\\\/\\\/c-hessler.de\\\/pl\\\/sklep\\\/spaw-fraeser-mz-100-160v\\\/#breadcrumb\"},\"inLanguage\":\"fr-FR\",\"potentialAction\":[{\"@type\":\"ReadAction\",\"target\":[\"https:\\\/\\\/c-hessler.de\\\/pl\\\/sklep\\\/spaw-fraeser-mz-100-160v\\\/\"]}]},{\"@type\":\"ImageObject\",\"inLanguage\":\"fr-FR\",\"@id\":\"https:\\\/\\\/c-hessler.de\\\/pl\\\/sklep\\\/spaw-fraeser-mz-100-160v\\\/#primaryimage\",\"url\":\"https:\\\/\\\/c-hessler.de\\\/wp-content\\\/uploads\\\/2016\\\/02\\\/IMG_6521_DxO.jpg\",\"contentUrl\":\"https:\\\/\\\/c-hessler.de\\\/wp-content\\\/uploads\\\/2016\\\/02\\\/IMG_6521_DxO.jpg\",\"width\":900,\"height\":599,\"caption\":\"B\u00fcndigfr\u00e4ser mit Anlauflager wird angetrieben von hochwertigem Druckluft-Motor.\"},{\"@type\":\"BreadcrumbList\",\"@id\":\"https:\\\/\\\/c-hessler.de\\\/pl\\\/sklep\\\/spaw-fraeser-mz-100-160v\\\/#breadcrumb\",\"itemListElement\":[{\"@type\":\"ListItem\",\"position\":1,\"name\":\"Produkte\",\"item\":\"https:\\\/\\\/c-hessler.de\\\/produkte\\\/\"},{\"@type\":\"ListItem\",\"position\":2,\"name\":\"Schwei\u00dfnaht-Fr\u00e4ser MZ 100 160V\"}]},{\"@type\":\"WebSite\",\"@id\":\"https:\\\/\\\/c-hessler.de\\\/#website\",\"url\":\"https:\\\/\\\/c-hessler.de\\\/\",\"name\":\"www.c-hessler.de\",\"description\":\"\",\"publisher\":{\"@id\":\"https:\\\/\\\/c-hessler.de\\\/#organization\"},\"potentialAction\":[{\"@type\":\"SearchAction\",\"target\":{\"@type\":\"EntryPoint\",\"urlTemplate\":\"https:\\\/\\\/c-hessler.de\\\/?s={search_term_string}\"},\"query-input\":{\"@type\":\"PropertyValueSpecification\",\"valueRequired\":true,\"valueName\":\"search_term_string\"}}],\"inLanguage\":\"fr-FR\"},{\"@type\":\"Organization\",\"@id\":\"https:\\\/\\\/c-hessler.de\\\/#organization\",\"name\":\"Dr. Christoph He\u00dfler Maschinensysteme\",\"alternateName\":\"Dr. Christoph He\u00dfler Maschinensysteme\",\"url\":\"https:\\\/\\\/c-hessler.de\\\/\",\"logo\":{\"@type\":\"ImageObject\",\"inLanguage\":\"fr-FR\",\"@id\":\"https:\\\/\\\/c-hessler.de\\\/#\\\/schema\\\/logo\\\/image\\\/\",\"url\":\"https:\\\/\\\/c-hessler.de\\\/wp-content\\\/uploads\\\/2026\\\/02\\\/Draw-03-150312-110115-Ausgeschnitten-I.jpg\",\"contentUrl\":\"https:\\\/\\\/c-hessler.de\\\/wp-content\\\/uploads\\\/2026\\\/02\\\/Draw-03-150312-110115-Ausgeschnitten-I.jpg\",\"width\":445,\"height\":394,\"caption\":\"Dr. Christoph He\u00dfler Maschinensysteme\"},\"image\":{\"@id\":\"https:\\\/\\\/c-hessler.de\\\/#\\\/schema\\\/logo\\\/image\\\/\"},\"sameAs\":[\"https:\\\/\\\/www.facebook.com\\\/DrChristophHesslerMaschinensysteme\\\/\",\"https:\\\/\\\/www.pinterest.de\\\/hesstools\\\/\",\"https:\\\/\\\/www.youtube.com\\\/channel\\\/UCaNnXDGGF_BiYFQZ2kJgi-A?view_as=subscriber\"],\"description\":\"1. Ecken- und Kantenfr\u00e4sen f\u00fcr Tischler und Schreiner, Sonderanfertigungen 2. Auch f\u00fcr die Nachbearbeitung von Eck-Schwei\u00dfn\u00e4hten bei Aluminium-Werkstoffen, f\u00fcr Fahrzeugbauer oder Metallbauer aller Art\",\"email\":\"christoph.hessler@c-hessler.de\",\"telephone\":\"0527413012080\",\"legalName\":\"Dr. Christoph He\u00dfler Maschinensysteme\",\"foundingDate\":\"2003-06-05\",\"vatID\":\"DE230070107\",\"numberOfEmployees\":{\"@type\":\"QuantitativeValue\",\"minValue\":\"1\",\"maxValue\":\"10\"}}]}<\/script>\n<meta property=\"og:video\" content=\"https:\/\/www.youtube.com\/embed\/17tf-Yf4vK0\" \/>\n<meta property=\"og:video:type\" content=\"text\/html\" \/>\n<meta property=\"og:video:duration\" content=\"88\" \/>\n<meta property=\"og:video:width\" content=\"480\" \/>\n<meta property=\"og:video:height\" content=\"270\" \/>\n<meta property=\"ya:ovs:adult\" content=\"false\" \/>\n<meta property=\"ya:ovs:upload_date\" content=\"2021-01-21T16:57:37+00:00\" \/>\n<meta property=\"ya:ovs:allow_embed\" content=\"true\" \/>\n<meta property=\"product:price:amount\" content=\"830.00\" \/>\n<meta property=\"product:price:currency\" content=\"EUR\" \/>\n<meta property=\"og:availability\" content=\"instock\" \/>\n<meta property=\"product:availability\" content=\"instock\" \/>\n<meta property=\"product:retailer_item_id\" content=\"schweissnaht-fraeser-mz-100-160v\" \/>\n<meta property=\"product:condition\" content=\"new\" \/>\n<!-- \/ Yoast SEO Premium plugin. -->","yoast_head_json":{"title":"Fraise \u00e0 souder MZ 100 pour l'aluminium et les m\u00e9taux","description":"La fraise pour joints de soudure pour l'aluminium et les m\u00e9taux aplanit les joints de soudure qui d\u00e9passent. Beaucoup plus rapide que le pon\u00e7age et sans poussi\u00e8re de pon\u00e7age.","robots":{"index":"index","follow":"follow","max-snippet":"max-snippet:-1","max-image-preview":"max-image-preview:large","max-video-preview":"max-video-preview:-1"},"canonical":"https:\/\/c-hessler.de\/fr\/boutique\/fraiseuse-de-soudure-mz-100-160v\/","og_locale":"fr_FR","og_type":"article","og_title":"Schwei\u00dfnaht-Fr\u00e4ser MZ 100 160V","og_description":"Der Schwei\u00dfnaht-Fr\u00e4ser f\u00fcr Aluminium und Metalle g\u00e4ttet \u00fcberstehende Schwei\u00dfn\u00e4hte. Wesentlich schneller als Schleifen und ohne Schleifstaub.","og_url":"https:\/\/c-hessler.de\/fr\/boutique\/fraiseuse-de-soudure-mz-100-160v\/","og_site_name":"Dr. Christoph He\u00dfler Maschinensysteme","article_publisher":"https:\/\/www.facebook.com\/DrChristophHesslerMaschinensysteme\/","article_modified_time":"2025-12-10T18:42:07+00:00","og_image":[{"width":900,"height":599,"url":"https:\/\/c-hessler.de\/wp-content\/uploads\/2016\/02\/IMG_6521_DxO.jpg","type":"image\/jpeg"}],"twitter_misc":{"Prix":"830,00&nbsp;&euro; ohne MwSt.","Disponibilit\u00e9":"En stock"},"schema":{"@context":"https:\/\/schema.org","@graph":[{"@type":"WebPage","@id":"https:\/\/c-hessler.de\/pl\/sklep\/spaw-fraeser-mz-100-160v\/","url":"https:\/\/c-hessler.de\/pl\/sklep\/spaw-fraeser-mz-100-160v\/","name":"Fraise \u00e0 souder MZ 100 pour l'aluminium et les m\u00e9taux","isPartOf":{"@id":"https:\/\/c-hessler.de\/#website"},"primaryImageOfPage":{"@id":"https:\/\/c-hessler.de\/pl\/sklep\/spaw-fraeser-mz-100-160v\/#primaryimage"},"image":{"@id":"https:\/\/c-hessler.de\/pl\/sklep\/spaw-fraeser-mz-100-160v\/#primaryimage"},"thumbnailUrl":"https:\/\/c-hessler.de\/wp-content\/uploads\/2016\/02\/IMG_6521_DxO.jpg","datePublished":"2021-01-21T16:57:37+00:00","dateModified":"2025-12-10T18:42:07+00:00","description":"La fraise pour joints de soudure pour l'aluminium et les m\u00e9taux aplanit les joints de soudure qui d\u00e9passent. Beaucoup plus rapide que le pon\u00e7age et sans poussi\u00e8re de pon\u00e7age.","breadcrumb":{"@id":"https:\/\/c-hessler.de\/pl\/sklep\/spaw-fraeser-mz-100-160v\/#breadcrumb"},"inLanguage":"fr-FR","potentialAction":[{"@type":"ReadAction","target":["https:\/\/c-hessler.de\/pl\/sklep\/spaw-fraeser-mz-100-160v\/"]}]},{"@type":"ImageObject","inLanguage":"fr-FR","@id":"https:\/\/c-hessler.de\/pl\/sklep\/spaw-fraeser-mz-100-160v\/#primaryimage","url":"https:\/\/c-hessler.de\/wp-content\/uploads\/2016\/02\/IMG_6521_DxO.jpg","contentUrl":"https:\/\/c-hessler.de\/wp-content\/uploads\/2016\/02\/IMG_6521_DxO.jpg","width":900,"height":599,"caption":"B\u00fcndigfr\u00e4ser mit Anlauflager wird angetrieben von hochwertigem Druckluft-Motor."},{"@type":"BreadcrumbList","@id":"https:\/\/c-hessler.de\/pl\/sklep\/spaw-fraeser-mz-100-160v\/#breadcrumb","itemListElement":[{"@type":"ListItem","position":1,"name":"Produkte","item":"https:\/\/c-hessler.de\/produkte\/"},{"@type":"ListItem","position":2,"name":"Schwei\u00dfnaht-Fr\u00e4ser MZ 100 160V"}]},{"@type":"WebSite","@id":"https:\/\/c-hessler.de\/#website","url":"https:\/\/c-hessler.de\/","name":"www.c-hessler.de","description":"","publisher":{"@id":"https:\/\/c-hessler.de\/#organization"},"potentialAction":[{"@type":"SearchAction","target":{"@type":"EntryPoint","urlTemplate":"https:\/\/c-hessler.de\/?s={search_term_string}"},"query-input":{"@type":"PropertyValueSpecification","valueRequired":true,"valueName":"search_term_string"}}],"inLanguage":"fr-FR"},{"@type":"Organization","@id":"https:\/\/c-hessler.de\/#organization","name":"Dr. Christoph He\u00dfler Syst\u00e8mes de machines","alternateName":"Dr. Christoph He\u00dfler Maschinensysteme","url":"https:\/\/c-hessler.de\/","logo":{"@type":"ImageObject","inLanguage":"fr-FR","@id":"https:\/\/c-hessler.de\/#\/schema\/logo\/image\/","url":"https:\/\/c-hessler.de\/wp-content\/uploads\/2026\/02\/Draw-03-150312-110115-Ausgeschnitten-I.jpg","contentUrl":"https:\/\/c-hessler.de\/wp-content\/uploads\/2026\/02\/Draw-03-150312-110115-Ausgeschnitten-I.jpg","width":445,"height":394,"caption":"Dr. Christoph He\u00dfler Maschinensysteme"},"image":{"@id":"https:\/\/c-hessler.de\/#\/schema\/logo\/image\/"},"sameAs":["https:\/\/www.facebook.com\/DrChristophHesslerMaschinensysteme\/","https:\/\/www.pinterest.de\/hesstools\/","https:\/\/www.youtube.com\/channel\/UCaNnXDGGF_BiYFQZ2kJgi-A?view_as=subscriber"],"description":"1. Ecken- und Kantenfr\u00e4sen f\u00fcr Tischler und Schreiner, Sonderanfertigungen 2. Auch f\u00fcr die Nachbearbeitung von Eck-Schwei\u00dfn\u00e4hten bei Aluminium-Werkstoffen, f\u00fcr Fahrzeugbauer oder Metallbauer aller Art","email":"christoph.hessler@c-hessler.de","telephone":"0527413012080","legalName":"Dr. Christoph He\u00dfler Maschinensysteme","foundingDate":"2003-06-05","vatID":"DE230070107","numberOfEmployees":{"@type":"QuantitativeValue","minValue":"1","maxValue":"10"}}]},"og_video":"https:\/\/www.youtube.com\/embed\/17tf-Yf4vK0","og_video_type":"text\/html","og_video_duration":"88","og_video_width":"480","og_video_height":"270","ya_ovs_adult":"false","ya_ovs_upload_date":"2021-01-21T16:57:37+00:00","ya_ovs_allow_embed":"true","product_price_amount":"830.00","product_price_currency":"EUR","og_availability":"instock","product_availability":"instock","product_retailer_item_id":"schweissnaht-fraeser-mz-100-160v","product_condition":"new"},"_links":{"self":[{"href":"https:\/\/c-hessler.de\/fr\/wp-json\/wp\/v2\/product\/206206","targetHints":{"allow":["GET"]}}],"collection":[{"href":"https:\/\/c-hessler.de\/fr\/wp-json\/wp\/v2\/product"}],"about":[{"href":"https:\/\/c-hessler.de\/fr\/wp-json\/wp\/v2\/types\/product"}],"replies":[{"embeddable":true,"href":"https:\/\/c-hessler.de\/fr\/wp-json\/wp\/v2\/comments?post=206206"}],"wp:featuredmedia":[{"embeddable":true,"href":"https:\/\/c-hessler.de\/fr\/wp-json\/wp\/v2\/media\/10491"}],"wp:attachment":[{"href":"https:\/\/c-hessler.de\/fr\/wp-json\/wp\/v2\/media?parent=206206"}],"wp:term":[{"taxonomy":"product_brand","embeddable":true,"href":"https:\/\/c-hessler.de\/fr\/wp-json\/wp\/v2\/product_brand?post=206206"},{"taxonomy":"product_cat","embeddable":true,"href":"https:\/\/c-hessler.de\/fr\/wp-json\/wp\/v2\/product_cat?post=206206"},{"taxonomy":"product_tag","embeddable":true,"href":"https:\/\/c-hessler.de\/fr\/wp-json\/wp\/v2\/product_tag?post=206206"}],"curies":[{"name":"wp","href":"https:\/\/api.w.org\/{rel}","templated":true}]}}