{"id":206349,"date":"2022-06-21T19:35:57","date_gmt":"2022-06-21T17:35:57","guid":{"rendered":"https:\/\/c-hessler.de\/?post_type=product&#038;p=206349"},"modified":"2025-12-09T17:09:41","modified_gmt":"2025-12-09T16:09:41","slug":"fraiseuse-de-bords-a-air-comprime-kf-400-iii","status":"publish","type":"product","link":"https:\/\/c-hessler.de\/fr\/shop\/kantenfraese-mit-druckluft-kf-400-iii\/","title":{"rendered":"Chanfreineuse \u00e0 air comprim\u00e9 KF 400 III"},"content":{"rendered":"<div class=\"wp-block-columns are-vertically-aligned-center is-layout-flex wp-container-core-columns-is-layout-28f84493 wp-block-columns-is-layout-flex\">\n<div class=\"wp-block-column is-vertically-aligned-center is-layout-flow wp-block-column-is-layout-flow\">\n<p class=\"title has-text-color\" style=\"color:#131315\">Les robustes chanfreineuses pneumatiques<\/p>\n\n\n\n<p>Il n'y a pas de fraiseuse de chant plus l\u00e9g\u00e8re qu'une fraiseuse de chant \u00e0 air comprim\u00e9. C'est justement lorsque la main et le bras commencent \u00e0 \u00eatre douloureux parce qu'il faut travailler longtemps ou avec d\u00e9licatesse avec la fraiseuse de chants que l'entra\u00eenement \u00e0 air comprim\u00e9 ne peut pas \u00eatre surpass\u00e9. Ce type de fraiseuse de chants \u00e0 air comprim\u00e9 est souvent appel\u00e9 fraiseuse \u00e0 lamelles par les menuisiers et les \u00e9b\u00e9nistes.<\/p>\n\n\n\n<p>C'est pourquoi He\u00dfler a \u00e9largi sa gamme de chanfreineuses pneumatiques avec la KF 400 III. Elle dispose d'un entra\u00eenement pneumatique \u00e9prouv\u00e9 et convainc par ses performances et sa maniabilit\u00e9.<\/p>\n\n\n\n<ul class=\"wp-block-list\">\n<li>Entra\u00eenement pneumatique\n<ul class=\"wp-block-list\">\n<li>Pince de serrage jusqu'\u00e0 la tige 8 mm<\/li>\n\n\n\n<li>max. 24.000 tr\/min, vitesse r\u00e9glable<\/li>\n\n\n\n<li>max. 6 bar, environ 600 l\/min +1 goutte d'huile\/min<\/li>\n<\/ul>\n<\/li>\n\n\n\n<li>Table\n<ul class=\"wp-block-list\">\n<li>En m\u00e9tal<\/li>\n\n\n\n<li>Support de pi\u00e8ce \u00e9pais et robuste<\/li>\n<\/ul>\n<\/li>\n\n\n\n<li>Fraise\n<ul class=\"wp-block-list\">\n<li>Avec palier de but\u00e9e<\/li>\n\n\n\n<li>Fraise diam\u00e8tre max. 28 mm<\/li>\n<\/ul>\n<\/li>\n<\/ul>\n<\/div>\n\n\n\n<div class=\"wp-block-column is-vertically-aligned-center is-layout-flow wp-block-column-is-layout-flow\" style=\"flex-basis:60%\">\n<figure class=\"wp-block-image size-large\"><img fetchpriority=\"high\" decoding=\"async\" width=\"1024\" height=\"576\" src=\"https:\/\/c-hessler.de\/wp-content\/uploads\/2022\/07\/20220715_133904-verpixelt--1024x576.jpg\" alt=\"Foire Holz-Handwerk 2022\" class=\"wp-image-206365\"\/><figcaption class=\"wp-element-caption\">Salon Holz-Handwerk 2022 \u00e0 Nuremberg<\/figcaption><\/figure>\n\n\n\n<p><\/p>\n<\/div>\n<\/div>\n\n\n\n<div style=\"height:30px\" aria-hidden=\"true\" class=\"wp-block-spacer\"><\/div>\n\n\n\n<div class=\"wp-block-columns are-vertically-aligned-center is-layout-flex wp-container-core-columns-is-layout-28f84493 wp-block-columns-is-layout-flex\">\n<div class=\"wp-block-column is-vertically-aligned-center is-layout-flow wp-block-column-is-layout-flow\">\n<figure class=\"wp-block-image size-large\"><img decoding=\"async\" width=\"1024\" height=\"576\" src=\"https:\/\/c-hessler.de\/wp-content\/uploads\/2022\/07\/20220712_100501-1024x576.jpg\" alt=\"La fraiseuse de chants pneumatique KF 400 III est disponible \u00e0 l&#039;essai au salon Holz-Handwerk de Nuremberg.\" class=\"wp-image-206367\" srcset=\"https:\/\/c-hessler.de\/wp-content\/uploads\/2022\/07\/20220712_100501-1024x576.jpg 1024w, https:\/\/c-hessler.de\/wp-content\/uploads\/2022\/07\/20220712_100501-300x169.jpg 300w, https:\/\/c-hessler.de\/wp-content\/uploads\/2022\/07\/20220712_100501-768x432.jpg 768w, https:\/\/c-hessler.de\/wp-content\/uploads\/2022\/07\/20220712_100501-1536x864.jpg 1536w, https:\/\/c-hessler.de\/wp-content\/uploads\/2022\/07\/20220712_100501-2048x1152.jpg 2048w, https:\/\/c-hessler.de\/wp-content\/uploads\/2022\/07\/20220712_100501-1080x608.jpg 1080w, https:\/\/c-hessler.de\/wp-content\/uploads\/2022\/07\/20220712_100501-1280x720.jpg 1280w, https:\/\/c-hessler.de\/wp-content\/uploads\/2022\/07\/20220712_100501-980x551.jpg 980w, https:\/\/c-hessler.de\/wp-content\/uploads\/2022\/07\/20220712_100501-480x270.jpg 480w, https:\/\/c-hessler.de\/wp-content\/uploads\/2022\/07\/20220712_100501-800x450.jpg 800w, https:\/\/c-hessler.de\/wp-content\/uploads\/2022\/07\/20220712_100501-scaled-150x84.jpg 150w\" sizes=\"(max-width: 1024px) 100vw, 1024px\" \/><figcaption class=\"wp-element-caption\">La fraiseuse de chants pneumatique KF 400 III au salon Holz-Handwerk 2022 \u00e0 Nuremberg<\/figcaption><\/figure>\n<\/div>\n\n\n\n<div class=\"wp-block-column is-vertically-aligned-center is-layout-flow wp-block-column-is-layout-flow\" style=\"flex-basis:40%\">\n<p class=\"title has-text-color\" style=\"color:#131315\">La fraiseuse de chants pneumatique KF 400 III peut \u00e9galement \u00eatre \u00e9quip\u00e9e d'une fraise \u00e0 plaquettes r\u00e9versibles. Si l'air d'\u00e9vacuation devait g\u00eaner le travail, un guide d'air d'\u00e9vacuation est disponible en option. Il permet d'\u00e9vacuer l'air vici\u00e9 sur le c\u00f4t\u00e9.<\/p>\n\n\n\n<p>En cas d'utilisation intensive, une unit\u00e9 d'entretien est n\u00e9cessaire ou un lubrificateur plac\u00e9 en amont pour que suffisamment d'huile soit introduite dans le moteur (environ 1 goutte\/minute). Pour le d\u00e9marrage, une petite bouteille d'huile avec une description de la sp\u00e9cification de l'huile est jointe \u00e0 la livraison.<\/p>\n\n\n\n<p>Pour chaque fraiseuse de bords pneumatique, un conseil relatif \u00e0 chaque cas d'application est propos\u00e9, t\u00e9l. : +49 (0)5741 3012080.<\/p>\n\n\n\n<p>Dr. Christoph He\u00dfler Syst\u00e8mes de machines<\/p>\n\n\n\n<p>32312 L\u00fcbbecke<\/p>\n\n\n\n<p>www.c-hessler.de<\/p>\n<\/div>\n<\/div>\n\n\n\n<div style=\"height:30px\" aria-hidden=\"true\" class=\"wp-block-spacer\"><\/div>\n\n\n\n<div class=\"wp-block-columns are-vertically-aligned-center is-layout-flex wp-container-core-columns-is-layout-28f84493 wp-block-columns-is-layout-flex\">\n<div class=\"wp-block-column is-vertically-aligned-center is-layout-flow wp-block-column-is-layout-flow\">\n<h2 class=\"wp-block-heading title has-text-color\" id=\"h-merkmale-zum-system\" style=\"color:#131315\"><strong>Caract\u00e9ristiques du syst\u00e8me<\/strong><\/h2>\n\n\n\n<h5 class=\"wp-block-heading title has-text-color\" id=\"h-anwendungsgebiet\" style=\"color:#131315\">Domaine d'application<\/h5>\n\n\n\n<p class=\"title has-text-color\" style=\"color:#131315\">Les affleureuses pneumatiques KF 400 III sont l\u00e9g\u00e8res et faciles \u00e0 manier par rapport aux affleureuses \u00e9lectriques. Le domaine d'application typique est le chanfreinage ou l'arrondissement de bandes de chant en plastique d\u00e9j\u00e0 frais\u00e9es \u00e0 fleur ou sur des panneaux. La fraise peut \u00eatre utilis\u00e9e pour le bois et le plastique jusqu'\u00e0 3 mm de chanfrein ou de rayon.<\/p>\n\n\n\n<h5 class=\"wp-block-heading\" id=\"h-funktion-und-bedienung\">Fonctionnement et utilisation<\/h5>\n\n\n\n<p>La fraiseuse de chants KF 400 III a une poign\u00e9e ergonomique. Elle se laisse bien guider avec une fraise \u00e0 palier de but\u00e9e et sur la plaque de base massive.  Nous proposons aux utilisateurs professionnels un test gratuit et sans engagement.<\/p>\n\n\n\n<h5 class=\"wp-block-heading\" id=\"h-preis\">Prix<\/h5>\n\n\n\n<ul class=\"wp-block-list\">\n<li>1 semaine d'essai gratuit et sans engagement<\/li>\n\n\n\n<li>Prix voir ci-dessus<\/li>\n<\/ul>\n\n\n\n<h5 class=\"wp-block-heading\" id=\"h-technische-voraussetzungen\">Conditions techniques<\/h5>\n\n\n\n<p>Pour le fonctionnement, il est n\u00e9cessaire d'ajouter r\u00e9guli\u00e8rement de l'huile pour appareil \u00e0 air comprim\u00e9. En cas d'utilisation sporadique, cela peut se faire en versant directement de l'huile dans la fiche de raccordement d'air comprim\u00e9 ou, en cas d'utilisation permanente, en utilisant une unit\u00e9 d'entretien r\u00e9gl\u00e9e sur 1 goutte d'huile par minute.<\/p>\n\n\n\n<h5 class=\"wp-block-heading\" id=\"h-lieferumfang\">Contenu de la livraison<\/h5>\n\n\n\n<p>La fraiseuse de chants pneumatique KF 400 III est livr\u00e9e en standard avec une fraise R2 \u00e0 montage fixe. La fraise est mont\u00e9e et test\u00e9e. De plus, un flacon d'huile pour appareil \u00e0 air comprim\u00e9 est fourni.<\/p>\n<\/div>\n\n\n\n<div class=\"wp-block-column is-vertically-aligned-center is-layout-flow wp-block-column-is-layout-flow\" style=\"flex-basis:60%\">\n<figure class=\"wp-block-image size-large\"><img decoding=\"async\" width=\"768\" height=\"1024\" src=\"https:\/\/c-hessler.de\/wp-content\/uploads\/2022\/07\/C.-Hessler-Kantenrunder-KF-400-III-1594-4-zu-3-768x1024.jpg\" alt=\"La fraiseuse de bords KF 400 III fraise rapidement les angles\" class=\"wp-image-206359\"\/><figcaption class=\"wp-element-caption\">La fraiseuse de bords KF 400 III fraise rapidement les angles.<\/figcaption><\/figure>\n\n\n\n<p><\/p>\n<\/div>\n<\/div>\n\n\n\n<div style=\"height:30px\" aria-hidden=\"true\" class=\"wp-block-spacer\"><\/div>","protected":false},"excerpt":{"rendered":"<p class=\"western\">La fraiseuse de bords pneumatique KF 400 III a un moteur pneumatique robuste<b>. <\/b>Elle est beaucoup plus maniable qu'une fraiseuse d'ar\u00eates \u00e9lectrique. Elle est tr\u00e8s bien adapt\u00e9e aux travaux d'\u00e9bavurage\/de chanfreinage\/d'arrondissement. Similaire \u00e0 l'ancienne Lamello Profila Pro ou Wegoma DKF32, elle peut \u00eatre conseill\u00e9e au num\u00e9ro de t\u00e9l\u00e9phone 05741 3012080 ou au num\u00e9ro international +49 5741 3012080.<\/p>\n<p>Avec le KF 400 III, vous obtenez un <strong>produit \u00e9prouv\u00e9 pour une utilisation robuste <\/strong>avec poign\u00e9e ergonomique et r\u00e9glage de la vitesse de rotation. Pince de serrage pour tige 8mm.<\/p>","protected":false},"featured_media":206352,"comment_status":"open","ping_status":"closed","template":"","meta":[],"product_brand":[],"product_cat":[58],"product_tag":[38,45,40],"class_list":{"0":"post-206349","1":"product","2":"type-product","3":"status-publish","4":"has-post-thumbnail","6":"product_cat-handgefuehrte-maschinen","7":"product_tag-handgefuehrt","8":"product_tag-kanten","9":"product_tag-pneumatischer-antrieb","11":"first","12":"instock","13":"taxable","14":"shipping-taxable","15":"purchasable","16":"product-type-simple"},"yoast_head":"<!-- This site is optimized with the Yoast SEO Premium plugin v27.0 (Yoast SEO v27.4) - https:\/\/yoast.com\/product\/yoast-seo-premium-wordpress\/ -->\n<title>Kantenfr\u00e4se mit Druckluft mit montiertem Fr\u00e4ser, \u00e4hnlich Lamello<\/title>\n<meta name=\"description\" content=\"Die Kantenfr\u00e4se KF 400 III wird mit Druckluft angetrieben. \u00c4hnlich zur fr\u00fcheren Lamello Profila Pro. Die Fr\u00e4se hat Schaft 8 mm.\" \/>\n<meta name=\"robots\" content=\"index, follow, max-snippet:-1, max-image-preview:large, max-video-preview:-1\" \/>\n<link rel=\"canonical\" href=\"https:\/\/c-hessler.de\/fr\/boutique\/fraiseuse-de-bords-a-air-comprime-kf-400-iii\/\" \/>\n<meta property=\"og:locale\" content=\"fr_FR\" \/>\n<meta property=\"og:type\" content=\"article\" \/>\n<meta property=\"og:title\" content=\"Kantenfr\u00e4se mit Druckluft KF 400 III\" \/>\n<meta property=\"og:description\" content=\"Die Kantenfr\u00e4se KF 400 III wird mit Druckluft angetrieben. \u00c4hnlich zur fr\u00fcheren Lamello Profila Pro. Die Fr\u00e4se hat Schaft 8 mm.\" \/>\n<meta property=\"og:url\" content=\"https:\/\/c-hessler.de\/fr\/boutique\/fraiseuse-de-bords-a-air-comprime-kf-400-iii\/\" \/>\n<meta property=\"og:site_name\" content=\"Dr. Christoph He\u00dfler Maschinensysteme\" \/>\n<meta property=\"article:publisher\" content=\"https:\/\/www.facebook.com\/DrChristophHesslerMaschinensysteme\/\" \/>\n<meta property=\"article:modified_time\" content=\"2025-12-09T16:09:41+00:00\" \/>\n<meta property=\"og:image\" content=\"https:\/\/c-hessler.de\/wp-content\/uploads\/2022\/06\/P1010024freigestellt.jpg\" \/>\n\t<meta property=\"og:image:width\" content=\"1600\" \/>\n\t<meta property=\"og:image:height\" content=\"1200\" \/>\n\t<meta property=\"og:image:type\" content=\"image\/jpeg\" \/>\n<meta name=\"twitter:label1\" content=\"Prix\" \/>\n\t<meta name=\"twitter:data1\" content=\"490,00&nbsp;&euro; ohne MwSt.\" \/>\n\t<meta name=\"twitter:label2\" content=\"Disponibilit\u00e9\" \/>\n\t<meta name=\"twitter:data2\" content=\"En stock\" \/>\n<script type=\"application\/ld+json\" class=\"yoast-schema-graph\">{\"@context\":\"https:\\\/\\\/schema.org\",\"@graph\":[{\"@type\":\"WebPage\",\"@id\":\"https:\\\/\\\/c-hessler.de\\\/shop\\\/kantenfraese-mit-druckluft-kf-400-iii\\\/\",\"url\":\"https:\\\/\\\/c-hessler.de\\\/shop\\\/kantenfraese-mit-druckluft-kf-400-iii\\\/\",\"name\":\"Kantenfr\u00e4se mit Druckluft mit montiertem Fr\u00e4ser, \u00e4hnlich Lamello\",\"isPartOf\":{\"@id\":\"https:\\\/\\\/c-hessler.de\\\/#website\"},\"primaryImageOfPage\":{\"@id\":\"https:\\\/\\\/c-hessler.de\\\/shop\\\/kantenfraese-mit-druckluft-kf-400-iii\\\/#primaryimage\"},\"image\":{\"@id\":\"https:\\\/\\\/c-hessler.de\\\/shop\\\/kantenfraese-mit-druckluft-kf-400-iii\\\/#primaryimage\"},\"thumbnailUrl\":\"https:\\\/\\\/c-hessler.de\\\/wp-content\\\/uploads\\\/2022\\\/06\\\/P1010024freigestellt.jpg\",\"datePublished\":\"2022-06-21T17:35:57+00:00\",\"dateModified\":\"2025-12-09T16:09:41+00:00\",\"description\":\"Die Kantenfr\u00e4se KF 400 III wird mit Druckluft angetrieben. \u00c4hnlich zur fr\u00fcheren Lamello Profila Pro. Die Fr\u00e4se hat Schaft 8 mm.\",\"breadcrumb\":{\"@id\":\"https:\\\/\\\/c-hessler.de\\\/shop\\\/kantenfraese-mit-druckluft-kf-400-iii\\\/#breadcrumb\"},\"inLanguage\":\"fr-FR\",\"potentialAction\":[{\"@type\":\"ReadAction\",\"target\":[\"https:\\\/\\\/c-hessler.de\\\/shop\\\/kantenfraese-mit-druckluft-kf-400-iii\\\/\"]}]},{\"@type\":\"ImageObject\",\"inLanguage\":\"fr-FR\",\"@id\":\"https:\\\/\\\/c-hessler.de\\\/shop\\\/kantenfraese-mit-druckluft-kf-400-iii\\\/#primaryimage\",\"url\":\"https:\\\/\\\/c-hessler.de\\\/wp-content\\\/uploads\\\/2022\\\/06\\\/P1010024freigestellt.jpg\",\"contentUrl\":\"https:\\\/\\\/c-hessler.de\\\/wp-content\\\/uploads\\\/2022\\\/06\\\/P1010024freigestellt.jpg\",\"width\":1600,\"height\":1200,\"caption\":\"Kantenfr\u00e4se KF 400 III\"},{\"@type\":\"BreadcrumbList\",\"@id\":\"https:\\\/\\\/c-hessler.de\\\/shop\\\/kantenfraese-mit-druckluft-kf-400-iii\\\/#breadcrumb\",\"itemListElement\":[{\"@type\":\"ListItem\",\"position\":1,\"name\":\"Produkte\",\"item\":\"https:\\\/\\\/c-hessler.de\\\/produkte\\\/\"},{\"@type\":\"ListItem\",\"position\":2,\"name\":\"Kantenfr\u00e4se mit Druckluft KF 400 III\"}]},{\"@type\":\"WebSite\",\"@id\":\"https:\\\/\\\/c-hessler.de\\\/#website\",\"url\":\"https:\\\/\\\/c-hessler.de\\\/\",\"name\":\"www.c-hessler.de\",\"description\":\"\",\"publisher\":{\"@id\":\"https:\\\/\\\/c-hessler.de\\\/#organization\"},\"potentialAction\":[{\"@type\":\"SearchAction\",\"target\":{\"@type\":\"EntryPoint\",\"urlTemplate\":\"https:\\\/\\\/c-hessler.de\\\/?s={search_term_string}\"},\"query-input\":{\"@type\":\"PropertyValueSpecification\",\"valueRequired\":true,\"valueName\":\"search_term_string\"}}],\"inLanguage\":\"fr-FR\"},{\"@type\":\"Organization\",\"@id\":\"https:\\\/\\\/c-hessler.de\\\/#organization\",\"name\":\"Dr. Christoph He\u00dfler Maschinensysteme\",\"alternateName\":\"Dr. Christoph He\u00dfler Maschinensysteme\",\"url\":\"https:\\\/\\\/c-hessler.de\\\/\",\"logo\":{\"@type\":\"ImageObject\",\"inLanguage\":\"fr-FR\",\"@id\":\"https:\\\/\\\/c-hessler.de\\\/#\\\/schema\\\/logo\\\/image\\\/\",\"url\":\"https:\\\/\\\/c-hessler.de\\\/wp-content\\\/uploads\\\/2026\\\/02\\\/Draw-03-150312-110115-Ausgeschnitten-I.jpg\",\"contentUrl\":\"https:\\\/\\\/c-hessler.de\\\/wp-content\\\/uploads\\\/2026\\\/02\\\/Draw-03-150312-110115-Ausgeschnitten-I.jpg\",\"width\":445,\"height\":394,\"caption\":\"Dr. Christoph He\u00dfler Maschinensysteme\"},\"image\":{\"@id\":\"https:\\\/\\\/c-hessler.de\\\/#\\\/schema\\\/logo\\\/image\\\/\"},\"sameAs\":[\"https:\\\/\\\/www.facebook.com\\\/DrChristophHesslerMaschinensysteme\\\/\",\"https:\\\/\\\/www.pinterest.de\\\/hesstools\\\/\",\"https:\\\/\\\/www.youtube.com\\\/channel\\\/UCaNnXDGGF_BiYFQZ2kJgi-A?view_as=subscriber\"],\"description\":\"1. Ecken- und Kantenfr\u00e4sen f\u00fcr Tischler und Schreiner, Sonderanfertigungen 2. Auch f\u00fcr die Nachbearbeitung von Eck-Schwei\u00dfn\u00e4hten bei Aluminium-Werkstoffen, f\u00fcr Fahrzeugbauer oder Metallbauer aller Art\",\"email\":\"christoph.hessler@c-hessler.de\",\"telephone\":\"0527413012080\",\"legalName\":\"Dr. Christoph He\u00dfler Maschinensysteme\",\"foundingDate\":\"2003-06-05\",\"vatID\":\"DE230070107\",\"numberOfEmployees\":{\"@type\":\"QuantitativeValue\",\"minValue\":\"1\",\"maxValue\":\"10\"}}]}<\/script>\n<meta property=\"product:price:amount\" content=\"490.00\" \/>\n<meta property=\"product:price:currency\" content=\"EUR\" \/>\n<meta property=\"og:availability\" content=\"instock\" \/>\n<meta property=\"product:availability\" content=\"instock\" \/>\n<meta property=\"product:retailer_item_id\" content=\"kantenfraese-mit-druckluft-kf-400-iii\" \/>\n<meta property=\"product:condition\" content=\"new\" \/>\n<!-- \/ Yoast SEO Premium plugin. -->","yoast_head_json":{"title":"Fraiseuse de bords \u00e0 air comprim\u00e9 avec fraise mont\u00e9e, similaire \u00e0 Lamello","description":"La fraiseuse de chants KF 400 III est entra\u00een\u00e9e par air comprim\u00e9. Elle est similaire \u00e0 l'ancienne Lamello Profila Pro. La fraise a une tige de 8 mm.","robots":{"index":"index","follow":"follow","max-snippet":"max-snippet:-1","max-image-preview":"max-image-preview:large","max-video-preview":"max-video-preview:-1"},"canonical":"https:\/\/c-hessler.de\/fr\/boutique\/fraiseuse-de-bords-a-air-comprime-kf-400-iii\/","og_locale":"fr_FR","og_type":"article","og_title":"Kantenfr\u00e4se mit Druckluft KF 400 III","og_description":"Die Kantenfr\u00e4se KF 400 III wird mit Druckluft angetrieben. \u00c4hnlich zur fr\u00fcheren Lamello Profila Pro. Die Fr\u00e4se hat Schaft 8 mm.","og_url":"https:\/\/c-hessler.de\/fr\/boutique\/fraiseuse-de-bords-a-air-comprime-kf-400-iii\/","og_site_name":"Dr. Christoph He\u00dfler Maschinensysteme","article_publisher":"https:\/\/www.facebook.com\/DrChristophHesslerMaschinensysteme\/","article_modified_time":"2025-12-09T16:09:41+00:00","og_image":[{"width":1600,"height":1200,"url":"https:\/\/c-hessler.de\/wp-content\/uploads\/2022\/06\/P1010024freigestellt.jpg","type":"image\/jpeg"}],"twitter_misc":{"Prix":"490,00&nbsp;&euro; ohne MwSt.","Disponibilit\u00e9":"En stock"},"schema":{"@context":"https:\/\/schema.org","@graph":[{"@type":"WebPage","@id":"https:\/\/c-hessler.de\/shop\/kantenfraese-mit-druckluft-kf-400-iii\/","url":"https:\/\/c-hessler.de\/shop\/kantenfraese-mit-druckluft-kf-400-iii\/","name":"Fraiseuse de bords \u00e0 air comprim\u00e9 avec fraise mont\u00e9e, similaire \u00e0 Lamello","isPartOf":{"@id":"https:\/\/c-hessler.de\/#website"},"primaryImageOfPage":{"@id":"https:\/\/c-hessler.de\/shop\/kantenfraese-mit-druckluft-kf-400-iii\/#primaryimage"},"image":{"@id":"https:\/\/c-hessler.de\/shop\/kantenfraese-mit-druckluft-kf-400-iii\/#primaryimage"},"thumbnailUrl":"https:\/\/c-hessler.de\/wp-content\/uploads\/2022\/06\/P1010024freigestellt.jpg","datePublished":"2022-06-21T17:35:57+00:00","dateModified":"2025-12-09T16:09:41+00:00","description":"La fraiseuse de chants KF 400 III est entra\u00een\u00e9e par air comprim\u00e9. Elle est similaire \u00e0 l'ancienne Lamello Profila Pro. La fraise a une tige de 8 mm.","breadcrumb":{"@id":"https:\/\/c-hessler.de\/shop\/kantenfraese-mit-druckluft-kf-400-iii\/#breadcrumb"},"inLanguage":"fr-FR","potentialAction":[{"@type":"ReadAction","target":["https:\/\/c-hessler.de\/shop\/kantenfraese-mit-druckluft-kf-400-iii\/"]}]},{"@type":"ImageObject","inLanguage":"fr-FR","@id":"https:\/\/c-hessler.de\/shop\/kantenfraese-mit-druckluft-kf-400-iii\/#primaryimage","url":"https:\/\/c-hessler.de\/wp-content\/uploads\/2022\/06\/P1010024freigestellt.jpg","contentUrl":"https:\/\/c-hessler.de\/wp-content\/uploads\/2022\/06\/P1010024freigestellt.jpg","width":1600,"height":1200,"caption":"Kantenfr\u00e4se KF 400 III"},{"@type":"BreadcrumbList","@id":"https:\/\/c-hessler.de\/shop\/kantenfraese-mit-druckluft-kf-400-iii\/#breadcrumb","itemListElement":[{"@type":"ListItem","position":1,"name":"Produkte","item":"https:\/\/c-hessler.de\/produkte\/"},{"@type":"ListItem","position":2,"name":"Kantenfr\u00e4se mit Druckluft KF 400 III"}]},{"@type":"WebSite","@id":"https:\/\/c-hessler.de\/#website","url":"https:\/\/c-hessler.de\/","name":"www.c-hessler.de","description":"","publisher":{"@id":"https:\/\/c-hessler.de\/#organization"},"potentialAction":[{"@type":"SearchAction","target":{"@type":"EntryPoint","urlTemplate":"https:\/\/c-hessler.de\/?s={search_term_string}"},"query-input":{"@type":"PropertyValueSpecification","valueRequired":true,"valueName":"search_term_string"}}],"inLanguage":"fr-FR"},{"@type":"Organization","@id":"https:\/\/c-hessler.de\/#organization","name":"Dr. Christoph He\u00dfler Syst\u00e8mes de machines","alternateName":"Dr. Christoph He\u00dfler Maschinensysteme","url":"https:\/\/c-hessler.de\/","logo":{"@type":"ImageObject","inLanguage":"fr-FR","@id":"https:\/\/c-hessler.de\/#\/schema\/logo\/image\/","url":"https:\/\/c-hessler.de\/wp-content\/uploads\/2026\/02\/Draw-03-150312-110115-Ausgeschnitten-I.jpg","contentUrl":"https:\/\/c-hessler.de\/wp-content\/uploads\/2026\/02\/Draw-03-150312-110115-Ausgeschnitten-I.jpg","width":445,"height":394,"caption":"Dr. Christoph He\u00dfler Maschinensysteme"},"image":{"@id":"https:\/\/c-hessler.de\/#\/schema\/logo\/image\/"},"sameAs":["https:\/\/www.facebook.com\/DrChristophHesslerMaschinensysteme\/","https:\/\/www.pinterest.de\/hesstools\/","https:\/\/www.youtube.com\/channel\/UCaNnXDGGF_BiYFQZ2kJgi-A?view_as=subscriber"],"description":"1. Ecken- und Kantenfr\u00e4sen f\u00fcr Tischler und Schreiner, Sonderanfertigungen 2. Auch f\u00fcr die Nachbearbeitung von Eck-Schwei\u00dfn\u00e4hten bei Aluminium-Werkstoffen, f\u00fcr Fahrzeugbauer oder Metallbauer aller Art","email":"christoph.hessler@c-hessler.de","telephone":"0527413012080","legalName":"Dr. Christoph He\u00dfler Maschinensysteme","foundingDate":"2003-06-05","vatID":"DE230070107","numberOfEmployees":{"@type":"QuantitativeValue","minValue":"1","maxValue":"10"}}]},"product_price_amount":"490.00","product_price_currency":"EUR","og_availability":"instock","product_availability":"instock","product_retailer_item_id":"kantenfraese-mit-druckluft-kf-400-iii","product_condition":"new"},"_links":{"self":[{"href":"https:\/\/c-hessler.de\/fr\/wp-json\/wp\/v2\/product\/206349","targetHints":{"allow":["GET"]}}],"collection":[{"href":"https:\/\/c-hessler.de\/fr\/wp-json\/wp\/v2\/product"}],"about":[{"href":"https:\/\/c-hessler.de\/fr\/wp-json\/wp\/v2\/types\/product"}],"replies":[{"embeddable":true,"href":"https:\/\/c-hessler.de\/fr\/wp-json\/wp\/v2\/comments?post=206349"}],"wp:featuredmedia":[{"embeddable":true,"href":"https:\/\/c-hessler.de\/fr\/wp-json\/wp\/v2\/media\/206352"}],"wp:attachment":[{"href":"https:\/\/c-hessler.de\/fr\/wp-json\/wp\/v2\/media?parent=206349"}],"wp:term":[{"taxonomy":"product_brand","embeddable":true,"href":"https:\/\/c-hessler.de\/fr\/wp-json\/wp\/v2\/product_brand?post=206349"},{"taxonomy":"product_cat","embeddable":true,"href":"https:\/\/c-hessler.de\/fr\/wp-json\/wp\/v2\/product_cat?post=206349"},{"taxonomy":"product_tag","embeddable":true,"href":"https:\/\/c-hessler.de\/fr\/wp-json\/wp\/v2\/product_tag?post=206349"}],"curies":[{"name":"wp","href":"https:\/\/api.w.org\/{rel}","templated":true}]}}