{"id":206621,"date":"2023-05-18T15:52:32","date_gmt":"2023-05-18T13:52:32","guid":{"rendered":"https:\/\/c-hessler.de\/?post_type=product&#038;p=206621"},"modified":"2025-12-30T04:14:51","modified_gmt":"2025-12-30T03:14:51","slug":"allwinkel-fraiseuse-dextremite-mz-100-160v-h","status":"publish","type":"product","link":"https:\/\/c-hessler.de\/fr\/shop\/allwinkel-buendigfraeser-mz-100-160v-h\/","title":{"rendered":"Fraise \u00e0 affleurer tous les angles MZ 100 160V H"},"content":{"rendered":"<div style=\"height:30px\" aria-hidden=\"true\" class=\"wp-block-spacer\"><\/div>\n\n\n\n<div class=\"wp-block-columns are-vertically-aligned-center is-layout-flex wp-container-core-columns-is-layout-28f84493 wp-block-columns-is-layout-flex\">\n<div class=\"wp-block-column is-layout-flow wp-block-column-is-layout-flow\">\n<div class=\"wp-block-columns is-layout-flex wp-container-core-columns-is-layout-28f84493 wp-block-columns-is-layout-flex\">\n<div class=\"wp-block-column is-layout-flow wp-block-column-is-layout-flow\">\n<p>Le principe de travail<br><\/p>\n\n\n\n<figure class=\"wp-block-image alignwide size-full\"><img fetchpriority=\"high\" decoding=\"async\" width=\"1091\" height=\"600\" src=\"https:\/\/c-hessler.de\/wp-content\/uploads\/2023\/05\/Screenshot-2022-04-04-184259-e1684341417946.jpg\" alt=\"\" class=\"wp-image-206600\" srcset=\"https:\/\/c-hessler.de\/wp-content\/uploads\/2023\/05\/Screenshot-2022-04-04-184259-e1684341417946.jpg 1091w, https:\/\/c-hessler.de\/wp-content\/uploads\/2023\/05\/Screenshot-2022-04-04-184259-e1684341417946-300x165.jpg 300w, https:\/\/c-hessler.de\/wp-content\/uploads\/2023\/05\/Screenshot-2022-04-04-184259-e1684341417946-1024x563.jpg 1024w, https:\/\/c-hessler.de\/wp-content\/uploads\/2023\/05\/Screenshot-2022-04-04-184259-e1684341417946-768x422.jpg 768w, https:\/\/c-hessler.de\/wp-content\/uploads\/2023\/05\/Screenshot-2022-04-04-184259-e1684341417946-1080x594.jpg 1080w, https:\/\/c-hessler.de\/wp-content\/uploads\/2023\/05\/Screenshot-2022-04-04-184259-e1684341417946-800x440.jpg 800w, https:\/\/c-hessler.de\/wp-content\/uploads\/2023\/05\/Screenshot-2022-04-04-184259-e1684341417946-150x82.jpg 150w\" sizes=\"(max-width: 1091px) 100vw, 1091px\" \/><\/figure>\n\n\n\n<p>Le principe de travail est bas\u00e9 sur le\u00a0<a href=\"https:\/\/c-hessler.de\/fr\/boutique\/fraiseuse-dextremite-pour-chants-colles-sur-elements-de-meubles-en-bois\/\">Fraise \u00e0 affleurer standard et y est d\u00e9crite<\/a>.<\/p>\n<\/div>\n\n\n\n<div class=\"wp-block-column is-layout-flow wp-block-column-is-layout-flow\">\n<p>L'application sur une pi\u00e8ce complexe<\/p>\n\n\n\n<figure class=\"wp-block-image alignwide size-full\"><img decoding=\"async\" width=\"1067\" height=\"800\" src=\"https:\/\/c-hessler.de\/wp-content\/uploads\/2023\/05\/P1000693-scaled-e1684259419217.jpg\" alt=\"Fraise \u00e0 affleurer H avec pi\u00e8ce \u00e0 usiner 1\" class=\"wp-image-206584\" srcset=\"https:\/\/c-hessler.de\/wp-content\/uploads\/2023\/05\/P1000693-scaled-e1684259419217.jpg 1067w, https:\/\/c-hessler.de\/wp-content\/uploads\/2023\/05\/P1000693-scaled-e1684259419217-300x225.jpg 300w, https:\/\/c-hessler.de\/wp-content\/uploads\/2023\/05\/P1000693-scaled-e1684259419217-1024x768.jpg 1024w, https:\/\/c-hessler.de\/wp-content\/uploads\/2023\/05\/P1000693-scaled-e1684259419217-768x576.jpg 768w, https:\/\/c-hessler.de\/wp-content\/uploads\/2023\/05\/P1000693-scaled-e1684259419217-510x382.jpg 510w, https:\/\/c-hessler.de\/wp-content\/uploads\/2023\/05\/P1000693-scaled-e1684259419217-800x600.jpg 800w, https:\/\/c-hessler.de\/wp-content\/uploads\/2023\/05\/P1000693-scaled-e1684259419217-150x112.jpg 150w\" sizes=\"(max-width: 1067px) 100vw, 1067px\" \/><\/figure>\n<\/div>\n<\/div>\n<\/div>\n<\/div>\n\n\n\n<div class=\"wp-block-columns are-vertically-aligned-center is-layout-flex wp-container-core-columns-is-layout-28f84493 wp-block-columns-is-layout-flex\">\n<div class=\"wp-block-column is-layout-flow wp-block-column-is-layout-flow\">\n<div class=\"wp-block-columns is-layout-flex wp-container-core-columns-is-layout-28f84493 wp-block-columns-is-layout-flex\">\n<div class=\"wp-block-column is-layout-flow wp-block-column-is-layout-flow\">\n<p><strong>L'histoire derri\u00e8re la fraise \u00e0 affleurer H<\/strong><\/p>\n\n\n\n<div style=\"height:13px\" aria-hidden=\"true\" class=\"wp-block-spacer\"><\/div>\n\n\n\n<p><em>R\u00e9cit g\u00e9n\u00e9r\u00e9 par l'IA (intelligence artificielle) sur la base de donn\u00e9es r\u00e9elles et retravaill\u00e9 par l'intelligence humaine. Nous d\u00e9montrons ainsi ce qui est possible avec de nouvelles m\u00e9thodes et que nous les utilisons en tant qu'entreprise pour nos clients :<\/em><\/p>\n\n\n\n<div style=\"height:16px\" aria-hidden=\"true\" class=\"wp-block-spacer\"><\/div>\n\n\n\n<p>Un fabricant de caravanes et de camping-cars avait un collaborateur agile et engag\u00e9 dans la pr\u00e9paration du travail. Ce collaborateur, dont nous avons chang\u00e9 le nom et que nous appelons ici Henry, cherchait depuis longtemps un moyen de simplifier les processus internes.<\/p>\n\n\n\n<p>En cherchant sur Internet, Henry est tomb\u00e9 sur l'entreprise Dr Christoph He\u00dfler Maschinensysteme (CHM HESSLER), qui avait d\u00e9velopp\u00e9 la fraise \u00e0 affleurer innovante. Impressionn\u00e9 par l'expertise et l'engagement de CHM HESSLER, Henry a pris contact et a entam\u00e9 des \u00e9changes intensifs. Henry a rapidement per\u00e7u le potentiel d'une nouvelle fraise pour la production de caravanes et de camping-cars. Il pouvait imaginer avec vivacit\u00e9 comment l'utilisation de cet outil innovant am\u00e9liorerait la qualit\u00e9 du travail tout en r\u00e9duisant le temps de production. Sa passion pour son travail l'a pouss\u00e9 \u00e0 trouver une solution pour int\u00e9grer la nouvelle fraise dans l'entreprise.<\/p>\n\n\n\n<p>Il s'est d'abord av\u00e9r\u00e9 que le&nbsp;<a href=\"https:\/\/c-hessler.de\/fr\/boutique\/allwinkel-fraiseuse-dextremite-mz-100-160v\/\" target=\"_blank\" rel=\"noreferrer noopener\">fraises \u00e0 affleurer existantes<\/a>&nbsp;ne pouvait pas usiner toutes les pi\u00e8ces dont le constructeur de caravanes avait besoin. Une fois les exigences clarifi\u00e9es, CHM HESSLER a d\u00e9velopp\u00e9 une variante sp\u00e9ciale H de la fraise \u00e0 affleurer qui r\u00e9pondait aux besoins de l'entreprise. Henry a donn\u00e9 des informations importantes sur le d\u00e9veloppement de cette variante et a travaill\u00e9 en \u00e9troite collaboration avec le bureau d'\u00e9tudes de CHM HESSLER et les collaborateurs de la production. Il s'est ainsi assur\u00e9 que la nouvelle fraise \u00e0 affleurer \u00e9tait parfaitement adapt\u00e9e aux besoins du constructeur de caravanes.<\/p>\n\n\n\n<p>Pendant toute la dur\u00e9e du projet, Henry portait un masque en raison de la p\u00e9riode Corona, ce qui rendait son visage inconnu de CHM HESSLER. Malgr\u00e9 cette barri\u00e8re physique, il a continu\u00e9 \u00e0 travailler en \u00e9troite collaboration avec CHM HESSLER pour discuter et mettre en \u0153uvre des concepts, des modifications, des missions d'essai et des \u00e9l\u00e9ments de protection.<\/p>\n\n\n\n<p>Lorsque la fraise \u00e0 affleurer H a finalement \u00e9t\u00e9 introduite avec succ\u00e8s, le constructeur de caravanes \u00e9tait ravi de la qualit\u00e9 et de la pr\u00e9cision qu'elle permettait. Les employ\u00e9s \u00e9taient reconnaissants de l'engagement d'Henry et ont adopt\u00e9 la nouvelle fraise avec enthousiasme. Les processus de production sont devenus plus efficaces et le travail a \u00e9t\u00e9 facilit\u00e9, ce qui a entra\u00een\u00e9 une augmentation de la satisfaction et de la motivation parmi les employ\u00e9s.<\/p>\n\n\n\n<p>Apr\u00e8s le lancement r\u00e9ussi de l'affleureuse H, Henry a finalement eu l'occasion de rendre visite \u00e0 CHM HESSLER sur son stand et de la rencontrer personnellement. \u00catre accueilli sans masque a symbolis\u00e9 l'aboutissement d'un projet commun et le succ\u00e8s de la collaboration entre le constructeur de caravanes et CHM HESSLER. Henry m\u00e9rite d'\u00eatre reconnu pour son r\u00f4le pr\u00e9cieux dans le lancement de la fraise \u00e0 affleurer H.<\/p>\n\n\n\n<p>L'histoire de la fraise \u00e0 affleurer H et de la collaboration entre Henry pour le constructeur de caravanes et CHM HESSLER souligne l'importance des partenariats, de l'innovation et de l'adaptabilit\u00e9. Elle montre comment un engagement commun et une collaboration peuvent conduire \u00e0 de nouvelles solutions, m\u00eame dans des p\u00e9riodes de d\u00e9fi comme la pand\u00e9mie de Corona.<\/p>\n<\/div>\n\n\n\n<div class=\"wp-block-column is-layout-flow wp-block-column-is-layout-flow\">\n<p><\/p>\n\n\n\n<figure class=\"wp-block-image size-large\"><img decoding=\"async\" width=\"1024\" height=\"768\" src=\"https:\/\/c-hessler.de\/wp-content\/uploads\/2023\/05\/P1000669-scaled-e1684259824625-1024x768.jpg\" alt=\"\" class=\"wp-image-206587\" srcset=\"https:\/\/c-hessler.de\/wp-content\/uploads\/2023\/05\/P1000669-scaled-e1684259824625-1024x768.jpg 1024w, https:\/\/c-hessler.de\/wp-content\/uploads\/2023\/05\/P1000669-scaled-e1684259824625-300x225.jpg 300w, https:\/\/c-hessler.de\/wp-content\/uploads\/2023\/05\/P1000669-scaled-e1684259824625-768x576.jpg 768w, https:\/\/c-hessler.de\/wp-content\/uploads\/2023\/05\/P1000669-scaled-e1684259824625-510x382.jpg 510w, https:\/\/c-hessler.de\/wp-content\/uploads\/2023\/05\/P1000669-scaled-e1684259824625-800x600.jpg 800w, https:\/\/c-hessler.de\/wp-content\/uploads\/2023\/05\/P1000669-scaled-e1684259824625-150x112.jpg 150w, https:\/\/c-hessler.de\/wp-content\/uploads\/2023\/05\/P1000669-scaled-e1684259824625.jpg 1067w\" sizes=\"(max-width: 1024px) 100vw, 1024px\" \/><\/figure>\n\n\n\n<h4 class=\"wp-block-heading\" id=\"h-was-der-allwinkel-bundigfraser-h-kann\">Ce que la fraise \u00e0 affleurer tous angles H peut faire :<\/h4>\n\n\n\n<ul class=\"wp-block-list\">\n<li>Affleurer le d\u00e9passement de la bande de chant sur les pi\u00e8ces pr\u00e9sentant des entailles et des renflements<\/li>\n\n\n\n<li>R\u00e9glage rapide de la but\u00e9e centrale pour s'adapter \u00e0 la g\u00e9om\u00e9trie de la pi\u00e8ce \u00e0 usiner<\/li>\n\n\n\n<li>R\u00e9glage rapide de la but\u00e9e avant avec bloc de fixation<\/li>\n\n\n\n<li>Changement rapide entre diff\u00e9rents angles sans r\u00e9glage<\/li>\n\n\n\n<li>R\u00e9sultat de fraisage propre<\/li>\n<\/ul>\n<\/div>\n<\/div>\n\n\n\n<p><\/p>\n<\/div>\n<\/div>","protected":false},"excerpt":{"rendered":"<p>La fraise \u00e0 affleurer tous angles H permet d'affleurer les d\u00e9passements de chants frontaux. Contrairement \u00e0 la <a href=\"https:\/\/c-hessler.de\/fr\/boutique\/allwinkel-fraiseuse-dextremite-mz-100-160v\/\">Fraises \u00e0 affleurer standard<\/a> la variante H permet d'usiner des pi\u00e8ces complexes. Convient tr\u00e8s bien pour les pi\u00e8ces dites \"puzzles\" et autres pi\u00e8ces sp\u00e9ciales. \u00c9prouv\u00e9 dans la fabrication de caravanes et de camping-cars. Il existe une version \u00e0 droite comme illustr\u00e9e et une version invers\u00e9e \u00e0 gauche.<\/p>\n<p>Nous sommes \u00e9galement \u00e0 votre disposition pour r\u00e9pondre \u00e0 vos questions par t\u00e9l\u00e9phone. T\u00e9l. : 05741 3012080, international : +49 5741 3012080<\/p>","protected":false},"featured_media":206577,"comment_status":"open","ping_status":"closed","template":"","meta":[],"product_brand":[],"product_cat":[58],"product_tag":[41,38,40],"class_list":{"0":"post-206621","1":"product","2":"type-product","3":"status-publish","4":"has-post-thumbnail","6":"product_cat-handgefuehrte-maschinen","7":"product_tag-aussenecken","8":"product_tag-handgefuehrt","9":"product_tag-pneumatischer-antrieb","11":"first","12":"instock","13":"sold-individually","14":"taxable","15":"shipping-taxable","16":"purchasable","17":"product-type-simple"},"yoast_head":"<!-- This site is optimized with the Yoast SEO Premium plugin v27.0 (Yoast SEO v27.4) - https:\/\/yoast.com\/product\/yoast-seo-premium-wordpress\/ -->\n<title>Allwinkel-B\u00fcndigfr\u00e4ser H von Dr. He\u00dfler Maschinensysteme<\/title>\n<meta name=\"description\" content=\"Mit dem Allwinkel-B\u00fcndigfr\u00e4ser H werden Kopf-Kanten von komplexen Teilen b\u00fcndig gefr\u00e4st. Sehr gut geeignet f\u00fcr Teile von Wohnwagen und Wohnmobilen.\" \/>\n<meta name=\"robots\" content=\"index, follow, max-snippet:-1, max-image-preview:large, max-video-preview:-1\" \/>\n<link rel=\"canonical\" href=\"https:\/\/c-hessler.de\/fr\/boutique\/allwinkel-fraiseuse-dextremite-mz-100-160v-h\/\" \/>\n<meta property=\"og:locale\" content=\"fr_FR\" \/>\n<meta property=\"og:type\" content=\"article\" \/>\n<meta property=\"og:title\" content=\"Allwinkel-B\u00fcndigfr\u00e4ser MZ 100 160V H\" \/>\n<meta property=\"og:description\" content=\"Mit dem Allwinkel-B\u00fcndigfr\u00e4ser H werden Kopf-Kanten von komplexen Teilen b\u00fcndig gefr\u00e4st. Sehr gut geeignet f\u00fcr Teile von Wohnwagen und Wohnmobilen.\" \/>\n<meta property=\"og:url\" content=\"https:\/\/c-hessler.de\/fr\/boutique\/allwinkel-fraiseuse-dextremite-mz-100-160v-h\/\" \/>\n<meta property=\"og:site_name\" content=\"Dr. Christoph He\u00dfler Maschinensysteme\" \/>\n<meta property=\"article:publisher\" content=\"https:\/\/www.facebook.com\/DrChristophHesslerMaschinensysteme\/\" \/>\n<meta property=\"article:modified_time\" content=\"2025-12-30T03:14:51+00:00\" \/>\n<meta property=\"og:image\" content=\"https:\/\/c-hessler.de\/wp-content\/uploads\/2023\/05\/P1010124-scaled-e1684256696780.jpg\" \/>\n\t<meta property=\"og:image:width\" content=\"1600\" \/>\n\t<meta property=\"og:image:height\" content=\"1200\" \/>\n\t<meta property=\"og:image:type\" content=\"image\/jpeg\" \/>\n<meta name=\"twitter:label1\" content=\"Prix\" \/>\n\t<meta name=\"twitter:data1\" content=\"3.754,00&nbsp;&euro; ohne MwSt.\" \/>\n\t<meta name=\"twitter:label2\" content=\"Disponibilit\u00e9\" \/>\n\t<meta name=\"twitter:data2\" content=\"En stock\" \/>\n<script type=\"application\/ld+json\" class=\"yoast-schema-graph\">{\"@context\":\"https:\\\/\\\/schema.org\",\"@graph\":[{\"@type\":\"WebPage\",\"@id\":\"https:\\\/\\\/c-hessler.de\\\/shop\\\/allwinkel-buendigfraeser-mz-100-160v-h\\\/\",\"url\":\"https:\\\/\\\/c-hessler.de\\\/shop\\\/allwinkel-buendigfraeser-mz-100-160v-h\\\/\",\"name\":\"Allwinkel-B\u00fcndigfr\u00e4ser H von Dr. He\u00dfler Maschinensysteme\",\"isPartOf\":{\"@id\":\"https:\\\/\\\/c-hessler.de\\\/#website\"},\"primaryImageOfPage\":{\"@id\":\"https:\\\/\\\/c-hessler.de\\\/shop\\\/allwinkel-buendigfraeser-mz-100-160v-h\\\/#primaryimage\"},\"image\":{\"@id\":\"https:\\\/\\\/c-hessler.de\\\/shop\\\/allwinkel-buendigfraeser-mz-100-160v-h\\\/#primaryimage\"},\"thumbnailUrl\":\"https:\\\/\\\/c-hessler.de\\\/wp-content\\\/uploads\\\/2023\\\/05\\\/P1010124-scaled-e1684256696780.jpg\",\"datePublished\":\"2023-05-18T13:52:32+00:00\",\"dateModified\":\"2025-12-30T03:14:51+00:00\",\"description\":\"Mit dem Allwinkel-B\u00fcndigfr\u00e4ser H werden Kopf-Kanten von komplexen Teilen b\u00fcndig gefr\u00e4st. Sehr gut geeignet f\u00fcr Teile von Wohnwagen und Wohnmobilen.\",\"breadcrumb\":{\"@id\":\"https:\\\/\\\/c-hessler.de\\\/shop\\\/allwinkel-buendigfraeser-mz-100-160v-h\\\/#breadcrumb\"},\"inLanguage\":\"fr-FR\",\"potentialAction\":[{\"@type\":\"ReadAction\",\"target\":[\"https:\\\/\\\/c-hessler.de\\\/shop\\\/allwinkel-buendigfraeser-mz-100-160v-h\\\/\"]}]},{\"@type\":\"ImageObject\",\"inLanguage\":\"fr-FR\",\"@id\":\"https:\\\/\\\/c-hessler.de\\\/shop\\\/allwinkel-buendigfraeser-mz-100-160v-h\\\/#primaryimage\",\"url\":\"https:\\\/\\\/c-hessler.de\\\/wp-content\\\/uploads\\\/2023\\\/05\\\/P1010124-scaled-e1684256696780.jpg\",\"contentUrl\":\"https:\\\/\\\/c-hessler.de\\\/wp-content\\\/uploads\\\/2023\\\/05\\\/P1010124-scaled-e1684256696780.jpg\",\"width\":1600,\"height\":1200,\"caption\":\"B\u00fcndigfr\u00e4ser mit Hochschwert\"},{\"@type\":\"BreadcrumbList\",\"@id\":\"https:\\\/\\\/c-hessler.de\\\/shop\\\/allwinkel-buendigfraeser-mz-100-160v-h\\\/#breadcrumb\",\"itemListElement\":[{\"@type\":\"ListItem\",\"position\":1,\"name\":\"Produkte\",\"item\":\"https:\\\/\\\/c-hessler.de\\\/produkte\\\/\"},{\"@type\":\"ListItem\",\"position\":2,\"name\":\"Allwinkel-B\u00fcndigfr\u00e4ser MZ 100 160V H\"}]},{\"@type\":\"WebSite\",\"@id\":\"https:\\\/\\\/c-hessler.de\\\/#website\",\"url\":\"https:\\\/\\\/c-hessler.de\\\/\",\"name\":\"www.c-hessler.de\",\"description\":\"\",\"publisher\":{\"@id\":\"https:\\\/\\\/c-hessler.de\\\/#organization\"},\"potentialAction\":[{\"@type\":\"SearchAction\",\"target\":{\"@type\":\"EntryPoint\",\"urlTemplate\":\"https:\\\/\\\/c-hessler.de\\\/?s={search_term_string}\"},\"query-input\":{\"@type\":\"PropertyValueSpecification\",\"valueRequired\":true,\"valueName\":\"search_term_string\"}}],\"inLanguage\":\"fr-FR\"},{\"@type\":\"Organization\",\"@id\":\"https:\\\/\\\/c-hessler.de\\\/#organization\",\"name\":\"Dr. Christoph He\u00dfler Maschinensysteme\",\"alternateName\":\"Dr. Christoph He\u00dfler Maschinensysteme\",\"url\":\"https:\\\/\\\/c-hessler.de\\\/\",\"logo\":{\"@type\":\"ImageObject\",\"inLanguage\":\"fr-FR\",\"@id\":\"https:\\\/\\\/c-hessler.de\\\/#\\\/schema\\\/logo\\\/image\\\/\",\"url\":\"https:\\\/\\\/c-hessler.de\\\/wp-content\\\/uploads\\\/2026\\\/02\\\/Draw-03-150312-110115-Ausgeschnitten-I.jpg\",\"contentUrl\":\"https:\\\/\\\/c-hessler.de\\\/wp-content\\\/uploads\\\/2026\\\/02\\\/Draw-03-150312-110115-Ausgeschnitten-I.jpg\",\"width\":445,\"height\":394,\"caption\":\"Dr. Christoph He\u00dfler Maschinensysteme\"},\"image\":{\"@id\":\"https:\\\/\\\/c-hessler.de\\\/#\\\/schema\\\/logo\\\/image\\\/\"},\"sameAs\":[\"https:\\\/\\\/www.facebook.com\\\/DrChristophHesslerMaschinensysteme\\\/\",\"https:\\\/\\\/www.pinterest.de\\\/hesstools\\\/\",\"https:\\\/\\\/www.youtube.com\\\/channel\\\/UCaNnXDGGF_BiYFQZ2kJgi-A?view_as=subscriber\"],\"description\":\"1. Ecken- und Kantenfr\u00e4sen f\u00fcr Tischler und Schreiner, Sonderanfertigungen 2. Auch f\u00fcr die Nachbearbeitung von Eck-Schwei\u00dfn\u00e4hten bei Aluminium-Werkstoffen, f\u00fcr Fahrzeugbauer oder Metallbauer aller Art\",\"email\":\"christoph.hessler@c-hessler.de\",\"telephone\":\"0527413012080\",\"legalName\":\"Dr. Christoph He\u00dfler Maschinensysteme\",\"foundingDate\":\"2003-06-05\",\"vatID\":\"DE230070107\",\"numberOfEmployees\":{\"@type\":\"QuantitativeValue\",\"minValue\":\"1\",\"maxValue\":\"10\"}}]}<\/script>\n<meta property=\"product:price:amount\" content=\"3754.00\" \/>\n<meta property=\"product:price:currency\" content=\"EUR\" \/>\n<meta property=\"og:availability\" content=\"instock\" \/>\n<meta property=\"product:availability\" content=\"instock\" \/>\n<meta property=\"product:retailer_item_id\" content=\"allwinkel-buendigfraeser-mz-100-160v-h\" \/>\n<meta property=\"product:condition\" content=\"new\" \/>\n<!-- \/ Yoast SEO Premium plugin. -->","yoast_head_json":{"title":"Fraise \u00e0 affleurer tous azimuts H de Dr. He\u00dfler Maschinensysteme","description":"La fraise \u00e0 affleurer tous angles H permet d'affleurer les ar\u00eates de t\u00eate de pi\u00e8ces complexes. Elle convient tr\u00e8s bien pour les pi\u00e8ces de caravanes et de camping-cars.","robots":{"index":"index","follow":"follow","max-snippet":"max-snippet:-1","max-image-preview":"max-image-preview:large","max-video-preview":"max-video-preview:-1"},"canonical":"https:\/\/c-hessler.de\/fr\/boutique\/allwinkel-fraiseuse-dextremite-mz-100-160v-h\/","og_locale":"fr_FR","og_type":"article","og_title":"Allwinkel-B\u00fcndigfr\u00e4ser MZ 100 160V H","og_description":"Mit dem Allwinkel-B\u00fcndigfr\u00e4ser H werden Kopf-Kanten von komplexen Teilen b\u00fcndig gefr\u00e4st. Sehr gut geeignet f\u00fcr Teile von Wohnwagen und Wohnmobilen.","og_url":"https:\/\/c-hessler.de\/fr\/boutique\/allwinkel-fraiseuse-dextremite-mz-100-160v-h\/","og_site_name":"Dr. Christoph He\u00dfler Maschinensysteme","article_publisher":"https:\/\/www.facebook.com\/DrChristophHesslerMaschinensysteme\/","article_modified_time":"2025-12-30T03:14:51+00:00","og_image":[{"width":1600,"height":1200,"url":"https:\/\/c-hessler.de\/wp-content\/uploads\/2023\/05\/P1010124-scaled-e1684256696780.jpg","type":"image\/jpeg"}],"twitter_misc":{"Prix":"3.754,00&nbsp;&euro; ohne MwSt.","Disponibilit\u00e9":"En stock"},"schema":{"@context":"https:\/\/schema.org","@graph":[{"@type":"WebPage","@id":"https:\/\/c-hessler.de\/shop\/allwinkel-buendigfraeser-mz-100-160v-h\/","url":"https:\/\/c-hessler.de\/shop\/allwinkel-buendigfraeser-mz-100-160v-h\/","name":"Fraise \u00e0 affleurer tous azimuts H de Dr. He\u00dfler Maschinensysteme","isPartOf":{"@id":"https:\/\/c-hessler.de\/#website"},"primaryImageOfPage":{"@id":"https:\/\/c-hessler.de\/shop\/allwinkel-buendigfraeser-mz-100-160v-h\/#primaryimage"},"image":{"@id":"https:\/\/c-hessler.de\/shop\/allwinkel-buendigfraeser-mz-100-160v-h\/#primaryimage"},"thumbnailUrl":"https:\/\/c-hessler.de\/wp-content\/uploads\/2023\/05\/P1010124-scaled-e1684256696780.jpg","datePublished":"2023-05-18T13:52:32+00:00","dateModified":"2025-12-30T03:14:51+00:00","description":"La fraise \u00e0 affleurer tous angles H permet d'affleurer les ar\u00eates de t\u00eate de pi\u00e8ces complexes. Elle convient tr\u00e8s bien pour les pi\u00e8ces de caravanes et de camping-cars.","breadcrumb":{"@id":"https:\/\/c-hessler.de\/shop\/allwinkel-buendigfraeser-mz-100-160v-h\/#breadcrumb"},"inLanguage":"fr-FR","potentialAction":[{"@type":"ReadAction","target":["https:\/\/c-hessler.de\/shop\/allwinkel-buendigfraeser-mz-100-160v-h\/"]}]},{"@type":"ImageObject","inLanguage":"fr-FR","@id":"https:\/\/c-hessler.de\/shop\/allwinkel-buendigfraeser-mz-100-160v-h\/#primaryimage","url":"https:\/\/c-hessler.de\/wp-content\/uploads\/2023\/05\/P1010124-scaled-e1684256696780.jpg","contentUrl":"https:\/\/c-hessler.de\/wp-content\/uploads\/2023\/05\/P1010124-scaled-e1684256696780.jpg","width":1600,"height":1200,"caption":"B\u00fcndigfr\u00e4ser mit Hochschwert"},{"@type":"BreadcrumbList","@id":"https:\/\/c-hessler.de\/shop\/allwinkel-buendigfraeser-mz-100-160v-h\/#breadcrumb","itemListElement":[{"@type":"ListItem","position":1,"name":"Produkte","item":"https:\/\/c-hessler.de\/produkte\/"},{"@type":"ListItem","position":2,"name":"Allwinkel-B\u00fcndigfr\u00e4ser MZ 100 160V H"}]},{"@type":"WebSite","@id":"https:\/\/c-hessler.de\/#website","url":"https:\/\/c-hessler.de\/","name":"www.c-hessler.de","description":"","publisher":{"@id":"https:\/\/c-hessler.de\/#organization"},"potentialAction":[{"@type":"SearchAction","target":{"@type":"EntryPoint","urlTemplate":"https:\/\/c-hessler.de\/?s={search_term_string}"},"query-input":{"@type":"PropertyValueSpecification","valueRequired":true,"valueName":"search_term_string"}}],"inLanguage":"fr-FR"},{"@type":"Organization","@id":"https:\/\/c-hessler.de\/#organization","name":"Dr. Christoph He\u00dfler Syst\u00e8mes de machines","alternateName":"Dr. Christoph He\u00dfler Maschinensysteme","url":"https:\/\/c-hessler.de\/","logo":{"@type":"ImageObject","inLanguage":"fr-FR","@id":"https:\/\/c-hessler.de\/#\/schema\/logo\/image\/","url":"https:\/\/c-hessler.de\/wp-content\/uploads\/2026\/02\/Draw-03-150312-110115-Ausgeschnitten-I.jpg","contentUrl":"https:\/\/c-hessler.de\/wp-content\/uploads\/2026\/02\/Draw-03-150312-110115-Ausgeschnitten-I.jpg","width":445,"height":394,"caption":"Dr. Christoph He\u00dfler Maschinensysteme"},"image":{"@id":"https:\/\/c-hessler.de\/#\/schema\/logo\/image\/"},"sameAs":["https:\/\/www.facebook.com\/DrChristophHesslerMaschinensysteme\/","https:\/\/www.pinterest.de\/hesstools\/","https:\/\/www.youtube.com\/channel\/UCaNnXDGGF_BiYFQZ2kJgi-A?view_as=subscriber"],"description":"1. Ecken- und Kantenfr\u00e4sen f\u00fcr Tischler und Schreiner, Sonderanfertigungen 2. Auch f\u00fcr die Nachbearbeitung von Eck-Schwei\u00dfn\u00e4hten bei Aluminium-Werkstoffen, f\u00fcr Fahrzeugbauer oder Metallbauer aller Art","email":"christoph.hessler@c-hessler.de","telephone":"0527413012080","legalName":"Dr. Christoph He\u00dfler Maschinensysteme","foundingDate":"2003-06-05","vatID":"DE230070107","numberOfEmployees":{"@type":"QuantitativeValue","minValue":"1","maxValue":"10"}}]},"product_price_amount":"3754.00","product_price_currency":"EUR","og_availability":"instock","product_availability":"instock","product_retailer_item_id":"allwinkel-buendigfraeser-mz-100-160v-h","product_condition":"new"},"_links":{"self":[{"href":"https:\/\/c-hessler.de\/fr\/wp-json\/wp\/v2\/product\/206621","targetHints":{"allow":["GET"]}}],"collection":[{"href":"https:\/\/c-hessler.de\/fr\/wp-json\/wp\/v2\/product"}],"about":[{"href":"https:\/\/c-hessler.de\/fr\/wp-json\/wp\/v2\/types\/product"}],"replies":[{"embeddable":true,"href":"https:\/\/c-hessler.de\/fr\/wp-json\/wp\/v2\/comments?post=206621"}],"wp:featuredmedia":[{"embeddable":true,"href":"https:\/\/c-hessler.de\/fr\/wp-json\/wp\/v2\/media\/206577"}],"wp:attachment":[{"href":"https:\/\/c-hessler.de\/fr\/wp-json\/wp\/v2\/media?parent=206621"}],"wp:term":[{"taxonomy":"product_brand","embeddable":true,"href":"https:\/\/c-hessler.de\/fr\/wp-json\/wp\/v2\/product_brand?post=206621"},{"taxonomy":"product_cat","embeddable":true,"href":"https:\/\/c-hessler.de\/fr\/wp-json\/wp\/v2\/product_cat?post=206621"},{"taxonomy":"product_tag","embeddable":true,"href":"https:\/\/c-hessler.de\/fr\/wp-json\/wp\/v2\/product_tag?post=206621"}],"curies":[{"name":"wp","href":"https:\/\/api.w.org\/{rel}","templated":true}]}}