{"id":135,"date":"2015-05-28T09:14:30","date_gmt":"2015-05-28T07:14:30","guid":{"rendered":"https:\/\/c-hessler.de\/?page_id=135"},"modified":"2025-12-09T12:46:23","modified_gmt":"2025-12-09T11:46:23","slug":"informazioni-importanti-sullutilizzo-del-modello-di-negozio-online","status":"publish","type":"page","link":"https:\/\/c-hessler.de\/it\/wichtige-informationen-zur-nutzung-der-onlineshop-vorlage\/","title":{"rendered":"Informazioni importanti per il modello di negozio online"},"content":{"rendered":"<p>Per garantire che il modello di negozio online possa essere utilizzato in Germania in modo conforme alla legge, \u00e8 stato personalizzato con l'estensione \"WooCommerce German Market\". Questa crea automaticamente alcune pagine e personalizza i contenuti. Si consiglia di controllare prima le impostazioni di WooCommerce nel backend e poi le pagine stesse per verificare la correttezza dei contenuti (ad esempio, i dati di contatto, le informazioni fiscali e di cancellazione).<\/p>\n<h3>Quali personalizzazioni sono necessarie per WooCommerce?<\/h3>\n<p>Un'utile raccolta di numerose esercitazioni e di ulteriori informazioni \u00e8 disponibile sul sito web di <a href=\"https:\/\/marketpress.de\/2014\/woocommerce-guide\/#tutorials\">Guida turistica WooCommerce<\/a>.<\/p>\n<h3>Rimuovere la nota \"Questa \u00e8 un'installazione dimostrativa...\".<\/h3>\n<p>La nota \"Questa \u00e8 un'installazione demo. Qualsiasi ordine in questo negozio non sar\u00e0 considerato n\u00e9 eseguito\" pu\u00f2 essere nascosta nel backend deselezionando la casella \"WooCommerce \/ Impostazioni \/ Attiva testo di suggerimento del negozio a livello di sito web\".<\/p>\n<h3>Quali contenuti demo sono inclusi nel negozio?<\/h3>\n<p>Il modello di negozio online viene fornito con diversi prodotti campione in una categoria campione. Anche i collegamenti nel menu sono personalizzati per la demo. Per una migliore visione d'insieme, si consiglia di eliminare le immagini dei prodotti campione dalla galleria multimediale all'avvio del negozio.<\/p>\n<p><strong>Dopo la creazione del negozio online, questa pagina pu\u00f2 essere cancellata nell'editor tramite \"Metti nel cestino\". Per personalizzare il menu, andare alla pagina \"Menu\" nel backend, sotto la voce di menu \"Design\".<\/strong><\/p>","protected":false},"excerpt":{"rendered":"<p>Damit die Onlineshop-Vorlage in Deutschland rechtssicher genutzt werden kann, ist sie mit der Erweiterung &#8222;WooCommerce German Market&#8220; angepasst worden. Hierbei wurden automatisch einige Seiten angelegt sowie Inhalte anpasst. Wir empfehlen zu Beginn die WooCommerce-Einstellungen im Backend und anschlie\u00dfend die Seiten selbst auf\u00a0korrekten Inhalt (z.B. Kontaktdaten, Steuer- und Widerrufsinformationen) zu pr\u00fcfen. Welche Anpassungen sind bei WooCommerce [&hellip;]<\/p>\n","protected":false},"author":5,"featured_media":0,"parent":0,"menu_order":0,"comment_status":"closed","ping_status":"closed","template":"","meta":{"footnotes":""},"class_list":["post-135","page","type-page","status-publish","hentry"],"yoast_head":"<!-- This site is optimized with the Yoast SEO Premium plugin v27.0 (Yoast SEO v27.4) - https:\/\/yoast.com\/product\/yoast-seo-premium-wordpress\/ -->\n<title>Wichtige Informationen f\u00fcr die Onlineshop-Vorlage - Dr. Christoph He\u00dfler Maschinensysteme<\/title>\n<meta name=\"robots\" content=\"index, follow, max-snippet:-1, max-image-preview:large, max-video-preview:-1\" \/>\n<link rel=\"canonical\" href=\"https:\/\/c-hessler.de\/it\/informazioni-importanti-sullutilizzo-del-modello-di-negozio-online\/\" \/>\n<meta property=\"og:locale\" content=\"it_IT\" \/>\n<meta property=\"og:type\" content=\"article\" \/>\n<meta property=\"og:title\" content=\"Wichtige Informationen f\u00fcr die Onlineshop-Vorlage\" \/>\n<meta property=\"og:description\" content=\"Damit die Onlineshop-Vorlage in Deutschland rechtssicher genutzt werden kann, ist sie mit der Erweiterung &#8222;WooCommerce German Market&#8220; angepasst worden. Hierbei wurden automatisch einige Seiten angelegt sowie Inhalte anpasst. Wir empfehlen zu Beginn die WooCommerce-Einstellungen im Backend und anschlie\u00dfend die Seiten selbst auf\u00a0korrekten Inhalt (z.B. Kontaktdaten, Steuer- und Widerrufsinformationen) zu pr\u00fcfen. Welche Anpassungen sind bei WooCommerce [&hellip;]\" \/>\n<meta property=\"og:url\" content=\"https:\/\/c-hessler.de\/it\/informazioni-importanti-sullutilizzo-del-modello-di-negozio-online\/\" \/>\n<meta property=\"og:site_name\" content=\"Dr. Christoph He\u00dfler Maschinensysteme\" \/>\n<meta property=\"article:publisher\" content=\"https:\/\/www.facebook.com\/DrChristophHesslerMaschinensysteme\/\" \/>\n<meta property=\"article:modified_time\" content=\"2025-12-09T11:46:23+00:00\" \/>\n<meta name=\"twitter:label1\" content=\"Tempo di lettura stimato\" \/>\n\t<meta name=\"twitter:data1\" content=\"1 minuto\" \/>\n<script type=\"application\/ld+json\" class=\"yoast-schema-graph\">{\"@context\":\"https:\\\/\\\/schema.org\",\"@graph\":[{\"@type\":\"WebPage\",\"@id\":\"https:\\\/\\\/c-hessler.de\\\/wichtige-informationen-zur-nutzung-der-onlineshop-vorlage\\\/\",\"url\":\"https:\\\/\\\/c-hessler.de\\\/wichtige-informationen-zur-nutzung-der-onlineshop-vorlage\\\/\",\"name\":\"Wichtige Informationen f\u00fcr die Onlineshop-Vorlage - Dr. Christoph He\u00dfler Maschinensysteme\",\"isPartOf\":{\"@id\":\"https:\\\/\\\/c-hessler.de\\\/#website\"},\"datePublished\":\"2015-05-28T07:14:30+00:00\",\"dateModified\":\"2025-12-09T11:46:23+00:00\",\"inLanguage\":\"it-IT\",\"potentialAction\":[{\"@type\":\"ReadAction\",\"target\":[\"https:\\\/\\\/c-hessler.de\\\/wichtige-informationen-zur-nutzung-der-onlineshop-vorlage\\\/\"]}]},{\"@type\":\"WebSite\",\"@id\":\"https:\\\/\\\/c-hessler.de\\\/#website\",\"url\":\"https:\\\/\\\/c-hessler.de\\\/\",\"name\":\"www.c-hessler.de\",\"description\":\"\",\"publisher\":{\"@id\":\"https:\\\/\\\/c-hessler.de\\\/#organization\"},\"potentialAction\":[{\"@type\":\"SearchAction\",\"target\":{\"@type\":\"EntryPoint\",\"urlTemplate\":\"https:\\\/\\\/c-hessler.de\\\/?s={search_term_string}\"},\"query-input\":{\"@type\":\"PropertyValueSpecification\",\"valueRequired\":true,\"valueName\":\"search_term_string\"}}],\"inLanguage\":\"it-IT\"},{\"@type\":\"Organization\",\"@id\":\"https:\\\/\\\/c-hessler.de\\\/#organization\",\"name\":\"Dr. Christoph He\u00dfler Maschinensysteme\",\"alternateName\":\"Dr. Christoph He\u00dfler Maschinensysteme\",\"url\":\"https:\\\/\\\/c-hessler.de\\\/\",\"logo\":{\"@type\":\"ImageObject\",\"inLanguage\":\"it-IT\",\"@id\":\"https:\\\/\\\/c-hessler.de\\\/#\\\/schema\\\/logo\\\/image\\\/\",\"url\":\"https:\\\/\\\/c-hessler.de\\\/wp-content\\\/uploads\\\/2026\\\/02\\\/Draw-03-150312-110115-Ausgeschnitten-I.jpg\",\"contentUrl\":\"https:\\\/\\\/c-hessler.de\\\/wp-content\\\/uploads\\\/2026\\\/02\\\/Draw-03-150312-110115-Ausgeschnitten-I.jpg\",\"width\":445,\"height\":394,\"caption\":\"Dr. Christoph He\u00dfler Maschinensysteme\"},\"image\":{\"@id\":\"https:\\\/\\\/c-hessler.de\\\/#\\\/schema\\\/logo\\\/image\\\/\"},\"sameAs\":[\"https:\\\/\\\/www.facebook.com\\\/DrChristophHesslerMaschinensysteme\\\/\",\"https:\\\/\\\/www.pinterest.de\\\/hesstools\\\/\",\"https:\\\/\\\/www.youtube.com\\\/channel\\\/UCaNnXDGGF_BiYFQZ2kJgi-A?view_as=subscriber\"],\"description\":\"1. Ecken- und Kantenfr\u00e4sen f\u00fcr Tischler und Schreiner, Sonderanfertigungen 2. Auch f\u00fcr die Nachbearbeitung von Eck-Schwei\u00dfn\u00e4hten bei Aluminium-Werkstoffen, f\u00fcr Fahrzeugbauer oder Metallbauer aller Art\",\"email\":\"christoph.hessler@c-hessler.de\",\"telephone\":\"0527413012080\",\"legalName\":\"Dr. Christoph He\u00dfler Maschinensysteme\",\"foundingDate\":\"2003-06-05\",\"vatID\":\"DE230070107\",\"numberOfEmployees\":{\"@type\":\"QuantitativeValue\",\"minValue\":\"1\",\"maxValue\":\"10\"}}]}<\/script>\n<!-- \/ Yoast SEO Premium plugin. -->","yoast_head_json":{"title":"Informazioni importanti per il modello di negozio online - Dr Christoph He\u00dfler Maschinensysteme","robots":{"index":"index","follow":"follow","max-snippet":"max-snippet:-1","max-image-preview":"max-image-preview:large","max-video-preview":"max-video-preview:-1"},"canonical":"https:\/\/c-hessler.de\/it\/informazioni-importanti-sullutilizzo-del-modello-di-negozio-online\/","og_locale":"it_IT","og_type":"article","og_title":"Wichtige Informationen f\u00fcr die Onlineshop-Vorlage","og_description":"Damit die Onlineshop-Vorlage in Deutschland rechtssicher genutzt werden kann, ist sie mit der Erweiterung &#8222;WooCommerce German Market&#8220; angepasst worden. Hierbei wurden automatisch einige Seiten angelegt sowie Inhalte anpasst. Wir empfehlen zu Beginn die WooCommerce-Einstellungen im Backend und anschlie\u00dfend die Seiten selbst auf\u00a0korrekten Inhalt (z.B. Kontaktdaten, Steuer- und Widerrufsinformationen) zu pr\u00fcfen. Welche Anpassungen sind bei WooCommerce [&hellip;]","og_url":"https:\/\/c-hessler.de\/it\/informazioni-importanti-sullutilizzo-del-modello-di-negozio-online\/","og_site_name":"Dr. Christoph He\u00dfler Maschinensysteme","article_publisher":"https:\/\/www.facebook.com\/DrChristophHesslerMaschinensysteme\/","article_modified_time":"2025-12-09T11:46:23+00:00","twitter_misc":{"Tempo di lettura stimato":"1 minuto"},"schema":{"@context":"https:\/\/schema.org","@graph":[{"@type":"WebPage","@id":"https:\/\/c-hessler.de\/wichtige-informationen-zur-nutzung-der-onlineshop-vorlage\/","url":"https:\/\/c-hessler.de\/wichtige-informationen-zur-nutzung-der-onlineshop-vorlage\/","name":"Informazioni importanti per il modello di negozio online - Dr Christoph He\u00dfler Maschinensysteme","isPartOf":{"@id":"https:\/\/c-hessler.de\/#website"},"datePublished":"2015-05-28T07:14:30+00:00","dateModified":"2025-12-09T11:46:23+00:00","inLanguage":"it-IT","potentialAction":[{"@type":"ReadAction","target":["https:\/\/c-hessler.de\/wichtige-informationen-zur-nutzung-der-onlineshop-vorlage\/"]}]},{"@type":"WebSite","@id":"https:\/\/c-hessler.de\/#website","url":"https:\/\/c-hessler.de\/","name":"www.c-hessler.de","description":"","publisher":{"@id":"https:\/\/c-hessler.de\/#organization"},"potentialAction":[{"@type":"SearchAction","target":{"@type":"EntryPoint","urlTemplate":"https:\/\/c-hessler.de\/?s={search_term_string}"},"query-input":{"@type":"PropertyValueSpecification","valueRequired":true,"valueName":"search_term_string"}}],"inLanguage":"it-IT"},{"@type":"Organization","@id":"https:\/\/c-hessler.de\/#organization","name":"Dr. Christoph He\u00dfler Sistemi di macchine","alternateName":"Dr. Christoph He\u00dfler Maschinensysteme","url":"https:\/\/c-hessler.de\/","logo":{"@type":"ImageObject","inLanguage":"it-IT","@id":"https:\/\/c-hessler.de\/#\/schema\/logo\/image\/","url":"https:\/\/c-hessler.de\/wp-content\/uploads\/2026\/02\/Draw-03-150312-110115-Ausgeschnitten-I.jpg","contentUrl":"https:\/\/c-hessler.de\/wp-content\/uploads\/2026\/02\/Draw-03-150312-110115-Ausgeschnitten-I.jpg","width":445,"height":394,"caption":"Dr. Christoph He\u00dfler Maschinensysteme"},"image":{"@id":"https:\/\/c-hessler.de\/#\/schema\/logo\/image\/"},"sameAs":["https:\/\/www.facebook.com\/DrChristophHesslerMaschinensysteme\/","https:\/\/www.pinterest.de\/hesstools\/","https:\/\/www.youtube.com\/channel\/UCaNnXDGGF_BiYFQZ2kJgi-A?view_as=subscriber"],"description":"1. Ecken- und Kantenfr\u00e4sen f\u00fcr Tischler und Schreiner, Sonderanfertigungen 2. Auch f\u00fcr die Nachbearbeitung von Eck-Schwei\u00dfn\u00e4hten bei Aluminium-Werkstoffen, f\u00fcr Fahrzeugbauer oder Metallbauer aller Art","email":"christoph.hessler@c-hessler.de","telephone":"0527413012080","legalName":"Dr. Christoph He\u00dfler Maschinensysteme","foundingDate":"2003-06-05","vatID":"DE230070107","numberOfEmployees":{"@type":"QuantitativeValue","minValue":"1","maxValue":"10"}}]}},"_hostinger_reach_plugin_has_subscription_block":false,"_hostinger_reach_plugin_is_elementor":false,"_links":{"self":[{"href":"https:\/\/c-hessler.de\/it\/wp-json\/wp\/v2\/pages\/135","targetHints":{"allow":["GET"]}}],"collection":[{"href":"https:\/\/c-hessler.de\/it\/wp-json\/wp\/v2\/pages"}],"about":[{"href":"https:\/\/c-hessler.de\/it\/wp-json\/wp\/v2\/types\/page"}],"author":[{"embeddable":true,"href":"https:\/\/c-hessler.de\/it\/wp-json\/wp\/v2\/users\/5"}],"replies":[{"embeddable":true,"href":"https:\/\/c-hessler.de\/it\/wp-json\/wp\/v2\/comments?post=135"}],"version-history":[{"count":0,"href":"https:\/\/c-hessler.de\/it\/wp-json\/wp\/v2\/pages\/135\/revisions"}],"wp:attachment":[{"href":"https:\/\/c-hessler.de\/it\/wp-json\/wp\/v2\/media?parent=135"}],"curies":[{"name":"wp","href":"https:\/\/api.w.org\/{rel}","templated":true}]}}