{"id":205463,"date":"2018-10-16T09:49:26","date_gmt":"2018-10-16T07:49:26","guid":{"rendered":"https:\/\/c-hessler.de\/?page_id=205463"},"modified":"2025-12-11T17:40:40","modified_gmt":"2025-12-11T16:40:40","slug":"artigianato-del-legno-2018-a-norimberga","status":"publish","type":"page","link":"https:\/\/c-hessler.de\/it\/messen\/holz-handwerk-2018-in-nuernberg\/","title":{"rendered":"Holz-Handwerk 2018 a Norimberga"},"content":{"rendered":"<div data-elementor-type=\"wp-page\" data-elementor-id=\"205463\" class=\"elementor elementor-205463\" data-elementor-settings=\"{&quot;ha_cmc_init_switcher&quot;:&quot;no&quot;}\" data-elementor-post-type=\"page\">\n\t\t\t\t<div class=\"elementor-element elementor-element-5349a351 e-flex e-con-boxed e-con e-parent\" data-id=\"5349a351\" data-element_type=\"container\" data-e-type=\"container\" data-settings=\"{&quot;_ha_eqh_enable&quot;:false}\">\n\t\t\t\t\t<div class=\"e-con-inner\">\n\t\t\t\t<div class=\"elementor-element elementor-element-18d4a665 elementor-widget elementor-widget-heading\" data-id=\"18d4a665\" data-element_type=\"widget\" data-e-type=\"widget\" data-widget_type=\"heading.default\">\n\t\t\t\t\t<h2 class=\"elementor-heading-title elementor-size-default\">Il nostro stand fieristico\n<\/h2>\t\t\t\t<\/div>\n\t\t\t\t\t<\/div>\n\t\t\t\t<\/div>\n\t\t<div class=\"elementor-element elementor-element-2e882e60 e-grid e-con-boxed e-con e-parent\" data-id=\"2e882e60\" data-element_type=\"container\" data-e-type=\"container\" data-settings=\"{&quot;_ha_eqh_enable&quot;:false}\">\n\t\t\t\t\t<div class=\"e-con-inner\">\n\t\t\t\t<div class=\"elementor-element elementor-element-443cb64c elementor-widget elementor-widget-text-editor\" data-id=\"443cb64c\" data-element_type=\"widget\" data-e-type=\"widget\" data-widget_type=\"text-editor.default\">\n\t\t\t\t\t\t\t\t\t<p>Alla Holz-Handwerk 2018 di Norimberga abbiamo potuto presentare per la prima volta, oltre alle nostre collaudate formatrici angolari, anche il kit di costruzione servoassistita con computer tablet attivo.<\/p><p>La tavoletta si posiziona direttamente su una fresa manuale convenzionale e indica all'operatore dove fresare o forare il pezzo. La macchina viene guidata manualmente e la rispettiva posizione della fresa viene determinata mediante un sistema di misurazione.<\/p><p>Avremo un supporto motorizzato al pi\u00f9 tardi per la prossima fiera.<\/p><p>Avete suggerimenti per il miglioramento? Date il vostro feedback qui.<\/p><p><strong><span style=\"color: #800000;\"><a class=\"et_pb_button et_pb_button_0 et_pb_bg_layout_light\" style=\"color: #800000;\" href=\"https:\/\/c-hessler.de\/it\/modulo-di-richiesta\/\" target=\"_blank\" rel=\"noopener\">Dare un feedback<\/a><\/span><\/strong><\/p>\t\t\t\t\t\t\t\t<\/div>\n\t\t\t\t<div class=\"elementor-element elementor-element-531fd540 elementor-arrows-position-inside elementor-pagination-position-outside elementor-widget elementor-widget-image-carousel\" data-id=\"531fd540\" data-element_type=\"widget\" data-e-type=\"widget\" data-settings=\"{&quot;slides_to_show&quot;:&quot;1&quot;,&quot;navigation&quot;:&quot;both&quot;,&quot;autoplay&quot;:&quot;yes&quot;,&quot;pause_on_hover&quot;:&quot;yes&quot;,&quot;pause_on_interaction&quot;:&quot;yes&quot;,&quot;autoplay_speed&quot;:5000,&quot;infinite&quot;:&quot;yes&quot;,&quot;effect&quot;:&quot;slide&quot;,&quot;speed&quot;:500}\" data-widget_type=\"image-carousel.default\">\n\t\t\t\t\t\t\t<div class=\"elementor-image-carousel-wrapper swiper\" role=\"region\" aria-roledescription=\"carousel\" aria-label=\"Carosello di immagini\" dir=\"ltr\">\n\t\t\t<div class=\"elementor-image-carousel swiper-wrapper swiper-image-stretch\" aria-live=\"off\">\n\t\t\t\t\t\t\t\t<div class=\"swiper-slide\" role=\"group\" aria-roledescription=\"slide\" aria-label=\"1 di 4\" data-no-translation-aria-label=\"\"><figure class=\"swiper-slide-inner\"><img decoding=\"async\" class=\"swiper-slide-image\" src=\"https:\/\/c-hessler.de\/wp-content\/uploads\/2018\/10\/20180323_094639-e1539675176629.jpg\" alt=\"Servo-Baukasten Werkzeug-Navi\" \/><\/figure><\/div><div class=\"swiper-slide\" role=\"group\" aria-roledescription=\"slide\" aria-label=\"2 di 4\" data-no-translation-aria-label=\"\"><figure class=\"swiper-slide-inner\"><img decoding=\"async\" class=\"swiper-slide-image\" src=\"https:\/\/c-hessler.de\/wp-content\/uploads\/2018\/10\/20180324_135624-scaled.jpg\" alt=\"Oberfr\u00e4se mit Computer und Touch-Screen\" \/><\/figure><\/div><div class=\"swiper-slide\" role=\"group\" aria-roledescription=\"slide\" aria-label=\"3 di 4\" data-no-translation-aria-label=\"\"><figure class=\"swiper-slide-inner\"><img decoding=\"async\" class=\"swiper-slide-image\" src=\"https:\/\/c-hessler.de\/wp-content\/uploads\/2018\/10\/20180324_134654-scaled.jpg\" alt=\"Spiegazione dell&#039;intaglio e dell&#039;angolazione totale\" \/><\/figure><\/div><div class=\"swiper-slide\" role=\"group\" aria-roledescription=\"slide\" aria-label=\"4 di 4\" data-no-translation-aria-label=\"\"><figure class=\"swiper-slide-inner\"><img decoding=\"async\" class=\"swiper-slide-image\" src=\"https:\/\/c-hessler.de\/wp-content\/uploads\/2018\/10\/20180323_094730-scaled.jpg\" alt=\"Kurz vor Messebeginn\" \/><\/figure><\/div>\t\t\t<\/div>\n\t\t\t\t\t\t\t\t\t\t\t\t<div class=\"elementor-swiper-button elementor-swiper-button-prev\" role=\"button\" tabindex=\"0\">\n\t\t\t\t\t\t<svg aria-hidden=\"true\" class=\"e-font-icon-svg e-eicon-chevron-left\" viewbox=\"0 0 1000 1000\" xmlns=\"http:\/\/www.w3.org\/2000\/svg\"><path d=\"M646 125C629 125 613 133 604 142L308 442C296 454 292 471 292 487 292 504 296 521 308 533L604 854C617 867 629 875 646 875 663 875 679 871 692 858 704 846 713 829 713 812 713 796 708 779 692 767L438 487 692 225C700 217 708 204 708 187 708 171 704 154 692 142 675 129 663 125 646 125Z\"><\/path><\/svg>\t\t\t\t\t<\/div>\n\t\t\t\t\t<div class=\"elementor-swiper-button elementor-swiper-button-next\" role=\"button\" tabindex=\"0\">\n\t\t\t\t\t\t<svg aria-hidden=\"true\" class=\"e-font-icon-svg e-eicon-chevron-right\" viewbox=\"0 0 1000 1000\" xmlns=\"http:\/\/www.w3.org\/2000\/svg\"><path d=\"M696 533C708 521 713 504 713 487 713 471 708 454 696 446L400 146C388 133 375 125 354 125 338 125 325 129 313 142 300 154 292 171 292 187 292 204 296 221 308 233L563 492 304 771C292 783 288 800 288 817 288 833 296 850 308 863 321 871 338 875 354 875 371 875 388 867 400 854L696 533Z\"><\/path><\/svg>\t\t\t\t\t<\/div>\n\t\t\t\t\n\t\t\t\t\t\t\t\t\t<div class=\"swiper-pagination\"><\/div>\n\t\t\t\t\t\t\t\t\t<\/div>\n\t\t\t\t\t\t<\/div>\n\t\t\t\t\t<\/div>\n\t\t\t\t<\/div>\n\t\t<div class=\"elementor-element elementor-element-a4d2808 e-flex e-con-boxed e-con e-parent\" data-id=\"a4d2808\" data-element_type=\"container\" data-e-type=\"container\" data-settings=\"{&quot;_ha_eqh_enable&quot;:false}\">\n\t\t\t\t\t<div class=\"e-con-inner\">\n\t\t\t\t<div class=\"elementor-element elementor-element-9d9d719 elementor-widget elementor-widget-text-editor\" data-id=\"9d9d719\" data-element_type=\"widget\" data-e-type=\"widget\" data-widget_type=\"text-editor.default\">\n\t\t\t\t\t\t\t\t\t<h4 class=\"et_pb_module_header\">Presentiamo i nostri prodotti<\/h4>\t\t\t\t\t\t\t\t<\/div>\n\t\t\t\t\t<\/div>\n\t\t\t\t<\/div>\n\t\t<div class=\"elementor-element elementor-element-20a3c4f9 e-flex e-con-boxed e-con e-parent\" data-id=\"20a3c4f9\" data-element_type=\"container\" data-e-type=\"container\" data-settings=\"{&quot;_ha_eqh_enable&quot;:false}\">\n\t\t\t\t\t<div class=\"e-con-inner\">\n\t\t\t\t<div class=\"elementor-element elementor-element-17dd5ddc elementor-widget elementor-widget-video\" data-id=\"17dd5ddc\" data-element_type=\"widget\" data-e-type=\"widget\" data-settings=\"{&quot;youtube_url&quot;:&quot;https:\\\/\\\/youtu.be\\\/jc0mq7i1yB8&quot;,&quot;video_type&quot;:&quot;youtube&quot;,&quot;controls&quot;:&quot;yes&quot;}\" data-widget_type=\"video.default\">\n\t\t\t\t\t\t\t<div class=\"elementor-wrapper elementor-open-inline\">\n\t\t\t<div class=\"elementor-video\"><\/div>\t\t<\/div>\n\t\t\t\t\t\t<\/div>\n\t\t\t\t\t<\/div>\n\t\t\t\t<\/div>\n\t\t\t\t<\/div>","protected":false},"excerpt":{"rendered":"<p>Unser Messe-Stand Auf der Holz-Handwerk 2018 in N\u00fcrnberg konnten wir zus\u00e4tzlich zu unseren bew\u00e4hrten Eckenformern erstmals den Servo-Baukasten mit aktivem Tablet-Computer vorstellen. Das Tablet sitzt direkt an einer Hand-Oberfr\u00e4se der bekannten Art und zeigt dem Bediener, wo er auf dem Werkst\u00fcck fr\u00e4sen oder bohren soll. Die Maschine wird dabei von Hand gef\u00fchrt und \u00fcber ein [&hellip;]<\/p>\n","protected":false},"author":5,"featured_media":0,"parent":8702,"menu_order":1,"comment_status":"closed","ping_status":"closed","template":"elementor_header_footer","meta":{"footnotes":""},"class_list":["post-205463","page","type-page","status-publish","hentry"],"yoast_head":"<!-- This site is optimized with the Yoast SEO Premium plugin v27.0 (Yoast SEO v27.4) - https:\/\/yoast.com\/product\/yoast-seo-premium-wordpress\/ -->\n<title>Holz-Handwerk 2018 in N\u00fcrnberg mit Werkzeug-Navi \u2022 CHM<\/title>\n<meta name=\"description\" content=\"Holz-Handwerk 2018 in N\u00fcrnberg mit dem neuen Werkzeug-Navi: Oberfr\u00e4se mit Tablet-Computer zum F\u00fchren der Fr\u00e4se nach DXF-Datei.\" \/>\n<meta name=\"robots\" content=\"index, follow, max-snippet:-1, max-image-preview:large, max-video-preview:-1\" \/>\n<link rel=\"canonical\" href=\"https:\/\/c-hessler.de\/it\/misura\/artigianato-del-legno-2018-a-norimberga\/\" \/>\n<meta property=\"og:locale\" content=\"it_IT\" \/>\n<meta property=\"og:type\" content=\"article\" \/>\n<meta property=\"og:title\" content=\"Holz-Handwerk 2018 in N\u00fcrnberg\" \/>\n<meta property=\"og:description\" content=\"Holz-Handwerk 2018 in N\u00fcrnberg mit dem neuen Werkzeug-Navi: Oberfr\u00e4se mit Tablet-Computer zum F\u00fchren der Fr\u00e4se nach DXF-Datei.\" \/>\n<meta property=\"og:url\" content=\"https:\/\/c-hessler.de\/it\/misura\/artigianato-del-legno-2018-a-norimberga\/\" \/>\n<meta property=\"og:site_name\" content=\"Dr. Christoph He\u00dfler Maschinensysteme\" \/>\n<meta property=\"article:publisher\" content=\"https:\/\/www.facebook.com\/DrChristophHesslerMaschinensysteme\/\" \/>\n<meta property=\"article:modified_time\" content=\"2025-12-11T16:40:40+00:00\" \/>\n<meta property=\"og:image\" content=\"https:\/\/c-hessler.de\/wp-content\/uploads\/2018\/10\/20180323_094639-e1539675176629.jpg\" \/>\n<meta name=\"twitter:label1\" content=\"Tempo di lettura stimato\" \/>\n\t<meta name=\"twitter:data1\" content=\"2 minuti\" \/>\n<script type=\"application\/ld+json\" class=\"yoast-schema-graph\">{\"@context\":\"https:\\\/\\\/schema.org\",\"@graph\":[{\"@type\":\"WebPage\",\"@id\":\"https:\\\/\\\/c-hessler.de\\\/fr\\\/mesurer\\\/holz-handwerk-2018-a-nuernberg\\\/\",\"url\":\"https:\\\/\\\/c-hessler.de\\\/fr\\\/mesurer\\\/holz-handwerk-2018-a-nuernberg\\\/\",\"name\":\"Holz-Handwerk 2018 in N\u00fcrnberg mit Werkzeug-Navi \u2022 CHM\",\"isPartOf\":{\"@id\":\"https:\\\/\\\/c-hessler.de\\\/#website\"},\"primaryImageOfPage\":{\"@id\":\"https:\\\/\\\/c-hessler.de\\\/fr\\\/mesurer\\\/holz-handwerk-2018-a-nuernberg\\\/#primaryimage\"},\"image\":{\"@id\":\"https:\\\/\\\/c-hessler.de\\\/fr\\\/mesurer\\\/holz-handwerk-2018-a-nuernberg\\\/#primaryimage\"},\"thumbnailUrl\":\"https:\\\/\\\/c-hessler.de\\\/wp-content\\\/uploads\\\/2018\\\/10\\\/20180323_094639-e1539675176629.jpg\",\"datePublished\":\"2018-10-16T07:49:26+00:00\",\"dateModified\":\"2025-12-11T16:40:40+00:00\",\"description\":\"Holz-Handwerk 2018 in N\u00fcrnberg mit dem neuen Werkzeug-Navi: Oberfr\u00e4se mit Tablet-Computer zum F\u00fchren der Fr\u00e4se nach DXF-Datei.\",\"breadcrumb\":{\"@id\":\"https:\\\/\\\/c-hessler.de\\\/fr\\\/mesurer\\\/holz-handwerk-2018-a-nuernberg\\\/#breadcrumb\"},\"inLanguage\":\"it-IT\",\"potentialAction\":[{\"@type\":\"ReadAction\",\"target\":[\"https:\\\/\\\/c-hessler.de\\\/fr\\\/mesurer\\\/holz-handwerk-2018-a-nuernberg\\\/\"]}]},{\"@type\":\"ImageObject\",\"inLanguage\":\"it-IT\",\"@id\":\"https:\\\/\\\/c-hessler.de\\\/fr\\\/mesurer\\\/holz-handwerk-2018-a-nuernberg\\\/#primaryimage\",\"url\":\"https:\\\/\\\/c-hessler.de\\\/wp-content\\\/uploads\\\/2018\\\/10\\\/20180323_094639-e1539675176629.jpg\",\"contentUrl\":\"https:\\\/\\\/c-hessler.de\\\/wp-content\\\/uploads\\\/2018\\\/10\\\/20180323_094639-e1539675176629.jpg\"},{\"@type\":\"BreadcrumbList\",\"@id\":\"https:\\\/\\\/c-hessler.de\\\/fr\\\/mesurer\\\/holz-handwerk-2018-a-nuernberg\\\/#breadcrumb\",\"itemListElement\":[{\"@type\":\"ListItem\",\"position\":1,\"name\":\"Messen\",\"item\":\"https:\\\/\\\/c-hessler.de\\\/messen\\\/\"},{\"@type\":\"ListItem\",\"position\":2,\"name\":\"Holz-Handwerk 2018 in N\u00fcrnberg\"}]},{\"@type\":\"WebSite\",\"@id\":\"https:\\\/\\\/c-hessler.de\\\/#website\",\"url\":\"https:\\\/\\\/c-hessler.de\\\/\",\"name\":\"www.c-hessler.de\",\"description\":\"\",\"publisher\":{\"@id\":\"https:\\\/\\\/c-hessler.de\\\/#organization\"},\"potentialAction\":[{\"@type\":\"SearchAction\",\"target\":{\"@type\":\"EntryPoint\",\"urlTemplate\":\"https:\\\/\\\/c-hessler.de\\\/?s={search_term_string}\"},\"query-input\":{\"@type\":\"PropertyValueSpecification\",\"valueRequired\":true,\"valueName\":\"search_term_string\"}}],\"inLanguage\":\"it-IT\"},{\"@type\":\"Organization\",\"@id\":\"https:\\\/\\\/c-hessler.de\\\/#organization\",\"name\":\"Dr. Christoph He\u00dfler Maschinensysteme\",\"alternateName\":\"Dr. Christoph He\u00dfler Maschinensysteme\",\"url\":\"https:\\\/\\\/c-hessler.de\\\/\",\"logo\":{\"@type\":\"ImageObject\",\"inLanguage\":\"it-IT\",\"@id\":\"https:\\\/\\\/c-hessler.de\\\/#\\\/schema\\\/logo\\\/image\\\/\",\"url\":\"https:\\\/\\\/c-hessler.de\\\/wp-content\\\/uploads\\\/2026\\\/02\\\/Draw-03-150312-110115-Ausgeschnitten-I.jpg\",\"contentUrl\":\"https:\\\/\\\/c-hessler.de\\\/wp-content\\\/uploads\\\/2026\\\/02\\\/Draw-03-150312-110115-Ausgeschnitten-I.jpg\",\"width\":445,\"height\":394,\"caption\":\"Dr. Christoph He\u00dfler Maschinensysteme\"},\"image\":{\"@id\":\"https:\\\/\\\/c-hessler.de\\\/#\\\/schema\\\/logo\\\/image\\\/\"},\"sameAs\":[\"https:\\\/\\\/www.facebook.com\\\/DrChristophHesslerMaschinensysteme\\\/\",\"https:\\\/\\\/www.pinterest.de\\\/hesstools\\\/\",\"https:\\\/\\\/www.youtube.com\\\/channel\\\/UCaNnXDGGF_BiYFQZ2kJgi-A?view_as=subscriber\"],\"description\":\"1. Ecken- und Kantenfr\u00e4sen f\u00fcr Tischler und Schreiner, Sonderanfertigungen 2. Auch f\u00fcr die Nachbearbeitung von Eck-Schwei\u00dfn\u00e4hten bei Aluminium-Werkstoffen, f\u00fcr Fahrzeugbauer oder Metallbauer aller Art\",\"email\":\"christoph.hessler@c-hessler.de\",\"telephone\":\"0527413012080\",\"legalName\":\"Dr. Christoph He\u00dfler Maschinensysteme\",\"foundingDate\":\"2003-06-05\",\"vatID\":\"DE230070107\",\"numberOfEmployees\":{\"@type\":\"QuantitativeValue\",\"minValue\":\"1\",\"maxValue\":\"10\"}}]}<\/script>\n<meta property=\"og:video\" content=\"https:\/\/www.youtube.com\/embed\/jc0mq7i1yB8\" \/>\n<meta property=\"og:video:type\" content=\"text\/html\" \/>\n<meta property=\"og:video:duration\" content=\"614\" \/>\n<meta property=\"og:video:width\" content=\"480\" \/>\n<meta property=\"og:video:height\" content=\"270\" \/>\n<meta property=\"ya:ovs:adult\" content=\"false\" \/>\n<meta property=\"ya:ovs:upload_date\" content=\"2018-10-16T07:49:26+00:00\" \/>\n<meta property=\"ya:ovs:allow_embed\" content=\"true\" \/>\n<!-- \/ Yoast SEO Premium plugin. -->","yoast_head_json":{"title":"Holz-Handwerk 2018 a Norimberga con il navigatore di strumenti - CHM","description":"Holz-Handwerk 2018 a Norimberga con il nuovo navigatore di utensili: router con computer tablet per guidare il router in base al file DXF.","robots":{"index":"index","follow":"follow","max-snippet":"max-snippet:-1","max-image-preview":"max-image-preview:large","max-video-preview":"max-video-preview:-1"},"canonical":"https:\/\/c-hessler.de\/it\/misura\/artigianato-del-legno-2018-a-norimberga\/","og_locale":"it_IT","og_type":"article","og_title":"Holz-Handwerk 2018 in N\u00fcrnberg","og_description":"Holz-Handwerk 2018 in N\u00fcrnberg mit dem neuen Werkzeug-Navi: Oberfr\u00e4se mit Tablet-Computer zum F\u00fchren der Fr\u00e4se nach DXF-Datei.","og_url":"https:\/\/c-hessler.de\/it\/misura\/artigianato-del-legno-2018-a-norimberga\/","og_site_name":"Dr. Christoph He\u00dfler Maschinensysteme","article_publisher":"https:\/\/www.facebook.com\/DrChristophHesslerMaschinensysteme\/","article_modified_time":"2025-12-11T16:40:40+00:00","og_image":[{"url":"https:\/\/c-hessler.de\/wp-content\/uploads\/2018\/10\/20180323_094639-e1539675176629.jpg","type":"","width":"","height":""}],"twitter_misc":{"Tempo di lettura stimato":"2 minuti"},"schema":{"@context":"https:\/\/schema.org","@graph":[{"@type":"WebPage","@id":"https:\/\/c-hessler.de\/fr\/mesurer\/holz-handwerk-2018-a-nuernberg\/","url":"https:\/\/c-hessler.de\/fr\/mesurer\/holz-handwerk-2018-a-nuernberg\/","name":"Holz-Handwerk 2018 a Norimberga con il navigatore di strumenti - CHM","isPartOf":{"@id":"https:\/\/c-hessler.de\/#website"},"primaryImageOfPage":{"@id":"https:\/\/c-hessler.de\/fr\/mesurer\/holz-handwerk-2018-a-nuernberg\/#primaryimage"},"image":{"@id":"https:\/\/c-hessler.de\/fr\/mesurer\/holz-handwerk-2018-a-nuernberg\/#primaryimage"},"thumbnailUrl":"https:\/\/c-hessler.de\/wp-content\/uploads\/2018\/10\/20180323_094639-e1539675176629.jpg","datePublished":"2018-10-16T07:49:26+00:00","dateModified":"2025-12-11T16:40:40+00:00","description":"Holz-Handwerk 2018 a Norimberga con il nuovo navigatore di utensili: router con computer tablet per guidare il router in base al file DXF.","breadcrumb":{"@id":"https:\/\/c-hessler.de\/fr\/mesurer\/holz-handwerk-2018-a-nuernberg\/#breadcrumb"},"inLanguage":"it-IT","potentialAction":[{"@type":"ReadAction","target":["https:\/\/c-hessler.de\/fr\/mesurer\/holz-handwerk-2018-a-nuernberg\/"]}]},{"@type":"ImageObject","inLanguage":"it-IT","@id":"https:\/\/c-hessler.de\/fr\/mesurer\/holz-handwerk-2018-a-nuernberg\/#primaryimage","url":"https:\/\/c-hessler.de\/wp-content\/uploads\/2018\/10\/20180323_094639-e1539675176629.jpg","contentUrl":"https:\/\/c-hessler.de\/wp-content\/uploads\/2018\/10\/20180323_094639-e1539675176629.jpg"},{"@type":"BreadcrumbList","@id":"https:\/\/c-hessler.de\/fr\/mesurer\/holz-handwerk-2018-a-nuernberg\/#breadcrumb","itemListElement":[{"@type":"ListItem","position":1,"name":"Messen","item":"https:\/\/c-hessler.de\/messen\/"},{"@type":"ListItem","position":2,"name":"Holz-Handwerk 2018 in N\u00fcrnberg"}]},{"@type":"WebSite","@id":"https:\/\/c-hessler.de\/#website","url":"https:\/\/c-hessler.de\/","name":"www.c-hessler.de","description":"","publisher":{"@id":"https:\/\/c-hessler.de\/#organization"},"potentialAction":[{"@type":"SearchAction","target":{"@type":"EntryPoint","urlTemplate":"https:\/\/c-hessler.de\/?s={search_term_string}"},"query-input":{"@type":"PropertyValueSpecification","valueRequired":true,"valueName":"search_term_string"}}],"inLanguage":"it-IT"},{"@type":"Organization","@id":"https:\/\/c-hessler.de\/#organization","name":"Dr. Christoph He\u00dfler Sistemi di macchine","alternateName":"Dr. Christoph He\u00dfler Maschinensysteme","url":"https:\/\/c-hessler.de\/","logo":{"@type":"ImageObject","inLanguage":"it-IT","@id":"https:\/\/c-hessler.de\/#\/schema\/logo\/image\/","url":"https:\/\/c-hessler.de\/wp-content\/uploads\/2026\/02\/Draw-03-150312-110115-Ausgeschnitten-I.jpg","contentUrl":"https:\/\/c-hessler.de\/wp-content\/uploads\/2026\/02\/Draw-03-150312-110115-Ausgeschnitten-I.jpg","width":445,"height":394,"caption":"Dr. Christoph He\u00dfler Maschinensysteme"},"image":{"@id":"https:\/\/c-hessler.de\/#\/schema\/logo\/image\/"},"sameAs":["https:\/\/www.facebook.com\/DrChristophHesslerMaschinensysteme\/","https:\/\/www.pinterest.de\/hesstools\/","https:\/\/www.youtube.com\/channel\/UCaNnXDGGF_BiYFQZ2kJgi-A?view_as=subscriber"],"description":"1. Ecken- und Kantenfr\u00e4sen f\u00fcr Tischler und Schreiner, Sonderanfertigungen 2. Auch f\u00fcr die Nachbearbeitung von Eck-Schwei\u00dfn\u00e4hten bei Aluminium-Werkstoffen, f\u00fcr Fahrzeugbauer oder Metallbauer aller Art","email":"christoph.hessler@c-hessler.de","telephone":"0527413012080","legalName":"Dr. Christoph He\u00dfler Maschinensysteme","foundingDate":"2003-06-05","vatID":"DE230070107","numberOfEmployees":{"@type":"QuantitativeValue","minValue":"1","maxValue":"10"}}]},"og_video":"https:\/\/www.youtube.com\/embed\/jc0mq7i1yB8","og_video_type":"text\/html","og_video_duration":"614","og_video_width":"480","og_video_height":"270","ya_ovs_adult":"false","ya_ovs_upload_date":"2018-10-16T07:49:26+00:00","ya_ovs_allow_embed":"true"},"_hostinger_reach_plugin_has_subscription_block":false,"_hostinger_reach_plugin_is_elementor":false,"_links":{"self":[{"href":"https:\/\/c-hessler.de\/it\/wp-json\/wp\/v2\/pages\/205463","targetHints":{"allow":["GET"]}}],"collection":[{"href":"https:\/\/c-hessler.de\/it\/wp-json\/wp\/v2\/pages"}],"about":[{"href":"https:\/\/c-hessler.de\/it\/wp-json\/wp\/v2\/types\/page"}],"author":[{"embeddable":true,"href":"https:\/\/c-hessler.de\/it\/wp-json\/wp\/v2\/users\/5"}],"replies":[{"embeddable":true,"href":"https:\/\/c-hessler.de\/it\/wp-json\/wp\/v2\/comments?post=205463"}],"version-history":[{"count":4,"href":"https:\/\/c-hessler.de\/it\/wp-json\/wp\/v2\/pages\/205463\/revisions"}],"predecessor-version":[{"id":208180,"href":"https:\/\/c-hessler.de\/it\/wp-json\/wp\/v2\/pages\/205463\/revisions\/208180"}],"up":[{"embeddable":true,"href":"https:\/\/c-hessler.de\/it\/wp-json\/wp\/v2\/pages\/8702"}],"wp:attachment":[{"href":"https:\/\/c-hessler.de\/it\/wp-json\/wp\/v2\/media?parent=205463"}],"curies":[{"name":"wp","href":"https:\/\/api.w.org\/{rel}","templated":true}]}}