{"id":207140,"date":"2025-07-30T17:44:23","date_gmt":"2025-07-30T15:44:23","guid":{"rendered":"https:\/\/c-hessler.de\/?page_id=207140"},"modified":"2025-12-09T12:45:12","modified_gmt":"2025-12-09T11:45:12","slug":"video-intaglio-per-angoli-interni-perfetti-senza-cnc","status":"publish","type":"page","link":"https:\/\/c-hessler.de\/it\/produkte\/video-ausklinker-fuer-innenecken-perfekt-ohne-cnc\/","title":{"rendered":"Video intaglio per angoli interni perfetti senza CNC"},"content":{"rendered":"<p>[et_pb_section fb_built=&#8220;1&#8243; _builder_version=&#8220;4.27.4&#8243; global_colors_info=&#8220;{}&#8220;][et_pb_row _builder_version=&#8220;4.16&#8243; background_size=&#8220;initial&#8220; background_position=&#8220;top_left&#8220; background_repeat=&#8220;repeat&#8220; global_colors_info=&#8220;{}&#8220;][et_pb_column type=&#8220;4_4&#8243; _builder_version=&#8220;4.16&#8243; custom_padding=&#8220;|||&#8220; global_colors_info=&#8220;{}&#8220; custom_padding__hover=&#8220;|||&#8220;][et_pb_code _builder_version=&#8220;4.27.4&#8243; _module_preset=&#8220;default&#8220; global_colors_info=&#8220;{}&#8220;]<\/p>\n<div style=\"position: relative; padding-bottom: 56.25%; height: 0; overflow: hidden;\"><!-- [et_pb_line_break_holder] -->  <iframe src=\"https:\/\/www.youtube.com\/embed\/pMIxQiodDDY?autoplay=1\" <!-- [et_pb_line_break_holder] -->          style=&#8220;position: absolute; top: 0; left: 0; width: 100%; height: 100%; border: 0;&#8220; <!-- [et_pb_line_break_holder] -->          allow=&#8220;autoplay; encrypted-media&#8220; <!-- [et_pb_line_break_holder] -->          allowfullscreen><!-- [et_pb_line_break_holder] -->  <\/iframe><!-- [et_pb_line_break_holder] --><\/div>\n<p><!-- [et_pb_line_break_holder] -->[\/et_pb_code][\/et_pb_column][\/et_pb_row][et_pb_row _builder_version=&#8220;4.27.4&#8243; background_size=&#8220;initial&#8220; background_position=&#8220;top_left&#8220; background_repeat=&#8220;repeat&#8220; global_colors_info=&#8220;{}&#8220;][et_pb_column type=&#8220;4_4&#8243; _builder_version=&#8220;4.16&#8243; custom_padding=&#8220;|||&#8220; global_colors_info=&#8220;{}&#8220; custom_padding__hover=&#8220;|||&#8220;][et_pb_text _builder_version=&#8220;4.27.4&#8243; _module_preset=&#8220;default&#8220; global_colors_info=&#8220;{}&#8220;]<\/p>\n<p>Das Video zeigt pr\u00e4zises und einfaches Ausklinken von Rundungen in Innenecken. Das Ergebnis ist eine montagefertige, scharfkantige Innenecke. M\u00f6glich wird dies \u00fcber eine Sonder-Handmaschine, die exakt auf diesen Anwendungsfall abgestimmt ist. In einem Hub werden die Verl\u00e4ngerungen der Inneneckenseiten bis in die Eckenspitze hinein erzeugt. Es entf\u00e4llt das aufw\u00e4ndige und riskante Ausstemmen von Hand und Nachbearbeitung per Feile. Der Ausklinker MZ 02 90F wird seit mehr als 15 Jahren in Handwerk und in der Industrie nachhaltig eingesetzt.<\/p>\n<p>[\/et_pb_text][et_pb_button button_url=&#8220;https:\/\/c-hessler.de\/shop\/ausklinken-ohne-cnc-mit-ausklinker-mz-02-90f-a\/&#8220; button_text=&#8220;Zur\u00fcck zum Produkt&#8220; _builder_version=&#8220;4.27.4&#8243; _module_preset=&#8220;default&#8220; hover_enabled=&#8220;0&#8243; global_colors_info=&#8220;{}&#8220; sticky_enabled=&#8220;0&#8243;][\/et_pb_button][\/et_pb_column][\/et_pb_row][\/et_pb_section]<\/p>\n","protected":false},"excerpt":{"rendered":"<p>[et_pb_section fb_built=&#8220;1&#8243; _builder_version=&#8220;4.27.4&#8243; global_colors_info=&#8220;{}&#8220;][et_pb_row _builder_version=&#8220;4.16&#8243; background_size=&#8220;initial&#8220; background_position=&#8220;top_left&#8220; background_repeat=&#8220;repeat&#8220; global_colors_info=&#8220;{}&#8220;][et_pb_column type=&#8220;4_4&#8243; _builder_version=&#8220;4.16&#8243; custom_padding=&#8220;|||&#8220; global_colors_info=&#8220;{}&#8220; custom_padding__hover=&#8220;|||&#8220;][et_pb_code _builder_version=&#8220;4.27.4&#8243; _module_preset=&#8220;default&#8220; global_colors_info=&#8220;{}&#8220;] style=&#8220;position: absolute; top: 0; left: 0; width: 100%; height: 100%; border: 0;&#8220; allow=&#8220;autoplay; encrypted-media&#8220; allowfullscreen [\/et_pb_code][\/et_pb_column][\/et_pb_row][et_pb_row _builder_version=&#8220;4.27.4&#8243; background_size=&#8220;initial&#8220; background_position=&#8220;top_left&#8220; background_repeat=&#8220;repeat&#8220; global_colors_info=&#8220;{}&#8220;][et_pb_column type=&#8220;4_4&#8243; _builder_version=&#8220;4.16&#8243; custom_padding=&#8220;|||&#8220; global_colors_info=&#8220;{}&#8220; custom_padding__hover=&#8220;|||&#8220;][et_pb_text _builder_version=&#8220;4.27.4&#8243; _module_preset=&#8220;default&#8220; global_colors_info=&#8220;{}&#8220;] Das Video zeigt pr\u00e4zises und einfaches Ausklinken von Rundungen [&hellip;]<\/p>\n","protected":false},"author":5,"featured_media":0,"parent":49,"menu_order":1,"comment_status":"closed","ping_status":"closed","template":"","meta":{"footnotes":""},"class_list":["post-207140","page","type-page","status-publish","hentry"],"yoast_head":"<!-- This site is optimized with the Yoast SEO Premium plugin v27.0 (Yoast SEO v27.4) - https:\/\/yoast.com\/product\/yoast-seo-premium-wordpress\/ -->\n<title>Video Ausklinker f\u00fcr Innenecken ohne CNC von Hand<\/title>\n<meta name=\"description\" content=\"Video zum Ausklinken von Rundungen in Innenecken. Darstellung des Arbeitsprinzips f\u00fcr perfektes Ausspitzen ohne CNC von Hand\" \/>\n<meta name=\"robots\" content=\"index, follow, max-snippet:-1, max-image-preview:large, max-video-preview:-1\" \/>\n<link rel=\"canonical\" href=\"https:\/\/c-hessler.de\/it\/prodotti\/video-intaglio-per-angoli-interni-perfetti-senza-cnc\/\" \/>\n<meta property=\"og:locale\" content=\"it_IT\" \/>\n<meta property=\"og:type\" content=\"article\" \/>\n<meta property=\"og:title\" content=\"Video Ausklinker f\u00fcr Innenecken perfekt ohne CNC\" \/>\n<meta property=\"og:description\" content=\"Video zum Ausklinken von Rundungen in Innenecken. Darstellung des Arbeitsprinzips f\u00fcr perfektes Ausspitzen ohne CNC von Hand\" \/>\n<meta property=\"og:url\" content=\"https:\/\/c-hessler.de\/it\/prodotti\/video-intaglio-per-angoli-interni-perfetti-senza-cnc\/\" \/>\n<meta property=\"og:site_name\" content=\"Dr. Christoph He\u00dfler Maschinensysteme\" \/>\n<meta property=\"article:publisher\" content=\"https:\/\/www.facebook.com\/DrChristophHesslerMaschinensysteme\/\" \/>\n<meta property=\"article:modified_time\" content=\"2025-12-09T11:45:12+00:00\" \/>\n<meta name=\"twitter:label1\" content=\"Tempo di lettura stimato\" \/>\n\t<meta name=\"twitter:data1\" content=\"1 minuto\" \/>\n<script type=\"application\/ld+json\" class=\"yoast-schema-graph\">{\"@context\":\"https:\\\/\\\/schema.org\",\"@graph\":[{\"@type\":\"WebPage\",\"@id\":\"https:\\\/\\\/c-hessler.de\\\/sv\\\/produkter\\\/video-urfraes-foer-innerhoern-perfekt-utan-cnc\\\/\",\"url\":\"https:\\\/\\\/c-hessler.de\\\/sv\\\/produkter\\\/video-urfraes-foer-innerhoern-perfekt-utan-cnc\\\/\",\"name\":\"Video Ausklinker f\u00fcr Innenecken ohne CNC von Hand\",\"isPartOf\":{\"@id\":\"https:\\\/\\\/c-hessler.de\\\/#website\"},\"datePublished\":\"2025-07-30T15:44:23+00:00\",\"dateModified\":\"2025-12-09T11:45:12+00:00\",\"description\":\"Video zum Ausklinken von Rundungen in Innenecken. Darstellung des Arbeitsprinzips f\u00fcr perfektes Ausspitzen ohne CNC von Hand\",\"breadcrumb\":{\"@id\":\"https:\\\/\\\/c-hessler.de\\\/sv\\\/produkter\\\/video-urfraes-foer-innerhoern-perfekt-utan-cnc\\\/#breadcrumb\"},\"inLanguage\":\"it-IT\",\"potentialAction\":[{\"@type\":\"ReadAction\",\"target\":[\"https:\\\/\\\/c-hessler.de\\\/sv\\\/produkter\\\/video-urfraes-foer-innerhoern-perfekt-utan-cnc\\\/\"]}]},{\"@type\":\"BreadcrumbList\",\"@id\":\"https:\\\/\\\/c-hessler.de\\\/sv\\\/produkter\\\/video-urfraes-foer-innerhoern-perfekt-utan-cnc\\\/#breadcrumb\",\"itemListElement\":[{\"@type\":\"ListItem\",\"position\":1,\"name\":\"Produkte\",\"item\":\"https:\\\/\\\/c-hessler.de\\\/produkte\\\/\"},{\"@type\":\"ListItem\",\"position\":2,\"name\":\"Video Ausklinker f\u00fcr Innenecken perfekt ohne CNC\"}]},{\"@type\":\"WebSite\",\"@id\":\"https:\\\/\\\/c-hessler.de\\\/#website\",\"url\":\"https:\\\/\\\/c-hessler.de\\\/\",\"name\":\"www.c-hessler.de\",\"description\":\"\",\"publisher\":{\"@id\":\"https:\\\/\\\/c-hessler.de\\\/#organization\"},\"potentialAction\":[{\"@type\":\"SearchAction\",\"target\":{\"@type\":\"EntryPoint\",\"urlTemplate\":\"https:\\\/\\\/c-hessler.de\\\/?s={search_term_string}\"},\"query-input\":{\"@type\":\"PropertyValueSpecification\",\"valueRequired\":true,\"valueName\":\"search_term_string\"}}],\"inLanguage\":\"it-IT\"},{\"@type\":\"Organization\",\"@id\":\"https:\\\/\\\/c-hessler.de\\\/#organization\",\"name\":\"Dr. Christoph He\u00dfler Maschinensysteme\",\"alternateName\":\"Dr. Christoph He\u00dfler Maschinensysteme\",\"url\":\"https:\\\/\\\/c-hessler.de\\\/\",\"logo\":{\"@type\":\"ImageObject\",\"inLanguage\":\"it-IT\",\"@id\":\"https:\\\/\\\/c-hessler.de\\\/#\\\/schema\\\/logo\\\/image\\\/\",\"url\":\"https:\\\/\\\/c-hessler.de\\\/wp-content\\\/uploads\\\/2026\\\/02\\\/Draw-03-150312-110115-Ausgeschnitten-I.jpg\",\"contentUrl\":\"https:\\\/\\\/c-hessler.de\\\/wp-content\\\/uploads\\\/2026\\\/02\\\/Draw-03-150312-110115-Ausgeschnitten-I.jpg\",\"width\":445,\"height\":394,\"caption\":\"Dr. Christoph He\u00dfler Maschinensysteme\"},\"image\":{\"@id\":\"https:\\\/\\\/c-hessler.de\\\/#\\\/schema\\\/logo\\\/image\\\/\"},\"sameAs\":[\"https:\\\/\\\/www.facebook.com\\\/DrChristophHesslerMaschinensysteme\\\/\",\"https:\\\/\\\/www.pinterest.de\\\/hesstools\\\/\",\"https:\\\/\\\/www.youtube.com\\\/channel\\\/UCaNnXDGGF_BiYFQZ2kJgi-A?view_as=subscriber\"],\"description\":\"1. Ecken- und Kantenfr\u00e4sen f\u00fcr Tischler und Schreiner, Sonderanfertigungen 2. Auch f\u00fcr die Nachbearbeitung von Eck-Schwei\u00dfn\u00e4hten bei Aluminium-Werkstoffen, f\u00fcr Fahrzeugbauer oder Metallbauer aller Art\",\"email\":\"christoph.hessler@c-hessler.de\",\"telephone\":\"0527413012080\",\"legalName\":\"Dr. Christoph He\u00dfler Maschinensysteme\",\"foundingDate\":\"2003-06-05\",\"vatID\":\"DE230070107\",\"numberOfEmployees\":{\"@type\":\"QuantitativeValue\",\"minValue\":\"1\",\"maxValue\":\"10\"}}]}<\/script>\n<meta property=\"og:video\" content=\"https:\/\/www.youtube.com\/embed\/pMIxQiodDDY\" \/>\n<meta property=\"og:video:type\" content=\"text\/html\" \/>\n<meta property=\"og:video:duration\" content=\"165\" \/>\n<meta property=\"og:video:width\" content=\"480\" \/>\n<meta property=\"og:video:height\" content=\"270\" \/>\n<meta property=\"ya:ovs:adult\" content=\"false\" \/>\n<meta property=\"ya:ovs:upload_date\" content=\"2025-07-30T15:44:23+00:00\" \/>\n<meta property=\"ya:ovs:allow_embed\" content=\"true\" \/>\n<!-- \/ Yoast SEO Premium plugin. -->","yoast_head_json":{"title":"Video intaglio per angoli interni senza CNC a mano","description":"Video sull'arrotondamento degli angoli interni. Illustrazione del principio di funzionamento per un'intaglio perfetto a mano senza CNC","robots":{"index":"index","follow":"follow","max-snippet":"max-snippet:-1","max-image-preview":"max-image-preview:large","max-video-preview":"max-video-preview:-1"},"canonical":"https:\/\/c-hessler.de\/it\/prodotti\/video-intaglio-per-angoli-interni-perfetti-senza-cnc\/","og_locale":"it_IT","og_type":"article","og_title":"Video Ausklinker f\u00fcr Innenecken perfekt ohne CNC","og_description":"Video zum Ausklinken von Rundungen in Innenecken. Darstellung des Arbeitsprinzips f\u00fcr perfektes Ausspitzen ohne CNC von Hand","og_url":"https:\/\/c-hessler.de\/it\/prodotti\/video-intaglio-per-angoli-interni-perfetti-senza-cnc\/","og_site_name":"Dr. Christoph He\u00dfler Maschinensysteme","article_publisher":"https:\/\/www.facebook.com\/DrChristophHesslerMaschinensysteme\/","article_modified_time":"2025-12-09T11:45:12+00:00","twitter_misc":{"Tempo di lettura stimato":"1 minuto"},"schema":{"@context":"https:\/\/schema.org","@graph":[{"@type":"WebPage","@id":"https:\/\/c-hessler.de\/sv\/produkter\/video-urfraes-foer-innerhoern-perfekt-utan-cnc\/","url":"https:\/\/c-hessler.de\/sv\/produkter\/video-urfraes-foer-innerhoern-perfekt-utan-cnc\/","name":"Video intaglio per angoli interni senza CNC a mano","isPartOf":{"@id":"https:\/\/c-hessler.de\/#website"},"datePublished":"2025-07-30T15:44:23+00:00","dateModified":"2025-12-09T11:45:12+00:00","description":"Video sull'arrotondamento degli angoli interni. Illustrazione del principio di funzionamento per un'intaglio perfetto a mano senza CNC","breadcrumb":{"@id":"https:\/\/c-hessler.de\/sv\/produkter\/video-urfraes-foer-innerhoern-perfekt-utan-cnc\/#breadcrumb"},"inLanguage":"it-IT","potentialAction":[{"@type":"ReadAction","target":["https:\/\/c-hessler.de\/sv\/produkter\/video-urfraes-foer-innerhoern-perfekt-utan-cnc\/"]}]},{"@type":"BreadcrumbList","@id":"https:\/\/c-hessler.de\/sv\/produkter\/video-urfraes-foer-innerhoern-perfekt-utan-cnc\/#breadcrumb","itemListElement":[{"@type":"ListItem","position":1,"name":"Produkte","item":"https:\/\/c-hessler.de\/produkte\/"},{"@type":"ListItem","position":2,"name":"Video Ausklinker f\u00fcr Innenecken perfekt ohne CNC"}]},{"@type":"WebSite","@id":"https:\/\/c-hessler.de\/#website","url":"https:\/\/c-hessler.de\/","name":"www.c-hessler.de","description":"","publisher":{"@id":"https:\/\/c-hessler.de\/#organization"},"potentialAction":[{"@type":"SearchAction","target":{"@type":"EntryPoint","urlTemplate":"https:\/\/c-hessler.de\/?s={search_term_string}"},"query-input":{"@type":"PropertyValueSpecification","valueRequired":true,"valueName":"search_term_string"}}],"inLanguage":"it-IT"},{"@type":"Organization","@id":"https:\/\/c-hessler.de\/#organization","name":"Dr. Christoph He\u00dfler Sistemi di macchine","alternateName":"Dr. Christoph He\u00dfler Maschinensysteme","url":"https:\/\/c-hessler.de\/","logo":{"@type":"ImageObject","inLanguage":"it-IT","@id":"https:\/\/c-hessler.de\/#\/schema\/logo\/image\/","url":"https:\/\/c-hessler.de\/wp-content\/uploads\/2026\/02\/Draw-03-150312-110115-Ausgeschnitten-I.jpg","contentUrl":"https:\/\/c-hessler.de\/wp-content\/uploads\/2026\/02\/Draw-03-150312-110115-Ausgeschnitten-I.jpg","width":445,"height":394,"caption":"Dr. Christoph He\u00dfler Maschinensysteme"},"image":{"@id":"https:\/\/c-hessler.de\/#\/schema\/logo\/image\/"},"sameAs":["https:\/\/www.facebook.com\/DrChristophHesslerMaschinensysteme\/","https:\/\/www.pinterest.de\/hesstools\/","https:\/\/www.youtube.com\/channel\/UCaNnXDGGF_BiYFQZ2kJgi-A?view_as=subscriber"],"description":"1. Ecken- und Kantenfr\u00e4sen f\u00fcr Tischler und Schreiner, Sonderanfertigungen 2. Auch f\u00fcr die Nachbearbeitung von Eck-Schwei\u00dfn\u00e4hten bei Aluminium-Werkstoffen, f\u00fcr Fahrzeugbauer oder Metallbauer aller Art","email":"christoph.hessler@c-hessler.de","telephone":"0527413012080","legalName":"Dr. Christoph He\u00dfler Maschinensysteme","foundingDate":"2003-06-05","vatID":"DE230070107","numberOfEmployees":{"@type":"QuantitativeValue","minValue":"1","maxValue":"10"}}]},"og_video":"https:\/\/www.youtube.com\/embed\/pMIxQiodDDY","og_video_type":"text\/html","og_video_duration":"165","og_video_width":"480","og_video_height":"270","ya_ovs_adult":"false","ya_ovs_upload_date":"2025-07-30T15:44:23+00:00","ya_ovs_allow_embed":"true"},"_hostinger_reach_plugin_has_subscription_block":false,"_hostinger_reach_plugin_is_elementor":false,"_links":{"self":[{"href":"https:\/\/c-hessler.de\/it\/wp-json\/wp\/v2\/pages\/207140","targetHints":{"allow":["GET"]}}],"collection":[{"href":"https:\/\/c-hessler.de\/it\/wp-json\/wp\/v2\/pages"}],"about":[{"href":"https:\/\/c-hessler.de\/it\/wp-json\/wp\/v2\/types\/page"}],"author":[{"embeddable":true,"href":"https:\/\/c-hessler.de\/it\/wp-json\/wp\/v2\/users\/5"}],"replies":[{"embeddable":true,"href":"https:\/\/c-hessler.de\/it\/wp-json\/wp\/v2\/comments?post=207140"}],"version-history":[{"count":0,"href":"https:\/\/c-hessler.de\/it\/wp-json\/wp\/v2\/pages\/207140\/revisions"}],"up":[{"embeddable":true,"href":"https:\/\/c-hessler.de\/it\/wp-json\/wp\/v2\/pages\/49"}],"wp:attachment":[{"href":"https:\/\/c-hessler.de\/it\/wp-json\/wp\/v2\/media?parent=207140"}],"curies":[{"name":"wp","href":"https:\/\/api.w.org\/{rel}","templated":true}]}}