{"id":9382,"date":"2015-04-29T10:37:32","date_gmt":"2015-04-29T08:37:32","guid":{"rendered":"http:\/\/\/?page_id=9382"},"modified":"2025-12-13T13:27:15","modified_gmt":"2025-12-13T12:27:15","slug":"danielmeyer-beteiligungs-gmbh","status":"publish","type":"page","link":"https:\/\/c-hessler.de\/it\/referenzen\/danielmeyer-beteiligungs-gmbh\/","title":{"rendered":"Danielmeyer GmbH &amp; Co. KG"},"content":{"rendered":"<div data-elementor-type=\"wp-page\" data-elementor-id=\"9382\" class=\"elementor elementor-9382\" data-elementor-settings=\"{&quot;ha_cmc_init_switcher&quot;:&quot;no&quot;}\" data-elementor-post-type=\"page\">\n\t\t\t\t<div class=\"elementor-element elementor-element-7b10a7d5 e-grid e-con-boxed e-con e-parent\" data-id=\"7b10a7d5\" data-element_type=\"container\" data-e-type=\"container\" data-settings=\"{&quot;_ha_eqh_enable&quot;:false}\">\n\t\t\t\t\t<div class=\"e-con-inner\">\n\t\t\t\t<div class=\"elementor-element elementor-element-4760f6cd elementor-widget elementor-widget-text-editor\" data-id=\"4760f6cd\" data-element_type=\"widget\" data-e-type=\"widget\" data-widget_type=\"text-editor.default\">\n\t\t\t\t\t\t\t\t\t<h4 class=\"et_pb_module_header\">Danielmeyer GmbH &amp; Co. KG - Piani di lavoro<\/h4><div class=\"et_pb_blurb_description\"><p>B\u00fcnder Stra\u00dfe 248<br \/>32584 L\u00f6hne<\/p><p>Telefono: +49 (0) 5732 \/ 9840<br \/>Fax: +49 (0) 5732 \/ 984130<\/p><p>Mail: info@danielmeyer.de<\/p><p>Sito web:\u00a0<a href=\"http:\/\/www.danielmeyer.de\/\">www.danielmeyer.de<\/a><\/p><\/div>\t\t\t\t\t\t\t\t<\/div>\n\t\t\t\t<div class=\"elementor-element elementor-element-21bbb204 elementor-widget elementor-widget-image\" data-id=\"21bbb204\" data-element_type=\"widget\" data-e-type=\"widget\" data-widget_type=\"image.default\">\n\t\t\t\t\t\t\t\t\t\t\t\t\t\t\t<img fetchpriority=\"high\" decoding=\"async\" width=\"514\" height=\"98\" src=\"https:\/\/c-hessler.de\/wp-content\/uploads\/2025\/12\/images-1.png\" class=\"attachment-full size-full wp-image-208409\" alt=\"\" srcset=\"https:\/\/c-hessler.de\/wp-content\/uploads\/2025\/12\/images-1.png 514w, https:\/\/c-hessler.de\/wp-content\/uploads\/2025\/12\/images-1-300x57.png 300w, https:\/\/c-hessler.de\/wp-content\/uploads\/2025\/12\/images-1-18x3.png 18w, https:\/\/c-hessler.de\/wp-content\/uploads\/2025\/12\/images-1-441x84.png 441w, https:\/\/c-hessler.de\/wp-content\/uploads\/2025\/12\/images-1-150x29.png 150w\" sizes=\"(max-width: 514px) 100vw, 514px\" \/>\t\t\t\t\t\t\t\t\t\t\t\t\t\t\t<\/div>\n\t\t\t\t\t<\/div>\n\t\t\t\t<\/div>\n\t\t<div class=\"elementor-element elementor-element-9e186aa e-flex e-con-boxed e-con e-parent\" data-id=\"9e186aa\" data-element_type=\"container\" data-e-type=\"container\" data-settings=\"{&quot;_ha_eqh_enable&quot;:false}\">\n\t\t\t\t\t<div class=\"e-con-inner\">\n\t\t\t\t<div class=\"elementor-element elementor-element-34221c7c elementor-widget-divider--view-line elementor-widget elementor-widget-divider\" data-id=\"34221c7c\" data-element_type=\"widget\" data-e-type=\"widget\" data-widget_type=\"divider.default\">\n\t\t\t\t\t\t\t<div class=\"elementor-divider\">\n\t\t\t<span class=\"elementor-divider-separator\">\n\t\t\t\t\t\t<\/span>\n\t\t<\/div>\n\t\t\t\t\t\t<\/div>\n\t\t\t\t\t<\/div>\n\t\t\t\t<\/div>\n\t\t<div class=\"elementor-element elementor-element-43473b91 e-flex e-con-boxed e-con e-parent\" data-id=\"43473b91\" data-element_type=\"container\" data-e-type=\"container\" data-settings=\"{&quot;_ha_eqh_enable&quot;:false}\">\n\t\t\t\t\t<div class=\"e-con-inner\">\n\t\t\t\t<div class=\"elementor-element elementor-element-16b4576 elementor-widget elementor-widget-text-editor\" data-id=\"16b4576\" data-element_type=\"widget\" data-e-type=\"widget\" data-widget_type=\"text-editor.default\">\n\t\t\t\t\t\t\t\t\t<div class=\"et_pb_module et_pb_blurb et_pb_blurb_1  et_pb_text_align_left  et_pb_blurb_position_top et_pb_bg_layout_light\"><div class=\"et_pb_blurb_content\"><div class=\"et_pb_blurb_container\"><h4 class=\"et_pb_module_header\">Fresa a filo per tutti gli angoli MZ 100 160V<\/h4><\/div><\/div><\/div>\t\t\t\t\t\t\t\t<\/div>\n\t\t\t\t\t<\/div>\n\t\t\t\t<\/div>\n\t\t<div class=\"elementor-element elementor-element-23e27bd e-flex e-con-boxed e-con e-parent\" data-id=\"23e27bd\" data-element_type=\"container\" data-e-type=\"container\" data-settings=\"{&quot;_ha_eqh_enable&quot;:false}\">\n\t\t\t\t\t<div class=\"e-con-inner\">\n\t\t\t\t<div class=\"elementor-element elementor-element-72a95fc elementor-widget elementor-widget-image\" data-id=\"72a95fc\" data-element_type=\"widget\" data-e-type=\"widget\" data-widget_type=\"image.default\">\n\t\t\t\t\t\t\t\t\t\t\t\t\t\t\t<img decoding=\"async\" width=\"300\" height=\"200\" src=\"https:\/\/c-hessler.de\/wp-content\/uploads\/2016\/02\/13844cf773e-2-300x200.jpg\" class=\"attachment-full size-full wp-image-10261\" alt=\"\" srcset=\"https:\/\/c-hessler.de\/wp-content\/uploads\/2016\/02\/13844cf773e-2-300x200.jpg 300w, https:\/\/c-hessler.de\/wp-content\/uploads\/2016\/02\/13844cf773e-2-300x200-150x100.jpg 150w\" sizes=\"(max-width: 300px) 100vw, 300px\" \/>\t\t\t\t\t\t\t\t\t\t\t\t\t\t\t<\/div>\n\t\t\t\t\t<\/div>\n\t\t\t\t<\/div>\n\t\t\t\t<\/div>","protected":false},"excerpt":{"rendered":"<p>Danielmeyer GmbH &amp; Co. KG \u2013 Arbeitsplatten B\u00fcnder Stra\u00dfe 24832584 L\u00f6hne Tel.:\u00a0+49 (0) 5732 \/ 9840Fax:\u00a0+49 (0) 5732 \/ 984130 Mail: info@danielmeyer.de Website:\u00a0www.danielmeyer.de Allwinkel-B\u00fcndigfr\u00e4ser MZ 100 160V<\/p>","protected":false},"author":5,"featured_media":0,"parent":9218,"menu_order":0,"comment_status":"closed","ping_status":"closed","template":"elementor_header_footer","meta":{"footnotes":""},"class_list":["post-9382","page","type-page","status-publish","hentry"],"yoast_head":"<!-- This site is optimized with the Yoast SEO Premium plugin v27.0 (Yoast SEO v27.3) - https:\/\/yoast.com\/product\/yoast-seo-premium-wordpress\/ -->\n<title>Danielmeyer GmbH &amp; Co. KG - Dr. Christoph He\u00dfler Maschinensysteme<\/title>\n<meta name=\"robots\" content=\"index, follow, max-snippet:-1, max-image-preview:large, max-video-preview:-1\" \/>\n<link rel=\"canonical\" href=\"https:\/\/c-hessler.de\/it\/riferimenti\/danielmeyer-beteiligungs-gmbh\/\" \/>\n<meta property=\"og:locale\" content=\"it_IT\" \/>\n<meta property=\"og:type\" content=\"article\" \/>\n<meta property=\"og:title\" content=\"Danielmeyer GmbH &amp; Co. KG\" \/>\n<meta property=\"og:description\" content=\"Danielmeyer GmbH &amp; Co. KG \u2013 Arbeitsplatten B\u00fcnder Stra\u00dfe 24832584 L\u00f6hne Tel.:\u00a0+49 (0) 5732 \/ 9840Fax:\u00a0+49 (0) 5732 \/ 984130 Mail: info@danielmeyer.de Website:\u00a0www.danielmeyer.de Allwinkel-B\u00fcndigfr\u00e4ser MZ 100 160V\" \/>\n<meta property=\"og:url\" content=\"https:\/\/c-hessler.de\/it\/riferimenti\/danielmeyer-beteiligungs-gmbh\/\" \/>\n<meta property=\"og:site_name\" content=\"Dr. Christoph He\u00dfler Maschinensysteme\" \/>\n<meta property=\"article:publisher\" content=\"https:\/\/www.facebook.com\/DrChristophHesslerMaschinensysteme\/\" \/>\n<meta property=\"article:modified_time\" content=\"2025-12-13T12:27:15+00:00\" \/>\n<meta property=\"og:image\" content=\"https:\/\/c-hessler.de\/wp-content\/uploads\/2025\/12\/images-1.png\" \/>\n\t<meta property=\"og:image:width\" content=\"514\" \/>\n\t<meta property=\"og:image:height\" content=\"98\" \/>\n\t<meta property=\"og:image:type\" content=\"image\/png\" \/>\n<meta name=\"twitter:label1\" content=\"Tempo di lettura stimato\" \/>\n\t<meta name=\"twitter:data1\" content=\"1 minuto\" \/>\n<script type=\"application\/ld+json\" class=\"yoast-schema-graph\">{\"@context\":\"https:\\\/\\\/schema.org\",\"@graph\":[{\"@type\":\"WebPage\",\"@id\":\"https:\\\/\\\/c-hessler.de\\\/referenzen\\\/danielmeyer-beteiligungs-gmbh\\\/\",\"url\":\"https:\\\/\\\/c-hessler.de\\\/referenzen\\\/danielmeyer-beteiligungs-gmbh\\\/\",\"name\":\"Danielmeyer GmbH & Co. KG - Dr. Christoph He\u00dfler Maschinensysteme\",\"isPartOf\":{\"@id\":\"https:\\\/\\\/c-hessler.de\\\/#website\"},\"primaryImageOfPage\":{\"@id\":\"https:\\\/\\\/c-hessler.de\\\/referenzen\\\/danielmeyer-beteiligungs-gmbh\\\/#primaryimage\"},\"image\":{\"@id\":\"https:\\\/\\\/c-hessler.de\\\/referenzen\\\/danielmeyer-beteiligungs-gmbh\\\/#primaryimage\"},\"thumbnailUrl\":\"https:\\\/\\\/c-hessler.de\\\/wp-content\\\/uploads\\\/2025\\\/12\\\/images-1.png\",\"datePublished\":\"2015-04-29T08:37:32+00:00\",\"dateModified\":\"2025-12-13T12:27:15+00:00\",\"breadcrumb\":{\"@id\":\"https:\\\/\\\/c-hessler.de\\\/referenzen\\\/danielmeyer-beteiligungs-gmbh\\\/#breadcrumb\"},\"inLanguage\":\"it-IT\",\"potentialAction\":[{\"@type\":\"ReadAction\",\"target\":[\"https:\\\/\\\/c-hessler.de\\\/referenzen\\\/danielmeyer-beteiligungs-gmbh\\\/\"]}]},{\"@type\":\"ImageObject\",\"inLanguage\":\"it-IT\",\"@id\":\"https:\\\/\\\/c-hessler.de\\\/referenzen\\\/danielmeyer-beteiligungs-gmbh\\\/#primaryimage\",\"url\":\"https:\\\/\\\/c-hessler.de\\\/wp-content\\\/uploads\\\/2025\\\/12\\\/images-1.png\",\"contentUrl\":\"https:\\\/\\\/c-hessler.de\\\/wp-content\\\/uploads\\\/2025\\\/12\\\/images-1.png\"},{\"@type\":\"BreadcrumbList\",\"@id\":\"https:\\\/\\\/c-hessler.de\\\/referenzen\\\/danielmeyer-beteiligungs-gmbh\\\/#breadcrumb\",\"itemListElement\":[{\"@type\":\"ListItem\",\"position\":1,\"name\":\"Referenzen\",\"item\":\"https:\\\/\\\/c-hessler.de\\\/referenzen\\\/\"},{\"@type\":\"ListItem\",\"position\":2,\"name\":\"Danielmeyer GmbH &#038; Co. KG\"}]},{\"@type\":\"WebSite\",\"@id\":\"https:\\\/\\\/c-hessler.de\\\/#website\",\"url\":\"https:\\\/\\\/c-hessler.de\\\/\",\"name\":\"www.c-hessler.de\",\"description\":\"\",\"publisher\":{\"@id\":\"https:\\\/\\\/c-hessler.de\\\/#organization\"},\"potentialAction\":[{\"@type\":\"SearchAction\",\"target\":{\"@type\":\"EntryPoint\",\"urlTemplate\":\"https:\\\/\\\/c-hessler.de\\\/?s={search_term_string}\"},\"query-input\":{\"@type\":\"PropertyValueSpecification\",\"valueRequired\":true,\"valueName\":\"search_term_string\"}}],\"inLanguage\":\"it-IT\"},{\"@type\":\"Organization\",\"@id\":\"https:\\\/\\\/c-hessler.de\\\/#organization\",\"name\":\"Dr. Christoph He\u00dfler Maschinensysteme\",\"alternateName\":\"Dr. Christoph He\u00dfler Maschinensysteme\",\"url\":\"https:\\\/\\\/c-hessler.de\\\/\",\"logo\":{\"@type\":\"ImageObject\",\"inLanguage\":\"it-IT\",\"@id\":\"https:\\\/\\\/c-hessler.de\\\/#\\\/schema\\\/logo\\\/image\\\/\",\"url\":\"https:\\\/\\\/c-hessler.de\\\/wp-content\\\/uploads\\\/2026\\\/02\\\/Draw-03-150312-110115-Ausgeschnitten-I.jpg\",\"contentUrl\":\"https:\\\/\\\/c-hessler.de\\\/wp-content\\\/uploads\\\/2026\\\/02\\\/Draw-03-150312-110115-Ausgeschnitten-I.jpg\",\"width\":445,\"height\":394,\"caption\":\"Dr. Christoph He\u00dfler Maschinensysteme\"},\"image\":{\"@id\":\"https:\\\/\\\/c-hessler.de\\\/#\\\/schema\\\/logo\\\/image\\\/\"},\"sameAs\":[\"https:\\\/\\\/www.facebook.com\\\/DrChristophHesslerMaschinensysteme\\\/\",\"https:\\\/\\\/www.pinterest.de\\\/hesstools\\\/\",\"https:\\\/\\\/www.youtube.com\\\/channel\\\/UCaNnXDGGF_BiYFQZ2kJgi-A?view_as=subscriber\"],\"description\":\"1. Ecken- und Kantenfr\u00e4sen f\u00fcr Tischler und Schreiner, Sonderanfertigungen 2. Auch f\u00fcr die Nachbearbeitung von Eck-Schwei\u00dfn\u00e4hten bei Aluminium-Werkstoffen, f\u00fcr Fahrzeugbauer oder Metallbauer aller Art\",\"email\":\"christoph.hessler@c-hessler.de\",\"telephone\":\"0527413012080\",\"legalName\":\"Dr. Christoph He\u00dfler Maschinensysteme\",\"foundingDate\":\"2003-06-05\",\"vatID\":\"DE230070107\",\"numberOfEmployees\":{\"@type\":\"QuantitativeValue\",\"minValue\":\"1\",\"maxValue\":\"10\"}}]}<\/script>\n<!-- \/ Yoast SEO Premium plugin. -->","yoast_head_json":{"title":"Danielmeyer GmbH &amp; Co. KG - Sistemi di macchine Dr. Christoph He\u00dfler","robots":{"index":"index","follow":"follow","max-snippet":"max-snippet:-1","max-image-preview":"max-image-preview:large","max-video-preview":"max-video-preview:-1"},"canonical":"https:\/\/c-hessler.de\/it\/riferimenti\/danielmeyer-beteiligungs-gmbh\/","og_locale":"it_IT","og_type":"article","og_title":"Danielmeyer GmbH & Co. KG","og_description":"Danielmeyer GmbH &amp; Co. KG \u2013 Arbeitsplatten B\u00fcnder Stra\u00dfe 24832584 L\u00f6hne Tel.:\u00a0+49 (0) 5732 \/ 9840Fax:\u00a0+49 (0) 5732 \/ 984130 Mail: info@danielmeyer.de Website:\u00a0www.danielmeyer.de Allwinkel-B\u00fcndigfr\u00e4ser MZ 100 160V","og_url":"https:\/\/c-hessler.de\/it\/riferimenti\/danielmeyer-beteiligungs-gmbh\/","og_site_name":"Dr. Christoph He\u00dfler Maschinensysteme","article_publisher":"https:\/\/www.facebook.com\/DrChristophHesslerMaschinensysteme\/","article_modified_time":"2025-12-13T12:27:15+00:00","og_image":[{"width":514,"height":98,"url":"https:\/\/c-hessler.de\/wp-content\/uploads\/2025\/12\/images-1.png","type":"image\/png"}],"twitter_misc":{"Tempo di lettura stimato":"1 minuto"},"schema":{"@context":"https:\/\/schema.org","@graph":[{"@type":"WebPage","@id":"https:\/\/c-hessler.de\/referenzen\/danielmeyer-beteiligungs-gmbh\/","url":"https:\/\/c-hessler.de\/referenzen\/danielmeyer-beteiligungs-gmbh\/","name":"Danielmeyer GmbH &amp; Co. KG - Sistemi di macchine Dr. Christoph He\u00dfler","isPartOf":{"@id":"https:\/\/c-hessler.de\/#website"},"primaryImageOfPage":{"@id":"https:\/\/c-hessler.de\/referenzen\/danielmeyer-beteiligungs-gmbh\/#primaryimage"},"image":{"@id":"https:\/\/c-hessler.de\/referenzen\/danielmeyer-beteiligungs-gmbh\/#primaryimage"},"thumbnailUrl":"https:\/\/c-hessler.de\/wp-content\/uploads\/2025\/12\/images-1.png","datePublished":"2015-04-29T08:37:32+00:00","dateModified":"2025-12-13T12:27:15+00:00","breadcrumb":{"@id":"https:\/\/c-hessler.de\/referenzen\/danielmeyer-beteiligungs-gmbh\/#breadcrumb"},"inLanguage":"it-IT","potentialAction":[{"@type":"ReadAction","target":["https:\/\/c-hessler.de\/referenzen\/danielmeyer-beteiligungs-gmbh\/"]}]},{"@type":"ImageObject","inLanguage":"it-IT","@id":"https:\/\/c-hessler.de\/referenzen\/danielmeyer-beteiligungs-gmbh\/#primaryimage","url":"https:\/\/c-hessler.de\/wp-content\/uploads\/2025\/12\/images-1.png","contentUrl":"https:\/\/c-hessler.de\/wp-content\/uploads\/2025\/12\/images-1.png"},{"@type":"BreadcrumbList","@id":"https:\/\/c-hessler.de\/referenzen\/danielmeyer-beteiligungs-gmbh\/#breadcrumb","itemListElement":[{"@type":"ListItem","position":1,"name":"Referenzen","item":"https:\/\/c-hessler.de\/referenzen\/"},{"@type":"ListItem","position":2,"name":"Danielmeyer GmbH &#038; Co. KG"}]},{"@type":"WebSite","@id":"https:\/\/c-hessler.de\/#website","url":"https:\/\/c-hessler.de\/","name":"www.c-hessler.de","description":"","publisher":{"@id":"https:\/\/c-hessler.de\/#organization"},"potentialAction":[{"@type":"SearchAction","target":{"@type":"EntryPoint","urlTemplate":"https:\/\/c-hessler.de\/?s={search_term_string}"},"query-input":{"@type":"PropertyValueSpecification","valueRequired":true,"valueName":"search_term_string"}}],"inLanguage":"it-IT"},{"@type":"Organization","@id":"https:\/\/c-hessler.de\/#organization","name":"Dr. Christoph He\u00dfler Sistemi di macchine","alternateName":"Dr. Christoph He\u00dfler Maschinensysteme","url":"https:\/\/c-hessler.de\/","logo":{"@type":"ImageObject","inLanguage":"it-IT","@id":"https:\/\/c-hessler.de\/#\/schema\/logo\/image\/","url":"https:\/\/c-hessler.de\/wp-content\/uploads\/2026\/02\/Draw-03-150312-110115-Ausgeschnitten-I.jpg","contentUrl":"https:\/\/c-hessler.de\/wp-content\/uploads\/2026\/02\/Draw-03-150312-110115-Ausgeschnitten-I.jpg","width":445,"height":394,"caption":"Dr. Christoph He\u00dfler Maschinensysteme"},"image":{"@id":"https:\/\/c-hessler.de\/#\/schema\/logo\/image\/"},"sameAs":["https:\/\/www.facebook.com\/DrChristophHesslerMaschinensysteme\/","https:\/\/www.pinterest.de\/hesstools\/","https:\/\/www.youtube.com\/channel\/UCaNnXDGGF_BiYFQZ2kJgi-A?view_as=subscriber"],"description":"1. Ecken- und Kantenfr\u00e4sen f\u00fcr Tischler und Schreiner, Sonderanfertigungen 2. Auch f\u00fcr die Nachbearbeitung von Eck-Schwei\u00dfn\u00e4hten bei Aluminium-Werkstoffen, f\u00fcr Fahrzeugbauer oder Metallbauer aller Art","email":"christoph.hessler@c-hessler.de","telephone":"0527413012080","legalName":"Dr. Christoph He\u00dfler Maschinensysteme","foundingDate":"2003-06-05","vatID":"DE230070107","numberOfEmployees":{"@type":"QuantitativeValue","minValue":"1","maxValue":"10"}}]}},"_hostinger_reach_plugin_has_subscription_block":false,"_hostinger_reach_plugin_is_elementor":false,"_links":{"self":[{"href":"https:\/\/c-hessler.de\/it\/wp-json\/wp\/v2\/pages\/9382","targetHints":{"allow":["GET"]}}],"collection":[{"href":"https:\/\/c-hessler.de\/it\/wp-json\/wp\/v2\/pages"}],"about":[{"href":"https:\/\/c-hessler.de\/it\/wp-json\/wp\/v2\/types\/page"}],"author":[{"embeddable":true,"href":"https:\/\/c-hessler.de\/it\/wp-json\/wp\/v2\/users\/5"}],"replies":[{"embeddable":true,"href":"https:\/\/c-hessler.de\/it\/wp-json\/wp\/v2\/comments?post=9382"}],"version-history":[{"count":3,"href":"https:\/\/c-hessler.de\/it\/wp-json\/wp\/v2\/pages\/9382\/revisions"}],"predecessor-version":[{"id":208412,"href":"https:\/\/c-hessler.de\/it\/wp-json\/wp\/v2\/pages\/9382\/revisions\/208412"}],"up":[{"embeddable":true,"href":"https:\/\/c-hessler.de\/it\/wp-json\/wp\/v2\/pages\/9218"}],"wp:attachment":[{"href":"https:\/\/c-hessler.de\/it\/wp-json\/wp\/v2\/media?parent=9382"}],"curies":[{"name":"wp","href":"https:\/\/api.w.org\/{rel}","templated":true}]}}