{"id":9452,"date":"2015-04-29T14:56:24","date_gmt":"2015-04-29T12:56:24","guid":{"rendered":"http:\/\/\/?page_id=9452"},"modified":"2025-12-13T13:21:23","modified_gmt":"2025-12-13T12:21:23","slug":"falegnameria-krupp-kreutz","status":"publish","type":"page","link":"https:\/\/c-hessler.de\/it\/referenzen\/schreinerei-krupp-kreutz\/","title":{"rendered":"Falegnameria Krupp Kreutz"},"content":{"rendered":"<div data-elementor-type=\"wp-page\" data-elementor-id=\"9452\" class=\"elementor elementor-9452\" data-elementor-settings=\"{&quot;ha_cmc_init_switcher&quot;:&quot;no&quot;}\" data-elementor-post-type=\"page\">\n\t\t\t\t<div class=\"elementor-element elementor-element-7bc45566 e-grid e-con-boxed e-con e-parent\" data-id=\"7bc45566\" data-element_type=\"container\" data-e-type=\"container\" data-settings=\"{&quot;_ha_eqh_enable&quot;:false}\">\n\t\t\t\t\t<div class=\"e-con-inner\">\n\t\t\t\t<div class=\"elementor-element elementor-element-77bf5c1 elementor-widget elementor-widget-text-editor\" data-id=\"77bf5c1\" data-element_type=\"widget\" data-e-type=\"widget\" data-widget_type=\"text-editor.default\">\n\t\t\t\t\t\t\t\t\t<p>Falegnameria Krupp Kreutz<br \/>Ruhrstrasse 5<br \/>76437 Rastatt<\/p><p>Telefono: 0 72 22 \/ 3 90 51<\/p><p>Mail: info@schreinerei-krupp-kreutz.de<\/p><p>Sito web: www.schreinerei-krupp-kreutz.de<\/p>\t\t\t\t\t\t\t\t<\/div>\n\t\t\t\t<div class=\"elementor-element elementor-element-25a1e135 elementor-widget elementor-widget-image\" data-id=\"25a1e135\" data-element_type=\"widget\" data-e-type=\"widget\" data-widget_type=\"image.default\">\n\t\t\t\t\t\t\t\t\t\t\t\t\t\t\t<img decoding=\"async\" width=\"266\" height=\"133\" src=\"https:\/\/c-hessler.de\/wp-content\/uploads\/2015\/04\/krupp.jpg\" class=\"attachment-full size-full wp-image-9250\" alt=\"\" srcset=\"https:\/\/c-hessler.de\/wp-content\/uploads\/2015\/04\/krupp.jpg 266w, https:\/\/c-hessler.de\/wp-content\/uploads\/2015\/04\/krupp-150x75.jpg 150w\" sizes=\"(max-width: 266px) 100vw, 266px\" \/>\t\t\t\t\t\t\t\t\t\t\t\t\t\t\t<\/div>\n\t\t\t\t\t<\/div>\n\t\t\t\t<\/div>\n\t\t<div class=\"elementor-element elementor-element-2eed4669 e-flex e-con-boxed e-con e-parent\" data-id=\"2eed4669\" data-element_type=\"container\" data-e-type=\"container\" data-settings=\"{&quot;_ha_eqh_enable&quot;:false}\">\n\t\t\t\t\t<div class=\"e-con-inner\">\n\t\t\t\t<div class=\"elementor-element elementor-element-482ffb9e elementor-widget-divider--view-line elementor-widget elementor-widget-divider\" data-id=\"482ffb9e\" data-element_type=\"widget\" data-e-type=\"widget\" data-widget_type=\"divider.default\">\n\t\t\t\t\t\t\t<div class=\"elementor-divider\">\n\t\t\t<span class=\"elementor-divider-separator\">\n\t\t\t\t\t\t<\/span>\n\t\t<\/div>\n\t\t\t\t\t\t<\/div>\n\t\t\t\t\t<\/div>\n\t\t\t\t<\/div>\n\t\t<div class=\"elementor-element elementor-element-7cd36e30 e-flex e-con-boxed e-con e-parent\" data-id=\"7cd36e30\" data-element_type=\"container\" data-e-type=\"container\" data-settings=\"{&quot;_ha_eqh_enable&quot;:false}\">\n\t\t\t\t\t<div class=\"e-con-inner\">\n\t\t\t\t<div class=\"elementor-element elementor-element-751733f7 elementor-widget elementor-widget-text-editor\" data-id=\"751733f7\" data-element_type=\"widget\" data-e-type=\"widget\" data-widget_type=\"text-editor.default\">\n\t\t\t\t\t\t\t\t\t<h4 class=\"et_pb_module_header\">E-mail del 18 giugno 2009<\/h4><div class=\"et_pb_blurb_description\"><p>Salve signor Hessler,<\/p><p>Utilizziamo la vostra fresa a filo da diversi mesi e siamo estremamente soddisfatti. Avete sviluppato un ausilio di lavoro che a noi e sicuramente ad altre aziende mancava da tempo. La macchina \u00e8 eccellente in termini di lavorazione, funzionalit\u00e0 e precisione e vale quindi ogni euro.<\/p><p>Posso raccomandare il vostro corner ex a tutti i colleghi senza esitazione. Vi auguriamo di continuare a lavorare bene.<\/p><p>Cordiali saluti<\/p><p>Kreutz, G\u00fcnter<\/p><\/div>\t\t\t\t\t\t\t\t<\/div>\n\t\t\t\t\t<\/div>\n\t\t\t\t<\/div>\n\t\t<div class=\"elementor-element elementor-element-4d094f0b e-flex e-con-boxed e-con e-parent\" data-id=\"4d094f0b\" data-element_type=\"container\" data-e-type=\"container\" data-settings=\"{&quot;_ha_eqh_enable&quot;:false}\">\n\t\t\t\t\t<div class=\"e-con-inner\">\n\t\t\t\t<div class=\"elementor-element elementor-element-6c52fde elementor-widget elementor-widget-image-carousel\" data-id=\"6c52fde\" data-element_type=\"widget\" data-e-type=\"widget\" data-settings=\"{&quot;slides_to_show&quot;:&quot;3&quot;,&quot;navigation&quot;:&quot;none&quot;,&quot;autoplay&quot;:&quot;yes&quot;,&quot;pause_on_hover&quot;:&quot;yes&quot;,&quot;pause_on_interaction&quot;:&quot;yes&quot;,&quot;autoplay_speed&quot;:5000,&quot;infinite&quot;:&quot;yes&quot;,&quot;speed&quot;:500}\" data-widget_type=\"image-carousel.default\">\n\t\t\t\t\t\t\t<div class=\"elementor-image-carousel-wrapper swiper\" role=\"region\" aria-roledescription=\"carousel\" aria-label=\"Carosello di immagini\" dir=\"ltr\">\n\t\t\t<div class=\"elementor-image-carousel swiper-wrapper swiper-image-stretch\" aria-live=\"off\">\n\t\t\t\t\t\t\t\t<div class=\"swiper-slide\" role=\"group\" aria-roledescription=\"slide\" aria-label=\"1 de 3\" data-no-translation-aria-label=\"\"><a data-elementor-open-lightbox=\"yes\" data-elementor-lightbox-slideshow=\"6c52fde\" data-elementor-lightbox-title=\"13843545282-2-300x200\" data-e-action-hash=\"#elementor-action%3Aaction%3Dlightbox%26settings%3DeyJpZCI6MTAyNjUsInVybCI6Imh0dHBzOlwvXC9jLWhlc3NsZXIuZGVcL3dwLWNvbnRlbnRcL3VwbG9hZHNcLzIwMTZcLzAyXC8xMzg0MzU0NTI4Mi0yLTMwMHgyMDAuanBnIiwic2xpZGVzaG93IjoiNmM1MmZkZSJ9\" href=\"https:\/\/c-hessler.de\/wp-content\/uploads\/2016\/02\/13843545282-2-300x200.jpg\"><figure class=\"swiper-slide-inner\"><img decoding=\"async\" class=\"swiper-slide-image\" src=\"https:\/\/c-hessler.de\/wp-content\/uploads\/2016\/02\/13843545282-2-300x200-150x150.jpg\" alt=\"13843545282-2-300x200\" \/><\/figure><\/a><\/div><div class=\"swiper-slide\" role=\"group\" aria-roledescription=\"slide\" aria-label=\"2 de 3\" data-no-translation-aria-label=\"\"><a data-elementor-open-lightbox=\"yes\" data-elementor-lightbox-slideshow=\"6c52fde\" data-elementor-lightbox-title=\"1384352d580-2-300x200\" data-e-action-hash=\"#elementor-action%3Aaction%3Dlightbox%26settings%3DeyJpZCI6MTAyNjcsInVybCI6Imh0dHBzOlwvXC9jLWhlc3NsZXIuZGVcL3dwLWNvbnRlbnRcL3VwbG9hZHNcLzIwMTZcLzAyXC8xMzg0MzUyZDU4MC0yLTMwMHgyMDAuanBnIiwic2xpZGVzaG93IjoiNmM1MmZkZSJ9\" href=\"https:\/\/c-hessler.de\/wp-content\/uploads\/2016\/02\/1384352d580-2-300x200.jpg\"><figure class=\"swiper-slide-inner\"><img decoding=\"async\" class=\"swiper-slide-image\" src=\"https:\/\/c-hessler.de\/wp-content\/uploads\/2016\/02\/1384352d580-2-300x200-150x150.jpg\" alt=\"1384352d580-2-300x200\" \/><\/figure><\/a><\/div><div class=\"swiper-slide\" role=\"group\" aria-roledescription=\"slide\" aria-label=\"3 de 3\" data-no-translation-aria-label=\"\"><a data-elementor-open-lightbox=\"yes\" data-elementor-lightbox-slideshow=\"6c52fde\" data-elementor-lightbox-title=\"13843537d0c-2-300x200\" data-e-action-hash=\"#elementor-action%3Aaction%3Dlightbox%26settings%3DeyJpZCI6MTAyNjYsInVybCI6Imh0dHBzOlwvXC9jLWhlc3NsZXIuZGVcL3dwLWNvbnRlbnRcL3VwbG9hZHNcLzIwMTZcLzAyXC8xMzg0MzUzN2QwYy0yLTMwMHgyMDAuanBnIiwic2xpZGVzaG93IjoiNmM1MmZkZSJ9\" href=\"https:\/\/c-hessler.de\/wp-content\/uploads\/2016\/02\/13843537d0c-2-300x200.jpg\"><figure class=\"swiper-slide-inner\"><img decoding=\"async\" class=\"swiper-slide-image\" src=\"https:\/\/c-hessler.de\/wp-content\/uploads\/2016\/02\/13843537d0c-2-300x200-150x150.jpg\" alt=\"13843537d0c-2-300x200\" \/><\/figure><\/a><\/div>\t\t\t<\/div>\n\t\t\t\t\t\t\t\n\t\t\t\t\t\t\t\t\t<\/div>\n\t\t\t\t\t\t<\/div>\n\t\t\t\t\t<\/div>\n\t\t\t\t<\/div>\n\t\t\t\t<\/div>","protected":false},"excerpt":{"rendered":"<p>Schreinerei Krupp KreutzRuhrstra\u00dfe 576437 Rastatt Tel.: 0 72 22 \/ 3 90 51 Mail: info@schreinerei-krupp-kreutz.de Website: www.schreinerei-krupp-kreutz.de E-Mail vom 18.06.2009 Guten Tag Herr Hessler, wir haben Ihren B\u00fcndigfr\u00e4ser jetzt schon einige Monate im Einsatz und sind bestens zufrieden. Sie haben eine Arbeitshilfe entwickelt, welche uns und sicherlich noch anderen Betriebe schon lange gefehlt hat. Die [&hellip;]<\/p>\n","protected":false},"author":5,"featured_media":0,"parent":9218,"menu_order":0,"comment_status":"closed","ping_status":"closed","template":"elementor_header_footer","meta":{"footnotes":""},"class_list":["post-9452","page","type-page","status-publish","hentry"],"yoast_head":"<!-- This site is optimized with the Yoast SEO Premium plugin v27.0 (Yoast SEO v27.4) - https:\/\/yoast.com\/product\/yoast-seo-premium-wordpress\/ -->\n<title>Sonder-Oberfr\u00e4se f\u00fcr Kantenbearbeitung<\/title>\n<meta name=\"robots\" content=\"index, follow, max-snippet:-1, max-image-preview:large, max-video-preview:-1\" \/>\n<link rel=\"canonical\" href=\"https:\/\/c-hessler.de\/it\/riferimenti\/falegnameria-krupp-kreutz\/\" \/>\n<meta property=\"og:locale\" content=\"it_IT\" \/>\n<meta property=\"og:type\" content=\"article\" \/>\n<meta property=\"og:title\" content=\"Schreinerei Krupp Kreutz\" \/>\n<meta property=\"og:description\" content=\"Schreinerei Krupp KreutzRuhrstra\u00dfe 576437 Rastatt Tel.: 0 72 22 \/ 3 90 51 Mail: info@schreinerei-krupp-kreutz.de Website: www.schreinerei-krupp-kreutz.de E-Mail vom 18.06.2009 Guten Tag Herr Hessler, wir haben Ihren B\u00fcndigfr\u00e4ser jetzt schon einige Monate im Einsatz und sind bestens zufrieden. Sie haben eine Arbeitshilfe entwickelt, welche uns und sicherlich noch anderen Betriebe schon lange gefehlt hat. Die [&hellip;]\" \/>\n<meta property=\"og:url\" content=\"https:\/\/c-hessler.de\/it\/riferimenti\/falegnameria-krupp-kreutz\/\" \/>\n<meta property=\"og:site_name\" content=\"Dr. Christoph He\u00dfler Maschinensysteme\" \/>\n<meta property=\"article:publisher\" content=\"https:\/\/www.facebook.com\/DrChristophHesslerMaschinensysteme\/\" \/>\n<meta property=\"article:modified_time\" content=\"2025-12-13T12:21:23+00:00\" \/>\n<meta property=\"og:image\" content=\"https:\/\/c-hessler.de\/wp-content\/uploads\/2015\/04\/krupp.jpg\" \/>\n\t<meta property=\"og:image:width\" content=\"266\" \/>\n\t<meta property=\"og:image:height\" content=\"133\" \/>\n\t<meta property=\"og:image:type\" content=\"image\/jpeg\" \/>\n<meta name=\"twitter:label1\" content=\"Tempo di lettura stimato\" \/>\n\t<meta name=\"twitter:data1\" content=\"3 minuti\" \/>\n<script type=\"application\/ld+json\" class=\"yoast-schema-graph\">{\"@context\":\"https:\\\/\\\/schema.org\",\"@graph\":[{\"@type\":\"WebPage\",\"@id\":\"https:\\\/\\\/c-hessler.de\\\/referenzen\\\/schreinerei-krupp-kreutz\\\/\",\"url\":\"https:\\\/\\\/c-hessler.de\\\/referenzen\\\/schreinerei-krupp-kreutz\\\/\",\"name\":\"Sonder-Oberfr\u00e4se f\u00fcr Kantenbearbeitung\",\"isPartOf\":{\"@id\":\"https:\\\/\\\/c-hessler.de\\\/#website\"},\"primaryImageOfPage\":{\"@id\":\"https:\\\/\\\/c-hessler.de\\\/referenzen\\\/schreinerei-krupp-kreutz\\\/#primaryimage\"},\"image\":{\"@id\":\"https:\\\/\\\/c-hessler.de\\\/referenzen\\\/schreinerei-krupp-kreutz\\\/#primaryimage\"},\"thumbnailUrl\":\"https:\\\/\\\/c-hessler.de\\\/wp-content\\\/uploads\\\/2015\\\/04\\\/krupp.jpg\",\"datePublished\":\"2015-04-29T12:56:24+00:00\",\"dateModified\":\"2025-12-13T12:21:23+00:00\",\"breadcrumb\":{\"@id\":\"https:\\\/\\\/c-hessler.de\\\/referenzen\\\/schreinerei-krupp-kreutz\\\/#breadcrumb\"},\"inLanguage\":\"it-IT\",\"potentialAction\":[{\"@type\":\"ReadAction\",\"target\":[\"https:\\\/\\\/c-hessler.de\\\/referenzen\\\/schreinerei-krupp-kreutz\\\/\"]}]},{\"@type\":\"ImageObject\",\"inLanguage\":\"it-IT\",\"@id\":\"https:\\\/\\\/c-hessler.de\\\/referenzen\\\/schreinerei-krupp-kreutz\\\/#primaryimage\",\"url\":\"https:\\\/\\\/c-hessler.de\\\/wp-content\\\/uploads\\\/2015\\\/04\\\/krupp.jpg\",\"contentUrl\":\"https:\\\/\\\/c-hessler.de\\\/wp-content\\\/uploads\\\/2015\\\/04\\\/krupp.jpg\"},{\"@type\":\"BreadcrumbList\",\"@id\":\"https:\\\/\\\/c-hessler.de\\\/referenzen\\\/schreinerei-krupp-kreutz\\\/#breadcrumb\",\"itemListElement\":[{\"@type\":\"ListItem\",\"position\":1,\"name\":\"Referenzen\",\"item\":\"https:\\\/\\\/c-hessler.de\\\/referenzen\\\/\"},{\"@type\":\"ListItem\",\"position\":2,\"name\":\"Schreinerei Krupp Kreutz\"}]},{\"@type\":\"WebSite\",\"@id\":\"https:\\\/\\\/c-hessler.de\\\/#website\",\"url\":\"https:\\\/\\\/c-hessler.de\\\/\",\"name\":\"www.c-hessler.de\",\"description\":\"\",\"publisher\":{\"@id\":\"https:\\\/\\\/c-hessler.de\\\/#organization\"},\"potentialAction\":[{\"@type\":\"SearchAction\",\"target\":{\"@type\":\"EntryPoint\",\"urlTemplate\":\"https:\\\/\\\/c-hessler.de\\\/?s={search_term_string}\"},\"query-input\":{\"@type\":\"PropertyValueSpecification\",\"valueRequired\":true,\"valueName\":\"search_term_string\"}}],\"inLanguage\":\"it-IT\"},{\"@type\":\"Organization\",\"@id\":\"https:\\\/\\\/c-hessler.de\\\/#organization\",\"name\":\"Dr. Christoph He\u00dfler Maschinensysteme\",\"alternateName\":\"Dr. Christoph He\u00dfler Maschinensysteme\",\"url\":\"https:\\\/\\\/c-hessler.de\\\/\",\"logo\":{\"@type\":\"ImageObject\",\"inLanguage\":\"it-IT\",\"@id\":\"https:\\\/\\\/c-hessler.de\\\/#\\\/schema\\\/logo\\\/image\\\/\",\"url\":\"https:\\\/\\\/c-hessler.de\\\/wp-content\\\/uploads\\\/2026\\\/02\\\/Draw-03-150312-110115-Ausgeschnitten-I.jpg\",\"contentUrl\":\"https:\\\/\\\/c-hessler.de\\\/wp-content\\\/uploads\\\/2026\\\/02\\\/Draw-03-150312-110115-Ausgeschnitten-I.jpg\",\"width\":445,\"height\":394,\"caption\":\"Dr. Christoph He\u00dfler Maschinensysteme\"},\"image\":{\"@id\":\"https:\\\/\\\/c-hessler.de\\\/#\\\/schema\\\/logo\\\/image\\\/\"},\"sameAs\":[\"https:\\\/\\\/www.facebook.com\\\/DrChristophHesslerMaschinensysteme\\\/\",\"https:\\\/\\\/www.pinterest.de\\\/hesstools\\\/\",\"https:\\\/\\\/www.youtube.com\\\/channel\\\/UCaNnXDGGF_BiYFQZ2kJgi-A?view_as=subscriber\"],\"description\":\"1. Ecken- und Kantenfr\u00e4sen f\u00fcr Tischler und Schreiner, Sonderanfertigungen 2. Auch f\u00fcr die Nachbearbeitung von Eck-Schwei\u00dfn\u00e4hten bei Aluminium-Werkstoffen, f\u00fcr Fahrzeugbauer oder Metallbauer aller Art\",\"email\":\"christoph.hessler@c-hessler.de\",\"telephone\":\"0527413012080\",\"legalName\":\"Dr. Christoph He\u00dfler Maschinensysteme\",\"foundingDate\":\"2003-06-05\",\"vatID\":\"DE230070107\",\"numberOfEmployees\":{\"@type\":\"QuantitativeValue\",\"minValue\":\"1\",\"maxValue\":\"10\"}}]}<\/script>\n<!-- \/ Yoast SEO Premium plugin. -->","yoast_head_json":{"title":"Router speciale per la lavorazione dei bordi","robots":{"index":"index","follow":"follow","max-snippet":"max-snippet:-1","max-image-preview":"max-image-preview:large","max-video-preview":"max-video-preview:-1"},"canonical":"https:\/\/c-hessler.de\/it\/riferimenti\/falegnameria-krupp-kreutz\/","og_locale":"it_IT","og_type":"article","og_title":"Schreinerei Krupp Kreutz","og_description":"Schreinerei Krupp KreutzRuhrstra\u00dfe 576437 Rastatt Tel.: 0 72 22 \/ 3 90 51 Mail: info@schreinerei-krupp-kreutz.de Website: www.schreinerei-krupp-kreutz.de E-Mail vom 18.06.2009 Guten Tag Herr Hessler, wir haben Ihren B\u00fcndigfr\u00e4ser jetzt schon einige Monate im Einsatz und sind bestens zufrieden. Sie haben eine Arbeitshilfe entwickelt, welche uns und sicherlich noch anderen Betriebe schon lange gefehlt hat. Die [&hellip;]","og_url":"https:\/\/c-hessler.de\/it\/riferimenti\/falegnameria-krupp-kreutz\/","og_site_name":"Dr. Christoph He\u00dfler Maschinensysteme","article_publisher":"https:\/\/www.facebook.com\/DrChristophHesslerMaschinensysteme\/","article_modified_time":"2025-12-13T12:21:23+00:00","og_image":[{"width":266,"height":133,"url":"https:\/\/c-hessler.de\/wp-content\/uploads\/2015\/04\/krupp.jpg","type":"image\/jpeg"}],"twitter_misc":{"Tempo di lettura stimato":"3 minuti"},"schema":{"@context":"https:\/\/schema.org","@graph":[{"@type":"WebPage","@id":"https:\/\/c-hessler.de\/referenzen\/schreinerei-krupp-kreutz\/","url":"https:\/\/c-hessler.de\/referenzen\/schreinerei-krupp-kreutz\/","name":"Router speciale per la lavorazione dei bordi","isPartOf":{"@id":"https:\/\/c-hessler.de\/#website"},"primaryImageOfPage":{"@id":"https:\/\/c-hessler.de\/referenzen\/schreinerei-krupp-kreutz\/#primaryimage"},"image":{"@id":"https:\/\/c-hessler.de\/referenzen\/schreinerei-krupp-kreutz\/#primaryimage"},"thumbnailUrl":"https:\/\/c-hessler.de\/wp-content\/uploads\/2015\/04\/krupp.jpg","datePublished":"2015-04-29T12:56:24+00:00","dateModified":"2025-12-13T12:21:23+00:00","breadcrumb":{"@id":"https:\/\/c-hessler.de\/referenzen\/schreinerei-krupp-kreutz\/#breadcrumb"},"inLanguage":"it-IT","potentialAction":[{"@type":"ReadAction","target":["https:\/\/c-hessler.de\/referenzen\/schreinerei-krupp-kreutz\/"]}]},{"@type":"ImageObject","inLanguage":"it-IT","@id":"https:\/\/c-hessler.de\/referenzen\/schreinerei-krupp-kreutz\/#primaryimage","url":"https:\/\/c-hessler.de\/wp-content\/uploads\/2015\/04\/krupp.jpg","contentUrl":"https:\/\/c-hessler.de\/wp-content\/uploads\/2015\/04\/krupp.jpg"},{"@type":"BreadcrumbList","@id":"https:\/\/c-hessler.de\/referenzen\/schreinerei-krupp-kreutz\/#breadcrumb","itemListElement":[{"@type":"ListItem","position":1,"name":"Referenzen","item":"https:\/\/c-hessler.de\/referenzen\/"},{"@type":"ListItem","position":2,"name":"Schreinerei Krupp Kreutz"}]},{"@type":"WebSite","@id":"https:\/\/c-hessler.de\/#website","url":"https:\/\/c-hessler.de\/","name":"www.c-hessler.de","description":"","publisher":{"@id":"https:\/\/c-hessler.de\/#organization"},"potentialAction":[{"@type":"SearchAction","target":{"@type":"EntryPoint","urlTemplate":"https:\/\/c-hessler.de\/?s={search_term_string}"},"query-input":{"@type":"PropertyValueSpecification","valueRequired":true,"valueName":"search_term_string"}}],"inLanguage":"it-IT"},{"@type":"Organization","@id":"https:\/\/c-hessler.de\/#organization","name":"Dr. Christoph He\u00dfler Sistemi di macchine","alternateName":"Dr. Christoph He\u00dfler Maschinensysteme","url":"https:\/\/c-hessler.de\/","logo":{"@type":"ImageObject","inLanguage":"it-IT","@id":"https:\/\/c-hessler.de\/#\/schema\/logo\/image\/","url":"https:\/\/c-hessler.de\/wp-content\/uploads\/2026\/02\/Draw-03-150312-110115-Ausgeschnitten-I.jpg","contentUrl":"https:\/\/c-hessler.de\/wp-content\/uploads\/2026\/02\/Draw-03-150312-110115-Ausgeschnitten-I.jpg","width":445,"height":394,"caption":"Dr. Christoph He\u00dfler Maschinensysteme"},"image":{"@id":"https:\/\/c-hessler.de\/#\/schema\/logo\/image\/"},"sameAs":["https:\/\/www.facebook.com\/DrChristophHesslerMaschinensysteme\/","https:\/\/www.pinterest.de\/hesstools\/","https:\/\/www.youtube.com\/channel\/UCaNnXDGGF_BiYFQZ2kJgi-A?view_as=subscriber"],"description":"1. Ecken- und Kantenfr\u00e4sen f\u00fcr Tischler und Schreiner, Sonderanfertigungen 2. Auch f\u00fcr die Nachbearbeitung von Eck-Schwei\u00dfn\u00e4hten bei Aluminium-Werkstoffen, f\u00fcr Fahrzeugbauer oder Metallbauer aller Art","email":"christoph.hessler@c-hessler.de","telephone":"0527413012080","legalName":"Dr. Christoph He\u00dfler Maschinensysteme","foundingDate":"2003-06-05","vatID":"DE230070107","numberOfEmployees":{"@type":"QuantitativeValue","minValue":"1","maxValue":"10"}}]}},"_hostinger_reach_plugin_has_subscription_block":false,"_hostinger_reach_plugin_is_elementor":false,"_links":{"self":[{"href":"https:\/\/c-hessler.de\/it\/wp-json\/wp\/v2\/pages\/9452","targetHints":{"allow":["GET"]}}],"collection":[{"href":"https:\/\/c-hessler.de\/it\/wp-json\/wp\/v2\/pages"}],"about":[{"href":"https:\/\/c-hessler.de\/it\/wp-json\/wp\/v2\/types\/page"}],"author":[{"embeddable":true,"href":"https:\/\/c-hessler.de\/it\/wp-json\/wp\/v2\/users\/5"}],"replies":[{"embeddable":true,"href":"https:\/\/c-hessler.de\/it\/wp-json\/wp\/v2\/comments?post=9452"}],"version-history":[{"count":3,"href":"https:\/\/c-hessler.de\/it\/wp-json\/wp\/v2\/pages\/9452\/revisions"}],"predecessor-version":[{"id":208400,"href":"https:\/\/c-hessler.de\/it\/wp-json\/wp\/v2\/pages\/9452\/revisions\/208400"}],"up":[{"embeddable":true,"href":"https:\/\/c-hessler.de\/it\/wp-json\/wp\/v2\/pages\/9218"}],"wp:attachment":[{"href":"https:\/\/c-hessler.de\/it\/wp-json\/wp\/v2\/media?parent=9452"}],"curies":[{"name":"wp","href":"https:\/\/api.w.org\/{rel}","templated":true}]}}