{"id":9797,"date":"2015-05-09T16:16:40","date_gmt":"2015-05-09T14:16:40","guid":{"rendered":"https:\/\/c-hessler.de\/?page_id=9797"},"modified":"2025-12-17T07:45:50","modified_gmt":"2025-12-17T06:45:50","slug":"agb","status":"publish","type":"page","link":"https:\/\/c-hessler.de\/it\/agb\/","title":{"rendered":"GTC"},"content":{"rendered":"<div data-elementor-type=\"wp-page\" data-elementor-id=\"9797\" class=\"elementor elementor-9797\" data-elementor-settings=\"{&quot;ha_cmc_init_switcher&quot;:&quot;no&quot;}\" data-elementor-post-type=\"page\">\n\t\t\t\t<div class=\"elementor-element elementor-element-7ea7c975 e-flex e-con-boxed e-con e-parent\" data-id=\"7ea7c975\" data-element_type=\"container\" data-e-type=\"container\" data-settings=\"{&quot;_ha_eqh_enable&quot;:false}\">\n\t\t\t\t\t<div class=\"e-con-inner\">\n\t\t\t\t<div class=\"elementor-element elementor-element-3c11f55c elementor-widget elementor-widget-text-editor\" data-id=\"3c11f55c\" data-element_type=\"widget\" data-e-type=\"widget\" data-widget_type=\"text-editor.default\">\n\t\t\t\t\t\t\t\t\t<h1>Termini e condizioni generali<\/h1><p><a href=\"http:\/\/www.deutscheanwaltshotline.de\/recht-auf-ihrer-website\/agb-generator\"> AGB creato<\/a> tramite il generatore di Deutsche Anwaltshotline AG<\/p><h2>Partner contrattuale<\/h2><p>Sulla base delle presenti Condizioni Generali di Contratto (CGC), viene stipulato un contratto tra il cliente e<br \/>Dr. Christoph He\u00dfler Sistemi di macchine<br \/>Rappresentato da Christoph He\u00dfler<br \/>Indirizzo: An der Ronceva 5 32312 L\u00fcbbecke<\/p><p>Numero di identificazione dell'imposta sulle vendite: DE230070107,<\/p><p>di seguito denominato fornitore, il contratto \u00e8 concluso.<\/p><h2>Oggetto del contratto<\/h2><p>Il presente contratto regola la vendita di beni nuovi del settore (o dei settori) delle macchine e delle attrezzature, principalmente per il commercio di falegnameria e carpenteria, in particolare per la lavorazione dei bordi e degli angoli, attraverso il negozio online del fornitore. Per i dettagli della rispettiva offerta si rimanda alla descrizione del prodotto sulla pagina dell'offerta.<\/p><h2>Conclusione del contratto<\/h2><p>Il contratto viene stipulato nell'ambito di transazioni commerciali elettroniche tramite il sistema del negozio o tramite altri mezzi di comunicazione a distanza come il telefono e l'e-mail. Le offerte presentate rappresentano un invito non vincolante a presentare un'offerta attraverso l'ordine del cliente, che il fornitore pu\u00f2 poi accettare.<br \/>Il processo di ordinazione comprende le seguenti fasi nel sistema del negozio:<\/p><ul><li>Selezione dell'offerta nella specifica desiderata (quantit\u00e0)<\/li><li>Aggiunta dell'offerta al carrello<\/li><li>Fare clic sul pulsante \"ordine<\/li><li>Inserire l'indirizzo di fatturazione e di consegna<\/li><li>Selezione della zona di consegna e del metodo di pagamento<\/li><li>Controllo ed elaborazione dell'ordine e di tutte le voci in modo permanente possibile<\/li><li>Confermate i termini e le condizioni e premete il pulsante \"ordine a pagamento\".<\/li><li>E-mail di conferma della ricezione dell'ordine<\/li><\/ul><p>Oltre al sistema del negozio, gli ordini possono essere effettuati anche tramite comunicazione a distanza (telefono\/email), per cui il processo di ordinazione per la conclusione del contratto prevede le seguenti fasi:<\/p><ul><li>Chiamare \/ inviare l'e-mail di ordinazione direttamente o dopo il test<\/li><li>Conferma dell'ordine<\/li><\/ul><p>Il contratto \u00e8 concluso solo quando il fornitore invia una conferma d'ordine. La conferma d'ordine generata e inviata automaticamente non costituisce una dichiarazione giuridicamente vincolante. Il contratto si conclude anche quando la merce viene spedita o il servizio viene fornito.<\/p><h2>Durata del contratto<\/h2><p>Il contratto \u00e8 stipulato a tempo indeterminato.<\/p><h2>Mantenimento del titolo<\/h2><p>La merce consegnata rimane di propriet\u00e0 del fornitore fino al completo pagamento.<\/p><h2>Prenotazioni<\/h2><p>Il fornitore si riserva il diritto di non fornire il servizio promesso se non \u00e8 disponibile.<\/p><h2>Prezzi, costi di spedizione, costi di restituzione<\/h2><p>Tutti i prezzi sono netti. Anche i prodotti del negozio sono indicati con i prezzi netti. L'IVA legale viene indicata durante l'elaborazione dell'ordine. I prezzi finali dell'elaborazione dell'ordine includono l'IVA di legge. Oltre ai prezzi finali, a seconda del metodo di spedizione, vengono sostenuti ulteriori costi che vengono visualizzati prima della spedizione dell'ordine. Se esiste e viene esercitato un diritto di recesso, il cliente dovr\u00e0 sostenere i costi della spedizione di ritorno.<\/p><h2>Condizioni di pagamento<\/h2><p>Il cliente ha a disposizione solo le seguenti opzioni di pagamento: bonifico bancario anticipato, fattura. Altri metodi di pagamento non sono offerti e saranno rifiutati.<\/p><p>Pagamento anticipato: l'importo della fattura deve essere trasferito in anticipo sul conto indicato nella fattura, che contiene tutti i dettagli per il trasferimento e viene inviata per e-mail.<\/p><p>Fattura: l'importo della fattura deve essere trasferito sul conto indicato nella fattura, che contiene tutti i dettagli per il trasferimento e viene inviata con la consegna. Il cliente \u00e8 tenuto a pagare o a trasferire l'importo indicato sul conto specificato in fattura entro 10 giorni dal ricevimento della fattura. Il pagamento \u00e8 dovuto senza detrazioni dalla data della fattura. Se la data di scadenza per il pagamento \u00e8 stabilita in base al calendario, il cliente sar\u00e0 in mora non appena la data di scadenza non sar\u00e0 rispettata. Il cliente non ha alcun diritto di ritenzione che non sia basato sullo stesso rapporto contrattuale. \u00c8 esclusa la compensazione con i crediti del cliente, a meno che questi non siano indiscussi o legalmente accertati.<\/p><h2>Condizioni di consegna<\/h2><p>La merce verr\u00e0 spedita in base alla data di consegna indicata nella conferma d'ordine dopo la conferma del pagamento. Alla data di consegna e con la conferma del pagamento, la spedizione avverr\u00e0 in media entro 3 giorni lavorativi dal ricevimento del pagamento. L'imprenditore si impegna a consegnare in conformit\u00e0 con la data di consegna indicata nella conferma d'ordine. Se il fornitore non spedisce direttamente, l'ordine verr\u00e0 spedito dal fornitore o dal produttore non appena l'intero ordine sar\u00e0 disponibile in magazzino. Se il fornitore non \u00e8 responsabile di un ostacolo permanente alla consegna, in particolare per cause di forza maggiore o per la mancata consegna da parte dei propri fornitori, sebbene sia stata effettuata in tempo utile una corrispondente operazione di copertura, il fornitore ha il diritto di recedere dal contratto con il cliente a tale riguardo. Il cliente ne sar\u00e0 immediatamente informato e le prestazioni ricevute, in particolare i pagamenti, saranno rimborsate.<\/p><h2>Garanzia<\/h2><p>I consumatori hanno diritto a un diritto di responsabilit\u00e0 legale per i difetti dei servizi offerti in conformit\u00e0 alle disposizioni pertinenti del Codice Civile tedesco (BGB). In caso di deroga, la garanzia \u00e8 disciplinata dalle disposizioni in materia contenute nelle Condizioni generali di contratto (CGC). Se il cliente \u00e8 un imprenditore, il periodo di garanzia per i beni nuovi \u00e8 limitato a un anno per un periodo di utilizzo tipico degli artigiani. Al fornitore \u00e8 concesso il diritto di scegliere tra riparazione o sostituzione in caso di adempimento successivo se la merce \u00e8 nuova e il cliente \u00e8 un imprenditore. Se il cliente \u00e8 un imprenditore, la garanzia \u00e8 esclusa per i beni usati. Se il cliente \u00e8 un consumatore, il periodo di garanzia per i beni usati \u00e8 limitato a un anno. Ci\u00f2 non si applica alle richieste di risarcimento danni da parte del cliente a causa di lesioni alla vita, all'incolumit\u00e0 fisica, alla salute o a obblighi contrattuali essenziali che devono essere necessariamente rispettati per raggiungere l'obiettivo contrattuale. Ci\u00f2 non vale nemmeno per le richieste di risarcimento danni dovute a una grave negligenza o a una violazione dolosa degli obblighi da parte del fornitore o del suo rappresentante legale o agente vicario. Per tutti gli altri aspetti si applicano le disposizioni di legge.<\/p><h2>Progettazione del contratto<\/h2><p>Se il cliente \u00e8 un imprenditore, il rischio di perdita e\/o deterioramento accidentale della merce passa al cliente al momento della consegna o, in caso di spedizione, alla consegna della merce al fornitore di servizi selezionato. Il cliente non ha la possibilit\u00e0 di accedere direttamente al testo del contratto del negozio memorizzato. Il cliente pu\u00f2 correggere gli errori di inserimento durante il processo di ordinazione. Pu\u00f2 farlo nel modo seguente: Tasto Indietro del browser.<\/p><h2>Diritto di recesso e servizio clienti<\/h2><p><b>Politica di cancellazione<\/b><\/p><p>Il cliente ha il diritto di recedere dal contratto entro quattordici giorni senza fornire alcuna motivazione.<\/p><p>Il termine di cancellazione \u00e8 di quattordici giorni dalla data,<\/p><ul><li style=\"list-style-type: none;\"><ul><li>Nel caso di un contratto di acquisto: in cui voi o un terzo da voi nominato, che non sia il vettore, abbiate preso possesso dell'ultima merce.<\/li><li>Nel caso di un contratto per pi\u00f9 beni che il consumatore ha ordinato come parte di un unico ordine e che vengono consegnati separatamente: quando il consumatore o un terzo da lui nominato, che non \u00e8 il vettore, ha preso possesso degli ultimi beni.<\/li><li>Nel caso di un contratto per la consegna di merci in pi\u00f9 spedizioni parziali o pezzi: in cui voi o un terzo da voi nominato, che non sia il vettore, abbiate preso possesso dell'ultima spedizione parziale o dell'ultimo pezzo.<\/li><li>Nel caso di un contratto per la consegna regolare di merci in un periodo di tempo determinato: alla data in cui voi o un terzo da voi nominato, che non sia il vettore, avete preso possesso della prima merce.<\/li><\/ul><\/li><\/ul><p>Se diverse alternative coincidono, l'ultimo momento \u00e8 decisivo.<\/p><p>Per esercitare il diritto di recesso, \u00e8 necessario informare la societ\u00e0 (Dr. Christoph He\u00dfler Maschinensysteme, Christoph He\u00dfler, An der Ronceva 5 32312 L\u00fcbbecke +49 (0)5741 3012080 christoph.hessler@c-hessler.de) della propria decisione di recedere dal presente contratto mediante una dichiarazione chiara (ad es. lettera inviata per posta, fax o e-mail). \u00c8 possibile utilizzare il modulo di recesso allegato, ma non \u00e8 obbligatorio.<\/p><p>Per rispettare il termine di cancellazione, \u00e8 sufficiente che il cliente invii la notifica di esercizio del diritto di cancellazione prima della scadenza del periodo di cancellazione.<\/p><p>Conseguenze della cancellazione<\/p><p>Se Lei recede dal presente contratto, Le rimborseremo tutti i pagamenti da Lei ricevuti, compresi i costi di consegna (ad eccezione dei costi supplementari derivanti dalla Sua scelta di un tipo di consegna diverso dal tipo meno costoso di consegna standard da noi offerto), senza indebito ritardo e in ogni caso non oltre 14 giorni dal giorno in cui siamo informati della Sua decisione di recedere dal presente contratto. Per questo rimborso, utilizzeremo lo stesso mezzo di pagamento che avete utilizzato per la transazione originale, a meno che non sia stato espressamente concordato diversamente con voi; in nessun caso vi sar\u00e0 addebitato alcun costo per questo rimborso. Potremo trattenere il rimborso finch\u00e9 non avremo ricevuto la merce o finch\u00e9 il cliente non avr\u00e0 fornito la prova di averla restituita, a seconda di quale delle due condizioni si verifichi per prima.<\/p><p>Dovete restituire o consegnare la merce a Dr. Christoph He\u00dfler Maschinensysteme, Christoph He\u00dfler, An der Ronceva 5 32312 L\u00fcbbecke +49 (0)5741 3012080 christoph.hessler@c-hessler.de immediatamente e comunque entro e non oltre quattordici giorni dal giorno in cui ci avete comunicato la cancellazione del presente contratto. Il termine \u00e8 rispettato se la merce viene spedita prima della scadenza del periodo di quattordici giorni.<\/p><p>I costi diretti della restituzione della merce sono a carico del cliente.<\/p><p>Il cliente \u00e8 tenuto a pagare l'eventuale perdita di valore della merce solo se tale perdita di valore \u00e8 dovuta a una manipolazione della merce non necessaria per verificarne lo stato, le propriet\u00e0 e la funzionalit\u00e0.<\/p><p>Se la merce \u00e8 stata danneggiata o ridotta di valore in questo senso, il cliente dovr\u00e0 sostenere i costi per la riparazione e l'eventuale perdita di valore nonostante la riparazione.<\/p><p>Fine della politica di cancellazione<\/p><p>Il nostro servizio clienti pu\u00f2 essere contattato nei seguenti orari Dr Christoph He\u00dfler Maschinensysteme, Christoph He\u00dfler, An der Ronceva 5, 32312 L\u00fcbbecke +49 (0)5741 3012080 christoph.hessler@c-hessler.de Orari di apertura:<br \/>Dalle 8:00 alle 16:00.<\/p><h2>Esclusione di responsabilit\u00e0<\/h2><p>Sono escluse le richieste di risarcimento danni da parte del cliente, se non diversamente indicato di seguito. Ci\u00f2 vale anche per i rappresentanti e gli ausiliari dell'offerente, qualora il cliente faccia valere nei loro confronti una richiesta di risarcimento danni. Sono escluse le richieste di risarcimento danni da parte del cliente per lesioni alla vita, all'incolumit\u00e0 fisica, alla salute o per obblighi contrattuali essenziali che devono essere necessariamente rispettati per raggiungere l'obiettivo contrattuale. Ci\u00f2 non vale nemmeno per le richieste di risarcimento danni dovute a una grave negligenza o a una violazione dolosa degli obblighi da parte del fornitore o del suo rappresentante legale o agente vicario.<\/p><h2>Divieto di cessione e di costituzione in pegno<\/h2><p>I reclami o i diritti del cliente nei confronti dell'offerente possono essere fatti valere senza<br \/>La merce non pu\u00f2 essere ceduta o data in pegno senza il consenso del cliente, a meno che quest'ultimo non abbia dimostrato un interesse legittimo alla cessione o al pegno.<\/p><h2>Lingua, foro competente e legge applicabile<\/h2><p>Il contratto sar\u00e0 redatto in tedesco. L'ulteriore attuazione del rapporto contrattuale avverr\u00e0 in lingua tedesca. Si applica esclusivamente il diritto della Repubblica Federale di Germania. Per i consumatori, ci\u00f2 vale solo nella misura in cui non siano limitate le disposizioni di legge del paese in cui il cliente \u00e8 domiciliato o risiede abitualmente. Il foro competente per le controversie con clienti che non sono consumatori, persone giuridiche di diritto pubblico o fondi speciali di diritto pubblico \u00e8 la sede legale dell'offerente.<\/p><h2>Clausola di esclusione della responsabilit\u00e0<\/h2><p>L'invalidit\u00e0 di una disposizione delle presenti CGV non pregiudica la validit\u00e0 delle altre disposizioni.<\/p>\t\t\t\t\t\t\t\t<\/div>\n\t\t\t\t\t<\/div>\n\t\t\t\t<\/div>\n\t\t\t\t<\/div>","protected":false},"excerpt":{"rendered":"<p>Allgemeine Gesch\u00e4ftsbedingungen AGB erstellt \u00fcber den Generator der Deutschen Anwaltshotline AG Vertragspartner Auf Grundlage dieser Allgemeinen Gesch\u00e4ftsbedingungen (AGB) kommt zwischen dem Kunden undDr. Christoph He\u00dfler MaschinensystemeVertreten durch Christoph He\u00dflerAdresse: An der Ronceva 5 32312 L\u00fcbbecke Umsatzsteuer-Identifikationsnummer: DE230070107, nachfolgend Anbieter genannt, der Vertrag zustande. Vertragsgegenstand Durch diesen Vertrag wird der Verkauf von neuen Waren aus dem [&hellip;]<\/p>\n","protected":false},"author":9,"featured_media":0,"parent":0,"menu_order":0,"comment_status":"closed","ping_status":"closed","template":"","meta":{"footnotes":""},"class_list":["post-9797","page","type-page","status-publish","hentry"],"yoast_head":"<!-- This site is optimized with the Yoast SEO Premium plugin v27.0 (Yoast SEO v27.4) - https:\/\/yoast.com\/product\/yoast-seo-premium-wordpress\/ -->\n<title>AGB - Dr. Christoph He\u00dfler Maschinensysteme<\/title>\n<meta name=\"robots\" content=\"index, follow, max-snippet:-1, max-image-preview:large, max-video-preview:-1\" \/>\n<link rel=\"canonical\" href=\"https:\/\/c-hessler.de\/it\/agb\/\" \/>\n<meta property=\"og:locale\" content=\"it_IT\" \/>\n<meta property=\"og:type\" content=\"article\" \/>\n<meta property=\"og:title\" content=\"AGB\" \/>\n<meta property=\"og:description\" content=\"Allgemeine Gesch\u00e4ftsbedingungen AGB erstellt \u00fcber den Generator der Deutschen Anwaltshotline AG Vertragspartner Auf Grundlage dieser Allgemeinen Gesch\u00e4ftsbedingungen (AGB) kommt zwischen dem Kunden undDr. Christoph He\u00dfler MaschinensystemeVertreten durch Christoph He\u00dflerAdresse: An der Ronceva 5 32312 L\u00fcbbecke Umsatzsteuer-Identifikationsnummer: DE230070107, nachfolgend Anbieter genannt, der Vertrag zustande. Vertragsgegenstand Durch diesen Vertrag wird der Verkauf von neuen Waren aus dem [&hellip;]\" \/>\n<meta property=\"og:url\" content=\"https:\/\/c-hessler.de\/it\/agb\/\" \/>\n<meta property=\"og:site_name\" content=\"Dr. Christoph He\u00dfler Maschinensysteme\" \/>\n<meta property=\"article:publisher\" content=\"https:\/\/www.facebook.com\/DrChristophHesslerMaschinensysteme\/\" \/>\n<meta property=\"article:modified_time\" content=\"2025-12-17T06:45:50+00:00\" \/>\n<meta name=\"twitter:label1\" content=\"Tempo di lettura stimato\" \/>\n\t<meta name=\"twitter:data1\" content=\"10 minuti\" \/>\n<script type=\"application\/ld+json\" class=\"yoast-schema-graph\">{\"@context\":\"https:\\\/\\\/schema.org\",\"@graph\":[{\"@type\":\"WebPage\",\"@id\":\"https:\\\/\\\/c-hessler.de\\\/agb\\\/\",\"url\":\"https:\\\/\\\/c-hessler.de\\\/agb\\\/\",\"name\":\"AGB - Dr. Christoph He\u00dfler Maschinensysteme\",\"isPartOf\":{\"@id\":\"https:\\\/\\\/c-hessler.de\\\/#website\"},\"datePublished\":\"2015-05-09T14:16:40+00:00\",\"dateModified\":\"2025-12-17T06:45:50+00:00\",\"inLanguage\":\"it-IT\",\"potentialAction\":[{\"@type\":\"ReadAction\",\"target\":[\"https:\\\/\\\/c-hessler.de\\\/agb\\\/\"]}]},{\"@type\":\"WebSite\",\"@id\":\"https:\\\/\\\/c-hessler.de\\\/#website\",\"url\":\"https:\\\/\\\/c-hessler.de\\\/\",\"name\":\"www.c-hessler.de\",\"description\":\"\",\"publisher\":{\"@id\":\"https:\\\/\\\/c-hessler.de\\\/#organization\"},\"potentialAction\":[{\"@type\":\"SearchAction\",\"target\":{\"@type\":\"EntryPoint\",\"urlTemplate\":\"https:\\\/\\\/c-hessler.de\\\/?s={search_term_string}\"},\"query-input\":{\"@type\":\"PropertyValueSpecification\",\"valueRequired\":true,\"valueName\":\"search_term_string\"}}],\"inLanguage\":\"it-IT\"},{\"@type\":\"Organization\",\"@id\":\"https:\\\/\\\/c-hessler.de\\\/#organization\",\"name\":\"Dr. Christoph He\u00dfler Maschinensysteme\",\"alternateName\":\"Dr. Christoph He\u00dfler Maschinensysteme\",\"url\":\"https:\\\/\\\/c-hessler.de\\\/\",\"logo\":{\"@type\":\"ImageObject\",\"inLanguage\":\"it-IT\",\"@id\":\"https:\\\/\\\/c-hessler.de\\\/#\\\/schema\\\/logo\\\/image\\\/\",\"url\":\"https:\\\/\\\/c-hessler.de\\\/wp-content\\\/uploads\\\/2026\\\/02\\\/Draw-03-150312-110115-Ausgeschnitten-I.jpg\",\"contentUrl\":\"https:\\\/\\\/c-hessler.de\\\/wp-content\\\/uploads\\\/2026\\\/02\\\/Draw-03-150312-110115-Ausgeschnitten-I.jpg\",\"width\":445,\"height\":394,\"caption\":\"Dr. Christoph He\u00dfler Maschinensysteme\"},\"image\":{\"@id\":\"https:\\\/\\\/c-hessler.de\\\/#\\\/schema\\\/logo\\\/image\\\/\"},\"sameAs\":[\"https:\\\/\\\/www.facebook.com\\\/DrChristophHesslerMaschinensysteme\\\/\",\"https:\\\/\\\/www.pinterest.de\\\/hesstools\\\/\",\"https:\\\/\\\/www.youtube.com\\\/channel\\\/UCaNnXDGGF_BiYFQZ2kJgi-A?view_as=subscriber\"],\"description\":\"1. Ecken- und Kantenfr\u00e4sen f\u00fcr Tischler und Schreiner, Sonderanfertigungen 2. Auch f\u00fcr die Nachbearbeitung von Eck-Schwei\u00dfn\u00e4hten bei Aluminium-Werkstoffen, f\u00fcr Fahrzeugbauer oder Metallbauer aller Art\",\"email\":\"christoph.hessler@c-hessler.de\",\"telephone\":\"0527413012080\",\"legalName\":\"Dr. Christoph He\u00dfler Maschinensysteme\",\"foundingDate\":\"2003-06-05\",\"vatID\":\"DE230070107\",\"numberOfEmployees\":{\"@type\":\"QuantitativeValue\",\"minValue\":\"1\",\"maxValue\":\"10\"}}]}<\/script>\n<!-- \/ Yoast SEO Premium plugin. -->","yoast_head_json":{"title":"Termini e condizioni generali - Dr Christoph He\u00dfler Maschinensysteme","robots":{"index":"index","follow":"follow","max-snippet":"max-snippet:-1","max-image-preview":"max-image-preview:large","max-video-preview":"max-video-preview:-1"},"canonical":"https:\/\/c-hessler.de\/it\/agb\/","og_locale":"it_IT","og_type":"article","og_title":"AGB","og_description":"Allgemeine Gesch\u00e4ftsbedingungen AGB erstellt \u00fcber den Generator der Deutschen Anwaltshotline AG Vertragspartner Auf Grundlage dieser Allgemeinen Gesch\u00e4ftsbedingungen (AGB) kommt zwischen dem Kunden undDr. Christoph He\u00dfler MaschinensystemeVertreten durch Christoph He\u00dflerAdresse: An der Ronceva 5 32312 L\u00fcbbecke Umsatzsteuer-Identifikationsnummer: DE230070107, nachfolgend Anbieter genannt, der Vertrag zustande. Vertragsgegenstand Durch diesen Vertrag wird der Verkauf von neuen Waren aus dem [&hellip;]","og_url":"https:\/\/c-hessler.de\/it\/agb\/","og_site_name":"Dr. Christoph He\u00dfler Maschinensysteme","article_publisher":"https:\/\/www.facebook.com\/DrChristophHesslerMaschinensysteme\/","article_modified_time":"2025-12-17T06:45:50+00:00","twitter_misc":{"Tempo di lettura stimato":"10 minuti"},"schema":{"@context":"https:\/\/schema.org","@graph":[{"@type":"WebPage","@id":"https:\/\/c-hessler.de\/agb\/","url":"https:\/\/c-hessler.de\/agb\/","name":"Termini e condizioni generali - Dr Christoph He\u00dfler Maschinensysteme","isPartOf":{"@id":"https:\/\/c-hessler.de\/#website"},"datePublished":"2015-05-09T14:16:40+00:00","dateModified":"2025-12-17T06:45:50+00:00","inLanguage":"it-IT","potentialAction":[{"@type":"ReadAction","target":["https:\/\/c-hessler.de\/agb\/"]}]},{"@type":"WebSite","@id":"https:\/\/c-hessler.de\/#website","url":"https:\/\/c-hessler.de\/","name":"www.c-hessler.de","description":"","publisher":{"@id":"https:\/\/c-hessler.de\/#organization"},"potentialAction":[{"@type":"SearchAction","target":{"@type":"EntryPoint","urlTemplate":"https:\/\/c-hessler.de\/?s={search_term_string}"},"query-input":{"@type":"PropertyValueSpecification","valueRequired":true,"valueName":"search_term_string"}}],"inLanguage":"it-IT"},{"@type":"Organization","@id":"https:\/\/c-hessler.de\/#organization","name":"Dr. Christoph He\u00dfler Sistemi di macchine","alternateName":"Dr. Christoph He\u00dfler Maschinensysteme","url":"https:\/\/c-hessler.de\/","logo":{"@type":"ImageObject","inLanguage":"it-IT","@id":"https:\/\/c-hessler.de\/#\/schema\/logo\/image\/","url":"https:\/\/c-hessler.de\/wp-content\/uploads\/2026\/02\/Draw-03-150312-110115-Ausgeschnitten-I.jpg","contentUrl":"https:\/\/c-hessler.de\/wp-content\/uploads\/2026\/02\/Draw-03-150312-110115-Ausgeschnitten-I.jpg","width":445,"height":394,"caption":"Dr. Christoph He\u00dfler Maschinensysteme"},"image":{"@id":"https:\/\/c-hessler.de\/#\/schema\/logo\/image\/"},"sameAs":["https:\/\/www.facebook.com\/DrChristophHesslerMaschinensysteme\/","https:\/\/www.pinterest.de\/hesstools\/","https:\/\/www.youtube.com\/channel\/UCaNnXDGGF_BiYFQZ2kJgi-A?view_as=subscriber"],"description":"1. Ecken- und Kantenfr\u00e4sen f\u00fcr Tischler und Schreiner, Sonderanfertigungen 2. Auch f\u00fcr die Nachbearbeitung von Eck-Schwei\u00dfn\u00e4hten bei Aluminium-Werkstoffen, f\u00fcr Fahrzeugbauer oder Metallbauer aller Art","email":"christoph.hessler@c-hessler.de","telephone":"0527413012080","legalName":"Dr. Christoph He\u00dfler Maschinensysteme","foundingDate":"2003-06-05","vatID":"DE230070107","numberOfEmployees":{"@type":"QuantitativeValue","minValue":"1","maxValue":"10"}}]}},"_hostinger_reach_plugin_has_subscription_block":false,"_hostinger_reach_plugin_is_elementor":false,"_links":{"self":[{"href":"https:\/\/c-hessler.de\/it\/wp-json\/wp\/v2\/pages\/9797","targetHints":{"allow":["GET"]}}],"collection":[{"href":"https:\/\/c-hessler.de\/it\/wp-json\/wp\/v2\/pages"}],"about":[{"href":"https:\/\/c-hessler.de\/it\/wp-json\/wp\/v2\/types\/page"}],"author":[{"embeddable":true,"href":"https:\/\/c-hessler.de\/it\/wp-json\/wp\/v2\/users\/9"}],"replies":[{"embeddable":true,"href":"https:\/\/c-hessler.de\/it\/wp-json\/wp\/v2\/comments?post=9797"}],"version-history":[{"count":3,"href":"https:\/\/c-hessler.de\/it\/wp-json\/wp\/v2\/pages\/9797\/revisions"}],"predecessor-version":[{"id":208819,"href":"https:\/\/c-hessler.de\/it\/wp-json\/wp\/v2\/pages\/9797\/revisions\/208819"}],"wp:attachment":[{"href":"https:\/\/c-hessler.de\/it\/wp-json\/wp\/v2\/media?parent=9797"}],"curies":[{"name":"wp","href":"https:\/\/api.w.org\/{rel}","templated":true}]}}