{"id":10900,"date":"2017-12-06T00:43:22","date_gmt":"2017-12-05T23:43:22","guid":{"rendered":"https:\/\/c-hessler.de\/?post_type=product&#038;p=10900"},"modified":"2025-12-10T15:10:02","modified_gmt":"2025-12-10T14:10:02","slug":"sistema-di-arrotondamento-angolare-ecko-vz-100-90f-mfk-1","status":"publish","type":"product","link":"https:\/\/c-hessler.de\/it\/shop\/eckenrunder-system-ecko-vz-100-90f-mfk-1\/","title":{"rendered":"Sistema di arrotondamento degli angoli Ecko VZ 100 90F MFK 1"},"content":{"rendered":"<p><\/p>\n\n\n\n<div class=\"wp-block-columns are-vertically-aligned-center is-layout-flex wp-container-core-columns-is-layout-28f84493 wp-block-columns-is-layout-flex\">\n<div class=\"wp-block-column is-vertically-aligned-center is-layout-flow wp-block-column-is-layout-flow\">\n<p class=\"title has-text-color\" style=\"color:#131315\">Arrotondamento d'angolo di successo con il sistema Ecko<\/p>\n\n\n\n<ul class=\"wp-block-list\">\n<li>Con arresto regolabile per evitare l'oscillazione in<\/li>\n\n\n\n<li>Realizzato con precisione per un arrotondamento preciso<\/li>\n\n\n\n<li>Protezione contro la penetrazione nella fresa altrimenti aperta<\/li>\n<\/ul>\n<\/div>\n\n\n\n<div class=\"wp-block-column is-vertically-aligned-center is-layout-flow wp-block-column-is-layout-flow\" style=\"flex-basis:60%\">\n<figure class=\"wp-block-boldblocks-youtube-block\"><div id=\"yb-video-UqnwIqwS_JI\" class=\"yb-player\" data-video-id=\"UqnwIqwS_JI\" data-title=\"Play\" style=\"background-image:url(https:\/\/img.youtube.com\/vi\/UqnwIqwS_JI\/hqdefault.jpg)\"><button type=\"button\" class=\"yb-btn-play\"><span class=\"visually-hidden\">Gioco<\/span><\/button><\/div><\/figure>\n\n\n\n<p><\/p>\n<\/div>\n<\/div>\n\n\n\n<div style=\"height:30px\" aria-hidden=\"true\" class=\"wp-block-spacer\"><\/div>\n\n\n\n<div class=\"wp-block-columns are-vertically-aligned-center is-layout-flex wp-container-core-columns-is-layout-28f84493 wp-block-columns-is-layout-flex\">\n<div class=\"wp-block-column is-layout-flow wp-block-column-is-layout-flow\">\n<div class=\"wp-block-columns is-layout-flex wp-container-core-columns-is-layout-28f84493 wp-block-columns-is-layout-flex\">\n<div class=\"wp-block-column is-layout-flow wp-block-column-is-layout-flow\">\n<figure class=\"wp-block-image size-full is-resized\"><img fetchpriority=\"high\" decoding=\"async\" width=\"585\" height=\"669\" src=\"https:\/\/c-hessler.de\/wp-content\/uploads\/2017\/12\/Werkst\u00fcck-vorher.jpg\" alt=\"Bordo di 2 mm prima dell&#039;arrotondamento\" class=\"wp-image-10895\" style=\"aspect-ratio:0.9716885743174924;width:700px;height:auto\" srcset=\"https:\/\/c-hessler.de\/wp-content\/uploads\/2017\/12\/Werkst\u00fcck-vorher.jpg 585w, https:\/\/c-hessler.de\/wp-content\/uploads\/2017\/12\/Werkst\u00fcck-vorher-150x172.jpg 150w, https:\/\/c-hessler.de\/wp-content\/uploads\/2017\/12\/Werkst\u00fcck-vorher-510x583.jpg 510w, https:\/\/c-hessler.de\/wp-content\/uploads\/2017\/12\/Werkst\u00fcck-vorher-262x300.jpg 262w\" sizes=\"(max-width: 585px) 100vw, 585px\" \/><figcaption class=\"wp-element-caption\">Compito: fresatura e arrotondamento a filo della sporgenza del bordo anteriore<br><\/figcaption><\/figure>\n<\/div>\n\n\n\n<div class=\"wp-block-column is-layout-flow wp-block-column-is-layout-flow\">\n<figure class=\"wp-block-image size-full is-resized\"><img decoding=\"async\" width=\"684\" height=\"824\" src=\"https:\/\/c-hessler.de\/wp-content\/uploads\/2017\/12\/Werkst\u00fcck-nachher-III.jpg\" alt=\"Bordo incollato all&#039;angolo arrotondato con R2.\" class=\"wp-image-10898\" style=\"aspect-ratio:0.8301103078038363;width:546px;height:auto\" srcset=\"https:\/\/c-hessler.de\/wp-content\/uploads\/2017\/12\/Werkst\u00fcck-nachher-III.jpg 684w, https:\/\/c-hessler.de\/wp-content\/uploads\/2017\/12\/Werkst\u00fcck-nachher-III-150x181.jpg 150w, https:\/\/c-hessler.de\/wp-content\/uploads\/2017\/12\/Werkst\u00fcck-nachher-III-510x614.jpg 510w, https:\/\/c-hessler.de\/wp-content\/uploads\/2017\/12\/Werkst\u00fcck-nachher-III-249x300.jpg 249w\" sizes=\"(max-width: 684px) 100vw, 684px\" \/><figcaption class=\"wp-element-caption\">Soluzione: angolo inferiore, superiore e laterale arrotondato<br><\/figcaption><\/figure>\n<\/div>\n<\/div>\n<\/div>\n<\/div>\n\n\n\n<div class=\"wp-block-columns are-vertically-aligned-center is-layout-flex wp-container-core-columns-is-layout-28f84493 wp-block-columns-is-layout-flex\">\n<div class=\"wp-block-column is-vertically-aligned-center is-layout-flow wp-block-column-is-layout-flow\">\n<h2 class=\"wp-block-heading title has-text-color\" id=\"h-merkmale-zum-system\" style=\"color:#131315\"><strong>Caratteristiche del sistema<\/strong><\/h2>\n\n\n\n<h5 class=\"wp-block-heading title has-text-color\" id=\"h-anwendungsgebiet\" style=\"color:#131315\">Campo di applicazione<\/h5>\n\n\n\n<p>Arrotondamento dei bordi incollati sul lato anteriore.<\/p>\n\n\n\n<p>Rispetto a un'unit\u00e0 di copiatura su una bordatrice, l'arrotondamento degli angoli \u00e8 molto conveniente.<\/p>\n\n\n\n<h5 class=\"wp-block-heading\" id=\"h-funktion-und-bedienung\">Funzione e funzionamento<\/h5>\n\n\n\n<ul class=\"wp-block-list\">\n<li>La fresa per bordi \u00e8 fissata nel sistema angolare.<\/li>\n\n\n\n<li>Il cuscinetto reggispinta della fresa viene guidato dal primo lato, oltre l'angolo, verso il lato opposto.<\/li>\n<\/ul>\n\n\n\n<h5 class=\"wp-block-heading\" id=\"h-preis\">Prezzo<\/h5>\n\n\n\n<p>Affinch\u00e9 l'arrotondamento degli angoli abbia successo, deve essere possibile una guida precisa, soprattutto con una macchina elettrica relativamente pesante.<\/p>\n\n\n\n<p>Ad esempio, la battuta girevole \u00e8 rettificata con tolleranze strette.  Vedere sopra per il prezzo.<\/p>\n\n\n\n<h5 class=\"wp-block-heading\" id=\"h-technische-voraussetzungen\">Requisiti tecnici<\/h5>\n\n\n\n<ul class=\"wp-block-list\">\n<li>La fresa deve avere un cuscinetto reggispinta.<\/li>\n\n\n\n<li>La macchina deve essere dotata di un foro passante nella tavola per il perno filettato M8 della battuta girevole.<\/li>\n\n\n\n<li>La superficie di appoggio marrone del tavolo deve terminare davanti alla fresa. Se la superficie di appoggio racchiude la fresa, vi preghiamo di comunicarcelo. Adatteremo Ecko di conseguenza.<\/li>\n<\/ul>\n\n\n\n<h5 class=\"wp-block-heading\" id=\"h-lieferumfang\">Ambito di consegna<\/h5>\n\n\n\n<ul class=\"wp-block-list\">\n<li>Arresto girevole<\/li>\n\n\n\n<li>Tavolo con protezione<\/li>\n\n\n\n<li>Inserto per collare<\/li>\n\n\n\n<li>Freno reggispinta modificato<\/li>\n\n\n\n<li>Istruzioni per l'uso<\/li>\n<\/ul>\n<\/div>\n\n\n\n<div class=\"wp-block-column is-vertically-aligned-center is-layout-flow wp-block-column-is-layout-flow\" style=\"flex-basis:60%\">\n<p>Semplice regolazione dell'arresto del bordo. In questo modo si evita che la fresa si sposti all'interno del bordo.<\/p>\n\n\n\n<figure class=\"wp-block-boldblocks-youtube-block\"><div id=\"yb-video-oT24tX9sZoE\" class=\"yb-player\" data-video-id=\"oT24tX9sZoE\" data-title=\"Play\" style=\"background-image:url(https:\/\/img.youtube.com\/vi\/oT24tX9sZoE\/hqdefault.jpg)\"><button type=\"button\" class=\"yb-btn-play\"><span class=\"visually-hidden\">Gioco<\/span><\/button><\/div><figcaption class=\"yb-caption\">Arrotondatrice Ecko: impostazione dell'arresto del bordo, parte 4 di 5<\/figcaption><\/figure>\n<\/div>\n<\/div>","protected":false},"excerpt":{"rendered":"<p>Fresatrice angolare Ecko VZ 100 90F MFK 1 per Festool MFK 700 con foro passante nella tavola, vedi foto. Si prega di chiedere informazioni su altre frese per bordi.<\/p>\n<ul>\n<li>Per un bordo perfetto: stabile, maneggevole, preciso, resistente<\/li>\n<li>Installazione facilissima, regolazione molto semplice e rapida<\/li>\n<li>Contenuto della fornitura: Ecko come mostrato, la fresa per bordi non \u00e8 inclusa nella fornitura.<\/li>\n<li>Alternativa: arrotondare gli angoli con aria compressa, vedere <a href=\"https:\/\/c-hessler.de\/it\/negozio\/angolo-rotondo-mz-02-90f\/\">qui<\/a><\/li>\n<\/ul>\n<p>Dopo aver effettuato un ordine, confermeremo l'ordine e vi invieremo le coordinate bancarie.<\/p>\n<p>Vedere il video qui sotto.<\/p>","protected":false},"featured_media":10887,"comment_status":"open","ping_status":"closed","template":"","meta":[],"product_brand":[],"product_cat":[58],"product_tag":[],"class_list":{"0":"post-10900","1":"product","2":"type-product","3":"status-publish","4":"has-post-thumbnail","6":"product_cat-handgefuehrte-maschinen","8":"first","9":"instock","10":"taxable","11":"shipping-taxable","12":"purchasable","13":"product-type-simple"},"yoast_head":"<!-- This site is optimized with the Yoast SEO Premium plugin v27.0 (Yoast SEO v27.4) - https:\/\/yoast.com\/product\/yoast-seo-premium-wordpress\/ -->\n<title>Ecken runden mit Festool-Kantenfr\u00e4se<\/title>\n<meta name=\"description\" content=\"Eine perfekte Kante braucht ein perfektes Eckenrunden. Dies gelingt mit der Festool MFK mit dem Eckenrunder-System Ecko. F\u00fcr Holz und Kunststoff.\" \/>\n<meta name=\"robots\" content=\"index, follow, max-snippet:-1, max-image-preview:large, max-video-preview:-1\" \/>\n<link rel=\"canonical\" href=\"https:\/\/c-hessler.de\/it\/negozio\/sistema-di-arrotondamento-angolare-ecko-vz-100-90f-mfk-1\/\" \/>\n<meta property=\"og:locale\" content=\"it_IT\" \/>\n<meta property=\"og:type\" content=\"article\" \/>\n<meta property=\"og:title\" content=\"Eckenrunder-System Ecko VZ 100 90F MFK 1\" \/>\n<meta property=\"og:description\" content=\"Eine perfekte Kante braucht ein perfektes Eckenrunden. Dies gelingt mit der Festool MFK mit dem Eckenrunder-System Ecko. F\u00fcr Holz und Kunststoff.\" \/>\n<meta property=\"og:url\" content=\"https:\/\/c-hessler.de\/it\/negozio\/sistema-di-arrotondamento-angolare-ecko-vz-100-90f-mfk-1\/\" \/>\n<meta property=\"og:site_name\" content=\"Dr. Christoph He\u00dfler Maschinensysteme\" \/>\n<meta property=\"article:publisher\" content=\"https:\/\/www.facebook.com\/DrChristophHesslerMaschinensysteme\/\" \/>\n<meta property=\"article:modified_time\" content=\"2025-12-10T14:10:02+00:00\" \/>\n<meta property=\"og:image\" content=\"https:\/\/c-hessler.de\/wp-content\/uploads\/2017\/12\/P1010019-freigestellt-III.png\" \/>\n\t<meta property=\"og:image:width\" content=\"2048\" \/>\n\t<meta property=\"og:image:height\" content=\"1536\" \/>\n\t<meta property=\"og:image:type\" content=\"image\/png\" \/>\n<meta name=\"twitter:label1\" content=\"Prezzo\" \/>\n\t<meta name=\"twitter:data1\" content=\"320,00&nbsp;&euro; ohne MwSt.\" \/>\n\t<meta name=\"twitter:label2\" content=\"Disponibilit\u00e0\" \/>\n\t<meta name=\"twitter:data2\" content=\"In stock\" \/>\n<script type=\"application\/ld+json\" class=\"yoast-schema-graph\">{\"@context\":\"https:\\\/\\\/schema.org\",\"@graph\":[{\"@type\":\"WebPage\",\"@id\":\"https:\\\/\\\/c-hessler.de\\\/shop\\\/eckenrunder-system-ecko-vz-100-90f-mfk-1\\\/\",\"url\":\"https:\\\/\\\/c-hessler.de\\\/shop\\\/eckenrunder-system-ecko-vz-100-90f-mfk-1\\\/\",\"name\":\"Ecken runden mit Festool-Kantenfr\u00e4se\",\"isPartOf\":{\"@id\":\"https:\\\/\\\/c-hessler.de\\\/#website\"},\"primaryImageOfPage\":{\"@id\":\"https:\\\/\\\/c-hessler.de\\\/shop\\\/eckenrunder-system-ecko-vz-100-90f-mfk-1\\\/#primaryimage\"},\"image\":{\"@id\":\"https:\\\/\\\/c-hessler.de\\\/shop\\\/eckenrunder-system-ecko-vz-100-90f-mfk-1\\\/#primaryimage\"},\"thumbnailUrl\":\"https:\\\/\\\/c-hessler.de\\\/wp-content\\\/uploads\\\/2017\\\/12\\\/P1010019-freigestellt-III.png\",\"datePublished\":\"2017-12-05T23:43:22+00:00\",\"dateModified\":\"2025-12-10T14:10:02+00:00\",\"description\":\"Eine perfekte Kante braucht ein perfektes Eckenrunden. Dies gelingt mit der Festool MFK mit dem Eckenrunder-System Ecko. F\u00fcr Holz und Kunststoff.\",\"breadcrumb\":{\"@id\":\"https:\\\/\\\/c-hessler.de\\\/shop\\\/eckenrunder-system-ecko-vz-100-90f-mfk-1\\\/#breadcrumb\"},\"inLanguage\":\"it-IT\",\"potentialAction\":[{\"@type\":\"ReadAction\",\"target\":[\"https:\\\/\\\/c-hessler.de\\\/shop\\\/eckenrunder-system-ecko-vz-100-90f-mfk-1\\\/\"]}]},{\"@type\":\"ImageObject\",\"inLanguage\":\"it-IT\",\"@id\":\"https:\\\/\\\/c-hessler.de\\\/shop\\\/eckenrunder-system-ecko-vz-100-90f-mfk-1\\\/#primaryimage\",\"url\":\"https:\\\/\\\/c-hessler.de\\\/wp-content\\\/uploads\\\/2017\\\/12\\\/P1010019-freigestellt-III.png\",\"contentUrl\":\"https:\\\/\\\/c-hessler.de\\\/wp-content\\\/uploads\\\/2017\\\/12\\\/P1010019-freigestellt-III.png\",\"width\":2048,\"height\":1536,\"caption\":\"Die Komponenten des Eckenrunder-Systems Ecko\"},{\"@type\":\"BreadcrumbList\",\"@id\":\"https:\\\/\\\/c-hessler.de\\\/shop\\\/eckenrunder-system-ecko-vz-100-90f-mfk-1\\\/#breadcrumb\",\"itemListElement\":[{\"@type\":\"ListItem\",\"position\":1,\"name\":\"Produkte\",\"item\":\"https:\\\/\\\/c-hessler.de\\\/produkte\\\/\"},{\"@type\":\"ListItem\",\"position\":2,\"name\":\"Eckenrunder-System Ecko VZ 100 90F MFK 1\"}]},{\"@type\":\"WebSite\",\"@id\":\"https:\\\/\\\/c-hessler.de\\\/#website\",\"url\":\"https:\\\/\\\/c-hessler.de\\\/\",\"name\":\"www.c-hessler.de\",\"description\":\"\",\"publisher\":{\"@id\":\"https:\\\/\\\/c-hessler.de\\\/#organization\"},\"potentialAction\":[{\"@type\":\"SearchAction\",\"target\":{\"@type\":\"EntryPoint\",\"urlTemplate\":\"https:\\\/\\\/c-hessler.de\\\/?s={search_term_string}\"},\"query-input\":{\"@type\":\"PropertyValueSpecification\",\"valueRequired\":true,\"valueName\":\"search_term_string\"}}],\"inLanguage\":\"it-IT\"},{\"@type\":\"Organization\",\"@id\":\"https:\\\/\\\/c-hessler.de\\\/#organization\",\"name\":\"Dr. Christoph He\u00dfler Maschinensysteme\",\"alternateName\":\"Dr. Christoph He\u00dfler Maschinensysteme\",\"url\":\"https:\\\/\\\/c-hessler.de\\\/\",\"logo\":{\"@type\":\"ImageObject\",\"inLanguage\":\"it-IT\",\"@id\":\"https:\\\/\\\/c-hessler.de\\\/#\\\/schema\\\/logo\\\/image\\\/\",\"url\":\"https:\\\/\\\/c-hessler.de\\\/wp-content\\\/uploads\\\/2026\\\/02\\\/Draw-03-150312-110115-Ausgeschnitten-I.jpg\",\"contentUrl\":\"https:\\\/\\\/c-hessler.de\\\/wp-content\\\/uploads\\\/2026\\\/02\\\/Draw-03-150312-110115-Ausgeschnitten-I.jpg\",\"width\":445,\"height\":394,\"caption\":\"Dr. Christoph He\u00dfler Maschinensysteme\"},\"image\":{\"@id\":\"https:\\\/\\\/c-hessler.de\\\/#\\\/schema\\\/logo\\\/image\\\/\"},\"sameAs\":[\"https:\\\/\\\/www.facebook.com\\\/DrChristophHesslerMaschinensysteme\\\/\",\"https:\\\/\\\/www.pinterest.de\\\/hesstools\\\/\",\"https:\\\/\\\/www.youtube.com\\\/channel\\\/UCaNnXDGGF_BiYFQZ2kJgi-A?view_as=subscriber\"],\"description\":\"1. Ecken- und Kantenfr\u00e4sen f\u00fcr Tischler und Schreiner, Sonderanfertigungen 2. Auch f\u00fcr die Nachbearbeitung von Eck-Schwei\u00dfn\u00e4hten bei Aluminium-Werkstoffen, f\u00fcr Fahrzeugbauer oder Metallbauer aller Art\",\"email\":\"christoph.hessler@c-hessler.de\",\"telephone\":\"0527413012080\",\"legalName\":\"Dr. Christoph He\u00dfler Maschinensysteme\",\"foundingDate\":\"2003-06-05\",\"vatID\":\"DE230070107\",\"numberOfEmployees\":{\"@type\":\"QuantitativeValue\",\"minValue\":\"1\",\"maxValue\":\"10\"}}]}<\/script>\n<meta property=\"product:price:amount\" content=\"320.00\" \/>\n<meta property=\"product:price:currency\" content=\"EUR\" \/>\n<meta property=\"og:availability\" content=\"instock\" \/>\n<meta property=\"product:availability\" content=\"instock\" \/>\n<meta property=\"product:retailer_item_id\" content=\"eckenrunder-system-ecko-vz-100-90f-mfk-1\" \/>\n<meta property=\"product:condition\" content=\"new\" \/>\n<!-- \/ Yoast SEO Premium plugin. -->","yoast_head_json":{"title":"Arrotondare gli angoli con la fresa per bordi Festool","description":"Un bordo perfetto richiede un perfetto arrotondamento degli angoli. Questo si ottiene con il Festool MFK con il sistema di arrotondamento degli angoli Ecko. Per legno e plastica.","robots":{"index":"index","follow":"follow","max-snippet":"max-snippet:-1","max-image-preview":"max-image-preview:large","max-video-preview":"max-video-preview:-1"},"canonical":"https:\/\/c-hessler.de\/it\/negozio\/sistema-di-arrotondamento-angolare-ecko-vz-100-90f-mfk-1\/","og_locale":"it_IT","og_type":"article","og_title":"Eckenrunder-System Ecko VZ 100 90F MFK 1","og_description":"Eine perfekte Kante braucht ein perfektes Eckenrunden. Dies gelingt mit der Festool MFK mit dem Eckenrunder-System Ecko. F\u00fcr Holz und Kunststoff.","og_url":"https:\/\/c-hessler.de\/it\/negozio\/sistema-di-arrotondamento-angolare-ecko-vz-100-90f-mfk-1\/","og_site_name":"Dr. Christoph He\u00dfler Maschinensysteme","article_publisher":"https:\/\/www.facebook.com\/DrChristophHesslerMaschinensysteme\/","article_modified_time":"2025-12-10T14:10:02+00:00","og_image":[{"width":2048,"height":1536,"url":"https:\/\/c-hessler.de\/wp-content\/uploads\/2017\/12\/P1010019-freigestellt-III.png","type":"image\/png"}],"twitter_misc":{"Prezzo":"320,00&nbsp;&euro; ohne MwSt.","Disponibilit\u00e0":"In stock"},"schema":{"@context":"https:\/\/schema.org","@graph":[{"@type":"WebPage","@id":"https:\/\/c-hessler.de\/shop\/eckenrunder-system-ecko-vz-100-90f-mfk-1\/","url":"https:\/\/c-hessler.de\/shop\/eckenrunder-system-ecko-vz-100-90f-mfk-1\/","name":"Arrotondare gli angoli con la fresa per bordi Festool","isPartOf":{"@id":"https:\/\/c-hessler.de\/#website"},"primaryImageOfPage":{"@id":"https:\/\/c-hessler.de\/shop\/eckenrunder-system-ecko-vz-100-90f-mfk-1\/#primaryimage"},"image":{"@id":"https:\/\/c-hessler.de\/shop\/eckenrunder-system-ecko-vz-100-90f-mfk-1\/#primaryimage"},"thumbnailUrl":"https:\/\/c-hessler.de\/wp-content\/uploads\/2017\/12\/P1010019-freigestellt-III.png","datePublished":"2017-12-05T23:43:22+00:00","dateModified":"2025-12-10T14:10:02+00:00","description":"Un bordo perfetto richiede un perfetto arrotondamento degli angoli. Questo si ottiene con il Festool MFK con il sistema di arrotondamento degli angoli Ecko. Per legno e plastica.","breadcrumb":{"@id":"https:\/\/c-hessler.de\/shop\/eckenrunder-system-ecko-vz-100-90f-mfk-1\/#breadcrumb"},"inLanguage":"it-IT","potentialAction":[{"@type":"ReadAction","target":["https:\/\/c-hessler.de\/shop\/eckenrunder-system-ecko-vz-100-90f-mfk-1\/"]}]},{"@type":"ImageObject","inLanguage":"it-IT","@id":"https:\/\/c-hessler.de\/shop\/eckenrunder-system-ecko-vz-100-90f-mfk-1\/#primaryimage","url":"https:\/\/c-hessler.de\/wp-content\/uploads\/2017\/12\/P1010019-freigestellt-III.png","contentUrl":"https:\/\/c-hessler.de\/wp-content\/uploads\/2017\/12\/P1010019-freigestellt-III.png","width":2048,"height":1536,"caption":"Die Komponenten des Eckenrunder-Systems Ecko"},{"@type":"BreadcrumbList","@id":"https:\/\/c-hessler.de\/shop\/eckenrunder-system-ecko-vz-100-90f-mfk-1\/#breadcrumb","itemListElement":[{"@type":"ListItem","position":1,"name":"Produkte","item":"https:\/\/c-hessler.de\/produkte\/"},{"@type":"ListItem","position":2,"name":"Eckenrunder-System Ecko VZ 100 90F MFK 1"}]},{"@type":"WebSite","@id":"https:\/\/c-hessler.de\/#website","url":"https:\/\/c-hessler.de\/","name":"www.c-hessler.de","description":"","publisher":{"@id":"https:\/\/c-hessler.de\/#organization"},"potentialAction":[{"@type":"SearchAction","target":{"@type":"EntryPoint","urlTemplate":"https:\/\/c-hessler.de\/?s={search_term_string}"},"query-input":{"@type":"PropertyValueSpecification","valueRequired":true,"valueName":"search_term_string"}}],"inLanguage":"it-IT"},{"@type":"Organization","@id":"https:\/\/c-hessler.de\/#organization","name":"Dr. Christoph He\u00dfler Sistemi di macchine","alternateName":"Dr. Christoph He\u00dfler Maschinensysteme","url":"https:\/\/c-hessler.de\/","logo":{"@type":"ImageObject","inLanguage":"it-IT","@id":"https:\/\/c-hessler.de\/#\/schema\/logo\/image\/","url":"https:\/\/c-hessler.de\/wp-content\/uploads\/2026\/02\/Draw-03-150312-110115-Ausgeschnitten-I.jpg","contentUrl":"https:\/\/c-hessler.de\/wp-content\/uploads\/2026\/02\/Draw-03-150312-110115-Ausgeschnitten-I.jpg","width":445,"height":394,"caption":"Dr. Christoph He\u00dfler Maschinensysteme"},"image":{"@id":"https:\/\/c-hessler.de\/#\/schema\/logo\/image\/"},"sameAs":["https:\/\/www.facebook.com\/DrChristophHesslerMaschinensysteme\/","https:\/\/www.pinterest.de\/hesstools\/","https:\/\/www.youtube.com\/channel\/UCaNnXDGGF_BiYFQZ2kJgi-A?view_as=subscriber"],"description":"1. Ecken- und Kantenfr\u00e4sen f\u00fcr Tischler und Schreiner, Sonderanfertigungen 2. Auch f\u00fcr die Nachbearbeitung von Eck-Schwei\u00dfn\u00e4hten bei Aluminium-Werkstoffen, f\u00fcr Fahrzeugbauer oder Metallbauer aller Art","email":"christoph.hessler@c-hessler.de","telephone":"0527413012080","legalName":"Dr. Christoph He\u00dfler Maschinensysteme","foundingDate":"2003-06-05","vatID":"DE230070107","numberOfEmployees":{"@type":"QuantitativeValue","minValue":"1","maxValue":"10"}}]},"product_price_amount":"320.00","product_price_currency":"EUR","og_availability":"instock","product_availability":"instock","product_retailer_item_id":"eckenrunder-system-ecko-vz-100-90f-mfk-1","product_condition":"new"},"_links":{"self":[{"href":"https:\/\/c-hessler.de\/it\/wp-json\/wp\/v2\/product\/10900","targetHints":{"allow":["GET"]}}],"collection":[{"href":"https:\/\/c-hessler.de\/it\/wp-json\/wp\/v2\/product"}],"about":[{"href":"https:\/\/c-hessler.de\/it\/wp-json\/wp\/v2\/types\/product"}],"replies":[{"embeddable":true,"href":"https:\/\/c-hessler.de\/it\/wp-json\/wp\/v2\/comments?post=10900"}],"wp:featuredmedia":[{"embeddable":true,"href":"https:\/\/c-hessler.de\/it\/wp-json\/wp\/v2\/media\/10887"}],"wp:attachment":[{"href":"https:\/\/c-hessler.de\/it\/wp-json\/wp\/v2\/media?parent=10900"}],"wp:term":[{"taxonomy":"product_brand","embeddable":true,"href":"https:\/\/c-hessler.de\/it\/wp-json\/wp\/v2\/product_brand?post=10900"},{"taxonomy":"product_cat","embeddable":true,"href":"https:\/\/c-hessler.de\/it\/wp-json\/wp\/v2\/product_cat?post=10900"},{"taxonomy":"product_tag","embeddable":true,"href":"https:\/\/c-hessler.de\/it\/wp-json\/wp\/v2\/product_tag?post=10900"}],"curies":[{"name":"wp","href":"https:\/\/api.w.org\/{rel}","templated":true}]}}