{"id":206349,"date":"2022-06-21T19:35:57","date_gmt":"2022-06-21T17:35:57","guid":{"rendered":"https:\/\/c-hessler.de\/?post_type=product&#038;p=206349"},"modified":"2025-12-09T17:09:41","modified_gmt":"2025-12-09T16:09:41","slug":"bordatrice-ad-aria-compressa-kf-400-iii","status":"publish","type":"product","link":"https:\/\/c-hessler.de\/it\/shop\/kantenfraese-mit-druckluft-kf-400-iii\/","title":{"rendered":"Pantografo per bordi con aria compressa KF 400 III"},"content":{"rendered":"<div class=\"wp-block-columns are-vertically-aligned-center is-layout-flex wp-container-core-columns-is-layout-28f84493 wp-block-columns-is-layout-flex\">\n<div class=\"wp-block-column is-vertically-aligned-center is-layout-flow wp-block-column-is-layout-flow\">\n<p class=\"title has-text-color\" style=\"color:#131315\">Le robuste bordatrici pneumatiche<\/p>\n\n\n\n<p>Non esiste una fresa per bordi pi\u00f9 leggera di una fresa per bordi ad aria compressa. Soprattutto quando la mano e il braccio iniziano a far male perch\u00e9 si deve lavorare con la fresatrice per bordi per molto tempo o con grande sensibilit\u00e0, l'azionamento ad aria compressa non pu\u00f2 essere battuto. Questo tipo di fresa per bordi ad aria compressa viene spesso chiamata fresa a lamello da falegnami e carpentieri.<\/p>\n\n\n\n<p>Per questo motivo Hessler ha ampliato il suo programma di fresatrici pneumatiche per bordi con la KF 400 III. La fresatrice \u00e8 dotata di un collaudato motore ad aria compressa e convince per le sue prestazioni e la sua maneggevolezza.<\/p>\n\n\n\n<ul class=\"wp-block-list\">\n<li>Azionamento pneumatico\n<ul class=\"wp-block-list\">\n<li>Pinza di serraggio fino a gambo 8 mm<\/li>\n\n\n\n<li>max. 24.000 giri\/min, velocit\u00e0 regolabile<\/li>\n\n\n\n<li>max. 6 bar, circa 600 l\/min +1 goccia d'olio\/min<\/li>\n<\/ul>\n<\/li>\n\n\n\n<li>Tabella\n<ul class=\"wp-block-list\">\n<li>In metallo<\/li>\n\n\n\n<li>Supporto del pezzo spesso e robusto<\/li>\n<\/ul>\n<\/li>\n\n\n\n<li>Fresa\n<ul class=\"wp-block-list\">\n<li>Con cuscinetto reggispinta<\/li>\n\n\n\n<li>Fresa diametro massimo 28 mm<\/li>\n<\/ul>\n<\/li>\n<\/ul>\n<\/div>\n\n\n\n<div class=\"wp-block-column is-vertically-aligned-center is-layout-flow wp-block-column-is-layout-flow\" style=\"flex-basis:60%\">\n<figure class=\"wp-block-image size-large\"><img fetchpriority=\"high\" decoding=\"async\" width=\"1024\" height=\"576\" src=\"https:\/\/c-hessler.de\/wp-content\/uploads\/2022\/07\/20220715_133904-verpixelt--1024x576.jpg\" alt=\"Fiera Holz-Handwerk 2022\" class=\"wp-image-206365\"\/><figcaption class=\"wp-element-caption\">Fiera Holz-Handwerk 2022 a Norimberga<\/figcaption><\/figure>\n\n\n\n<p><\/p>\n<\/div>\n<\/div>\n\n\n\n<div style=\"height:30px\" aria-hidden=\"true\" class=\"wp-block-spacer\"><\/div>\n\n\n\n<div class=\"wp-block-columns are-vertically-aligned-center is-layout-flex wp-container-core-columns-is-layout-28f84493 wp-block-columns-is-layout-flex\">\n<div class=\"wp-block-column is-vertically-aligned-center is-layout-flow wp-block-column-is-layout-flow\">\n<figure class=\"wp-block-image size-large\"><img decoding=\"async\" width=\"1024\" height=\"576\" src=\"https:\/\/c-hessler.de\/wp-content\/uploads\/2022\/07\/20220712_100501-1024x576.jpg\" alt=\"La fresatrice pneumatica per bordi KF 400 III \u00e8 disponibile per le prove alla fiera Holz-Handwerk di Norimberga.\" class=\"wp-image-206367\" srcset=\"https:\/\/c-hessler.de\/wp-content\/uploads\/2022\/07\/20220712_100501-1024x576.jpg 1024w, https:\/\/c-hessler.de\/wp-content\/uploads\/2022\/07\/20220712_100501-300x169.jpg 300w, https:\/\/c-hessler.de\/wp-content\/uploads\/2022\/07\/20220712_100501-768x432.jpg 768w, https:\/\/c-hessler.de\/wp-content\/uploads\/2022\/07\/20220712_100501-1536x864.jpg 1536w, https:\/\/c-hessler.de\/wp-content\/uploads\/2022\/07\/20220712_100501-2048x1152.jpg 2048w, https:\/\/c-hessler.de\/wp-content\/uploads\/2022\/07\/20220712_100501-1080x608.jpg 1080w, https:\/\/c-hessler.de\/wp-content\/uploads\/2022\/07\/20220712_100501-1280x720.jpg 1280w, https:\/\/c-hessler.de\/wp-content\/uploads\/2022\/07\/20220712_100501-980x551.jpg 980w, https:\/\/c-hessler.de\/wp-content\/uploads\/2022\/07\/20220712_100501-480x270.jpg 480w, https:\/\/c-hessler.de\/wp-content\/uploads\/2022\/07\/20220712_100501-800x450.jpg 800w, https:\/\/c-hessler.de\/wp-content\/uploads\/2022\/07\/20220712_100501-scaled-150x84.jpg 150w\" sizes=\"(max-width: 1024px) 100vw, 1024px\" \/><figcaption class=\"wp-element-caption\">La fresatrice pneumatica per bordi KF 400 III alla fiera Holz-Handwerk 2022 di Norimberga<\/figcaption><\/figure>\n<\/div>\n\n\n\n<div class=\"wp-block-column is-vertically-aligned-center is-layout-flow wp-block-column-is-layout-flow\" style=\"flex-basis:40%\">\n<p class=\"title has-text-color\" style=\"color:#131315\">La fresatrice per bordi KF 400 III con aria compressa pu\u00f2 essere dotata anche di una fresa a inserti indicizzabili. Se l'aria di scarico interferisce con il lavoro, \u00e8 disponibile un condotto opzionale per l'aria di scarico. Questo consente di scaricare l'aria di scarico lateralmente.<\/p>\n\n\n\n<p>In caso di funzionamento intensivo, \u00e8 necessaria un'unit\u00e0 di manutenzione o un oliatore a monte per garantire l'immissione di una quantit\u00e0 sufficiente di olio nel motore (circa 1 goccia al minuto). La fornitura comprende una bottiglietta d'olio con una descrizione delle specifiche dell'olio per l'avviamento.<\/p>\n\n\n\n<p>Per ogni fresa pneumatica per bordi \u00e8 disponibile una consulenza per la rispettiva applicazione, Tel.: +49 (0)5741 3012080.<\/p>\n\n\n\n<p>Dr. Christoph He\u00dfler Sistemi di macchine<\/p>\n\n\n\n<p>32312 L\u00fcbbecke<\/p>\n\n\n\n<p>www.c-hessler.de<\/p>\n<\/div>\n<\/div>\n\n\n\n<div style=\"height:30px\" aria-hidden=\"true\" class=\"wp-block-spacer\"><\/div>\n\n\n\n<div class=\"wp-block-columns are-vertically-aligned-center is-layout-flex wp-container-core-columns-is-layout-28f84493 wp-block-columns-is-layout-flex\">\n<div class=\"wp-block-column is-vertically-aligned-center is-layout-flow wp-block-column-is-layout-flow\">\n<h2 class=\"wp-block-heading title has-text-color\" id=\"h-merkmale-zum-system\" style=\"color:#131315\"><strong>Caratteristiche del sistema<\/strong><\/h2>\n\n\n\n<h5 class=\"wp-block-heading title has-text-color\" id=\"h-anwendungsgebiet\" style=\"color:#131315\">Campo di applicazione<\/h5>\n\n\n\n<p class=\"title has-text-color\" style=\"color:#131315\">Rispetto alle bordatrici elettriche, le bordatrici pneumatiche KF 400 III sono leggere e maneggevoli. Sono tipicamente utilizzate per smussare o arrotondare i bordi in plastica gi\u00e0 fresati a filo o su pannelli. La fresatrice pu\u00f2 essere utilizzata su legno e plastica con uno smusso o un raggio fino a 3 mm.<\/p>\n\n\n\n<h5 class=\"wp-block-heading\" id=\"h-funktion-und-bedienung\">Funzione e funzionamento<\/h5>\n\n\n\n<p>La fresatrice per bordi KF 400 III ha un'impugnatura ergonomica. Pu\u00f2 essere facilmente guidata con una punta con cuscinetto reggispinta e sulla solida piastra di base.  Offriamo agli utenti commerciali una prova gratuita e senza impegno.<\/p>\n\n\n\n<h5 class=\"wp-block-heading\" id=\"h-preis\">Prezzo<\/h5>\n\n\n\n<ul class=\"wp-block-list\">\n<li>1 settimana di prova gratuita e senza impegno<\/li>\n\n\n\n<li>Prezzo vedi sopra<\/li>\n<\/ul>\n\n\n\n<h5 class=\"wp-block-heading\" id=\"h-technische-voraussetzungen\">Requisiti tecnici<\/h5>\n\n\n\n<p>Per il funzionamento, \u00e8 necessario aggiungere regolarmente olio per apparecchi ad aria compressa. In caso di uso sporadico, \u00e8 possibile farlo gocciolare direttamente nel tappo di collegamento dell'aria compressa o, in caso di funzionamento continuo, utilizzare un'unit\u00e0 di manutenzione impostata su 1 goccia di olio al minuto.<\/p>\n\n\n\n<h5 class=\"wp-block-heading\" id=\"h-lieferumfang\">Ambito di consegna<\/h5>\n\n\n\n<p>La fresatrice per bordi KF 400 III con aria compressa viene fornita di serie con una fresa R2 montata in modo fisso. La fresa \u00e8 assemblata e testata. Viene fornito anche un flacone di olio per utensili ad aria compressa.<\/p>\n<\/div>\n\n\n\n<div class=\"wp-block-column is-vertically-aligned-center is-layout-flow wp-block-column-is-layout-flow\" style=\"flex-basis:60%\">\n<figure class=\"wp-block-image size-large\"><img decoding=\"async\" width=\"768\" height=\"1024\" src=\"https:\/\/c-hessler.de\/wp-content\/uploads\/2022\/07\/C.-Hessler-Kantenrunder-KF-400-III-1594-4-zu-3-768x1024.jpg\" alt=\"La fresa per bordi KF 400 III fresa rapidamente intorno agli angoli\" class=\"wp-image-206359\"\/><figcaption class=\"wp-element-caption\">La fresa per bordi KF 400 III fresa rapidamente gli angoli.<\/figcaption><\/figure>\n\n\n\n<p><\/p>\n<\/div>\n<\/div>\n\n\n\n<div style=\"height:30px\" aria-hidden=\"true\" class=\"wp-block-spacer\"><\/div>","protected":false},"excerpt":{"rendered":"<p class=\"western\">La fresatrice per bordi pneumatica KF 400 III \u00e8 dotata di un robusto motore pneumatico<b>. <\/b>\u00c8 molto pi\u00f9 facile da maneggiare rispetto a una fresa elettrica per bordi. \u00c8 molto adatta per lavori di sbavatura\/bisellatura\/arrotondamento. Simile alla precedente Lamello Profila Pro o alla Wegoma DKF32. Per consigli si prega di chiamare il numero 05741 3012080, internazionale +49 5741 3012080.<\/p>\n<p>Con il KF 400 III si ottiene un <strong>Prodotto collaudato per un uso robusto <\/strong>con impugnatura ergonomica e regolazione della velocit\u00e0. Mandrino di serraggio per gambo da 8 mm.<\/p>","protected":false},"featured_media":206352,"comment_status":"open","ping_status":"closed","template":"","meta":[],"product_brand":[],"product_cat":[58],"product_tag":[38,45,40],"class_list":{"0":"post-206349","1":"product","2":"type-product","3":"status-publish","4":"has-post-thumbnail","6":"product_cat-handgefuehrte-maschinen","7":"product_tag-handgefuehrt","8":"product_tag-kanten","9":"product_tag-pneumatischer-antrieb","11":"first","12":"instock","13":"taxable","14":"shipping-taxable","15":"purchasable","16":"product-type-simple"},"yoast_head":"<!-- This site is optimized with the Yoast SEO Premium plugin v27.0 (Yoast SEO v27.4) - https:\/\/yoast.com\/product\/yoast-seo-premium-wordpress\/ -->\n<title>Kantenfr\u00e4se mit Druckluft mit montiertem Fr\u00e4ser, \u00e4hnlich Lamello<\/title>\n<meta name=\"description\" content=\"Die Kantenfr\u00e4se KF 400 III wird mit Druckluft angetrieben. \u00c4hnlich zur fr\u00fcheren Lamello Profila Pro. Die Fr\u00e4se hat Schaft 8 mm.\" \/>\n<meta name=\"robots\" content=\"index, follow, max-snippet:-1, max-image-preview:large, max-video-preview:-1\" \/>\n<link rel=\"canonical\" href=\"https:\/\/c-hessler.de\/it\/negozio\/bordatrice-ad-aria-compressa-kf-400-iii\/\" \/>\n<meta property=\"og:locale\" content=\"it_IT\" \/>\n<meta property=\"og:type\" content=\"article\" \/>\n<meta property=\"og:title\" content=\"Kantenfr\u00e4se mit Druckluft KF 400 III\" \/>\n<meta property=\"og:description\" content=\"Die Kantenfr\u00e4se KF 400 III wird mit Druckluft angetrieben. \u00c4hnlich zur fr\u00fcheren Lamello Profila Pro. Die Fr\u00e4se hat Schaft 8 mm.\" \/>\n<meta property=\"og:url\" content=\"https:\/\/c-hessler.de\/it\/negozio\/bordatrice-ad-aria-compressa-kf-400-iii\/\" \/>\n<meta property=\"og:site_name\" content=\"Dr. Christoph He\u00dfler Maschinensysteme\" \/>\n<meta property=\"article:publisher\" content=\"https:\/\/www.facebook.com\/DrChristophHesslerMaschinensysteme\/\" \/>\n<meta property=\"article:modified_time\" content=\"2025-12-09T16:09:41+00:00\" \/>\n<meta property=\"og:image\" content=\"https:\/\/c-hessler.de\/wp-content\/uploads\/2022\/06\/P1010024freigestellt.jpg\" \/>\n\t<meta property=\"og:image:width\" content=\"1600\" \/>\n\t<meta property=\"og:image:height\" content=\"1200\" \/>\n\t<meta property=\"og:image:type\" content=\"image\/jpeg\" \/>\n<meta name=\"twitter:label1\" content=\"Prezzo\" \/>\n\t<meta name=\"twitter:data1\" content=\"490,00&nbsp;&euro; ohne MwSt.\" \/>\n\t<meta name=\"twitter:label2\" content=\"Disponibilit\u00e0\" \/>\n\t<meta name=\"twitter:data2\" content=\"In stock\" \/>\n<script type=\"application\/ld+json\" class=\"yoast-schema-graph\">{\"@context\":\"https:\\\/\\\/schema.org\",\"@graph\":[{\"@type\":\"WebPage\",\"@id\":\"https:\\\/\\\/c-hessler.de\\\/shop\\\/kantenfraese-mit-druckluft-kf-400-iii\\\/\",\"url\":\"https:\\\/\\\/c-hessler.de\\\/shop\\\/kantenfraese-mit-druckluft-kf-400-iii\\\/\",\"name\":\"Kantenfr\u00e4se mit Druckluft mit montiertem Fr\u00e4ser, \u00e4hnlich Lamello\",\"isPartOf\":{\"@id\":\"https:\\\/\\\/c-hessler.de\\\/#website\"},\"primaryImageOfPage\":{\"@id\":\"https:\\\/\\\/c-hessler.de\\\/shop\\\/kantenfraese-mit-druckluft-kf-400-iii\\\/#primaryimage\"},\"image\":{\"@id\":\"https:\\\/\\\/c-hessler.de\\\/shop\\\/kantenfraese-mit-druckluft-kf-400-iii\\\/#primaryimage\"},\"thumbnailUrl\":\"https:\\\/\\\/c-hessler.de\\\/wp-content\\\/uploads\\\/2022\\\/06\\\/P1010024freigestellt.jpg\",\"datePublished\":\"2022-06-21T17:35:57+00:00\",\"dateModified\":\"2025-12-09T16:09:41+00:00\",\"description\":\"Die Kantenfr\u00e4se KF 400 III wird mit Druckluft angetrieben. \u00c4hnlich zur fr\u00fcheren Lamello Profila Pro. Die Fr\u00e4se hat Schaft 8 mm.\",\"breadcrumb\":{\"@id\":\"https:\\\/\\\/c-hessler.de\\\/shop\\\/kantenfraese-mit-druckluft-kf-400-iii\\\/#breadcrumb\"},\"inLanguage\":\"it-IT\",\"potentialAction\":[{\"@type\":\"ReadAction\",\"target\":[\"https:\\\/\\\/c-hessler.de\\\/shop\\\/kantenfraese-mit-druckluft-kf-400-iii\\\/\"]}]},{\"@type\":\"ImageObject\",\"inLanguage\":\"it-IT\",\"@id\":\"https:\\\/\\\/c-hessler.de\\\/shop\\\/kantenfraese-mit-druckluft-kf-400-iii\\\/#primaryimage\",\"url\":\"https:\\\/\\\/c-hessler.de\\\/wp-content\\\/uploads\\\/2022\\\/06\\\/P1010024freigestellt.jpg\",\"contentUrl\":\"https:\\\/\\\/c-hessler.de\\\/wp-content\\\/uploads\\\/2022\\\/06\\\/P1010024freigestellt.jpg\",\"width\":1600,\"height\":1200,\"caption\":\"Kantenfr\u00e4se KF 400 III\"},{\"@type\":\"BreadcrumbList\",\"@id\":\"https:\\\/\\\/c-hessler.de\\\/shop\\\/kantenfraese-mit-druckluft-kf-400-iii\\\/#breadcrumb\",\"itemListElement\":[{\"@type\":\"ListItem\",\"position\":1,\"name\":\"Produkte\",\"item\":\"https:\\\/\\\/c-hessler.de\\\/produkte\\\/\"},{\"@type\":\"ListItem\",\"position\":2,\"name\":\"Kantenfr\u00e4se mit Druckluft KF 400 III\"}]},{\"@type\":\"WebSite\",\"@id\":\"https:\\\/\\\/c-hessler.de\\\/#website\",\"url\":\"https:\\\/\\\/c-hessler.de\\\/\",\"name\":\"www.c-hessler.de\",\"description\":\"\",\"publisher\":{\"@id\":\"https:\\\/\\\/c-hessler.de\\\/#organization\"},\"potentialAction\":[{\"@type\":\"SearchAction\",\"target\":{\"@type\":\"EntryPoint\",\"urlTemplate\":\"https:\\\/\\\/c-hessler.de\\\/?s={search_term_string}\"},\"query-input\":{\"@type\":\"PropertyValueSpecification\",\"valueRequired\":true,\"valueName\":\"search_term_string\"}}],\"inLanguage\":\"it-IT\"},{\"@type\":\"Organization\",\"@id\":\"https:\\\/\\\/c-hessler.de\\\/#organization\",\"name\":\"Dr. Christoph He\u00dfler Maschinensysteme\",\"alternateName\":\"Dr. Christoph He\u00dfler Maschinensysteme\",\"url\":\"https:\\\/\\\/c-hessler.de\\\/\",\"logo\":{\"@type\":\"ImageObject\",\"inLanguage\":\"it-IT\",\"@id\":\"https:\\\/\\\/c-hessler.de\\\/#\\\/schema\\\/logo\\\/image\\\/\",\"url\":\"https:\\\/\\\/c-hessler.de\\\/wp-content\\\/uploads\\\/2026\\\/02\\\/Draw-03-150312-110115-Ausgeschnitten-I.jpg\",\"contentUrl\":\"https:\\\/\\\/c-hessler.de\\\/wp-content\\\/uploads\\\/2026\\\/02\\\/Draw-03-150312-110115-Ausgeschnitten-I.jpg\",\"width\":445,\"height\":394,\"caption\":\"Dr. Christoph He\u00dfler Maschinensysteme\"},\"image\":{\"@id\":\"https:\\\/\\\/c-hessler.de\\\/#\\\/schema\\\/logo\\\/image\\\/\"},\"sameAs\":[\"https:\\\/\\\/www.facebook.com\\\/DrChristophHesslerMaschinensysteme\\\/\",\"https:\\\/\\\/www.pinterest.de\\\/hesstools\\\/\",\"https:\\\/\\\/www.youtube.com\\\/channel\\\/UCaNnXDGGF_BiYFQZ2kJgi-A?view_as=subscriber\"],\"description\":\"1. Ecken- und Kantenfr\u00e4sen f\u00fcr Tischler und Schreiner, Sonderanfertigungen 2. Auch f\u00fcr die Nachbearbeitung von Eck-Schwei\u00dfn\u00e4hten bei Aluminium-Werkstoffen, f\u00fcr Fahrzeugbauer oder Metallbauer aller Art\",\"email\":\"christoph.hessler@c-hessler.de\",\"telephone\":\"0527413012080\",\"legalName\":\"Dr. Christoph He\u00dfler Maschinensysteme\",\"foundingDate\":\"2003-06-05\",\"vatID\":\"DE230070107\",\"numberOfEmployees\":{\"@type\":\"QuantitativeValue\",\"minValue\":\"1\",\"maxValue\":\"10\"}}]}<\/script>\n<meta property=\"product:price:amount\" content=\"490.00\" \/>\n<meta property=\"product:price:currency\" content=\"EUR\" \/>\n<meta property=\"og:availability\" content=\"instock\" \/>\n<meta property=\"product:availability\" content=\"instock\" \/>\n<meta property=\"product:retailer_item_id\" content=\"kantenfraese-mit-druckluft-kf-400-iii\" \/>\n<meta property=\"product:condition\" content=\"new\" \/>\n<!-- \/ Yoast SEO Premium plugin. -->","yoast_head_json":{"title":"Fresatrice per bordi ad aria compressa con fresa montata, simile a Lamello","description":"La fresa per bordi KF 400 III \u00e8 alimentata ad aria compressa. Simile alla precedente Lamello Profila Pro. La fresa ha un albero da 8 mm.","robots":{"index":"index","follow":"follow","max-snippet":"max-snippet:-1","max-image-preview":"max-image-preview:large","max-video-preview":"max-video-preview:-1"},"canonical":"https:\/\/c-hessler.de\/it\/negozio\/bordatrice-ad-aria-compressa-kf-400-iii\/","og_locale":"it_IT","og_type":"article","og_title":"Kantenfr\u00e4se mit Druckluft KF 400 III","og_description":"Die Kantenfr\u00e4se KF 400 III wird mit Druckluft angetrieben. \u00c4hnlich zur fr\u00fcheren Lamello Profila Pro. Die Fr\u00e4se hat Schaft 8 mm.","og_url":"https:\/\/c-hessler.de\/it\/negozio\/bordatrice-ad-aria-compressa-kf-400-iii\/","og_site_name":"Dr. Christoph He\u00dfler Maschinensysteme","article_publisher":"https:\/\/www.facebook.com\/DrChristophHesslerMaschinensysteme\/","article_modified_time":"2025-12-09T16:09:41+00:00","og_image":[{"width":1600,"height":1200,"url":"https:\/\/c-hessler.de\/wp-content\/uploads\/2022\/06\/P1010024freigestellt.jpg","type":"image\/jpeg"}],"twitter_misc":{"Prezzo":"490,00&nbsp;&euro; ohne MwSt.","Disponibilit\u00e0":"In stock"},"schema":{"@context":"https:\/\/schema.org","@graph":[{"@type":"WebPage","@id":"https:\/\/c-hessler.de\/shop\/kantenfraese-mit-druckluft-kf-400-iii\/","url":"https:\/\/c-hessler.de\/shop\/kantenfraese-mit-druckluft-kf-400-iii\/","name":"Fresatrice per bordi ad aria compressa con fresa montata, simile a Lamello","isPartOf":{"@id":"https:\/\/c-hessler.de\/#website"},"primaryImageOfPage":{"@id":"https:\/\/c-hessler.de\/shop\/kantenfraese-mit-druckluft-kf-400-iii\/#primaryimage"},"image":{"@id":"https:\/\/c-hessler.de\/shop\/kantenfraese-mit-druckluft-kf-400-iii\/#primaryimage"},"thumbnailUrl":"https:\/\/c-hessler.de\/wp-content\/uploads\/2022\/06\/P1010024freigestellt.jpg","datePublished":"2022-06-21T17:35:57+00:00","dateModified":"2025-12-09T16:09:41+00:00","description":"La fresa per bordi KF 400 III \u00e8 alimentata ad aria compressa. Simile alla precedente Lamello Profila Pro. La fresa ha un albero da 8 mm.","breadcrumb":{"@id":"https:\/\/c-hessler.de\/shop\/kantenfraese-mit-druckluft-kf-400-iii\/#breadcrumb"},"inLanguage":"it-IT","potentialAction":[{"@type":"ReadAction","target":["https:\/\/c-hessler.de\/shop\/kantenfraese-mit-druckluft-kf-400-iii\/"]}]},{"@type":"ImageObject","inLanguage":"it-IT","@id":"https:\/\/c-hessler.de\/shop\/kantenfraese-mit-druckluft-kf-400-iii\/#primaryimage","url":"https:\/\/c-hessler.de\/wp-content\/uploads\/2022\/06\/P1010024freigestellt.jpg","contentUrl":"https:\/\/c-hessler.de\/wp-content\/uploads\/2022\/06\/P1010024freigestellt.jpg","width":1600,"height":1200,"caption":"Kantenfr\u00e4se KF 400 III"},{"@type":"BreadcrumbList","@id":"https:\/\/c-hessler.de\/shop\/kantenfraese-mit-druckluft-kf-400-iii\/#breadcrumb","itemListElement":[{"@type":"ListItem","position":1,"name":"Produkte","item":"https:\/\/c-hessler.de\/produkte\/"},{"@type":"ListItem","position":2,"name":"Kantenfr\u00e4se mit Druckluft KF 400 III"}]},{"@type":"WebSite","@id":"https:\/\/c-hessler.de\/#website","url":"https:\/\/c-hessler.de\/","name":"www.c-hessler.de","description":"","publisher":{"@id":"https:\/\/c-hessler.de\/#organization"},"potentialAction":[{"@type":"SearchAction","target":{"@type":"EntryPoint","urlTemplate":"https:\/\/c-hessler.de\/?s={search_term_string}"},"query-input":{"@type":"PropertyValueSpecification","valueRequired":true,"valueName":"search_term_string"}}],"inLanguage":"it-IT"},{"@type":"Organization","@id":"https:\/\/c-hessler.de\/#organization","name":"Dr. Christoph He\u00dfler Sistemi di macchine","alternateName":"Dr. Christoph He\u00dfler Maschinensysteme","url":"https:\/\/c-hessler.de\/","logo":{"@type":"ImageObject","inLanguage":"it-IT","@id":"https:\/\/c-hessler.de\/#\/schema\/logo\/image\/","url":"https:\/\/c-hessler.de\/wp-content\/uploads\/2026\/02\/Draw-03-150312-110115-Ausgeschnitten-I.jpg","contentUrl":"https:\/\/c-hessler.de\/wp-content\/uploads\/2026\/02\/Draw-03-150312-110115-Ausgeschnitten-I.jpg","width":445,"height":394,"caption":"Dr. Christoph He\u00dfler Maschinensysteme"},"image":{"@id":"https:\/\/c-hessler.de\/#\/schema\/logo\/image\/"},"sameAs":["https:\/\/www.facebook.com\/DrChristophHesslerMaschinensysteme\/","https:\/\/www.pinterest.de\/hesstools\/","https:\/\/www.youtube.com\/channel\/UCaNnXDGGF_BiYFQZ2kJgi-A?view_as=subscriber"],"description":"1. Ecken- und Kantenfr\u00e4sen f\u00fcr Tischler und Schreiner, Sonderanfertigungen 2. Auch f\u00fcr die Nachbearbeitung von Eck-Schwei\u00dfn\u00e4hten bei Aluminium-Werkstoffen, f\u00fcr Fahrzeugbauer oder Metallbauer aller Art","email":"christoph.hessler@c-hessler.de","telephone":"0527413012080","legalName":"Dr. Christoph He\u00dfler Maschinensysteme","foundingDate":"2003-06-05","vatID":"DE230070107","numberOfEmployees":{"@type":"QuantitativeValue","minValue":"1","maxValue":"10"}}]},"product_price_amount":"490.00","product_price_currency":"EUR","og_availability":"instock","product_availability":"instock","product_retailer_item_id":"kantenfraese-mit-druckluft-kf-400-iii","product_condition":"new"},"_links":{"self":[{"href":"https:\/\/c-hessler.de\/it\/wp-json\/wp\/v2\/product\/206349","targetHints":{"allow":["GET"]}}],"collection":[{"href":"https:\/\/c-hessler.de\/it\/wp-json\/wp\/v2\/product"}],"about":[{"href":"https:\/\/c-hessler.de\/it\/wp-json\/wp\/v2\/types\/product"}],"replies":[{"embeddable":true,"href":"https:\/\/c-hessler.de\/it\/wp-json\/wp\/v2\/comments?post=206349"}],"wp:featuredmedia":[{"embeddable":true,"href":"https:\/\/c-hessler.de\/it\/wp-json\/wp\/v2\/media\/206352"}],"wp:attachment":[{"href":"https:\/\/c-hessler.de\/it\/wp-json\/wp\/v2\/media?parent=206349"}],"wp:term":[{"taxonomy":"product_brand","embeddable":true,"href":"https:\/\/c-hessler.de\/it\/wp-json\/wp\/v2\/product_brand?post=206349"},{"taxonomy":"product_cat","embeddable":true,"href":"https:\/\/c-hessler.de\/it\/wp-json\/wp\/v2\/product_cat?post=206349"},{"taxonomy":"product_tag","embeddable":true,"href":"https:\/\/c-hessler.de\/it\/wp-json\/wp\/v2\/product_tag?post=206349"}],"curies":[{"name":"wp","href":"https:\/\/api.w.org\/{rel}","templated":true}]}}