{"id":206524,"date":"2023-05-12T16:54:16","date_gmt":"2023-05-12T14:54:16","guid":{"rendered":"https:\/\/c-hessler.de\/?post_type=product&#038;p=206524"},"modified":"2025-12-10T18:57:44","modified_gmt":"2025-12-10T17:57:44","slug":"fresa-a-smussare-per-45-per-la-rottura-e-la-smussatura-dei-bordi","status":"publish","type":"product","link":"https:\/\/c-hessler.de\/it\/shop\/fase-fraeser-fuer-45-zum-kantenbrechen-und-kantenfasen\/","title":{"rendered":"Fresa per smussare a 45 gradi"},"content":{"rendered":"\n<div class=\"wp-block-columns are-vertically-aligned-center is-layout-flex wp-container-core-columns-is-layout-28f84493 wp-block-columns-is-layout-flex\">\n<div class=\"wp-block-column is-vertically-aligned-center is-layout-flow wp-block-column-is-layout-flow\">\n<h4 class=\"wp-block-heading\" id=\"h-fase-fraser-45-zum-kantenbrechen-und-kantenfasen\">Fase-Fr\u00e4ser 45\u00b0 zum Kantenbrechen und Kantenfasen<\/h4>\n\n\n\n<p>Entdecken Sie den Fr\u00e4ser zum 45\u00b0-Fasen von Kanten \u2013 ein speziell f\u00fcr Tischler und Schreiner angefertigtes Werkzeug! Mit diesem Fr\u00e4ser k\u00f6nnen Sie Ihre Holz- und Kunststoffwerkst\u00fccke sauber kantenbrechen und leichte Fasen erzeugen. Hergestellt mit erh\u00f6hten Genauigkeitsanforderungen nach Vorgabe von CHM-HESSLER, ist jeder Fr\u00e4ser mit einer Rundlaufgenauigkeit von 0,06 mm oder besser ausgestattet, um ein pr\u00e4zises Ergebnis und vibrationsarmes Arbeiten zu gew\u00e4hrleisten.<\/p>\n\n\n\n<p>Der Fr\u00e4ser verf\u00fcgt \u00fcber 2 Schneiden aus Hartmetall und ein Anlauflager aus Stahl f\u00fcr maximale Haltbarkeit und Widerstandsf\u00e4higkeit gegen Verschlei\u00df. Ein zweites, gr\u00f6\u00dferes Lager f\u00fcr die zweite Schneidennutzung wird mit einem Montageschl\u00fcssel mitgeliefert. Jeder Fr\u00e4ser wird vor der Verpackung vermessen und die Rundlaufgenauigkeit auf der Verpackung notiert, um sicherzustellen, dass Sie ein Werkzeug ensprechend unserem Qualit\u00e4tsverst\u00e4ndnis erhalten.<\/p>\n\n\n\n<p>Dieser Fr\u00e4ser ist in Verbindung mit der<a href=\"https:\/\/c-hessler.de\/shop\/kantenfraese-kf-400\/\" target=\"_blank\" rel=\"noreferrer noopener\">&nbsp;leichten Druckluft-Kantenfr\u00e4se KF 400 TOP<\/a>&nbsp;die ideale L\u00f6sung f\u00fcr ein un\u00fcbertroffen handliches Werkzeug zum Kantenbrechen und leichten Fasen von Werkst\u00fccken aus Holz und\/oder Kunststoff. Profitieren Sie von der Kombination aus hoher Pr\u00e4zision, Haltbarkeit und Anwenderfreundlichkeit.<\/p>\n\n\n\n<p>F\u00fcr individuelle Fr\u00e4ser-Sonderw\u00fcnsche stehen wir Ihnen per E-Mail \u00fcber unsere Kontakt-Seite oder direkt per Telefon zur Verf\u00fcgung. Entdecken Sie jetzt den Fr\u00e4ser zum 45\u00b0-Fasen von Kanten und erleben Sie die Leistungsf\u00e4higkeit dieses einzigartigen Werkzeugs!<\/p>\n\n\n\n<ul class=\"wp-block-list\">\n<li>Fase 45\u00b0, Schaft 6 mm<\/li>\n\n\n\n<li>Rundlauf kleiner oder gleich 0,06 mm<\/li>\n\n\n\n<li>Durchmesser 20 mm<\/li>\n\n\n\n<li>Fasen empfohlen bis 3x3x45\u00b0, theoretisch m\u00f6glich bis 6x6x45\u00b0<\/li>\n\n\n\n<li>Anlauflager Drm. 9,5 mm montiert<\/li>\n\n\n\n<li>Zweites Anlauflager 12,7 mm beigef\u00fcgt<\/li>\n\n\n\n<li>Schneiden aus Hartmetall<\/li>\n\n\n\n<li>Drehzahl bis 24.000 U\/min<\/li>\n\n\n\n<li>Geeignet f\u00fcr Holz und Kunststoff, maximaler Kanten\u00fcberstand 3 mm.<\/li>\n<\/ul>\n\n\n\n<p>Die zweite Nutzung der Schneiden wird m\u00f6glich, wenn die Fase nicht gr\u00f6\u00dfer ist als 1,6\u00d71,6\u00d745\u00b0 [ (12,7-9,5)\/2\u00d745\u00b0 =1,6], Ma\u00dfe in mm.<\/p>\n<\/div>\n\n\n\n<div class=\"wp-block-column is-vertically-aligned-center is-layout-flow wp-block-column-is-layout-flow\" style=\"flex-basis:60%\">\n<figure class=\"wp-block-image size-full is-resized\"><img fetchpriority=\"high\" decoding=\"async\" width=\"1600\" height=\"1200\" src=\"https:\/\/c-hessler.de\/wp-content\/uploads\/2023\/05\/P1010168-scaled-e1683908027809.jpg\" alt=\"Pr\u00e4zisions-Fasefr\u00e4ser mit erh\u00f6hter Rundlaufgenauigkeit\" class=\"wp-image-206528\" style=\"width:580px;height:auto\" srcset=\"https:\/\/c-hessler.de\/wp-content\/uploads\/2023\/05\/P1010168-scaled-e1683908027809.jpg 1600w, https:\/\/c-hessler.de\/wp-content\/uploads\/2023\/05\/P1010168-scaled-e1683908027809-300x225.jpg 300w, https:\/\/c-hessler.de\/wp-content\/uploads\/2023\/05\/P1010168-scaled-e1683908027809-1024x768.jpg 1024w, https:\/\/c-hessler.de\/wp-content\/uploads\/2023\/05\/P1010168-scaled-e1683908027809-768x576.jpg 768w, https:\/\/c-hessler.de\/wp-content\/uploads\/2023\/05\/P1010168-scaled-e1683908027809-1536x1152.jpg 1536w, https:\/\/c-hessler.de\/wp-content\/uploads\/2023\/05\/P1010168-scaled-e1683908027809-510x382.jpg 510w, https:\/\/c-hessler.de\/wp-content\/uploads\/2023\/05\/P1010168-scaled-e1683908027809-1080x810.jpg 1080w, https:\/\/c-hessler.de\/wp-content\/uploads\/2023\/05\/P1010168-scaled-e1683908027809-800x600.jpg 800w, https:\/\/c-hessler.de\/wp-content\/uploads\/2023\/05\/P1010168-scaled-e1683908027809-150x113.jpg 150w\" sizes=\"(max-width: 1600px) 100vw, 1600px\" \/><figcaption class=\"wp-element-caption\">Fase-Fr\u00e4ser mit zweitem Anlauflager und Werkzeug<br><\/figcaption><\/figure>\n\n\n\n<figure class=\"wp-block-image size-full\"><img decoding=\"async\" width=\"577\" height=\"433\" src=\"https:\/\/c-hessler.de\/wp-content\/uploads\/2023\/05\/P1010008-II.jpg\" alt=\"\" class=\"wp-image-206545\" srcset=\"https:\/\/c-hessler.de\/wp-content\/uploads\/2023\/05\/P1010008-II.jpg 577w, https:\/\/c-hessler.de\/wp-content\/uploads\/2023\/05\/P1010008-II-300x225.jpg 300w, https:\/\/c-hessler.de\/wp-content\/uploads\/2023\/05\/P1010008-II-510x382.jpg 510w, https:\/\/c-hessler.de\/wp-content\/uploads\/2023\/05\/P1010008-II-480x360.jpg 480w, https:\/\/c-hessler.de\/wp-content\/uploads\/2023\/05\/P1010008-II-150x113.jpg 150w\" sizes=\"(max-width: 577px) 100vw, 577px\" \/><\/figure>\n<\/div>\n<\/div>\n","protected":false},"excerpt":{"rendered":"<p>Fresa per smussare a 45\u00b0 i bordi di pezzi in legno e\/o plastica.<\/p>\n<p>Le frese sono <strong>requisiti di precisione pi\u00f9 elevati<\/strong> prodotto per CHM-Hessler.<\/p>\n<ul>\n<li><strong>Concentricit\u00e0 uguale o migliore di 0,06 mm<\/strong><\/li>\n<li>2 taglienti in carburo<\/li>\n<li>Cuscinetto reggispinta in acciaio<\/li>\n<li><strong>Secondo cuscinetto pi\u00f9 grande per l'utilizzo della seconda lama<\/strong> fornito con chiave di montaggio<\/li>\n<\/ul>\n<p>Ogni fresa viene misurata per determinarne la concentricit\u00e0, che viene annotata sulla confezione.<strong> Questa fresa viene utilizzata in combinazione con il sistema di fresatura <a href=\"https:\/\/c-hessler.de\/it\/negozio\/taglierina-per-bordi-kf-400\/\">Fresatrice per bordi ad aria compressa leggera KF 400 TOP<\/a> una soluzione pratica e ineguagliabile per la rottura dei bordi e la smussatura leggera di pezzi in legno e\/o plastica.<br \/>\n<\/strong><\/p>\n<p>Per richieste di frese speciali, contattateci via e-mail tramite la pagina dei contatti o direttamente al telefono: 05741 3012080.<\/p>","protected":false},"featured_media":206528,"comment_status":"open","ping_status":"closed","template":"","meta":[],"product_brand":[],"product_cat":[108],"product_tag":[126,109,38,45,127,128,111],"class_list":{"0":"post-206524","1":"product","2":"type-product","3":"status-publish","4":"has-post-thumbnail","6":"product_cat-werkzeuge","7":"product_tag-fase-fraeser-45-grad","8":"product_tag-fraeser-45","9":"product_tag-handgefuehrt","10":"product_tag-kanten","11":"product_tag-kantenbrechen","12":"product_tag-kantenfasen","13":"product_tag-schraege-kante","15":"first","16":"instock","17":"taxable","18":"shipping-taxable","19":"purchasable","20":"product-type-simple"},"yoast_head":"<!-- This site is optimized with the Yoast SEO Premium plugin v27.0 (Yoast SEO v27.4) - https:\/\/yoast.com\/product\/yoast-seo-premium-wordpress\/ -->\n<title>Fase-Fr\u00e4ser f\u00fcr 45\u00b0 zum Kantenbrechen und Kantenfasen<\/title>\n<meta name=\"description\" content=\"Fase-Fr\u00e4ser zum 45 Grad Kantenbrechen und Kantenfasen an Teilen aus Holz oder Kunststoff. Mit einzeln gemessener Rundlaufgenauigkeit mindestens 0,06mm!\" \/>\n<meta name=\"robots\" content=\"index, follow, max-snippet:-1, max-image-preview:large, max-video-preview:-1\" \/>\n<link rel=\"canonical\" href=\"https:\/\/c-hessler.de\/it\/negozio\/fresa-a-smussare-per-45-per-la-rottura-e-la-smussatura-dei-bordi\/\" \/>\n<meta property=\"og:locale\" content=\"it_IT\" \/>\n<meta property=\"og:type\" content=\"article\" \/>\n<meta property=\"og:title\" content=\"Fase-Fr\u00e4ser 45 Grad\" \/>\n<meta property=\"og:description\" content=\"Fase-Fr\u00e4ser zum 45 Grad Kantenbrechen und Kantenfasen an Teilen aus Holz oder Kunststoff. Mit einzeln gemessener Rundlaufgenauigkeit mindestens 0,06mm!\" \/>\n<meta property=\"og:url\" content=\"https:\/\/c-hessler.de\/it\/negozio\/fresa-a-smussare-per-45-per-la-rottura-e-la-smussatura-dei-bordi\/\" \/>\n<meta property=\"og:site_name\" content=\"Dr. Christoph He\u00dfler Maschinensysteme\" \/>\n<meta property=\"article:publisher\" content=\"https:\/\/www.facebook.com\/DrChristophHesslerMaschinensysteme\/\" \/>\n<meta property=\"article:modified_time\" content=\"2025-12-10T17:57:44+00:00\" \/>\n<meta property=\"og:image\" content=\"https:\/\/c-hessler.de\/wp-content\/uploads\/2023\/05\/P1010168-scaled-e1683908027809.jpg\" \/>\n\t<meta property=\"og:image:width\" content=\"1600\" \/>\n\t<meta property=\"og:image:height\" content=\"1200\" \/>\n\t<meta property=\"og:image:type\" content=\"image\/jpeg\" \/>\n<meta name=\"twitter:label1\" content=\"Prezzo\" \/>\n\t<meta name=\"twitter:data1\" content=\"45,00&nbsp;&euro; ohne MwSt.\" \/>\n\t<meta name=\"twitter:label2\" content=\"Disponibilit\u00e0\" \/>\n\t<meta name=\"twitter:data2\" content=\"In stock\" \/>\n<script type=\"application\/ld+json\" class=\"yoast-schema-graph\">{\"@context\":\"https:\\\/\\\/schema.org\",\"@graph\":[{\"@type\":\"WebPage\",\"@id\":\"https:\\\/\\\/c-hessler.de\\\/shop\\\/fase-fraeser-fuer-45-zum-kantenbrechen-und-kantenfasen\\\/\",\"url\":\"https:\\\/\\\/c-hessler.de\\\/shop\\\/fase-fraeser-fuer-45-zum-kantenbrechen-und-kantenfasen\\\/\",\"name\":\"Fase-Fr\u00e4ser f\u00fcr 45\u00b0 zum Kantenbrechen und Kantenfasen\",\"isPartOf\":{\"@id\":\"https:\\\/\\\/c-hessler.de\\\/#website\"},\"primaryImageOfPage\":{\"@id\":\"https:\\\/\\\/c-hessler.de\\\/shop\\\/fase-fraeser-fuer-45-zum-kantenbrechen-und-kantenfasen\\\/#primaryimage\"},\"image\":{\"@id\":\"https:\\\/\\\/c-hessler.de\\\/shop\\\/fase-fraeser-fuer-45-zum-kantenbrechen-und-kantenfasen\\\/#primaryimage\"},\"thumbnailUrl\":\"https:\\\/\\\/c-hessler.de\\\/wp-content\\\/uploads\\\/2023\\\/05\\\/P1010168-scaled-e1683908027809.jpg\",\"datePublished\":\"2023-05-12T14:54:16+00:00\",\"dateModified\":\"2025-12-10T17:57:44+00:00\",\"description\":\"Fase-Fr\u00e4ser zum 45 Grad Kantenbrechen und Kantenfasen an Teilen aus Holz oder Kunststoff. Mit einzeln gemessener Rundlaufgenauigkeit mindestens 0,06mm!\",\"breadcrumb\":{\"@id\":\"https:\\\/\\\/c-hessler.de\\\/shop\\\/fase-fraeser-fuer-45-zum-kantenbrechen-und-kantenfasen\\\/#breadcrumb\"},\"inLanguage\":\"it-IT\",\"potentialAction\":[{\"@type\":\"ReadAction\",\"target\":[\"https:\\\/\\\/c-hessler.de\\\/shop\\\/fase-fraeser-fuer-45-zum-kantenbrechen-und-kantenfasen\\\/\"]}]},{\"@type\":\"ImageObject\",\"inLanguage\":\"it-IT\",\"@id\":\"https:\\\/\\\/c-hessler.de\\\/shop\\\/fase-fraeser-fuer-45-zum-kantenbrechen-und-kantenfasen\\\/#primaryimage\",\"url\":\"https:\\\/\\\/c-hessler.de\\\/wp-content\\\/uploads\\\/2023\\\/05\\\/P1010168-scaled-e1683908027809.jpg\",\"contentUrl\":\"https:\\\/\\\/c-hessler.de\\\/wp-content\\\/uploads\\\/2023\\\/05\\\/P1010168-scaled-e1683908027809.jpg\",\"width\":1600,\"height\":1200,\"caption\":\"Fase-Fr\u00e4ser 45\u00b0 mit Rundlaufgenauigkeit kleiner oder gleich 0,06 mm und mit zweitem Anlauflager f\u00fcr zweite Schneidennutzung\"},{\"@type\":\"BreadcrumbList\",\"@id\":\"https:\\\/\\\/c-hessler.de\\\/shop\\\/fase-fraeser-fuer-45-zum-kantenbrechen-und-kantenfasen\\\/#breadcrumb\",\"itemListElement\":[{\"@type\":\"ListItem\",\"position\":1,\"name\":\"Produkte\",\"item\":\"https:\\\/\\\/c-hessler.de\\\/produkte\\\/\"},{\"@type\":\"ListItem\",\"position\":2,\"name\":\"Fase-Fr\u00e4ser 45 Grad\"}]},{\"@type\":\"WebSite\",\"@id\":\"https:\\\/\\\/c-hessler.de\\\/#website\",\"url\":\"https:\\\/\\\/c-hessler.de\\\/\",\"name\":\"www.c-hessler.de\",\"description\":\"\",\"publisher\":{\"@id\":\"https:\\\/\\\/c-hessler.de\\\/#organization\"},\"potentialAction\":[{\"@type\":\"SearchAction\",\"target\":{\"@type\":\"EntryPoint\",\"urlTemplate\":\"https:\\\/\\\/c-hessler.de\\\/?s={search_term_string}\"},\"query-input\":{\"@type\":\"PropertyValueSpecification\",\"valueRequired\":true,\"valueName\":\"search_term_string\"}}],\"inLanguage\":\"it-IT\"},{\"@type\":\"Organization\",\"@id\":\"https:\\\/\\\/c-hessler.de\\\/#organization\",\"name\":\"Dr. Christoph He\u00dfler Maschinensysteme\",\"alternateName\":\"Dr. Christoph He\u00dfler Maschinensysteme\",\"url\":\"https:\\\/\\\/c-hessler.de\\\/\",\"logo\":{\"@type\":\"ImageObject\",\"inLanguage\":\"it-IT\",\"@id\":\"https:\\\/\\\/c-hessler.de\\\/#\\\/schema\\\/logo\\\/image\\\/\",\"url\":\"https:\\\/\\\/c-hessler.de\\\/wp-content\\\/uploads\\\/2026\\\/02\\\/Draw-03-150312-110115-Ausgeschnitten-I.jpg\",\"contentUrl\":\"https:\\\/\\\/c-hessler.de\\\/wp-content\\\/uploads\\\/2026\\\/02\\\/Draw-03-150312-110115-Ausgeschnitten-I.jpg\",\"width\":445,\"height\":394,\"caption\":\"Dr. Christoph He\u00dfler Maschinensysteme\"},\"image\":{\"@id\":\"https:\\\/\\\/c-hessler.de\\\/#\\\/schema\\\/logo\\\/image\\\/\"},\"sameAs\":[\"https:\\\/\\\/www.facebook.com\\\/DrChristophHesslerMaschinensysteme\\\/\",\"https:\\\/\\\/www.pinterest.de\\\/hesstools\\\/\",\"https:\\\/\\\/www.youtube.com\\\/channel\\\/UCaNnXDGGF_BiYFQZ2kJgi-A?view_as=subscriber\"],\"description\":\"1. Ecken- und Kantenfr\u00e4sen f\u00fcr Tischler und Schreiner, Sonderanfertigungen 2. Auch f\u00fcr die Nachbearbeitung von Eck-Schwei\u00dfn\u00e4hten bei Aluminium-Werkstoffen, f\u00fcr Fahrzeugbauer oder Metallbauer aller Art\",\"email\":\"christoph.hessler@c-hessler.de\",\"telephone\":\"0527413012080\",\"legalName\":\"Dr. Christoph He\u00dfler Maschinensysteme\",\"foundingDate\":\"2003-06-05\",\"vatID\":\"DE230070107\",\"numberOfEmployees\":{\"@type\":\"QuantitativeValue\",\"minValue\":\"1\",\"maxValue\":\"10\"}}]}<\/script>\n<meta property=\"product:price:amount\" content=\"45.00\" \/>\n<meta property=\"product:price:currency\" content=\"EUR\" \/>\n<meta property=\"og:availability\" content=\"instock\" \/>\n<meta property=\"product:availability\" content=\"instock\" \/>\n<meta property=\"product:retailer_item_id\" content=\"fase-fraeser-fuer-45-zum-kantenbrechen-und-kantenfasen\" \/>\n<meta property=\"product:condition\" content=\"new\" \/>\n<!-- \/ Yoast SEO Premium plugin. -->","yoast_head_json":{"title":"Fresa per smussare a 45\u00b0 per la rottura dei bordi e la smussatura dei bordi","description":"Fresa per smussare i bordi a 45 gradi e per smussare i bordi di parti in legno o plastica. Con concentricit\u00e0 misurata individualmente di almeno 0,06 mm!","robots":{"index":"index","follow":"follow","max-snippet":"max-snippet:-1","max-image-preview":"max-image-preview:large","max-video-preview":"max-video-preview:-1"},"canonical":"https:\/\/c-hessler.de\/it\/negozio\/fresa-a-smussare-per-45-per-la-rottura-e-la-smussatura-dei-bordi\/","og_locale":"it_IT","og_type":"article","og_title":"Fase-Fr\u00e4ser 45 Grad","og_description":"Fase-Fr\u00e4ser zum 45 Grad Kantenbrechen und Kantenfasen an Teilen aus Holz oder Kunststoff. Mit einzeln gemessener Rundlaufgenauigkeit mindestens 0,06mm!","og_url":"https:\/\/c-hessler.de\/it\/negozio\/fresa-a-smussare-per-45-per-la-rottura-e-la-smussatura-dei-bordi\/","og_site_name":"Dr. Christoph He\u00dfler Maschinensysteme","article_publisher":"https:\/\/www.facebook.com\/DrChristophHesslerMaschinensysteme\/","article_modified_time":"2025-12-10T17:57:44+00:00","og_image":[{"width":1600,"height":1200,"url":"https:\/\/c-hessler.de\/wp-content\/uploads\/2023\/05\/P1010168-scaled-e1683908027809.jpg","type":"image\/jpeg"}],"twitter_misc":{"Prezzo":"45,00&nbsp;&euro; ohne MwSt.","Disponibilit\u00e0":"In stock"},"schema":{"@context":"https:\/\/schema.org","@graph":[{"@type":"WebPage","@id":"https:\/\/c-hessler.de\/shop\/fase-fraeser-fuer-45-zum-kantenbrechen-und-kantenfasen\/","url":"https:\/\/c-hessler.de\/shop\/fase-fraeser-fuer-45-zum-kantenbrechen-und-kantenfasen\/","name":"Fresa per smussare a 45\u00b0 per la rottura dei bordi e la smussatura dei bordi","isPartOf":{"@id":"https:\/\/c-hessler.de\/#website"},"primaryImageOfPage":{"@id":"https:\/\/c-hessler.de\/shop\/fase-fraeser-fuer-45-zum-kantenbrechen-und-kantenfasen\/#primaryimage"},"image":{"@id":"https:\/\/c-hessler.de\/shop\/fase-fraeser-fuer-45-zum-kantenbrechen-und-kantenfasen\/#primaryimage"},"thumbnailUrl":"https:\/\/c-hessler.de\/wp-content\/uploads\/2023\/05\/P1010168-scaled-e1683908027809.jpg","datePublished":"2023-05-12T14:54:16+00:00","dateModified":"2025-12-10T17:57:44+00:00","description":"Fresa per smussare i bordi a 45 gradi e per smussare i bordi di parti in legno o plastica. Con concentricit\u00e0 misurata individualmente di almeno 0,06 mm!","breadcrumb":{"@id":"https:\/\/c-hessler.de\/shop\/fase-fraeser-fuer-45-zum-kantenbrechen-und-kantenfasen\/#breadcrumb"},"inLanguage":"it-IT","potentialAction":[{"@type":"ReadAction","target":["https:\/\/c-hessler.de\/shop\/fase-fraeser-fuer-45-zum-kantenbrechen-und-kantenfasen\/"]}]},{"@type":"ImageObject","inLanguage":"it-IT","@id":"https:\/\/c-hessler.de\/shop\/fase-fraeser-fuer-45-zum-kantenbrechen-und-kantenfasen\/#primaryimage","url":"https:\/\/c-hessler.de\/wp-content\/uploads\/2023\/05\/P1010168-scaled-e1683908027809.jpg","contentUrl":"https:\/\/c-hessler.de\/wp-content\/uploads\/2023\/05\/P1010168-scaled-e1683908027809.jpg","width":1600,"height":1200,"caption":"Fase-Fr\u00e4ser 45\u00b0 mit Rundlaufgenauigkeit kleiner oder gleich 0,06 mm und mit zweitem Anlauflager f\u00fcr zweite Schneidennutzung"},{"@type":"BreadcrumbList","@id":"https:\/\/c-hessler.de\/shop\/fase-fraeser-fuer-45-zum-kantenbrechen-und-kantenfasen\/#breadcrumb","itemListElement":[{"@type":"ListItem","position":1,"name":"Produkte","item":"https:\/\/c-hessler.de\/produkte\/"},{"@type":"ListItem","position":2,"name":"Fase-Fr\u00e4ser 45 Grad"}]},{"@type":"WebSite","@id":"https:\/\/c-hessler.de\/#website","url":"https:\/\/c-hessler.de\/","name":"www.c-hessler.de","description":"","publisher":{"@id":"https:\/\/c-hessler.de\/#organization"},"potentialAction":[{"@type":"SearchAction","target":{"@type":"EntryPoint","urlTemplate":"https:\/\/c-hessler.de\/?s={search_term_string}"},"query-input":{"@type":"PropertyValueSpecification","valueRequired":true,"valueName":"search_term_string"}}],"inLanguage":"it-IT"},{"@type":"Organization","@id":"https:\/\/c-hessler.de\/#organization","name":"Dr. Christoph He\u00dfler Sistemi di macchine","alternateName":"Dr. Christoph He\u00dfler Maschinensysteme","url":"https:\/\/c-hessler.de\/","logo":{"@type":"ImageObject","inLanguage":"it-IT","@id":"https:\/\/c-hessler.de\/#\/schema\/logo\/image\/","url":"https:\/\/c-hessler.de\/wp-content\/uploads\/2026\/02\/Draw-03-150312-110115-Ausgeschnitten-I.jpg","contentUrl":"https:\/\/c-hessler.de\/wp-content\/uploads\/2026\/02\/Draw-03-150312-110115-Ausgeschnitten-I.jpg","width":445,"height":394,"caption":"Dr. Christoph He\u00dfler Maschinensysteme"},"image":{"@id":"https:\/\/c-hessler.de\/#\/schema\/logo\/image\/"},"sameAs":["https:\/\/www.facebook.com\/DrChristophHesslerMaschinensysteme\/","https:\/\/www.pinterest.de\/hesstools\/","https:\/\/www.youtube.com\/channel\/UCaNnXDGGF_BiYFQZ2kJgi-A?view_as=subscriber"],"description":"1. Ecken- und Kantenfr\u00e4sen f\u00fcr Tischler und Schreiner, Sonderanfertigungen 2. Auch f\u00fcr die Nachbearbeitung von Eck-Schwei\u00dfn\u00e4hten bei Aluminium-Werkstoffen, f\u00fcr Fahrzeugbauer oder Metallbauer aller Art","email":"christoph.hessler@c-hessler.de","telephone":"0527413012080","legalName":"Dr. Christoph He\u00dfler Maschinensysteme","foundingDate":"2003-06-05","vatID":"DE230070107","numberOfEmployees":{"@type":"QuantitativeValue","minValue":"1","maxValue":"10"}}]},"product_price_amount":"45.00","product_price_currency":"EUR","og_availability":"instock","product_availability":"instock","product_retailer_item_id":"fase-fraeser-fuer-45-zum-kantenbrechen-und-kantenfasen","product_condition":"new"},"_links":{"self":[{"href":"https:\/\/c-hessler.de\/it\/wp-json\/wp\/v2\/product\/206524","targetHints":{"allow":["GET"]}}],"collection":[{"href":"https:\/\/c-hessler.de\/it\/wp-json\/wp\/v2\/product"}],"about":[{"href":"https:\/\/c-hessler.de\/it\/wp-json\/wp\/v2\/types\/product"}],"replies":[{"embeddable":true,"href":"https:\/\/c-hessler.de\/it\/wp-json\/wp\/v2\/comments?post=206524"}],"wp:featuredmedia":[{"embeddable":true,"href":"https:\/\/c-hessler.de\/it\/wp-json\/wp\/v2\/media\/206528"}],"wp:attachment":[{"href":"https:\/\/c-hessler.de\/it\/wp-json\/wp\/v2\/media?parent=206524"}],"wp:term":[{"taxonomy":"product_brand","embeddable":true,"href":"https:\/\/c-hessler.de\/it\/wp-json\/wp\/v2\/product_brand?post=206524"},{"taxonomy":"product_cat","embeddable":true,"href":"https:\/\/c-hessler.de\/it\/wp-json\/wp\/v2\/product_cat?post=206524"},{"taxonomy":"product_tag","embeddable":true,"href":"https:\/\/c-hessler.de\/it\/wp-json\/wp\/v2\/product_tag?post=206524"}],"curies":[{"name":"wp","href":"https:\/\/api.w.org\/{rel}","templated":true}]}}