{"id":9324,"date":"2015-04-29T09:22:17","date_gmt":"2015-04-29T07:22:17","guid":{"rendered":"http:\/\/\/?page_id=9324"},"modified":"2025-12-13T13:29:19","modified_gmt":"2025-12-13T12:29:19","slug":"het-team-van-de-timmerwerkplaats","status":"publish","type":"page","link":"https:\/\/c-hessler.de\/nl\/referenzen\/das-werkteam-tischlerwerkstatt\/","title":{"rendered":"Het werkteam - timmerwerkplaats"},"content":{"rendered":"<div data-elementor-type=\"wp-page\" data-elementor-id=\"9324\" class=\"elementor elementor-9324\" data-elementor-settings=\"{&quot;ha_cmc_init_switcher&quot;:&quot;no&quot;}\" data-elementor-post-type=\"page\">\n\t\t\t\t<div class=\"elementor-element elementor-element-5b297f22 e-grid e-con-boxed e-con e-parent\" data-id=\"5b297f22\" data-element_type=\"container\" data-e-type=\"container\" data-settings=\"{&quot;_ha_eqh_enable&quot;:false}\">\n\t\t\t\t\t<div class=\"e-con-inner\">\n\t\t\t\t<div class=\"elementor-element elementor-element-408d1e82 elementor-widget elementor-widget-text-editor\" data-id=\"408d1e82\" data-element_type=\"widget\" data-e-type=\"widget\" data-widget_type=\"text-editor.default\">\n\t\t\t\t\t\t\t\t\t<h4 class=\"et_pb_module_header\">Het werkteam - timmerwerkplaats<\/h4><div class=\"et_pb_blurb_description\"><div>Christian Kaulbach<br \/>L\u00f6senbacher Landstr. 188<br \/>58509 L\u00fcdenscheid<\/div><p class=\"font_8\">Telefoon: 0 23 51 - 4 320 920<\/p><p class=\"font_8\">Mail:\u00a0info@das-werkteam.de<br \/>Website:\u00a0<a href=\"http:\/\/www.das-werkteam.de\/\">www.das-werkteam.de<\/a><\/p><\/div>\t\t\t\t\t\t\t\t<\/div>\n\t\t\t\t<div class=\"elementor-element elementor-element-4af9d33e elementor-widget elementor-widget-image\" data-id=\"4af9d33e\" data-element_type=\"widget\" data-e-type=\"widget\" data-widget_type=\"image.default\">\n\t\t\t\t\t\t\t\t\t\t\t\t\t\t\t<img fetchpriority=\"high\" decoding=\"async\" width=\"440\" height=\"440\" src=\"https:\/\/c-hessler.de\/wp-content\/uploads\/2025\/12\/294935097_5774884099208140_8708630994888921939_n.jpg\" class=\"attachment-full size-full wp-image-208413\" alt=\"\" srcset=\"https:\/\/c-hessler.de\/wp-content\/uploads\/2025\/12\/294935097_5774884099208140_8708630994888921939_n.jpg 440w, https:\/\/c-hessler.de\/wp-content\/uploads\/2025\/12\/294935097_5774884099208140_8708630994888921939_n-300x300.jpg 300w, https:\/\/c-hessler.de\/wp-content\/uploads\/2025\/12\/294935097_5774884099208140_8708630994888921939_n-150x150.jpg 150w, https:\/\/c-hessler.de\/wp-content\/uploads\/2025\/12\/294935097_5774884099208140_8708630994888921939_n-12x12.jpg 12w, https:\/\/c-hessler.de\/wp-content\/uploads\/2025\/12\/294935097_5774884099208140_8708630994888921939_n-100x100.jpg 100w\" sizes=\"(max-width: 440px) 100vw, 440px\" \/>\t\t\t\t\t\t\t\t\t\t\t\t\t\t\t<\/div>\n\t\t\t\t\t<\/div>\n\t\t\t\t<\/div>\n\t\t<div class=\"elementor-element elementor-element-71318870 e-flex e-con-boxed e-con e-parent\" data-id=\"71318870\" data-element_type=\"container\" data-e-type=\"container\" data-settings=\"{&quot;_ha_eqh_enable&quot;:false}\">\n\t\t\t\t\t<div class=\"e-con-inner\">\n\t\t\t\t<div class=\"elementor-element elementor-element-799bd2d5 elementor-widget-divider--view-line elementor-widget elementor-widget-divider\" data-id=\"799bd2d5\" data-element_type=\"widget\" data-e-type=\"widget\" data-widget_type=\"divider.default\">\n\t\t\t\t\t\t\t<div class=\"elementor-divider\">\n\t\t\t<span class=\"elementor-divider-separator\">\n\t\t\t\t\t\t<\/span>\n\t\t<\/div>\n\t\t\t\t\t\t<\/div>\n\t\t\t\t\t<\/div>\n\t\t\t\t<\/div>\n\t\t<div class=\"elementor-element elementor-element-2d3f5ba1 e-flex e-con-boxed e-con e-parent\" data-id=\"2d3f5ba1\" data-element_type=\"container\" data-e-type=\"container\" data-settings=\"{&quot;_ha_eqh_enable&quot;:false}\">\n\t\t\t\t\t<div class=\"e-con-inner\">\n\t\t\t\t<div class=\"elementor-element elementor-element-319418c2 elementor-widget elementor-widget-text-editor\" data-id=\"319418c2\" data-element_type=\"widget\" data-e-type=\"widget\" data-widget_type=\"text-editor.default\">\n\t\t\t\t\t\t\t\t\t<div class=\"et_pb_row et_pb_row_3\"><div class=\"et_pb_column et_pb_column_4_4 et_pb_column_3  et_pb_css_mix_blend_mode_passthrough et-last-child\"><div class=\"et_pb_module et_pb_blurb et_pb_blurb_1  et_pb_text_align_left  et_pb_blurb_position_top et_pb_bg_layout_light\"><div class=\"et_pb_blurb_content\"><div class=\"et_pb_blurb_container\"><h4 class=\"et_pb_module_header\">Vlakfrees MZ 100 160V met alle hoeken<\/h4><\/div><\/div><\/div><\/div><\/div><div class=\"et_pb_row et_pb_row_4\"><div class=\"et_pb_column et_pb_column_1_3 et_pb_column_4  et_pb_css_mix_blend_mode_passthrough\">\u00a0<\/div><\/div>\t\t\t\t\t\t\t\t<\/div>\n\t\t\t\t\t<\/div>\n\t\t\t\t<\/div>\n\t\t<div class=\"elementor-element elementor-element-183ed6f0 e-flex e-con-boxed e-con e-parent\" data-id=\"183ed6f0\" data-element_type=\"container\" data-e-type=\"container\" data-settings=\"{&quot;_ha_eqh_enable&quot;:false}\">\n\t\t\t\t\t<div class=\"e-con-inner\">\n\t\t\t\t<div class=\"elementor-element elementor-element-15fc4753 elementor-widget elementor-widget-image-carousel\" data-id=\"15fc4753\" data-element_type=\"widget\" data-e-type=\"widget\" data-settings=\"{&quot;slides_to_show&quot;:&quot;3&quot;,&quot;navigation&quot;:&quot;none&quot;,&quot;autoplay&quot;:&quot;yes&quot;,&quot;pause_on_hover&quot;:&quot;yes&quot;,&quot;pause_on_interaction&quot;:&quot;yes&quot;,&quot;autoplay_speed&quot;:5000,&quot;infinite&quot;:&quot;yes&quot;,&quot;speed&quot;:500}\" data-widget_type=\"image-carousel.default\">\n\t\t\t\t\t\t\t<div class=\"elementor-image-carousel-wrapper swiper\" role=\"region\" aria-roledescription=\"carousel\" aria-label=\"Afbeeldingencarrousel\" dir=\"ltr\">\n\t\t\t<div class=\"elementor-image-carousel swiper-wrapper swiper-image-stretch\" aria-live=\"off\">\n\t\t\t\t\t\t\t\t<div class=\"swiper-slide\" role=\"group\" aria-roledescription=\"slide\" aria-label=\"1 van 3\"><a data-elementor-open-lightbox=\"yes\" data-elementor-lightbox-slideshow=\"15fc4753\" data-elementor-lightbox-title=\"1430141450e-300x200\" data-e-action-hash=\"#elementor-action%3Aaction%3Dlightbox%26settings%3DeyJpZCI6MTAyMzQsInVybCI6Imh0dHBzOlwvXC9jLWhlc3NsZXIuZGVcL3dwLWNvbnRlbnRcL3VwbG9hZHNcLzIwMTZcLzAyXC8xNDMwMTQxNDUwZS0zMDB4MjAwLmpwZyIsInNsaWRlc2hvdyI6IjE1ZmM0NzUzIn0%3D\" href=\"https:\/\/c-hessler.de\/wp-content\/uploads\/2016\/02\/1430141450e-300x200.jpg\"><figure class=\"swiper-slide-inner\"><img decoding=\"async\" class=\"swiper-slide-image\" src=\"https:\/\/c-hessler.de\/wp-content\/uploads\/2016\/02\/1430141450e-300x200-150x150.jpg\" alt=\"1430141450e-300x200\" \/><\/figure><\/a><\/div><div class=\"swiper-slide\" role=\"group\" aria-roledescription=\"slide\" aria-label=\"2 van 3\"><a data-elementor-open-lightbox=\"yes\" data-elementor-lightbox-slideshow=\"15fc4753\" data-elementor-lightbox-title=\"143014323a7-300x200\" data-e-action-hash=\"#elementor-action%3Aaction%3Dlightbox%26settings%3DeyJpZCI6MTAyMzMsInVybCI6Imh0dHBzOlwvXC9jLWhlc3NsZXIuZGVcL3dwLWNvbnRlbnRcL3VwbG9hZHNcLzIwMTZcLzAyXC8xNDMwMTQzMjNhNy0zMDB4MjAwLmpwZyIsInNsaWRlc2hvdyI6IjE1ZmM0NzUzIn0%3D\" href=\"https:\/\/c-hessler.de\/wp-content\/uploads\/2016\/02\/143014323a7-300x200.jpg\"><figure class=\"swiper-slide-inner\"><img decoding=\"async\" class=\"swiper-slide-image\" src=\"https:\/\/c-hessler.de\/wp-content\/uploads\/2016\/02\/143014323a7-300x200-150x150.jpg\" alt=\"143014323a7-300x200\" \/><\/figure><\/a><\/div><div class=\"swiper-slide\" role=\"group\" aria-roledescription=\"slide\" aria-label=\"3 uit 3\"><a data-elementor-open-lightbox=\"yes\" data-elementor-lightbox-slideshow=\"15fc4753\" data-elementor-lightbox-title=\"143014740ff-300x200\" data-e-action-hash=\"#elementor-action%3Aaction%3Dlightbox%26settings%3DeyJpZCI6MTAyMzIsInVybCI6Imh0dHBzOlwvXC9jLWhlc3NsZXIuZGVcL3dwLWNvbnRlbnRcL3VwbG9hZHNcLzIwMTZcLzAyXC8xNDMwMTQ3NDBmZi0zMDB4MjAwLmpwZyIsInNsaWRlc2hvdyI6IjE1ZmM0NzUzIn0%3D\" href=\"https:\/\/c-hessler.de\/wp-content\/uploads\/2016\/02\/143014740ff-300x200.jpg\"><figure class=\"swiper-slide-inner\"><img decoding=\"async\" class=\"swiper-slide-image\" src=\"https:\/\/c-hessler.de\/wp-content\/uploads\/2016\/02\/143014740ff-300x200-150x150.jpg\" alt=\"143014740ff-300x200\" \/><\/figure><\/a><\/div>\t\t\t<\/div>\n\t\t\t\t\t\t\t\n\t\t\t\t\t\t\t\t\t<\/div>\n\t\t\t\t\t\t<\/div>\n\t\t\t\t\t<\/div>\n\t\t\t\t<\/div>\n\t\t\t\t<\/div>","protected":false},"excerpt":{"rendered":"<p>Das Werkteam - Tischlerwerkstatt Christian KaulbachL\u00f6senbacher Landstr. 18858509 L\u00fcdenscheid Tel.: 0 23 51 - 4 320 920 Mail: info@das-werkteam.deWebsite: www.das-werkteam.de Alle-hoek vlakfrees MZ 100 160V \u00a0<\/p>","protected":false},"author":5,"featured_media":0,"parent":9218,"menu_order":0,"comment_status":"closed","ping_status":"closed","template":"elementor_header_footer","meta":{"footnotes":""},"class_list":["post-9324","page","type-page","status-publish","hentry"],"yoast_head":"<!-- This site is optimized with the Yoast SEO Premium plugin v27.0 (Yoast SEO v27.3) - https:\/\/yoast.com\/product\/yoast-seo-premium-wordpress\/ -->\n<title>Das Werkteam - Tischlerwerkstatt - Dr. Christoph He\u00dfler Maschinensysteme<\/title>\n<meta name=\"robots\" content=\"index, follow, max-snippet:-1, max-image-preview:large, max-video-preview:-1\" \/>\n<link rel=\"canonical\" href=\"https:\/\/c-hessler.de\/nl\/referenties\/het-team-van-de-timmerwerkplaats\/\" \/>\n<meta property=\"og:locale\" content=\"nl_NL\" \/>\n<meta property=\"og:type\" content=\"article\" \/>\n<meta property=\"og:title\" content=\"Das Werkteam - Tischlerwerkstatt\" \/>\n<meta property=\"og:description\" content=\"Das Werkteam \u2013 Tischlerwerkstatt Christian KaulbachL\u00f6senbacher Landstr. 18858509 L\u00fcdenscheid Tel.:\u00a00 23 51 \u2013 4 320 920 Mail:\u00a0info@das-werkteam.deWebsite:\u00a0www.das-werkteam.de Allwinkel-B\u00fcndigfr\u00e4ser MZ 100 160V \u00a0\" \/>\n<meta property=\"og:url\" content=\"https:\/\/c-hessler.de\/nl\/referenties\/het-team-van-de-timmerwerkplaats\/\" \/>\n<meta property=\"og:site_name\" content=\"Dr. Christoph He\u00dfler Maschinensysteme\" \/>\n<meta property=\"article:publisher\" content=\"https:\/\/www.facebook.com\/DrChristophHesslerMaschinensysteme\/\" \/>\n<meta property=\"article:modified_time\" content=\"2025-12-13T12:29:19+00:00\" \/>\n<meta property=\"og:image\" content=\"https:\/\/c-hessler.de\/wp-content\/uploads\/2025\/12\/294935097_5774884099208140_8708630994888921939_n.jpg\" \/>\n\t<meta property=\"og:image:width\" content=\"440\" \/>\n\t<meta property=\"og:image:height\" content=\"440\" \/>\n\t<meta property=\"og:image:type\" content=\"image\/jpeg\" \/>\n<meta name=\"twitter:label1\" content=\"Geschatte leestijd\" \/>\n\t<meta name=\"twitter:data1\" content=\"2 minuten\" \/>\n<script type=\"application\/ld+json\" class=\"yoast-schema-graph\">{\"@context\":\"https:\\\/\\\/schema.org\",\"@graph\":[{\"@type\":\"WebPage\",\"@id\":\"https:\\\/\\\/c-hessler.de\\\/referenzen\\\/das-werkteam-tischlerwerkstatt\\\/\",\"url\":\"https:\\\/\\\/c-hessler.de\\\/referenzen\\\/das-werkteam-tischlerwerkstatt\\\/\",\"name\":\"Das Werkteam - Tischlerwerkstatt - Dr. Christoph He\u00dfler Maschinensysteme\",\"isPartOf\":{\"@id\":\"https:\\\/\\\/c-hessler.de\\\/#website\"},\"primaryImageOfPage\":{\"@id\":\"https:\\\/\\\/c-hessler.de\\\/referenzen\\\/das-werkteam-tischlerwerkstatt\\\/#primaryimage\"},\"image\":{\"@id\":\"https:\\\/\\\/c-hessler.de\\\/referenzen\\\/das-werkteam-tischlerwerkstatt\\\/#primaryimage\"},\"thumbnailUrl\":\"https:\\\/\\\/c-hessler.de\\\/wp-content\\\/uploads\\\/2025\\\/12\\\/294935097_5774884099208140_8708630994888921939_n.jpg\",\"datePublished\":\"2015-04-29T07:22:17+00:00\",\"dateModified\":\"2025-12-13T12:29:19+00:00\",\"breadcrumb\":{\"@id\":\"https:\\\/\\\/c-hessler.de\\\/referenzen\\\/das-werkteam-tischlerwerkstatt\\\/#breadcrumb\"},\"inLanguage\":\"nl-NL\",\"potentialAction\":[{\"@type\":\"ReadAction\",\"target\":[\"https:\\\/\\\/c-hessler.de\\\/referenzen\\\/das-werkteam-tischlerwerkstatt\\\/\"]}]},{\"@type\":\"ImageObject\",\"inLanguage\":\"nl-NL\",\"@id\":\"https:\\\/\\\/c-hessler.de\\\/referenzen\\\/das-werkteam-tischlerwerkstatt\\\/#primaryimage\",\"url\":\"https:\\\/\\\/c-hessler.de\\\/wp-content\\\/uploads\\\/2025\\\/12\\\/294935097_5774884099208140_8708630994888921939_n.jpg\",\"contentUrl\":\"https:\\\/\\\/c-hessler.de\\\/wp-content\\\/uploads\\\/2025\\\/12\\\/294935097_5774884099208140_8708630994888921939_n.jpg\"},{\"@type\":\"BreadcrumbList\",\"@id\":\"https:\\\/\\\/c-hessler.de\\\/referenzen\\\/das-werkteam-tischlerwerkstatt\\\/#breadcrumb\",\"itemListElement\":[{\"@type\":\"ListItem\",\"position\":1,\"name\":\"Referenzen\",\"item\":\"https:\\\/\\\/c-hessler.de\\\/referenzen\\\/\"},{\"@type\":\"ListItem\",\"position\":2,\"name\":\"Das Werkteam &#8211; Tischlerwerkstatt\"}]},{\"@type\":\"WebSite\",\"@id\":\"https:\\\/\\\/c-hessler.de\\\/#website\",\"url\":\"https:\\\/\\\/c-hessler.de\\\/\",\"name\":\"www.c-hessler.de\",\"description\":\"\",\"publisher\":{\"@id\":\"https:\\\/\\\/c-hessler.de\\\/#organization\"},\"potentialAction\":[{\"@type\":\"SearchAction\",\"target\":{\"@type\":\"EntryPoint\",\"urlTemplate\":\"https:\\\/\\\/c-hessler.de\\\/?s={search_term_string}\"},\"query-input\":{\"@type\":\"PropertyValueSpecification\",\"valueRequired\":true,\"valueName\":\"search_term_string\"}}],\"inLanguage\":\"nl-NL\"},{\"@type\":\"Organization\",\"@id\":\"https:\\\/\\\/c-hessler.de\\\/#organization\",\"name\":\"Dr. Christoph He\u00dfler Maschinensysteme\",\"alternateName\":\"Dr. Christoph He\u00dfler Maschinensysteme\",\"url\":\"https:\\\/\\\/c-hessler.de\\\/\",\"logo\":{\"@type\":\"ImageObject\",\"inLanguage\":\"nl-NL\",\"@id\":\"https:\\\/\\\/c-hessler.de\\\/#\\\/schema\\\/logo\\\/image\\\/\",\"url\":\"https:\\\/\\\/c-hessler.de\\\/wp-content\\\/uploads\\\/2026\\\/02\\\/Draw-03-150312-110115-Ausgeschnitten-I.jpg\",\"contentUrl\":\"https:\\\/\\\/c-hessler.de\\\/wp-content\\\/uploads\\\/2026\\\/02\\\/Draw-03-150312-110115-Ausgeschnitten-I.jpg\",\"width\":445,\"height\":394,\"caption\":\"Dr. Christoph He\u00dfler Maschinensysteme\"},\"image\":{\"@id\":\"https:\\\/\\\/c-hessler.de\\\/#\\\/schema\\\/logo\\\/image\\\/\"},\"sameAs\":[\"https:\\\/\\\/www.facebook.com\\\/DrChristophHesslerMaschinensysteme\\\/\",\"https:\\\/\\\/www.pinterest.de\\\/hesstools\\\/\",\"https:\\\/\\\/www.youtube.com\\\/channel\\\/UCaNnXDGGF_BiYFQZ2kJgi-A?view_as=subscriber\"],\"description\":\"1. Ecken- und Kantenfr\u00e4sen f\u00fcr Tischler und Schreiner, Sonderanfertigungen 2. Auch f\u00fcr die Nachbearbeitung von Eck-Schwei\u00dfn\u00e4hten bei Aluminium-Werkstoffen, f\u00fcr Fahrzeugbauer oder Metallbauer aller Art\",\"email\":\"christoph.hessler@c-hessler.de\",\"telephone\":\"0527413012080\",\"legalName\":\"Dr. Christoph He\u00dfler Maschinensysteme\",\"foundingDate\":\"2003-06-05\",\"vatID\":\"DE230070107\",\"numberOfEmployees\":{\"@type\":\"QuantitativeValue\",\"minValue\":\"1\",\"maxValue\":\"10\"}}]}<\/script>\n<!-- \/ Yoast SEO Premium plugin. -->","yoast_head_json":{"title":"Het fabrieksteam - Schrijnwerkerij - Dr Christoph He\u00dfler Maschinensysteme","robots":{"index":"index","follow":"follow","max-snippet":"max-snippet:-1","max-image-preview":"max-image-preview:large","max-video-preview":"max-video-preview:-1"},"canonical":"https:\/\/c-hessler.de\/nl\/referenties\/het-team-van-de-timmerwerkplaats\/","og_locale":"nl_NL","og_type":"article","og_title":"Das Werkteam - Tischlerwerkstatt","og_description":"Das Werkteam \u2013 Tischlerwerkstatt Christian KaulbachL\u00f6senbacher Landstr. 18858509 L\u00fcdenscheid Tel.:\u00a00 23 51 \u2013 4 320 920 Mail:\u00a0info@das-werkteam.deWebsite:\u00a0www.das-werkteam.de Allwinkel-B\u00fcndigfr\u00e4ser MZ 100 160V \u00a0","og_url":"https:\/\/c-hessler.de\/nl\/referenties\/het-team-van-de-timmerwerkplaats\/","og_site_name":"Dr. Christoph He\u00dfler Maschinensysteme","article_publisher":"https:\/\/www.facebook.com\/DrChristophHesslerMaschinensysteme\/","article_modified_time":"2025-12-13T12:29:19+00:00","og_image":[{"width":440,"height":440,"url":"https:\/\/c-hessler.de\/wp-content\/uploads\/2025\/12\/294935097_5774884099208140_8708630994888921939_n.jpg","type":"image\/jpeg"}],"twitter_misc":{"Geschatte leestijd":"2 minuten"},"schema":{"@context":"https:\/\/schema.org","@graph":[{"@type":"WebPage","@id":"https:\/\/c-hessler.de\/referenzen\/das-werkteam-tischlerwerkstatt\/","url":"https:\/\/c-hessler.de\/referenzen\/das-werkteam-tischlerwerkstatt\/","name":"Het fabrieksteam - Schrijnwerkerij - Dr Christoph He\u00dfler Maschinensysteme","isPartOf":{"@id":"https:\/\/c-hessler.de\/#website"},"primaryImageOfPage":{"@id":"https:\/\/c-hessler.de\/referenzen\/das-werkteam-tischlerwerkstatt\/#primaryimage"},"image":{"@id":"https:\/\/c-hessler.de\/referenzen\/das-werkteam-tischlerwerkstatt\/#primaryimage"},"thumbnailUrl":"https:\/\/c-hessler.de\/wp-content\/uploads\/2025\/12\/294935097_5774884099208140_8708630994888921939_n.jpg","datePublished":"2015-04-29T07:22:17+00:00","dateModified":"2025-12-13T12:29:19+00:00","breadcrumb":{"@id":"https:\/\/c-hessler.de\/referenzen\/das-werkteam-tischlerwerkstatt\/#breadcrumb"},"inLanguage":"nl-NL","potentialAction":[{"@type":"ReadAction","target":["https:\/\/c-hessler.de\/referenzen\/das-werkteam-tischlerwerkstatt\/"]}]},{"@type":"ImageObject","inLanguage":"nl-NL","@id":"https:\/\/c-hessler.de\/referenzen\/das-werkteam-tischlerwerkstatt\/#primaryimage","url":"https:\/\/c-hessler.de\/wp-content\/uploads\/2025\/12\/294935097_5774884099208140_8708630994888921939_n.jpg","contentUrl":"https:\/\/c-hessler.de\/wp-content\/uploads\/2025\/12\/294935097_5774884099208140_8708630994888921939_n.jpg"},{"@type":"BreadcrumbList","@id":"https:\/\/c-hessler.de\/referenzen\/das-werkteam-tischlerwerkstatt\/#breadcrumb","itemListElement":[{"@type":"ListItem","position":1,"name":"Referenzen","item":"https:\/\/c-hessler.de\/referenzen\/"},{"@type":"ListItem","position":2,"name":"Das Werkteam &#8211; Tischlerwerkstatt"}]},{"@type":"WebSite","@id":"https:\/\/c-hessler.de\/#website","url":"https:\/\/c-hessler.de\/","name":"www.c-hessler.de","description":"","publisher":{"@id":"https:\/\/c-hessler.de\/#organization"},"potentialAction":[{"@type":"SearchAction","target":{"@type":"EntryPoint","urlTemplate":"https:\/\/c-hessler.de\/?s={search_term_string}"},"query-input":{"@type":"PropertyValueSpecification","valueRequired":true,"valueName":"search_term_string"}}],"inLanguage":"nl-NL"},{"@type":"Organization","@id":"https:\/\/c-hessler.de\/#organization","name":"Dr Christoph He\u00dfler Machine systemen","alternateName":"Dr. Christoph He\u00dfler Maschinensysteme","url":"https:\/\/c-hessler.de\/","logo":{"@type":"ImageObject","inLanguage":"nl-NL","@id":"https:\/\/c-hessler.de\/#\/schema\/logo\/image\/","url":"https:\/\/c-hessler.de\/wp-content\/uploads\/2026\/02\/Draw-03-150312-110115-Ausgeschnitten-I.jpg","contentUrl":"https:\/\/c-hessler.de\/wp-content\/uploads\/2026\/02\/Draw-03-150312-110115-Ausgeschnitten-I.jpg","width":445,"height":394,"caption":"Dr. Christoph He\u00dfler Maschinensysteme"},"image":{"@id":"https:\/\/c-hessler.de\/#\/schema\/logo\/image\/"},"sameAs":["https:\/\/www.facebook.com\/DrChristophHesslerMaschinensysteme\/","https:\/\/www.pinterest.de\/hesstools\/","https:\/\/www.youtube.com\/channel\/UCaNnXDGGF_BiYFQZ2kJgi-A?view_as=subscriber"],"description":"1. Ecken- und Kantenfr\u00e4sen f\u00fcr Tischler und Schreiner, Sonderanfertigungen 2. Auch f\u00fcr die Nachbearbeitung von Eck-Schwei\u00dfn\u00e4hten bei Aluminium-Werkstoffen, f\u00fcr Fahrzeugbauer oder Metallbauer aller Art","email":"christoph.hessler@c-hessler.de","telephone":"0527413012080","legalName":"Dr. Christoph He\u00dfler Maschinensysteme","foundingDate":"2003-06-05","vatID":"DE230070107","numberOfEmployees":{"@type":"QuantitativeValue","minValue":"1","maxValue":"10"}}]}},"_hostinger_reach_plugin_has_subscription_block":false,"_hostinger_reach_plugin_is_elementor":false,"_links":{"self":[{"href":"https:\/\/c-hessler.de\/nl\/wp-json\/wp\/v2\/pages\/9324","targetHints":{"allow":["GET"]}}],"collection":[{"href":"https:\/\/c-hessler.de\/nl\/wp-json\/wp\/v2\/pages"}],"about":[{"href":"https:\/\/c-hessler.de\/nl\/wp-json\/wp\/v2\/types\/page"}],"author":[{"embeddable":true,"href":"https:\/\/c-hessler.de\/nl\/wp-json\/wp\/v2\/users\/5"}],"replies":[{"embeddable":true,"href":"https:\/\/c-hessler.de\/nl\/wp-json\/wp\/v2\/comments?post=9324"}],"version-history":[{"count":3,"href":"https:\/\/c-hessler.de\/nl\/wp-json\/wp\/v2\/pages\/9324\/revisions"}],"predecessor-version":[{"id":208416,"href":"https:\/\/c-hessler.de\/nl\/wp-json\/wp\/v2\/pages\/9324\/revisions\/208416"}],"up":[{"embeddable":true,"href":"https:\/\/c-hessler.de\/nl\/wp-json\/wp\/v2\/pages\/9218"}],"wp:attachment":[{"href":"https:\/\/c-hessler.de\/nl\/wp-json\/wp\/v2\/media?parent=9324"}],"curies":[{"name":"wp","href":"https:\/\/api.w.org\/{rel}","templated":true}]}}