{"id":10928,"date":"2017-12-07T22:47:34","date_gmt":"2017-12-07T21:47:34","guid":{"rendered":"https:\/\/c-hessler.de\/?post_type=product&#038;p=10928"},"modified":"2025-12-10T14:45:49","modified_gmt":"2025-12-10T13:45:49","slug":"notcher-mz-02-90f-a-e","status":"publish","type":"product","link":"https:\/\/c-hessler.de\/nl\/shop\/ausklinker-mz-02-90f-a-e\/","title":{"rendered":"Grote uitklinker MZ 02 90F A E"},"content":{"rendered":"<div class=\"wp-block-columns are-vertically-aligned-center is-layout-flex wp-container-core-columns-is-layout-28f84493 wp-block-columns-is-layout-flex\">\n<div class=\"wp-block-column is-vertically-aligned-center is-layout-flow wp-block-column-is-layout-flow\">\n<figure class=\"wp-block-boldblocks-youtube-block alignfull\"><div id=\"yb-video-r7KxTJPhFGw\" class=\"yb-player\" data-video-id=\"r7KxTJPhFGw\" data-title=\"Play\" style=\"background-image:url(https:\/\/img.youtube.com\/vi\/r7KxTJPhFGw\/hqdefault.jpg)\"><button type=\"button\" class=\"yb-btn-play\"><span class=\"visually-hidden\">Speel<\/span><\/button><\/div><figcaption class=\"yb-caption\">Originele video van onze klant Stora Enso, Ybbs fabriek, Oostenrijk<\/figcaption><\/figure>\n<\/div>\n\n\n\n<div class=\"wp-block-column is-vertically-aligned-center is-layout-flow wp-block-column-is-layout-flow\" style=\"flex-basis:60%\">\n<div class=\"wp-block-columns is-layout-flex wp-container-core-columns-is-layout-28f84493 wp-block-columns-is-layout-flex\">\n<div class=\"wp-block-column is-layout-flow wp-block-column-is-layout-flow\">\n<p class=\"has-text-align-left title has-text-color\" style=\"color:#131315\">De grote uitklinker MZ 02 90F A E is ontworpen voor het verwerken van massief gelamineerd hout. De capaciteit van de meubeluitklinker MZ 02 90F A (zonder E) is hiervoor niet meer voldoende. Afrondingen op binnenhoeken worden verwijderd. Deze bleven voorheen achter bij het frezen van een uitsparing. De machine is gemaakt van aluminium platen. Gewicht: 13,5 kg.<\/p>\n\n\n\n<p class=\"title has-text-color\" style=\"color:#131315\">Bij het frezen van een uitsparing in gelijmd gelamineerd hout blijft het uitgesneden deel in het werkstuk zitten. Het werkstuk moet van de machine worden gehaald om het te verwijderen. Daarna moet het opnieuw worden gepositioneerd. Dit is omslachtig en tijdrovend.<\/p>\n\n\n\n<p class=\"title has-text-color\" style=\"color:#131315\">De grote uitklinker MZ 02 90F A E maakt herpositioneren met freesnauwkeurigheid overbodig. Terwijl de afrondingen in de binnenhoeken van het eerste werkstuk worden verwijderd, kan een tweede werkstuk al op de freesmachine worden bewerkt.<\/p>\n\n\n\n<p class=\"title has-text-color\" style=\"color:#131315\">De verwerking wordt de klant uit handen genomen, wat als algemene trend steeds populairder wordt.<\/p>\n<\/div>\n<\/div>\n<\/div>\n<\/div>\n\n\n\n<p class=\"title has-text-color\" style=\"color:#131315\"><\/p>\n\n\n\n<div class=\"wp-block-columns are-vertically-aligned-center is-layout-flex wp-container-core-columns-is-layout-28f84493 wp-block-columns-is-layout-flex\">\n<div class=\"wp-block-column is-layout-flow wp-block-column-is-layout-flow\"><\/div>\n<\/div>\n\n\n\n<div style=\"height:30px\" aria-hidden=\"true\" class=\"wp-block-spacer\"><\/div>","protected":false},"excerpt":{"rendered":"<p class=\"ai-optimize-32\">De grote uitklinker MZ 02 90F A E is ontworpen voor het verwerken van dwars gelamineerd hout, massief gelamineerd hout of CLT.<\/p>\n<p class=\"ai-optimize-33\">Afrondingen op binnenhoeken die overblijven na het frezen van een uitsnede worden verwijderd.<\/p>\n<p class=\"ai-optimize-34\">Het verplaatsen van de vaak zeer grote werkstukken wordt uitgespaard in het werkproces. Ze blijven buiten de CNC-machine voor het frezen van de binnenhoeken met de grote uitklinker MZ 02 90F A E. De klant van het werkstuk krijgt een werkstuk van hogere kwaliteit.<\/p>","protected":false},"featured_media":10929,"comment_status":"open","ping_status":"closed","template":"","meta":[],"product_brand":[],"product_cat":[58],"product_tag":[38,39],"class_list":{"0":"post-10928","1":"product","2":"type-product","3":"status-publish","4":"has-post-thumbnail","6":"product_cat-handgefuehrte-maschinen","7":"product_tag-handgefuehrt","8":"product_tag-innenecken","10":"first","11":"instock","12":"taxable","13":"shipping-taxable","14":"purchasable","15":"product-type-simple"},"yoast_head":"<!-- This site is optimized with the Yoast SEO Premium plugin v27.5 (Yoast SEO v27.5) - https:\/\/yoast.com\/product\/yoast-seo-premium-wordpress\/ -->\n<title>Gro\u00df-Ausklinker MZ 02 90F A E f\u00fcr Brettsperrholz<\/title>\n<meta name=\"description\" content=\"Der Gro\u00df-Ausklinker MZ 02 90F A E f\u00fcr Brettsperrholz erzeugt eine scharfkantige Innenecke. Hohe Genauigkeit, Hub bis 220 mm oder mehr.\" \/>\n<meta name=\"robots\" content=\"index, follow, max-snippet:-1, max-image-preview:large, max-video-preview:-1\" \/>\n<link rel=\"canonical\" href=\"https:\/\/c-hessler.de\/nl\/winkelen\/notcher-mz-02-90f-a-e\/\" \/>\n<meta property=\"og:locale\" content=\"nl_NL\" \/>\n<meta property=\"og:type\" content=\"article\" \/>\n<meta property=\"og:title\" content=\"Gro\u00df-Ausklinker MZ 02 90F A E\" \/>\n<meta property=\"og:description\" content=\"Der Gro\u00df-Ausklinker MZ 02 90F A E f\u00fcr Brettsperrholz erzeugt eine scharfkantige Innenecke. Hohe Genauigkeit, Hub bis 220 mm oder mehr.\" \/>\n<meta property=\"og:url\" content=\"https:\/\/c-hessler.de\/nl\/winkelen\/notcher-mz-02-90f-a-e\/\" \/>\n<meta property=\"og:site_name\" content=\"Dr. Christoph He\u00dfler Maschinensysteme\" \/>\n<meta property=\"article:publisher\" content=\"https:\/\/www.facebook.com\/DrChristophHesslerMaschinensysteme\/\" \/>\n<meta property=\"article:modified_time\" content=\"2025-12-10T13:45:49+00:00\" \/>\n<meta property=\"og:image\" content=\"https:\/\/c-hessler.de\/wp-content\/uploads\/2017\/12\/P1010035-freigestellt.jpg\" \/>\n\t<meta property=\"og:image:width\" content=\"2048\" \/>\n\t<meta property=\"og:image:height\" content=\"1536\" \/>\n\t<meta property=\"og:image:type\" content=\"image\/jpeg\" \/>\n<meta name=\"twitter:label1\" content=\"Prijs\" \/>\n\t<meta name=\"twitter:data1\" content=\"5.375,00&nbsp;&euro; ohne MwSt.\" \/>\n\t<meta name=\"twitter:label2\" content=\"Beschikbaarheid\" \/>\n\t<meta name=\"twitter:data2\" content=\"Op voorraad\" \/>\n<script type=\"application\/ld+json\" class=\"yoast-schema-graph\">{\"@context\":\"https:\\\/\\\/schema.org\",\"@graph\":[{\"@type\":\"WebPage\",\"@id\":\"https:\\\/\\\/c-hessler.de\\\/en\\\/shop\\\/notcher-mz-02-90f-a-e\\\/\",\"url\":\"https:\\\/\\\/c-hessler.de\\\/en\\\/shop\\\/notcher-mz-02-90f-a-e\\\/\",\"name\":\"Gro\u00df-Ausklinker MZ 02 90F A E f\u00fcr Brettsperrholz\",\"isPartOf\":{\"@id\":\"https:\\\/\\\/c-hessler.de\\\/#website\"},\"primaryImageOfPage\":{\"@id\":\"https:\\\/\\\/c-hessler.de\\\/en\\\/shop\\\/notcher-mz-02-90f-a-e\\\/#primaryimage\"},\"image\":{\"@id\":\"https:\\\/\\\/c-hessler.de\\\/en\\\/shop\\\/notcher-mz-02-90f-a-e\\\/#primaryimage\"},\"thumbnailUrl\":\"https:\\\/\\\/c-hessler.de\\\/wp-content\\\/uploads\\\/2017\\\/12\\\/P1010035-freigestellt.jpg\",\"datePublished\":\"2017-12-07T21:47:34+00:00\",\"dateModified\":\"2025-12-10T13:45:49+00:00\",\"description\":\"Der Gro\u00df-Ausklinker MZ 02 90F A E f\u00fcr Brettsperrholz erzeugt eine scharfkantige Innenecke. Hohe Genauigkeit, Hub bis 220 mm oder mehr.\",\"breadcrumb\":{\"@id\":\"https:\\\/\\\/c-hessler.de\\\/en\\\/shop\\\/notcher-mz-02-90f-a-e\\\/#breadcrumb\"},\"inLanguage\":\"nl-NL\",\"potentialAction\":[{\"@type\":\"ReadAction\",\"target\":[\"https:\\\/\\\/c-hessler.de\\\/en\\\/shop\\\/notcher-mz-02-90f-a-e\\\/\"]}]},{\"@type\":\"ImageObject\",\"inLanguage\":\"nl-NL\",\"@id\":\"https:\\\/\\\/c-hessler.de\\\/en\\\/shop\\\/notcher-mz-02-90f-a-e\\\/#primaryimage\",\"url\":\"https:\\\/\\\/c-hessler.de\\\/wp-content\\\/uploads\\\/2017\\\/12\\\/P1010035-freigestellt.jpg\",\"contentUrl\":\"https:\\\/\\\/c-hessler.de\\\/wp-content\\\/uploads\\\/2017\\\/12\\\/P1010035-freigestellt.jpg\",\"width\":2048,\"height\":1536,\"caption\":\"F\u00fcr die Anwendung f\u00fcr 220mm Wandst\u00e4rke und mehr\"},{\"@type\":\"BreadcrumbList\",\"@id\":\"https:\\\/\\\/c-hessler.de\\\/en\\\/shop\\\/notcher-mz-02-90f-a-e\\\/#breadcrumb\",\"itemListElement\":[{\"@type\":\"ListItem\",\"position\":1,\"name\":\"Produkte\",\"item\":\"https:\\\/\\\/c-hessler.de\\\/produkte\\\/\"},{\"@type\":\"ListItem\",\"position\":2,\"name\":\"Gro\u00df-Ausklinker MZ 02 90F A E\"}]},{\"@type\":\"WebSite\",\"@id\":\"https:\\\/\\\/c-hessler.de\\\/#website\",\"url\":\"https:\\\/\\\/c-hessler.de\\\/\",\"name\":\"www.c-hessler.de\",\"description\":\"\",\"publisher\":{\"@id\":\"https:\\\/\\\/c-hessler.de\\\/#organization\"},\"potentialAction\":[{\"@type\":\"SearchAction\",\"target\":{\"@type\":\"EntryPoint\",\"urlTemplate\":\"https:\\\/\\\/c-hessler.de\\\/?s={search_term_string}\"},\"query-input\":{\"@type\":\"PropertyValueSpecification\",\"valueRequired\":true,\"valueName\":\"search_term_string\"}}],\"inLanguage\":\"nl-NL\"},{\"@type\":\"Organization\",\"@id\":\"https:\\\/\\\/c-hessler.de\\\/#organization\",\"name\":\"Dr. Christoph He\u00dfler Maschinensysteme\",\"alternateName\":\"Dr. Christoph He\u00dfler Maschinensysteme\",\"url\":\"https:\\\/\\\/c-hessler.de\\\/\",\"logo\":{\"@type\":\"ImageObject\",\"inLanguage\":\"nl-NL\",\"@id\":\"https:\\\/\\\/c-hessler.de\\\/#\\\/schema\\\/logo\\\/image\\\/\",\"url\":\"https:\\\/\\\/c-hessler.de\\\/wp-content\\\/uploads\\\/2026\\\/02\\\/Draw-03-150312-110115-Ausgeschnitten-I.jpg\",\"contentUrl\":\"https:\\\/\\\/c-hessler.de\\\/wp-content\\\/uploads\\\/2026\\\/02\\\/Draw-03-150312-110115-Ausgeschnitten-I.jpg\",\"width\":445,\"height\":394,\"caption\":\"Dr. Christoph He\u00dfler Maschinensysteme\"},\"image\":{\"@id\":\"https:\\\/\\\/c-hessler.de\\\/#\\\/schema\\\/logo\\\/image\\\/\"},\"sameAs\":[\"https:\\\/\\\/www.facebook.com\\\/DrChristophHesslerMaschinensysteme\\\/\",\"https:\\\/\\\/www.pinterest.de\\\/hesstools\\\/\",\"https:\\\/\\\/www.youtube.com\\\/channel\\\/UCaNnXDGGF_BiYFQZ2kJgi-A?view_as=subscriber\"],\"description\":\"1. Ecken- und Kantenfr\u00e4sen f\u00fcr Tischler und Schreiner, Sonderanfertigungen 2. Auch f\u00fcr die Nachbearbeitung von Eck-Schwei\u00dfn\u00e4hten bei Aluminium-Werkstoffen, f\u00fcr Fahrzeugbauer oder Metallbauer aller Art\",\"email\":\"christoph.hessler@c-hessler.de\",\"telephone\":\"0527413012080\",\"legalName\":\"Dr. Christoph He\u00dfler Maschinensysteme\",\"foundingDate\":\"2003-06-05\",\"vatID\":\"DE230070107\",\"numberOfEmployees\":{\"@type\":\"QuantitativeValue\",\"minValue\":\"1\",\"maxValue\":\"10\"}}]}<\/script>\n<meta property=\"og:video\" content=\"https:\/\/www.youtube.com\/embed\/r7KxTJPhFGw\" \/>\n<meta property=\"og:video:type\" content=\"text\/html\" \/>\n<meta property=\"og:video:duration\" content=\"120\" \/>\n<meta property=\"og:video:width\" content=\"480\" \/>\n<meta property=\"og:video:height\" content=\"270\" \/>\n<meta property=\"ya:ovs:adult\" content=\"false\" \/>\n<meta property=\"ya:ovs:upload_date\" content=\"2017-12-07T21:47:34+00:00\" \/>\n<meta property=\"ya:ovs:allow_embed\" content=\"true\" \/>\n<meta property=\"product:price:amount\" content=\"5375.00\" \/>\n<meta property=\"product:price:currency\" content=\"EUR\" \/>\n<meta property=\"og:availability\" content=\"instock\" \/>\n<meta property=\"product:availability\" content=\"instock\" \/>\n<meta property=\"product:retailer_item_id\" content=\"ausklinker-mz-02-90f-a-e\" \/>\n<meta property=\"product:condition\" content=\"new\" \/>\n<!-- \/ Yoast SEO Premium plugin. -->","yoast_head_json":{"title":"Grote uitklinker MZ 02 90F A E voor dwars gelamineerd hout","description":"De grote uitklinker MZ 02 90F A E voor dwars gelamineerd hout produceert een scherpe binnenhoek. Hoge nauwkeurigheid, slag tot 220 mm of meer.","robots":{"index":"index","follow":"follow","max-snippet":"max-snippet:-1","max-image-preview":"max-image-preview:large","max-video-preview":"max-video-preview:-1"},"canonical":"https:\/\/c-hessler.de\/nl\/winkelen\/notcher-mz-02-90f-a-e\/","og_locale":"nl_NL","og_type":"article","og_title":"Gro\u00df-Ausklinker MZ 02 90F A E","og_description":"Der Gro\u00df-Ausklinker MZ 02 90F A E f\u00fcr Brettsperrholz erzeugt eine scharfkantige Innenecke. Hohe Genauigkeit, Hub bis 220 mm oder mehr.","og_url":"https:\/\/c-hessler.de\/nl\/winkelen\/notcher-mz-02-90f-a-e\/","og_site_name":"Dr. Christoph He\u00dfler Maschinensysteme","article_publisher":"https:\/\/www.facebook.com\/DrChristophHesslerMaschinensysteme\/","article_modified_time":"2025-12-10T13:45:49+00:00","og_image":[{"width":2048,"height":1536,"url":"https:\/\/c-hessler.de\/wp-content\/uploads\/2017\/12\/P1010035-freigestellt.jpg","type":"image\/jpeg"}],"twitter_misc":{"Prijs":"5.375,00&nbsp;&euro; ohne MwSt.","Beschikbaarheid":"Op voorraad"},"schema":{"@context":"https:\/\/schema.org","@graph":[{"@type":"WebPage","@id":"https:\/\/c-hessler.de\/en\/shop\/notcher-mz-02-90f-a-e\/","url":"https:\/\/c-hessler.de\/en\/shop\/notcher-mz-02-90f-a-e\/","name":"Grote uitklinker MZ 02 90F A E voor dwars gelamineerd hout","isPartOf":{"@id":"https:\/\/c-hessler.de\/#website"},"primaryImageOfPage":{"@id":"https:\/\/c-hessler.de\/en\/shop\/notcher-mz-02-90f-a-e\/#primaryimage"},"image":{"@id":"https:\/\/c-hessler.de\/en\/shop\/notcher-mz-02-90f-a-e\/#primaryimage"},"thumbnailUrl":"https:\/\/c-hessler.de\/wp-content\/uploads\/2017\/12\/P1010035-freigestellt.jpg","datePublished":"2017-12-07T21:47:34+00:00","dateModified":"2025-12-10T13:45:49+00:00","description":"De grote uitklinker MZ 02 90F A E voor dwars gelamineerd hout produceert een scherpe binnenhoek. Hoge nauwkeurigheid, slag tot 220 mm of meer.","breadcrumb":{"@id":"https:\/\/c-hessler.de\/en\/shop\/notcher-mz-02-90f-a-e\/#breadcrumb"},"inLanguage":"nl-NL","potentialAction":[{"@type":"ReadAction","target":["https:\/\/c-hessler.de\/en\/shop\/notcher-mz-02-90f-a-e\/"]}]},{"@type":"ImageObject","inLanguage":"nl-NL","@id":"https:\/\/c-hessler.de\/en\/shop\/notcher-mz-02-90f-a-e\/#primaryimage","url":"https:\/\/c-hessler.de\/wp-content\/uploads\/2017\/12\/P1010035-freigestellt.jpg","contentUrl":"https:\/\/c-hessler.de\/wp-content\/uploads\/2017\/12\/P1010035-freigestellt.jpg","width":2048,"height":1536,"caption":"F\u00fcr die Anwendung f\u00fcr 220mm Wandst\u00e4rke und mehr"},{"@type":"BreadcrumbList","@id":"https:\/\/c-hessler.de\/en\/shop\/notcher-mz-02-90f-a-e\/#breadcrumb","itemListElement":[{"@type":"ListItem","position":1,"name":"Produkte","item":"https:\/\/c-hessler.de\/produkte\/"},{"@type":"ListItem","position":2,"name":"Gro\u00df-Ausklinker MZ 02 90F A E"}]},{"@type":"WebSite","@id":"https:\/\/c-hessler.de\/#website","url":"https:\/\/c-hessler.de\/","name":"www.c-hessler.de","description":"","publisher":{"@id":"https:\/\/c-hessler.de\/#organization"},"potentialAction":[{"@type":"SearchAction","target":{"@type":"EntryPoint","urlTemplate":"https:\/\/c-hessler.de\/?s={search_term_string}"},"query-input":{"@type":"PropertyValueSpecification","valueRequired":true,"valueName":"search_term_string"}}],"inLanguage":"nl-NL"},{"@type":"Organization","@id":"https:\/\/c-hessler.de\/#organization","name":"Dr Christoph He\u00dfler Machine systemen","alternateName":"Dr. Christoph He\u00dfler Maschinensysteme","url":"https:\/\/c-hessler.de\/","logo":{"@type":"ImageObject","inLanguage":"nl-NL","@id":"https:\/\/c-hessler.de\/#\/schema\/logo\/image\/","url":"https:\/\/c-hessler.de\/wp-content\/uploads\/2026\/02\/Draw-03-150312-110115-Ausgeschnitten-I.jpg","contentUrl":"https:\/\/c-hessler.de\/wp-content\/uploads\/2026\/02\/Draw-03-150312-110115-Ausgeschnitten-I.jpg","width":445,"height":394,"caption":"Dr. Christoph He\u00dfler Maschinensysteme"},"image":{"@id":"https:\/\/c-hessler.de\/#\/schema\/logo\/image\/"},"sameAs":["https:\/\/www.facebook.com\/DrChristophHesslerMaschinensysteme\/","https:\/\/www.pinterest.de\/hesstools\/","https:\/\/www.youtube.com\/channel\/UCaNnXDGGF_BiYFQZ2kJgi-A?view_as=subscriber"],"description":"1. Ecken- und Kantenfr\u00e4sen f\u00fcr Tischler und Schreiner, Sonderanfertigungen 2. Auch f\u00fcr die Nachbearbeitung von Eck-Schwei\u00dfn\u00e4hten bei Aluminium-Werkstoffen, f\u00fcr Fahrzeugbauer oder Metallbauer aller Art","email":"christoph.hessler@c-hessler.de","telephone":"0527413012080","legalName":"Dr. Christoph He\u00dfler Maschinensysteme","foundingDate":"2003-06-05","vatID":"DE230070107","numberOfEmployees":{"@type":"QuantitativeValue","minValue":"1","maxValue":"10"}}]},"og_video":"https:\/\/www.youtube.com\/embed\/r7KxTJPhFGw","og_video_type":"text\/html","og_video_duration":"120","og_video_width":"480","og_video_height":"270","ya_ovs_adult":"false","ya_ovs_upload_date":"2017-12-07T21:47:34+00:00","ya_ovs_allow_embed":"true","product_price_amount":"5375.00","product_price_currency":"EUR","og_availability":"instock","product_availability":"instock","product_retailer_item_id":"ausklinker-mz-02-90f-a-e","product_condition":"new"},"_links":{"self":[{"href":"https:\/\/c-hessler.de\/nl\/wp-json\/wp\/v2\/product\/10928","targetHints":{"allow":["GET"]}}],"collection":[{"href":"https:\/\/c-hessler.de\/nl\/wp-json\/wp\/v2\/product"}],"about":[{"href":"https:\/\/c-hessler.de\/nl\/wp-json\/wp\/v2\/types\/product"}],"replies":[{"embeddable":true,"href":"https:\/\/c-hessler.de\/nl\/wp-json\/wp\/v2\/comments?post=10928"}],"wp:featuredmedia":[{"embeddable":true,"href":"https:\/\/c-hessler.de\/nl\/wp-json\/wp\/v2\/media\/10929"}],"wp:attachment":[{"href":"https:\/\/c-hessler.de\/nl\/wp-json\/wp\/v2\/media?parent=10928"}],"wp:term":[{"taxonomy":"product_brand","embeddable":true,"href":"https:\/\/c-hessler.de\/nl\/wp-json\/wp\/v2\/product_brand?post=10928"},{"taxonomy":"product_cat","embeddable":true,"href":"https:\/\/c-hessler.de\/nl\/wp-json\/wp\/v2\/product_cat?post=10928"},{"taxonomy":"product_tag","embeddable":true,"href":"https:\/\/c-hessler.de\/nl\/wp-json\/wp\/v2\/product_tag?post=10928"}],"curies":[{"name":"wp","href":"https:\/\/api.w.org\/{rel}","templated":true}]}}