{"id":122,"date":"2015-05-27T11:04:36","date_gmt":"2015-05-27T09:04:36","guid":{"rendered":"https:\/\/c-hessler.de\/bestellvorgang\/"},"modified":"2025-12-09T12:44:00","modified_gmt":"2025-12-09T11:44:00","slug":"proces-zamawiania","status":"publish","type":"page","link":"https:\/\/c-hessler.de\/pl\/bestellvorgang\/","title":{"rendered":"Proces zamawiania"},"content":{"rendered":"<p><strong>Zastrze\u017cenie: Poni\u017cszy przyk\u0142ad procesu zamawiania zosta\u0142 stworzony przez prawnika (<a href=\"http:\/\/rechtsanwalt-schwenke.de\">http:\/\/rechtsanwalt-schwenke.de<\/a>). Spe\u0142nia on wymogi prawne typowego sklepu internetowego skierowanego do konsument\u00f3w. Z wzorca nale\u017cy jednak korzysta\u0107 wy\u0142\u0105cznie po jego dok\u0142adnym przeanalizowaniu i dostosowaniu do konkretnego modelu biznesowego. Klauzule mog\u0105 by\u0107 niewystarczaj\u0105ce w niekt\u00f3rych konstelacjach. W razie w\u0105tpliwo\u015bci nale\u017cy zasi\u0119gn\u0105\u0107 porady prawnej.<\/strong><\/p>\n<p><em>1. koszyk zakup\u00f3w<\/em><\/p>\n<p>Wybierz produkty, kt\u00f3re chcesz zam\u00f3wi\u0107, klikaj\u0105c przycisk \"Dodaj do koszyka\". Spowoduje to dodanie wybranych produkt\u00f3w do koszyka. Mo\u017cesz zmieni\u0107 ten wyb\u00f3r w dowolnym momencie do momentu wys\u0142ania zam\u00f3wienia, zmieniaj\u0105c liczb\u0119 produkt\u00f3w, usuwaj\u0105c wyb\u00f3r, klikaj\u0105c pole \"Usu\u0144\" lub anuluj\u0105c proces zam\u00f3wienia. Klikni\u0119cie przycisku \"Do kasy\" spowoduje przej\u015bcie do kolejnego etapu zam\u00f3wienia.<\/p>\n<p><em>2. kasa fiskalna<\/em><\/p>\n<p>Je\u015bli posiadasz ju\u017c konto klienta, zaloguj si\u0119 za pomoc\u0105 adresu e-mail i has\u0142a, w przeciwnym razie zarejestruj si\u0119 jako nowy klient. Twoje dane b\u0119d\u0105 gromadzone, przetwarzane i wykorzystywane zgodnie z przepisami o ochronie danych (informacja o ochronie danych). Dane u\u017cytkownika nie b\u0119d\u0105 wykorzystywane w \u017cadnym innym celu ani przekazywane stronom trzecim. Je\u015bli jeste\u015b ju\u017c zarejestrowany, mo\u017cesz teraz wybra\u0107 metod\u0119 wysy\u0142ki. Klikni\u0119cie przycisku \"Kontynuuj\" spowoduje przej\u015bcie do kolejnego etapu zam\u00f3wienia.<\/p>\n<p><em>3. sprawdzi\u0107 adres rozliczeniowy \/ wybra\u0107 metod\u0119 p\u0142atno\u015bci<\/em><\/p>\n<p>Teraz sprawd\u017a sw\u00f3j adres rozliczeniowy i wprowad\u017a \u017c\u0105dan\u0105 metod\u0119 p\u0142atno\u015bci. Kliknij przycisk \"Kontynuuj\", aby przej\u015b\u0107 do nast\u0119pnego kroku zam\u00f3wienia.<br \/>\n<em>4. Sprawd\u017a adres wysy\u0142ki \/ wybierz metod\u0119 wysy\u0142ki<\/em><\/p>\n<p>Teraz sprawd\u017a adres wysy\u0142ki i wprowad\u017a \u017c\u0105dan\u0105 metod\u0119 wysy\u0142ki. Kliknij przycisk \"Kontynuuj\", aby przej\u015b\u0107 do nast\u0119pnego kroku zam\u00f3wienia.<br \/>\n<em>5. kompletny proces zam\u00f3wienia \/ og\u00f3lne warunki i ochrona danych<\/em><\/p>\n<p>Otrzymasz przegl\u0105d swojego zam\u00f3wienia: wybrane produkty, adres wysy\u0142ki i adres rozliczeniowy oraz dane kontaktowe. Sprawd\u017a, czy wszystkie dane s\u0105 prawid\u0142owe i uwa\u017cnie przeczytaj og\u00f3lne warunki i zasady anulowania. Mo\u017cesz kontynuowa\u0107 sk\u0142adanie zam\u00f3wienia tylko wtedy, gdy zgadzasz si\u0119 z warunkami i polityk\u0105 prywatno\u015bci (zaznacz pole). Klikni\u0119cie przycisku \"Kup\" oznacza wys\u0142anie zam\u00f3wienia do nas. Niniejszym sk\u0142adasz prawnie wi\u0105\u017c\u0105c\u0105 ofert\u0119.<\/p>","protected":false},"excerpt":{"rendered":"<p>Haftungshinweis: Das nachstehende Muster f&uuml;r den Bestellvorgang ist von einem Rechtsanwalt erstellt worden (http:\/\/rechtsanwalt-schwenke.de). Es entspricht den rechtlichen Anforderungen eines typischen, an Verbraucher gerichteten Onlineshops.\u00a0Jedoch sollten Sie das Muster nur\u00a0nach sorgf\u00e4ltiger Pr\u00fcfung und Anpassung auf Ihr konkretes Gesch\u00e4ftsmodell verwenden. Die Klauseln k\u00f6nnen in bestimmten Konstellationen nicht ausreichend sein. Lassen Sie sich im Zweifel rechtlich beraten. [&hellip;]<\/p>\n","protected":false},"author":5,"featured_media":0,"parent":0,"menu_order":0,"comment_status":"closed","ping_status":"closed","template":"","meta":{"footnotes":""},"class_list":["post-122","page","type-page","status-publish","hentry"],"yoast_head":"<!-- This site is optimized with the Yoast SEO Premium plugin v27.0 (Yoast SEO v27.3) - https:\/\/yoast.com\/product\/yoast-seo-premium-wordpress\/ -->\n<title>Bestellvorgang - Dr. Christoph He\u00dfler Maschinensysteme<\/title>\n<meta name=\"robots\" content=\"index, follow, max-snippet:-1, max-image-preview:large, max-video-preview:-1\" \/>\n<link rel=\"canonical\" href=\"https:\/\/c-hessler.de\/pl\/proces-zamawiania\/\" \/>\n<meta property=\"og:locale\" content=\"pl_PL\" \/>\n<meta property=\"og:type\" content=\"article\" \/>\n<meta property=\"og:title\" content=\"Bestellvorgang\" \/>\n<meta property=\"og:description\" content=\"Haftungshinweis: Das nachstehende Muster f&uuml;r den Bestellvorgang ist von einem Rechtsanwalt erstellt worden (http:\/\/rechtsanwalt-schwenke.de). Es entspricht den rechtlichen Anforderungen eines typischen, an Verbraucher gerichteten Onlineshops.\u00a0Jedoch sollten Sie das Muster nur\u00a0nach sorgf\u00e4ltiger Pr\u00fcfung und Anpassung auf Ihr konkretes Gesch\u00e4ftsmodell verwenden. Die Klauseln k\u00f6nnen in bestimmten Konstellationen nicht ausreichend sein. Lassen Sie sich im Zweifel rechtlich beraten. [&hellip;]\" \/>\n<meta property=\"og:url\" content=\"https:\/\/c-hessler.de\/pl\/proces-zamawiania\/\" \/>\n<meta property=\"og:site_name\" content=\"Dr. Christoph He\u00dfler Maschinensysteme\" \/>\n<meta property=\"article:publisher\" content=\"https:\/\/www.facebook.com\/DrChristophHesslerMaschinensysteme\/\" \/>\n<meta property=\"article:modified_time\" content=\"2025-12-09T11:44:00+00:00\" \/>\n<meta name=\"twitter:label1\" content=\"Szacowany czas czytania\" \/>\n\t<meta name=\"twitter:data1\" content=\"2 minuty\" \/>\n<script type=\"application\/ld+json\" class=\"yoast-schema-graph\">{\"@context\":\"https:\\\/\\\/schema.org\",\"@graph\":[{\"@type\":\"WebPage\",\"@id\":\"https:\\\/\\\/c-hessler.de\\\/bestellvorgang\\\/\",\"url\":\"https:\\\/\\\/c-hessler.de\\\/bestellvorgang\\\/\",\"name\":\"Bestellvorgang - Dr. Christoph He\u00dfler Maschinensysteme\",\"isPartOf\":{\"@id\":\"https:\\\/\\\/c-hessler.de\\\/#website\"},\"datePublished\":\"2015-05-27T09:04:36+00:00\",\"dateModified\":\"2025-12-09T11:44:00+00:00\",\"inLanguage\":\"pl-PL\",\"potentialAction\":[{\"@type\":\"ReadAction\",\"target\":[\"https:\\\/\\\/c-hessler.de\\\/bestellvorgang\\\/\"]}]},{\"@type\":\"WebSite\",\"@id\":\"https:\\\/\\\/c-hessler.de\\\/#website\",\"url\":\"https:\\\/\\\/c-hessler.de\\\/\",\"name\":\"www.c-hessler.de\",\"description\":\"\",\"publisher\":{\"@id\":\"https:\\\/\\\/c-hessler.de\\\/#organization\"},\"potentialAction\":[{\"@type\":\"SearchAction\",\"target\":{\"@type\":\"EntryPoint\",\"urlTemplate\":\"https:\\\/\\\/c-hessler.de\\\/?s={search_term_string}\"},\"query-input\":{\"@type\":\"PropertyValueSpecification\",\"valueRequired\":true,\"valueName\":\"search_term_string\"}}],\"inLanguage\":\"pl-PL\"},{\"@type\":\"Organization\",\"@id\":\"https:\\\/\\\/c-hessler.de\\\/#organization\",\"name\":\"Dr. Christoph He\u00dfler Maschinensysteme\",\"alternateName\":\"Dr. Christoph He\u00dfler Maschinensysteme\",\"url\":\"https:\\\/\\\/c-hessler.de\\\/\",\"logo\":{\"@type\":\"ImageObject\",\"inLanguage\":\"pl-PL\",\"@id\":\"https:\\\/\\\/c-hessler.de\\\/#\\\/schema\\\/logo\\\/image\\\/\",\"url\":\"https:\\\/\\\/c-hessler.de\\\/wp-content\\\/uploads\\\/2026\\\/02\\\/Draw-03-150312-110115-Ausgeschnitten-I.jpg\",\"contentUrl\":\"https:\\\/\\\/c-hessler.de\\\/wp-content\\\/uploads\\\/2026\\\/02\\\/Draw-03-150312-110115-Ausgeschnitten-I.jpg\",\"width\":445,\"height\":394,\"caption\":\"Dr. Christoph He\u00dfler Maschinensysteme\"},\"image\":{\"@id\":\"https:\\\/\\\/c-hessler.de\\\/#\\\/schema\\\/logo\\\/image\\\/\"},\"sameAs\":[\"https:\\\/\\\/www.facebook.com\\\/DrChristophHesslerMaschinensysteme\\\/\",\"https:\\\/\\\/www.pinterest.de\\\/hesstools\\\/\",\"https:\\\/\\\/www.youtube.com\\\/channel\\\/UCaNnXDGGF_BiYFQZ2kJgi-A?view_as=subscriber\"],\"description\":\"1. Ecken- und Kantenfr\u00e4sen f\u00fcr Tischler und Schreiner, Sonderanfertigungen 2. Auch f\u00fcr die Nachbearbeitung von Eck-Schwei\u00dfn\u00e4hten bei Aluminium-Werkstoffen, f\u00fcr Fahrzeugbauer oder Metallbauer aller Art\",\"email\":\"christoph.hessler@c-hessler.de\",\"telephone\":\"0527413012080\",\"legalName\":\"Dr. Christoph He\u00dfler Maschinensysteme\",\"foundingDate\":\"2003-06-05\",\"vatID\":\"DE230070107\",\"numberOfEmployees\":{\"@type\":\"QuantitativeValue\",\"minValue\":\"1\",\"maxValue\":\"10\"}}]}<\/script>\n<!-- \/ Yoast SEO Premium plugin. -->","yoast_head_json":{"title":"Proces zamawiania - Dr Christoph He\u00dfler Maschinensysteme","robots":{"index":"index","follow":"follow","max-snippet":"max-snippet:-1","max-image-preview":"max-image-preview:large","max-video-preview":"max-video-preview:-1"},"canonical":"https:\/\/c-hessler.de\/pl\/proces-zamawiania\/","og_locale":"pl_PL","og_type":"article","og_title":"Bestellvorgang","og_description":"Haftungshinweis: Das nachstehende Muster f&uuml;r den Bestellvorgang ist von einem Rechtsanwalt erstellt worden (http:\/\/rechtsanwalt-schwenke.de). Es entspricht den rechtlichen Anforderungen eines typischen, an Verbraucher gerichteten Onlineshops.\u00a0Jedoch sollten Sie das Muster nur\u00a0nach sorgf\u00e4ltiger Pr\u00fcfung und Anpassung auf Ihr konkretes Gesch\u00e4ftsmodell verwenden. Die Klauseln k\u00f6nnen in bestimmten Konstellationen nicht ausreichend sein. Lassen Sie sich im Zweifel rechtlich beraten. [&hellip;]","og_url":"https:\/\/c-hessler.de\/pl\/proces-zamawiania\/","og_site_name":"Dr. Christoph He\u00dfler Maschinensysteme","article_publisher":"https:\/\/www.facebook.com\/DrChristophHesslerMaschinensysteme\/","article_modified_time":"2025-12-09T11:44:00+00:00","twitter_misc":{"Szacowany czas czytania":"2 minuty"},"schema":{"@context":"https:\/\/schema.org","@graph":[{"@type":"WebPage","@id":"https:\/\/c-hessler.de\/bestellvorgang\/","url":"https:\/\/c-hessler.de\/bestellvorgang\/","name":"Proces zamawiania - Dr Christoph He\u00dfler Maschinensysteme","isPartOf":{"@id":"https:\/\/c-hessler.de\/#website"},"datePublished":"2015-05-27T09:04:36+00:00","dateModified":"2025-12-09T11:44:00+00:00","inLanguage":"pl-PL","potentialAction":[{"@type":"ReadAction","target":["https:\/\/c-hessler.de\/bestellvorgang\/"]}]},{"@type":"WebSite","@id":"https:\/\/c-hessler.de\/#website","url":"https:\/\/c-hessler.de\/","name":"www.c-hessler.de","description":"","publisher":{"@id":"https:\/\/c-hessler.de\/#organization"},"potentialAction":[{"@type":"SearchAction","target":{"@type":"EntryPoint","urlTemplate":"https:\/\/c-hessler.de\/?s={search_term_string}"},"query-input":{"@type":"PropertyValueSpecification","valueRequired":true,"valueName":"search_term_string"}}],"inLanguage":"pl-PL"},{"@type":"Organization","@id":"https:\/\/c-hessler.de\/#organization","name":"Dr Christoph He\u00dfler Machine Systems","alternateName":"Dr. Christoph He\u00dfler Maschinensysteme","url":"https:\/\/c-hessler.de\/","logo":{"@type":"ImageObject","inLanguage":"pl-PL","@id":"https:\/\/c-hessler.de\/#\/schema\/logo\/image\/","url":"https:\/\/c-hessler.de\/wp-content\/uploads\/2026\/02\/Draw-03-150312-110115-Ausgeschnitten-I.jpg","contentUrl":"https:\/\/c-hessler.de\/wp-content\/uploads\/2026\/02\/Draw-03-150312-110115-Ausgeschnitten-I.jpg","width":445,"height":394,"caption":"Dr. Christoph He\u00dfler Maschinensysteme"},"image":{"@id":"https:\/\/c-hessler.de\/#\/schema\/logo\/image\/"},"sameAs":["https:\/\/www.facebook.com\/DrChristophHesslerMaschinensysteme\/","https:\/\/www.pinterest.de\/hesstools\/","https:\/\/www.youtube.com\/channel\/UCaNnXDGGF_BiYFQZ2kJgi-A?view_as=subscriber"],"description":"1. Ecken- und Kantenfr\u00e4sen f\u00fcr Tischler und Schreiner, Sonderanfertigungen 2. Auch f\u00fcr die Nachbearbeitung von Eck-Schwei\u00dfn\u00e4hten bei Aluminium-Werkstoffen, f\u00fcr Fahrzeugbauer oder Metallbauer aller Art","email":"christoph.hessler@c-hessler.de","telephone":"0527413012080","legalName":"Dr. Christoph He\u00dfler Maschinensysteme","foundingDate":"2003-06-05","vatID":"DE230070107","numberOfEmployees":{"@type":"QuantitativeValue","minValue":"1","maxValue":"10"}}]}},"_hostinger_reach_plugin_has_subscription_block":false,"_hostinger_reach_plugin_is_elementor":false,"_links":{"self":[{"href":"https:\/\/c-hessler.de\/pl\/wp-json\/wp\/v2\/pages\/122","targetHints":{"allow":["GET"]}}],"collection":[{"href":"https:\/\/c-hessler.de\/pl\/wp-json\/wp\/v2\/pages"}],"about":[{"href":"https:\/\/c-hessler.de\/pl\/wp-json\/wp\/v2\/types\/page"}],"author":[{"embeddable":true,"href":"https:\/\/c-hessler.de\/pl\/wp-json\/wp\/v2\/users\/5"}],"replies":[{"embeddable":true,"href":"https:\/\/c-hessler.de\/pl\/wp-json\/wp\/v2\/comments?post=122"}],"version-history":[{"count":0,"href":"https:\/\/c-hessler.de\/pl\/wp-json\/wp\/v2\/pages\/122\/revisions"}],"wp:attachment":[{"href":"https:\/\/c-hessler.de\/pl\/wp-json\/wp\/v2\/media?parent=122"}],"curies":[{"name":"wp","href":"https:\/\/api.w.org\/{rel}","templated":true}]}}