{"id":135,"date":"2015-05-28T09:14:30","date_gmt":"2015-05-28T07:14:30","guid":{"rendered":"https:\/\/c-hessler.de\/?page_id=135"},"modified":"2025-12-09T12:46:23","modified_gmt":"2025-12-09T11:46:23","slug":"wazne-informacje-dotyczace-korzystania-z-szablonu-sklepu-internetowego","status":"publish","type":"page","link":"https:\/\/c-hessler.de\/pl\/wichtige-informationen-zur-nutzung-der-onlineshop-vorlage\/","title":{"rendered":"Wa\u017cne informacje dotycz\u0105ce szablonu sklepu internetowego"},"content":{"rendered":"<p>Aby zapewni\u0107, \u017ce szablon sklepu internetowego mo\u017ce by\u0107 u\u017cywany w Niemczech w spos\u00f3b zgodny z prawem, zosta\u0142 on dostosowany za pomoc\u0105 rozszerzenia \"WooCommerce German Market\". To automatycznie tworzy niekt\u00f3re strony i dostosowuje zawarto\u015b\u0107. Zalecamy najpierw sprawdzenie ustawie\u0144 WooCommerce w zapleczu, a nast\u0119pnie samych stron pod k\u0105tem poprawnej zawarto\u015bci (np. danych kontaktowych, informacji o podatku i anulowaniu).<\/p>\n<h3>Jakie dostosowania s\u0105 konieczne dla WooCommerce?<\/h3>\n<p>Pomocn\u0105 kompilacj\u0119 wielu samouczk\u00f3w i dalszych informacji mo\u017cna znale\u017a\u0107 na stronie <a href=\"https:\/\/marketpress.de\/2014\/woocommerce-guide\/#tutorials\">Przewodnik turystyczny WooCommerce<\/a>.<\/p>\n<h3>Usu\u0144 notatk\u0119 \"To jest instalacja demonstracyjna...\".<\/h3>\n<p>Uwaga \"To jest instalacja demonstracyjna. \u017badne zam\u00f3wienie w tym sklepie nie zostanie uwzgl\u0119dnione ani zrealizowane.\" mo\u017cna ukry\u0107 na zapleczu, odznaczaj\u0105c pole \"WooCommerce \/ Ustawienia \/ Aktywuj tekst podpowiedzi sklepu w ca\u0142ej witrynie\".<\/p>\n<h3>Jaka zawarto\u015b\u0107 demonstracyjna jest zawarta w sklepie?<\/h3>\n<p>Szablon sklepu internetowego zawiera kilka przyk\u0142adowych produkt\u00f3w w przyk\u0142adowej kategorii. Linki w menu s\u0105 r\u00f3wnie\u017c dostosowane do wersji demonstracyjnej. Aby uzyska\u0107 lepszy przegl\u0105d, zalecamy usuni\u0119cie obraz\u00f3w przyk\u0142adowych produkt\u00f3w z galerii multimedi\u00f3w podczas uruchamiania sklepu.<\/p>\n<p><strong>Po skonfigurowaniu sklepu internetowego stron\u0119 t\u0119 mo\u017cna usun\u0105\u0107 w edytorze za pomoc\u0105 opcji \"Umie\u015b\u0107 w koszu\". Aby dostosowa\u0107 menu, przejd\u017a do strony \"Menu\" na zapleczu pod pozycj\u0105 menu \"Projekt\".<\/strong><\/p>","protected":false},"excerpt":{"rendered":"<p>Damit die Onlineshop-Vorlage in Deutschland rechtssicher genutzt werden kann, ist sie mit der Erweiterung &#8222;WooCommerce German Market&#8220; angepasst worden. Hierbei wurden automatisch einige Seiten angelegt sowie Inhalte anpasst. Wir empfehlen zu Beginn die WooCommerce-Einstellungen im Backend und anschlie\u00dfend die Seiten selbst auf\u00a0korrekten Inhalt (z.B. Kontaktdaten, Steuer- und Widerrufsinformationen) zu pr\u00fcfen. Welche Anpassungen sind bei WooCommerce [&hellip;]<\/p>\n","protected":false},"author":5,"featured_media":0,"parent":0,"menu_order":0,"comment_status":"closed","ping_status":"closed","template":"","meta":{"footnotes":""},"class_list":["post-135","page","type-page","status-publish","hentry"],"yoast_head":"<!-- This site is optimized with the Yoast SEO Premium plugin v27.0 (Yoast SEO v27.4) - https:\/\/yoast.com\/product\/yoast-seo-premium-wordpress\/ -->\n<title>Wichtige Informationen f\u00fcr die Onlineshop-Vorlage - Dr. Christoph He\u00dfler Maschinensysteme<\/title>\n<meta name=\"robots\" content=\"index, follow, max-snippet:-1, max-image-preview:large, max-video-preview:-1\" \/>\n<link rel=\"canonical\" href=\"https:\/\/c-hessler.de\/pl\/wazne-informacje-dotyczace-korzystania-z-szablonu-sklepu-internetowego\/\" \/>\n<meta property=\"og:locale\" content=\"pl_PL\" \/>\n<meta property=\"og:type\" content=\"article\" \/>\n<meta property=\"og:title\" content=\"Wichtige Informationen f\u00fcr die Onlineshop-Vorlage\" \/>\n<meta property=\"og:description\" content=\"Damit die Onlineshop-Vorlage in Deutschland rechtssicher genutzt werden kann, ist sie mit der Erweiterung &#8222;WooCommerce German Market&#8220; angepasst worden. Hierbei wurden automatisch einige Seiten angelegt sowie Inhalte anpasst. Wir empfehlen zu Beginn die WooCommerce-Einstellungen im Backend und anschlie\u00dfend die Seiten selbst auf\u00a0korrekten Inhalt (z.B. Kontaktdaten, Steuer- und Widerrufsinformationen) zu pr\u00fcfen. Welche Anpassungen sind bei WooCommerce [&hellip;]\" \/>\n<meta property=\"og:url\" content=\"https:\/\/c-hessler.de\/pl\/wazne-informacje-dotyczace-korzystania-z-szablonu-sklepu-internetowego\/\" \/>\n<meta property=\"og:site_name\" content=\"Dr. Christoph He\u00dfler Maschinensysteme\" \/>\n<meta property=\"article:publisher\" content=\"https:\/\/www.facebook.com\/DrChristophHesslerMaschinensysteme\/\" \/>\n<meta property=\"article:modified_time\" content=\"2025-12-09T11:46:23+00:00\" \/>\n<meta name=\"twitter:label1\" content=\"Szacowany czas czytania\" \/>\n\t<meta name=\"twitter:data1\" content=\"1 minuta\" \/>\n<script type=\"application\/ld+json\" class=\"yoast-schema-graph\">{\"@context\":\"https:\\\/\\\/schema.org\",\"@graph\":[{\"@type\":\"WebPage\",\"@id\":\"https:\\\/\\\/c-hessler.de\\\/wichtige-informationen-zur-nutzung-der-onlineshop-vorlage\\\/\",\"url\":\"https:\\\/\\\/c-hessler.de\\\/wichtige-informationen-zur-nutzung-der-onlineshop-vorlage\\\/\",\"name\":\"Wichtige Informationen f\u00fcr die Onlineshop-Vorlage - Dr. Christoph He\u00dfler Maschinensysteme\",\"isPartOf\":{\"@id\":\"https:\\\/\\\/c-hessler.de\\\/#website\"},\"datePublished\":\"2015-05-28T07:14:30+00:00\",\"dateModified\":\"2025-12-09T11:46:23+00:00\",\"inLanguage\":\"pl-PL\",\"potentialAction\":[{\"@type\":\"ReadAction\",\"target\":[\"https:\\\/\\\/c-hessler.de\\\/wichtige-informationen-zur-nutzung-der-onlineshop-vorlage\\\/\"]}]},{\"@type\":\"WebSite\",\"@id\":\"https:\\\/\\\/c-hessler.de\\\/#website\",\"url\":\"https:\\\/\\\/c-hessler.de\\\/\",\"name\":\"www.c-hessler.de\",\"description\":\"\",\"publisher\":{\"@id\":\"https:\\\/\\\/c-hessler.de\\\/#organization\"},\"potentialAction\":[{\"@type\":\"SearchAction\",\"target\":{\"@type\":\"EntryPoint\",\"urlTemplate\":\"https:\\\/\\\/c-hessler.de\\\/?s={search_term_string}\"},\"query-input\":{\"@type\":\"PropertyValueSpecification\",\"valueRequired\":true,\"valueName\":\"search_term_string\"}}],\"inLanguage\":\"pl-PL\"},{\"@type\":\"Organization\",\"@id\":\"https:\\\/\\\/c-hessler.de\\\/#organization\",\"name\":\"Dr. Christoph He\u00dfler Maschinensysteme\",\"alternateName\":\"Dr. Christoph He\u00dfler Maschinensysteme\",\"url\":\"https:\\\/\\\/c-hessler.de\\\/\",\"logo\":{\"@type\":\"ImageObject\",\"inLanguage\":\"pl-PL\",\"@id\":\"https:\\\/\\\/c-hessler.de\\\/#\\\/schema\\\/logo\\\/image\\\/\",\"url\":\"https:\\\/\\\/c-hessler.de\\\/wp-content\\\/uploads\\\/2026\\\/02\\\/Draw-03-150312-110115-Ausgeschnitten-I.jpg\",\"contentUrl\":\"https:\\\/\\\/c-hessler.de\\\/wp-content\\\/uploads\\\/2026\\\/02\\\/Draw-03-150312-110115-Ausgeschnitten-I.jpg\",\"width\":445,\"height\":394,\"caption\":\"Dr. Christoph He\u00dfler Maschinensysteme\"},\"image\":{\"@id\":\"https:\\\/\\\/c-hessler.de\\\/#\\\/schema\\\/logo\\\/image\\\/\"},\"sameAs\":[\"https:\\\/\\\/www.facebook.com\\\/DrChristophHesslerMaschinensysteme\\\/\",\"https:\\\/\\\/www.pinterest.de\\\/hesstools\\\/\",\"https:\\\/\\\/www.youtube.com\\\/channel\\\/UCaNnXDGGF_BiYFQZ2kJgi-A?view_as=subscriber\"],\"description\":\"1. Ecken- und Kantenfr\u00e4sen f\u00fcr Tischler und Schreiner, Sonderanfertigungen 2. Auch f\u00fcr die Nachbearbeitung von Eck-Schwei\u00dfn\u00e4hten bei Aluminium-Werkstoffen, f\u00fcr Fahrzeugbauer oder Metallbauer aller Art\",\"email\":\"christoph.hessler@c-hessler.de\",\"telephone\":\"0527413012080\",\"legalName\":\"Dr. Christoph He\u00dfler Maschinensysteme\",\"foundingDate\":\"2003-06-05\",\"vatID\":\"DE230070107\",\"numberOfEmployees\":{\"@type\":\"QuantitativeValue\",\"minValue\":\"1\",\"maxValue\":\"10\"}}]}<\/script>\n<!-- \/ Yoast SEO Premium plugin. -->","yoast_head_json":{"title":"Wa\u017cne informacje dotycz\u0105ce szablonu sklepu internetowego - Dr Christoph He\u00dfler Maschinensysteme","robots":{"index":"index","follow":"follow","max-snippet":"max-snippet:-1","max-image-preview":"max-image-preview:large","max-video-preview":"max-video-preview:-1"},"canonical":"https:\/\/c-hessler.de\/pl\/wazne-informacje-dotyczace-korzystania-z-szablonu-sklepu-internetowego\/","og_locale":"pl_PL","og_type":"article","og_title":"Wichtige Informationen f\u00fcr die Onlineshop-Vorlage","og_description":"Damit die Onlineshop-Vorlage in Deutschland rechtssicher genutzt werden kann, ist sie mit der Erweiterung &#8222;WooCommerce German Market&#8220; angepasst worden. Hierbei wurden automatisch einige Seiten angelegt sowie Inhalte anpasst. Wir empfehlen zu Beginn die WooCommerce-Einstellungen im Backend und anschlie\u00dfend die Seiten selbst auf\u00a0korrekten Inhalt (z.B. Kontaktdaten, Steuer- und Widerrufsinformationen) zu pr\u00fcfen. Welche Anpassungen sind bei WooCommerce [&hellip;]","og_url":"https:\/\/c-hessler.de\/pl\/wazne-informacje-dotyczace-korzystania-z-szablonu-sklepu-internetowego\/","og_site_name":"Dr. Christoph He\u00dfler Maschinensysteme","article_publisher":"https:\/\/www.facebook.com\/DrChristophHesslerMaschinensysteme\/","article_modified_time":"2025-12-09T11:46:23+00:00","twitter_misc":{"Szacowany czas czytania":"1 minuta"},"schema":{"@context":"https:\/\/schema.org","@graph":[{"@type":"WebPage","@id":"https:\/\/c-hessler.de\/wichtige-informationen-zur-nutzung-der-onlineshop-vorlage\/","url":"https:\/\/c-hessler.de\/wichtige-informationen-zur-nutzung-der-onlineshop-vorlage\/","name":"Wa\u017cne informacje dotycz\u0105ce szablonu sklepu internetowego - Dr Christoph He\u00dfler Maschinensysteme","isPartOf":{"@id":"https:\/\/c-hessler.de\/#website"},"datePublished":"2015-05-28T07:14:30+00:00","dateModified":"2025-12-09T11:46:23+00:00","inLanguage":"pl-PL","potentialAction":[{"@type":"ReadAction","target":["https:\/\/c-hessler.de\/wichtige-informationen-zur-nutzung-der-onlineshop-vorlage\/"]}]},{"@type":"WebSite","@id":"https:\/\/c-hessler.de\/#website","url":"https:\/\/c-hessler.de\/","name":"www.c-hessler.de","description":"","publisher":{"@id":"https:\/\/c-hessler.de\/#organization"},"potentialAction":[{"@type":"SearchAction","target":{"@type":"EntryPoint","urlTemplate":"https:\/\/c-hessler.de\/?s={search_term_string}"},"query-input":{"@type":"PropertyValueSpecification","valueRequired":true,"valueName":"search_term_string"}}],"inLanguage":"pl-PL"},{"@type":"Organization","@id":"https:\/\/c-hessler.de\/#organization","name":"Dr Christoph He\u00dfler Machine Systems","alternateName":"Dr. Christoph He\u00dfler Maschinensysteme","url":"https:\/\/c-hessler.de\/","logo":{"@type":"ImageObject","inLanguage":"pl-PL","@id":"https:\/\/c-hessler.de\/#\/schema\/logo\/image\/","url":"https:\/\/c-hessler.de\/wp-content\/uploads\/2026\/02\/Draw-03-150312-110115-Ausgeschnitten-I.jpg","contentUrl":"https:\/\/c-hessler.de\/wp-content\/uploads\/2026\/02\/Draw-03-150312-110115-Ausgeschnitten-I.jpg","width":445,"height":394,"caption":"Dr. Christoph He\u00dfler Maschinensysteme"},"image":{"@id":"https:\/\/c-hessler.de\/#\/schema\/logo\/image\/"},"sameAs":["https:\/\/www.facebook.com\/DrChristophHesslerMaschinensysteme\/","https:\/\/www.pinterest.de\/hesstools\/","https:\/\/www.youtube.com\/channel\/UCaNnXDGGF_BiYFQZ2kJgi-A?view_as=subscriber"],"description":"1. Ecken- und Kantenfr\u00e4sen f\u00fcr Tischler und Schreiner, Sonderanfertigungen 2. Auch f\u00fcr die Nachbearbeitung von Eck-Schwei\u00dfn\u00e4hten bei Aluminium-Werkstoffen, f\u00fcr Fahrzeugbauer oder Metallbauer aller Art","email":"christoph.hessler@c-hessler.de","telephone":"0527413012080","legalName":"Dr. Christoph He\u00dfler Maschinensysteme","foundingDate":"2003-06-05","vatID":"DE230070107","numberOfEmployees":{"@type":"QuantitativeValue","minValue":"1","maxValue":"10"}}]}},"_hostinger_reach_plugin_has_subscription_block":false,"_hostinger_reach_plugin_is_elementor":false,"_links":{"self":[{"href":"https:\/\/c-hessler.de\/pl\/wp-json\/wp\/v2\/pages\/135","targetHints":{"allow":["GET"]}}],"collection":[{"href":"https:\/\/c-hessler.de\/pl\/wp-json\/wp\/v2\/pages"}],"about":[{"href":"https:\/\/c-hessler.de\/pl\/wp-json\/wp\/v2\/types\/page"}],"author":[{"embeddable":true,"href":"https:\/\/c-hessler.de\/pl\/wp-json\/wp\/v2\/users\/5"}],"replies":[{"embeddable":true,"href":"https:\/\/c-hessler.de\/pl\/wp-json\/wp\/v2\/comments?post=135"}],"version-history":[{"count":0,"href":"https:\/\/c-hessler.de\/pl\/wp-json\/wp\/v2\/pages\/135\/revisions"}],"wp:attachment":[{"href":"https:\/\/c-hessler.de\/pl\/wp-json\/wp\/v2\/media?parent=135"}],"curies":[{"name":"wp","href":"https:\/\/api.w.org\/{rel}","templated":true}]}}