{"id":207054,"date":"2025-07-21T19:30:17","date_gmt":"2025-07-21T17:30:17","guid":{"rendered":"https:\/\/c-hessler.de\/?page_id=207054"},"modified":"2025-12-09T12:45:11","modified_gmt":"2025-12-09T11:45:11","slug":"wskazowki-wideo-dotyczace-recznego-zaokraglania-naroznikow-za-pomoca-jednostki-kopiujacej","status":"publish","type":"page","link":"https:\/\/c-hessler.de\/pl\/produkte\/video-tipps-zum-eckenrunden-mit-dem-kopieraggregat-von-hand\/","title":{"rendered":"R\u0119czne zaokr\u0105glanie naro\u017cnik\u00f3w za pomoc\u0105 lekkiej jednostki kopiuj\u0105cej - Wideo"},"content":{"rendered":"<p>[et_pb_section fb_built=&#8220;1&#8243; _builder_version=&#8220;4.27.4&#8243; global_colors_info=&#8220;{}&#8220;][et_pb_row _builder_version=&#8220;4.16&#8243; background_size=&#8220;initial&#8220; background_position=&#8220;top_left&#8220; background_repeat=&#8220;repeat&#8220; global_colors_info=&#8220;{}&#8220;][et_pb_column type=&#8220;4_4&#8243; _builder_version=&#8220;4.16&#8243; custom_padding=&#8220;|||&#8220; global_colors_info=&#8220;{}&#8220; custom_padding__hover=&#8220;|||&#8220;][et_pb_code _builder_version=&#8220;4.27.4&#8243; _module_preset=&#8220;default&#8220; global_colors_info=&#8220;{}&#8220;]<\/p>\n<div style=\"position: relative; padding-bottom: 56.25%; height: 0; overflow: hidden;\"><!-- [et_pb_line_break_holder] -->  <iframe src=\"https:\/\/www.youtube.com\/embed\/Klx1JKLrVI4\" <!-- [et_pb_line_break_holder] -->          style=&#8220;position: absolute; top: 0; left: 0; width: 100%; height: 100%; border: 0;&#8220; <!-- [et_pb_line_break_holder] -->          allow=&#8220;encrypted-media&#8220; <!-- [et_pb_line_break_holder] -->          allowfullscreen><!-- [et_pb_line_break_holder] -->  <\/iframe><!-- [et_pb_line_break_holder] --><\/div>\n<p><!-- [et_pb_line_break_holder] -->[\/et_pb_code][\/et_pb_column][\/et_pb_row][et_pb_row _builder_version=&#8220;4.27.4&#8243; background_size=&#8220;initial&#8220; background_position=&#8220;top_left&#8220; background_repeat=&#8220;repeat&#8220; global_colors_info=&#8220;{}&#8220;][et_pb_column type=&#8220;4_4&#8243; _builder_version=&#8220;4.16&#8243; custom_padding=&#8220;|||&#8220; global_colors_info=&#8220;{}&#8220; custom_padding__hover=&#8220;|||&#8220;][et_pb_text _builder_version=&#8220;4.27.4&#8243; _module_preset=&#8220;default&#8220; hover_enabled=&#8220;0&#8243; global_colors_info=&#8220;{}&#8220; sticky_enabled=&#8220;0&#8243;]<\/p>\n<p>Das Video zeigt pr\u00e4zises und einfaches Eckenrunder von Hand. Damit erfolgt das Kopieren der Ecken an Stirnkanten und Kopfkanten. Das langwierige Feilen entf\u00e4llt. Es wird dasselbe Arbeitsprinzip verwendet wie bei den Kopier-Aggregaten auf Kantenanleim-Maschinen. F\u00fcr Kopfkanten nach dem Kantenanleimen langj\u00e4hrig bew\u00e4hrt. Und wesentlich g\u00fcnstiger als ein zus\u00e4tzliches Kopieraggregat.<\/p>\n<p>[\/et_pb_text][et_pb_button button_url=&#8220;https:\/\/c-hessler.de\/shop\/eckenrunder-mz-02-90f\/&#8220; button_text=&#8220;Zur\u00fcck zum Produkt&#8220; _builder_version=&#8220;4.27.4&#8243; _module_preset=&#8220;default&#8220; global_colors_info=&#8220;{}&#8220;][\/et_pb_button][\/et_pb_column][\/et_pb_row][\/et_pb_section]<\/p>\n","protected":false},"excerpt":{"rendered":"<p>[et_pb_section fb_built=&#8220;1&#8243; _builder_version=&#8220;4.27.4&#8243; global_colors_info=&#8220;{}&#8220;][et_pb_row _builder_version=&#8220;4.16&#8243; background_size=&#8220;initial&#8220; background_position=&#8220;top_left&#8220; background_repeat=&#8220;repeat&#8220; global_colors_info=&#8220;{}&#8220;][et_pb_column type=&#8220;4_4&#8243; _builder_version=&#8220;4.16&#8243; custom_padding=&#8220;|||&#8220; global_colors_info=&#8220;{}&#8220; custom_padding__hover=&#8220;|||&#8220;][et_pb_code _builder_version=&#8220;4.27.4&#8243; _module_preset=&#8220;default&#8220; global_colors_info=&#8220;{}&#8220;] style=&#8220;position: absolute; top: 0; left: 0; width: 100%; height: 100%; border: 0;&#8220; allow=&#8220;encrypted-media&#8220; allowfullscreen [\/et_pb_code][\/et_pb_column][\/et_pb_row][et_pb_row _builder_version=&#8220;4.27.4&#8243; background_size=&#8220;initial&#8220; background_position=&#8220;top_left&#8220; background_repeat=&#8220;repeat&#8220; global_colors_info=&#8220;{}&#8220;][et_pb_column type=&#8220;4_4&#8243; _builder_version=&#8220;4.16&#8243; custom_padding=&#8220;|||&#8220; global_colors_info=&#8220;{}&#8220; custom_padding__hover=&#8220;|||&#8220;][et_pb_text _builder_version=&#8220;4.27.4&#8243; _module_preset=&#8220;default&#8220; hover_enabled=&#8220;0&#8243; global_colors_info=&#8220;{}&#8220; sticky_enabled=&#8220;0&#8243;] Das Video zeigt pr\u00e4zises und einfaches Eckenrunder von [&hellip;]<\/p>\n","protected":false},"author":5,"featured_media":0,"parent":49,"menu_order":1,"comment_status":"closed","ping_status":"closed","template":"","meta":{"footnotes":""},"class_list":["post-207054","page","type-page","status-publish","hentry"],"yoast_head":"<!-- This site is optimized with the Yoast SEO Premium plugin v27.0 (Yoast SEO v27.3) - https:\/\/yoast.com\/product\/yoast-seo-premium-wordpress\/ -->\n<title>Video-Tipps zum Eckenrunden mit dem Kopieraggregat von Hand<\/title>\n<meta name=\"description\" content=\"Video zum Eckenrunden von Hand mit dem leichten Kopieraggregat, f\u00fcr perfekte Ergebnisse beim Runden von Stirnkanten\" \/>\n<meta name=\"robots\" content=\"index, follow, max-snippet:-1, max-image-preview:large, max-video-preview:-1\" \/>\n<link rel=\"canonical\" href=\"https:\/\/c-hessler.de\/pl\/produkty\/wskazowki-wideo-dotyczace-recznego-zaokraglania-naroznikow-za-pomoca-jednostki-kopiujacej\/\" \/>\n<meta property=\"og:locale\" content=\"pl_PL\" \/>\n<meta property=\"og:type\" content=\"article\" \/>\n<meta property=\"og:title\" content=\"Eckenrunden mit dem leichten Kopieraggregat von Hand - Video\" \/>\n<meta property=\"og:description\" content=\"Video zum Eckenrunden von Hand mit dem leichten Kopieraggregat, f\u00fcr perfekte Ergebnisse beim Runden von Stirnkanten\" \/>\n<meta property=\"og:url\" content=\"https:\/\/c-hessler.de\/pl\/produkty\/wskazowki-wideo-dotyczace-recznego-zaokraglania-naroznikow-za-pomoca-jednostki-kopiujacej\/\" \/>\n<meta property=\"og:site_name\" content=\"Dr. Christoph He\u00dfler Maschinensysteme\" \/>\n<meta property=\"article:publisher\" content=\"https:\/\/www.facebook.com\/DrChristophHesslerMaschinensysteme\/\" \/>\n<meta property=\"article:modified_time\" content=\"2025-12-09T11:45:11+00:00\" \/>\n<meta name=\"twitter:label1\" content=\"Szacowany czas czytania\" \/>\n\t<meta name=\"twitter:data1\" content=\"1 minuta\" \/>\n<script type=\"application\/ld+json\" class=\"yoast-schema-graph\">{\"@context\":\"https:\\\/\\\/schema.org\",\"@graph\":[{\"@type\":\"WebPage\",\"@id\":\"https:\\\/\\\/c-hessler.de\\\/it\\\/prodotti\\\/video-consigli-per-arrotondare-gli-angoli-a-mano-con-lunita-di-copiatura\\\/\",\"url\":\"https:\\\/\\\/c-hessler.de\\\/it\\\/prodotti\\\/video-consigli-per-arrotondare-gli-angoli-a-mano-con-lunita-di-copiatura\\\/\",\"name\":\"Video-Tipps zum Eckenrunden mit dem Kopieraggregat von Hand\",\"isPartOf\":{\"@id\":\"https:\\\/\\\/c-hessler.de\\\/#website\"},\"datePublished\":\"2025-07-21T17:30:17+00:00\",\"dateModified\":\"2025-12-09T11:45:11+00:00\",\"description\":\"Video zum Eckenrunden von Hand mit dem leichten Kopieraggregat, f\u00fcr perfekte Ergebnisse beim Runden von Stirnkanten\",\"breadcrumb\":{\"@id\":\"https:\\\/\\\/c-hessler.de\\\/it\\\/prodotti\\\/video-consigli-per-arrotondare-gli-angoli-a-mano-con-lunita-di-copiatura\\\/#breadcrumb\"},\"inLanguage\":\"pl-PL\",\"potentialAction\":[{\"@type\":\"ReadAction\",\"target\":[\"https:\\\/\\\/c-hessler.de\\\/it\\\/prodotti\\\/video-consigli-per-arrotondare-gli-angoli-a-mano-con-lunita-di-copiatura\\\/\"]}]},{\"@type\":\"BreadcrumbList\",\"@id\":\"https:\\\/\\\/c-hessler.de\\\/it\\\/prodotti\\\/video-consigli-per-arrotondare-gli-angoli-a-mano-con-lunita-di-copiatura\\\/#breadcrumb\",\"itemListElement\":[{\"@type\":\"ListItem\",\"position\":1,\"name\":\"Produkte\",\"item\":\"https:\\\/\\\/c-hessler.de\\\/produkte\\\/\"},{\"@type\":\"ListItem\",\"position\":2,\"name\":\"Eckenrunden mit dem leichten Kopieraggregat von Hand &#8211; Video\"}]},{\"@type\":\"WebSite\",\"@id\":\"https:\\\/\\\/c-hessler.de\\\/#website\",\"url\":\"https:\\\/\\\/c-hessler.de\\\/\",\"name\":\"www.c-hessler.de\",\"description\":\"\",\"publisher\":{\"@id\":\"https:\\\/\\\/c-hessler.de\\\/#organization\"},\"potentialAction\":[{\"@type\":\"SearchAction\",\"target\":{\"@type\":\"EntryPoint\",\"urlTemplate\":\"https:\\\/\\\/c-hessler.de\\\/?s={search_term_string}\"},\"query-input\":{\"@type\":\"PropertyValueSpecification\",\"valueRequired\":true,\"valueName\":\"search_term_string\"}}],\"inLanguage\":\"pl-PL\"},{\"@type\":\"Organization\",\"@id\":\"https:\\\/\\\/c-hessler.de\\\/#organization\",\"name\":\"Dr. Christoph He\u00dfler Maschinensysteme\",\"alternateName\":\"Dr. Christoph He\u00dfler Maschinensysteme\",\"url\":\"https:\\\/\\\/c-hessler.de\\\/\",\"logo\":{\"@type\":\"ImageObject\",\"inLanguage\":\"pl-PL\",\"@id\":\"https:\\\/\\\/c-hessler.de\\\/#\\\/schema\\\/logo\\\/image\\\/\",\"url\":\"https:\\\/\\\/c-hessler.de\\\/wp-content\\\/uploads\\\/2026\\\/02\\\/Draw-03-150312-110115-Ausgeschnitten-I.jpg\",\"contentUrl\":\"https:\\\/\\\/c-hessler.de\\\/wp-content\\\/uploads\\\/2026\\\/02\\\/Draw-03-150312-110115-Ausgeschnitten-I.jpg\",\"width\":445,\"height\":394,\"caption\":\"Dr. Christoph He\u00dfler Maschinensysteme\"},\"image\":{\"@id\":\"https:\\\/\\\/c-hessler.de\\\/#\\\/schema\\\/logo\\\/image\\\/\"},\"sameAs\":[\"https:\\\/\\\/www.facebook.com\\\/DrChristophHesslerMaschinensysteme\\\/\",\"https:\\\/\\\/www.pinterest.de\\\/hesstools\\\/\",\"https:\\\/\\\/www.youtube.com\\\/channel\\\/UCaNnXDGGF_BiYFQZ2kJgi-A?view_as=subscriber\"],\"description\":\"1. Ecken- und Kantenfr\u00e4sen f\u00fcr Tischler und Schreiner, Sonderanfertigungen 2. Auch f\u00fcr die Nachbearbeitung von Eck-Schwei\u00dfn\u00e4hten bei Aluminium-Werkstoffen, f\u00fcr Fahrzeugbauer oder Metallbauer aller Art\",\"email\":\"christoph.hessler@c-hessler.de\",\"telephone\":\"0527413012080\",\"legalName\":\"Dr. Christoph He\u00dfler Maschinensysteme\",\"foundingDate\":\"2003-06-05\",\"vatID\":\"DE230070107\",\"numberOfEmployees\":{\"@type\":\"QuantitativeValue\",\"minValue\":\"1\",\"maxValue\":\"10\"}}]}<\/script>\n<meta property=\"og:video\" content=\"https:\/\/www.youtube.com\/embed\/Klx1JKLrVI4\" \/>\n<meta property=\"og:video:type\" content=\"text\/html\" \/>\n<meta property=\"og:video:duration\" content=\"165\" \/>\n<meta property=\"og:video:width\" content=\"480\" \/>\n<meta property=\"og:video:height\" content=\"270\" \/>\n<meta property=\"ya:ovs:adult\" content=\"false\" \/>\n<meta property=\"ya:ovs:upload_date\" content=\"2025-07-21T17:30:17+00:00\" \/>\n<meta property=\"ya:ovs:allow_embed\" content=\"true\" \/>\n<!-- \/ Yoast SEO Premium plugin. -->","yoast_head_json":{"title":"Wskaz\u00f3wki wideo dotycz\u0105ce r\u0119cznego zaokr\u0105glania naro\u017cnik\u00f3w za pomoc\u0105 jednostki kopiuj\u0105cej","description":"Wideo na temat r\u0119cznego zaokr\u0105glania naro\u017cnik\u00f3w za pomoc\u0105 lekkiego urz\u0105dzenia kopiuj\u0105cego, zapewniaj\u0105cego doskona\u0142e rezultaty podczas zaokr\u0105glania kraw\u0119dzi ko\u0144cowych","robots":{"index":"index","follow":"follow","max-snippet":"max-snippet:-1","max-image-preview":"max-image-preview:large","max-video-preview":"max-video-preview:-1"},"canonical":"https:\/\/c-hessler.de\/pl\/produkty\/wskazowki-wideo-dotyczace-recznego-zaokraglania-naroznikow-za-pomoca-jednostki-kopiujacej\/","og_locale":"pl_PL","og_type":"article","og_title":"Eckenrunden mit dem leichten Kopieraggregat von Hand - Video","og_description":"Video zum Eckenrunden von Hand mit dem leichten Kopieraggregat, f\u00fcr perfekte Ergebnisse beim Runden von Stirnkanten","og_url":"https:\/\/c-hessler.de\/pl\/produkty\/wskazowki-wideo-dotyczace-recznego-zaokraglania-naroznikow-za-pomoca-jednostki-kopiujacej\/","og_site_name":"Dr. Christoph He\u00dfler Maschinensysteme","article_publisher":"https:\/\/www.facebook.com\/DrChristophHesslerMaschinensysteme\/","article_modified_time":"2025-12-09T11:45:11+00:00","twitter_misc":{"Szacowany czas czytania":"1 minuta"},"schema":{"@context":"https:\/\/schema.org","@graph":[{"@type":"WebPage","@id":"https:\/\/c-hessler.de\/it\/prodotti\/video-consigli-per-arrotondare-gli-angoli-a-mano-con-lunita-di-copiatura\/","url":"https:\/\/c-hessler.de\/it\/prodotti\/video-consigli-per-arrotondare-gli-angoli-a-mano-con-lunita-di-copiatura\/","name":"Wskaz\u00f3wki wideo dotycz\u0105ce r\u0119cznego zaokr\u0105glania naro\u017cnik\u00f3w za pomoc\u0105 jednostki kopiuj\u0105cej","isPartOf":{"@id":"https:\/\/c-hessler.de\/#website"},"datePublished":"2025-07-21T17:30:17+00:00","dateModified":"2025-12-09T11:45:11+00:00","description":"Wideo na temat r\u0119cznego zaokr\u0105glania naro\u017cnik\u00f3w za pomoc\u0105 lekkiego urz\u0105dzenia kopiuj\u0105cego, zapewniaj\u0105cego doskona\u0142e rezultaty podczas zaokr\u0105glania kraw\u0119dzi ko\u0144cowych","breadcrumb":{"@id":"https:\/\/c-hessler.de\/it\/prodotti\/video-consigli-per-arrotondare-gli-angoli-a-mano-con-lunita-di-copiatura\/#breadcrumb"},"inLanguage":"pl-PL","potentialAction":[{"@type":"ReadAction","target":["https:\/\/c-hessler.de\/it\/prodotti\/video-consigli-per-arrotondare-gli-angoli-a-mano-con-lunita-di-copiatura\/"]}]},{"@type":"BreadcrumbList","@id":"https:\/\/c-hessler.de\/it\/prodotti\/video-consigli-per-arrotondare-gli-angoli-a-mano-con-lunita-di-copiatura\/#breadcrumb","itemListElement":[{"@type":"ListItem","position":1,"name":"Produkte","item":"https:\/\/c-hessler.de\/produkte\/"},{"@type":"ListItem","position":2,"name":"Eckenrunden mit dem leichten Kopieraggregat von Hand &#8211; Video"}]},{"@type":"WebSite","@id":"https:\/\/c-hessler.de\/#website","url":"https:\/\/c-hessler.de\/","name":"www.c-hessler.de","description":"","publisher":{"@id":"https:\/\/c-hessler.de\/#organization"},"potentialAction":[{"@type":"SearchAction","target":{"@type":"EntryPoint","urlTemplate":"https:\/\/c-hessler.de\/?s={search_term_string}"},"query-input":{"@type":"PropertyValueSpecification","valueRequired":true,"valueName":"search_term_string"}}],"inLanguage":"pl-PL"},{"@type":"Organization","@id":"https:\/\/c-hessler.de\/#organization","name":"Dr Christoph He\u00dfler Machine Systems","alternateName":"Dr. Christoph He\u00dfler Maschinensysteme","url":"https:\/\/c-hessler.de\/","logo":{"@type":"ImageObject","inLanguage":"pl-PL","@id":"https:\/\/c-hessler.de\/#\/schema\/logo\/image\/","url":"https:\/\/c-hessler.de\/wp-content\/uploads\/2026\/02\/Draw-03-150312-110115-Ausgeschnitten-I.jpg","contentUrl":"https:\/\/c-hessler.de\/wp-content\/uploads\/2026\/02\/Draw-03-150312-110115-Ausgeschnitten-I.jpg","width":445,"height":394,"caption":"Dr. Christoph He\u00dfler Maschinensysteme"},"image":{"@id":"https:\/\/c-hessler.de\/#\/schema\/logo\/image\/"},"sameAs":["https:\/\/www.facebook.com\/DrChristophHesslerMaschinensysteme\/","https:\/\/www.pinterest.de\/hesstools\/","https:\/\/www.youtube.com\/channel\/UCaNnXDGGF_BiYFQZ2kJgi-A?view_as=subscriber"],"description":"1. Ecken- und Kantenfr\u00e4sen f\u00fcr Tischler und Schreiner, Sonderanfertigungen 2. Auch f\u00fcr die Nachbearbeitung von Eck-Schwei\u00dfn\u00e4hten bei Aluminium-Werkstoffen, f\u00fcr Fahrzeugbauer oder Metallbauer aller Art","email":"christoph.hessler@c-hessler.de","telephone":"0527413012080","legalName":"Dr. Christoph He\u00dfler Maschinensysteme","foundingDate":"2003-06-05","vatID":"DE230070107","numberOfEmployees":{"@type":"QuantitativeValue","minValue":"1","maxValue":"10"}}]},"og_video":"https:\/\/www.youtube.com\/embed\/Klx1JKLrVI4","og_video_type":"text\/html","og_video_duration":"165","og_video_width":"480","og_video_height":"270","ya_ovs_adult":"false","ya_ovs_upload_date":"2025-07-21T17:30:17+00:00","ya_ovs_allow_embed":"true"},"_hostinger_reach_plugin_has_subscription_block":false,"_hostinger_reach_plugin_is_elementor":false,"_links":{"self":[{"href":"https:\/\/c-hessler.de\/pl\/wp-json\/wp\/v2\/pages\/207054","targetHints":{"allow":["GET"]}}],"collection":[{"href":"https:\/\/c-hessler.de\/pl\/wp-json\/wp\/v2\/pages"}],"about":[{"href":"https:\/\/c-hessler.de\/pl\/wp-json\/wp\/v2\/types\/page"}],"author":[{"embeddable":true,"href":"https:\/\/c-hessler.de\/pl\/wp-json\/wp\/v2\/users\/5"}],"replies":[{"embeddable":true,"href":"https:\/\/c-hessler.de\/pl\/wp-json\/wp\/v2\/comments?post=207054"}],"version-history":[{"count":0,"href":"https:\/\/c-hessler.de\/pl\/wp-json\/wp\/v2\/pages\/207054\/revisions"}],"up":[{"embeddable":true,"href":"https:\/\/c-hessler.de\/pl\/wp-json\/wp\/v2\/pages\/49"}],"wp:attachment":[{"href":"https:\/\/c-hessler.de\/pl\/wp-json\/wp\/v2\/media?parent=207054"}],"curies":[{"name":"wp","href":"https:\/\/api.w.org\/{rel}","templated":true}]}}