{"id":9072,"date":"2015-04-27T11:11:46","date_gmt":"2015-04-27T09:11:46","guid":{"rendered":"http:\/\/\/?page_id=9072"},"modified":"2025-12-11T18:14:58","modified_gmt":"2025-12-11T17:14:58","slug":"naroznik-mz-01-135v","status":"publish","type":"page","link":"https:\/\/c-hessler.de\/pl\/eckenformer-mz-01-135v\/","title":{"rendered":"Zaokr\u0105glarka naro\u017cnik\u00f3w MZ 01 135V"},"content":{"rendered":"<div data-elementor-type=\"wp-page\" data-elementor-id=\"9072\" class=\"elementor elementor-9072\" data-elementor-settings=\"{&quot;ha_cmc_init_switcher&quot;:&quot;no&quot;}\" data-elementor-post-type=\"page\">\n\t\t\t\t<div class=\"elementor-element elementor-element-597bf4e e-grid e-con-boxed e-con e-parent\" data-id=\"597bf4e\" data-element_type=\"container\" data-e-type=\"container\" data-settings=\"{&quot;_ha_eqh_enable&quot;:false}\">\n\t\t\t\t\t<div class=\"e-con-inner\">\n\t\t\t\t<div class=\"elementor-element elementor-element-3e33800 elementor-widget elementor-widget-text-editor\" data-id=\"3e33800\" data-element_type=\"widget\" data-e-type=\"widget\" data-widget_type=\"text-editor.default\">\n\t\t\t\t\t\t\t\t\t<h4 class=\"et_pb_module_header\">Mobilna zaokr\u0105glarka naro\u017cnik\u00f3w MZ 01 135V<\/h4><div class=\"et_pb_blurb_description\"><p><strong>Studium technologiczne: Ojciec wszystkich naro\u017cnik\u00f3w<\/strong><\/p><p>Rozw\u00f3j mobilnych frezarek kraw\u0119dziowych z prowadnic\u0105 rozpocz\u0105\u0142 si\u0119 od tej zaokr\u0105glarki naro\u017cnik\u00f3w.<\/p><ul><li>Do obr\u00f3bki naro\u017cnik\u00f3w du\u017cych paneli<\/li><li>Kompletna obr\u00f3bka formy: odci\u0119cie, przyci\u0119cie i zaokr\u0105glenie ko\u0144c\u00f3w kraw\u0119dzi<\/li><li>2 zakresy robocze dla szybkiej pracy: sta\u0142y 90\u00b0, zmienny 45\u00b0-135\u00b0<\/li><li>Hamowane \u0142o\u017cysko oporowe dla zakresu 90\u00b0<\/li><li>Wytrzyma\u0142a konstrukcja z du\u017cymi uchwytami<\/li><li>Opcjonalnie z prowadnic\u0105 u\u0142atwiaj\u0105c\u0105 zak\u0142adanie<\/li><li>R\u00f3wnie\u017c do obr\u00f3bki kraw\u0119dzi wzd\u0142u\u017cnych<\/li><li>Mo\u017ce by\u0107 u\u017cywana jako wolnostoj\u0105ca jednostka do ma\u0142ych element\u00f3w (p\u00f3\u0142ka naro\u017cna)<\/li><li>Prawo w\u0142asno\u015bci zarejestrowane w Niemieckim Urz\u0119dzie Patent\u00f3w i Znak\u00f3w Towarowych (20 2006)<\/li><li>015 422.1 i 20 2006 016 506.1)<\/li><\/ul><\/div>\t\t\t\t\t\t\t\t<\/div>\n\t\t\t\t<div class=\"elementor-element elementor-element-3955463 elementor-widget__width-inherit elementor-widget elementor-widget-image\" data-id=\"3955463\" data-element_type=\"widget\" data-e-type=\"widget\" data-widget_type=\"image.default\">\n\t\t\t\t\t\t\t\t\t\t\t\t\t\t\t<img fetchpriority=\"high\" decoding=\"async\" width=\"573\" height=\"265\" src=\"https:\/\/c-hessler.de\/wp-content\/uploads\/2017\/12\/P1010051-573x265.jpg\" class=\"attachment-full size-full wp-image-11617\" alt=\"Mobilny naro\u017cnik MZ 01 135V z zakresem roboczym 90\u00b0 i 135\u00b0\" srcset=\"https:\/\/c-hessler.de\/wp-content\/uploads\/2017\/12\/P1010051-573x265.jpg 573w, https:\/\/c-hessler.de\/wp-content\/uploads\/2017\/12\/P1010051-573x265-150x69.jpg 150w, https:\/\/c-hessler.de\/wp-content\/uploads\/2017\/12\/P1010051-573x265-510x236.jpg 510w, https:\/\/c-hessler.de\/wp-content\/uploads\/2017\/12\/P1010051-573x265-300x139.jpg 300w\" sizes=\"(max-width: 573px) 100vw, 573px\" \/>\t\t\t\t\t\t\t\t\t\t\t\t\t\t\t<\/div>\n\t\t\t\t\t<\/div>\n\t\t\t\t<\/div>\n\t\t<div class=\"elementor-element elementor-element-3aef84b e-flex e-con-boxed e-con e-parent\" data-id=\"3aef84b\" data-element_type=\"container\" data-e-type=\"container\" data-settings=\"{&quot;_ha_eqh_enable&quot;:false}\">\n\t\t\t\t\t<div class=\"e-con-inner\">\n\t\t\t\t<div class=\"elementor-element elementor-element-dde9412 elementor-arrows-position-inside elementor-pagination-position-outside elementor-widget elementor-widget-image-carousel\" data-id=\"dde9412\" data-element_type=\"widget\" data-e-type=\"widget\" data-settings=\"{&quot;slides_to_show&quot;:&quot;1&quot;,&quot;navigation&quot;:&quot;both&quot;,&quot;autoplay&quot;:&quot;yes&quot;,&quot;pause_on_hover&quot;:&quot;yes&quot;,&quot;pause_on_interaction&quot;:&quot;yes&quot;,&quot;autoplay_speed&quot;:5000,&quot;infinite&quot;:&quot;yes&quot;,&quot;effect&quot;:&quot;slide&quot;,&quot;speed&quot;:500}\" data-widget_type=\"image-carousel.default\">\n\t\t\t\t\t\t\t<div class=\"elementor-image-carousel-wrapper swiper\" role=\"region\" aria-roledescription=\"carousel\" aria-label=\"Karuzela zdj\u0119\u0107\" dir=\"ltr\">\n\t\t\t<div class=\"elementor-image-carousel swiper-wrapper swiper-image-stretch\" aria-live=\"off\">\n\t\t\t\t\t\t\t\t<div class=\"swiper-slide\" role=\"group\" aria-roledescription=\"slide\" aria-label=\"1 z 8\"><figure class=\"swiper-slide-inner\"><img decoding=\"async\" class=\"swiper-slide-image\" src=\"https:\/\/c-hessler.de\/wp-content\/uploads\/2015\/04\/P1010040_Bearbeitet_I.jpg\" alt=\"Mobilny naro\u017cnik MZ 01 135V z zakresem roboczym 90\u00b0 i 135\u00b0\" \/><figcaption class=\"elementor-image-carousel-caption\">Mobilny naro\u017cnik MZ 01 135V z zakresem roboczym 90\u00b0 i 135\u00b0<\/figcaption><\/figure><\/div><div class=\"swiper-slide\" role=\"group\" aria-roledescription=\"slide\" aria-label=\"2 z 8\"><figure class=\"swiper-slide-inner\"><img decoding=\"async\" class=\"swiper-slide-image\" src=\"https:\/\/c-hessler.de\/wp-content\/uploads\/2015\/04\/P1010036.jpg\" alt=\"Obcinanie wystaj\u0105cych kraw\u0119dzi za pomoc\u0105 obcinaka\" \/><figcaption class=\"elementor-image-carousel-caption\">Obcinanie wystaj\u0105cych kraw\u0119dzi za pomoc\u0105 obcinaka<\/figcaption><\/figure><\/div><div class=\"swiper-slide\" role=\"group\" aria-roledescription=\"slide\" aria-label=\"3 z 8\"><figure class=\"swiper-slide-inner\"><img decoding=\"async\" class=\"swiper-slide-image\" src=\"https:\/\/c-hessler.de\/wp-content\/uploads\/2015\/04\/P1010041.jpg\" alt=\"Zaokr\u0105glanie pod k\u0105tem rozwartym do 135\u00b0\" \/><figcaption class=\"elementor-image-carousel-caption\">Zaokr\u0105glanie pod k\u0105tem rozwartym do 135\u00b0<\/figcaption><\/figure><\/div><div class=\"swiper-slide\" role=\"group\" aria-roledescription=\"slide\" aria-label=\"4 z 8\"><figure class=\"swiper-slide-inner\"><img decoding=\"async\" class=\"swiper-slide-image\" src=\"https:\/\/c-hessler.de\/wp-content\/uploads\/2015\/04\/P1010042.jpg\" alt=\"Zaokr\u0105glanie k\u0105t\u00f3w ostrych do 45\u00b0\" \/><figcaption class=\"elementor-image-carousel-caption\">Zaokr\u0105glanie k\u0105t\u00f3w ostrych do 45\u00b0<\/figcaption><\/figure><\/div><div class=\"swiper-slide\" role=\"group\" aria-roledescription=\"slide\" aria-label=\"5 z 8\"><figure class=\"swiper-slide-inner\"><img decoding=\"async\" class=\"swiper-slide-image\" src=\"https:\/\/c-hessler.de\/wp-content\/uploads\/2015\/04\/P1010054.jpg\" alt=\"Obr\u00f3bka pod k\u0105tem 90\u00b0 od do\u0142u, np. do usuwania resztek naro\u017cnik\u00f3w pod k\u0105tem rozwartym i ostrym.\" \/><figcaption class=\"elementor-image-carousel-caption\">Obr\u00f3bka pod k\u0105tem 90\u00b0 od do\u0142u, np. do usuwania resztek naro\u017cnik\u00f3w pod k\u0105tem rozwartym i ostrym.<\/figcaption><\/figure><\/div><div class=\"swiper-slide\" role=\"group\" aria-roledescription=\"slide\" aria-label=\"6 z 8\"><figure class=\"swiper-slide-inner\"><img decoding=\"async\" class=\"swiper-slide-image\" src=\"https:\/\/c-hessler.de\/wp-content\/uploads\/2015\/04\/P1010071.jpg\" alt=\"Obr\u00f3bka 135\u00b0 z urz\u0105dzeniem prowadz\u0105cym\" \/><figcaption class=\"elementor-image-carousel-caption\">Obr\u00f3bka 135\u00b0 z urz\u0105dzeniem prowadz\u0105cym<\/figcaption><\/figure><\/div><div class=\"swiper-slide\" role=\"group\" aria-roledescription=\"slide\" aria-label=\"7 z 8\"><figure class=\"swiper-slide-inner\"><img decoding=\"async\" class=\"swiper-slide-image\" src=\"https:\/\/c-hessler.de\/wp-content\/uploads\/2015\/04\/P1010070.jpg\" alt=\"Umieszczenie ma\u0142ego przedmiotu obrabianego na urz\u0105dzeniu prowadz\u0105cym maszyny stacjonarnej\" \/><figcaption class=\"elementor-image-carousel-caption\">Umieszczenie ma\u0142ego przedmiotu obrabianego na urz\u0105dzeniu prowadz\u0105cym maszyny stacjonarnej<\/figcaption><\/figure><\/div><div class=\"swiper-slide\" role=\"group\" aria-roledescription=\"slide\" aria-label=\"8 z 8\"><figure class=\"swiper-slide-inner\"><img decoding=\"async\" class=\"swiper-slide-image\" src=\"https:\/\/c-hessler.de\/wp-content\/uploads\/2015\/04\/P1010051.jpg\" alt=\"Wzd\u0142u\u017cna obr\u00f3bka kraw\u0119dzi, na przyk\u0142ad 90\u00b0\" \/><figcaption class=\"elementor-image-carousel-caption\">Wzd\u0142u\u017cna obr\u00f3bka kraw\u0119dzi, na przyk\u0142ad 90\u00b0<\/figcaption><\/figure><\/div>\t\t\t<\/div>\n\t\t\t\t\t\t\t\t\t\t\t\t<div class=\"elementor-swiper-button elementor-swiper-button-prev\" role=\"button\" tabindex=\"0\">\n\t\t\t\t\t\t<svg aria-hidden=\"true\" class=\"e-font-icon-svg e-eicon-chevron-left\" viewbox=\"0 0 1000 1000\" xmlns=\"http:\/\/www.w3.org\/2000\/svg\"><path d=\"M646 125C629 125 613 133 604 142L308 442C296 454 292 471 292 487 292 504 296 521 308 533L604 854C617 867 629 875 646 875 663 875 679 871 692 858 704 846 713 829 713 812 713 796 708 779 692 767L438 487 692 225C700 217 708 204 708 187 708 171 704 154 692 142 675 129 663 125 646 125Z\"><\/path><\/svg>\t\t\t\t\t<\/div>\n\t\t\t\t\t<div class=\"elementor-swiper-button elementor-swiper-button-next\" role=\"button\" tabindex=\"0\">\n\t\t\t\t\t\t<svg aria-hidden=\"true\" class=\"e-font-icon-svg e-eicon-chevron-right\" viewbox=\"0 0 1000 1000\" xmlns=\"http:\/\/www.w3.org\/2000\/svg\"><path d=\"M696 533C708 521 713 504 713 487 713 471 708 454 696 446L400 146C388 133 375 125 354 125 338 125 325 129 313 142 300 154 292 171 292 187 292 204 296 221 308 233L563 492 304 771C292 783 288 800 288 817 288 833 296 850 308 863 321 871 338 875 354 875 371 875 388 867 400 854L696 533Z\"><\/path><\/svg>\t\t\t\t\t<\/div>\n\t\t\t\t\n\t\t\t\t\t\t\t\t\t<div class=\"swiper-pagination\"><\/div>\n\t\t\t\t\t\t\t\t\t<\/div>\n\t\t\t\t\t\t<\/div>\n\t\t\t\t\t<\/div>\n\t\t\t\t<\/div>\n\t\t\t\t<\/div>","protected":false},"excerpt":{"rendered":"<p>Mobiler Eckenrunder MZ 01 135V Technologiestudie: Der Vater aller Eckenformer Mit diesem Eckenrunder fing die Entwicklung der mobilen Kantenfr\u00e4sen mit F\u00fchrung an. F\u00fcr die Eckenbearbeitung von gro\u00dfen Platten Komplette Formbearbeitung: Kantenende abtrennen, kappen und runden 2 Arbeitsbereiche f\u00fcr schnelles Arbeiten: 90\u00b0 fix, 45\u00b0-135\u00b0 variabel Gebremstes Anlauflager f\u00fcr 90\u00b0-Bereich Stabile Ausf\u00fchrung mit gro\u00dfen Handgriffen Optional mit [&hellip;]<\/p>\n","protected":false},"author":5,"featured_media":0,"parent":0,"menu_order":0,"comment_status":"closed","ping_status":"closed","template":"","meta":{"footnotes":""},"class_list":["post-9072","page","type-page","status-publish","hentry"],"yoast_head":"<!-- This site is optimized with the Yoast SEO Premium plugin v27.0 (Yoast SEO v27.3) - https:\/\/yoast.com\/product\/yoast-seo-premium-wordpress\/ -->\n<title>Mobiler Eckenrunder: Vater aller Eckenformer<\/title>\n<meta name=\"description\" content=\"Diese Kantenfr\u00e4se erm\u00f6glicht die komplette Formbearbeitung: Kantenende abtrennen, kappen und runden. F\u00fcr die Eckenbearbeitung von gro\u00dfen Platten. F\u00fcr kleine Werkst\u00fccke (Eckregalboden) als Standger\u00e4t nutzbar.\" \/>\n<meta name=\"robots\" content=\"index, follow, max-snippet:-1, max-image-preview:large, max-video-preview:-1\" \/>\n<link rel=\"canonical\" href=\"https:\/\/c-hessler.de\/pl\/naroznik-mz-01-135v\/\" \/>\n<meta property=\"og:locale\" content=\"pl_PL\" \/>\n<meta property=\"og:type\" content=\"article\" \/>\n<meta property=\"og:title\" content=\"Eckenrunder MZ 01 135V\" \/>\n<meta property=\"og:description\" content=\"Diese Kantenfr\u00e4se erm\u00f6glicht die komplette Formbearbeitung: Kantenende abtrennen, kappen und runden. F\u00fcr die Eckenbearbeitung von gro\u00dfen Platten. F\u00fcr kleine Werkst\u00fccke (Eckregalboden) als Standger\u00e4t nutzbar.\" \/>\n<meta property=\"og:url\" content=\"https:\/\/c-hessler.de\/pl\/naroznik-mz-01-135v\/\" \/>\n<meta property=\"og:site_name\" content=\"Dr. Christoph He\u00dfler Maschinensysteme\" \/>\n<meta property=\"article:publisher\" content=\"https:\/\/www.facebook.com\/DrChristophHesslerMaschinensysteme\/\" \/>\n<meta property=\"article:modified_time\" content=\"2025-12-11T17:14:58+00:00\" \/>\n<meta property=\"og:image\" content=\"https:\/\/c-hessler.de\/wp-content\/uploads\/2017\/12\/P1010051-573x265.jpg\" \/>\n\t<meta property=\"og:image:width\" content=\"573\" \/>\n\t<meta property=\"og:image:height\" content=\"265\" \/>\n\t<meta property=\"og:image:type\" content=\"image\/jpeg\" \/>\n<meta name=\"twitter:label1\" content=\"Szacowany czas czytania\" \/>\n\t<meta name=\"twitter:data1\" content=\"3 minuty\" \/>\n<script type=\"application\/ld+json\" class=\"yoast-schema-graph\">{\"@context\":\"https:\\\/\\\/schema.org\",\"@graph\":[{\"@type\":\"WebPage\",\"@id\":\"https:\\\/\\\/c-hessler.de\\\/eckenformer-mz-01-135v\\\/\",\"url\":\"https:\\\/\\\/c-hessler.de\\\/eckenformer-mz-01-135v\\\/\",\"name\":\"Mobiler Eckenrunder: Vater aller Eckenformer\",\"isPartOf\":{\"@id\":\"https:\\\/\\\/c-hessler.de\\\/#website\"},\"primaryImageOfPage\":{\"@id\":\"https:\\\/\\\/c-hessler.de\\\/eckenformer-mz-01-135v\\\/#primaryimage\"},\"image\":{\"@id\":\"https:\\\/\\\/c-hessler.de\\\/eckenformer-mz-01-135v\\\/#primaryimage\"},\"thumbnailUrl\":\"https:\\\/\\\/c-hessler.de\\\/wp-content\\\/uploads\\\/2017\\\/12\\\/P1010051-573x265.jpg\",\"datePublished\":\"2015-04-27T09:11:46+00:00\",\"dateModified\":\"2025-12-11T17:14:58+00:00\",\"description\":\"Diese Kantenfr\u00e4se erm\u00f6glicht die komplette Formbearbeitung: Kantenende abtrennen, kappen und runden. F\u00fcr die Eckenbearbeitung von gro\u00dfen Platten. F\u00fcr kleine Werkst\u00fccke (Eckregalboden) als Standger\u00e4t nutzbar.\",\"inLanguage\":\"pl-PL\",\"potentialAction\":[{\"@type\":\"ReadAction\",\"target\":[\"https:\\\/\\\/c-hessler.de\\\/eckenformer-mz-01-135v\\\/\"]}]},{\"@type\":\"ImageObject\",\"inLanguage\":\"pl-PL\",\"@id\":\"https:\\\/\\\/c-hessler.de\\\/eckenformer-mz-01-135v\\\/#primaryimage\",\"url\":\"https:\\\/\\\/c-hessler.de\\\/wp-content\\\/uploads\\\/2017\\\/12\\\/P1010051-573x265.jpg\",\"contentUrl\":\"https:\\\/\\\/c-hessler.de\\\/wp-content\\\/uploads\\\/2017\\\/12\\\/P1010051-573x265.jpg\"},{\"@type\":\"WebSite\",\"@id\":\"https:\\\/\\\/c-hessler.de\\\/#website\",\"url\":\"https:\\\/\\\/c-hessler.de\\\/\",\"name\":\"www.c-hessler.de\",\"description\":\"\",\"publisher\":{\"@id\":\"https:\\\/\\\/c-hessler.de\\\/#organization\"},\"potentialAction\":[{\"@type\":\"SearchAction\",\"target\":{\"@type\":\"EntryPoint\",\"urlTemplate\":\"https:\\\/\\\/c-hessler.de\\\/?s={search_term_string}\"},\"query-input\":{\"@type\":\"PropertyValueSpecification\",\"valueRequired\":true,\"valueName\":\"search_term_string\"}}],\"inLanguage\":\"pl-PL\"},{\"@type\":\"Organization\",\"@id\":\"https:\\\/\\\/c-hessler.de\\\/#organization\",\"name\":\"Dr. Christoph He\u00dfler Maschinensysteme\",\"alternateName\":\"Dr. Christoph He\u00dfler Maschinensysteme\",\"url\":\"https:\\\/\\\/c-hessler.de\\\/\",\"logo\":{\"@type\":\"ImageObject\",\"inLanguage\":\"pl-PL\",\"@id\":\"https:\\\/\\\/c-hessler.de\\\/#\\\/schema\\\/logo\\\/image\\\/\",\"url\":\"https:\\\/\\\/c-hessler.de\\\/wp-content\\\/uploads\\\/2026\\\/02\\\/Draw-03-150312-110115-Ausgeschnitten-I.jpg\",\"contentUrl\":\"https:\\\/\\\/c-hessler.de\\\/wp-content\\\/uploads\\\/2026\\\/02\\\/Draw-03-150312-110115-Ausgeschnitten-I.jpg\",\"width\":445,\"height\":394,\"caption\":\"Dr. Christoph He\u00dfler Maschinensysteme\"},\"image\":{\"@id\":\"https:\\\/\\\/c-hessler.de\\\/#\\\/schema\\\/logo\\\/image\\\/\"},\"sameAs\":[\"https:\\\/\\\/www.facebook.com\\\/DrChristophHesslerMaschinensysteme\\\/\",\"https:\\\/\\\/www.pinterest.de\\\/hesstools\\\/\",\"https:\\\/\\\/www.youtube.com\\\/channel\\\/UCaNnXDGGF_BiYFQZ2kJgi-A?view_as=subscriber\"],\"description\":\"1. Ecken- und Kantenfr\u00e4sen f\u00fcr Tischler und Schreiner, Sonderanfertigungen 2. Auch f\u00fcr die Nachbearbeitung von Eck-Schwei\u00dfn\u00e4hten bei Aluminium-Werkstoffen, f\u00fcr Fahrzeugbauer oder Metallbauer aller Art\",\"email\":\"christoph.hessler@c-hessler.de\",\"telephone\":\"0527413012080\",\"legalName\":\"Dr. Christoph He\u00dfler Maschinensysteme\",\"foundingDate\":\"2003-06-05\",\"vatID\":\"DE230070107\",\"numberOfEmployees\":{\"@type\":\"QuantitativeValue\",\"minValue\":\"1\",\"maxValue\":\"10\"}}]}<\/script>\n<!-- \/ Yoast SEO Premium plugin. -->","yoast_head_json":{"title":"Mobilna zaokr\u0105glarka naro\u017cnik\u00f3w: ojciec wszystkich zaokr\u0105glarek naro\u017cnik\u00f3w","description":"Ta frezarka kraw\u0119dziowa umo\u017cliwia kompletne formowanie: odcinanie ko\u0144ca kraw\u0119dzi, przycinanie i zaokr\u0105glanie. Do obr\u00f3bki naro\u017cnik\u00f3w du\u017cych paneli. Mo\u017ce by\u0107 u\u017cywana jako samodzielne urz\u0105dzenie do obr\u00f3bki ma\u0142ych element\u00f3w (p\u00f3\u0142ka naro\u017cna).","robots":{"index":"index","follow":"follow","max-snippet":"max-snippet:-1","max-image-preview":"max-image-preview:large","max-video-preview":"max-video-preview:-1"},"canonical":"https:\/\/c-hessler.de\/pl\/naroznik-mz-01-135v\/","og_locale":"pl_PL","og_type":"article","og_title":"Eckenrunder MZ 01 135V","og_description":"Diese Kantenfr\u00e4se erm\u00f6glicht die komplette Formbearbeitung: Kantenende abtrennen, kappen und runden. F\u00fcr die Eckenbearbeitung von gro\u00dfen Platten. F\u00fcr kleine Werkst\u00fccke (Eckregalboden) als Standger\u00e4t nutzbar.","og_url":"https:\/\/c-hessler.de\/pl\/naroznik-mz-01-135v\/","og_site_name":"Dr. Christoph He\u00dfler Maschinensysteme","article_publisher":"https:\/\/www.facebook.com\/DrChristophHesslerMaschinensysteme\/","article_modified_time":"2025-12-11T17:14:58+00:00","og_image":[{"width":573,"height":265,"url":"https:\/\/c-hessler.de\/wp-content\/uploads\/2017\/12\/P1010051-573x265.jpg","type":"image\/jpeg"}],"twitter_misc":{"Szacowany czas czytania":"3 minuty"},"schema":{"@context":"https:\/\/schema.org","@graph":[{"@type":"WebPage","@id":"https:\/\/c-hessler.de\/eckenformer-mz-01-135v\/","url":"https:\/\/c-hessler.de\/eckenformer-mz-01-135v\/","name":"Mobilna zaokr\u0105glarka naro\u017cnik\u00f3w: ojciec wszystkich zaokr\u0105glarek naro\u017cnik\u00f3w","isPartOf":{"@id":"https:\/\/c-hessler.de\/#website"},"primaryImageOfPage":{"@id":"https:\/\/c-hessler.de\/eckenformer-mz-01-135v\/#primaryimage"},"image":{"@id":"https:\/\/c-hessler.de\/eckenformer-mz-01-135v\/#primaryimage"},"thumbnailUrl":"https:\/\/c-hessler.de\/wp-content\/uploads\/2017\/12\/P1010051-573x265.jpg","datePublished":"2015-04-27T09:11:46+00:00","dateModified":"2025-12-11T17:14:58+00:00","description":"Ta frezarka kraw\u0119dziowa umo\u017cliwia kompletne formowanie: odcinanie ko\u0144ca kraw\u0119dzi, przycinanie i zaokr\u0105glanie. Do obr\u00f3bki naro\u017cnik\u00f3w du\u017cych paneli. Mo\u017ce by\u0107 u\u017cywana jako samodzielne urz\u0105dzenie do obr\u00f3bki ma\u0142ych element\u00f3w (p\u00f3\u0142ka naro\u017cna).","inLanguage":"pl-PL","potentialAction":[{"@type":"ReadAction","target":["https:\/\/c-hessler.de\/eckenformer-mz-01-135v\/"]}]},{"@type":"ImageObject","inLanguage":"pl-PL","@id":"https:\/\/c-hessler.de\/eckenformer-mz-01-135v\/#primaryimage","url":"https:\/\/c-hessler.de\/wp-content\/uploads\/2017\/12\/P1010051-573x265.jpg","contentUrl":"https:\/\/c-hessler.de\/wp-content\/uploads\/2017\/12\/P1010051-573x265.jpg"},{"@type":"WebSite","@id":"https:\/\/c-hessler.de\/#website","url":"https:\/\/c-hessler.de\/","name":"www.c-hessler.de","description":"","publisher":{"@id":"https:\/\/c-hessler.de\/#organization"},"potentialAction":[{"@type":"SearchAction","target":{"@type":"EntryPoint","urlTemplate":"https:\/\/c-hessler.de\/?s={search_term_string}"},"query-input":{"@type":"PropertyValueSpecification","valueRequired":true,"valueName":"search_term_string"}}],"inLanguage":"pl-PL"},{"@type":"Organization","@id":"https:\/\/c-hessler.de\/#organization","name":"Dr Christoph He\u00dfler Machine Systems","alternateName":"Dr. Christoph He\u00dfler Maschinensysteme","url":"https:\/\/c-hessler.de\/","logo":{"@type":"ImageObject","inLanguage":"pl-PL","@id":"https:\/\/c-hessler.de\/#\/schema\/logo\/image\/","url":"https:\/\/c-hessler.de\/wp-content\/uploads\/2026\/02\/Draw-03-150312-110115-Ausgeschnitten-I.jpg","contentUrl":"https:\/\/c-hessler.de\/wp-content\/uploads\/2026\/02\/Draw-03-150312-110115-Ausgeschnitten-I.jpg","width":445,"height":394,"caption":"Dr. Christoph He\u00dfler Maschinensysteme"},"image":{"@id":"https:\/\/c-hessler.de\/#\/schema\/logo\/image\/"},"sameAs":["https:\/\/www.facebook.com\/DrChristophHesslerMaschinensysteme\/","https:\/\/www.pinterest.de\/hesstools\/","https:\/\/www.youtube.com\/channel\/UCaNnXDGGF_BiYFQZ2kJgi-A?view_as=subscriber"],"description":"1. Ecken- und Kantenfr\u00e4sen f\u00fcr Tischler und Schreiner, Sonderanfertigungen 2. Auch f\u00fcr die Nachbearbeitung von Eck-Schwei\u00dfn\u00e4hten bei Aluminium-Werkstoffen, f\u00fcr Fahrzeugbauer oder Metallbauer aller Art","email":"christoph.hessler@c-hessler.de","telephone":"0527413012080","legalName":"Dr. Christoph He\u00dfler Maschinensysteme","foundingDate":"2003-06-05","vatID":"DE230070107","numberOfEmployees":{"@type":"QuantitativeValue","minValue":"1","maxValue":"10"}}]}},"_hostinger_reach_plugin_has_subscription_block":false,"_hostinger_reach_plugin_is_elementor":false,"_links":{"self":[{"href":"https:\/\/c-hessler.de\/pl\/wp-json\/wp\/v2\/pages\/9072","targetHints":{"allow":["GET"]}}],"collection":[{"href":"https:\/\/c-hessler.de\/pl\/wp-json\/wp\/v2\/pages"}],"about":[{"href":"https:\/\/c-hessler.de\/pl\/wp-json\/wp\/v2\/types\/page"}],"author":[{"embeddable":true,"href":"https:\/\/c-hessler.de\/pl\/wp-json\/wp\/v2\/users\/5"}],"replies":[{"embeddable":true,"href":"https:\/\/c-hessler.de\/pl\/wp-json\/wp\/v2\/comments?post=9072"}],"version-history":[{"count":3,"href":"https:\/\/c-hessler.de\/pl\/wp-json\/wp\/v2\/pages\/9072\/revisions"}],"predecessor-version":[{"id":208228,"href":"https:\/\/c-hessler.de\/pl\/wp-json\/wp\/v2\/pages\/9072\/revisions\/208228"}],"wp:attachment":[{"href":"https:\/\/c-hessler.de\/pl\/wp-json\/wp\/v2\/media?parent=9072"}],"curies":[{"name":"wp","href":"https:\/\/api.w.org\/{rel}","templated":true}]}}