{"id":9481,"date":"2015-04-29T15:46:55","date_gmt":"2015-04-29T13:46:55","guid":{"rendered":"http:\/\/\/?page_id=9481"},"modified":"2025-12-09T12:45:47","modified_gmt":"2025-12-09T11:45:47","slug":"stolarstwo-w-centrum-rekreacyjnym-tannenhoehe-villingen","status":"publish","type":"page","link":"https:\/\/c-hessler.de\/pl\/referenzen\/hausschreinerei-im-freizeitheim-tannenhoehe-villingen\/","title":{"rendered":"Stolarka domowa w centrum rekreacyjnym Tannenh\u00f6he, Villingen"},"content":{"rendered":"<p>[vc_row][vc_column width=&#8220;1\/1&#8243;][ww-shortcode-gap height=&#8220;30&#8243;][\/vc_column][\/vc_row][vc_row full_width=&#8220;&#8220; type=&#8220;ww-custom&#8220; bg_position=&#8220;bottom&#8220; bg_repeat=&#8220;no-repeat&#8220; same_height=&#8220;&#8220; padding_top=&#8220;10&#8243; padding_bottom=&#8220;10&#8243; margin_top=&#8220;0&#8243; margin_bottom_row=&#8220;0&#8243; enable_parallax=&#8220;&#8220; parallax_speed=&#8220;0.1&#8243;][vc_column width=&#8220;3\/4&#8243;][vc_column_text]<\/p>\n<h4>Hausschreinerei im Freizeitheim Tannenh\u00f6he, Villingen<\/h4>\n<p><span style=\"line-height: 1.5;\">Diakonissenmutterhaus Aidlingen<br \/>\nDarmsheimer Steige 1<br \/>\n71134 Aidlingen<\/span><\/p>\n<p>Tel.:\u00a007034.648-0<br \/>\nFax 07034.648-111<\/p>\n<p>Mail:\u00a0info@dmh-aidlingen.de<\/p>\n<p><span style=\"line-height: 1.5;\">Website:\u00a0<a href=\"http:\/\/www.diakonissenmutterhaus-aidlingen.de\/cms\/\">www.diakonissenmutterhaus-aidlingen.de<\/a><\/span>[\/vc_column_text][ww-shortcode-gap height=&#8220;40&#8243;][ww-shortcode-button icon_position=&#8220;left&#8220; colour=&#8220;preset&#8220; type=&#8220;standard&#8220; size=&#8220;large&#8220; target=&#8220;_self&#8220; animate_type=&#8220;none&#8220; icon=&#8220;fa fa-user&#8220; label=&#8220;PERS\u00d6NLICHE BERATUNG&#8220; link=&#8220;https:\/\/c-hessler.de\/anfrage-formular&#8220;][ww-shortcode-gap height=&#8220;30&#8243;][\/vc_column][vc_column width=&#8220;1\/4&#8243; column_align=&#8220;right&#8220;][vc_single_image image=&#8220;9254&#8243; img_link_target=&#8220;_self&#8220; img_border=&#8220;none-border&#8220; img_size=&#8220;573\u00d7265&#8243; el_class=&#8220;bg-title&#8220; border_color=&#8220;grey&#8220; img_link_large=&#8220;&#8220; alignment=&#8220;center&#8220;][ww-shortcode-gap height=&#8220;50&#8243;][\/vc_column][\/vc_row][vc_row][vc_column width=&#8220;1\/1&#8243;][vc_column_text]<a href=\"https:\/\/c-hessler.de\/anfrage-formular\">Anrufen und Beraten | Kostenfrei testen | Direkt bestellen | Weitergeben und Teilen | Skypekontakt | Livevorf\u00fchrung aus Ausstellungsraum<\/a>[\/vc_column_text][\/vc_column][\/vc_row][vc_row full_width=&#8220;&#8220; bg_position=&#8220;top&#8220; bg_repeat=&#8220;no-repeat&#8220; same_height=&#8220;&#8220; padding_top=&#8220;30&#8243; padding_bottom=&#8220;10&#8243; margin_top=&#8220;0&#8243; margin_bottom_row=&#8220;0&#8243; enable_parallax=&#8220;&#8220; parallax_speed=&#8220;0.1&#8243;][vc_column width=&#8220;1\/1&#8243;][ww-shortcode-divider style=&#8220;thin&#8220;][\/vc_column][\/vc_row][vc_row][vc_column width=&#8220;1\/1&#8243;][ww-shortcode-gap height=&#8220;10&#8243;][ww-shortcode-carousel-testimonial rows=&#8220;1&#8243; style=&#8220;style2&#8243; auto_scroll=&#8220;1&#8243; show_nav=&#8220;&#8220; show_paging=&#8220;1&#8243; show_title=&#8220;1&#8243; show_category=&#8220;1&#8243; show_description=&#8220;1&#8243; posts_per_page=&#8220;12&#8243; orderby=&#8220;none&#8220; order=&#8220;none&#8220; title=&#8220;Kundenstimmen&#8220; excerpt_length=&#8220;-1&#8243; width_item=&#8220;800&#8243;][ww-shortcode-gap height=&#8220;10&#8243;][\/vc_column][\/vc_row]<\/p>\n","protected":false},"excerpt":{"rendered":"<p>[vc_row][vc_column width=&#8220;1\/1&#8243;][ww-shortcode-gap height=&#8220;30&#8243;][\/vc_column][\/vc_row][vc_row full_width=&#8220;&#8220; type=&#8220;ww-custom&#8220; bg_position=&#8220;bottom&#8220; bg_repeat=&#8220;no-repeat&#8220; same_height=&#8220;&#8220; padding_top=&#8220;10&#8243; padding_bottom=&#8220;10&#8243; margin_top=&#8220;0&#8243; margin_bottom_row=&#8220;0&#8243; enable_parallax=&#8220;&#8220; parallax_speed=&#8220;0.1&#8243;][vc_column width=&#8220;3\/4&#8243;][vc_column_text] Hausschreinerei im Freizeitheim Tannenh\u00f6he, Villingen Diakonissenmutterhaus Aidlingen Darmsheimer Steige 1 71134 Aidlingen Tel.:\u00a007034.648-0 Fax 07034.648-111 Mail:\u00a0info@dmh-aidlingen.de Website:\u00a0www.diakonissenmutterhaus-aidlingen.de[\/vc_column_text][ww-shortcode-gap height=&#8220;40&#8243;][ww-shortcode-button icon_position=&#8220;left&#8220; colour=&#8220;preset&#8220; type=&#8220;standard&#8220; size=&#8220;large&#8220; target=&#8220;_self&#8220; animate_type=&#8220;none&#8220; icon=&#8220;fa fa-user&#8220; label=&#8220;PERS\u00d6NLICHE BERATUNG&#8220; link=&#8220;https:\/\/c-hessler.de\/anfrage-formular&#8220;][ww-shortcode-gap height=&#8220;30&#8243;][\/vc_column][vc_column width=&#8220;1\/4&#8243; column_align=&#8220;right&#8220;][vc_single_image image=&#8220;9254&#8243; img_link_target=&#8220;_self&#8220; img_border=&#8220;none-border&#8220; img_size=&#8220;573\u00d7265&#8243; el_class=&#8220;bg-title&#8220; border_color=&#8220;grey&#8220; img_link_large=&#8220;&#8220; alignment=&#8220;center&#8220;][ww-shortcode-gap [&hellip;]<\/p>\n","protected":false},"author":5,"featured_media":0,"parent":9218,"menu_order":0,"comment_status":"closed","ping_status":"closed","template":"","meta":{"footnotes":""},"class_list":["post-9481","page","type-page","status-publish","hentry"],"yoast_head":"<!-- This site is optimized with the Yoast SEO Premium plugin v27.0 (Yoast SEO v27.3) - https:\/\/yoast.com\/product\/yoast-seo-premium-wordpress\/ -->\n<title>Kantenfr\u00e4se Universal f\u00fcr Kantennachberabeitung<\/title>\n<meta name=\"robots\" content=\"index, follow, max-snippet:-1, max-image-preview:large, max-video-preview:-1\" \/>\n<link rel=\"canonical\" href=\"https:\/\/c-hessler.de\/pl\/referencje\/stolarstwo-w-centrum-rekreacyjnym-tannenhoehe-villingen\/\" \/>\n<meta property=\"og:locale\" content=\"pl_PL\" \/>\n<meta property=\"og:type\" content=\"article\" \/>\n<meta property=\"og:title\" content=\"Hausschreinerei im Freizeitheim Tannenh\u00f6he, Villingen\" \/>\n<meta property=\"og:description\" content=\"[vc_row][vc_column width=&#8220;1\/1&#8243;][ww-shortcode-gap height=&#8220;30&#8243;][\/vc_column][\/vc_row][vc_row full_width=&#8220;&#8220; type=&#8220;ww-custom&#8220; bg_position=&#8220;bottom&#8220; bg_repeat=&#8220;no-repeat&#8220; same_height=&#8220;&#8220; padding_top=&#8220;10&#8243; padding_bottom=&#8220;10&#8243; margin_top=&#8220;0&#8243; margin_bottom_row=&#8220;0&#8243; enable_parallax=&#8220;&#8220; parallax_speed=&#8220;0.1&#8243;][vc_column width=&#8220;3\/4&#8243;][vc_column_text] Hausschreinerei im Freizeitheim Tannenh\u00f6he, Villingen Diakonissenmutterhaus Aidlingen Darmsheimer Steige 1 71134 Aidlingen Tel.:\u00a007034.648-0 Fax 07034.648-111 Mail:\u00a0info@dmh-aidlingen.de Website:\u00a0www.diakonissenmutterhaus-aidlingen.de[\/vc_column_text][ww-shortcode-gap height=&#8220;40&#8243;][ww-shortcode-button icon_position=&#8220;left&#8220; colour=&#8220;preset&#8220; type=&#8220;standard&#8220; size=&#8220;large&#8220; target=&#8220;_self&#8220; animate_type=&#8220;none&#8220; icon=&#8220;fa fa-user&#8220; label=&#8220;PERS\u00d6NLICHE BERATUNG&#8220; link=&#8220;https:\/\/c-hessler.de\/anfrage-formular&#8220;][ww-shortcode-gap height=&#8220;30&#8243;][\/vc_column][vc_column width=&#8220;1\/4&#8243; column_align=&#8220;right&#8220;][vc_single_image image=&#8220;9254&#8243; img_link_target=&#8220;_self&#8220; img_border=&#8220;none-border&#8220; img_size=&#8220;573\u00d7265&#8243; el_class=&#8220;bg-title&#8220; border_color=&#8220;grey&#8220; img_link_large=&#8220;&#8220; alignment=&#8220;center&#8220;][ww-shortcode-gap [&hellip;]\" \/>\n<meta property=\"og:url\" content=\"https:\/\/c-hessler.de\/pl\/referencje\/stolarstwo-w-centrum-rekreacyjnym-tannenhoehe-villingen\/\" \/>\n<meta property=\"og:site_name\" content=\"Dr. Christoph He\u00dfler Maschinensysteme\" \/>\n<meta property=\"article:publisher\" content=\"https:\/\/www.facebook.com\/DrChristophHesslerMaschinensysteme\/\" \/>\n<meta property=\"article:modified_time\" content=\"2025-12-09T11:45:47+00:00\" \/>\n<meta name=\"twitter:label1\" content=\"Szacowany czas czytania\" \/>\n\t<meta name=\"twitter:data1\" content=\"1 minuta\" \/>\n<script type=\"application\/ld+json\" class=\"yoast-schema-graph\">{\"@context\":\"https:\\\/\\\/schema.org\",\"@graph\":[{\"@type\":\"WebPage\",\"@id\":\"https:\\\/\\\/c-hessler.de\\\/referenzen\\\/hausschreinerei-im-freizeitheim-tannenhoehe-villingen\\\/\",\"url\":\"https:\\\/\\\/c-hessler.de\\\/referenzen\\\/hausschreinerei-im-freizeitheim-tannenhoehe-villingen\\\/\",\"name\":\"Kantenfr\u00e4se Universal f\u00fcr Kantennachberabeitung\",\"isPartOf\":{\"@id\":\"https:\\\/\\\/c-hessler.de\\\/#website\"},\"datePublished\":\"2015-04-29T13:46:55+00:00\",\"dateModified\":\"2025-12-09T11:45:47+00:00\",\"breadcrumb\":{\"@id\":\"https:\\\/\\\/c-hessler.de\\\/referenzen\\\/hausschreinerei-im-freizeitheim-tannenhoehe-villingen\\\/#breadcrumb\"},\"inLanguage\":\"pl-PL\",\"potentialAction\":[{\"@type\":\"ReadAction\",\"target\":[\"https:\\\/\\\/c-hessler.de\\\/referenzen\\\/hausschreinerei-im-freizeitheim-tannenhoehe-villingen\\\/\"]}]},{\"@type\":\"BreadcrumbList\",\"@id\":\"https:\\\/\\\/c-hessler.de\\\/referenzen\\\/hausschreinerei-im-freizeitheim-tannenhoehe-villingen\\\/#breadcrumb\",\"itemListElement\":[{\"@type\":\"ListItem\",\"position\":1,\"name\":\"Referenzen\",\"item\":\"https:\\\/\\\/c-hessler.de\\\/referenzen\\\/\"},{\"@type\":\"ListItem\",\"position\":2,\"name\":\"Hausschreinerei im Freizeitheim Tannenh\u00f6he, Villingen\"}]},{\"@type\":\"WebSite\",\"@id\":\"https:\\\/\\\/c-hessler.de\\\/#website\",\"url\":\"https:\\\/\\\/c-hessler.de\\\/\",\"name\":\"www.c-hessler.de\",\"description\":\"\",\"publisher\":{\"@id\":\"https:\\\/\\\/c-hessler.de\\\/#organization\"},\"potentialAction\":[{\"@type\":\"SearchAction\",\"target\":{\"@type\":\"EntryPoint\",\"urlTemplate\":\"https:\\\/\\\/c-hessler.de\\\/?s={search_term_string}\"},\"query-input\":{\"@type\":\"PropertyValueSpecification\",\"valueRequired\":true,\"valueName\":\"search_term_string\"}}],\"inLanguage\":\"pl-PL\"},{\"@type\":\"Organization\",\"@id\":\"https:\\\/\\\/c-hessler.de\\\/#organization\",\"name\":\"Dr. Christoph He\u00dfler Maschinensysteme\",\"alternateName\":\"Dr. Christoph He\u00dfler Maschinensysteme\",\"url\":\"https:\\\/\\\/c-hessler.de\\\/\",\"logo\":{\"@type\":\"ImageObject\",\"inLanguage\":\"pl-PL\",\"@id\":\"https:\\\/\\\/c-hessler.de\\\/#\\\/schema\\\/logo\\\/image\\\/\",\"url\":\"https:\\\/\\\/c-hessler.de\\\/wp-content\\\/uploads\\\/2026\\\/02\\\/Draw-03-150312-110115-Ausgeschnitten-I.jpg\",\"contentUrl\":\"https:\\\/\\\/c-hessler.de\\\/wp-content\\\/uploads\\\/2026\\\/02\\\/Draw-03-150312-110115-Ausgeschnitten-I.jpg\",\"width\":445,\"height\":394,\"caption\":\"Dr. Christoph He\u00dfler Maschinensysteme\"},\"image\":{\"@id\":\"https:\\\/\\\/c-hessler.de\\\/#\\\/schema\\\/logo\\\/image\\\/\"},\"sameAs\":[\"https:\\\/\\\/www.facebook.com\\\/DrChristophHesslerMaschinensysteme\\\/\",\"https:\\\/\\\/www.pinterest.de\\\/hesstools\\\/\",\"https:\\\/\\\/www.youtube.com\\\/channel\\\/UCaNnXDGGF_BiYFQZ2kJgi-A?view_as=subscriber\"],\"description\":\"1. Ecken- und Kantenfr\u00e4sen f\u00fcr Tischler und Schreiner, Sonderanfertigungen 2. Auch f\u00fcr die Nachbearbeitung von Eck-Schwei\u00dfn\u00e4hten bei Aluminium-Werkstoffen, f\u00fcr Fahrzeugbauer oder Metallbauer aller Art\",\"email\":\"christoph.hessler@c-hessler.de\",\"telephone\":\"0527413012080\",\"legalName\":\"Dr. Christoph He\u00dfler Maschinensysteme\",\"foundingDate\":\"2003-06-05\",\"vatID\":\"DE230070107\",\"numberOfEmployees\":{\"@type\":\"QuantitativeValue\",\"minValue\":\"1\",\"maxValue\":\"10\"}}]}<\/script>\n<!-- \/ Yoast SEO Premium plugin. -->","yoast_head_json":{"title":"Uniwersalna frezarka kraw\u0119dziowa do obr\u00f3bki kraw\u0119dzi","robots":{"index":"index","follow":"follow","max-snippet":"max-snippet:-1","max-image-preview":"max-image-preview:large","max-video-preview":"max-video-preview:-1"},"canonical":"https:\/\/c-hessler.de\/pl\/referencje\/stolarstwo-w-centrum-rekreacyjnym-tannenhoehe-villingen\/","og_locale":"pl_PL","og_type":"article","og_title":"Hausschreinerei im Freizeitheim Tannenh\u00f6he, Villingen","og_description":"[vc_row][vc_column width=&#8220;1\/1&#8243;][ww-shortcode-gap height=&#8220;30&#8243;][\/vc_column][\/vc_row][vc_row full_width=&#8220;&#8220; type=&#8220;ww-custom&#8220; bg_position=&#8220;bottom&#8220; bg_repeat=&#8220;no-repeat&#8220; same_height=&#8220;&#8220; padding_top=&#8220;10&#8243; padding_bottom=&#8220;10&#8243; margin_top=&#8220;0&#8243; margin_bottom_row=&#8220;0&#8243; enable_parallax=&#8220;&#8220; parallax_speed=&#8220;0.1&#8243;][vc_column width=&#8220;3\/4&#8243;][vc_column_text] Hausschreinerei im Freizeitheim Tannenh\u00f6he, Villingen Diakonissenmutterhaus Aidlingen Darmsheimer Steige 1 71134 Aidlingen Tel.:\u00a007034.648-0 Fax 07034.648-111 Mail:\u00a0info@dmh-aidlingen.de Website:\u00a0www.diakonissenmutterhaus-aidlingen.de[\/vc_column_text][ww-shortcode-gap height=&#8220;40&#8243;][ww-shortcode-button icon_position=&#8220;left&#8220; colour=&#8220;preset&#8220; type=&#8220;standard&#8220; size=&#8220;large&#8220; target=&#8220;_self&#8220; animate_type=&#8220;none&#8220; icon=&#8220;fa fa-user&#8220; label=&#8220;PERS\u00d6NLICHE BERATUNG&#8220; link=&#8220;https:\/\/c-hessler.de\/anfrage-formular&#8220;][ww-shortcode-gap height=&#8220;30&#8243;][\/vc_column][vc_column width=&#8220;1\/4&#8243; column_align=&#8220;right&#8220;][vc_single_image image=&#8220;9254&#8243; img_link_target=&#8220;_self&#8220; img_border=&#8220;none-border&#8220; img_size=&#8220;573\u00d7265&#8243; el_class=&#8220;bg-title&#8220; border_color=&#8220;grey&#8220; img_link_large=&#8220;&#8220; alignment=&#8220;center&#8220;][ww-shortcode-gap [&hellip;]","og_url":"https:\/\/c-hessler.de\/pl\/referencje\/stolarstwo-w-centrum-rekreacyjnym-tannenhoehe-villingen\/","og_site_name":"Dr. Christoph He\u00dfler Maschinensysteme","article_publisher":"https:\/\/www.facebook.com\/DrChristophHesslerMaschinensysteme\/","article_modified_time":"2025-12-09T11:45:47+00:00","twitter_misc":{"Szacowany czas czytania":"1 minuta"},"schema":{"@context":"https:\/\/schema.org","@graph":[{"@type":"WebPage","@id":"https:\/\/c-hessler.de\/referenzen\/hausschreinerei-im-freizeitheim-tannenhoehe-villingen\/","url":"https:\/\/c-hessler.de\/referenzen\/hausschreinerei-im-freizeitheim-tannenhoehe-villingen\/","name":"Uniwersalna frezarka kraw\u0119dziowa do obr\u00f3bki kraw\u0119dzi","isPartOf":{"@id":"https:\/\/c-hessler.de\/#website"},"datePublished":"2015-04-29T13:46:55+00:00","dateModified":"2025-12-09T11:45:47+00:00","breadcrumb":{"@id":"https:\/\/c-hessler.de\/referenzen\/hausschreinerei-im-freizeitheim-tannenhoehe-villingen\/#breadcrumb"},"inLanguage":"pl-PL","potentialAction":[{"@type":"ReadAction","target":["https:\/\/c-hessler.de\/referenzen\/hausschreinerei-im-freizeitheim-tannenhoehe-villingen\/"]}]},{"@type":"BreadcrumbList","@id":"https:\/\/c-hessler.de\/referenzen\/hausschreinerei-im-freizeitheim-tannenhoehe-villingen\/#breadcrumb","itemListElement":[{"@type":"ListItem","position":1,"name":"Referenzen","item":"https:\/\/c-hessler.de\/referenzen\/"},{"@type":"ListItem","position":2,"name":"Hausschreinerei im Freizeitheim Tannenh\u00f6he, Villingen"}]},{"@type":"WebSite","@id":"https:\/\/c-hessler.de\/#website","url":"https:\/\/c-hessler.de\/","name":"www.c-hessler.de","description":"","publisher":{"@id":"https:\/\/c-hessler.de\/#organization"},"potentialAction":[{"@type":"SearchAction","target":{"@type":"EntryPoint","urlTemplate":"https:\/\/c-hessler.de\/?s={search_term_string}"},"query-input":{"@type":"PropertyValueSpecification","valueRequired":true,"valueName":"search_term_string"}}],"inLanguage":"pl-PL"},{"@type":"Organization","@id":"https:\/\/c-hessler.de\/#organization","name":"Dr Christoph He\u00dfler Machine Systems","alternateName":"Dr. Christoph He\u00dfler Maschinensysteme","url":"https:\/\/c-hessler.de\/","logo":{"@type":"ImageObject","inLanguage":"pl-PL","@id":"https:\/\/c-hessler.de\/#\/schema\/logo\/image\/","url":"https:\/\/c-hessler.de\/wp-content\/uploads\/2026\/02\/Draw-03-150312-110115-Ausgeschnitten-I.jpg","contentUrl":"https:\/\/c-hessler.de\/wp-content\/uploads\/2026\/02\/Draw-03-150312-110115-Ausgeschnitten-I.jpg","width":445,"height":394,"caption":"Dr. Christoph He\u00dfler Maschinensysteme"},"image":{"@id":"https:\/\/c-hessler.de\/#\/schema\/logo\/image\/"},"sameAs":["https:\/\/www.facebook.com\/DrChristophHesslerMaschinensysteme\/","https:\/\/www.pinterest.de\/hesstools\/","https:\/\/www.youtube.com\/channel\/UCaNnXDGGF_BiYFQZ2kJgi-A?view_as=subscriber"],"description":"1. Ecken- und Kantenfr\u00e4sen f\u00fcr Tischler und Schreiner, Sonderanfertigungen 2. Auch f\u00fcr die Nachbearbeitung von Eck-Schwei\u00dfn\u00e4hten bei Aluminium-Werkstoffen, f\u00fcr Fahrzeugbauer oder Metallbauer aller Art","email":"christoph.hessler@c-hessler.de","telephone":"0527413012080","legalName":"Dr. Christoph He\u00dfler Maschinensysteme","foundingDate":"2003-06-05","vatID":"DE230070107","numberOfEmployees":{"@type":"QuantitativeValue","minValue":"1","maxValue":"10"}}]}},"_hostinger_reach_plugin_has_subscription_block":false,"_hostinger_reach_plugin_is_elementor":false,"_links":{"self":[{"href":"https:\/\/c-hessler.de\/pl\/wp-json\/wp\/v2\/pages\/9481","targetHints":{"allow":["GET"]}}],"collection":[{"href":"https:\/\/c-hessler.de\/pl\/wp-json\/wp\/v2\/pages"}],"about":[{"href":"https:\/\/c-hessler.de\/pl\/wp-json\/wp\/v2\/types\/page"}],"author":[{"embeddable":true,"href":"https:\/\/c-hessler.de\/pl\/wp-json\/wp\/v2\/users\/5"}],"replies":[{"embeddable":true,"href":"https:\/\/c-hessler.de\/pl\/wp-json\/wp\/v2\/comments?post=9481"}],"version-history":[{"count":0,"href":"https:\/\/c-hessler.de\/pl\/wp-json\/wp\/v2\/pages\/9481\/revisions"}],"up":[{"embeddable":true,"href":"https:\/\/c-hessler.de\/pl\/wp-json\/wp\/v2\/pages\/9218"}],"wp:attachment":[{"href":"https:\/\/c-hessler.de\/pl\/wp-json\/wp\/v2\/media?parent=9481"}],"curies":[{"name":"wp","href":"https:\/\/api.w.org\/{rel}","templated":true}]}}