{"id":9797,"date":"2015-05-09T16:16:40","date_gmt":"2015-05-09T14:16:40","guid":{"rendered":"https:\/\/c-hessler.de\/?page_id=9797"},"modified":"2025-12-17T07:45:50","modified_gmt":"2025-12-17T06:45:50","slug":"agb","status":"publish","type":"page","link":"https:\/\/c-hessler.de\/pl\/agb\/","title":{"rendered":"GTC"},"content":{"rendered":"<div data-elementor-type=\"wp-page\" data-elementor-id=\"9797\" class=\"elementor elementor-9797\" data-elementor-settings=\"{&quot;ha_cmc_init_switcher&quot;:&quot;no&quot;}\" data-elementor-post-type=\"page\">\n\t\t\t\t<div class=\"elementor-element elementor-element-7ea7c975 e-flex e-con-boxed e-con e-parent\" data-id=\"7ea7c975\" data-element_type=\"container\" data-e-type=\"container\" data-settings=\"{&quot;_ha_eqh_enable&quot;:false}\">\n\t\t\t\t\t<div class=\"e-con-inner\">\n\t\t\t\t<div class=\"elementor-element elementor-element-3c11f55c elementor-widget elementor-widget-text-editor\" data-id=\"3c11f55c\" data-element_type=\"widget\" data-e-type=\"widget\" data-widget_type=\"text-editor.default\">\n\t\t\t\t\t\t\t\t\t<h1>Og\u00f3lne warunki handlowe<\/h1><p><a href=\"http:\/\/www.deutscheanwaltshotline.de\/recht-auf-ihrer-website\/agb-generator\"> Utworzono AGB<\/a> za po\u015brednictwem generatora Deutsche Anwaltshotline AG<\/p><h2>Partner umowny<\/h2><p>Na podstawie niniejszych Og\u00f3lnych Warunk\u00f3w Handlowych (OWH) zostaje zawarta umowa pomi\u0119dzy klientem a<br \/>Dr Christoph He\u00dfler Machine Systems<br \/>Reprezentowany przez Christopha He\u00dflera<br \/>Adres: An der Ronceva 5 32312 L\u00fcbbecke<\/p><p>Numer identyfikacji podatkowej: DE230070107,<\/p><p>zwanym dalej dostawc\u0105, umowa zostaje zawarta.<\/p><h2>Przedmiot umowy<\/h2><p>Niniejsza umowa reguluje sprzeda\u017c nowych towar\u00f3w z zakresu maszyn i urz\u0105dze\u0144, g\u0142\u00f3wnie dla bran\u017cy stolarskiej i ciesielskiej, w szczeg\u00f3lno\u015bci do obr\u00f3bki kraw\u0119dzi i naro\u017cnik\u00f3w, za po\u015brednictwem sklepu internetowego dostawcy. Szczeg\u00f3\u0142owe informacje na temat danej oferty mo\u017cna znale\u017a\u0107 w opisie produktu na stronie oferty.<\/p><h2>Zawarcie umowy<\/h2><p>Umowa jest zawierana w elektronicznych transakcjach handlowych za po\u015brednictwem systemu sklepu lub za po\u015brednictwem innych \u015brodk\u00f3w komunikacji na odleg\u0142o\u015b\u0107, takich jak telefon i poczta elektroniczna. Przedstawione oferty stanowi\u0105 niewi\u0105\u017c\u0105ce zaproszenie do z\u0142o\u017cenia oferty za po\u015brednictwem zam\u00f3wienia klienta, kt\u00f3re dostawca mo\u017ce nast\u0119pnie zaakceptowa\u0107.<br \/>Proces zamawiania obejmuje nast\u0119puj\u0105ce kroki w systemie sklepu:<\/p><ul><li>Wyb\u00f3r oferty w \u017c\u0105danej specyfikacji (ilo\u015bci)<\/li><li>Dodawanie oferty do koszyka zakup\u00f3w<\/li><li>Kliknij przycisk \"Zam\u00f3w<\/li><li>Wprowad\u017a adres rozliczeniowy i adres dostawy<\/li><li>Wyb\u00f3r strefy dostawy i metody p\u0142atno\u015bci<\/li><li>Sprawdzanie i przetwarzanie zam\u00f3wienia i wszystkich wpis\u00f3w w spos\u00f3b ci\u0105g\u0142y.<\/li><li>Potwierd\u017a warunki i naci\u015bnij przycisk \"Zam\u00f3w za op\u0142at\u0105\".<\/li><li>Wiadomo\u015b\u0107 e-mail z potwierdzeniem otrzymania zam\u00f3wienia<\/li><\/ul><p>Opr\u00f3cz systemu sklepowego, zam\u00f3wienia mog\u0105 by\u0107 r\u00f3wnie\u017c sk\u0142adane za pomoc\u0105 \u015brodk\u00f3w porozumiewania si\u0119 na odleg\u0142o\u015b\u0107 (telefon\/email), przy czym proces sk\u0142adania zam\u00f3wienia w celu zawarcia umowy obejmuje nast\u0119puj\u0105ce kroki:<\/p><ul><li>Zadzwo\u0144 \/ wy\u015blij e-mail z zam\u00f3wieniem bezpo\u015brednio lub po te\u015bcie<\/li><li>Potwierdzenie zam\u00f3wienia<\/li><\/ul><p>Umowa zostaje zawarta dopiero w momencie wys\u0142ania przez dostawc\u0119 potwierdzenia zam\u00f3wienia. Automatycznie wygenerowane i wys\u0142ane potwierdzenie zam\u00f3wienia nie stanowi prawnie wi\u0105\u017c\u0105cej deklaracji. Umowa zostaje r\u00f3wnie\u017c zawarta w momencie wysy\u0142ki towar\u00f3w lub wykonania us\u0142ugi.<\/p><h2>Czas trwania umowy<\/h2><p>Umowa zosta\u0142a zawarta na czas nieokre\u015blony.<\/p><h2>Zachowanie tytu\u0142u w\u0142asno\u015bci<\/h2><p>Dostarczone towary pozostaj\u0105 w\u0142asno\u015bci\u0105 dostawcy do momentu dokonania pe\u0142nej p\u0142atno\u015bci.<\/p><h2>Rezerwacje<\/h2><p>Dostawca zastrzega sobie prawo do nie\u015bwiadczenia obiecanej us\u0142ugi, je\u015bli nie jest ona dost\u0119pna.<\/p><h2>Ceny, koszty wysy\u0142ki, koszty zwrotu<\/h2><p>Wszystkie ceny s\u0105 cenami netto. Produkty w sklepie s\u0105 r\u00f3wnie\u017c oznaczone cenami netto. Ustawowy podatek VAT jest wy\u015bwietlany podczas przetwarzania zam\u00f3wienia. Ostateczne ceny realizacji zam\u00f3wienia zawieraj\u0105 ustawowy podatek VAT. Opr\u00f3cz cen ko\u0144cowych ponoszone s\u0105 dodatkowe koszty w zale\u017cno\u015bci od metody wysy\u0142ki, kt\u00f3re s\u0105 wy\u015bwietlane przed wys\u0142aniem zam\u00f3wienia. W przypadku skorzystania z prawa do odst\u0105pienia od umowy klient ponosi koszty przesy\u0142ki zwrotnej.<\/p><h2>Warunki p\u0142atno\u015bci<\/h2><p>Klient ma tylko nast\u0119puj\u0105ce mo\u017cliwo\u015bci p\u0142atno\u015bci: przelew bankowy z g\u00f3ry, faktura. Inne metody p\u0142atno\u015bci nie s\u0105 oferowane i zostan\u0105 odrzucone.<\/p><p>Zaliczka: Kwota faktury musi zosta\u0107 przelana z g\u00f3ry na konto wskazane na fakturze, kt\u00f3ra zawiera wszystkie dane do przelewu bankowego i jest wysy\u0142ana poczt\u0105 elektroniczn\u0105.<\/p><p>Faktura: Kwot\u0119 faktury nale\u017cy przela\u0107 na konto wskazane na fakturze, kt\u00f3ra zawiera wszystkie dane do przelewu i jest wysy\u0142ana wraz z dostaw\u0105. Klient jest zobowi\u0105zany do zap\u0142aty lub przelewu podanej kwoty na konto wskazane na fakturze w ci\u0105gu 10 dni od otrzymania faktury. P\u0142atno\u015b\u0107 jest nale\u017cna bez potr\u0105ce\u0144 od daty wystawienia faktury. Je\u015bli termin p\u0142atno\u015bci jest okre\u015blony zgodnie z kalendarzem, klient popada w zw\u0142ok\u0119 z chwil\u0105 przekroczenia terminu p\u0142atno\u015bci. Klientowi nie przys\u0142uguje prawo zatrzymania, kt\u00f3re nie jest oparte na tym samym stosunku umownym. Kompensata z roszczeniami klienta jest wykluczona, chyba \u017ce s\u0105 one bezsporne lub zosta\u0142y prawnie ustalone.<\/p><h2>Warunki dostawy<\/h2><p>Towary zostan\u0105 wys\u0142ane zgodnie z dat\u0105 dostawy podan\u0105 w potwierdzeniu zam\u00f3wienia po potwierdzeniu otrzymania p\u0142atno\u015bci. W dniu dostawy i po potwierdzeniu otrzymania p\u0142atno\u015bci wysy\u0142ka nast\u0119puje \u015brednio nie p\u00f3\u017aniej ni\u017c 3 dni robocze po otrzymaniu p\u0142atno\u015bci. Przedsi\u0119biorca zobowi\u0105zuje si\u0119 do dostawy zgodnie z terminem dostawy podanym w potwierdzeniu zam\u00f3wienia. Je\u015bli dostawca nie wysy\u0142a bezpo\u015brednio, zam\u00f3wienie zostanie wys\u0142ane przez dostawc\u0119 lub producenta, gdy tylko ca\u0142e zam\u00f3wienie b\u0119dzie w magazynie. Je\u015bli dostawca nie ponosi odpowiedzialno\u015bci za trwa\u0142\u0105 przeszkod\u0119 w dostawie, w szczeg\u00f3lno\u015bci si\u0142\u0119 wy\u017csz\u0105 lub niedostarczenie przez w\u0142asnych dostawc\u00f3w, mimo \u017ce odpowiednia transakcja pokrycia zosta\u0142a dokonana w odpowiednim czasie, dostawca ma prawo odst\u0105pi\u0107 od umowy z klientem w tym zakresie. Klient zostanie o tym niezw\u0142ocznie poinformowany, a wszelkie otrzymane \u015bwiadczenia, w szczeg\u00f3lno\u015bci p\u0142atno\u015bci, zostan\u0105 zwr\u00f3cone.<\/p><h2>Gwarancja<\/h2><p>Konsumentom przys\u0142uguje ustawowe prawo do odpowiedzialno\u015bci za wady oferowanych us\u0142ug zgodnie z odpowiednimi przepisami niemieckiego kodeksu cywilnego (BGB). W przypadku odst\u0119pstwa od tego, gwarancja podlega odpowiednim postanowieniom Og\u00f3lnych Warunk\u00f3w Handlowych (OWH). Je\u015bli klient jest przedsi\u0119biorc\u0105, okres gwarancji na nowe towary jest ograniczony do jednego roku dla typowego okresu u\u017cytkowania dla rzemie\u015blnik\u00f3w. Dostawca ma prawo wyboru mi\u0119dzy napraw\u0105 a wymian\u0105 w przypadku p\u00f3\u017aniejszego spe\u0142nienia \u015bwiadczenia, je\u015bli towary s\u0105 nowe, a klient jest przedsi\u0119biorc\u0105. Je\u015bli klient jest przedsi\u0119biorc\u0105, gwarancja jest wy\u0142\u0105czona w przypadku towar\u00f3w u\u017cywanych. Je\u015bli klient jest konsumentem, okres gwarancji na towary u\u017cywane jest ograniczony do jednego roku. Nie dotyczy to roszcze\u0144 odszkodowawczych klienta z tytu\u0142u uszczerbku na \u017cyciu, ciele, zdrowiu lub istotnych zobowi\u0105za\u0144 umownych, kt\u00f3re musz\u0105 by\u0107 koniecznie spe\u0142nione, aby osi\u0105gn\u0105\u0107 cel umowy. Nie dotyczy to r\u00f3wnie\u017c roszcze\u0144 odszkodowawczych wynikaj\u0105cych z ra\u017c\u0105cego zaniedbania lub umy\u015blnego naruszenia obowi\u0105zk\u00f3w przez us\u0142ugodawc\u0119 lub jego przedstawiciela prawnego lub zast\u0119pc\u0119 prawnego. We wszystkich innych kwestiach zastosowanie maj\u0105 przepisy ustawowe.<\/p><h2>Projekt umowy<\/h2><p>Je\u015bli klient jest przedsi\u0119biorc\u0105, ryzyko przypadkowej utraty i\/lub przypadkowego pogorszenia stanu towar\u00f3w przechodzi na klienta w momencie przekazania lub, w przypadku wysy\u0142ki, w momencie dostarczenia towar\u00f3w do wybranego us\u0142ugodawcy. Klient nie ma mo\u017cliwo\u015bci bezpo\u015bredniego dost\u0119pu do tekstu umowy przechowywanego w sklepie. Klient mo\u017ce poprawi\u0107 b\u0142\u0119dy wprowadzone podczas procesu zamawiania. Mo\u017ce to zrobi\u0107 w nast\u0119puj\u0105cy spos\u00f3b: Przycisk Wstecz przegl\u0105darki.<\/p><h2>Prawo do odst\u0105pienia od umowy i obs\u0142uga klienta<\/h2><p><b>Polityka anulowania<\/b><\/p><p>U\u017cytkownik ma prawo do odst\u0105pienia od umowy w ci\u0105gu czternastu dni bez podania przyczyny.<\/p><p>Okres anulowania wynosi czterna\u015bcie dni od daty,<\/p><ul><li style=\"list-style-type: none;\"><ul><li>W przypadku umowy kupna-sprzeda\u017cy: na podstawie kt\u00f3rej u\u017cytkownik lub wskazana przez niego osoba trzecia, kt\u00f3ra nie jest przewo\u017anikiem, wesz\u0142a w posiadanie ostatnich towar\u00f3w.<\/li><li>W przypadku umowy dotycz\u0105cej kilku towar\u00f3w, kt\u00f3re konsument zam\u00f3wi\u0142 w ramach jednego zam\u00f3wienia i kt\u00f3re s\u0105 dostarczane osobno: w kt\u00f3rym Ty lub osoba trzecia wskazana przez Ciebie, kt\u00f3ra nie jest przewo\u017anikiem, wesz\u0142a w posiadanie ostatniego towaru.<\/li><li>W przypadku umowy na dostaw\u0119 towar\u00f3w w kilku przesy\u0142kach cz\u0119\u015bciowych lub sztukach: w kt\u00f3rym u\u017cytkownik lub wskazana przez niego osoba trzecia, kt\u00f3ra nie jest przewo\u017anikiem, wesz\u0142a w posiadanie ostatniej przesy\u0142ki cz\u0119\u015bciowej lub ostatniej sztuki.<\/li><li>W przypadku umowy o regularn\u0105 dostaw\u0119 towar\u00f3w przez okre\u015blony czas: w kt\u00f3rym u\u017cytkownik lub wskazana przez niego osoba trzecia, kt\u00f3ra nie jest przewo\u017anikiem, wesz\u0142a w posiadanie pierwszych towar\u00f3w.<\/li><\/ul><\/li><\/ul><p>Je\u015bli zbiega si\u0119 kilka alternatyw, decyduj\u0105cy jest ostatni punkt w czasie.<\/p><p>Aby skorzysta\u0107 z prawa do odst\u0105pienia od umowy, nale\u017cy poinformowa\u0107 nas (Dr. Christoph He\u00dfler Maschinensysteme, Christoph He\u00dfler, An der Ronceva 5 32312 L\u00fcbbecke +49 (0)5741 3012080 christoph.hessler@c-hessler.de) o swojej decyzji o odst\u0105pieniu od niniejszej umowy w drodze jednoznacznego o\u015bwiadczenia (np. pismo wys\u0142ane poczt\u0105, faksem lub poczt\u0105 elektroniczn\u0105). Mo\u017cna skorzysta\u0107 z za\u0142\u0105czonego przyk\u0142adowego formularza odst\u0105pienia od umowy, ale nie jest to obowi\u0105zkowe.<\/p><p>Aby dotrzyma\u0107 terminu odst\u0105pienia od umowy, wystarczy wys\u0142a\u0107 powiadomienie o skorzystaniu z prawa do odst\u0105pienia od umowy przed up\u0142ywem terminu odst\u0105pienia od umowy.<\/p><p>Konsekwencje anulowania<\/p><p>W przypadku odst\u0105pienia przez u\u017cytkownika od niniejszej umowy, zwr\u00f3cimy mu wszystkie otrzymane od niego p\u0142atno\u015bci, w tym koszty dostawy (z wyj\u0105tkiem dodatkowych koszt\u00f3w wynikaj\u0105cych z wyboru przez u\u017cytkownika innego rodzaju dostawy ni\u017c najta\u0144szy oferowany przez nas rodzaj dostawy standardowej), bez zb\u0119dnej zw\u0142oki, a w ka\u017cdym razie nie p\u00f3\u017aniej ni\u017c 14 dni od dnia, w kt\u00f3rym zostali\u015bmy poinformowani o decyzji u\u017cytkownika o odst\u0105pieniu od niniejszej umowy. Do zwrotu p\u0142atno\u015bci u\u017cyjemy tych samych \u015brodk\u00f3w p\u0142atno\u015bci, kt\u00f3re zosta\u0142y u\u017cyte w pierwotnej transakcji, chyba \u017ce wyra\u017anie uzgodniono inaczej; w \u017cadnym wypadku nie zostaniesz obci\u0105\u017cony \u017cadnymi op\u0142atami za ten zwrot. Mo\u017cemy wstrzyma\u0107 si\u0119 ze zwrotem p\u0142atno\u015bci do czasu otrzymania towar\u00f3w z powrotem lub do czasu dostarczenia przez u\u017cytkownika dowodu ich odes\u0142ania, w zale\u017cno\u015bci od tego, kt\u00f3re zdarzenie nast\u0105pi wcze\u015bniej.<\/p><p>Towar nale\u017cy odes\u0142a\u0107 lub przekaza\u0107 Dr Christoph He\u00dfler Maschinensysteme, Christoph He\u00dfler, An der Ronceva 5 32312 L\u00fcbbecke +49 (0)5741 3012080 christoph.hessler@c-hessler.de niezw\u0142ocznie, a w ka\u017cdym razie nie p\u00f3\u017aniej ni\u017c w terminie czternastu dni od dnia, w kt\u00f3rym poinformowano nas o odst\u0105pieniu od niniejszej umowy. Termin jest zachowany, je\u015bli towary zostan\u0105 wys\u0142ane przed up\u0142ywem czternastu dni.<\/p><p>U\u017cytkownik ponosi bezpo\u015brednie koszty zwrotu towar\u00f3w.<\/p><p>U\u017cytkownik musi zap\u0142aci\u0107 za utrat\u0119 warto\u015bci towar\u00f3w tylko wtedy, gdy utrata warto\u015bci wynika z obchodzenia si\u0119 z towarami, kt\u00f3re nie jest konieczne do sprawdzenia ich stanu, w\u0142a\u015bciwo\u015bci i funkcjonalno\u015bci.<\/p><p>Je\u015bli towary zosta\u0142y uszkodzone lub zmniejszy\u0142a si\u0119 ich warto\u015b\u0107 w tym sensie, klient ponosi koszty naprawy i utraty warto\u015bci pomimo naprawy.<\/p><p>Koniec polityki anulowania<\/p><p>Z naszym dzia\u0142em obs\u0142ugi klienta mo\u017cna skontaktowa\u0107 si\u0119 w nast\u0119puj\u0105cych godzinach Dr Christoph He\u00dfler Maschinensysteme, Christoph He\u00dfler, An der Ronceva 5, 32312 L\u00fcbbecke +49 (0)5741 3012080 christoph.hessler@c-hessler.de Godziny otwarcia:<br \/>8:00 do 16:00.<\/p><h2>Zastrze\u017cenie<\/h2><p>Roszczenia odszkodowawcze klienta s\u0105 wykluczone, chyba \u017ce poni\u017cej okre\u015blono inaczej. Dotyczy to r\u00f3wnie\u017c przedstawicieli i zast\u0119pc\u00f3w us\u0142ugodawcy, je\u015bli klient dochodzi wobec nich roszcze\u0144 odszkodowawczych. Wykluczone s\u0105 roszczenia odszkodowawcze klienta z tytu\u0142u uszczerbku na \u017cyciu, ciele, zdrowiu lub istotnych zobowi\u0105za\u0144 umownych, kt\u00f3re musz\u0105 by\u0107 koniecznie spe\u0142nione, aby osi\u0105gn\u0105\u0107 cel umowy. Nie dotyczy to r\u00f3wnie\u017c roszcze\u0144 odszkodowawczych wynikaj\u0105cych z ra\u017c\u0105cego zaniedbania lub umy\u015blnego naruszenia obowi\u0105zk\u00f3w przez us\u0142ugodawc\u0119 lub jego przedstawiciela prawnego lub zast\u0119pc\u0119 prawnego.<\/p><h2>Zakaz cesji i ustanawiania zastaw\u00f3w<\/h2><p>Roszczenia lub prawa klienta wobec dostawcy mog\u0105 by\u0107 dochodzone bez<br \/>Towary nie mog\u0105 by\u0107 przedmiotem cesji lub zastawu bez zgody klienta, chyba \u017ce klient wyka\u017ce uzasadniony interes w cesji lub zastawie.<\/p><h2>J\u0119zyk, miejsce jurysdykcji i prawo w\u0142a\u015bciwe<\/h2><p>Umowa zostanie sporz\u0105dzona w j\u0119zyku niemieckim. Dalsza realizacja stosunku umownego odbywa si\u0119 w j\u0119zyku niemieckim. Zastosowanie ma wy\u0142\u0105cznie prawo Republiki Federalnej Niemiec. W przypadku konsument\u00f3w ma to zastosowanie tylko w takim zakresie, w jakim \u017cadne przepisy ustawowe kraju, w kt\u00f3rym klient ma miejsce zamieszkania lub zwyk\u0142ego pobytu, nie s\u0105 ograniczone. Miejscem jurysdykcji dla spor\u00f3w z klientami nieb\u0119d\u0105cymi konsumentami, osobami prawnymi prawa publicznego lub specjalnymi funduszami prawa publicznego jest siedziba dostawcy.<\/p><h2>Klauzula salwatoryjna<\/h2><p>Niewa\u017cno\u015b\u0107 kt\u00f3regokolwiek z postanowie\u0144 niniejszych OWH nie wp\u0142ywa na wa\u017cno\u015b\u0107 pozosta\u0142ych postanowie\u0144.<\/p>\t\t\t\t\t\t\t\t<\/div>\n\t\t\t\t\t<\/div>\n\t\t\t\t<\/div>\n\t\t\t\t<\/div>","protected":false},"excerpt":{"rendered":"<p>Allgemeine Gesch\u00e4ftsbedingungen AGB erstellt \u00fcber den Generator der Deutschen Anwaltshotline AG Vertragspartner Auf Grundlage dieser Allgemeinen Gesch\u00e4ftsbedingungen (AGB) kommt zwischen dem Kunden undDr. Christoph He\u00dfler MaschinensystemeVertreten durch Christoph He\u00dflerAdresse: An der Ronceva 5 32312 L\u00fcbbecke Umsatzsteuer-Identifikationsnummer: DE230070107, nachfolgend Anbieter genannt, der Vertrag zustande. Vertragsgegenstand Durch diesen Vertrag wird der Verkauf von neuen Waren aus dem [&hellip;]<\/p>\n","protected":false},"author":9,"featured_media":0,"parent":0,"menu_order":0,"comment_status":"closed","ping_status":"closed","template":"","meta":{"footnotes":""},"class_list":["post-9797","page","type-page","status-publish","hentry"],"yoast_head":"<!-- This site is optimized with the Yoast SEO Premium plugin v27.0 (Yoast SEO v27.4) - https:\/\/yoast.com\/product\/yoast-seo-premium-wordpress\/ -->\n<title>AGB - Dr. Christoph He\u00dfler Maschinensysteme<\/title>\n<meta name=\"robots\" content=\"index, follow, max-snippet:-1, max-image-preview:large, max-video-preview:-1\" \/>\n<link rel=\"canonical\" href=\"https:\/\/c-hessler.de\/pl\/agb\/\" \/>\n<meta property=\"og:locale\" content=\"pl_PL\" \/>\n<meta property=\"og:type\" content=\"article\" \/>\n<meta property=\"og:title\" content=\"AGB\" \/>\n<meta property=\"og:description\" content=\"Allgemeine Gesch\u00e4ftsbedingungen AGB erstellt \u00fcber den Generator der Deutschen Anwaltshotline AG Vertragspartner Auf Grundlage dieser Allgemeinen Gesch\u00e4ftsbedingungen (AGB) kommt zwischen dem Kunden undDr. Christoph He\u00dfler MaschinensystemeVertreten durch Christoph He\u00dflerAdresse: An der Ronceva 5 32312 L\u00fcbbecke Umsatzsteuer-Identifikationsnummer: DE230070107, nachfolgend Anbieter genannt, der Vertrag zustande. Vertragsgegenstand Durch diesen Vertrag wird der Verkauf von neuen Waren aus dem [&hellip;]\" \/>\n<meta property=\"og:url\" content=\"https:\/\/c-hessler.de\/pl\/agb\/\" \/>\n<meta property=\"og:site_name\" content=\"Dr. Christoph He\u00dfler Maschinensysteme\" \/>\n<meta property=\"article:publisher\" content=\"https:\/\/www.facebook.com\/DrChristophHesslerMaschinensysteme\/\" \/>\n<meta property=\"article:modified_time\" content=\"2025-12-17T06:45:50+00:00\" \/>\n<meta name=\"twitter:label1\" content=\"Szacowany czas czytania\" \/>\n\t<meta name=\"twitter:data1\" content=\"10 minut\" \/>\n<script type=\"application\/ld+json\" class=\"yoast-schema-graph\">{\"@context\":\"https:\\\/\\\/schema.org\",\"@graph\":[{\"@type\":\"WebPage\",\"@id\":\"https:\\\/\\\/c-hessler.de\\\/agb\\\/\",\"url\":\"https:\\\/\\\/c-hessler.de\\\/agb\\\/\",\"name\":\"AGB - Dr. Christoph He\u00dfler Maschinensysteme\",\"isPartOf\":{\"@id\":\"https:\\\/\\\/c-hessler.de\\\/#website\"},\"datePublished\":\"2015-05-09T14:16:40+00:00\",\"dateModified\":\"2025-12-17T06:45:50+00:00\",\"inLanguage\":\"pl-PL\",\"potentialAction\":[{\"@type\":\"ReadAction\",\"target\":[\"https:\\\/\\\/c-hessler.de\\\/agb\\\/\"]}]},{\"@type\":\"WebSite\",\"@id\":\"https:\\\/\\\/c-hessler.de\\\/#website\",\"url\":\"https:\\\/\\\/c-hessler.de\\\/\",\"name\":\"www.c-hessler.de\",\"description\":\"\",\"publisher\":{\"@id\":\"https:\\\/\\\/c-hessler.de\\\/#organization\"},\"potentialAction\":[{\"@type\":\"SearchAction\",\"target\":{\"@type\":\"EntryPoint\",\"urlTemplate\":\"https:\\\/\\\/c-hessler.de\\\/?s={search_term_string}\"},\"query-input\":{\"@type\":\"PropertyValueSpecification\",\"valueRequired\":true,\"valueName\":\"search_term_string\"}}],\"inLanguage\":\"pl-PL\"},{\"@type\":\"Organization\",\"@id\":\"https:\\\/\\\/c-hessler.de\\\/#organization\",\"name\":\"Dr. Christoph He\u00dfler Maschinensysteme\",\"alternateName\":\"Dr. Christoph He\u00dfler Maschinensysteme\",\"url\":\"https:\\\/\\\/c-hessler.de\\\/\",\"logo\":{\"@type\":\"ImageObject\",\"inLanguage\":\"pl-PL\",\"@id\":\"https:\\\/\\\/c-hessler.de\\\/#\\\/schema\\\/logo\\\/image\\\/\",\"url\":\"https:\\\/\\\/c-hessler.de\\\/wp-content\\\/uploads\\\/2026\\\/02\\\/Draw-03-150312-110115-Ausgeschnitten-I.jpg\",\"contentUrl\":\"https:\\\/\\\/c-hessler.de\\\/wp-content\\\/uploads\\\/2026\\\/02\\\/Draw-03-150312-110115-Ausgeschnitten-I.jpg\",\"width\":445,\"height\":394,\"caption\":\"Dr. Christoph He\u00dfler Maschinensysteme\"},\"image\":{\"@id\":\"https:\\\/\\\/c-hessler.de\\\/#\\\/schema\\\/logo\\\/image\\\/\"},\"sameAs\":[\"https:\\\/\\\/www.facebook.com\\\/DrChristophHesslerMaschinensysteme\\\/\",\"https:\\\/\\\/www.pinterest.de\\\/hesstools\\\/\",\"https:\\\/\\\/www.youtube.com\\\/channel\\\/UCaNnXDGGF_BiYFQZ2kJgi-A?view_as=subscriber\"],\"description\":\"1. Ecken- und Kantenfr\u00e4sen f\u00fcr Tischler und Schreiner, Sonderanfertigungen 2. Auch f\u00fcr die Nachbearbeitung von Eck-Schwei\u00dfn\u00e4hten bei Aluminium-Werkstoffen, f\u00fcr Fahrzeugbauer oder Metallbauer aller Art\",\"email\":\"christoph.hessler@c-hessler.de\",\"telephone\":\"0527413012080\",\"legalName\":\"Dr. Christoph He\u00dfler Maschinensysteme\",\"foundingDate\":\"2003-06-05\",\"vatID\":\"DE230070107\",\"numberOfEmployees\":{\"@type\":\"QuantitativeValue\",\"minValue\":\"1\",\"maxValue\":\"10\"}}]}<\/script>\n<!-- \/ Yoast SEO Premium plugin. -->","yoast_head_json":{"title":"Og\u00f3lne warunki handlowe - Dr Christoph He\u00dfler Maschinensysteme","robots":{"index":"index","follow":"follow","max-snippet":"max-snippet:-1","max-image-preview":"max-image-preview:large","max-video-preview":"max-video-preview:-1"},"canonical":"https:\/\/c-hessler.de\/pl\/agb\/","og_locale":"pl_PL","og_type":"article","og_title":"AGB","og_description":"Allgemeine Gesch\u00e4ftsbedingungen AGB erstellt \u00fcber den Generator der Deutschen Anwaltshotline AG Vertragspartner Auf Grundlage dieser Allgemeinen Gesch\u00e4ftsbedingungen (AGB) kommt zwischen dem Kunden undDr. Christoph He\u00dfler MaschinensystemeVertreten durch Christoph He\u00dflerAdresse: An der Ronceva 5 32312 L\u00fcbbecke Umsatzsteuer-Identifikationsnummer: DE230070107, nachfolgend Anbieter genannt, der Vertrag zustande. Vertragsgegenstand Durch diesen Vertrag wird der Verkauf von neuen Waren aus dem [&hellip;]","og_url":"https:\/\/c-hessler.de\/pl\/agb\/","og_site_name":"Dr. Christoph He\u00dfler Maschinensysteme","article_publisher":"https:\/\/www.facebook.com\/DrChristophHesslerMaschinensysteme\/","article_modified_time":"2025-12-17T06:45:50+00:00","twitter_misc":{"Szacowany czas czytania":"10 minut"},"schema":{"@context":"https:\/\/schema.org","@graph":[{"@type":"WebPage","@id":"https:\/\/c-hessler.de\/agb\/","url":"https:\/\/c-hessler.de\/agb\/","name":"Og\u00f3lne warunki handlowe - Dr Christoph He\u00dfler Maschinensysteme","isPartOf":{"@id":"https:\/\/c-hessler.de\/#website"},"datePublished":"2015-05-09T14:16:40+00:00","dateModified":"2025-12-17T06:45:50+00:00","inLanguage":"pl-PL","potentialAction":[{"@type":"ReadAction","target":["https:\/\/c-hessler.de\/agb\/"]}]},{"@type":"WebSite","@id":"https:\/\/c-hessler.de\/#website","url":"https:\/\/c-hessler.de\/","name":"www.c-hessler.de","description":"","publisher":{"@id":"https:\/\/c-hessler.de\/#organization"},"potentialAction":[{"@type":"SearchAction","target":{"@type":"EntryPoint","urlTemplate":"https:\/\/c-hessler.de\/?s={search_term_string}"},"query-input":{"@type":"PropertyValueSpecification","valueRequired":true,"valueName":"search_term_string"}}],"inLanguage":"pl-PL"},{"@type":"Organization","@id":"https:\/\/c-hessler.de\/#organization","name":"Dr Christoph He\u00dfler Machine Systems","alternateName":"Dr. Christoph He\u00dfler Maschinensysteme","url":"https:\/\/c-hessler.de\/","logo":{"@type":"ImageObject","inLanguage":"pl-PL","@id":"https:\/\/c-hessler.de\/#\/schema\/logo\/image\/","url":"https:\/\/c-hessler.de\/wp-content\/uploads\/2026\/02\/Draw-03-150312-110115-Ausgeschnitten-I.jpg","contentUrl":"https:\/\/c-hessler.de\/wp-content\/uploads\/2026\/02\/Draw-03-150312-110115-Ausgeschnitten-I.jpg","width":445,"height":394,"caption":"Dr. Christoph He\u00dfler Maschinensysteme"},"image":{"@id":"https:\/\/c-hessler.de\/#\/schema\/logo\/image\/"},"sameAs":["https:\/\/www.facebook.com\/DrChristophHesslerMaschinensysteme\/","https:\/\/www.pinterest.de\/hesstools\/","https:\/\/www.youtube.com\/channel\/UCaNnXDGGF_BiYFQZ2kJgi-A?view_as=subscriber"],"description":"1. Ecken- und Kantenfr\u00e4sen f\u00fcr Tischler und Schreiner, Sonderanfertigungen 2. Auch f\u00fcr die Nachbearbeitung von Eck-Schwei\u00dfn\u00e4hten bei Aluminium-Werkstoffen, f\u00fcr Fahrzeugbauer oder Metallbauer aller Art","email":"christoph.hessler@c-hessler.de","telephone":"0527413012080","legalName":"Dr. Christoph He\u00dfler Maschinensysteme","foundingDate":"2003-06-05","vatID":"DE230070107","numberOfEmployees":{"@type":"QuantitativeValue","minValue":"1","maxValue":"10"}}]}},"_hostinger_reach_plugin_has_subscription_block":false,"_hostinger_reach_plugin_is_elementor":false,"_links":{"self":[{"href":"https:\/\/c-hessler.de\/pl\/wp-json\/wp\/v2\/pages\/9797","targetHints":{"allow":["GET"]}}],"collection":[{"href":"https:\/\/c-hessler.de\/pl\/wp-json\/wp\/v2\/pages"}],"about":[{"href":"https:\/\/c-hessler.de\/pl\/wp-json\/wp\/v2\/types\/page"}],"author":[{"embeddable":true,"href":"https:\/\/c-hessler.de\/pl\/wp-json\/wp\/v2\/users\/9"}],"replies":[{"embeddable":true,"href":"https:\/\/c-hessler.de\/pl\/wp-json\/wp\/v2\/comments?post=9797"}],"version-history":[{"count":3,"href":"https:\/\/c-hessler.de\/pl\/wp-json\/wp\/v2\/pages\/9797\/revisions"}],"predecessor-version":[{"id":208819,"href":"https:\/\/c-hessler.de\/pl\/wp-json\/wp\/v2\/pages\/9797\/revisions\/208819"}],"wp:attachment":[{"href":"https:\/\/c-hessler.de\/pl\/wp-json\/wp\/v2\/media?parent=9797"}],"curies":[{"name":"wp","href":"https:\/\/api.w.org\/{rel}","templated":true}]}}