{"id":205738,"date":"2019-05-01T18:57:37","date_gmt":"2019-05-01T16:57:37","guid":{"rendered":"https:\/\/c-hessler.de\/?post_type=product&#038;p=205738"},"modified":"2025-12-15T17:46:46","modified_gmt":"2025-12-15T16:46:46","slug":"lekki-klinkier-mz-02-90f-a-l","status":"publish","type":"product","link":"https:\/\/c-hessler.de\/pl\/shop\/leicht-ausklinker-mz-02-90f-a-l\/","title":{"rendered":"Lekka wykrawarka MZ 02 90F A L"},"content":{"rendered":"<div class=\"wp-block-columns is-layout-flex wp-container-core-columns-is-layout-28f84493 wp-block-columns-is-layout-flex\">\n<div class=\"wp-block-column is-layout-flow wp-block-column-is-layout-flow\">\n<figure class=\"wp-block-boldblocks-youtube-block\"><div id=\"yb-video-iOkxv18j-Zk\" class=\"yb-player\" data-video-id=\"iOkxv18j-Zk\" data-title=\"Play\" style=\"background-image:url(https:\/\/img.youtube.com\/vi\/iOkxv18j-Zk\/hqdefault.jpg)\"><button type=\"button\" class=\"yb-btn-play\"><span class=\"visually-hidden\">Gra\u0107<\/span><\/button><\/div><\/figure>\n<\/div>\n\n\n\n<div class=\"wp-block-column is-layout-flow wp-block-column-is-layout-flow\">\n<p class=\"title has-text-color\" style=\"color:#131315\">Lekka wykrawarka MZ 02 90F A L to nowe elektronarz\u0119dzie do obr\u00f3bki drewna klejonego krzy\u017cowo, znanego r\u00f3wnie\u017c jako CLT lub lite drewno klejone warstwowo.  Zaokr\u0105glenia na wewn\u0119trznych naro\u017cnikach s\u0105 usuwane. Wcze\u015bniej pozostawa\u0142y one podczas frezowania wyci\u0119cia.<\/p>\n\n\n\n<p><strong>Zaokr\u0105glenie w naro\u017cniku wewn\u0119trznym mo\u017cna usun\u0105\u0107 a\u017c do pod\u0142ogi.<\/strong><\/p>\n<\/div>\n<\/div>\n\n\n\n<div style=\"height:30px\" aria-hidden=\"true\" class=\"wp-block-spacer\"><\/div>\n\n\n\n<div class=\"wp-block-columns is-layout-flex wp-container-core-columns-is-layout-28f84493 wp-block-columns-is-layout-flex\">\n<div class=\"wp-block-column is-layout-flow wp-block-column-is-layout-flow\" style=\"flex-basis:66.66%\">\n<p>Podczas frezowania wyci\u0119cia w drewnie klejonym krzy\u017cowo, wyci\u0119ta cz\u0119\u015b\u0107 pozostaje w obrabianym elemencie. Aby go usun\u0105\u0107, nale\u017cy wyj\u0105\u0107 obrabiany element z maszyny. Konieczna jest zatem p\u00f3\u017aniejsza zmiana po\u0142o\u017cenia. Jest to pracoch\u0142onne i czasoch\u0142onne.<\/p>\n\n\n\n<p>Lekka wykrawarka MZ 02 90F A L eliminuje konieczno\u015b\u0107 zmiany po\u0142o\u017cenia z zachowaniem dok\u0142adno\u015bci frezowania. Podczas gdy zaokr\u0105glenia w wewn\u0119trznych naro\u017cnikach pierwszego elementu s\u0105 usuwane, drugi element mo\u017ce by\u0107 ju\u017c obrabiany na frezarce.<\/p>\n\n\n\n<p>Przetwarzanie jest zdejmowane z klienta, co staje si\u0119 coraz bardziej popularnym trendem.<\/p>\n<\/div>\n\n\n\n<div class=\"wp-block-column is-layout-flow wp-block-column-is-layout-flow\" style=\"flex-basis:33.33%\">\n<figure class=\"wp-block-image size-large\"><img fetchpriority=\"high\" decoding=\"async\" width=\"995\" height=\"1024\" src=\"https:\/\/c-hessler.de\/wp-content\/uploads\/2019\/05\/BMWi_Fz_2017_Office_Farbe_de-995x1024.png\" alt=\"Promocja dla Holz-Handwerk 2022\" class=\"wp-image-206342\" srcset=\"https:\/\/c-hessler.de\/wp-content\/uploads\/2019\/05\/BMWi_Fz_2017_Office_Farbe_de-995x1024.png 995w, https:\/\/c-hessler.de\/wp-content\/uploads\/2019\/05\/BMWi_Fz_2017_Office_Farbe_de-291x300.png 291w, https:\/\/c-hessler.de\/wp-content\/uploads\/2019\/05\/BMWi_Fz_2017_Office_Farbe_de-768x791.png 768w, https:\/\/c-hessler.de\/wp-content\/uploads\/2019\/05\/BMWi_Fz_2017_Office_Farbe_de-1080x1112.png 1080w, https:\/\/c-hessler.de\/wp-content\/uploads\/2019\/05\/BMWi_Fz_2017_Office_Farbe_de-1280x1318.png 1280w, https:\/\/c-hessler.de\/wp-content\/uploads\/2019\/05\/BMWi_Fz_2017_Office_Farbe_de-980x1009.png 980w, https:\/\/c-hessler.de\/wp-content\/uploads\/2019\/05\/BMWi_Fz_2017_Office_Farbe_de-480x494.png 480w, https:\/\/c-hessler.de\/wp-content\/uploads\/2019\/05\/BMWi_Fz_2017_Office_Farbe_de-800x824.png 800w, https:\/\/c-hessler.de\/wp-content\/uploads\/2019\/05\/BMWi_Fz_2017_Office_Farbe_de-150x154.png 150w, https:\/\/c-hessler.de\/wp-content\/uploads\/2019\/05\/BMWi_Fz_2017_Office_Farbe_de.png 1360w\" sizes=\"(max-width: 995px) 100vw, 995px\" \/><\/figure>\n<\/div>\n<\/div>\n\n\n\n<div class=\"wp-block-columns are-vertically-aligned-center is-layout-flex wp-container-core-columns-is-layout-28f84493 wp-block-columns-is-layout-flex\">\n<div class=\"wp-block-column is-layout-flow wp-block-column-is-layout-flow\"><\/div>\n<\/div>\n\n\n\n<div style=\"height:30px\" aria-hidden=\"true\" class=\"wp-block-spacer\"><\/div>","protected":false},"excerpt":{"rendered":"<p>Lekka wykrawarka MZ 02 90F A L zosta\u0142a zaprojektowana do lekkiej obr\u00f3bki <a href=\"https:\/\/de.wikipedia.org\/wiki\/Brettsperrholz\">Drewno klejone krzy\u017cowo CLT<\/a>. <strong>Zaokr\u0105glenia na wewn\u0119trznych naro\u017cnikach s\u0105 frezowane<\/strong>kt\u00f3re pozostaj\u0105 po frezowaniu wyci\u0119cia.<\/p>\n<ul>\n<li>Usuwanie zaokr\u0105glenia naro\u017cnika wewn\u0119trznego <strong>z wyj\u0105tkiem dna lub zagi\u0119cia w <\/strong><strong>Obrabiany przedmiot<\/strong><\/li>\n<li>Zanurzenie w wyci\u0119ciach od ok. 250 mm x 250 mm, ze sta\u0142ym kablem r\u00f3wnie\u017c ok. 200 mm x 200 mm, zanurzenie od ok. 400 mm x 400 mm,<\/li>\n<li>G\u0142\u0119boko\u015b\u0107 do 290 mm w standardzie<\/li>\n<li>\u0141atwa praca dzi\u0119ki znacznie zmniejszonej wadze, z ponad 13 kg w przypadku <a href=\"https:\/\/c-hessler.de\/pl\/sklep\/notcher-mz-02-90f-a-e\/\">Du\u017ce karbownice<\/a> do nieca\u0142ych 4 kg!<\/li>\n<\/ul>\n<p>Odbiorca drewna klejonego krzy\u017cowo otrzymuje element o wy\u017cszej jako\u015bci.<\/p>","protected":false},"featured_media":205740,"comment_status":"open","ping_status":"closed","template":"","meta":[],"product_brand":[],"product_cat":[58],"product_tag":[38,39],"class_list":{"0":"post-205738","1":"product","2":"type-product","3":"status-publish","4":"has-post-thumbnail","6":"product_cat-handgefuehrte-maschinen","7":"product_tag-handgefuehrt","8":"product_tag-innenecken","10":"first","11":"instock","12":"taxable","13":"shipping-taxable","14":"purchasable","15":"product-type-simple"},"yoast_head":"<!-- This site is optimized with the Yoast SEO Premium plugin v27.0 (Yoast SEO v27.4) - https:\/\/yoast.com\/product\/yoast-seo-premium-wordpress\/ -->\n<title>Leicht-Ausklinker MZ 02 90F A L f\u00fcr Brettsperrholz CLT<\/title>\n<meta name=\"description\" content=\"Der Leicht-Ausklinker MZ 02 90F A L f\u00fcr Brettsperrholz CLT erzeugt eine scharfkantige Innenecke. Bis auf einen Boden hinunter, Hub bis 220 mm oder mehr.\" \/>\n<meta name=\"robots\" content=\"index, follow, max-snippet:-1, max-image-preview:large, max-video-preview:-1\" \/>\n<link rel=\"canonical\" href=\"https:\/\/c-hessler.de\/pl\/sklep\/lekki-klinkier-mz-02-90f-a-l\/\" \/>\n<meta property=\"og:locale\" content=\"pl_PL\" \/>\n<meta property=\"og:type\" content=\"article\" \/>\n<meta property=\"og:title\" content=\"Leicht-Ausklinker MZ 02 90F A L\" \/>\n<meta property=\"og:description\" content=\"Der Leicht-Ausklinker MZ 02 90F A L f\u00fcr Brettsperrholz CLT erzeugt eine scharfkantige Innenecke. Bis auf einen Boden hinunter, Hub bis 220 mm oder mehr.\" \/>\n<meta property=\"og:url\" content=\"https:\/\/c-hessler.de\/pl\/sklep\/lekki-klinkier-mz-02-90f-a-l\/\" \/>\n<meta property=\"og:site_name\" content=\"Dr. Christoph He\u00dfler Maschinensysteme\" \/>\n<meta property=\"article:publisher\" content=\"https:\/\/www.facebook.com\/DrChristophHesslerMaschinensysteme\/\" \/>\n<meta property=\"article:modified_time\" content=\"2025-12-15T16:46:46+00:00\" \/>\n<meta property=\"og:image\" content=\"https:\/\/c-hessler.de\/wp-content\/uploads\/2019\/05\/P1010014-freigestellt-e1556733278524.jpeg\" \/>\n\t<meta property=\"og:image:width\" content=\"1654\" \/>\n\t<meta property=\"og:image:height\" content=\"1241\" \/>\n\t<meta property=\"og:image:type\" content=\"image\/jpeg\" \/>\n<meta name=\"twitter:label1\" content=\"Cena\" \/>\n\t<meta name=\"twitter:data1\" content=\"2.910,00&nbsp;&euro; ohne MwSt.\" \/>\n\t<meta name=\"twitter:label2\" content=\"Dost\u0119pno\u015b\u0107\" \/>\n\t<meta name=\"twitter:data2\" content=\"Dost\u0119pny\" \/>\n<script type=\"application\/ld+json\" class=\"yoast-schema-graph\">{\"@context\":\"https:\\\/\\\/schema.org\",\"@graph\":[{\"@type\":\"WebPage\",\"@id\":\"https:\\\/\\\/c-hessler.de\\\/nl\\\/winkelen\\\/lichte-klinker-mz-02-90f-a-l\\\/\",\"url\":\"https:\\\/\\\/c-hessler.de\\\/nl\\\/winkelen\\\/lichte-klinker-mz-02-90f-a-l\\\/\",\"name\":\"Leicht-Ausklinker MZ 02 90F A L f\u00fcr Brettsperrholz CLT\",\"isPartOf\":{\"@id\":\"https:\\\/\\\/c-hessler.de\\\/#website\"},\"primaryImageOfPage\":{\"@id\":\"https:\\\/\\\/c-hessler.de\\\/nl\\\/winkelen\\\/lichte-klinker-mz-02-90f-a-l\\\/#primaryimage\"},\"image\":{\"@id\":\"https:\\\/\\\/c-hessler.de\\\/nl\\\/winkelen\\\/lichte-klinker-mz-02-90f-a-l\\\/#primaryimage\"},\"thumbnailUrl\":\"https:\\\/\\\/c-hessler.de\\\/wp-content\\\/uploads\\\/2019\\\/05\\\/P1010014-freigestellt-e1556733278524.jpeg\",\"datePublished\":\"2019-05-01T16:57:37+00:00\",\"dateModified\":\"2025-12-15T16:46:46+00:00\",\"description\":\"Der Leicht-Ausklinker MZ 02 90F A L f\u00fcr Brettsperrholz CLT erzeugt eine scharfkantige Innenecke. Bis auf einen Boden hinunter, Hub bis 220 mm oder mehr.\",\"breadcrumb\":{\"@id\":\"https:\\\/\\\/c-hessler.de\\\/nl\\\/winkelen\\\/lichte-klinker-mz-02-90f-a-l\\\/#breadcrumb\"},\"inLanguage\":\"pl-PL\",\"potentialAction\":[{\"@type\":\"ReadAction\",\"target\":[\"https:\\\/\\\/c-hessler.de\\\/nl\\\/winkelen\\\/lichte-klinker-mz-02-90f-a-l\\\/\"]}]},{\"@type\":\"ImageObject\",\"inLanguage\":\"pl-PL\",\"@id\":\"https:\\\/\\\/c-hessler.de\\\/nl\\\/winkelen\\\/lichte-klinker-mz-02-90f-a-l\\\/#primaryimage\",\"url\":\"https:\\\/\\\/c-hessler.de\\\/wp-content\\\/uploads\\\/2019\\\/05\\\/P1010014-freigestellt-e1556733278524.jpeg\",\"contentUrl\":\"https:\\\/\\\/c-hessler.de\\\/wp-content\\\/uploads\\\/2019\\\/05\\\/P1010014-freigestellt-e1556733278524.jpeg\",\"width\":1654,\"height\":1241,\"caption\":\"Ecken fr\u00e4sen in Brettsperrholz CLT\"},{\"@type\":\"BreadcrumbList\",\"@id\":\"https:\\\/\\\/c-hessler.de\\\/nl\\\/winkelen\\\/lichte-klinker-mz-02-90f-a-l\\\/#breadcrumb\",\"itemListElement\":[{\"@type\":\"ListItem\",\"position\":1,\"name\":\"Produkte\",\"item\":\"https:\\\/\\\/c-hessler.de\\\/produkte\\\/\"},{\"@type\":\"ListItem\",\"position\":2,\"name\":\"Leicht-Ausklinker MZ 02 90F A L\"}]},{\"@type\":\"WebSite\",\"@id\":\"https:\\\/\\\/c-hessler.de\\\/#website\",\"url\":\"https:\\\/\\\/c-hessler.de\\\/\",\"name\":\"www.c-hessler.de\",\"description\":\"\",\"publisher\":{\"@id\":\"https:\\\/\\\/c-hessler.de\\\/#organization\"},\"potentialAction\":[{\"@type\":\"SearchAction\",\"target\":{\"@type\":\"EntryPoint\",\"urlTemplate\":\"https:\\\/\\\/c-hessler.de\\\/?s={search_term_string}\"},\"query-input\":{\"@type\":\"PropertyValueSpecification\",\"valueRequired\":true,\"valueName\":\"search_term_string\"}}],\"inLanguage\":\"pl-PL\"},{\"@type\":\"Organization\",\"@id\":\"https:\\\/\\\/c-hessler.de\\\/#organization\",\"name\":\"Dr. Christoph He\u00dfler Maschinensysteme\",\"alternateName\":\"Dr. Christoph He\u00dfler Maschinensysteme\",\"url\":\"https:\\\/\\\/c-hessler.de\\\/\",\"logo\":{\"@type\":\"ImageObject\",\"inLanguage\":\"pl-PL\",\"@id\":\"https:\\\/\\\/c-hessler.de\\\/#\\\/schema\\\/logo\\\/image\\\/\",\"url\":\"https:\\\/\\\/c-hessler.de\\\/wp-content\\\/uploads\\\/2026\\\/02\\\/Draw-03-150312-110115-Ausgeschnitten-I.jpg\",\"contentUrl\":\"https:\\\/\\\/c-hessler.de\\\/wp-content\\\/uploads\\\/2026\\\/02\\\/Draw-03-150312-110115-Ausgeschnitten-I.jpg\",\"width\":445,\"height\":394,\"caption\":\"Dr. Christoph He\u00dfler Maschinensysteme\"},\"image\":{\"@id\":\"https:\\\/\\\/c-hessler.de\\\/#\\\/schema\\\/logo\\\/image\\\/\"},\"sameAs\":[\"https:\\\/\\\/www.facebook.com\\\/DrChristophHesslerMaschinensysteme\\\/\",\"https:\\\/\\\/www.pinterest.de\\\/hesstools\\\/\",\"https:\\\/\\\/www.youtube.com\\\/channel\\\/UCaNnXDGGF_BiYFQZ2kJgi-A?view_as=subscriber\"],\"description\":\"1. Ecken- und Kantenfr\u00e4sen f\u00fcr Tischler und Schreiner, Sonderanfertigungen 2. Auch f\u00fcr die Nachbearbeitung von Eck-Schwei\u00dfn\u00e4hten bei Aluminium-Werkstoffen, f\u00fcr Fahrzeugbauer oder Metallbauer aller Art\",\"email\":\"christoph.hessler@c-hessler.de\",\"telephone\":\"0527413012080\",\"legalName\":\"Dr. Christoph He\u00dfler Maschinensysteme\",\"foundingDate\":\"2003-06-05\",\"vatID\":\"DE230070107\",\"numberOfEmployees\":{\"@type\":\"QuantitativeValue\",\"minValue\":\"1\",\"maxValue\":\"10\"}}]}<\/script>\n<meta property=\"og:video\" content=\"https:\/\/www.youtube.com\/embed\/iOkxv18j-Zk\" \/>\n<meta property=\"og:video:type\" content=\"text\/html\" \/>\n<meta property=\"og:video:duration\" content=\"109\" \/>\n<meta property=\"og:video:width\" content=\"480\" \/>\n<meta property=\"og:video:height\" content=\"270\" \/>\n<meta property=\"ya:ovs:adult\" content=\"false\" \/>\n<meta property=\"ya:ovs:upload_date\" content=\"2019-05-01T16:57:37+00:00\" \/>\n<meta property=\"ya:ovs:allow_embed\" content=\"true\" \/>\n<meta property=\"product:price:amount\" content=\"2910.00\" \/>\n<meta property=\"product:price:currency\" content=\"EUR\" \/>\n<meta property=\"og:availability\" content=\"instock\" \/>\n<meta property=\"product:availability\" content=\"instock\" \/>\n<meta property=\"product:retailer_item_id\" content=\"leicht-ausklinker-mz-02-90f-a-l\" \/>\n<meta property=\"product:condition\" content=\"new\" \/>\n<!-- \/ Yoast SEO Premium plugin. -->","yoast_head_json":{"title":"Lekka wykrawarka MZ 02 90F A L do drewna klejonego krzy\u017cowo CLT","description":"Lekka wykrawarka MZ 02 90F A L do drewna klejonego krzy\u017cowo CLT tworzy naro\u017cniki wewn\u0119trzne o ostrych kraw\u0119dziach. Do jednego pi\u0119tra, skok do 220 mm lub wi\u0119cej.","robots":{"index":"index","follow":"follow","max-snippet":"max-snippet:-1","max-image-preview":"max-image-preview:large","max-video-preview":"max-video-preview:-1"},"canonical":"https:\/\/c-hessler.de\/pl\/sklep\/lekki-klinkier-mz-02-90f-a-l\/","og_locale":"pl_PL","og_type":"article","og_title":"Leicht-Ausklinker MZ 02 90F A L","og_description":"Der Leicht-Ausklinker MZ 02 90F A L f\u00fcr Brettsperrholz CLT erzeugt eine scharfkantige Innenecke. Bis auf einen Boden hinunter, Hub bis 220 mm oder mehr.","og_url":"https:\/\/c-hessler.de\/pl\/sklep\/lekki-klinkier-mz-02-90f-a-l\/","og_site_name":"Dr. Christoph He\u00dfler Maschinensysteme","article_publisher":"https:\/\/www.facebook.com\/DrChristophHesslerMaschinensysteme\/","article_modified_time":"2025-12-15T16:46:46+00:00","og_image":[{"width":1654,"height":1241,"url":"https:\/\/c-hessler.de\/wp-content\/uploads\/2019\/05\/P1010014-freigestellt-e1556733278524.jpeg","type":"image\/jpeg"}],"twitter_misc":{"Cena":"2.910,00&nbsp;&euro; ohne MwSt.","Dost\u0119pno\u015b\u0107":"Dost\u0119pny"},"schema":{"@context":"https:\/\/schema.org","@graph":[{"@type":"WebPage","@id":"https:\/\/c-hessler.de\/nl\/winkelen\/lichte-klinker-mz-02-90f-a-l\/","url":"https:\/\/c-hessler.de\/nl\/winkelen\/lichte-klinker-mz-02-90f-a-l\/","name":"Lekka wykrawarka MZ 02 90F A L do drewna klejonego krzy\u017cowo CLT","isPartOf":{"@id":"https:\/\/c-hessler.de\/#website"},"primaryImageOfPage":{"@id":"https:\/\/c-hessler.de\/nl\/winkelen\/lichte-klinker-mz-02-90f-a-l\/#primaryimage"},"image":{"@id":"https:\/\/c-hessler.de\/nl\/winkelen\/lichte-klinker-mz-02-90f-a-l\/#primaryimage"},"thumbnailUrl":"https:\/\/c-hessler.de\/wp-content\/uploads\/2019\/05\/P1010014-freigestellt-e1556733278524.jpeg","datePublished":"2019-05-01T16:57:37+00:00","dateModified":"2025-12-15T16:46:46+00:00","description":"Lekka wykrawarka MZ 02 90F A L do drewna klejonego krzy\u017cowo CLT tworzy naro\u017cniki wewn\u0119trzne o ostrych kraw\u0119dziach. Do jednego pi\u0119tra, skok do 220 mm lub wi\u0119cej.","breadcrumb":{"@id":"https:\/\/c-hessler.de\/nl\/winkelen\/lichte-klinker-mz-02-90f-a-l\/#breadcrumb"},"inLanguage":"pl-PL","potentialAction":[{"@type":"ReadAction","target":["https:\/\/c-hessler.de\/nl\/winkelen\/lichte-klinker-mz-02-90f-a-l\/"]}]},{"@type":"ImageObject","inLanguage":"pl-PL","@id":"https:\/\/c-hessler.de\/nl\/winkelen\/lichte-klinker-mz-02-90f-a-l\/#primaryimage","url":"https:\/\/c-hessler.de\/wp-content\/uploads\/2019\/05\/P1010014-freigestellt-e1556733278524.jpeg","contentUrl":"https:\/\/c-hessler.de\/wp-content\/uploads\/2019\/05\/P1010014-freigestellt-e1556733278524.jpeg","width":1654,"height":1241,"caption":"Ecken fr\u00e4sen in Brettsperrholz CLT"},{"@type":"BreadcrumbList","@id":"https:\/\/c-hessler.de\/nl\/winkelen\/lichte-klinker-mz-02-90f-a-l\/#breadcrumb","itemListElement":[{"@type":"ListItem","position":1,"name":"Produkte","item":"https:\/\/c-hessler.de\/produkte\/"},{"@type":"ListItem","position":2,"name":"Leicht-Ausklinker MZ 02 90F A L"}]},{"@type":"WebSite","@id":"https:\/\/c-hessler.de\/#website","url":"https:\/\/c-hessler.de\/","name":"www.c-hessler.de","description":"","publisher":{"@id":"https:\/\/c-hessler.de\/#organization"},"potentialAction":[{"@type":"SearchAction","target":{"@type":"EntryPoint","urlTemplate":"https:\/\/c-hessler.de\/?s={search_term_string}"},"query-input":{"@type":"PropertyValueSpecification","valueRequired":true,"valueName":"search_term_string"}}],"inLanguage":"pl-PL"},{"@type":"Organization","@id":"https:\/\/c-hessler.de\/#organization","name":"Dr Christoph He\u00dfler Machine Systems","alternateName":"Dr. Christoph He\u00dfler Maschinensysteme","url":"https:\/\/c-hessler.de\/","logo":{"@type":"ImageObject","inLanguage":"pl-PL","@id":"https:\/\/c-hessler.de\/#\/schema\/logo\/image\/","url":"https:\/\/c-hessler.de\/wp-content\/uploads\/2026\/02\/Draw-03-150312-110115-Ausgeschnitten-I.jpg","contentUrl":"https:\/\/c-hessler.de\/wp-content\/uploads\/2026\/02\/Draw-03-150312-110115-Ausgeschnitten-I.jpg","width":445,"height":394,"caption":"Dr. Christoph He\u00dfler Maschinensysteme"},"image":{"@id":"https:\/\/c-hessler.de\/#\/schema\/logo\/image\/"},"sameAs":["https:\/\/www.facebook.com\/DrChristophHesslerMaschinensysteme\/","https:\/\/www.pinterest.de\/hesstools\/","https:\/\/www.youtube.com\/channel\/UCaNnXDGGF_BiYFQZ2kJgi-A?view_as=subscriber"],"description":"1. Ecken- und Kantenfr\u00e4sen f\u00fcr Tischler und Schreiner, Sonderanfertigungen 2. Auch f\u00fcr die Nachbearbeitung von Eck-Schwei\u00dfn\u00e4hten bei Aluminium-Werkstoffen, f\u00fcr Fahrzeugbauer oder Metallbauer aller Art","email":"christoph.hessler@c-hessler.de","telephone":"0527413012080","legalName":"Dr. Christoph He\u00dfler Maschinensysteme","foundingDate":"2003-06-05","vatID":"DE230070107","numberOfEmployees":{"@type":"QuantitativeValue","minValue":"1","maxValue":"10"}}]},"og_video":"https:\/\/www.youtube.com\/embed\/iOkxv18j-Zk","og_video_type":"text\/html","og_video_duration":"109","og_video_width":"480","og_video_height":"270","ya_ovs_adult":"false","ya_ovs_upload_date":"2019-05-01T16:57:37+00:00","ya_ovs_allow_embed":"true","product_price_amount":"2910.00","product_price_currency":"EUR","og_availability":"instock","product_availability":"instock","product_retailer_item_id":"leicht-ausklinker-mz-02-90f-a-l","product_condition":"new"},"_links":{"self":[{"href":"https:\/\/c-hessler.de\/pl\/wp-json\/wp\/v2\/product\/205738","targetHints":{"allow":["GET"]}}],"collection":[{"href":"https:\/\/c-hessler.de\/pl\/wp-json\/wp\/v2\/product"}],"about":[{"href":"https:\/\/c-hessler.de\/pl\/wp-json\/wp\/v2\/types\/product"}],"replies":[{"embeddable":true,"href":"https:\/\/c-hessler.de\/pl\/wp-json\/wp\/v2\/comments?post=205738"}],"wp:featuredmedia":[{"embeddable":true,"href":"https:\/\/c-hessler.de\/pl\/wp-json\/wp\/v2\/media\/205740"}],"wp:attachment":[{"href":"https:\/\/c-hessler.de\/pl\/wp-json\/wp\/v2\/media?parent=205738"}],"wp:term":[{"taxonomy":"product_brand","embeddable":true,"href":"https:\/\/c-hessler.de\/pl\/wp-json\/wp\/v2\/product_brand?post=205738"},{"taxonomy":"product_cat","embeddable":true,"href":"https:\/\/c-hessler.de\/pl\/wp-json\/wp\/v2\/product_cat?post=205738"},{"taxonomy":"product_tag","embeddable":true,"href":"https:\/\/c-hessler.de\/pl\/wp-json\/wp\/v2\/product_tag?post=205738"}],"curies":[{"name":"wp","href":"https:\/\/api.w.org\/{rel}","templated":true}]}}