{"id":206621,"date":"2023-05-18T15:52:32","date_gmt":"2023-05-18T13:52:32","guid":{"rendered":"https:\/\/c-hessler.de\/?post_type=product&#038;p=206621"},"modified":"2025-12-30T04:14:51","modified_gmt":"2025-12-30T03:14:51","slug":"allwinkel-buendigfraeser-mz-100-160v-h","status":"publish","type":"product","link":"https:\/\/c-hessler.de\/pl\/shop\/allwinkel-buendigfraeser-mz-100-160v-h\/","title":{"rendered":"Frez do p\u0142aszczyzn k\u0105towych MZ 100 160V H"},"content":{"rendered":"<div style=\"height:30px\" aria-hidden=\"true\" class=\"wp-block-spacer\"><\/div>\n\n\n\n<div class=\"wp-block-columns are-vertically-aligned-center is-layout-flex wp-container-core-columns-is-layout-28f84493 wp-block-columns-is-layout-flex\">\n<div class=\"wp-block-column is-layout-flow wp-block-column-is-layout-flow\">\n<div class=\"wp-block-columns is-layout-flex wp-container-core-columns-is-layout-28f84493 wp-block-columns-is-layout-flex\">\n<div class=\"wp-block-column is-layout-flow wp-block-column-is-layout-flow\">\n<p>Zasada dzia\u0142ania<br><\/p>\n\n\n\n<figure class=\"wp-block-image alignwide size-full\"><img fetchpriority=\"high\" decoding=\"async\" width=\"1091\" height=\"600\" src=\"https:\/\/c-hessler.de\/wp-content\/uploads\/2023\/05\/Screenshot-2022-04-04-184259-e1684341417946.jpg\" alt=\"\" class=\"wp-image-206600\" srcset=\"https:\/\/c-hessler.de\/wp-content\/uploads\/2023\/05\/Screenshot-2022-04-04-184259-e1684341417946.jpg 1091w, https:\/\/c-hessler.de\/wp-content\/uploads\/2023\/05\/Screenshot-2022-04-04-184259-e1684341417946-300x165.jpg 300w, https:\/\/c-hessler.de\/wp-content\/uploads\/2023\/05\/Screenshot-2022-04-04-184259-e1684341417946-1024x563.jpg 1024w, https:\/\/c-hessler.de\/wp-content\/uploads\/2023\/05\/Screenshot-2022-04-04-184259-e1684341417946-768x422.jpg 768w, https:\/\/c-hessler.de\/wp-content\/uploads\/2023\/05\/Screenshot-2022-04-04-184259-e1684341417946-1080x594.jpg 1080w, https:\/\/c-hessler.de\/wp-content\/uploads\/2023\/05\/Screenshot-2022-04-04-184259-e1684341417946-800x440.jpg 800w, https:\/\/c-hessler.de\/wp-content\/uploads\/2023\/05\/Screenshot-2022-04-04-184259-e1684341417946-150x82.jpg 150w\" sizes=\"(max-width: 1091px) 100vw, 1091px\" \/><\/figure>\n\n\n\n<p>Zasada dzia\u0142ania opiera si\u0119 na\u00a0<a href=\"https:\/\/c-hessler.de\/pl\/sklep\/frez-trzpieniowy-do-krawedzi-klejonych-w-drewnianych-elementach-mebli\/\">Standardowy frez do p\u0142aszczyzn i jest tam opisany<\/a>.<\/p>\n<\/div>\n\n\n\n<div class=\"wp-block-column is-layout-flow wp-block-column-is-layout-flow\">\n<p>Aplikacja na z\u0142o\u017conym elemencie obrabianym<\/p>\n\n\n\n<figure class=\"wp-block-image alignwide size-full\"><img decoding=\"async\" width=\"1067\" height=\"800\" src=\"https:\/\/c-hessler.de\/wp-content\/uploads\/2023\/05\/P1000693-scaled-e1684259419217.jpg\" alt=\"Zlicowanie frezu H z obrabianym przedmiotem 1\" class=\"wp-image-206584\" srcset=\"https:\/\/c-hessler.de\/wp-content\/uploads\/2023\/05\/P1000693-scaled-e1684259419217.jpg 1067w, https:\/\/c-hessler.de\/wp-content\/uploads\/2023\/05\/P1000693-scaled-e1684259419217-300x225.jpg 300w, https:\/\/c-hessler.de\/wp-content\/uploads\/2023\/05\/P1000693-scaled-e1684259419217-1024x768.jpg 1024w, https:\/\/c-hessler.de\/wp-content\/uploads\/2023\/05\/P1000693-scaled-e1684259419217-768x576.jpg 768w, https:\/\/c-hessler.de\/wp-content\/uploads\/2023\/05\/P1000693-scaled-e1684259419217-510x382.jpg 510w, https:\/\/c-hessler.de\/wp-content\/uploads\/2023\/05\/P1000693-scaled-e1684259419217-800x600.jpg 800w, https:\/\/c-hessler.de\/wp-content\/uploads\/2023\/05\/P1000693-scaled-e1684259419217-150x112.jpg 150w\" sizes=\"(max-width: 1067px) 100vw, 1067px\" \/><\/figure>\n<\/div>\n<\/div>\n<\/div>\n<\/div>\n\n\n\n<div class=\"wp-block-columns are-vertically-aligned-center is-layout-flex wp-container-core-columns-is-layout-28f84493 wp-block-columns-is-layout-flex\">\n<div class=\"wp-block-column is-layout-flow wp-block-column-is-layout-flow\">\n<div class=\"wp-block-columns is-layout-flex wp-container-core-columns-is-layout-28f84493 wp-block-columns-is-layout-flex\">\n<div class=\"wp-block-column is-layout-flow wp-block-column-is-layout-flow\">\n<p><strong>Historia kryj\u0105ca si\u0119 za frezem do p\u0142aszczyzn H<\/strong><\/p>\n\n\n\n<div style=\"height:13px\" aria-hidden=\"true\" class=\"wp-block-spacer\"><\/div>\n\n\n\n<p><em>Narracja stworzona za pomoc\u0105 AI (sztucznej inteligencji) na podstawie rzeczywistych specyfikacji, zweryfikowana za pomoc\u0105 ludzkiej inteligencji. Pokazujemy, co jest mo\u017cliwe dzi\u0119ki nowym metodom i \u017ce jako firma wykorzystujemy je dla naszych klient\u00f3w:<\/em><\/p>\n\n\n\n<div style=\"height:16px\" aria-hidden=\"true\" class=\"wp-block-spacer\"><\/div>\n\n\n\n<p>Producent przyczep kempingowych i kamper\u00f3w mia\u0142 zwinnego i zaanga\u017cowanego pracownika w dziale przygotowania pracy. Pracownik, kt\u00f3rego imi\u0119 zmienili\u015bmy i kt\u00f3rego nazywamy tutaj Henry, od dawna szuka\u0142 sposobu na uproszczenie wewn\u0119trznych proces\u00f3w.<\/p>\n\n\n\n<p>Podczas swoich poszukiwa\u0144 w Internecie, Henry natkn\u0105\u0142 si\u0119 na firm\u0119 Dr Christoph He\u00dfler Maschinensysteme (CHM HESSLER), kt\u00f3ra opracowa\u0142a innowacyjny frez do p\u0142aszczyzn. B\u0119d\u0105c pod wra\u017ceniem wiedzy i zaanga\u017cowania CHM HESSLER, Henry nawi\u0105za\u0142 kontakt i rozpocz\u0105\u0142 intensywny dialog. Henry szybko dostrzeg\u0142 potencja\u0142 nowego frezu w produkcji przyczep kempingowych i kamper\u00f3w. Potrafi\u0142 sobie wyobrazi\u0107, jak zastosowanie tego innowacyjnego narz\u0119dzia poprawi\u0142oby jako\u015b\u0107 pracy i jednocze\u015bnie skr\u00f3ci\u0142o czas produkcji. Jego pasja do pracy doprowadzi\u0142a go do znalezienia rozwi\u0105zania, kt\u00f3re pozwoli\u0142oby zintegrowa\u0107 nowy frez z firm\u0105.<\/p>\n\n\n\n<p>Pocz\u0105tkowo okaza\u0142o si\u0119, \u017ce&nbsp;<a href=\"https:\/\/c-hessler.de\/pl\/sklep\/allwinkel-buendigfraeser-mz-100-160v\/\" target=\"_blank\" rel=\"noreferrer noopener\">Istniej\u0105ce frezy p\u0142askie<\/a>&nbsp;nie mog\u0142a obrabia\u0107 wszystkich element\u00f3w, kt\u00f3rych potrzebowa\u0142 producent przyczep kempingowych. Po sprecyzowaniu wymaga\u0144, firma CHM HESSLER opracowa\u0142a specjalny wariant H frezu do p\u0142aszczyzn, kt\u00f3ry spe\u0142nia\u0142 wymagania firmy. Henry dostarczy\u0142 wa\u017cnych informacji zwrotnych na temat rozwoju tego wariantu i \u015bci\u015ble wsp\u00f3\u0142pracowa\u0142 z dzia\u0142em projektowym i personelem produkcyjnym CHM HESSLER. W ten spos\u00f3b zapewni\u0142, \u017ce nowy frez do p\u0142aszczyzn by\u0142 idealnie dostosowany do potrzeb producenta przyczep kempingowych.<\/p>\n\n\n\n<p>Przez ca\u0142y czas trwania projektu Henry nosi\u0142 mask\u0119 z powodu pandemii koronawirusa, przez co jego twarz by\u0142a nieznana dla CHM HESSLER. Pomimo tej fizycznej bariery nadal \u015bci\u015ble wsp\u00f3\u0142pracowa\u0142 z CHM HESSLER w celu omawiania i wdra\u017cania koncepcji, zmian, wdro\u017ce\u0144 testowych i element\u00f3w ochronnych.<\/p>\n\n\n\n<p>Kiedy w ko\u0144cu uda\u0142o si\u0119 wprowadzi\u0107 frez H, producent przyczep kempingowych by\u0142 zachwycony jako\u015bci\u0105 i precyzj\u0105, jak\u0105 zapewnia\u0142. Pracownicy byli wdzi\u0119czni za zaanga\u017cowanie Henry'ego i przyj\u0119li nowy frez z entuzjazmem. Procesy produkcyjne sta\u0142y si\u0119 bardziej wydajne, a praca sta\u0142a si\u0119 \u0142atwiejsza, co doprowadzi\u0142o do wzrostu zadowolenia i motywacji w\u015br\u00f3d pracownik\u00f3w.<\/p>\n\n\n\n<p>Po udanej premierze frezu H, Henry w ko\u0144cu mia\u0142 okazj\u0119 odwiedzi\u0107 CHM HESSLER na ich stoisku targowym i spotka\u0107 si\u0119 z nimi osobi\u015bcie. Powitanie bez maski symbolizowa\u0142o zako\u0144czenie wsp\u00f3lnego projektu i sukces wsp\u00f3\u0142pracy mi\u0119dzy producentem przyczep kempingowych a CHM HESSLER. Henry zas\u0142uguje na uznanie za swoj\u0105 cenn\u0105 rol\u0119 we wprowadzeniu frezu H flush.<\/p>\n\n\n\n<p>Historia frezu H i wsp\u00f3\u0142pracy mi\u0119dzy Henry f\u00fcr den Wohnwagenbauer i CHM HESSLER podkre\u015bla znaczenie partnerstwa, innowacji i zdolno\u015bci adaptacyjnych. Pokazuje, jak wsp\u00f3lne zaanga\u017cowanie i wsp\u00f3\u0142praca mog\u0105 prowadzi\u0107 do nowych rozwi\u0105za\u0144, nawet w trudnych czasach, takich jak pandemia koronawirusa.<\/p>\n<\/div>\n\n\n\n<div class=\"wp-block-column is-layout-flow wp-block-column-is-layout-flow\">\n<p><\/p>\n\n\n\n<figure class=\"wp-block-image size-large\"><img decoding=\"async\" width=\"1024\" height=\"768\" src=\"https:\/\/c-hessler.de\/wp-content\/uploads\/2023\/05\/P1000669-scaled-e1684259824625-1024x768.jpg\" alt=\"\" class=\"wp-image-206587\" srcset=\"https:\/\/c-hessler.de\/wp-content\/uploads\/2023\/05\/P1000669-scaled-e1684259824625-1024x768.jpg 1024w, https:\/\/c-hessler.de\/wp-content\/uploads\/2023\/05\/P1000669-scaled-e1684259824625-300x225.jpg 300w, https:\/\/c-hessler.de\/wp-content\/uploads\/2023\/05\/P1000669-scaled-e1684259824625-768x576.jpg 768w, https:\/\/c-hessler.de\/wp-content\/uploads\/2023\/05\/P1000669-scaled-e1684259824625-510x382.jpg 510w, https:\/\/c-hessler.de\/wp-content\/uploads\/2023\/05\/P1000669-scaled-e1684259824625-800x600.jpg 800w, https:\/\/c-hessler.de\/wp-content\/uploads\/2023\/05\/P1000669-scaled-e1684259824625-150x112.jpg 150w, https:\/\/c-hessler.de\/wp-content\/uploads\/2023\/05\/P1000669-scaled-e1684259824625.jpg 1067w\" sizes=\"(max-width: 1024px) 100vw, 1024px\" \/><\/figure>\n\n\n\n<h4 class=\"wp-block-heading\" id=\"h-was-der-allwinkel-bundigfraser-h-kann\">Co potrafi frez do p\u0142aszczyzn H o dowolnym k\u0105cie nachylenia:<\/h4>\n\n\n\n<ul class=\"wp-block-list\">\n<li>Frezowanie na r\u00f3wni z kraw\u0119dzi\u0105 ta\u015bmy w cz\u0119\u015bciach z wyci\u0119ciami i wybrzuszeniami<\/li>\n\n\n\n<li>Szybka regulacja ogranicznika \u015brodkowego w celu dostosowania do geometrii przedmiotu obrabianego<\/li>\n\n\n\n<li>Szybka regulacja przedniego ogranicznika z blokiem mocuj\u0105cym<\/li>\n\n\n\n<li>Szybka zmiana mi\u0119dzy r\u00f3\u017cnymi k\u0105tami naro\u017cnik\u00f3w bez konieczno\u015bci regulacji<\/li>\n\n\n\n<li>Czysty wynik frezowania<\/li>\n<\/ul>\n<\/div>\n<\/div>\n\n\n\n<p><\/p>\n<\/div>\n<\/div>","protected":false},"excerpt":{"rendered":"<p>Frez do p\u0142aszczyzn H jest u\u017cywany do frezowania p\u0142askich wyst\u0119p\u00f3w kraw\u0119dzi po stronie czo\u0142owej. W przeciwie\u0144stwie do <a href=\"https:\/\/c-hessler.de\/pl\/sklep\/allwinkel-buendigfraeser-mz-100-160v\/\">Standardowy frez do p\u0142aszczyzn<\/a> Z\u0142o\u017cone komponenty mog\u0105 by\u0107 obrabiane za pomoc\u0105 wariantu H. Bardzo dobrze nadaje si\u0119 do tzw. cz\u0119\u015bci puzzlowych i innych cz\u0119\u015bci specjalnych. Sprawdzona w produkcji przyczep kempingowych i domk\u00f3w mobilnych. Dost\u0119pna jest wersja prawa, jak pokazano na rysunku, oraz wersja lewa, b\u0119d\u0105ca lustrzanym odbiciem.<\/p>\n<p>Na pytania odpowiadamy r\u00f3wnie\u017c telefonicznie. Tel.: 05741 3012080, mi\u0119dzynarodowy: +49 5741 3012080<\/p>","protected":false},"featured_media":206577,"comment_status":"open","ping_status":"closed","template":"","meta":[],"product_brand":[],"product_cat":[58],"product_tag":[41,38,40],"class_list":{"0":"post-206621","1":"product","2":"type-product","3":"status-publish","4":"has-post-thumbnail","6":"product_cat-handgefuehrte-maschinen","7":"product_tag-aussenecken","8":"product_tag-handgefuehrt","9":"product_tag-pneumatischer-antrieb","11":"first","12":"instock","13":"sold-individually","14":"taxable","15":"shipping-taxable","16":"purchasable","17":"product-type-simple"},"yoast_head":"<!-- This site is optimized with the Yoast SEO Premium plugin v27.0 (Yoast SEO v27.4) - https:\/\/yoast.com\/product\/yoast-seo-premium-wordpress\/ -->\n<title>Allwinkel-B\u00fcndigfr\u00e4ser H von Dr. He\u00dfler Maschinensysteme<\/title>\n<meta name=\"description\" content=\"Mit dem Allwinkel-B\u00fcndigfr\u00e4ser H werden Kopf-Kanten von komplexen Teilen b\u00fcndig gefr\u00e4st. Sehr gut geeignet f\u00fcr Teile von Wohnwagen und Wohnmobilen.\" \/>\n<meta name=\"robots\" content=\"index, follow, max-snippet:-1, max-image-preview:large, max-video-preview:-1\" \/>\n<link rel=\"canonical\" href=\"https:\/\/c-hessler.de\/pl\/sklep\/allwinkel-buendigfraeser-mz-100-160v-h\/\" \/>\n<meta property=\"og:locale\" content=\"pl_PL\" \/>\n<meta property=\"og:type\" content=\"article\" \/>\n<meta property=\"og:title\" content=\"Allwinkel-B\u00fcndigfr\u00e4ser MZ 100 160V H\" \/>\n<meta property=\"og:description\" content=\"Mit dem Allwinkel-B\u00fcndigfr\u00e4ser H werden Kopf-Kanten von komplexen Teilen b\u00fcndig gefr\u00e4st. Sehr gut geeignet f\u00fcr Teile von Wohnwagen und Wohnmobilen.\" \/>\n<meta property=\"og:url\" content=\"https:\/\/c-hessler.de\/pl\/sklep\/allwinkel-buendigfraeser-mz-100-160v-h\/\" \/>\n<meta property=\"og:site_name\" content=\"Dr. Christoph He\u00dfler Maschinensysteme\" \/>\n<meta property=\"article:publisher\" content=\"https:\/\/www.facebook.com\/DrChristophHesslerMaschinensysteme\/\" \/>\n<meta property=\"article:modified_time\" content=\"2025-12-30T03:14:51+00:00\" \/>\n<meta property=\"og:image\" content=\"https:\/\/c-hessler.de\/wp-content\/uploads\/2023\/05\/P1010124-scaled-e1684256696780.jpg\" \/>\n\t<meta property=\"og:image:width\" content=\"1600\" \/>\n\t<meta property=\"og:image:height\" content=\"1200\" \/>\n\t<meta property=\"og:image:type\" content=\"image\/jpeg\" \/>\n<meta name=\"twitter:label1\" content=\"Cena\" \/>\n\t<meta name=\"twitter:data1\" content=\"3.754,00&nbsp;&euro; ohne MwSt.\" \/>\n\t<meta name=\"twitter:label2\" content=\"Dost\u0119pno\u015b\u0107\" \/>\n\t<meta name=\"twitter:data2\" content=\"Dost\u0119pny\" \/>\n<script type=\"application\/ld+json\" class=\"yoast-schema-graph\">{\"@context\":\"https:\\\/\\\/schema.org\",\"@graph\":[{\"@type\":\"WebPage\",\"@id\":\"https:\\\/\\\/c-hessler.de\\\/shop\\\/allwinkel-buendigfraeser-mz-100-160v-h\\\/\",\"url\":\"https:\\\/\\\/c-hessler.de\\\/shop\\\/allwinkel-buendigfraeser-mz-100-160v-h\\\/\",\"name\":\"Allwinkel-B\u00fcndigfr\u00e4ser H von Dr. He\u00dfler Maschinensysteme\",\"isPartOf\":{\"@id\":\"https:\\\/\\\/c-hessler.de\\\/#website\"},\"primaryImageOfPage\":{\"@id\":\"https:\\\/\\\/c-hessler.de\\\/shop\\\/allwinkel-buendigfraeser-mz-100-160v-h\\\/#primaryimage\"},\"image\":{\"@id\":\"https:\\\/\\\/c-hessler.de\\\/shop\\\/allwinkel-buendigfraeser-mz-100-160v-h\\\/#primaryimage\"},\"thumbnailUrl\":\"https:\\\/\\\/c-hessler.de\\\/wp-content\\\/uploads\\\/2023\\\/05\\\/P1010124-scaled-e1684256696780.jpg\",\"datePublished\":\"2023-05-18T13:52:32+00:00\",\"dateModified\":\"2025-12-30T03:14:51+00:00\",\"description\":\"Mit dem Allwinkel-B\u00fcndigfr\u00e4ser H werden Kopf-Kanten von komplexen Teilen b\u00fcndig gefr\u00e4st. Sehr gut geeignet f\u00fcr Teile von Wohnwagen und Wohnmobilen.\",\"breadcrumb\":{\"@id\":\"https:\\\/\\\/c-hessler.de\\\/shop\\\/allwinkel-buendigfraeser-mz-100-160v-h\\\/#breadcrumb\"},\"inLanguage\":\"pl-PL\",\"potentialAction\":[{\"@type\":\"ReadAction\",\"target\":[\"https:\\\/\\\/c-hessler.de\\\/shop\\\/allwinkel-buendigfraeser-mz-100-160v-h\\\/\"]}]},{\"@type\":\"ImageObject\",\"inLanguage\":\"pl-PL\",\"@id\":\"https:\\\/\\\/c-hessler.de\\\/shop\\\/allwinkel-buendigfraeser-mz-100-160v-h\\\/#primaryimage\",\"url\":\"https:\\\/\\\/c-hessler.de\\\/wp-content\\\/uploads\\\/2023\\\/05\\\/P1010124-scaled-e1684256696780.jpg\",\"contentUrl\":\"https:\\\/\\\/c-hessler.de\\\/wp-content\\\/uploads\\\/2023\\\/05\\\/P1010124-scaled-e1684256696780.jpg\",\"width\":1600,\"height\":1200,\"caption\":\"B\u00fcndigfr\u00e4ser mit Hochschwert\"},{\"@type\":\"BreadcrumbList\",\"@id\":\"https:\\\/\\\/c-hessler.de\\\/shop\\\/allwinkel-buendigfraeser-mz-100-160v-h\\\/#breadcrumb\",\"itemListElement\":[{\"@type\":\"ListItem\",\"position\":1,\"name\":\"Produkte\",\"item\":\"https:\\\/\\\/c-hessler.de\\\/produkte\\\/\"},{\"@type\":\"ListItem\",\"position\":2,\"name\":\"Allwinkel-B\u00fcndigfr\u00e4ser MZ 100 160V H\"}]},{\"@type\":\"WebSite\",\"@id\":\"https:\\\/\\\/c-hessler.de\\\/#website\",\"url\":\"https:\\\/\\\/c-hessler.de\\\/\",\"name\":\"www.c-hessler.de\",\"description\":\"\",\"publisher\":{\"@id\":\"https:\\\/\\\/c-hessler.de\\\/#organization\"},\"potentialAction\":[{\"@type\":\"SearchAction\",\"target\":{\"@type\":\"EntryPoint\",\"urlTemplate\":\"https:\\\/\\\/c-hessler.de\\\/?s={search_term_string}\"},\"query-input\":{\"@type\":\"PropertyValueSpecification\",\"valueRequired\":true,\"valueName\":\"search_term_string\"}}],\"inLanguage\":\"pl-PL\"},{\"@type\":\"Organization\",\"@id\":\"https:\\\/\\\/c-hessler.de\\\/#organization\",\"name\":\"Dr. Christoph He\u00dfler Maschinensysteme\",\"alternateName\":\"Dr. Christoph He\u00dfler Maschinensysteme\",\"url\":\"https:\\\/\\\/c-hessler.de\\\/\",\"logo\":{\"@type\":\"ImageObject\",\"inLanguage\":\"pl-PL\",\"@id\":\"https:\\\/\\\/c-hessler.de\\\/#\\\/schema\\\/logo\\\/image\\\/\",\"url\":\"https:\\\/\\\/c-hessler.de\\\/wp-content\\\/uploads\\\/2026\\\/02\\\/Draw-03-150312-110115-Ausgeschnitten-I.jpg\",\"contentUrl\":\"https:\\\/\\\/c-hessler.de\\\/wp-content\\\/uploads\\\/2026\\\/02\\\/Draw-03-150312-110115-Ausgeschnitten-I.jpg\",\"width\":445,\"height\":394,\"caption\":\"Dr. Christoph He\u00dfler Maschinensysteme\"},\"image\":{\"@id\":\"https:\\\/\\\/c-hessler.de\\\/#\\\/schema\\\/logo\\\/image\\\/\"},\"sameAs\":[\"https:\\\/\\\/www.facebook.com\\\/DrChristophHesslerMaschinensysteme\\\/\",\"https:\\\/\\\/www.pinterest.de\\\/hesstools\\\/\",\"https:\\\/\\\/www.youtube.com\\\/channel\\\/UCaNnXDGGF_BiYFQZ2kJgi-A?view_as=subscriber\"],\"description\":\"1. Ecken- und Kantenfr\u00e4sen f\u00fcr Tischler und Schreiner, Sonderanfertigungen 2. Auch f\u00fcr die Nachbearbeitung von Eck-Schwei\u00dfn\u00e4hten bei Aluminium-Werkstoffen, f\u00fcr Fahrzeugbauer oder Metallbauer aller Art\",\"email\":\"christoph.hessler@c-hessler.de\",\"telephone\":\"0527413012080\",\"legalName\":\"Dr. Christoph He\u00dfler Maschinensysteme\",\"foundingDate\":\"2003-06-05\",\"vatID\":\"DE230070107\",\"numberOfEmployees\":{\"@type\":\"QuantitativeValue\",\"minValue\":\"1\",\"maxValue\":\"10\"}}]}<\/script>\n<meta property=\"product:price:amount\" content=\"3754.00\" \/>\n<meta property=\"product:price:currency\" content=\"EUR\" \/>\n<meta property=\"og:availability\" content=\"instock\" \/>\n<meta property=\"product:availability\" content=\"instock\" \/>\n<meta property=\"product:retailer_item_id\" content=\"allwinkel-buendigfraeser-mz-100-160v-h\" \/>\n<meta property=\"product:condition\" content=\"new\" \/>\n<!-- \/ Yoast SEO Premium plugin. -->","yoast_head_json":{"title":"Frez do p\u0142aszczyzn pod ka\u017cdym k\u0105tem H od Dr Hessler Maschinensysteme","description":"Frez do p\u0142aszczyzn H jest u\u017cywany do frezowania g\u00f3rnych kraw\u0119dzi z\u0142o\u017conych cz\u0119\u015bci w jednej p\u0142aszczy\u017anie. Bardzo dobrze nadaje si\u0119 do cz\u0119\u015bci przyczep kempingowych i kamper\u00f3w.","robots":{"index":"index","follow":"follow","max-snippet":"max-snippet:-1","max-image-preview":"max-image-preview:large","max-video-preview":"max-video-preview:-1"},"canonical":"https:\/\/c-hessler.de\/pl\/sklep\/allwinkel-buendigfraeser-mz-100-160v-h\/","og_locale":"pl_PL","og_type":"article","og_title":"Allwinkel-B\u00fcndigfr\u00e4ser MZ 100 160V H","og_description":"Mit dem Allwinkel-B\u00fcndigfr\u00e4ser H werden Kopf-Kanten von komplexen Teilen b\u00fcndig gefr\u00e4st. Sehr gut geeignet f\u00fcr Teile von Wohnwagen und Wohnmobilen.","og_url":"https:\/\/c-hessler.de\/pl\/sklep\/allwinkel-buendigfraeser-mz-100-160v-h\/","og_site_name":"Dr. Christoph He\u00dfler Maschinensysteme","article_publisher":"https:\/\/www.facebook.com\/DrChristophHesslerMaschinensysteme\/","article_modified_time":"2025-12-30T03:14:51+00:00","og_image":[{"width":1600,"height":1200,"url":"https:\/\/c-hessler.de\/wp-content\/uploads\/2023\/05\/P1010124-scaled-e1684256696780.jpg","type":"image\/jpeg"}],"twitter_misc":{"Cena":"3.754,00&nbsp;&euro; ohne MwSt.","Dost\u0119pno\u015b\u0107":"Dost\u0119pny"},"schema":{"@context":"https:\/\/schema.org","@graph":[{"@type":"WebPage","@id":"https:\/\/c-hessler.de\/shop\/allwinkel-buendigfraeser-mz-100-160v-h\/","url":"https:\/\/c-hessler.de\/shop\/allwinkel-buendigfraeser-mz-100-160v-h\/","name":"Frez do p\u0142aszczyzn pod ka\u017cdym k\u0105tem H od Dr Hessler Maschinensysteme","isPartOf":{"@id":"https:\/\/c-hessler.de\/#website"},"primaryImageOfPage":{"@id":"https:\/\/c-hessler.de\/shop\/allwinkel-buendigfraeser-mz-100-160v-h\/#primaryimage"},"image":{"@id":"https:\/\/c-hessler.de\/shop\/allwinkel-buendigfraeser-mz-100-160v-h\/#primaryimage"},"thumbnailUrl":"https:\/\/c-hessler.de\/wp-content\/uploads\/2023\/05\/P1010124-scaled-e1684256696780.jpg","datePublished":"2023-05-18T13:52:32+00:00","dateModified":"2025-12-30T03:14:51+00:00","description":"Frez do p\u0142aszczyzn H jest u\u017cywany do frezowania g\u00f3rnych kraw\u0119dzi z\u0142o\u017conych cz\u0119\u015bci w jednej p\u0142aszczy\u017anie. Bardzo dobrze nadaje si\u0119 do cz\u0119\u015bci przyczep kempingowych i kamper\u00f3w.","breadcrumb":{"@id":"https:\/\/c-hessler.de\/shop\/allwinkel-buendigfraeser-mz-100-160v-h\/#breadcrumb"},"inLanguage":"pl-PL","potentialAction":[{"@type":"ReadAction","target":["https:\/\/c-hessler.de\/shop\/allwinkel-buendigfraeser-mz-100-160v-h\/"]}]},{"@type":"ImageObject","inLanguage":"pl-PL","@id":"https:\/\/c-hessler.de\/shop\/allwinkel-buendigfraeser-mz-100-160v-h\/#primaryimage","url":"https:\/\/c-hessler.de\/wp-content\/uploads\/2023\/05\/P1010124-scaled-e1684256696780.jpg","contentUrl":"https:\/\/c-hessler.de\/wp-content\/uploads\/2023\/05\/P1010124-scaled-e1684256696780.jpg","width":1600,"height":1200,"caption":"B\u00fcndigfr\u00e4ser mit Hochschwert"},{"@type":"BreadcrumbList","@id":"https:\/\/c-hessler.de\/shop\/allwinkel-buendigfraeser-mz-100-160v-h\/#breadcrumb","itemListElement":[{"@type":"ListItem","position":1,"name":"Produkte","item":"https:\/\/c-hessler.de\/produkte\/"},{"@type":"ListItem","position":2,"name":"Allwinkel-B\u00fcndigfr\u00e4ser MZ 100 160V H"}]},{"@type":"WebSite","@id":"https:\/\/c-hessler.de\/#website","url":"https:\/\/c-hessler.de\/","name":"www.c-hessler.de","description":"","publisher":{"@id":"https:\/\/c-hessler.de\/#organization"},"potentialAction":[{"@type":"SearchAction","target":{"@type":"EntryPoint","urlTemplate":"https:\/\/c-hessler.de\/?s={search_term_string}"},"query-input":{"@type":"PropertyValueSpecification","valueRequired":true,"valueName":"search_term_string"}}],"inLanguage":"pl-PL"},{"@type":"Organization","@id":"https:\/\/c-hessler.de\/#organization","name":"Dr Christoph He\u00dfler Machine Systems","alternateName":"Dr. Christoph He\u00dfler Maschinensysteme","url":"https:\/\/c-hessler.de\/","logo":{"@type":"ImageObject","inLanguage":"pl-PL","@id":"https:\/\/c-hessler.de\/#\/schema\/logo\/image\/","url":"https:\/\/c-hessler.de\/wp-content\/uploads\/2026\/02\/Draw-03-150312-110115-Ausgeschnitten-I.jpg","contentUrl":"https:\/\/c-hessler.de\/wp-content\/uploads\/2026\/02\/Draw-03-150312-110115-Ausgeschnitten-I.jpg","width":445,"height":394,"caption":"Dr. Christoph He\u00dfler Maschinensysteme"},"image":{"@id":"https:\/\/c-hessler.de\/#\/schema\/logo\/image\/"},"sameAs":["https:\/\/www.facebook.com\/DrChristophHesslerMaschinensysteme\/","https:\/\/www.pinterest.de\/hesstools\/","https:\/\/www.youtube.com\/channel\/UCaNnXDGGF_BiYFQZ2kJgi-A?view_as=subscriber"],"description":"1. Ecken- und Kantenfr\u00e4sen f\u00fcr Tischler und Schreiner, Sonderanfertigungen 2. Auch f\u00fcr die Nachbearbeitung von Eck-Schwei\u00dfn\u00e4hten bei Aluminium-Werkstoffen, f\u00fcr Fahrzeugbauer oder Metallbauer aller Art","email":"christoph.hessler@c-hessler.de","telephone":"0527413012080","legalName":"Dr. Christoph He\u00dfler Maschinensysteme","foundingDate":"2003-06-05","vatID":"DE230070107","numberOfEmployees":{"@type":"QuantitativeValue","minValue":"1","maxValue":"10"}}]},"product_price_amount":"3754.00","product_price_currency":"EUR","og_availability":"instock","product_availability":"instock","product_retailer_item_id":"allwinkel-buendigfraeser-mz-100-160v-h","product_condition":"new"},"_links":{"self":[{"href":"https:\/\/c-hessler.de\/pl\/wp-json\/wp\/v2\/product\/206621","targetHints":{"allow":["GET"]}}],"collection":[{"href":"https:\/\/c-hessler.de\/pl\/wp-json\/wp\/v2\/product"}],"about":[{"href":"https:\/\/c-hessler.de\/pl\/wp-json\/wp\/v2\/types\/product"}],"replies":[{"embeddable":true,"href":"https:\/\/c-hessler.de\/pl\/wp-json\/wp\/v2\/comments?post=206621"}],"wp:featuredmedia":[{"embeddable":true,"href":"https:\/\/c-hessler.de\/pl\/wp-json\/wp\/v2\/media\/206577"}],"wp:attachment":[{"href":"https:\/\/c-hessler.de\/pl\/wp-json\/wp\/v2\/media?parent=206621"}],"wp:term":[{"taxonomy":"product_brand","embeddable":true,"href":"https:\/\/c-hessler.de\/pl\/wp-json\/wp\/v2\/product_brand?post=206621"},{"taxonomy":"product_cat","embeddable":true,"href":"https:\/\/c-hessler.de\/pl\/wp-json\/wp\/v2\/product_cat?post=206621"},{"taxonomy":"product_tag","embeddable":true,"href":"https:\/\/c-hessler.de\/pl\/wp-json\/wp\/v2\/product_tag?post=206621"}],"curies":[{"name":"wp","href":"https:\/\/api.w.org\/{rel}","templated":true}]}}