{"id":135,"date":"2015-05-28T09:14:30","date_gmt":"2015-05-28T07:14:30","guid":{"rendered":"https:\/\/c-hessler.de\/?page_id=135"},"modified":"2025-12-09T12:46:23","modified_gmt":"2025-12-09T11:46:23","slug":"viktig-information-om-anvaendningen-av-mallen-foer-onlinebutiken","status":"publish","type":"page","link":"https:\/\/c-hessler.de\/sv\/wichtige-informationen-zur-nutzung-der-onlineshop-vorlage\/","title":{"rendered":"Viktig information f\u00f6r mallen f\u00f6r onlinebutiken"},"content":{"rendered":"<p>F\u00f6r att s\u00e4kerst\u00e4lla att webbutiksmallen kan anv\u00e4ndas i Tyskland p\u00e5 ett lagligt s\u00e4tt har den anpassats med till\u00e4gget \"WooCommerce German Market\". Detta skapar automatiskt vissa sidor och anpassar inneh\u00e5llet. Vi rekommenderar att du f\u00f6rst kontrollerar WooCommerce-inst\u00e4llningarna i backend och sedan sj\u00e4lva sidorna f\u00f6r korrekt inneh\u00e5ll (t.ex. kontaktuppgifter, skatte- och annulleringsinformation).<\/p>\n<h3>Vilka anpassningar \u00e4r n\u00f6dv\u00e4ndiga f\u00f6r WooCommerce?<\/h3>\n<p>En anv\u00e4ndbar sammanst\u00e4llning av m\u00e5nga handledningar och ytterligare information finns p\u00e5 <a href=\"https:\/\/marketpress.de\/2014\/woocommerce-guide\/#tutorials\">WooCommerce Reseguide<\/a>.<\/p>\n<h3>Ta bort anteckningen \"Detta \u00e4r en demoinstallation ...\"<\/h3>\n<p>Anteckningen \"Detta \u00e4r en demoinstallation. Alla best\u00e4llningar i denna butik kommer varken att beaktas eller genomf\u00f6ras.\" kan d\u00f6ljas i backend genom att avmarkera rutan \"WooCommerce \/ Inst\u00e4llningar \/ Aktivera webbplatsomfattande butikshinttext\".<\/p>\n<h3>Vilket demoinneh\u00e5ll ing\u00e5r i butiken?<\/h3>\n<p>Mallen f\u00f6r onlinebutiken levereras med flera exempelprodukter i en exempelkategori. L\u00e4nkarna i menyn \u00e4r ocks\u00e5 anpassade f\u00f6r demon. F\u00f6r att f\u00e5 en b\u00e4ttre \u00f6verblick rekommenderar vi att du tar bort bilderna f\u00f6r exempelprodukterna fr\u00e5n mediagalleriet n\u00e4r du startar butiken.<\/p>\n<p><strong>N\u00e4r du har skapat webbshoppen kan du radera den h\u00e4r sidan i redigeringsverktyget via \"L\u00e4gg i papperskorgen\". F\u00f6r att anpassa menyn, g\u00e5 till sidan \"Menyer\" i backend under menyalternativet \"Design\".<\/strong><\/p>","protected":false},"excerpt":{"rendered":"<p>Damit die Onlineshop-Vorlage in Deutschland rechtssicher genutzt werden kann, ist sie mit der Erweiterung &#8222;WooCommerce German Market&#8220; angepasst worden. Hierbei wurden automatisch einige Seiten angelegt sowie Inhalte anpasst. Wir empfehlen zu Beginn die WooCommerce-Einstellungen im Backend und anschlie\u00dfend die Seiten selbst auf\u00a0korrekten Inhalt (z.B. Kontaktdaten, Steuer- und Widerrufsinformationen) zu pr\u00fcfen. Welche Anpassungen sind bei WooCommerce [&hellip;]<\/p>\n","protected":false},"author":5,"featured_media":0,"parent":0,"menu_order":0,"comment_status":"closed","ping_status":"closed","template":"","meta":{"footnotes":""},"class_list":["post-135","page","type-page","status-publish","hentry"],"yoast_head":"<!-- This site is optimized with the Yoast SEO Premium plugin v27.0 (Yoast SEO v27.4) - https:\/\/yoast.com\/product\/yoast-seo-premium-wordpress\/ -->\n<title>Wichtige Informationen f\u00fcr die Onlineshop-Vorlage - Dr. Christoph He\u00dfler Maschinensysteme<\/title>\n<meta name=\"robots\" content=\"index, follow, max-snippet:-1, max-image-preview:large, max-video-preview:-1\" \/>\n<link rel=\"canonical\" href=\"https:\/\/c-hessler.de\/sv\/viktig-information-om-anvaendningen-av-mallen-foer-onlinebutiken\/\" \/>\n<meta property=\"og:locale\" content=\"sv_SE\" \/>\n<meta property=\"og:type\" content=\"article\" \/>\n<meta property=\"og:title\" content=\"Wichtige Informationen f\u00fcr die Onlineshop-Vorlage\" \/>\n<meta property=\"og:description\" content=\"Damit die Onlineshop-Vorlage in Deutschland rechtssicher genutzt werden kann, ist sie mit der Erweiterung &#8222;WooCommerce German Market&#8220; angepasst worden. Hierbei wurden automatisch einige Seiten angelegt sowie Inhalte anpasst. Wir empfehlen zu Beginn die WooCommerce-Einstellungen im Backend und anschlie\u00dfend die Seiten selbst auf\u00a0korrekten Inhalt (z.B. Kontaktdaten, Steuer- und Widerrufsinformationen) zu pr\u00fcfen. Welche Anpassungen sind bei WooCommerce [&hellip;]\" \/>\n<meta property=\"og:url\" content=\"https:\/\/c-hessler.de\/sv\/viktig-information-om-anvaendningen-av-mallen-foer-onlinebutiken\/\" \/>\n<meta property=\"og:site_name\" content=\"Dr. Christoph He\u00dfler Maschinensysteme\" \/>\n<meta property=\"article:publisher\" content=\"https:\/\/www.facebook.com\/DrChristophHesslerMaschinensysteme\/\" \/>\n<meta property=\"article:modified_time\" content=\"2025-12-09T11:46:23+00:00\" \/>\n<meta name=\"twitter:label1\" content=\"Ber\u00e4knad l\u00e4stid\" \/>\n\t<meta name=\"twitter:data1\" content=\"1 minut\" \/>\n<script type=\"application\/ld+json\" class=\"yoast-schema-graph\">{\"@context\":\"https:\\\/\\\/schema.org\",\"@graph\":[{\"@type\":\"WebPage\",\"@id\":\"https:\\\/\\\/c-hessler.de\\\/wichtige-informationen-zur-nutzung-der-onlineshop-vorlage\\\/\",\"url\":\"https:\\\/\\\/c-hessler.de\\\/wichtige-informationen-zur-nutzung-der-onlineshop-vorlage\\\/\",\"name\":\"Wichtige Informationen f\u00fcr die Onlineshop-Vorlage - Dr. Christoph He\u00dfler Maschinensysteme\",\"isPartOf\":{\"@id\":\"https:\\\/\\\/c-hessler.de\\\/#website\"},\"datePublished\":\"2015-05-28T07:14:30+00:00\",\"dateModified\":\"2025-12-09T11:46:23+00:00\",\"inLanguage\":\"sv-SE\",\"potentialAction\":[{\"@type\":\"ReadAction\",\"target\":[\"https:\\\/\\\/c-hessler.de\\\/wichtige-informationen-zur-nutzung-der-onlineshop-vorlage\\\/\"]}]},{\"@type\":\"WebSite\",\"@id\":\"https:\\\/\\\/c-hessler.de\\\/#website\",\"url\":\"https:\\\/\\\/c-hessler.de\\\/\",\"name\":\"www.c-hessler.de\",\"description\":\"\",\"publisher\":{\"@id\":\"https:\\\/\\\/c-hessler.de\\\/#organization\"},\"potentialAction\":[{\"@type\":\"SearchAction\",\"target\":{\"@type\":\"EntryPoint\",\"urlTemplate\":\"https:\\\/\\\/c-hessler.de\\\/?s={search_term_string}\"},\"query-input\":{\"@type\":\"PropertyValueSpecification\",\"valueRequired\":true,\"valueName\":\"search_term_string\"}}],\"inLanguage\":\"sv-SE\"},{\"@type\":\"Organization\",\"@id\":\"https:\\\/\\\/c-hessler.de\\\/#organization\",\"name\":\"Dr. Christoph He\u00dfler Maschinensysteme\",\"alternateName\":\"Dr. Christoph He\u00dfler Maschinensysteme\",\"url\":\"https:\\\/\\\/c-hessler.de\\\/\",\"logo\":{\"@type\":\"ImageObject\",\"inLanguage\":\"sv-SE\",\"@id\":\"https:\\\/\\\/c-hessler.de\\\/#\\\/schema\\\/logo\\\/image\\\/\",\"url\":\"https:\\\/\\\/c-hessler.de\\\/wp-content\\\/uploads\\\/2026\\\/02\\\/Draw-03-150312-110115-Ausgeschnitten-I.jpg\",\"contentUrl\":\"https:\\\/\\\/c-hessler.de\\\/wp-content\\\/uploads\\\/2026\\\/02\\\/Draw-03-150312-110115-Ausgeschnitten-I.jpg\",\"width\":445,\"height\":394,\"caption\":\"Dr. Christoph He\u00dfler Maschinensysteme\"},\"image\":{\"@id\":\"https:\\\/\\\/c-hessler.de\\\/#\\\/schema\\\/logo\\\/image\\\/\"},\"sameAs\":[\"https:\\\/\\\/www.facebook.com\\\/DrChristophHesslerMaschinensysteme\\\/\",\"https:\\\/\\\/www.pinterest.de\\\/hesstools\\\/\",\"https:\\\/\\\/www.youtube.com\\\/channel\\\/UCaNnXDGGF_BiYFQZ2kJgi-A?view_as=subscriber\"],\"description\":\"1. Ecken- und Kantenfr\u00e4sen f\u00fcr Tischler und Schreiner, Sonderanfertigungen 2. Auch f\u00fcr die Nachbearbeitung von Eck-Schwei\u00dfn\u00e4hten bei Aluminium-Werkstoffen, f\u00fcr Fahrzeugbauer oder Metallbauer aller Art\",\"email\":\"christoph.hessler@c-hessler.de\",\"telephone\":\"0527413012080\",\"legalName\":\"Dr. Christoph He\u00dfler Maschinensysteme\",\"foundingDate\":\"2003-06-05\",\"vatID\":\"DE230070107\",\"numberOfEmployees\":{\"@type\":\"QuantitativeValue\",\"minValue\":\"1\",\"maxValue\":\"10\"}}]}<\/script>\n<!-- \/ Yoast SEO Premium plugin. -->","yoast_head_json":{"title":"Viktig information f\u00f6r mallen f\u00f6r onlinebutiken - Dr Christoph He\u00dfler Maschinensysteme","robots":{"index":"index","follow":"follow","max-snippet":"max-snippet:-1","max-image-preview":"max-image-preview:large","max-video-preview":"max-video-preview:-1"},"canonical":"https:\/\/c-hessler.de\/sv\/viktig-information-om-anvaendningen-av-mallen-foer-onlinebutiken\/","og_locale":"sv_SE","og_type":"article","og_title":"Wichtige Informationen f\u00fcr die Onlineshop-Vorlage","og_description":"Damit die Onlineshop-Vorlage in Deutschland rechtssicher genutzt werden kann, ist sie mit der Erweiterung &#8222;WooCommerce German Market&#8220; angepasst worden. Hierbei wurden automatisch einige Seiten angelegt sowie Inhalte anpasst. Wir empfehlen zu Beginn die WooCommerce-Einstellungen im Backend und anschlie\u00dfend die Seiten selbst auf\u00a0korrekten Inhalt (z.B. Kontaktdaten, Steuer- und Widerrufsinformationen) zu pr\u00fcfen. Welche Anpassungen sind bei WooCommerce [&hellip;]","og_url":"https:\/\/c-hessler.de\/sv\/viktig-information-om-anvaendningen-av-mallen-foer-onlinebutiken\/","og_site_name":"Dr. Christoph He\u00dfler Maschinensysteme","article_publisher":"https:\/\/www.facebook.com\/DrChristophHesslerMaschinensysteme\/","article_modified_time":"2025-12-09T11:46:23+00:00","twitter_misc":{"Ber\u00e4knad l\u00e4stid":"1 minut"},"schema":{"@context":"https:\/\/schema.org","@graph":[{"@type":"WebPage","@id":"https:\/\/c-hessler.de\/wichtige-informationen-zur-nutzung-der-onlineshop-vorlage\/","url":"https:\/\/c-hessler.de\/wichtige-informationen-zur-nutzung-der-onlineshop-vorlage\/","name":"Viktig information f\u00f6r mallen f\u00f6r onlinebutiken - Dr Christoph He\u00dfler Maschinensysteme","isPartOf":{"@id":"https:\/\/c-hessler.de\/#website"},"datePublished":"2015-05-28T07:14:30+00:00","dateModified":"2025-12-09T11:46:23+00:00","inLanguage":"sv-SE","potentialAction":[{"@type":"ReadAction","target":["https:\/\/c-hessler.de\/wichtige-informationen-zur-nutzung-der-onlineshop-vorlage\/"]}]},{"@type":"WebSite","@id":"https:\/\/c-hessler.de\/#website","url":"https:\/\/c-hessler.de\/","name":"www.c-hessler.de","description":"","publisher":{"@id":"https:\/\/c-hessler.de\/#organization"},"potentialAction":[{"@type":"SearchAction","target":{"@type":"EntryPoint","urlTemplate":"https:\/\/c-hessler.de\/?s={search_term_string}"},"query-input":{"@type":"PropertyValueSpecification","valueRequired":true,"valueName":"search_term_string"}}],"inLanguage":"sv-SE"},{"@type":"Organization","@id":"https:\/\/c-hessler.de\/#organization","name":"Dr Christoph He\u00dfler Maskinsystem","alternateName":"Dr. Christoph He\u00dfler Maschinensysteme","url":"https:\/\/c-hessler.de\/","logo":{"@type":"ImageObject","inLanguage":"sv-SE","@id":"https:\/\/c-hessler.de\/#\/schema\/logo\/image\/","url":"https:\/\/c-hessler.de\/wp-content\/uploads\/2026\/02\/Draw-03-150312-110115-Ausgeschnitten-I.jpg","contentUrl":"https:\/\/c-hessler.de\/wp-content\/uploads\/2026\/02\/Draw-03-150312-110115-Ausgeschnitten-I.jpg","width":445,"height":394,"caption":"Dr. Christoph He\u00dfler Maschinensysteme"},"image":{"@id":"https:\/\/c-hessler.de\/#\/schema\/logo\/image\/"},"sameAs":["https:\/\/www.facebook.com\/DrChristophHesslerMaschinensysteme\/","https:\/\/www.pinterest.de\/hesstools\/","https:\/\/www.youtube.com\/channel\/UCaNnXDGGF_BiYFQZ2kJgi-A?view_as=subscriber"],"description":"1. Ecken- und Kantenfr\u00e4sen f\u00fcr Tischler und Schreiner, Sonderanfertigungen 2. Auch f\u00fcr die Nachbearbeitung von Eck-Schwei\u00dfn\u00e4hten bei Aluminium-Werkstoffen, f\u00fcr Fahrzeugbauer oder Metallbauer aller Art","email":"christoph.hessler@c-hessler.de","telephone":"0527413012080","legalName":"Dr. Christoph He\u00dfler Maschinensysteme","foundingDate":"2003-06-05","vatID":"DE230070107","numberOfEmployees":{"@type":"QuantitativeValue","minValue":"1","maxValue":"10"}}]}},"_hostinger_reach_plugin_has_subscription_block":false,"_hostinger_reach_plugin_is_elementor":false,"_links":{"self":[{"href":"https:\/\/c-hessler.de\/sv\/wp-json\/wp\/v2\/pages\/135","targetHints":{"allow":["GET"]}}],"collection":[{"href":"https:\/\/c-hessler.de\/sv\/wp-json\/wp\/v2\/pages"}],"about":[{"href":"https:\/\/c-hessler.de\/sv\/wp-json\/wp\/v2\/types\/page"}],"author":[{"embeddable":true,"href":"https:\/\/c-hessler.de\/sv\/wp-json\/wp\/v2\/users\/5"}],"replies":[{"embeddable":true,"href":"https:\/\/c-hessler.de\/sv\/wp-json\/wp\/v2\/comments?post=135"}],"version-history":[{"count":0,"href":"https:\/\/c-hessler.de\/sv\/wp-json\/wp\/v2\/pages\/135\/revisions"}],"wp:attachment":[{"href":"https:\/\/c-hessler.de\/sv\/wp-json\/wp\/v2\/media?parent=135"}],"curies":[{"name":"wp","href":"https:\/\/api.w.org\/{rel}","templated":true}]}}