{"id":207159,"date":"2025-07-30T18:20:18","date_gmt":"2025-07-30T16:20:18","guid":{"rendered":"https:\/\/c-hessler.de\/?page_id=207159"},"modified":"2025-12-09T12:45:12","modified_gmt":"2025-12-09T11:45:12","slug":"klinkerstenar-vid-moebelmanufaktur-helm-design-troisdorf","status":"publish","type":"page","link":"https:\/\/c-hessler.de\/sv\/produkte\/ausklinker-bei-moebelmanufaktur-helm-design-troisdorf\/","title":{"rendered":"Videohackning hos M\u00f6belmanufaktur Helm Design, Troisdorf,"},"content":{"rendered":"<p>[et_pb_section fb_built=&#8220;1&#8243; _builder_version=&#8220;4.27.4&#8243; global_colors_info=&#8220;{}&#8220;][et_pb_row _builder_version=&#8220;4.16&#8243; background_size=&#8220;initial&#8220; background_position=&#8220;top_left&#8220; background_repeat=&#8220;repeat&#8220; global_colors_info=&#8220;{}&#8220;][et_pb_column type=&#8220;4_4&#8243; _builder_version=&#8220;4.16&#8243; custom_padding=&#8220;|||&#8220; global_colors_info=&#8220;{}&#8220; custom_padding__hover=&#8220;|||&#8220;][et_pb_code _builder_version=&#8220;4.27.4&#8243; _module_preset=&#8220;default&#8220; global_colors_info=&#8220;{}&#8220;]<\/p>\n<div style=\"position: relative; padding-bottom: 56.25%; height: 0; overflow: hidden;\"><!-- [et_pb_line_break_holder] -->  <iframe src=\"https:\/\/www.youtube.com\/embed\/_xaow5uv354?autoplay=1\" <!-- [et_pb_line_break_holder] -->          style=&#8220;position: absolute; top: 0; left: 0; width: 100%; height: 100%; border: 0;&#8220; <!-- [et_pb_line_break_holder] -->          allow=&#8220;autoplay; encrypted-media&#8220; <!-- [et_pb_line_break_holder] -->          allowfullscreen><!-- [et_pb_line_break_holder] -->  <\/iframe><!-- [et_pb_line_break_holder] --><\/div>\n<p><!-- [et_pb_line_break_holder] -->[\/et_pb_code][\/et_pb_column][\/et_pb_row][et_pb_row _builder_version=&#8220;4.27.4&#8243; background_size=&#8220;initial&#8220; background_position=&#8220;top_left&#8220; background_repeat=&#8220;repeat&#8220; global_colors_info=&#8220;{}&#8220;][et_pb_column type=&#8220;4_4&#8243; _builder_version=&#8220;4.16&#8243; custom_padding=&#8220;|||&#8220; global_colors_info=&#8220;{}&#8220; custom_padding__hover=&#8220;|||&#8220;][et_pb_text _builder_version=&#8220;4.27.4&#8243; _module_preset=&#8220;default&#8220; global_colors_info=&#8220;{}&#8220;]<\/p>\n<p>Das Video zeigt den Ausklinker MZ 02 90F bei der M\u00f6belmanufaktur Helm Design in Troisdorf. Durch den schon im Standard gro\u00dfen Hub k\u00f6nnen auch aufgedoppelte Werkst\u00fccke bearbeitet werden. In einem Hub werden beide Seiten der Innenecke pr\u00e4zise sicher und zeitsparend sauber bearbeitet. Als Besonderheit ist hier eine Verl\u00e4ngerung der Anschlags zu sehen, so dass der Ausklinker exakt an eine kurze Inneneckenseite angelegt werden kann. Wir danken Helm Design in Troisdorf f\u00fcr die \u00dcberlassung des Videos.<\/p>\n<p>[\/et_pb_text][et_pb_button button_url=&#8220;https:\/\/c-hessler.de\/shop\/ausklinken-ohne-cnc-mit-ausklinker-mz-02-90f-a\/&#8220; button_text=&#8220;Zur\u00fcck zum Produkt&#8220; _builder_version=&#8220;4.27.4&#8243; _module_preset=&#8220;default&#8220; global_colors_info=&#8220;{}&#8220;][\/et_pb_button][\/et_pb_column][\/et_pb_row][\/et_pb_section]<\/p>\n","protected":false},"excerpt":{"rendered":"<p>[et_pb_section fb_built=&#8220;1&#8243; _builder_version=&#8220;4.27.4&#8243; global_colors_info=&#8220;{}&#8220;][et_pb_row _builder_version=&#8220;4.16&#8243; background_size=&#8220;initial&#8220; background_position=&#8220;top_left&#8220; background_repeat=&#8220;repeat&#8220; global_colors_info=&#8220;{}&#8220;][et_pb_column type=&#8220;4_4&#8243; _builder_version=&#8220;4.16&#8243; custom_padding=&#8220;|||&#8220; global_colors_info=&#8220;{}&#8220; custom_padding__hover=&#8220;|||&#8220;][et_pb_code _builder_version=&#8220;4.27.4&#8243; _module_preset=&#8220;default&#8220; global_colors_info=&#8220;{}&#8220;] style=&#8220;position: absolute; top: 0; left: 0; width: 100%; height: 100%; border: 0;&#8220; allow=&#8220;autoplay; encrypted-media&#8220; allowfullscreen [\/et_pb_code][\/et_pb_column][\/et_pb_row][et_pb_row _builder_version=&#8220;4.27.4&#8243; background_size=&#8220;initial&#8220; background_position=&#8220;top_left&#8220; background_repeat=&#8220;repeat&#8220; global_colors_info=&#8220;{}&#8220;][et_pb_column type=&#8220;4_4&#8243; _builder_version=&#8220;4.16&#8243; custom_padding=&#8220;|||&#8220; global_colors_info=&#8220;{}&#8220; custom_padding__hover=&#8220;|||&#8220;][et_pb_text _builder_version=&#8220;4.27.4&#8243; _module_preset=&#8220;default&#8220; global_colors_info=&#8220;{}&#8220;] Das Video zeigt den Ausklinker MZ 02 90F bei [&hellip;]<\/p>\n","protected":false},"author":5,"featured_media":0,"parent":49,"menu_order":1,"comment_status":"closed","ping_status":"closed","template":"","meta":{"footnotes":""},"class_list":["post-207159","page","type-page","status-publish","hentry"],"yoast_head":"<!-- This site is optimized with the Yoast SEO Premium plugin v27.0 (Yoast SEO v27.3) - https:\/\/yoast.com\/product\/yoast-seo-premium-wordpress\/ -->\n<title>Video Ausklinker bei M\u00f6belmanufaktur Helm Design in Troisdorf<\/title>\n<meta name=\"description\" content=\"Video zur Anwendung des Ausklinkers. Der Ausklinker fr\u00e4st die Rundung und spitzt aus. Die Seiten werden exakt bis in Ecke verl\u00e4ngert.\" \/>\n<meta name=\"robots\" content=\"index, follow, max-snippet:-1, max-image-preview:large, max-video-preview:-1\" \/>\n<link rel=\"canonical\" href=\"https:\/\/c-hessler.de\/sv\/produkter\/klinkerstenar-vid-moebelmanufaktur-helm-design-troisdorf\/\" \/>\n<meta property=\"og:locale\" content=\"sv_SE\" \/>\n<meta property=\"og:type\" content=\"article\" \/>\n<meta property=\"og:title\" content=\"Video Ausklinker bei M\u00f6belmanufaktur Helm Design, Troisdorf,\" \/>\n<meta property=\"og:description\" content=\"Video zur Anwendung des Ausklinkers. Der Ausklinker fr\u00e4st die Rundung und spitzt aus. Die Seiten werden exakt bis in Ecke verl\u00e4ngert.\" \/>\n<meta property=\"og:url\" content=\"https:\/\/c-hessler.de\/sv\/produkter\/klinkerstenar-vid-moebelmanufaktur-helm-design-troisdorf\/\" \/>\n<meta property=\"og:site_name\" content=\"Dr. Christoph He\u00dfler Maschinensysteme\" \/>\n<meta property=\"article:publisher\" content=\"https:\/\/www.facebook.com\/DrChristophHesslerMaschinensysteme\/\" \/>\n<meta property=\"article:modified_time\" content=\"2025-12-09T11:45:12+00:00\" \/>\n<meta name=\"twitter:label1\" content=\"Ber\u00e4knad l\u00e4stid\" \/>\n\t<meta name=\"twitter:data1\" content=\"1 minut\" \/>\n<script type=\"application\/ld+json\" class=\"yoast-schema-graph\">{\"@context\":\"https:\\\/\\\/schema.org\",\"@graph\":[{\"@type\":\"WebPage\",\"@id\":\"https:\\\/\\\/c-hessler.de\\\/da\\\/produkter\\\/klinker-hos-moebelmanufaktur-helm-design-troisdorf\\\/\",\"url\":\"https:\\\/\\\/c-hessler.de\\\/da\\\/produkter\\\/klinker-hos-moebelmanufaktur-helm-design-troisdorf\\\/\",\"name\":\"Video Ausklinker bei M\u00f6belmanufaktur Helm Design in Troisdorf\",\"isPartOf\":{\"@id\":\"https:\\\/\\\/c-hessler.de\\\/#website\"},\"datePublished\":\"2025-07-30T16:20:18+00:00\",\"dateModified\":\"2025-12-09T11:45:12+00:00\",\"description\":\"Video zur Anwendung des Ausklinkers. Der Ausklinker fr\u00e4st die Rundung und spitzt aus. Die Seiten werden exakt bis in Ecke verl\u00e4ngert.\",\"breadcrumb\":{\"@id\":\"https:\\\/\\\/c-hessler.de\\\/da\\\/produkter\\\/klinker-hos-moebelmanufaktur-helm-design-troisdorf\\\/#breadcrumb\"},\"inLanguage\":\"sv-SE\",\"potentialAction\":[{\"@type\":\"ReadAction\",\"target\":[\"https:\\\/\\\/c-hessler.de\\\/da\\\/produkter\\\/klinker-hos-moebelmanufaktur-helm-design-troisdorf\\\/\"]}]},{\"@type\":\"BreadcrumbList\",\"@id\":\"https:\\\/\\\/c-hessler.de\\\/da\\\/produkter\\\/klinker-hos-moebelmanufaktur-helm-design-troisdorf\\\/#breadcrumb\",\"itemListElement\":[{\"@type\":\"ListItem\",\"position\":1,\"name\":\"Produkte\",\"item\":\"https:\\\/\\\/c-hessler.de\\\/produkte\\\/\"},{\"@type\":\"ListItem\",\"position\":2,\"name\":\"Video Ausklinker bei M\u00f6belmanufaktur Helm Design, Troisdorf,\"}]},{\"@type\":\"WebSite\",\"@id\":\"https:\\\/\\\/c-hessler.de\\\/#website\",\"url\":\"https:\\\/\\\/c-hessler.de\\\/\",\"name\":\"www.c-hessler.de\",\"description\":\"\",\"publisher\":{\"@id\":\"https:\\\/\\\/c-hessler.de\\\/#organization\"},\"potentialAction\":[{\"@type\":\"SearchAction\",\"target\":{\"@type\":\"EntryPoint\",\"urlTemplate\":\"https:\\\/\\\/c-hessler.de\\\/?s={search_term_string}\"},\"query-input\":{\"@type\":\"PropertyValueSpecification\",\"valueRequired\":true,\"valueName\":\"search_term_string\"}}],\"inLanguage\":\"sv-SE\"},{\"@type\":\"Organization\",\"@id\":\"https:\\\/\\\/c-hessler.de\\\/#organization\",\"name\":\"Dr. Christoph He\u00dfler Maschinensysteme\",\"alternateName\":\"Dr. Christoph He\u00dfler Maschinensysteme\",\"url\":\"https:\\\/\\\/c-hessler.de\\\/\",\"logo\":{\"@type\":\"ImageObject\",\"inLanguage\":\"sv-SE\",\"@id\":\"https:\\\/\\\/c-hessler.de\\\/#\\\/schema\\\/logo\\\/image\\\/\",\"url\":\"https:\\\/\\\/c-hessler.de\\\/wp-content\\\/uploads\\\/2026\\\/02\\\/Draw-03-150312-110115-Ausgeschnitten-I.jpg\",\"contentUrl\":\"https:\\\/\\\/c-hessler.de\\\/wp-content\\\/uploads\\\/2026\\\/02\\\/Draw-03-150312-110115-Ausgeschnitten-I.jpg\",\"width\":445,\"height\":394,\"caption\":\"Dr. Christoph He\u00dfler Maschinensysteme\"},\"image\":{\"@id\":\"https:\\\/\\\/c-hessler.de\\\/#\\\/schema\\\/logo\\\/image\\\/\"},\"sameAs\":[\"https:\\\/\\\/www.facebook.com\\\/DrChristophHesslerMaschinensysteme\\\/\",\"https:\\\/\\\/www.pinterest.de\\\/hesstools\\\/\",\"https:\\\/\\\/www.youtube.com\\\/channel\\\/UCaNnXDGGF_BiYFQZ2kJgi-A?view_as=subscriber\"],\"description\":\"1. Ecken- und Kantenfr\u00e4sen f\u00fcr Tischler und Schreiner, Sonderanfertigungen 2. Auch f\u00fcr die Nachbearbeitung von Eck-Schwei\u00dfn\u00e4hten bei Aluminium-Werkstoffen, f\u00fcr Fahrzeugbauer oder Metallbauer aller Art\",\"email\":\"christoph.hessler@c-hessler.de\",\"telephone\":\"0527413012080\",\"legalName\":\"Dr. Christoph He\u00dfler Maschinensysteme\",\"foundingDate\":\"2003-06-05\",\"vatID\":\"DE230070107\",\"numberOfEmployees\":{\"@type\":\"QuantitativeValue\",\"minValue\":\"1\",\"maxValue\":\"10\"}}]}<\/script>\n<meta property=\"og:video\" content=\"https:\/\/www.youtube.com\/embed\/_xaow5uv354\" \/>\n<meta property=\"og:video:type\" content=\"text\/html\" \/>\n<meta property=\"og:video:duration\" content=\"165\" \/>\n<meta property=\"og:video:width\" content=\"480\" \/>\n<meta property=\"og:video:height\" content=\"270\" \/>\n<meta property=\"ya:ovs:adult\" content=\"false\" \/>\n<meta property=\"ya:ovs:upload_date\" content=\"2025-07-30T16:20:18+00:00\" \/>\n<meta property=\"ya:ovs:allow_embed\" content=\"true\" \/>\n<!-- \/ Yoast SEO Premium plugin. -->","yoast_head_json":{"title":"Videohuggning hos m\u00f6beltillverkaren Helm Design i Troisdorf","description":"Video om anv\u00e4ndningen av notcharen. Notcharen fr\u00e4ser ut rundningar och spetsar. Sidorna f\u00f6rl\u00e4ngs exakt in i h\u00f6rnet.","robots":{"index":"index","follow":"follow","max-snippet":"max-snippet:-1","max-image-preview":"max-image-preview:large","max-video-preview":"max-video-preview:-1"},"canonical":"https:\/\/c-hessler.de\/sv\/produkter\/klinkerstenar-vid-moebelmanufaktur-helm-design-troisdorf\/","og_locale":"sv_SE","og_type":"article","og_title":"Video Ausklinker bei M\u00f6belmanufaktur Helm Design, Troisdorf,","og_description":"Video zur Anwendung des Ausklinkers. Der Ausklinker fr\u00e4st die Rundung und spitzt aus. Die Seiten werden exakt bis in Ecke verl\u00e4ngert.","og_url":"https:\/\/c-hessler.de\/sv\/produkter\/klinkerstenar-vid-moebelmanufaktur-helm-design-troisdorf\/","og_site_name":"Dr. Christoph He\u00dfler Maschinensysteme","article_publisher":"https:\/\/www.facebook.com\/DrChristophHesslerMaschinensysteme\/","article_modified_time":"2025-12-09T11:45:12+00:00","twitter_misc":{"Ber\u00e4knad l\u00e4stid":"1 minut"},"schema":{"@context":"https:\/\/schema.org","@graph":[{"@type":"WebPage","@id":"https:\/\/c-hessler.de\/da\/produkter\/klinker-hos-moebelmanufaktur-helm-design-troisdorf\/","url":"https:\/\/c-hessler.de\/da\/produkter\/klinker-hos-moebelmanufaktur-helm-design-troisdorf\/","name":"Videohuggning hos m\u00f6beltillverkaren Helm Design i Troisdorf","isPartOf":{"@id":"https:\/\/c-hessler.de\/#website"},"datePublished":"2025-07-30T16:20:18+00:00","dateModified":"2025-12-09T11:45:12+00:00","description":"Video om anv\u00e4ndningen av notcharen. Notcharen fr\u00e4ser ut rundningar och spetsar. Sidorna f\u00f6rl\u00e4ngs exakt in i h\u00f6rnet.","breadcrumb":{"@id":"https:\/\/c-hessler.de\/da\/produkter\/klinker-hos-moebelmanufaktur-helm-design-troisdorf\/#breadcrumb"},"inLanguage":"sv-SE","potentialAction":[{"@type":"ReadAction","target":["https:\/\/c-hessler.de\/da\/produkter\/klinker-hos-moebelmanufaktur-helm-design-troisdorf\/"]}]},{"@type":"BreadcrumbList","@id":"https:\/\/c-hessler.de\/da\/produkter\/klinker-hos-moebelmanufaktur-helm-design-troisdorf\/#breadcrumb","itemListElement":[{"@type":"ListItem","position":1,"name":"Produkte","item":"https:\/\/c-hessler.de\/produkte\/"},{"@type":"ListItem","position":2,"name":"Video Ausklinker bei M\u00f6belmanufaktur Helm Design, Troisdorf,"}]},{"@type":"WebSite","@id":"https:\/\/c-hessler.de\/#website","url":"https:\/\/c-hessler.de\/","name":"www.c-hessler.de","description":"","publisher":{"@id":"https:\/\/c-hessler.de\/#organization"},"potentialAction":[{"@type":"SearchAction","target":{"@type":"EntryPoint","urlTemplate":"https:\/\/c-hessler.de\/?s={search_term_string}"},"query-input":{"@type":"PropertyValueSpecification","valueRequired":true,"valueName":"search_term_string"}}],"inLanguage":"sv-SE"},{"@type":"Organization","@id":"https:\/\/c-hessler.de\/#organization","name":"Dr Christoph He\u00dfler Maskinsystem","alternateName":"Dr. Christoph He\u00dfler Maschinensysteme","url":"https:\/\/c-hessler.de\/","logo":{"@type":"ImageObject","inLanguage":"sv-SE","@id":"https:\/\/c-hessler.de\/#\/schema\/logo\/image\/","url":"https:\/\/c-hessler.de\/wp-content\/uploads\/2026\/02\/Draw-03-150312-110115-Ausgeschnitten-I.jpg","contentUrl":"https:\/\/c-hessler.de\/wp-content\/uploads\/2026\/02\/Draw-03-150312-110115-Ausgeschnitten-I.jpg","width":445,"height":394,"caption":"Dr. Christoph He\u00dfler Maschinensysteme"},"image":{"@id":"https:\/\/c-hessler.de\/#\/schema\/logo\/image\/"},"sameAs":["https:\/\/www.facebook.com\/DrChristophHesslerMaschinensysteme\/","https:\/\/www.pinterest.de\/hesstools\/","https:\/\/www.youtube.com\/channel\/UCaNnXDGGF_BiYFQZ2kJgi-A?view_as=subscriber"],"description":"1. Ecken- und Kantenfr\u00e4sen f\u00fcr Tischler und Schreiner, Sonderanfertigungen 2. Auch f\u00fcr die Nachbearbeitung von Eck-Schwei\u00dfn\u00e4hten bei Aluminium-Werkstoffen, f\u00fcr Fahrzeugbauer oder Metallbauer aller Art","email":"christoph.hessler@c-hessler.de","telephone":"0527413012080","legalName":"Dr. Christoph He\u00dfler Maschinensysteme","foundingDate":"2003-06-05","vatID":"DE230070107","numberOfEmployees":{"@type":"QuantitativeValue","minValue":"1","maxValue":"10"}}]},"og_video":"https:\/\/www.youtube.com\/embed\/_xaow5uv354","og_video_type":"text\/html","og_video_duration":"165","og_video_width":"480","og_video_height":"270","ya_ovs_adult":"false","ya_ovs_upload_date":"2025-07-30T16:20:18+00:00","ya_ovs_allow_embed":"true"},"_hostinger_reach_plugin_has_subscription_block":false,"_hostinger_reach_plugin_is_elementor":false,"_links":{"self":[{"href":"https:\/\/c-hessler.de\/sv\/wp-json\/wp\/v2\/pages\/207159","targetHints":{"allow":["GET"]}}],"collection":[{"href":"https:\/\/c-hessler.de\/sv\/wp-json\/wp\/v2\/pages"}],"about":[{"href":"https:\/\/c-hessler.de\/sv\/wp-json\/wp\/v2\/types\/page"}],"author":[{"embeddable":true,"href":"https:\/\/c-hessler.de\/sv\/wp-json\/wp\/v2\/users\/5"}],"replies":[{"embeddable":true,"href":"https:\/\/c-hessler.de\/sv\/wp-json\/wp\/v2\/comments?post=207159"}],"version-history":[{"count":0,"href":"https:\/\/c-hessler.de\/sv\/wp-json\/wp\/v2\/pages\/207159\/revisions"}],"up":[{"embeddable":true,"href":"https:\/\/c-hessler.de\/sv\/wp-json\/wp\/v2\/pages\/49"}],"wp:attachment":[{"href":"https:\/\/c-hessler.de\/sv\/wp-json\/wp\/v2\/media?parent=207159"}],"curies":[{"name":"wp","href":"https:\/\/api.w.org\/{rel}","templated":true}]}}