{"id":8702,"date":"2015-04-22T14:06:35","date_gmt":"2015-04-22T12:06:35","guid":{"rendered":"http:\/\/\/?page_id=8702"},"modified":"2025-12-11T17:16:09","modified_gmt":"2025-12-11T16:16:09","slug":"matt","status":"publish","type":"page","link":"https:\/\/c-hessler.de\/sv\/messen\/","title":{"rendered":"M\u00e4ssor"},"content":{"rendered":"<div data-elementor-type=\"wp-page\" data-elementor-id=\"8702\" class=\"elementor elementor-8702\" data-elementor-settings=\"{&quot;ha_cmc_init_switcher&quot;:&quot;no&quot;}\" data-elementor-post-type=\"page\">\n\t\t\t\t<div class=\"elementor-element elementor-element-07f63d3 e-flex e-con-boxed e-con e-parent\" data-id=\"07f63d3\" data-element_type=\"container\" data-e-type=\"container\" data-settings=\"{&quot;_ha_eqh_enable&quot;:false}\">\n\t\t\t\t\t<div class=\"e-con-inner\">\n\t\t\t\t<div class=\"elementor-element elementor-element-9c33f1d elementor-widget elementor-widget-heading\" data-id=\"9c33f1d\" data-element_type=\"widget\" data-e-type=\"widget\" data-widget_type=\"heading.default\">\n\t\t\t\t\t<h2 class=\"elementor-heading-title elementor-size-default\">Vi presenterar ocks\u00e5 v\u00e5ra produkter p\u00e5 m\u00e4ssor.\n<\/h2>\t\t\t\t<\/div>\n\t\t\t\t\t<\/div>\n\t\t\t\t<\/div>\n\t\t<div class=\"elementor-element elementor-element-3a3d8cf6 e-grid e-con-boxed e-con e-parent\" data-id=\"3a3d8cf6\" data-element_type=\"container\" data-e-type=\"container\" data-settings=\"{&quot;_ha_eqh_enable&quot;:false}\">\n\t\t\t\t\t<div class=\"e-con-inner\">\n\t\t\t\t<div class=\"elementor-element elementor-element-21c94504 elementor-widget elementor-widget-text-editor\" data-id=\"21c94504\" data-element_type=\"widget\" data-e-type=\"widget\" data-widget_type=\"text-editor.default\">\n\t\t\t\t\t\t\t\t\t<p>D\u00e4r har du m\u00f6jlighet att h\u00e5lla produkterna i dina h\u00e4nder och prova dem.<\/p><p><strong>Vi har deltagit i f\u00f6ljande m\u00e4ssor:<\/strong><\/p><p>Holz-Handwerk, Nuremberg: 2022, 2018, 2016, 2014, 2012, 2010<br \/>Ligna, Hannover: 2015, 2011, 2009, 2005<br \/>BSW, Salzburg, \u00d6sterrike: 2015<br \/>ZOW, Bad Salzuflen: 2013<\/p>\t\t\t\t\t\t\t\t<\/div>\n\t\t\t\t<div class=\"elementor-element elementor-element-8ca5a3a elementor-arrows-position-inside elementor-pagination-position-outside elementor-widget elementor-widget-image-carousel\" data-id=\"8ca5a3a\" data-element_type=\"widget\" data-e-type=\"widget\" data-settings=\"{&quot;slides_to_show&quot;:&quot;1&quot;,&quot;navigation&quot;:&quot;both&quot;,&quot;autoplay&quot;:&quot;yes&quot;,&quot;pause_on_hover&quot;:&quot;yes&quot;,&quot;pause_on_interaction&quot;:&quot;yes&quot;,&quot;autoplay_speed&quot;:5000,&quot;infinite&quot;:&quot;yes&quot;,&quot;effect&quot;:&quot;slide&quot;,&quot;speed&quot;:500}\" data-widget_type=\"image-carousel.default\">\n\t\t\t\t\t\t\t<div class=\"elementor-image-carousel-wrapper swiper\" role=\"region\" aria-roledescription=\"carousel\" aria-label=\"Bildkarusell\" dir=\"ltr\">\n\t\t\t<div class=\"elementor-image-carousel swiper-wrapper swiper-image-stretch\" aria-live=\"off\">\n\t\t\t\t\t\t\t\t<div class=\"swiper-slide\" role=\"group\" aria-roledescription=\"slide\" aria-label=\"1 av 4\" data-no-translation-aria-label=\"\"><figure class=\"swiper-slide-inner\"><img decoding=\"async\" class=\"swiper-slide-image\" src=\"https:\/\/c-hessler.de\/wp-content\/uploads\/2022\/07\/20220715_133904-verpixelt--scaled-e1658251768936.jpg\" alt=\"M\u00e4ssan Holz-Handwerk 2022\" \/><\/figure><\/div><div class=\"swiper-slide\" role=\"group\" aria-roledescription=\"slide\" aria-label=\"2 av 4\" data-no-translation-aria-label=\"\"><figure class=\"swiper-slide-inner\"><img decoding=\"async\" class=\"swiper-slide-image\" src=\"https:\/\/c-hessler.de\/wp-content\/uploads\/2015\/04\/Starke_Ligna_2011_in_Hannover.jpg\" alt=\"Strong Ligna 2011 i Hannover\" \/><\/figure><\/div><div class=\"swiper-slide\" role=\"group\" aria-roledescription=\"slide\" aria-label=\"3 av 4\" data-no-translation-aria-label=\"\"><figure class=\"swiper-slide-inner\"><img decoding=\"async\" class=\"swiper-slide-image\" src=\"https:\/\/c-hessler.de\/wp-content\/uploads\/2015\/04\/Holz-Handwerk1.jpg\" alt=\"Holz-Handwerk 2014 i N\u00fcrnberg\" \/><\/figure><\/div><div class=\"swiper-slide\" role=\"group\" aria-roledescription=\"slide\" aria-label=\"4 av 4\" data-no-translation-aria-label=\"\"><figure class=\"swiper-slide-inner\"><img decoding=\"async\" class=\"swiper-slide-image\" src=\"https:\/\/c-hessler.de\/wp-content\/uploads\/2018\/10\/20180324_134654-scaled.jpg\" alt=\"F\u00f6rklaring av sk\u00e5rning och helvinkel\" \/><\/figure><\/div>\t\t\t<\/div>\n\t\t\t\t\t\t\t\t\t\t\t\t<div class=\"elementor-swiper-button elementor-swiper-button-prev\" role=\"button\" tabindex=\"0\">\n\t\t\t\t\t\t<svg aria-hidden=\"true\" class=\"e-font-icon-svg e-eicon-chevron-left\" viewbox=\"0 0 1000 1000\" xmlns=\"http:\/\/www.w3.org\/2000\/svg\"><path d=\"M646 125C629 125 613 133 604 142L308 442C296 454 292 471 292 487 292 504 296 521 308 533L604 854C617 867 629 875 646 875 663 875 679 871 692 858 704 846 713 829 713 812 713 796 708 779 692 767L438 487 692 225C700 217 708 204 708 187 708 171 704 154 692 142 675 129 663 125 646 125Z\"><\/path><\/svg>\t\t\t\t\t<\/div>\n\t\t\t\t\t<div class=\"elementor-swiper-button elementor-swiper-button-next\" role=\"button\" tabindex=\"0\">\n\t\t\t\t\t\t<svg aria-hidden=\"true\" class=\"e-font-icon-svg e-eicon-chevron-right\" viewbox=\"0 0 1000 1000\" xmlns=\"http:\/\/www.w3.org\/2000\/svg\"><path d=\"M696 533C708 521 713 504 713 487 713 471 708 454 696 446L400 146C388 133 375 125 354 125 338 125 325 129 313 142 300 154 292 171 292 187 292 204 296 221 308 233L563 492 304 771C292 783 288 800 288 817 288 833 296 850 308 863 321 871 338 875 354 875 371 875 388 867 400 854L696 533Z\"><\/path><\/svg>\t\t\t\t\t<\/div>\n\t\t\t\t\n\t\t\t\t\t\t\t\t\t<div class=\"swiper-pagination\"><\/div>\n\t\t\t\t\t\t\t\t\t<\/div>\n\t\t\t\t\t\t<\/div>\n\t\t\t\t\t<\/div>\n\t\t\t\t<\/div>\n\t\t<div class=\"elementor-element elementor-element-4f9f02a8 e-con-full e-flex e-con e-parent\" data-id=\"4f9f02a8\" data-element_type=\"container\" data-e-type=\"container\" data-settings=\"{&quot;background_background&quot;:&quot;classic&quot;,&quot;_ha_eqh_enable&quot;:false}\">\n\t\t\t\t<div class=\"elementor-element elementor-element-a917b60 elementor-widget elementor-widget-heading\" data-id=\"a917b60\" data-element_type=\"widget\" data-e-type=\"widget\" data-widget_type=\"heading.default\">\n\t\t\t\t\t<h2 class=\"elementor-heading-title elementor-size-default\">Varf\u00f6r Christoph He\u00dfler Maschinensysteme?<\/h2>\t\t\t\t<\/div>\n\t\t\t\t<\/div>\n\t\t\t\t<section class=\"elementor-section elementor-top-section elementor-element elementor-element-17d4874e elementor-section-stretched elementor-section-boxed elementor-section-height-default elementor-section-height-default\" data-id=\"17d4874e\" data-element_type=\"section\" data-e-type=\"section\" data-settings=\"{&quot;stretch_section&quot;:&quot;section-stretched&quot;,&quot;background_background&quot;:&quot;classic&quot;,&quot;_ha_eqh_enable&quot;:false}\">\n\t\t\t\t\t\t<div class=\"elementor-container elementor-column-gap-extended\">\n\t\t\t\t\t<div class=\"elementor-column elementor-col-33 elementor-top-column elementor-element elementor-element-7bb38cd6 animated-fast elementor-invisible\" data-id=\"7bb38cd6\" data-element_type=\"column\" data-e-type=\"column\" data-settings=\"{&quot;animation&quot;:&quot;fadeIn&quot;}\">\n\t\t\t<div class=\"elementor-widget-wrap elementor-element-populated\">\n\t\t\t\t\t\t<div class=\"elementor-element elementor-element-54f32a02 elementor-widget elementor-widget-heading\" data-id=\"54f32a02\" data-element_type=\"widget\" data-e-type=\"widget\" data-widget_type=\"heading.default\">\n\t\t\t\t\t<h3 class=\"elementor-heading-title elementor-size-default\">Detta \u00e4r endast tillg\u00e4ngligt h\u00e4r\n<\/h3>\t\t\t\t<\/div>\n\t\t\t\t<div class=\"elementor-element elementor-element-1e4d3cb6 elementor-widget elementor-widget-text-editor\" data-id=\"1e4d3cb6\" data-element_type=\"widget\" data-e-type=\"widget\" data-widget_type=\"text-editor.default\">\n\t\t\t\t\t\t\t\t\t<p style=\"text-align: center;\"><span style=\"color: #ffffff;\">\u2713 TOP-funktion<\/span><br \/><span style=\"color: #ffffff;\">\u2713 TOP-hantering<\/span><br \/><span style=\"color: #ffffff;\">\u2713 TOPP utf\u00f6rande<\/span><br \/><span style=\"color: #ffffff;\">\u2713 Direkt fr\u00e5n tillverkaren<\/span><br \/><span style=\"color: #ffffff;\">\u2713 R\u00e5d fr\u00e5n tillverkaren<\/span><br \/><span style=\"color: #ffffff;\">\u2713 Testet \u00e4r kostnadsfritt<\/span><br \/><span style=\"color: #ffffff;\">\u2713 K\u00f6p p\u00e5 l\u00f6pande r\u00e4kning<\/span><\/p>\t\t\t\t\t\t\t\t<\/div>\n\t\t\t\t\t<\/div>\n\t\t<\/div>\n\t\t\t\t<div class=\"elementor-column elementor-col-33 elementor-top-column elementor-element elementor-element-5bb45b0e animated-fast elementor-invisible\" data-id=\"5bb45b0e\" data-element_type=\"column\" data-e-type=\"column\" data-settings=\"{&quot;animation&quot;:&quot;fadeIn&quot;,&quot;animation_delay&quot;:200}\">\n\t\t\t<div class=\"elementor-widget-wrap elementor-element-populated\">\n\t\t\t\t\t\t<div class=\"elementor-element elementor-element-1ad26984 elementor-widget elementor-widget-heading\" data-id=\"1ad26984\" data-element_type=\"widget\" data-e-type=\"widget\" data-widget_type=\"heading.default\">\n\t\t\t\t\t<h3 class=\"elementor-heading-title elementor-size-default\">Testet \u00e4r kostnadsfritt\n<\/h3>\t\t\t\t<\/div>\n\t\t\t\t<div class=\"elementor-element elementor-element-7e04b5de elementor-widget elementor-widget-text-editor\" data-id=\"7e04b5de\" data-element_type=\"widget\" data-e-type=\"widget\" data-widget_type=\"text-editor.default\">\n\t\t\t\t\t\t\t\t\t<p style=\"text-align: center;\"><span style=\"color: #ffffff;\">\u00c4r du en professionell person som arbetar i en kommersiell milj\u00f6?<\/span><br \/><span style=\"color: #ffffff;\">D\u00e5 har du m\u00f6jlighet att kostnadsfritt och utan f\u00f6rpliktelser testa maskinerna f\u00f6r att kontrollera m\u00f6jliga anv\u00e4ndningsomr\u00e5den under dina personliga f\u00f6rh\u00e5llanden.<\/span><\/p>\t\t\t\t\t\t\t\t<\/div>\n\t\t\t\t\t<\/div>\n\t\t<\/div>\n\t\t\t\t<div class=\"elementor-column elementor-col-33 elementor-top-column elementor-element elementor-element-1e5dce52 animated-fast elementor-invisible\" data-id=\"1e5dce52\" data-element_type=\"column\" data-e-type=\"column\" data-settings=\"{&quot;animation&quot;:&quot;fadeIn&quot;,&quot;animation_delay&quot;:400}\">\n\t\t\t<div class=\"elementor-widget-wrap elementor-element-populated\">\n\t\t\t\t\t\t<div class=\"elementor-element elementor-element-63e0c501 elementor-widget elementor-widget-heading\" data-id=\"63e0c501\" data-element_type=\"widget\" data-e-type=\"widget\" data-widget_type=\"heading.default\">\n\t\t\t\t\t<h3 class=\"elementor-heading-title elementor-size-default\">P\u00e5litlig service\n<\/h3>\t\t\t\t<\/div>\n\t\t\t\t<div class=\"elementor-element elementor-element-439a6f8a elementor-widget elementor-widget-text-editor\" data-id=\"439a6f8a\" data-element_type=\"widget\" data-e-type=\"widget\" data-widget_type=\"text-editor.default\">\n\t\t\t\t\t\t\t\t\t<p style=\"text-align: center;\"><span style=\"color: #ffffff;\">N\u00e4r du k\u00f6per en maskin fr\u00e5n v\u00e5rt f\u00f6retag k\u00f6per du alltid omfattande service ocks\u00e5. <\/span><br \/><span style=\"color: #ffffff;\">Detta b\u00f6rjar med att vi kostnadsfritt tillhandah\u00e5ller maskinerna f\u00f6r testning i dina lokaler och forts\u00e4tter med att vi snabbt \u00e5tg\u00e4rdar eventuella fel och kontinuerligt vidareutvecklar v\u00e5ra enheter.<\/span><\/p>\t\t\t\t\t\t\t\t<\/div>\n\t\t\t\t\t<\/div>\n\t\t<\/div>\n\t\t\t\t\t<\/div>\n\t\t<\/section>\n\t\t\t\t<section class=\"elementor-section elementor-top-section elementor-element elementor-element-a3e3509 elementor-section-stretched elementor-section-boxed elementor-section-height-default elementor-section-height-default\" data-id=\"a3e3509\" data-element_type=\"section\" data-e-type=\"section\" data-settings=\"{&quot;stretch_section&quot;:&quot;section-stretched&quot;,&quot;background_background&quot;:&quot;classic&quot;,&quot;_ha_eqh_enable&quot;:false}\">\n\t\t\t\t\t\t<div class=\"elementor-container elementor-column-gap-extended\">\n\t\t\t\t\t<div class=\"elementor-column elementor-col-100 elementor-top-column elementor-element elementor-element-767fbd64\" data-id=\"767fbd64\" data-element_type=\"column\" data-e-type=\"column\">\n\t\t\t<div class=\"elementor-widget-wrap elementor-element-populated\">\n\t\t\t\t\t\t<div class=\"elementor-element elementor-element-2dbfa505 elementor-widget elementor-widget-heading\" data-id=\"2dbfa505\" data-element_type=\"widget\" data-e-type=\"widget\" data-widget_type=\"heading.default\">\n\t\t\t\t\t<h2 class=\"elementor-heading-title elementor-size-default\">Personlig r\u00e5dgivning<\/h2>\t\t\t\t<\/div>\n\t\t\t\t<div class=\"elementor-element elementor-element-539e328e elementor-widget elementor-widget-text-editor\" data-id=\"539e328e\" data-element_type=\"widget\" data-e-type=\"widget\" data-widget_type=\"text-editor.default\">\n\t\t\t\t\t\t\t\t\t<p style=\"text-align: left;\"><span style=\"color: #ffffff;\">Dr Christoph He\u00dfler Maskinsystem<img decoding=\"async\" class=\"size-full wp-image-207490 alignright\" src=\"https:\/\/c-hessler.de\/wp-content\/uploads\/2025\/12\/ch2.png\" alt=\"\" width=\"260\" height=\"130\" srcset=\"https:\/\/c-hessler.de\/wp-content\/uploads\/2025\/12\/ch2.png 260w, https:\/\/c-hessler.de\/wp-content\/uploads\/2025\/12\/ch2-150x75.png 150w, https:\/\/c-hessler.de\/wp-content\/uploads\/2025\/12\/ch2-18x9.png 18w\" sizes=\"(max-width: 260px) 100vw, 260px\" \/><\/span><\/p><p style=\"text-align: left;\"><span style=\"color: #ffffff;\">Vid Ronceva 5<\/span><br \/><span style=\"color: #ffffff;\">32312 L\u00fcbbecke<\/span><br \/><span style=\"color: #ffffff;\">Telefon: +49 (0) 5741 \/ 3012080<\/span><br \/><span style=\"color: #ffffff;\">e-post: christoph.hessler@c-hessler.de<\/span><\/p>\t\t\t\t\t\t\t\t<\/div>\n\t\t\t\t\t<\/div>\n\t\t<\/div>\n\t\t\t\t\t<\/div>\n\t\t<\/section>\n\t\t\t\t<\/div>","protected":false},"excerpt":{"rendered":"<p>Wir pr\u00e4sentieren unsere Produkte auch auf Messen. Dort besteht die M\u00f6glichkeit, die Produkte in die Hand zu nehmen und auch auszuprobieren. Folgende Messen sind von uns beschickt worden: Holz-Handwerk, N\u00fcrnberg: 2022, 2018, 2016, 2014, 2012, 2010Ligna, Hannover: 2015, 2011, 2009, 2005BSW, Salzburg, \u00d6sterreich: 2015ZOW, Bad Salzuflen: 2013 Warum Christoph He\u00dfler Maschinensysteme? Das gibt es so [&hellip;]<\/p>\n","protected":false},"author":5,"featured_media":0,"parent":0,"menu_order":0,"comment_status":"closed","ping_status":"closed","template":"elementor_header_footer","meta":{"footnotes":""},"class_list":["post-8702","page","type-page","status-publish","hentry"],"yoast_head":"<!-- This site is optimized with the Yoast SEO Premium plugin v27.0 (Yoast SEO v27.4) - https:\/\/yoast.com\/product\/yoast-seo-premium-wordpress\/ -->\n<title>Messen \u2022 Dr. Christoph Hessler Maschinensysteme<\/title>\n<meta name=\"description\" content=\"Wir pr\u00e4sentieren unsere Kantenfr\u00e4sen, Eckenfr\u00e4sen und Spezial Oberfr\u00e4sen auf Messen. An unseren Messest\u00e4nden k\u00f6nnen Sie unsere Produkte selbst ausprobieren.\" \/>\n<meta name=\"robots\" content=\"index, follow, max-snippet:-1, max-image-preview:large, max-video-preview:-1\" \/>\n<link rel=\"canonical\" href=\"https:\/\/c-hessler.de\/sv\/matt\/\" \/>\n<meta property=\"og:locale\" content=\"sv_SE\" \/>\n<meta property=\"og:type\" content=\"article\" \/>\n<meta property=\"og:title\" content=\"Messen\" \/>\n<meta property=\"og:description\" content=\"Wir pr\u00e4sentieren unsere Kantenfr\u00e4sen, Eckenfr\u00e4sen und Spezial Oberfr\u00e4sen auf Messen. An unseren Messest\u00e4nden k\u00f6nnen Sie unsere Produkte selbst ausprobieren.\" \/>\n<meta property=\"og:url\" content=\"https:\/\/c-hessler.de\/sv\/matt\/\" \/>\n<meta property=\"og:site_name\" content=\"Dr. Christoph He\u00dfler Maschinensysteme\" \/>\n<meta property=\"article:publisher\" content=\"https:\/\/www.facebook.com\/DrChristophHesslerMaschinensysteme\/\" \/>\n<meta property=\"article:modified_time\" content=\"2025-12-11T16:16:09+00:00\" \/>\n<meta property=\"og:image\" content=\"https:\/\/c-hessler.de\/wp-content\/uploads\/2022\/07\/20220715_133904-verpixelt--scaled-e1658251768936.jpg\" \/>\n<meta name=\"twitter:label1\" content=\"Ber\u00e4knad l\u00e4stid\" \/>\n\t<meta name=\"twitter:data1\" content=\"3 minuter\" \/>\n<script type=\"application\/ld+json\" class=\"yoast-schema-graph\">{\"@context\":\"https:\\\/\\\/schema.org\",\"@graph\":[{\"@type\":\"WebPage\",\"@id\":\"https:\\\/\\\/c-hessler.de\\\/messen\\\/\",\"url\":\"https:\\\/\\\/c-hessler.de\\\/messen\\\/\",\"name\":\"Messen \u2022 Dr. Christoph Hessler Maschinensysteme\",\"isPartOf\":{\"@id\":\"https:\\\/\\\/c-hessler.de\\\/#website\"},\"primaryImageOfPage\":{\"@id\":\"https:\\\/\\\/c-hessler.de\\\/messen\\\/#primaryimage\"},\"image\":{\"@id\":\"https:\\\/\\\/c-hessler.de\\\/messen\\\/#primaryimage\"},\"thumbnailUrl\":\"https:\\\/\\\/c-hessler.de\\\/wp-content\\\/uploads\\\/2022\\\/07\\\/20220715_133904-verpixelt--scaled-e1658251768936.jpg\",\"datePublished\":\"2015-04-22T12:06:35+00:00\",\"dateModified\":\"2025-12-11T16:16:09+00:00\",\"description\":\"Wir pr\u00e4sentieren unsere Kantenfr\u00e4sen, Eckenfr\u00e4sen und Spezial Oberfr\u00e4sen auf Messen. An unseren Messest\u00e4nden k\u00f6nnen Sie unsere Produkte selbst ausprobieren.\",\"inLanguage\":\"sv-SE\",\"potentialAction\":[{\"@type\":\"ReadAction\",\"target\":[\"https:\\\/\\\/c-hessler.de\\\/messen\\\/\"]}]},{\"@type\":\"ImageObject\",\"inLanguage\":\"sv-SE\",\"@id\":\"https:\\\/\\\/c-hessler.de\\\/messen\\\/#primaryimage\",\"url\":\"https:\\\/\\\/c-hessler.de\\\/wp-content\\\/uploads\\\/2022\\\/07\\\/20220715_133904-verpixelt--scaled-e1658251768936.jpg\",\"contentUrl\":\"https:\\\/\\\/c-hessler.de\\\/wp-content\\\/uploads\\\/2022\\\/07\\\/20220715_133904-verpixelt--scaled-e1658251768936.jpg\"},{\"@type\":\"WebSite\",\"@id\":\"https:\\\/\\\/c-hessler.de\\\/#website\",\"url\":\"https:\\\/\\\/c-hessler.de\\\/\",\"name\":\"www.c-hessler.de\",\"description\":\"\",\"publisher\":{\"@id\":\"https:\\\/\\\/c-hessler.de\\\/#organization\"},\"potentialAction\":[{\"@type\":\"SearchAction\",\"target\":{\"@type\":\"EntryPoint\",\"urlTemplate\":\"https:\\\/\\\/c-hessler.de\\\/?s={search_term_string}\"},\"query-input\":{\"@type\":\"PropertyValueSpecification\",\"valueRequired\":true,\"valueName\":\"search_term_string\"}}],\"inLanguage\":\"sv-SE\"},{\"@type\":\"Organization\",\"@id\":\"https:\\\/\\\/c-hessler.de\\\/#organization\",\"name\":\"Dr. Christoph He\u00dfler Maschinensysteme\",\"alternateName\":\"Dr. Christoph He\u00dfler Maschinensysteme\",\"url\":\"https:\\\/\\\/c-hessler.de\\\/\",\"logo\":{\"@type\":\"ImageObject\",\"inLanguage\":\"sv-SE\",\"@id\":\"https:\\\/\\\/c-hessler.de\\\/#\\\/schema\\\/logo\\\/image\\\/\",\"url\":\"https:\\\/\\\/c-hessler.de\\\/wp-content\\\/uploads\\\/2026\\\/02\\\/Draw-03-150312-110115-Ausgeschnitten-I.jpg\",\"contentUrl\":\"https:\\\/\\\/c-hessler.de\\\/wp-content\\\/uploads\\\/2026\\\/02\\\/Draw-03-150312-110115-Ausgeschnitten-I.jpg\",\"width\":445,\"height\":394,\"caption\":\"Dr. Christoph He\u00dfler Maschinensysteme\"},\"image\":{\"@id\":\"https:\\\/\\\/c-hessler.de\\\/#\\\/schema\\\/logo\\\/image\\\/\"},\"sameAs\":[\"https:\\\/\\\/www.facebook.com\\\/DrChristophHesslerMaschinensysteme\\\/\",\"https:\\\/\\\/www.pinterest.de\\\/hesstools\\\/\",\"https:\\\/\\\/www.youtube.com\\\/channel\\\/UCaNnXDGGF_BiYFQZ2kJgi-A?view_as=subscriber\"],\"description\":\"1. Ecken- und Kantenfr\u00e4sen f\u00fcr Tischler und Schreiner, Sonderanfertigungen 2. Auch f\u00fcr die Nachbearbeitung von Eck-Schwei\u00dfn\u00e4hten bei Aluminium-Werkstoffen, f\u00fcr Fahrzeugbauer oder Metallbauer aller Art\",\"email\":\"christoph.hessler@c-hessler.de\",\"telephone\":\"0527413012080\",\"legalName\":\"Dr. Christoph He\u00dfler Maschinensysteme\",\"foundingDate\":\"2003-06-05\",\"vatID\":\"DE230070107\",\"numberOfEmployees\":{\"@type\":\"QuantitativeValue\",\"minValue\":\"1\",\"maxValue\":\"10\"}}]}<\/script>\n<!-- \/ Yoast SEO Premium plugin. -->","yoast_head_json":{"title":"M\u00e4tning - Dr Christoph Hessler Maschinensysteme","description":"Vi presenterar v\u00e5ra kantfr\u00e4sar, h\u00f6rnfr\u00e4sar och specialfr\u00e4sar p\u00e5 m\u00e4ssor. I v\u00e5ra utst\u00e4llningsmontrar kan du sj\u00e4lv prova v\u00e5ra produkter.","robots":{"index":"index","follow":"follow","max-snippet":"max-snippet:-1","max-image-preview":"max-image-preview:large","max-video-preview":"max-video-preview:-1"},"canonical":"https:\/\/c-hessler.de\/sv\/matt\/","og_locale":"sv_SE","og_type":"article","og_title":"Messen","og_description":"Wir pr\u00e4sentieren unsere Kantenfr\u00e4sen, Eckenfr\u00e4sen und Spezial Oberfr\u00e4sen auf Messen. An unseren Messest\u00e4nden k\u00f6nnen Sie unsere Produkte selbst ausprobieren.","og_url":"https:\/\/c-hessler.de\/sv\/matt\/","og_site_name":"Dr. Christoph He\u00dfler Maschinensysteme","article_publisher":"https:\/\/www.facebook.com\/DrChristophHesslerMaschinensysteme\/","article_modified_time":"2025-12-11T16:16:09+00:00","og_image":[{"url":"https:\/\/c-hessler.de\/wp-content\/uploads\/2022\/07\/20220715_133904-verpixelt--scaled-e1658251768936.jpg","type":"","width":"","height":""}],"twitter_misc":{"Ber\u00e4knad l\u00e4stid":"3 minuter"},"schema":{"@context":"https:\/\/schema.org","@graph":[{"@type":"WebPage","@id":"https:\/\/c-hessler.de\/messen\/","url":"https:\/\/c-hessler.de\/messen\/","name":"M\u00e4tning - Dr Christoph Hessler Maschinensysteme","isPartOf":{"@id":"https:\/\/c-hessler.de\/#website"},"primaryImageOfPage":{"@id":"https:\/\/c-hessler.de\/messen\/#primaryimage"},"image":{"@id":"https:\/\/c-hessler.de\/messen\/#primaryimage"},"thumbnailUrl":"https:\/\/c-hessler.de\/wp-content\/uploads\/2022\/07\/20220715_133904-verpixelt--scaled-e1658251768936.jpg","datePublished":"2015-04-22T12:06:35+00:00","dateModified":"2025-12-11T16:16:09+00:00","description":"Vi presenterar v\u00e5ra kantfr\u00e4sar, h\u00f6rnfr\u00e4sar och specialfr\u00e4sar p\u00e5 m\u00e4ssor. I v\u00e5ra utst\u00e4llningsmontrar kan du sj\u00e4lv prova v\u00e5ra produkter.","inLanguage":"sv-SE","potentialAction":[{"@type":"ReadAction","target":["https:\/\/c-hessler.de\/messen\/"]}]},{"@type":"ImageObject","inLanguage":"sv-SE","@id":"https:\/\/c-hessler.de\/messen\/#primaryimage","url":"https:\/\/c-hessler.de\/wp-content\/uploads\/2022\/07\/20220715_133904-verpixelt--scaled-e1658251768936.jpg","contentUrl":"https:\/\/c-hessler.de\/wp-content\/uploads\/2022\/07\/20220715_133904-verpixelt--scaled-e1658251768936.jpg"},{"@type":"WebSite","@id":"https:\/\/c-hessler.de\/#website","url":"https:\/\/c-hessler.de\/","name":"www.c-hessler.de","description":"","publisher":{"@id":"https:\/\/c-hessler.de\/#organization"},"potentialAction":[{"@type":"SearchAction","target":{"@type":"EntryPoint","urlTemplate":"https:\/\/c-hessler.de\/?s={search_term_string}"},"query-input":{"@type":"PropertyValueSpecification","valueRequired":true,"valueName":"search_term_string"}}],"inLanguage":"sv-SE"},{"@type":"Organization","@id":"https:\/\/c-hessler.de\/#organization","name":"Dr Christoph He\u00dfler Maskinsystem","alternateName":"Dr. Christoph He\u00dfler Maschinensysteme","url":"https:\/\/c-hessler.de\/","logo":{"@type":"ImageObject","inLanguage":"sv-SE","@id":"https:\/\/c-hessler.de\/#\/schema\/logo\/image\/","url":"https:\/\/c-hessler.de\/wp-content\/uploads\/2026\/02\/Draw-03-150312-110115-Ausgeschnitten-I.jpg","contentUrl":"https:\/\/c-hessler.de\/wp-content\/uploads\/2026\/02\/Draw-03-150312-110115-Ausgeschnitten-I.jpg","width":445,"height":394,"caption":"Dr. Christoph He\u00dfler Maschinensysteme"},"image":{"@id":"https:\/\/c-hessler.de\/#\/schema\/logo\/image\/"},"sameAs":["https:\/\/www.facebook.com\/DrChristophHesslerMaschinensysteme\/","https:\/\/www.pinterest.de\/hesstools\/","https:\/\/www.youtube.com\/channel\/UCaNnXDGGF_BiYFQZ2kJgi-A?view_as=subscriber"],"description":"1. Ecken- und Kantenfr\u00e4sen f\u00fcr Tischler und Schreiner, Sonderanfertigungen 2. Auch f\u00fcr die Nachbearbeitung von Eck-Schwei\u00dfn\u00e4hten bei Aluminium-Werkstoffen, f\u00fcr Fahrzeugbauer oder Metallbauer aller Art","email":"christoph.hessler@c-hessler.de","telephone":"0527413012080","legalName":"Dr. Christoph He\u00dfler Maschinensysteme","foundingDate":"2003-06-05","vatID":"DE230070107","numberOfEmployees":{"@type":"QuantitativeValue","minValue":"1","maxValue":"10"}}]}},"_hostinger_reach_plugin_has_subscription_block":false,"_hostinger_reach_plugin_is_elementor":false,"_links":{"self":[{"href":"https:\/\/c-hessler.de\/sv\/wp-json\/wp\/v2\/pages\/8702","targetHints":{"allow":["GET"]}}],"collection":[{"href":"https:\/\/c-hessler.de\/sv\/wp-json\/wp\/v2\/pages"}],"about":[{"href":"https:\/\/c-hessler.de\/sv\/wp-json\/wp\/v2\/types\/page"}],"author":[{"embeddable":true,"href":"https:\/\/c-hessler.de\/sv\/wp-json\/wp\/v2\/users\/5"}],"replies":[{"embeddable":true,"href":"https:\/\/c-hessler.de\/sv\/wp-json\/wp\/v2\/comments?post=8702"}],"version-history":[{"count":3,"href":"https:\/\/c-hessler.de\/sv\/wp-json\/wp\/v2\/pages\/8702\/revisions"}],"predecessor-version":[{"id":208152,"href":"https:\/\/c-hessler.de\/sv\/wp-json\/wp\/v2\/pages\/8702\/revisions\/208152"}],"wp:attachment":[{"href":"https:\/\/c-hessler.de\/sv\/wp-json\/wp\/v2\/media?parent=8702"}],"curies":[{"name":"wp","href":"https:\/\/api.w.org\/{rel}","templated":true}]}}