{"id":9214,"date":"2015-04-28T14:29:40","date_gmt":"2015-04-28T12:29:40","guid":{"rendered":"http:\/\/\/?page_id=9214"},"modified":"2025-12-09T12:46:27","modified_gmt":"2025-12-09T11:46:27","slug":"betalningsalternativ","status":"publish","type":"page","link":"https:\/\/c-hessler.de\/sv\/bezahlmoeglichkeiten\/","title":{"rendered":"Betalningsmetoder"},"content":{"rendered":"<div class=\"woocommerce woocommerce-gzd\">\n\t<ul class=\"payment_methods methods\">\n\t\t\t\t\t<li class=\"payment_method_bacs\">\n\t\t\t\t<label>Direkt bank\u00f6verf\u00f6ring<\/label>\n\t\t\t\t\t\t\t\t\t<div class=\"payment_box payment_method_bacs\">\n\t\t\t\t\t\t<p>\u00d6verf\u00f6ring direkt till v\u00e5rt bankkonto. V\u00e4nligen ange ordernumret som betalningsgrund. Din order kommer inte att skickas f\u00f6rr\u00e4n vi har f\u00e5tt pengarna p\u00e5 v\u00e5rt konto.<\/p>\n\t\t\t\t\t<\/div>\n\t\t\t\t\t\t\t<\/li>\n\t\t\t\t\t<li class=\"payment_method_invoice\">\n\t\t\t\t<label>Faktura, exklusivt f\u00f6r handel och f\u00f6retag<\/label>\n\t\t\t\t\t\t\t\t\t<div class=\"payment_box payment_method_invoice\">\n\t\t\t\t\t\t<p>Du kommer att f\u00e5 en faktura fr\u00e5n oss efter att du har lagt din best\u00e4llning. V\u00e4nligen \u00f6verf\u00f6r det totala beloppet inom 14 dagar till det konto som anges p\u00e5 fakturan.<\/p>\n\t\t\t\t\t<\/div>\n\t\t\t\t\t\t\t<\/li>\n\t\t\t<\/ul>\n<\/div>","protected":false},"excerpt":{"rendered":"","protected":false},"author":9,"featured_media":0,"parent":0,"menu_order":0,"comment_status":"closed","ping_status":"closed","template":"","meta":{"footnotes":""},"class_list":["post-9214","page","type-page","status-publish","hentry"],"yoast_head":"<!-- This site is optimized with the Yoast SEO Premium plugin v27.0 (Yoast SEO v27.3) - https:\/\/yoast.com\/product\/yoast-seo-premium-wordpress\/ -->\n<title>Zahlungsmethoden - Dr. Christoph He\u00dfler Maschinensysteme<\/title>\n<meta name=\"robots\" content=\"index, follow, max-snippet:-1, max-image-preview:large, max-video-preview:-1\" \/>\n<link rel=\"canonical\" href=\"https:\/\/c-hessler.de\/sv\/betalningsalternativ\/\" \/>\n<meta property=\"og:locale\" content=\"sv_SE\" \/>\n<meta property=\"og:type\" content=\"article\" \/>\n<meta property=\"og:title\" content=\"Zahlungsmethoden\" \/>\n<meta property=\"og:url\" content=\"https:\/\/c-hessler.de\/sv\/betalningsalternativ\/\" \/>\n<meta property=\"og:site_name\" content=\"Dr. Christoph He\u00dfler Maschinensysteme\" \/>\n<meta property=\"article:publisher\" content=\"https:\/\/www.facebook.com\/DrChristophHesslerMaschinensysteme\/\" \/>\n<meta property=\"article:modified_time\" content=\"2025-12-09T11:46:27+00:00\" \/>\n<script type=\"application\/ld+json\" class=\"yoast-schema-graph\">{\"@context\":\"https:\\\/\\\/schema.org\",\"@graph\":[{\"@type\":\"WebPage\",\"@id\":\"https:\\\/\\\/c-hessler.de\\\/bezahlmoeglichkeiten\\\/\",\"url\":\"https:\\\/\\\/c-hessler.de\\\/bezahlmoeglichkeiten\\\/\",\"name\":\"Zahlungsmethoden - Dr. Christoph He\u00dfler Maschinensysteme\",\"isPartOf\":{\"@id\":\"https:\\\/\\\/c-hessler.de\\\/#website\"},\"datePublished\":\"2015-04-28T12:29:40+00:00\",\"dateModified\":\"2025-12-09T11:46:27+00:00\",\"inLanguage\":\"sv-SE\",\"potentialAction\":[{\"@type\":\"ReadAction\",\"target\":[\"https:\\\/\\\/c-hessler.de\\\/bezahlmoeglichkeiten\\\/\"]}]},{\"@type\":\"WebSite\",\"@id\":\"https:\\\/\\\/c-hessler.de\\\/#website\",\"url\":\"https:\\\/\\\/c-hessler.de\\\/\",\"name\":\"www.c-hessler.de\",\"description\":\"\",\"publisher\":{\"@id\":\"https:\\\/\\\/c-hessler.de\\\/#organization\"},\"potentialAction\":[{\"@type\":\"SearchAction\",\"target\":{\"@type\":\"EntryPoint\",\"urlTemplate\":\"https:\\\/\\\/c-hessler.de\\\/?s={search_term_string}\"},\"query-input\":{\"@type\":\"PropertyValueSpecification\",\"valueRequired\":true,\"valueName\":\"search_term_string\"}}],\"inLanguage\":\"sv-SE\"},{\"@type\":\"Organization\",\"@id\":\"https:\\\/\\\/c-hessler.de\\\/#organization\",\"name\":\"Dr. Christoph He\u00dfler Maschinensysteme\",\"alternateName\":\"Dr. Christoph He\u00dfler Maschinensysteme\",\"url\":\"https:\\\/\\\/c-hessler.de\\\/\",\"logo\":{\"@type\":\"ImageObject\",\"inLanguage\":\"sv-SE\",\"@id\":\"https:\\\/\\\/c-hessler.de\\\/#\\\/schema\\\/logo\\\/image\\\/\",\"url\":\"https:\\\/\\\/c-hessler.de\\\/wp-content\\\/uploads\\\/2026\\\/02\\\/Draw-03-150312-110115-Ausgeschnitten-I.jpg\",\"contentUrl\":\"https:\\\/\\\/c-hessler.de\\\/wp-content\\\/uploads\\\/2026\\\/02\\\/Draw-03-150312-110115-Ausgeschnitten-I.jpg\",\"width\":445,\"height\":394,\"caption\":\"Dr. Christoph He\u00dfler Maschinensysteme\"},\"image\":{\"@id\":\"https:\\\/\\\/c-hessler.de\\\/#\\\/schema\\\/logo\\\/image\\\/\"},\"sameAs\":[\"https:\\\/\\\/www.facebook.com\\\/DrChristophHesslerMaschinensysteme\\\/\",\"https:\\\/\\\/www.pinterest.de\\\/hesstools\\\/\",\"https:\\\/\\\/www.youtube.com\\\/channel\\\/UCaNnXDGGF_BiYFQZ2kJgi-A?view_as=subscriber\"],\"description\":\"1. Ecken- und Kantenfr\u00e4sen f\u00fcr Tischler und Schreiner, Sonderanfertigungen 2. Auch f\u00fcr die Nachbearbeitung von Eck-Schwei\u00dfn\u00e4hten bei Aluminium-Werkstoffen, f\u00fcr Fahrzeugbauer oder Metallbauer aller Art\",\"email\":\"christoph.hessler@c-hessler.de\",\"telephone\":\"0527413012080\",\"legalName\":\"Dr. Christoph He\u00dfler Maschinensysteme\",\"foundingDate\":\"2003-06-05\",\"vatID\":\"DE230070107\",\"numberOfEmployees\":{\"@type\":\"QuantitativeValue\",\"minValue\":\"1\",\"maxValue\":\"10\"}}]}<\/script>\n<!-- \/ Yoast SEO Premium plugin. -->","yoast_head_json":{"title":"Betalningsmetoder - Dr Christoph He\u00dfler Maschinensysteme","robots":{"index":"index","follow":"follow","max-snippet":"max-snippet:-1","max-image-preview":"max-image-preview:large","max-video-preview":"max-video-preview:-1"},"canonical":"https:\/\/c-hessler.de\/sv\/betalningsalternativ\/","og_locale":"sv_SE","og_type":"article","og_title":"Zahlungsmethoden","og_url":"https:\/\/c-hessler.de\/sv\/betalningsalternativ\/","og_site_name":"Dr. Christoph He\u00dfler Maschinensysteme","article_publisher":"https:\/\/www.facebook.com\/DrChristophHesslerMaschinensysteme\/","article_modified_time":"2025-12-09T11:46:27+00:00","schema":{"@context":"https:\/\/schema.org","@graph":[{"@type":"WebPage","@id":"https:\/\/c-hessler.de\/bezahlmoeglichkeiten\/","url":"https:\/\/c-hessler.de\/bezahlmoeglichkeiten\/","name":"Betalningsmetoder - Dr Christoph He\u00dfler Maschinensysteme","isPartOf":{"@id":"https:\/\/c-hessler.de\/#website"},"datePublished":"2015-04-28T12:29:40+00:00","dateModified":"2025-12-09T11:46:27+00:00","inLanguage":"sv-SE","potentialAction":[{"@type":"ReadAction","target":["https:\/\/c-hessler.de\/bezahlmoeglichkeiten\/"]}]},{"@type":"WebSite","@id":"https:\/\/c-hessler.de\/#website","url":"https:\/\/c-hessler.de\/","name":"www.c-hessler.de","description":"","publisher":{"@id":"https:\/\/c-hessler.de\/#organization"},"potentialAction":[{"@type":"SearchAction","target":{"@type":"EntryPoint","urlTemplate":"https:\/\/c-hessler.de\/?s={search_term_string}"},"query-input":{"@type":"PropertyValueSpecification","valueRequired":true,"valueName":"search_term_string"}}],"inLanguage":"sv-SE"},{"@type":"Organization","@id":"https:\/\/c-hessler.de\/#organization","name":"Dr Christoph He\u00dfler Maskinsystem","alternateName":"Dr. Christoph He\u00dfler Maschinensysteme","url":"https:\/\/c-hessler.de\/","logo":{"@type":"ImageObject","inLanguage":"sv-SE","@id":"https:\/\/c-hessler.de\/#\/schema\/logo\/image\/","url":"https:\/\/c-hessler.de\/wp-content\/uploads\/2026\/02\/Draw-03-150312-110115-Ausgeschnitten-I.jpg","contentUrl":"https:\/\/c-hessler.de\/wp-content\/uploads\/2026\/02\/Draw-03-150312-110115-Ausgeschnitten-I.jpg","width":445,"height":394,"caption":"Dr. Christoph He\u00dfler Maschinensysteme"},"image":{"@id":"https:\/\/c-hessler.de\/#\/schema\/logo\/image\/"},"sameAs":["https:\/\/www.facebook.com\/DrChristophHesslerMaschinensysteme\/","https:\/\/www.pinterest.de\/hesstools\/","https:\/\/www.youtube.com\/channel\/UCaNnXDGGF_BiYFQZ2kJgi-A?view_as=subscriber"],"description":"1. Ecken- und Kantenfr\u00e4sen f\u00fcr Tischler und Schreiner, Sonderanfertigungen 2. Auch f\u00fcr die Nachbearbeitung von Eck-Schwei\u00dfn\u00e4hten bei Aluminium-Werkstoffen, f\u00fcr Fahrzeugbauer oder Metallbauer aller Art","email":"christoph.hessler@c-hessler.de","telephone":"0527413012080","legalName":"Dr. Christoph He\u00dfler Maschinensysteme","foundingDate":"2003-06-05","vatID":"DE230070107","numberOfEmployees":{"@type":"QuantitativeValue","minValue":"1","maxValue":"10"}}]}},"_hostinger_reach_plugin_has_subscription_block":false,"_hostinger_reach_plugin_is_elementor":false,"_links":{"self":[{"href":"https:\/\/c-hessler.de\/sv\/wp-json\/wp\/v2\/pages\/9214","targetHints":{"allow":["GET"]}}],"collection":[{"href":"https:\/\/c-hessler.de\/sv\/wp-json\/wp\/v2\/pages"}],"about":[{"href":"https:\/\/c-hessler.de\/sv\/wp-json\/wp\/v2\/types\/page"}],"author":[{"embeddable":true,"href":"https:\/\/c-hessler.de\/sv\/wp-json\/wp\/v2\/users\/9"}],"replies":[{"embeddable":true,"href":"https:\/\/c-hessler.de\/sv\/wp-json\/wp\/v2\/comments?post=9214"}],"version-history":[{"count":0,"href":"https:\/\/c-hessler.de\/sv\/wp-json\/wp\/v2\/pages\/9214\/revisions"}],"wp:attachment":[{"href":"https:\/\/c-hessler.de\/sv\/wp-json\/wp\/v2\/media?parent=9214"}],"curies":[{"name":"wp","href":"https:\/\/api.w.org\/{rel}","templated":true}]}}