{"id":9216,"date":"2015-04-28T15:26:06","date_gmt":"2015-04-28T13:26:06","guid":{"rendered":"http:\/\/\/?page_id=9216"},"modified":"2025-12-17T07:44:54","modified_gmt":"2025-12-17T06:44:54","slug":"avtryck","status":"publish","type":"page","link":"https:\/\/c-hessler.de\/sv\/impressum\/","title":{"rendered":"Avtryck"},"content":{"rendered":"<div data-elementor-type=\"wp-page\" data-elementor-id=\"9216\" class=\"elementor elementor-9216\" data-elementor-settings=\"{&quot;ha_cmc_init_switcher&quot;:&quot;no&quot;}\" data-elementor-post-type=\"page\">\n\t\t\t\t<div class=\"elementor-element elementor-element-473ee166 e-flex e-con-boxed e-con e-parent\" data-id=\"473ee166\" data-element_type=\"container\" data-e-type=\"container\" data-settings=\"{&quot;_ha_eqh_enable&quot;:false}\">\n\t\t\t\t\t<div class=\"e-con-inner\">\n\t\t\t\t<div class=\"elementor-element elementor-element-82fdf73 elementor-widget elementor-widget-text-editor\" data-id=\"82fdf73\" data-element_type=\"widget\" data-e-type=\"widget\" data-widget_type=\"text-editor.default\">\n\t\t\t\t\t\t\t\t\t<div class=\"wpb_text_column wpb_content_element\"><div class=\"wpb_wrapper\"><h1>Allt som \u00e4r r\u00e4tt<\/h1><p>\u00a0<\/p><\/div><\/div><div class=\"ww-gap gap\">\u00a0<\/div><h3><i class=\"fa fa-check\"><\/i><span class=\"title\">Information enligt \u00a7 5 TMG:<\/span><\/h3><div class=\"column_container\"><div class=\"ww-fancy-box wrapper fancy-box-style-1\"><div class=\"ww-fancy-box-content\"><p>Dr Christoph He\u00dfler<br \/>Dr Christoph He\u00dfler Maskinsystem<br \/>Vid Ronceva 5<br \/>32312 L\u00fcbbecke<\/p><p>\u00a0<\/p><\/div><\/div><\/div><div class=\"column_container\"><div class=\"ww-fancy-box wrapper fancy-box-style-1\"><div class=\"ww-fancy-box-title\"><h3><i class=\"fa fa-check\"><\/i><span class=\"title\">Kontakta oss:<\/span><\/h3><\/div><div class=\"ww-fancy-box-content\"><p>Telefon: Inrikes 05741 3012080 Utrikes 00495741 3012080<br \/>Fax: 05741 296406<br \/>e-post: christoph.hessler@c-hessler.de<br \/>ID f\u00f6r f\u00f6rs\u00e4ljningsskatt:<\/p><p>Identifikationsnummer f\u00f6r merv\u00e4rdesskatt enligt \u00a7 27 a i merv\u00e4rdesskattelagen:<br \/>SV 230070107<\/p><\/div><\/div><\/div><div class=\"column_container\"><div class=\"ww-fancy-box wrapper fancy-box-style-1\"><div class=\"ww-fancy-box-title\"><h5>\u00a0<\/h5><h5><i class=\"fa fa-check\"><\/i><span class=\"title\">Ansvarig f\u00f6r inneh\u00e5llet enligt \u00a7 55 Abs. 2 RStV:<\/span><\/h5><\/div><div class=\"ww-fancy-box-content\"><p>Dr Christoph He\u00dfler<br \/>Vid Ronceva 5<br \/>32312 L\u00fcbbecke<\/p><p>K\u00e4lla: http:\/\/www.e-recht24.de<\/p><p>\u00a0<\/p><\/div><\/div><\/div><div class=\"column_container\"><div class=\"ww-fancy-box wrapper fancy-box-style-1\"><div class=\"ww-fancy-box-title\"><h3><i class=\"fa fa-check\"><\/i><span class=\"title\">Ansvarsfriskrivning (disclaimer)<\/span><\/h3><\/div><div class=\"ww-fancy-box-content\"><p>Ansvar f\u00f6r inneh\u00e5ll<\/p><p>Som tj\u00e4nsteleverant\u00f6r \u00e4r vi ansvariga f\u00f6r v\u00e5rt eget inneh\u00e5ll p\u00e5 dessa sidor i enlighet med \u00a7 7 (1) TMG (tyska telemedielagen) och allm\u00e4n lagstiftning. Enligt \u00a7\u00a7 8 till 10 TMG \u00e4r vi som tj\u00e4nsteleverant\u00f6r dock inte skyldiga att \u00f6vervaka \u00f6verf\u00f6rd eller lagrad information fr\u00e5n tredje part eller att unders\u00f6ka omst\u00e4ndigheter som tyder p\u00e5 olaglig verksamhet. Skyldigheter att ta bort eller blockera anv\u00e4ndningen av information i enlighet med allm\u00e4n lagstiftning f\u00f6rblir op\u00e5verkade av detta. Ansvar i detta avseende \u00e4r dock endast m\u00f6jligt fr\u00e5n och med tidpunkten f\u00f6r k\u00e4nnedom om en specifik \u00f6vertr\u00e4delse. S\u00e5 snart vi f\u00e5r k\u00e4nnedom om s\u00e5dana \u00f6vertr\u00e4delser kommer vi omedelbart att ta bort detta inneh\u00e5ll.<\/p><p>Ansvar f\u00f6r l\u00e4nkar<\/p><p>V\u00e5r webbplats inneh\u00e5ller l\u00e4nkar till externa webbplatser fr\u00e5n tredje part vars inneh\u00e5ll vi inte har n\u00e5got inflytande \u00f6ver. D\u00e4rf\u00f6r kan vi inte ta n\u00e5got ansvar f\u00f6r detta inneh\u00e5ll fr\u00e5n tredje part. Respektive leverant\u00f6r eller operat\u00f6r av sidorna \u00e4r alltid ansvarig f\u00f6r inneh\u00e5llet p\u00e5 de l\u00e4nkade sidorna. De l\u00e4nkade sidorna har vid tidpunkten f\u00f6r l\u00e4nkningen kontrollerats med avseende p\u00e5 eventuella lag\u00f6vertr\u00e4delser. Olagligt inneh\u00e5ll kunde inte identifieras vid tidpunkten f\u00f6r l\u00e4nkningen. En permanent \u00f6vervakning av inneh\u00e5llet p\u00e5 de l\u00e4nkade sidorna \u00e4r dock inte rimlig utan konkreta bevis p\u00e5 en \u00f6vertr\u00e4delse. Om vi f\u00e5r k\u00e4nnedom om lag\u00f6vertr\u00e4delser kommer vi omedelbart att ta bort s\u00e5dana l\u00e4nkar.<\/p><p>Upphovsr\u00e4tt<\/p><p>Inneh\u00e5llet och de verk som skapats av webbplatsoperat\u00f6rerna p\u00e5 dessa sidor omfattas av tysk upphovsr\u00e4ttslagstiftning. Kopiering, bearbetning, distribution och all annan anv\u00e4ndning utanf\u00f6r upphovsr\u00e4ttslagens gr\u00e4nser kr\u00e4ver skriftligt medgivande fr\u00e5n respektive f\u00f6rfattare eller upphovsman. Nedladdningar och kopior av denna webbplats \u00e4r endast till\u00e5tna f\u00f6r privat, icke-kommersiellt bruk. I den m\u00e5n inneh\u00e5llet p\u00e5 denna webbplats inte har skapats av operat\u00f6ren respekteras tredje parts upphovsr\u00e4tt. I synnerhet inneh\u00e5ll fr\u00e5n tredje part \u00e4r m\u00e4rkt som s\u00e5dant. Om du \u00e4nd\u00e5 skulle f\u00e5 k\u00e4nnedom om ett upphovsr\u00e4ttsintr\u00e5ng ber vi dig att informera oss om detta. Om vi f\u00e5r k\u00e4nnedom om n\u00e5got intr\u00e5ng kommer vi omedelbart att ta bort inneh\u00e5llet.<\/p><p>\u00a0<\/p><\/div><h3>Klagom\u00e5lsf\u00f6rfarande<\/h3><div class=\"woocommerce woocommerce-gzd woocommerce-gzd-complaints-shortcode\"><h4>Alternativ tvistl\u00f6sning i enlighet med Art. 14 para. 1 ODR-VO och \u00a7 36 VSBG:<\/h4><p>Europeiska kommissionen tillhandah\u00e5ller en plattform f\u00f6r tvistl\u00f6sning online (OS), som du kan komma \u00e5t p\u00e5\u00a0<a href=\"http:\/\/ec.europa.eu\/consumers\/odr\/\" target=\"_blank\" rel=\"noopener\">http:\/\/ec.europa.eu\/consumers\/odr\/<\/a> hitta. Vi \u00e4r inte skyldiga eller villiga att delta i tvistl\u00f6sningsf\u00f6rfaranden inf\u00f6r en konsumentskiljedomstol.<\/p><\/div><\/div><\/div>\t\t\t\t\t\t\t\t<\/div>\n\t\t\t\t\t<\/div>\n\t\t\t\t<\/div>\n\t\t\t\t<\/div>","protected":false},"excerpt":{"rendered":"<p>Alles was Recht ist \u00a0 \u00a0 Angaben gem\u00e4\u00df \u00a7 5 TMG: Dr. Christoph He\u00dflerDr. Christoph He\u00dfler MaschinensystemeAn der Ronceva 532312 L\u00fcbbecke \u00a0 Kontakt: Telefon: National 05741 3012080 International 00495741 3012080Telefax: 05741 296406E-Mail: christoph.hessler@c-hessler.deUmsatzsteuer-ID: Umsatzsteuer-Identifikationsnummer gem\u00e4\u00df \u00a727 a Umsatzsteuergesetz:DE 230070107 \u00a0 Verantwortlich f\u00fcr den Inhalt nach \u00a7 55 Abs. 2 RStV: Dr. Christoph He\u00dflerAn der Ronceva [&hellip;]<\/p>\n","protected":false},"author":9,"featured_media":0,"parent":0,"menu_order":0,"comment_status":"closed","ping_status":"closed","template":"","meta":{"footnotes":""},"class_list":["post-9216","page","type-page","status-publish","hentry"],"yoast_head":"<!-- This site is optimized with the Yoast SEO Premium plugin v27.0 (Yoast SEO v27.4) - https:\/\/yoast.com\/product\/yoast-seo-premium-wordpress\/ -->\n<title>Impressum - Dr. Christoph He\u00dfler Maschinensysteme<\/title>\n<meta name=\"robots\" content=\"index, follow, max-snippet:-1, max-image-preview:large, max-video-preview:-1\" \/>\n<link rel=\"canonical\" href=\"https:\/\/c-hessler.de\/sv\/avtryck\/\" \/>\n<meta property=\"og:locale\" content=\"sv_SE\" \/>\n<meta property=\"og:type\" content=\"article\" \/>\n<meta property=\"og:title\" content=\"Impressum\" \/>\n<meta property=\"og:description\" content=\"Alles was Recht ist \u00a0 \u00a0 Angaben gem\u00e4\u00df \u00a7 5 TMG: Dr. Christoph He\u00dflerDr. Christoph He\u00dfler MaschinensystemeAn der Ronceva 532312 L\u00fcbbecke \u00a0 Kontakt: Telefon: National 05741 3012080 International 00495741 3012080Telefax: 05741 296406E-Mail: christoph.hessler@c-hessler.deUmsatzsteuer-ID: Umsatzsteuer-Identifikationsnummer gem\u00e4\u00df \u00a727 a Umsatzsteuergesetz:DE 230070107 \u00a0 Verantwortlich f\u00fcr den Inhalt nach \u00a7 55 Abs. 2 RStV: Dr. Christoph He\u00dflerAn der Ronceva [&hellip;]\" \/>\n<meta property=\"og:url\" content=\"https:\/\/c-hessler.de\/sv\/avtryck\/\" \/>\n<meta property=\"og:site_name\" content=\"Dr. Christoph He\u00dfler Maschinensysteme\" \/>\n<meta property=\"article:publisher\" content=\"https:\/\/www.facebook.com\/DrChristophHesslerMaschinensysteme\/\" \/>\n<meta property=\"article:modified_time\" content=\"2025-12-17T06:44:54+00:00\" \/>\n<meta name=\"twitter:label1\" content=\"Ber\u00e4knad l\u00e4stid\" \/>\n\t<meta name=\"twitter:data1\" content=\"3 minuter\" \/>\n<script type=\"application\/ld+json\" class=\"yoast-schema-graph\">{\"@context\":\"https:\\\/\\\/schema.org\",\"@graph\":[{\"@type\":\"WebPage\",\"@id\":\"https:\\\/\\\/c-hessler.de\\\/impressum\\\/\",\"url\":\"https:\\\/\\\/c-hessler.de\\\/impressum\\\/\",\"name\":\"Impressum - Dr. Christoph He\u00dfler Maschinensysteme\",\"isPartOf\":{\"@id\":\"https:\\\/\\\/c-hessler.de\\\/#website\"},\"datePublished\":\"2015-04-28T13:26:06+00:00\",\"dateModified\":\"2025-12-17T06:44:54+00:00\",\"inLanguage\":\"sv-SE\",\"potentialAction\":[{\"@type\":\"ReadAction\",\"target\":[\"https:\\\/\\\/c-hessler.de\\\/impressum\\\/\"]}]},{\"@type\":\"WebSite\",\"@id\":\"https:\\\/\\\/c-hessler.de\\\/#website\",\"url\":\"https:\\\/\\\/c-hessler.de\\\/\",\"name\":\"www.c-hessler.de\",\"description\":\"\",\"publisher\":{\"@id\":\"https:\\\/\\\/c-hessler.de\\\/#organization\"},\"potentialAction\":[{\"@type\":\"SearchAction\",\"target\":{\"@type\":\"EntryPoint\",\"urlTemplate\":\"https:\\\/\\\/c-hessler.de\\\/?s={search_term_string}\"},\"query-input\":{\"@type\":\"PropertyValueSpecification\",\"valueRequired\":true,\"valueName\":\"search_term_string\"}}],\"inLanguage\":\"sv-SE\"},{\"@type\":\"Organization\",\"@id\":\"https:\\\/\\\/c-hessler.de\\\/#organization\",\"name\":\"Dr. Christoph He\u00dfler Maschinensysteme\",\"alternateName\":\"Dr. Christoph He\u00dfler Maschinensysteme\",\"url\":\"https:\\\/\\\/c-hessler.de\\\/\",\"logo\":{\"@type\":\"ImageObject\",\"inLanguage\":\"sv-SE\",\"@id\":\"https:\\\/\\\/c-hessler.de\\\/#\\\/schema\\\/logo\\\/image\\\/\",\"url\":\"https:\\\/\\\/c-hessler.de\\\/wp-content\\\/uploads\\\/2026\\\/02\\\/Draw-03-150312-110115-Ausgeschnitten-I.jpg\",\"contentUrl\":\"https:\\\/\\\/c-hessler.de\\\/wp-content\\\/uploads\\\/2026\\\/02\\\/Draw-03-150312-110115-Ausgeschnitten-I.jpg\",\"width\":445,\"height\":394,\"caption\":\"Dr. Christoph He\u00dfler Maschinensysteme\"},\"image\":{\"@id\":\"https:\\\/\\\/c-hessler.de\\\/#\\\/schema\\\/logo\\\/image\\\/\"},\"sameAs\":[\"https:\\\/\\\/www.facebook.com\\\/DrChristophHesslerMaschinensysteme\\\/\",\"https:\\\/\\\/www.pinterest.de\\\/hesstools\\\/\",\"https:\\\/\\\/www.youtube.com\\\/channel\\\/UCaNnXDGGF_BiYFQZ2kJgi-A?view_as=subscriber\"],\"description\":\"1. Ecken- und Kantenfr\u00e4sen f\u00fcr Tischler und Schreiner, Sonderanfertigungen 2. Auch f\u00fcr die Nachbearbeitung von Eck-Schwei\u00dfn\u00e4hten bei Aluminium-Werkstoffen, f\u00fcr Fahrzeugbauer oder Metallbauer aller Art\",\"email\":\"christoph.hessler@c-hessler.de\",\"telephone\":\"0527413012080\",\"legalName\":\"Dr. Christoph He\u00dfler Maschinensysteme\",\"foundingDate\":\"2003-06-05\",\"vatID\":\"DE230070107\",\"numberOfEmployees\":{\"@type\":\"QuantitativeValue\",\"minValue\":\"1\",\"maxValue\":\"10\"}}]}<\/script>\n<!-- \/ Yoast SEO Premium plugin. -->","yoast_head_json":{"title":"Avtryck - Dr Christoph Hessler Maskinsystem","robots":{"index":"index","follow":"follow","max-snippet":"max-snippet:-1","max-image-preview":"max-image-preview:large","max-video-preview":"max-video-preview:-1"},"canonical":"https:\/\/c-hessler.de\/sv\/avtryck\/","og_locale":"sv_SE","og_type":"article","og_title":"Impressum","og_description":"Alles was Recht ist \u00a0 \u00a0 Angaben gem\u00e4\u00df \u00a7 5 TMG: Dr. Christoph He\u00dflerDr. Christoph He\u00dfler MaschinensystemeAn der Ronceva 532312 L\u00fcbbecke \u00a0 Kontakt: Telefon: National 05741 3012080 International 00495741 3012080Telefax: 05741 296406E-Mail: christoph.hessler@c-hessler.deUmsatzsteuer-ID: Umsatzsteuer-Identifikationsnummer gem\u00e4\u00df \u00a727 a Umsatzsteuergesetz:DE 230070107 \u00a0 Verantwortlich f\u00fcr den Inhalt nach \u00a7 55 Abs. 2 RStV: Dr. Christoph He\u00dflerAn der Ronceva [&hellip;]","og_url":"https:\/\/c-hessler.de\/sv\/avtryck\/","og_site_name":"Dr. Christoph He\u00dfler Maschinensysteme","article_publisher":"https:\/\/www.facebook.com\/DrChristophHesslerMaschinensysteme\/","article_modified_time":"2025-12-17T06:44:54+00:00","twitter_misc":{"Ber\u00e4knad l\u00e4stid":"3 minuter"},"schema":{"@context":"https:\/\/schema.org","@graph":[{"@type":"WebPage","@id":"https:\/\/c-hessler.de\/impressum\/","url":"https:\/\/c-hessler.de\/impressum\/","name":"Avtryck - Dr Christoph Hessler Maskinsystem","isPartOf":{"@id":"https:\/\/c-hessler.de\/#website"},"datePublished":"2015-04-28T13:26:06+00:00","dateModified":"2025-12-17T06:44:54+00:00","inLanguage":"sv-SE","potentialAction":[{"@type":"ReadAction","target":["https:\/\/c-hessler.de\/impressum\/"]}]},{"@type":"WebSite","@id":"https:\/\/c-hessler.de\/#website","url":"https:\/\/c-hessler.de\/","name":"www.c-hessler.de","description":"","publisher":{"@id":"https:\/\/c-hessler.de\/#organization"},"potentialAction":[{"@type":"SearchAction","target":{"@type":"EntryPoint","urlTemplate":"https:\/\/c-hessler.de\/?s={search_term_string}"},"query-input":{"@type":"PropertyValueSpecification","valueRequired":true,"valueName":"search_term_string"}}],"inLanguage":"sv-SE"},{"@type":"Organization","@id":"https:\/\/c-hessler.de\/#organization","name":"Dr Christoph He\u00dfler Maskinsystem","alternateName":"Dr. Christoph He\u00dfler Maschinensysteme","url":"https:\/\/c-hessler.de\/","logo":{"@type":"ImageObject","inLanguage":"sv-SE","@id":"https:\/\/c-hessler.de\/#\/schema\/logo\/image\/","url":"https:\/\/c-hessler.de\/wp-content\/uploads\/2026\/02\/Draw-03-150312-110115-Ausgeschnitten-I.jpg","contentUrl":"https:\/\/c-hessler.de\/wp-content\/uploads\/2026\/02\/Draw-03-150312-110115-Ausgeschnitten-I.jpg","width":445,"height":394,"caption":"Dr. Christoph He\u00dfler Maschinensysteme"},"image":{"@id":"https:\/\/c-hessler.de\/#\/schema\/logo\/image\/"},"sameAs":["https:\/\/www.facebook.com\/DrChristophHesslerMaschinensysteme\/","https:\/\/www.pinterest.de\/hesstools\/","https:\/\/www.youtube.com\/channel\/UCaNnXDGGF_BiYFQZ2kJgi-A?view_as=subscriber"],"description":"1. Ecken- und Kantenfr\u00e4sen f\u00fcr Tischler und Schreiner, Sonderanfertigungen 2. Auch f\u00fcr die Nachbearbeitung von Eck-Schwei\u00dfn\u00e4hten bei Aluminium-Werkstoffen, f\u00fcr Fahrzeugbauer oder Metallbauer aller Art","email":"christoph.hessler@c-hessler.de","telephone":"0527413012080","legalName":"Dr. Christoph He\u00dfler Maschinensysteme","foundingDate":"2003-06-05","vatID":"DE230070107","numberOfEmployees":{"@type":"QuantitativeValue","minValue":"1","maxValue":"10"}}]}},"_hostinger_reach_plugin_has_subscription_block":false,"_hostinger_reach_plugin_is_elementor":false,"_links":{"self":[{"href":"https:\/\/c-hessler.de\/sv\/wp-json\/wp\/v2\/pages\/9216","targetHints":{"allow":["GET"]}}],"collection":[{"href":"https:\/\/c-hessler.de\/sv\/wp-json\/wp\/v2\/pages"}],"about":[{"href":"https:\/\/c-hessler.de\/sv\/wp-json\/wp\/v2\/types\/page"}],"author":[{"embeddable":true,"href":"https:\/\/c-hessler.de\/sv\/wp-json\/wp\/v2\/users\/9"}],"replies":[{"embeddable":true,"href":"https:\/\/c-hessler.de\/sv\/wp-json\/wp\/v2\/comments?post=9216"}],"version-history":[{"count":3,"href":"https:\/\/c-hessler.de\/sv\/wp-json\/wp\/v2\/pages\/9216\/revisions"}],"predecessor-version":[{"id":208813,"href":"https:\/\/c-hessler.de\/sv\/wp-json\/wp\/v2\/pages\/9216\/revisions\/208813"}],"wp:attachment":[{"href":"https:\/\/c-hessler.de\/sv\/wp-json\/wp\/v2\/media?parent=9216"}],"curies":[{"name":"wp","href":"https:\/\/api.w.org\/{rel}","templated":true}]}}