{"id":9299,"date":"2015-04-29T08:57:17","date_gmt":"2015-04-29T06:57:17","guid":{"rendered":"http:\/\/\/?page_id=9299"},"modified":"2025-12-13T13:15:31","modified_gmt":"2025-12-13T12:15:31","slug":"lmg-produktions-ag","status":"publish","type":"page","link":"https:\/\/c-hessler.de\/sv\/referenzen\/lmg-produktions-ag\/","title":{"rendered":"LMG Produktions AG"},"content":{"rendered":"<div data-elementor-type=\"wp-page\" data-elementor-id=\"9299\" class=\"elementor elementor-9299\" data-elementor-settings=\"{&quot;ha_cmc_init_switcher&quot;:&quot;no&quot;}\" data-elementor-post-type=\"page\">\n\t\t\t\t<div class=\"elementor-element elementor-element-722a7f6f e-grid e-con-boxed e-con e-parent\" data-id=\"722a7f6f\" data-element_type=\"container\" data-e-type=\"container\" data-settings=\"{&quot;_ha_eqh_enable&quot;:false}\">\n\t\t\t\t\t<div class=\"e-con-inner\">\n\t\t\t\t<div class=\"elementor-element elementor-element-42a7920f elementor-widget elementor-widget-text-editor\" data-id=\"42a7920f\" data-element_type=\"widget\" data-e-type=\"widget\" data-widget_type=\"text-editor.default\">\n\t\t\t\t\t\t\t\t\t<h4 class=\"font_8\">Snickeri<br \/>LMG Produktions AG<\/h4><p>Ohrb\u00fchlstrasse 25<br \/>8409 Winterthur<\/p><p class=\"font_8\">Tel.: 052 245 01 20<br \/>Fax: 052 245 01 29<\/p><p class=\"font_8\">E-post: info@lmg-produktion.ch<br \/>Hemsida:\u00a0<a href=\"http:\/\/www.lmg-produktion.ch\/\">www.lmg-produktion.ch<\/a><\/p>\t\t\t\t\t\t\t\t<\/div>\n\t\t\t\t<div class=\"elementor-element elementor-element-6dd6d143 elementor-widget elementor-widget-image\" data-id=\"6dd6d143\" data-element_type=\"widget\" data-e-type=\"widget\" data-widget_type=\"image.default\">\n\t\t\t\t\t\t\t\t\t\t\t\t\t\t\t<img decoding=\"async\" width=\"266\" height=\"133\" src=\"https:\/\/c-hessler.de\/wp-content\/uploads\/2015\/04\/LMG-Schreinerei.jpg\" class=\"attachment-full size-full wp-image-9235\" alt=\"\" srcset=\"https:\/\/c-hessler.de\/wp-content\/uploads\/2015\/04\/LMG-Schreinerei.jpg 266w, https:\/\/c-hessler.de\/wp-content\/uploads\/2015\/04\/LMG-Schreinerei-150x75.jpg 150w\" sizes=\"(max-width: 266px) 100vw, 266px\" \/>\t\t\t\t\t\t\t\t\t\t\t\t\t\t\t<\/div>\n\t\t\t\t\t<\/div>\n\t\t\t\t<\/div>\n\t\t<div class=\"elementor-element elementor-element-5e20b6a1 e-flex e-con-boxed e-con e-parent\" data-id=\"5e20b6a1\" data-element_type=\"container\" data-e-type=\"container\" data-settings=\"{&quot;_ha_eqh_enable&quot;:false}\">\n\t\t\t\t\t<div class=\"e-con-inner\">\n\t\t\t\t<div class=\"elementor-element elementor-element-2fcfc0a9 elementor-widget-divider--view-line elementor-widget elementor-widget-divider\" data-id=\"2fcfc0a9\" data-element_type=\"widget\" data-e-type=\"widget\" data-widget_type=\"divider.default\">\n\t\t\t\t\t\t\t<div class=\"elementor-divider\">\n\t\t\t<span class=\"elementor-divider-separator\">\n\t\t\t\t\t\t<\/span>\n\t\t<\/div>\n\t\t\t\t\t\t<\/div>\n\t\t\t\t\t<\/div>\n\t\t\t\t<\/div>\n\t\t<div class=\"elementor-element elementor-element-54461134 e-flex e-con-boxed e-con e-parent\" data-id=\"54461134\" data-element_type=\"container\" data-e-type=\"container\" data-settings=\"{&quot;_ha_eqh_enable&quot;:false}\">\n\t\t\t\t\t<div class=\"e-con-inner\">\n\t\t\t\t<div class=\"elementor-element elementor-element-188a5958 elementor-widget elementor-widget-image-carousel\" data-id=\"188a5958\" data-element_type=\"widget\" data-e-type=\"widget\" data-settings=\"{&quot;slides_to_show&quot;:&quot;4&quot;,&quot;navigation&quot;:&quot;none&quot;,&quot;autoplay&quot;:&quot;yes&quot;,&quot;pause_on_hover&quot;:&quot;yes&quot;,&quot;pause_on_interaction&quot;:&quot;yes&quot;,&quot;autoplay_speed&quot;:5000,&quot;infinite&quot;:&quot;yes&quot;,&quot;speed&quot;:500}\" data-widget_type=\"image-carousel.default\">\n\t\t\t\t\t\t\t<div class=\"elementor-image-carousel-wrapper swiper\" role=\"region\" aria-roledescription=\"carousel\" aria-label=\"Bildkarusell\" dir=\"ltr\">\n\t\t\t<div class=\"elementor-image-carousel swiper-wrapper swiper-image-stretch\" aria-live=\"off\">\n\t\t\t\t\t\t\t\t<div class=\"swiper-slide\" role=\"group\" aria-roledescription=\"slide\" aria-label=\"1 de 4\" data-no-translation-aria-label=\"\"><a data-elementor-open-lightbox=\"yes\" data-elementor-lightbox-slideshow=\"188a5958\" data-elementor-lightbox-title=\"LMG Produktions AG - Ausklinker 1\" data-elementor-lightbox-description=\"LMG Produktions AG - Andendung des Ausklinkers: Der Ausklinker in Bearbeitungsposition beim Fr\u00e4sen\" data-e-action-hash=\"#elementor-action%3Aaction%3Dlightbox%26settings%3DeyJpZCI6OTMwMiwidXJsIjoiaHR0cHM6XC9cL2MtaGVzc2xlci5kZVwvd3AtY29udGVudFwvdXBsb2Fkc1wvMjAxNVwvMDRcLzE0NjY1NDU1MmI4LmpwZyIsInNsaWRlc2hvdyI6IjE4OGE1OTU4In0%3D\" href=\"https:\/\/c-hessler.de\/wp-content\/uploads\/2015\/04\/146654552b8.jpg\"><figure class=\"swiper-slide-inner\"><img decoding=\"async\" class=\"swiper-slide-image\" src=\"https:\/\/c-hessler.de\/wp-content\/uploads\/2015\/04\/146654552b8-150x150.jpg\" alt=\"LMG Produktions AG - Till\u00e4mpning av urklyvningen: Urklyvningen i bearbetningsposition under fr\u00e4sning\" \/><figcaption class=\"elementor-image-carousel-caption\">LMG Produktions AG - Till\u00e4mpning av urklyvningen: Urklyvningen i bearbetningsposition under fr\u00e4sning<\/figcaption><\/figure><\/a><\/div><div class=\"swiper-slide\" role=\"group\" aria-roledescription=\"slide\" aria-label=\"2 de 4\" data-no-translation-aria-label=\"\"><a data-elementor-open-lightbox=\"yes\" data-elementor-lightbox-slideshow=\"188a5958\" data-elementor-lightbox-title=\"LMG Produktions AG - Ausklinker 2\" data-elementor-lightbox-description=\"LMG Produktions AG - Anwendung des Ausklinkers: Mit dem Tiefenanschlag wird die Eintauchtiefe begrenzt, so dass auf der Unterseite kein Ausriss entsteht\" data-e-action-hash=\"#elementor-action%3Aaction%3Dlightbox%26settings%3DeyJpZCI6OTMwNCwidXJsIjoiaHR0cHM6XC9cL2MtaGVzc2xlci5kZVwvd3AtY29udGVudFwvdXBsb2Fkc1wvMjAxNVwvMDRcLzE0NjY1NDZlMDU2LmpwZyIsInNsaWRlc2hvdyI6IjE4OGE1OTU4In0%3D\" href=\"https:\/\/c-hessler.de\/wp-content\/uploads\/2015\/04\/1466546e056.jpg\"><figure class=\"swiper-slide-inner\"><img decoding=\"async\" class=\"swiper-slide-image\" src=\"https:\/\/c-hessler.de\/wp-content\/uploads\/2015\/04\/1466546e056-150x150.jpg\" alt=\"LMG Produktions AG - Anv\u00e4ndning av notchningsverktyget: Djupstoppet begr\u00e4nsar neds\u00e4nkningsdjupet s\u00e5 att det inte sker n\u00e5gon upprivning p\u00e5 undersidan\" \/><figcaption class=\"elementor-image-carousel-caption\">LMG Produktions AG - Anv\u00e4ndning av notchningsverktyget: Djupstoppet begr\u00e4nsar neds\u00e4nkningsdjupet s\u00e5 att det inte sker n\u00e5gon upprivning p\u00e5 undersidan<\/figcaption><\/figure><\/a><\/div><div class=\"swiper-slide\" role=\"group\" aria-roledescription=\"slide\" aria-label=\"3 de 4\" data-no-translation-aria-label=\"\"><a data-elementor-open-lightbox=\"yes\" data-elementor-lightbox-slideshow=\"188a5958\" data-elementor-lightbox-title=\"LMG Produktions AG - Ausklinker 3\" data-elementor-lightbox-description=\"LMG Produktions AG - Anwendung des Ausklinkers: Von der ersten Seite mit Tiefeanschlag eingefr\u00e4st\" data-e-action-hash=\"#elementor-action%3Aaction%3Dlightbox%26settings%3DeyJpZCI6OTMwNiwidXJsIjoiaHR0cHM6XC9cL2MtaGVzc2xlci5kZVwvd3AtY29udGVudFwvdXBsb2Fkc1wvMjAxNVwvMDRcLzE0NjY1NGE4MWEzLmpwZyIsInNsaWRlc2hvdyI6IjE4OGE1OTU4In0%3D\" href=\"https:\/\/c-hessler.de\/wp-content\/uploads\/2015\/04\/146654a81a3.jpg\"><figure class=\"swiper-slide-inner\"><img decoding=\"async\" class=\"swiper-slide-image\" src=\"https:\/\/c-hessler.de\/wp-content\/uploads\/2015\/04\/146654a81a3-150x150.jpg\" alt=\"LMG Produktions AG - Anv\u00e4ndning av notningsmaskinen: Fr\u00e4sning fr\u00e5n f\u00f6rsta sidan med djupstopp\" \/><figcaption class=\"elementor-image-carousel-caption\">LMG Produktions AG - Anv\u00e4ndning av notningsmaskinen: Fr\u00e4sning fr\u00e5n f\u00f6rsta sidan med djupstopp<\/figcaption><\/figure><\/a><\/div><div class=\"swiper-slide\" role=\"group\" aria-roledescription=\"slide\" aria-label=\"4 de 4\" data-no-translation-aria-label=\"\"><a data-elementor-open-lightbox=\"yes\" data-elementor-lightbox-slideshow=\"188a5958\" data-elementor-lightbox-title=\"LMG Produktions AG - Ausklinker 4\" data-elementor-lightbox-description=\"LMG Produktions AG - Anwendung des Ausklinkers: Geht auch problemlos mit MDF, fertiges Werkst\u00fcck mit ausgeklinkter Innenecke\" data-e-action-hash=\"#elementor-action%3Aaction%3Dlightbox%26settings%3DeyJpZCI6OTMwOCwidXJsIjoiaHR0cHM6XC9cL2MtaGVzc2xlci5kZVwvd3AtY29udGVudFwvdXBsb2Fkc1wvMjAxNVwvMDRcLzE0NjY1NDgxYjE2LmpwZyIsInNsaWRlc2hvdyI6IjE4OGE1OTU4In0%3D\" href=\"https:\/\/c-hessler.de\/wp-content\/uploads\/2015\/04\/14665481b16.jpg\"><figure class=\"swiper-slide-inner\"><img decoding=\"async\" class=\"swiper-slide-image\" src=\"https:\/\/c-hessler.de\/wp-content\/uploads\/2015\/04\/14665481b16-150x150.jpg\" alt=\"LMG Produktions AG - Anv\u00e4ndning av notningsmaskinen: Fungerar \u00e4ven enkelt med MDF, f\u00e4rdigt arbetsstycke med notat innerh\u00f6rn\" \/><figcaption class=\"elementor-image-carousel-caption\">LMG Produktions AG - Anv\u00e4ndning av notningsmaskinen: Fungerar \u00e4ven enkelt med MDF, f\u00e4rdigt arbetsstycke med notat innerh\u00f6rn<\/figcaption><\/figure><\/a><\/div>\t\t\t<\/div>\n\t\t\t\t\t\t\t\n\t\t\t\t\t\t\t\t\t<\/div>\n\t\t\t\t\t\t<\/div>\n\t\t\t\t\t<\/div>\n\t\t\t\t<\/div>\n\t\t\t\t<\/div>","protected":false},"excerpt":{"rendered":"<p>SchreinereiLMG Produktions AG Ohrb\u00fchlstrasse 258409 Winterthur Tel.: 052 245 01 20Fax: 052 245 01 29 Mail: info@lmg-produktion.chWebsite:\u00a0www.lmg-produktion.ch LMG Produktions AG &#8211; Andendung des Ausklinkers: Der Ausklinker in Bearbeitungsposition beim Fr\u00e4sen LMG Produktions AG &#8211; Anwendung des Ausklinkers: Mit dem Tiefenanschlag wird die Eintauchtiefe begrenzt, so dass auf der Unterseite kein Ausriss entsteht LMG Produktions AG [&hellip;]<\/p>\n","protected":false},"author":5,"featured_media":0,"parent":9218,"menu_order":0,"comment_status":"closed","ping_status":"closed","template":"elementor_header_footer","meta":{"footnotes":""},"class_list":["post-9299","page","type-page","status-publish","hentry"],"yoast_head":"<!-- This site is optimized with the Yoast SEO Premium plugin v27.0 (Yoast SEO v27.4) - https:\/\/yoast.com\/product\/yoast-seo-premium-wordpress\/ -->\n<title>LMG Produktions AG<\/title>\n<meta name=\"robots\" content=\"index, follow, max-snippet:-1, max-image-preview:large, max-video-preview:-1\" \/>\n<link rel=\"canonical\" href=\"https:\/\/c-hessler.de\/sv\/referenser\/lmg-produktions-ag\/\" \/>\n<meta property=\"og:locale\" content=\"sv_SE\" \/>\n<meta property=\"og:type\" content=\"article\" \/>\n<meta property=\"og:title\" content=\"LMG Produktions AG\" \/>\n<meta property=\"og:description\" content=\"SchreinereiLMG Produktions AG Ohrb\u00fchlstrasse 258409 Winterthur Tel.: 052 245 01 20Fax: 052 245 01 29 Mail: info@lmg-produktion.chWebsite:\u00a0www.lmg-produktion.ch LMG Produktions AG &#8211; Andendung des Ausklinkers: Der Ausklinker in Bearbeitungsposition beim Fr\u00e4sen LMG Produktions AG &#8211; Anwendung des Ausklinkers: Mit dem Tiefenanschlag wird die Eintauchtiefe begrenzt, so dass auf der Unterseite kein Ausriss entsteht LMG Produktions AG [&hellip;]\" \/>\n<meta property=\"og:url\" content=\"https:\/\/c-hessler.de\/sv\/referenser\/lmg-produktions-ag\/\" \/>\n<meta property=\"og:site_name\" content=\"Dr. Christoph He\u00dfler Maschinensysteme\" \/>\n<meta property=\"article:publisher\" content=\"https:\/\/www.facebook.com\/DrChristophHesslerMaschinensysteme\/\" \/>\n<meta property=\"article:modified_time\" content=\"2025-12-13T12:15:31+00:00\" \/>\n<meta property=\"og:image\" content=\"https:\/\/c-hessler.de\/wp-content\/uploads\/2015\/04\/LMG-Schreinerei.jpg\" \/>\n\t<meta property=\"og:image:width\" content=\"266\" \/>\n\t<meta property=\"og:image:height\" content=\"133\" \/>\n\t<meta property=\"og:image:type\" content=\"image\/jpeg\" \/>\n<meta name=\"twitter:label1\" content=\"Ber\u00e4knad l\u00e4stid\" \/>\n\t<meta name=\"twitter:data1\" content=\"4 minuter\" \/>\n<script type=\"application\/ld+json\" class=\"yoast-schema-graph\">{\"@context\":\"https:\\\/\\\/schema.org\",\"@graph\":[{\"@type\":\"WebPage\",\"@id\":\"https:\\\/\\\/c-hessler.de\\\/referenzen\\\/lmg-produktions-ag\\\/\",\"url\":\"https:\\\/\\\/c-hessler.de\\\/referenzen\\\/lmg-produktions-ag\\\/\",\"name\":\"LMG Produktions AG\",\"isPartOf\":{\"@id\":\"https:\\\/\\\/c-hessler.de\\\/#website\"},\"primaryImageOfPage\":{\"@id\":\"https:\\\/\\\/c-hessler.de\\\/referenzen\\\/lmg-produktions-ag\\\/#primaryimage\"},\"image\":{\"@id\":\"https:\\\/\\\/c-hessler.de\\\/referenzen\\\/lmg-produktions-ag\\\/#primaryimage\"},\"thumbnailUrl\":\"https:\\\/\\\/c-hessler.de\\\/wp-content\\\/uploads\\\/2015\\\/04\\\/LMG-Schreinerei.jpg\",\"datePublished\":\"2015-04-29T06:57:17+00:00\",\"dateModified\":\"2025-12-13T12:15:31+00:00\",\"breadcrumb\":{\"@id\":\"https:\\\/\\\/c-hessler.de\\\/referenzen\\\/lmg-produktions-ag\\\/#breadcrumb\"},\"inLanguage\":\"sv-SE\",\"potentialAction\":[{\"@type\":\"ReadAction\",\"target\":[\"https:\\\/\\\/c-hessler.de\\\/referenzen\\\/lmg-produktions-ag\\\/\"]}]},{\"@type\":\"ImageObject\",\"inLanguage\":\"sv-SE\",\"@id\":\"https:\\\/\\\/c-hessler.de\\\/referenzen\\\/lmg-produktions-ag\\\/#primaryimage\",\"url\":\"https:\\\/\\\/c-hessler.de\\\/wp-content\\\/uploads\\\/2015\\\/04\\\/LMG-Schreinerei.jpg\",\"contentUrl\":\"https:\\\/\\\/c-hessler.de\\\/wp-content\\\/uploads\\\/2015\\\/04\\\/LMG-Schreinerei.jpg\"},{\"@type\":\"BreadcrumbList\",\"@id\":\"https:\\\/\\\/c-hessler.de\\\/referenzen\\\/lmg-produktions-ag\\\/#breadcrumb\",\"itemListElement\":[{\"@type\":\"ListItem\",\"position\":1,\"name\":\"Referenzen\",\"item\":\"https:\\\/\\\/c-hessler.de\\\/referenzen\\\/\"},{\"@type\":\"ListItem\",\"position\":2,\"name\":\"LMG Produktions AG\"}]},{\"@type\":\"WebSite\",\"@id\":\"https:\\\/\\\/c-hessler.de\\\/#website\",\"url\":\"https:\\\/\\\/c-hessler.de\\\/\",\"name\":\"www.c-hessler.de\",\"description\":\"\",\"publisher\":{\"@id\":\"https:\\\/\\\/c-hessler.de\\\/#organization\"},\"potentialAction\":[{\"@type\":\"SearchAction\",\"target\":{\"@type\":\"EntryPoint\",\"urlTemplate\":\"https:\\\/\\\/c-hessler.de\\\/?s={search_term_string}\"},\"query-input\":{\"@type\":\"PropertyValueSpecification\",\"valueRequired\":true,\"valueName\":\"search_term_string\"}}],\"inLanguage\":\"sv-SE\"},{\"@type\":\"Organization\",\"@id\":\"https:\\\/\\\/c-hessler.de\\\/#organization\",\"name\":\"Dr. Christoph He\u00dfler Maschinensysteme\",\"alternateName\":\"Dr. Christoph He\u00dfler Maschinensysteme\",\"url\":\"https:\\\/\\\/c-hessler.de\\\/\",\"logo\":{\"@type\":\"ImageObject\",\"inLanguage\":\"sv-SE\",\"@id\":\"https:\\\/\\\/c-hessler.de\\\/#\\\/schema\\\/logo\\\/image\\\/\",\"url\":\"https:\\\/\\\/c-hessler.de\\\/wp-content\\\/uploads\\\/2026\\\/02\\\/Draw-03-150312-110115-Ausgeschnitten-I.jpg\",\"contentUrl\":\"https:\\\/\\\/c-hessler.de\\\/wp-content\\\/uploads\\\/2026\\\/02\\\/Draw-03-150312-110115-Ausgeschnitten-I.jpg\",\"width\":445,\"height\":394,\"caption\":\"Dr. Christoph He\u00dfler Maschinensysteme\"},\"image\":{\"@id\":\"https:\\\/\\\/c-hessler.de\\\/#\\\/schema\\\/logo\\\/image\\\/\"},\"sameAs\":[\"https:\\\/\\\/www.facebook.com\\\/DrChristophHesslerMaschinensysteme\\\/\",\"https:\\\/\\\/www.pinterest.de\\\/hesstools\\\/\",\"https:\\\/\\\/www.youtube.com\\\/channel\\\/UCaNnXDGGF_BiYFQZ2kJgi-A?view_as=subscriber\"],\"description\":\"1. Ecken- und Kantenfr\u00e4sen f\u00fcr Tischler und Schreiner, Sonderanfertigungen 2. Auch f\u00fcr die Nachbearbeitung von Eck-Schwei\u00dfn\u00e4hten bei Aluminium-Werkstoffen, f\u00fcr Fahrzeugbauer oder Metallbauer aller Art\",\"email\":\"christoph.hessler@c-hessler.de\",\"telephone\":\"0527413012080\",\"legalName\":\"Dr. Christoph He\u00dfler Maschinensysteme\",\"foundingDate\":\"2003-06-05\",\"vatID\":\"DE230070107\",\"numberOfEmployees\":{\"@type\":\"QuantitativeValue\",\"minValue\":\"1\",\"maxValue\":\"10\"}}]}<\/script>\n<!-- \/ Yoast SEO Premium plugin. -->","yoast_head_json":{"title":"LMG Produktions AG","robots":{"index":"index","follow":"follow","max-snippet":"max-snippet:-1","max-image-preview":"max-image-preview:large","max-video-preview":"max-video-preview:-1"},"canonical":"https:\/\/c-hessler.de\/sv\/referenser\/lmg-produktions-ag\/","og_locale":"sv_SE","og_type":"article","og_title":"LMG Produktions AG","og_description":"SchreinereiLMG Produktions AG Ohrb\u00fchlstrasse 258409 Winterthur Tel.: 052 245 01 20Fax: 052 245 01 29 Mail: info@lmg-produktion.chWebsite:\u00a0www.lmg-produktion.ch LMG Produktions AG &#8211; Andendung des Ausklinkers: Der Ausklinker in Bearbeitungsposition beim Fr\u00e4sen LMG Produktions AG &#8211; Anwendung des Ausklinkers: Mit dem Tiefenanschlag wird die Eintauchtiefe begrenzt, so dass auf der Unterseite kein Ausriss entsteht LMG Produktions AG [&hellip;]","og_url":"https:\/\/c-hessler.de\/sv\/referenser\/lmg-produktions-ag\/","og_site_name":"Dr. Christoph He\u00dfler Maschinensysteme","article_publisher":"https:\/\/www.facebook.com\/DrChristophHesslerMaschinensysteme\/","article_modified_time":"2025-12-13T12:15:31+00:00","og_image":[{"width":266,"height":133,"url":"https:\/\/c-hessler.de\/wp-content\/uploads\/2015\/04\/LMG-Schreinerei.jpg","type":"image\/jpeg"}],"twitter_misc":{"Ber\u00e4knad l\u00e4stid":"4 minuter"},"schema":{"@context":"https:\/\/schema.org","@graph":[{"@type":"WebPage","@id":"https:\/\/c-hessler.de\/referenzen\/lmg-produktions-ag\/","url":"https:\/\/c-hessler.de\/referenzen\/lmg-produktions-ag\/","name":"LMG Produktions AG","isPartOf":{"@id":"https:\/\/c-hessler.de\/#website"},"primaryImageOfPage":{"@id":"https:\/\/c-hessler.de\/referenzen\/lmg-produktions-ag\/#primaryimage"},"image":{"@id":"https:\/\/c-hessler.de\/referenzen\/lmg-produktions-ag\/#primaryimage"},"thumbnailUrl":"https:\/\/c-hessler.de\/wp-content\/uploads\/2015\/04\/LMG-Schreinerei.jpg","datePublished":"2015-04-29T06:57:17+00:00","dateModified":"2025-12-13T12:15:31+00:00","breadcrumb":{"@id":"https:\/\/c-hessler.de\/referenzen\/lmg-produktions-ag\/#breadcrumb"},"inLanguage":"sv-SE","potentialAction":[{"@type":"ReadAction","target":["https:\/\/c-hessler.de\/referenzen\/lmg-produktions-ag\/"]}]},{"@type":"ImageObject","inLanguage":"sv-SE","@id":"https:\/\/c-hessler.de\/referenzen\/lmg-produktions-ag\/#primaryimage","url":"https:\/\/c-hessler.de\/wp-content\/uploads\/2015\/04\/LMG-Schreinerei.jpg","contentUrl":"https:\/\/c-hessler.de\/wp-content\/uploads\/2015\/04\/LMG-Schreinerei.jpg"},{"@type":"BreadcrumbList","@id":"https:\/\/c-hessler.de\/referenzen\/lmg-produktions-ag\/#breadcrumb","itemListElement":[{"@type":"ListItem","position":1,"name":"Referenzen","item":"https:\/\/c-hessler.de\/referenzen\/"},{"@type":"ListItem","position":2,"name":"LMG Produktions AG"}]},{"@type":"WebSite","@id":"https:\/\/c-hessler.de\/#website","url":"https:\/\/c-hessler.de\/","name":"www.c-hessler.de","description":"","publisher":{"@id":"https:\/\/c-hessler.de\/#organization"},"potentialAction":[{"@type":"SearchAction","target":{"@type":"EntryPoint","urlTemplate":"https:\/\/c-hessler.de\/?s={search_term_string}"},"query-input":{"@type":"PropertyValueSpecification","valueRequired":true,"valueName":"search_term_string"}}],"inLanguage":"sv-SE"},{"@type":"Organization","@id":"https:\/\/c-hessler.de\/#organization","name":"Dr Christoph He\u00dfler Maskinsystem","alternateName":"Dr. Christoph He\u00dfler Maschinensysteme","url":"https:\/\/c-hessler.de\/","logo":{"@type":"ImageObject","inLanguage":"sv-SE","@id":"https:\/\/c-hessler.de\/#\/schema\/logo\/image\/","url":"https:\/\/c-hessler.de\/wp-content\/uploads\/2026\/02\/Draw-03-150312-110115-Ausgeschnitten-I.jpg","contentUrl":"https:\/\/c-hessler.de\/wp-content\/uploads\/2026\/02\/Draw-03-150312-110115-Ausgeschnitten-I.jpg","width":445,"height":394,"caption":"Dr. Christoph He\u00dfler Maschinensysteme"},"image":{"@id":"https:\/\/c-hessler.de\/#\/schema\/logo\/image\/"},"sameAs":["https:\/\/www.facebook.com\/DrChristophHesslerMaschinensysteme\/","https:\/\/www.pinterest.de\/hesstools\/","https:\/\/www.youtube.com\/channel\/UCaNnXDGGF_BiYFQZ2kJgi-A?view_as=subscriber"],"description":"1. Ecken- und Kantenfr\u00e4sen f\u00fcr Tischler und Schreiner, Sonderanfertigungen 2. Auch f\u00fcr die Nachbearbeitung von Eck-Schwei\u00dfn\u00e4hten bei Aluminium-Werkstoffen, f\u00fcr Fahrzeugbauer oder Metallbauer aller Art","email":"christoph.hessler@c-hessler.de","telephone":"0527413012080","legalName":"Dr. Christoph He\u00dfler Maschinensysteme","foundingDate":"2003-06-05","vatID":"DE230070107","numberOfEmployees":{"@type":"QuantitativeValue","minValue":"1","maxValue":"10"}}]}},"_hostinger_reach_plugin_has_subscription_block":false,"_hostinger_reach_plugin_is_elementor":false,"_links":{"self":[{"href":"https:\/\/c-hessler.de\/sv\/wp-json\/wp\/v2\/pages\/9299","targetHints":{"allow":["GET"]}}],"collection":[{"href":"https:\/\/c-hessler.de\/sv\/wp-json\/wp\/v2\/pages"}],"about":[{"href":"https:\/\/c-hessler.de\/sv\/wp-json\/wp\/v2\/types\/page"}],"author":[{"embeddable":true,"href":"https:\/\/c-hessler.de\/sv\/wp-json\/wp\/v2\/users\/5"}],"replies":[{"embeddable":true,"href":"https:\/\/c-hessler.de\/sv\/wp-json\/wp\/v2\/comments?post=9299"}],"version-history":[{"count":3,"href":"https:\/\/c-hessler.de\/sv\/wp-json\/wp\/v2\/pages\/9299\/revisions"}],"predecessor-version":[{"id":208390,"href":"https:\/\/c-hessler.de\/sv\/wp-json\/wp\/v2\/pages\/9299\/revisions\/208390"}],"up":[{"embeddable":true,"href":"https:\/\/c-hessler.de\/sv\/wp-json\/wp\/v2\/pages\/9218"}],"wp:attachment":[{"href":"https:\/\/c-hessler.de\/sv\/wp-json\/wp\/v2\/media?parent=9299"}],"curies":[{"name":"wp","href":"https:\/\/api.w.org\/{rel}","templated":true}]}}