{"id":9424,"date":"2015-04-29T12:11:19","date_gmt":"2015-04-29T10:11:19","guid":{"rendered":"http:\/\/\/?page_id=9424"},"modified":"2025-12-13T13:42:01","modified_gmt":"2025-12-13T12:42:01","slug":"snickeri-uebelhack-inredningsdetaljer","status":"publish","type":"page","link":"https:\/\/c-hessler.de\/sv\/referenzen\/schreinerei-uebelhack-innenausbau\/","title":{"rendered":"Snickeri Uebelhack Inredningsdetaljer"},"content":{"rendered":"<div data-elementor-type=\"wp-page\" data-elementor-id=\"9424\" class=\"elementor elementor-9424\" data-elementor-settings=\"{&quot;ha_cmc_init_switcher&quot;:&quot;no&quot;}\" data-elementor-post-type=\"page\">\n\t\t\t\t<div class=\"elementor-element elementor-element-4a73aac6 e-grid e-con-boxed e-con e-parent\" data-id=\"4a73aac6\" data-element_type=\"container\" data-e-type=\"container\" data-settings=\"{&quot;_ha_eqh_enable&quot;:false}\">\n\t\t\t\t\t<div class=\"e-con-inner\">\n\t\t\t\t<div class=\"elementor-element elementor-element-71b1b66d elementor-widget elementor-widget-text-editor\" data-id=\"71b1b66d\" data-element_type=\"widget\" data-e-type=\"widget\" data-widget_type=\"text-editor.default\">\n\t\t\t\t\t\t\t\t\t<h4 class=\"et_pb_module_header\">Uebelhack inredningsdetaljer - snickerier<\/h4><div class=\"et_pb_blurb_description\"><p>Terrassenweg 10<br \/>96465 Neustadt\/F\u00fcrth am Berg<\/p><p>Telefon: 09568 - 6710<br \/>Fax: 09568 - 1547<\/p><p>E-post: info@uebelhack-innenausbau.de<\/p><p>Hemsida:\u00a0<a href=\"http:\/\/www.uebelhack-innenausbau.de\/index.htm\">www.uebelhack-innenausbau.de<\/a><\/p><\/div>\t\t\t\t\t\t\t\t<\/div>\n\t\t\t\t<div class=\"elementor-element elementor-element-1fa66a4 elementor-widget elementor-widget-image\" data-id=\"1fa66a4\" data-element_type=\"widget\" data-e-type=\"widget\" data-widget_type=\"image.default\">\n\t\t\t\t\t\t\t\t\t\t\t\t\t\t\t<img fetchpriority=\"high\" decoding=\"async\" width=\"582\" height=\"542\" src=\"https:\/\/c-hessler.de\/wp-content\/uploads\/2017\/09\/3_ueb.jpg\" class=\"attachment-full size-full wp-image-10573\" alt=\"3_ueb\" srcset=\"https:\/\/c-hessler.de\/wp-content\/uploads\/2017\/09\/3_ueb.jpg 582w, https:\/\/c-hessler.de\/wp-content\/uploads\/2017\/09\/3_ueb-150x140.jpg 150w, https:\/\/c-hessler.de\/wp-content\/uploads\/2017\/09\/3_ueb-510x475.jpg 510w, https:\/\/c-hessler.de\/wp-content\/uploads\/2017\/09\/3_ueb-300x279.jpg 300w\" sizes=\"(max-width: 582px) 100vw, 582px\" \/>\t\t\t\t\t\t\t\t\t\t\t\t\t\t\t<\/div>\n\t\t\t\t\t<\/div>\n\t\t\t\t<\/div>\n\t\t<div class=\"elementor-element elementor-element-18e8805b e-flex e-con-boxed e-con e-parent\" data-id=\"18e8805b\" data-element_type=\"container\" data-e-type=\"container\" data-settings=\"{&quot;_ha_eqh_enable&quot;:false}\">\n\t\t\t\t\t<div class=\"e-con-inner\">\n\t\t\t\t<div class=\"elementor-element elementor-element-1c744900 elementor-widget-divider--view-line elementor-widget elementor-widget-divider\" data-id=\"1c744900\" data-element_type=\"widget\" data-e-type=\"widget\" data-widget_type=\"divider.default\">\n\t\t\t\t\t\t\t<div class=\"elementor-divider\">\n\t\t\t<span class=\"elementor-divider-separator\">\n\t\t\t\t\t\t<\/span>\n\t\t<\/div>\n\t\t\t\t\t\t<\/div>\n\t\t\t\t\t<\/div>\n\t\t\t\t<\/div>\n\t\t<div class=\"elementor-element elementor-element-68011c34 e-flex e-con-boxed e-con e-parent\" data-id=\"68011c34\" data-element_type=\"container\" data-e-type=\"container\" data-settings=\"{&quot;_ha_eqh_enable&quot;:false}\">\n\t\t\t\t\t<div class=\"e-con-inner\">\n\t\t\t\t<div class=\"elementor-element elementor-element-535f51b9 elementor-widget elementor-widget-text-editor\" data-id=\"535f51b9\" data-element_type=\"widget\" data-e-type=\"widget\" data-widget_type=\"text-editor.default\">\n\t\t\t\t\t\t\t\t\t<h4 class=\"et_pb_module_header\">E-postmeddelande fr\u00e5n 27.01.2011<\/h4><div class=\"et_pb_blurb_description\"><p>K\u00e4re herr Hessler,<\/p><p>H\u00f6rnavrundaren MZ 02 90F som vi k\u00f6pte av dig \u00e4r det b\u00e4sta komplementet till v\u00e5r kantlistningsmaskin.<\/p><p>Som framg\u00e5r av bilderna skulle det s\u00e4kert vara ett problem f\u00f6r oss att tillverka de m\u00f6beldelar som visas h\u00e4r p\u00e5 ett effektivt s\u00e4tt utan en h\u00f6rnavrundare.<\/p><p>Den h\u00e4r maskinen f\u00e5r inte saknas i n\u00e5gon snickeriverksamhet.<br \/>Med v\u00e4nlig h\u00e4lsning \/ B\u00e4sta h\u00e4lsningar Andreas Uebelhack<\/p><\/div>\t\t\t\t\t\t\t\t<\/div>\n\t\t\t\t\t<\/div>\n\t\t\t\t<\/div>\n\t\t<div class=\"elementor-element elementor-element-6b729e1e e-flex e-con-boxed e-con e-parent\" data-id=\"6b729e1e\" data-element_type=\"container\" data-e-type=\"container\" data-settings=\"{&quot;_ha_eqh_enable&quot;:false}\">\n\t\t\t\t\t<div class=\"e-con-inner\">\n\t\t\t\t<div class=\"elementor-element elementor-element-3ddc67e0 elementor-widget elementor-widget-image-carousel\" data-id=\"3ddc67e0\" data-element_type=\"widget\" data-e-type=\"widget\" data-settings=\"{&quot;slides_to_show&quot;:&quot;3&quot;,&quot;navigation&quot;:&quot;none&quot;,&quot;autoplay&quot;:&quot;yes&quot;,&quot;pause_on_hover&quot;:&quot;yes&quot;,&quot;pause_on_interaction&quot;:&quot;yes&quot;,&quot;autoplay_speed&quot;:5000,&quot;infinite&quot;:&quot;yes&quot;,&quot;speed&quot;:500}\" data-widget_type=\"image-carousel.default\">\n\t\t\t\t\t\t\t<div class=\"elementor-image-carousel-wrapper swiper\" role=\"region\" aria-roledescription=\"carousel\" aria-label=\"Bildkarusell\" dir=\"ltr\">\n\t\t\t<div class=\"elementor-image-carousel swiper-wrapper swiper-image-stretch\" aria-live=\"off\">\n\t\t\t\t\t\t\t\t<div class=\"swiper-slide\" role=\"group\" aria-roledescription=\"slide\" aria-label=\"1 van 3\"><a data-elementor-open-lightbox=\"yes\" data-elementor-lightbox-slideshow=\"3ddc67e0\" data-e-action-hash=\"#elementor-action%3Aaction%3Dlightbox%26settings%3DeyJpZCI6OTQzNSwidXJsIjoiaHR0cHM6XC9cL2MtaGVzc2xlci5kZVwvd3AtY29udGVudFwvdXBsb2Fkc1wvMjAxNVwvMDRcLzEzODQzNGNmNzJkLmpwZyIsInNsaWRlc2hvdyI6IjNkZGM2N2UwIn0%3D\" href=\"https:\/\/c-hessler.de\/wp-content\/uploads\/2015\/04\/138434cf72d.jpg\"><figure class=\"swiper-slide-inner\"><img decoding=\"async\" class=\"swiper-slide-image\" src=\"https:\/\/c-hessler.de\/wp-content\/uploads\/2015\/04\/138434cf72d-150x150.jpg\" alt=\"\" \/><\/figure><\/a><\/div><div class=\"swiper-slide\" role=\"group\" aria-roledescription=\"slide\" aria-label=\"2 van 3\"><a data-elementor-open-lightbox=\"yes\" data-elementor-lightbox-slideshow=\"3ddc67e0\" data-e-action-hash=\"#elementor-action%3Aaction%3Dlightbox%26settings%3DeyJpZCI6OTQyNSwidXJsIjoiaHR0cHM6XC9cL2MtaGVzc2xlci5kZVwvd3AtY29udGVudFwvdXBsb2Fkc1wvMjAxNVwvMDRcLzEzODQzNGI2NGY1LmpwZyIsInNsaWRlc2hvdyI6IjNkZGM2N2UwIn0%3D\" href=\"https:\/\/c-hessler.de\/wp-content\/uploads\/2015\/04\/138434b64f5.jpg\"><figure class=\"swiper-slide-inner\"><img decoding=\"async\" class=\"swiper-slide-image\" src=\"https:\/\/c-hessler.de\/wp-content\/uploads\/2015\/04\/138434b64f5-150x150.jpg\" alt=\"\" \/><\/figure><\/a><\/div><div class=\"swiper-slide\" role=\"group\" aria-roledescription=\"slide\" aria-label=\"3 van 3\"><a data-elementor-open-lightbox=\"yes\" data-elementor-lightbox-slideshow=\"3ddc67e0\" data-e-action-hash=\"#elementor-action%3Aaction%3Dlightbox%26settings%3DeyJpZCI6OTQzNiwidXJsIjoiaHR0cHM6XC9cL2MtaGVzc2xlci5kZVwvd3AtY29udGVudFwvdXBsb2Fkc1wvMjAxNVwvMDRcLzEzODQzNGM1NmQ2LmpwZyIsInNsaWRlc2hvdyI6IjNkZGM2N2UwIn0%3D\" href=\"https:\/\/c-hessler.de\/wp-content\/uploads\/2015\/04\/138434c56d6.jpg\"><figure class=\"swiper-slide-inner\"><img decoding=\"async\" class=\"swiper-slide-image\" src=\"https:\/\/c-hessler.de\/wp-content\/uploads\/2015\/04\/138434c56d6-150x150.jpg\" alt=\"\" \/><\/figure><\/a><\/div>\t\t\t<\/div>\n\t\t\t\t\t\t\t\n\t\t\t\t\t\t\t\t\t<\/div>\n\t\t\t\t\t\t<\/div>\n\t\t\t\t\t<\/div>\n\t\t\t\t<\/div>\n\t\t\t\t<\/div>","protected":false},"excerpt":{"rendered":"<p>Uebelhack Innenausbau \u2013 Schreinerei Terrassenweg 1096465 Neustadt\/F\u00fcrth am Berg Tel.: 09568 \u2013 6710Fax: 09568 \u2013 1547 Mail: info@uebelhack-innenausbau.de Website:\u00a0www.uebelhack-innenausbau.de Email vom 27.01.2011 Sehr geehrter Herr Hessler, der von uns bei Ihnen erworbene Eckenrunder MZ 02 90F ist die beste Erg\u00e4nzung zu unserer Kantenanleimmaschine. Wie auf den Bildern ersichtlich w\u00e4re es f\u00fcr uns sicherlich ein Problem [&hellip;]<\/p>\n","protected":false},"author":5,"featured_media":0,"parent":9218,"menu_order":0,"comment_status":"closed","ping_status":"closed","template":"elementor_header_footer","meta":{"footnotes":""},"class_list":["post-9424","page","type-page","status-publish","hentry"],"yoast_head":"<!-- This site is optimized with the Yoast SEO Premium plugin v27.0 (Yoast SEO v27.4) - https:\/\/yoast.com\/product\/yoast-seo-premium-wordpress\/ -->\n<title>Schreinerei Uebelhack Innenausbau - Dr. Christoph He\u00dfler Maschinensysteme<\/title>\n<meta name=\"robots\" content=\"index, follow, max-snippet:-1, max-image-preview:large, max-video-preview:-1\" \/>\n<link rel=\"canonical\" href=\"https:\/\/c-hessler.de\/sv\/referenser\/snickeri-uebelhack-inredningsdetaljer\/\" \/>\n<meta property=\"og:locale\" content=\"sv_SE\" \/>\n<meta property=\"og:type\" content=\"article\" \/>\n<meta property=\"og:title\" content=\"Schreinerei Uebelhack Innenausbau\" \/>\n<meta property=\"og:description\" content=\"Uebelhack Innenausbau \u2013 Schreinerei Terrassenweg 1096465 Neustadt\/F\u00fcrth am Berg Tel.: 09568 \u2013 6710Fax: 09568 \u2013 1547 Mail: info@uebelhack-innenausbau.de Website:\u00a0www.uebelhack-innenausbau.de Email vom 27.01.2011 Sehr geehrter Herr Hessler, der von uns bei Ihnen erworbene Eckenrunder MZ 02 90F ist die beste Erg\u00e4nzung zu unserer Kantenanleimmaschine. Wie auf den Bildern ersichtlich w\u00e4re es f\u00fcr uns sicherlich ein Problem [&hellip;]\" \/>\n<meta property=\"og:url\" content=\"https:\/\/c-hessler.de\/sv\/referenser\/snickeri-uebelhack-inredningsdetaljer\/\" \/>\n<meta property=\"og:site_name\" content=\"Dr. Christoph He\u00dfler Maschinensysteme\" \/>\n<meta property=\"article:publisher\" content=\"https:\/\/www.facebook.com\/DrChristophHesslerMaschinensysteme\/\" \/>\n<meta property=\"article:modified_time\" content=\"2025-12-13T12:42:01+00:00\" \/>\n<meta property=\"og:image\" content=\"https:\/\/c-hessler.de\/wp-content\/uploads\/2017\/09\/3_ueb.jpg\" \/>\n\t<meta property=\"og:image:width\" content=\"582\" \/>\n\t<meta property=\"og:image:height\" content=\"542\" \/>\n\t<meta property=\"og:image:type\" content=\"image\/jpeg\" \/>\n<meta name=\"twitter:label1\" content=\"Ber\u00e4knad l\u00e4stid\" \/>\n\t<meta name=\"twitter:data1\" content=\"3 minuter\" \/>\n<script type=\"application\/ld+json\" class=\"yoast-schema-graph\">{\"@context\":\"https:\\\/\\\/schema.org\",\"@graph\":[{\"@type\":\"WebPage\",\"@id\":\"https:\\\/\\\/c-hessler.de\\\/referenzen\\\/schreinerei-uebelhack-innenausbau\\\/\",\"url\":\"https:\\\/\\\/c-hessler.de\\\/referenzen\\\/schreinerei-uebelhack-innenausbau\\\/\",\"name\":\"Schreinerei Uebelhack Innenausbau - Dr. Christoph He\u00dfler Maschinensysteme\",\"isPartOf\":{\"@id\":\"https:\\\/\\\/c-hessler.de\\\/#website\"},\"primaryImageOfPage\":{\"@id\":\"https:\\\/\\\/c-hessler.de\\\/referenzen\\\/schreinerei-uebelhack-innenausbau\\\/#primaryimage\"},\"image\":{\"@id\":\"https:\\\/\\\/c-hessler.de\\\/referenzen\\\/schreinerei-uebelhack-innenausbau\\\/#primaryimage\"},\"thumbnailUrl\":\"https:\\\/\\\/c-hessler.de\\\/wp-content\\\/uploads\\\/2017\\\/09\\\/3_ueb.jpg\",\"datePublished\":\"2015-04-29T10:11:19+00:00\",\"dateModified\":\"2025-12-13T12:42:01+00:00\",\"breadcrumb\":{\"@id\":\"https:\\\/\\\/c-hessler.de\\\/referenzen\\\/schreinerei-uebelhack-innenausbau\\\/#breadcrumb\"},\"inLanguage\":\"sv-SE\",\"potentialAction\":[{\"@type\":\"ReadAction\",\"target\":[\"https:\\\/\\\/c-hessler.de\\\/referenzen\\\/schreinerei-uebelhack-innenausbau\\\/\"]}]},{\"@type\":\"ImageObject\",\"inLanguage\":\"sv-SE\",\"@id\":\"https:\\\/\\\/c-hessler.de\\\/referenzen\\\/schreinerei-uebelhack-innenausbau\\\/#primaryimage\",\"url\":\"https:\\\/\\\/c-hessler.de\\\/wp-content\\\/uploads\\\/2017\\\/09\\\/3_ueb.jpg\",\"contentUrl\":\"https:\\\/\\\/c-hessler.de\\\/wp-content\\\/uploads\\\/2017\\\/09\\\/3_ueb.jpg\"},{\"@type\":\"BreadcrumbList\",\"@id\":\"https:\\\/\\\/c-hessler.de\\\/referenzen\\\/schreinerei-uebelhack-innenausbau\\\/#breadcrumb\",\"itemListElement\":[{\"@type\":\"ListItem\",\"position\":1,\"name\":\"Referenzen\",\"item\":\"https:\\\/\\\/c-hessler.de\\\/referenzen\\\/\"},{\"@type\":\"ListItem\",\"position\":2,\"name\":\"Schreinerei Uebelhack Innenausbau\"}]},{\"@type\":\"WebSite\",\"@id\":\"https:\\\/\\\/c-hessler.de\\\/#website\",\"url\":\"https:\\\/\\\/c-hessler.de\\\/\",\"name\":\"www.c-hessler.de\",\"description\":\"\",\"publisher\":{\"@id\":\"https:\\\/\\\/c-hessler.de\\\/#organization\"},\"potentialAction\":[{\"@type\":\"SearchAction\",\"target\":{\"@type\":\"EntryPoint\",\"urlTemplate\":\"https:\\\/\\\/c-hessler.de\\\/?s={search_term_string}\"},\"query-input\":{\"@type\":\"PropertyValueSpecification\",\"valueRequired\":true,\"valueName\":\"search_term_string\"}}],\"inLanguage\":\"sv-SE\"},{\"@type\":\"Organization\",\"@id\":\"https:\\\/\\\/c-hessler.de\\\/#organization\",\"name\":\"Dr. Christoph He\u00dfler Maschinensysteme\",\"alternateName\":\"Dr. Christoph He\u00dfler Maschinensysteme\",\"url\":\"https:\\\/\\\/c-hessler.de\\\/\",\"logo\":{\"@type\":\"ImageObject\",\"inLanguage\":\"sv-SE\",\"@id\":\"https:\\\/\\\/c-hessler.de\\\/#\\\/schema\\\/logo\\\/image\\\/\",\"url\":\"https:\\\/\\\/c-hessler.de\\\/wp-content\\\/uploads\\\/2026\\\/02\\\/Draw-03-150312-110115-Ausgeschnitten-I.jpg\",\"contentUrl\":\"https:\\\/\\\/c-hessler.de\\\/wp-content\\\/uploads\\\/2026\\\/02\\\/Draw-03-150312-110115-Ausgeschnitten-I.jpg\",\"width\":445,\"height\":394,\"caption\":\"Dr. Christoph He\u00dfler Maschinensysteme\"},\"image\":{\"@id\":\"https:\\\/\\\/c-hessler.de\\\/#\\\/schema\\\/logo\\\/image\\\/\"},\"sameAs\":[\"https:\\\/\\\/www.facebook.com\\\/DrChristophHesslerMaschinensysteme\\\/\",\"https:\\\/\\\/www.pinterest.de\\\/hesstools\\\/\",\"https:\\\/\\\/www.youtube.com\\\/channel\\\/UCaNnXDGGF_BiYFQZ2kJgi-A?view_as=subscriber\"],\"description\":\"1. Ecken- und Kantenfr\u00e4sen f\u00fcr Tischler und Schreiner, Sonderanfertigungen 2. Auch f\u00fcr die Nachbearbeitung von Eck-Schwei\u00dfn\u00e4hten bei Aluminium-Werkstoffen, f\u00fcr Fahrzeugbauer oder Metallbauer aller Art\",\"email\":\"christoph.hessler@c-hessler.de\",\"telephone\":\"0527413012080\",\"legalName\":\"Dr. Christoph He\u00dfler Maschinensysteme\",\"foundingDate\":\"2003-06-05\",\"vatID\":\"DE230070107\",\"numberOfEmployees\":{\"@type\":\"QuantitativeValue\",\"minValue\":\"1\",\"maxValue\":\"10\"}}]}<\/script>\n<!-- \/ Yoast SEO Premium plugin. -->","yoast_head_json":{"title":"Snickeri Uebelhack Inredningsdetaljer - Dr Christoph He\u00dfler Maschinensysteme","robots":{"index":"index","follow":"follow","max-snippet":"max-snippet:-1","max-image-preview":"max-image-preview:large","max-video-preview":"max-video-preview:-1"},"canonical":"https:\/\/c-hessler.de\/sv\/referenser\/snickeri-uebelhack-inredningsdetaljer\/","og_locale":"sv_SE","og_type":"article","og_title":"Schreinerei Uebelhack Innenausbau","og_description":"Uebelhack Innenausbau \u2013 Schreinerei Terrassenweg 1096465 Neustadt\/F\u00fcrth am Berg Tel.: 09568 \u2013 6710Fax: 09568 \u2013 1547 Mail: info@uebelhack-innenausbau.de Website:\u00a0www.uebelhack-innenausbau.de Email vom 27.01.2011 Sehr geehrter Herr Hessler, der von uns bei Ihnen erworbene Eckenrunder MZ 02 90F ist die beste Erg\u00e4nzung zu unserer Kantenanleimmaschine. Wie auf den Bildern ersichtlich w\u00e4re es f\u00fcr uns sicherlich ein Problem [&hellip;]","og_url":"https:\/\/c-hessler.de\/sv\/referenser\/snickeri-uebelhack-inredningsdetaljer\/","og_site_name":"Dr. Christoph He\u00dfler Maschinensysteme","article_publisher":"https:\/\/www.facebook.com\/DrChristophHesslerMaschinensysteme\/","article_modified_time":"2025-12-13T12:42:01+00:00","og_image":[{"width":582,"height":542,"url":"https:\/\/c-hessler.de\/wp-content\/uploads\/2017\/09\/3_ueb.jpg","type":"image\/jpeg"}],"twitter_misc":{"Ber\u00e4knad l\u00e4stid":"3 minuter"},"schema":{"@context":"https:\/\/schema.org","@graph":[{"@type":"WebPage","@id":"https:\/\/c-hessler.de\/referenzen\/schreinerei-uebelhack-innenausbau\/","url":"https:\/\/c-hessler.de\/referenzen\/schreinerei-uebelhack-innenausbau\/","name":"Snickeri Uebelhack Inredningsdetaljer - Dr Christoph He\u00dfler Maschinensysteme","isPartOf":{"@id":"https:\/\/c-hessler.de\/#website"},"primaryImageOfPage":{"@id":"https:\/\/c-hessler.de\/referenzen\/schreinerei-uebelhack-innenausbau\/#primaryimage"},"image":{"@id":"https:\/\/c-hessler.de\/referenzen\/schreinerei-uebelhack-innenausbau\/#primaryimage"},"thumbnailUrl":"https:\/\/c-hessler.de\/wp-content\/uploads\/2017\/09\/3_ueb.jpg","datePublished":"2015-04-29T10:11:19+00:00","dateModified":"2025-12-13T12:42:01+00:00","breadcrumb":{"@id":"https:\/\/c-hessler.de\/referenzen\/schreinerei-uebelhack-innenausbau\/#breadcrumb"},"inLanguage":"sv-SE","potentialAction":[{"@type":"ReadAction","target":["https:\/\/c-hessler.de\/referenzen\/schreinerei-uebelhack-innenausbau\/"]}]},{"@type":"ImageObject","inLanguage":"sv-SE","@id":"https:\/\/c-hessler.de\/referenzen\/schreinerei-uebelhack-innenausbau\/#primaryimage","url":"https:\/\/c-hessler.de\/wp-content\/uploads\/2017\/09\/3_ueb.jpg","contentUrl":"https:\/\/c-hessler.de\/wp-content\/uploads\/2017\/09\/3_ueb.jpg"},{"@type":"BreadcrumbList","@id":"https:\/\/c-hessler.de\/referenzen\/schreinerei-uebelhack-innenausbau\/#breadcrumb","itemListElement":[{"@type":"ListItem","position":1,"name":"Referenzen","item":"https:\/\/c-hessler.de\/referenzen\/"},{"@type":"ListItem","position":2,"name":"Schreinerei Uebelhack Innenausbau"}]},{"@type":"WebSite","@id":"https:\/\/c-hessler.de\/#website","url":"https:\/\/c-hessler.de\/","name":"www.c-hessler.de","description":"","publisher":{"@id":"https:\/\/c-hessler.de\/#organization"},"potentialAction":[{"@type":"SearchAction","target":{"@type":"EntryPoint","urlTemplate":"https:\/\/c-hessler.de\/?s={search_term_string}"},"query-input":{"@type":"PropertyValueSpecification","valueRequired":true,"valueName":"search_term_string"}}],"inLanguage":"sv-SE"},{"@type":"Organization","@id":"https:\/\/c-hessler.de\/#organization","name":"Dr Christoph He\u00dfler Maskinsystem","alternateName":"Dr. Christoph He\u00dfler Maschinensysteme","url":"https:\/\/c-hessler.de\/","logo":{"@type":"ImageObject","inLanguage":"sv-SE","@id":"https:\/\/c-hessler.de\/#\/schema\/logo\/image\/","url":"https:\/\/c-hessler.de\/wp-content\/uploads\/2026\/02\/Draw-03-150312-110115-Ausgeschnitten-I.jpg","contentUrl":"https:\/\/c-hessler.de\/wp-content\/uploads\/2026\/02\/Draw-03-150312-110115-Ausgeschnitten-I.jpg","width":445,"height":394,"caption":"Dr. Christoph He\u00dfler Maschinensysteme"},"image":{"@id":"https:\/\/c-hessler.de\/#\/schema\/logo\/image\/"},"sameAs":["https:\/\/www.facebook.com\/DrChristophHesslerMaschinensysteme\/","https:\/\/www.pinterest.de\/hesstools\/","https:\/\/www.youtube.com\/channel\/UCaNnXDGGF_BiYFQZ2kJgi-A?view_as=subscriber"],"description":"1. Ecken- und Kantenfr\u00e4sen f\u00fcr Tischler und Schreiner, Sonderanfertigungen 2. Auch f\u00fcr die Nachbearbeitung von Eck-Schwei\u00dfn\u00e4hten bei Aluminium-Werkstoffen, f\u00fcr Fahrzeugbauer oder Metallbauer aller Art","email":"christoph.hessler@c-hessler.de","telephone":"0527413012080","legalName":"Dr. Christoph He\u00dfler Maschinensysteme","foundingDate":"2003-06-05","vatID":"DE230070107","numberOfEmployees":{"@type":"QuantitativeValue","minValue":"1","maxValue":"10"}}]}},"_hostinger_reach_plugin_has_subscription_block":false,"_hostinger_reach_plugin_is_elementor":false,"_links":{"self":[{"href":"https:\/\/c-hessler.de\/sv\/wp-json\/wp\/v2\/pages\/9424","targetHints":{"allow":["GET"]}}],"collection":[{"href":"https:\/\/c-hessler.de\/sv\/wp-json\/wp\/v2\/pages"}],"about":[{"href":"https:\/\/c-hessler.de\/sv\/wp-json\/wp\/v2\/types\/page"}],"author":[{"embeddable":true,"href":"https:\/\/c-hessler.de\/sv\/wp-json\/wp\/v2\/users\/5"}],"replies":[{"embeddable":true,"href":"https:\/\/c-hessler.de\/sv\/wp-json\/wp\/v2\/comments?post=9424"}],"version-history":[{"count":3,"href":"https:\/\/c-hessler.de\/sv\/wp-json\/wp\/v2\/pages\/9424\/revisions"}],"predecessor-version":[{"id":208443,"href":"https:\/\/c-hessler.de\/sv\/wp-json\/wp\/v2\/pages\/9424\/revisions\/208443"}],"up":[{"embeddable":true,"href":"https:\/\/c-hessler.de\/sv\/wp-json\/wp\/v2\/pages\/9218"}],"wp:attachment":[{"href":"https:\/\/c-hessler.de\/sv\/wp-json\/wp\/v2\/media?parent=9424"}],"curies":[{"name":"wp","href":"https:\/\/api.w.org\/{rel}","templated":true}]}}