{"id":9797,"date":"2015-05-09T16:16:40","date_gmt":"2015-05-09T14:16:40","guid":{"rendered":"https:\/\/c-hessler.de\/?page_id=9797"},"modified":"2025-12-17T07:45:50","modified_gmt":"2025-12-17T06:45:50","slug":"agb","status":"publish","type":"page","link":"https:\/\/c-hessler.de\/sv\/agb\/","title":{"rendered":"GTC"},"content":{"rendered":"<div data-elementor-type=\"wp-page\" data-elementor-id=\"9797\" class=\"elementor elementor-9797\" data-elementor-settings=\"{&quot;ha_cmc_init_switcher&quot;:&quot;no&quot;}\" data-elementor-post-type=\"page\">\n\t\t\t\t<div class=\"elementor-element elementor-element-7ea7c975 e-flex e-con-boxed e-con e-parent\" data-id=\"7ea7c975\" data-element_type=\"container\" data-e-type=\"container\" data-settings=\"{&quot;_ha_eqh_enable&quot;:false}\">\n\t\t\t\t\t<div class=\"e-con-inner\">\n\t\t\t\t<div class=\"elementor-element elementor-element-3c11f55c elementor-widget elementor-widget-text-editor\" data-id=\"3c11f55c\" data-element_type=\"widget\" data-e-type=\"widget\" data-widget_type=\"text-editor.default\">\n\t\t\t\t\t\t\t\t\t<h1>Allm\u00e4nna villkor och best\u00e4mmelser<\/h1><p><a href=\"http:\/\/www.deutscheanwaltshotline.de\/recht-auf-ihrer-website\/agb-generator\"> AGB skapad<\/a> via generatorn f\u00f6r Deutsche Anwaltshotline AG<\/p><h2>Avtalspartner<\/h2><p>P\u00e5 grundval av dessa allm\u00e4nna villkor (GTC) ing\u00e5s ett avtal mellan kunden och<br \/>Dr Christoph He\u00dfler Maskinsystem<br \/>F\u00f6retr\u00e4ds av Christoph He\u00dfler<br \/>Adress: An der Ronceva 5 An der Ronceva 5 32312 L\u00fcbbecke<\/p><p>Identifikationsnummer f\u00f6r oms\u00e4ttningsskatt: DE230070107,<\/p><p>nedan kallad leverant\u00f6ren, ing\u00e5s avtalet.<\/p><h2>Avtalets f\u00f6rem\u00e5l<\/h2><p>Detta avtal reglerar f\u00f6rs\u00e4ljningen av nya varor fr\u00e5n omr\u00e5det\/omr\u00e5dena maskiner och utrustning, fr\u00e4mst f\u00f6r snickeri- och snickerihandeln, i synnerhet f\u00f6r kant- och h\u00f6rnbearbetning, via leverant\u00f6rens onlinebutik. F\u00f6r detaljer om respektive erbjudande, se produktbeskrivningen p\u00e5 erbjudandesidan.<\/p><h2>Ing\u00e5ende av avtal<\/h2><p>Avtalet ing\u00e5s i elektroniska aff\u00e4rstransaktioner via butikssystemet eller via andra medel f\u00f6r fj\u00e4rrkommunikation som telefon och e-post. De erbjudanden som presenteras utg\u00f6r en icke-bindande inbjudan att l\u00e4mna ett erbjudande genom kundordern, som leverant\u00f6ren sedan kan acceptera.<br \/>Best\u00e4llningsprocessen best\u00e5r av f\u00f6ljande steg i butikssystemet:<\/p><ul><li>Val av erbjudande i \u00f6nskad specifikation (kvantitet)<\/li><li>L\u00e4gga till erbjudandet i kundkorgen<\/li><li>Klicka p\u00e5 knappen \"Best\u00e4ll\".<\/li><li>Ange fakturerings- och leveransadress<\/li><li>Val av leveranszon och betalningsmetod<\/li><li>Kontroll och bearbetning av ordern och alla poster permanent m\u00f6jligt<\/li><li>Bekr\u00e4fta villkoren och tryck p\u00e5 knappen \"Best\u00e4ll mot avgift<\/li><li>Bekr\u00e4ftelse via e-post att best\u00e4llningen har mottagits<\/li><\/ul><p>F\u00f6rutom via butikssystemet kan best\u00e4llningar \u00e4ven g\u00f6ras via fj\u00e4rrkommunikation (telefon\/e-post), varvid best\u00e4llningsprocessen f\u00f6r ing\u00e5ende av avtal omfattar f\u00f6ljande steg:<\/p><ul><li>Ring \/ skicka best\u00e4llningsmail direkt eller efter test<\/li><li>Orderbekr\u00e4ftelse<\/li><\/ul><p>Avtalet ing\u00e5s f\u00f6rst n\u00e4r leverant\u00f6ren skickar en orderbekr\u00e4ftelse. Den automatiskt genererade och skickade orderbekr\u00e4ftelsen utg\u00f6r inte en motsvarande r\u00e4ttsligt bindande f\u00f6rklaring. Avtalet ing\u00e5s ocks\u00e5 n\u00e4r varorna skickas eller tj\u00e4nsten tillhandah\u00e5lls.<\/p><h2>Kontraktets l\u00f6ptid<\/h2><p>Avtalet g\u00e4ller p\u00e5 obest\u00e4md tid.<\/p><h2>Beh\u00e5llande av \u00e4gander\u00e4tt<\/h2><p>De levererade varorna f\u00f6rblir leverant\u00f6rens egendom tills full betalning har erlagts.<\/p><h2>Bokningar<\/h2><p>Leverant\u00f6ren f\u00f6rbeh\u00e5ller sig r\u00e4tten att inte tillhandah\u00e5lla den utlovade tj\u00e4nsten om den inte \u00e4r tillg\u00e4nglig.<\/p><h2>Priser, fraktkostnader, returkostnader<\/h2><p>Alla priser \u00e4r nettopriser. Produkterna i butiken \u00e4r ocks\u00e5 m\u00e4rkta med nettopriser. Lagstadgad moms visas under orderhanteringen. Slutpriserna f\u00f6r orderhanteringen inkluderar lagstadgad moms. Ut\u00f6ver slutpriserna tillkommer ytterligare kostnader beroende p\u00e5 leveransmetod, vilka visas innan best\u00e4llningen skickas. Om \u00e5ngerr\u00e4tt f\u00f6religger och utnyttjas ska kunden st\u00e5 f\u00f6r kostnaderna f\u00f6r returf\u00f6rs\u00e4ndelsen.<\/p><h2>Betalningsvillkor<\/h2><p>Kunden har endast f\u00f6ljande betalningsalternativ: bank\u00f6verf\u00f6ring i f\u00f6rskott, faktura. Andra betalningsmetoder erbjuds inte och kommer att avvisas.<\/p><p>F\u00f6rskottsbetalning: Fakturabeloppet ska \u00f6verf\u00f6ras i f\u00f6rskott till det konto som anges p\u00e5 fakturan, som inneh\u00e5ller alla uppgifter f\u00f6r \u00f6verf\u00f6ringen och skickas via e-post.<\/p><p>Faktura: Fakturabeloppet ska \u00f6verf\u00f6ras till det konto som anges p\u00e5 fakturan, som inneh\u00e5ller alla uppgifter f\u00f6r \u00f6verf\u00f6ringen och skickas med leveransen. Kunden \u00e4r skyldig att betala eller \u00f6verf\u00f6ra det angivna beloppet till det konto som anges p\u00e5 fakturan inom 10 dagar fr\u00e5n mottagandet av fakturan. Betalning ska ske utan avr\u00e4kning fr\u00e5n fakturadatum. Om f\u00f6rfallodagen f\u00f6r betalning best\u00e4ms enligt kalendern, ska kunden vara i dr\u00f6jsm\u00e5l s\u00e5 snart f\u00f6rfallodagen passeras. Kunden har ingen retentionsr\u00e4tt som inte grundar sig p\u00e5 samma avtalsf\u00f6rh\u00e5llande. Kvittning mot kundens fordringar \u00e4r utesluten s\u00e5vida dessa inte \u00e4r obestridda eller lagligen fastst\u00e4llda.<\/p><h2>Leveransvillkor<\/h2><p>Varorna avs\u00e4nds i enlighet med den leveransdag som anges i orderbekr\u00e4ftelsen efter bekr\u00e4ftat mottagande av betalning. P\u00e5 leveransdatumet och med bekr\u00e4ftat mottagande av betalning ska avs\u00e4ndning ske i genomsnitt senast 3 arbetsdagar efter mottagandet av betalningen. Entrepren\u00f6ren f\u00f6rbinder sig att leverera i enlighet med det leveransdatum som anges i orderbekr\u00e4ftelsen. Om leverant\u00f6ren inte skickar direkt, kommer best\u00e4llningen att skickas av leverant\u00f6ren eller tillverkaren s\u00e5 snart hela best\u00e4llningen finns i lager. Om leverant\u00f6ren inte \u00e4r ansvarig f\u00f6r ett best\u00e5ende leveranshinder, i synnerhet force majeure eller utebliven leverans fr\u00e5n egna leverant\u00f6rer, trots att en motsvarande t\u00e4ckningstransaktion har gjorts i god tid, har leverant\u00f6ren r\u00e4tt att fr\u00e5ntr\u00e4da ett avtal med kunden i detta avseende. Best\u00e4llaren ska omedelbart informeras och eventuella mottagna tj\u00e4nster, i synnerhet betalningar, ska \u00e5terbetalas.<\/p><h2>Garanti<\/h2><p>Konsumenter har r\u00e4tt till en lagstadgad r\u00e4tt till ansvar f\u00f6r fel i de tj\u00e4nster som erbjuds i enlighet med relevanta best\u00e4mmelser i den tyska civillagen (BGB). Om det finns en avvikelse fr\u00e5n detta ska garantin regleras av de relevanta best\u00e4mmelserna i de allm\u00e4nna villkoren (GTC). Om kunden \u00e4r en entrepren\u00f6r \u00e4r garantitiden f\u00f6r nya varor begr\u00e4nsad till ett \u00e5r f\u00f6r en typisk anv\u00e4ndningsperiod f\u00f6r hantverkare. Leverant\u00f6ren ges r\u00e4tt att v\u00e4lja mellan reparation eller utbyte vid efterf\u00f6ljande fullg\u00f6relse om varan \u00e4r ny och best\u00e4llaren \u00e4r f\u00f6retagare. Om best\u00e4llaren \u00e4r f\u00f6retagare g\u00e4ller inte garantin f\u00f6r begagnade varor. Om kunden \u00e4r konsument \u00e4r garantitiden f\u00f6r begagnade varor begr\u00e4nsad till ett \u00e5r. Detta g\u00e4ller inte f\u00f6r skadest\u00e5ndsanspr\u00e5k fr\u00e5n kunden p\u00e5 grund av skada p\u00e5 liv, lem, h\u00e4lsa eller v\u00e4sentliga avtalsf\u00f6rpliktelser som n\u00f6dv\u00e4ndigtvis m\u00e5ste uppfyllas f\u00f6r att uppn\u00e5 avtalets m\u00e5l. Detta g\u00e4ller inte heller skadest\u00e5ndsanspr\u00e5k p\u00e5 grund av grovt v\u00e5rdsl\u00f6st eller upps\u00e5tligt \u00e5sidos\u00e4ttande av skyldigheter fr\u00e5n leverant\u00f6rens eller dess juridiska ombuds eller st\u00e4llf\u00f6retr\u00e4dares sida. I alla andra avseenden ska lagstadgade best\u00e4mmelser g\u00e4lla.<\/p><h2>Kontraktsutformning<\/h2><p>Om kunden \u00e4r en f\u00f6retagare \u00f6verg\u00e5r risken f\u00f6r oavsiktlig f\u00f6rlust och\/eller oavsiktlig f\u00f6rs\u00e4mring av varorna till kunden vid \u00f6verl\u00e4mnandet eller, vid avs\u00e4ndande, vid leveransen av varorna till den valda tj\u00e4nsteleverant\u00f6ren. Kunden har ingen m\u00f6jlighet att direkt f\u00e5 tillg\u00e5ng till den lagrade texten i butiksavtalet. Kunden kan korrigera inmatningsfel under best\u00e4llningsprocessen. Detta kan g\u00f6ras p\u00e5 f\u00f6ljande s\u00e4tt: Tillbaka-knappen i webbl\u00e4saren.<\/p><h2>\u00c5ngerr\u00e4tt och kundservice<\/h2><p><b>Avbokningsregler<\/b><\/p><p>Du har r\u00e4tt att s\u00e4ga upp detta avtal inom fjorton dagar utan att ange n\u00e5got sk\u00e4l.<\/p><p>Avbest\u00e4llningsperioden \u00e4r fjorton dagar fr\u00e5n datumet,<\/p><ul><li style=\"list-style-type: none;\"><ul><li>Vid k\u00f6peavtal: d\u00e5 du eller en av dig namngiven tredje part, som inte \u00e4r transport\u00f6r, har tagit det sista godset i besittning.<\/li><li>Vid avtal om flera varor som konsumenten har best\u00e4llt som en del av en och samma best\u00e4llning och som levereras separat: d\u00e5 ni eller en av er utsedd tredje part, som inte \u00e4r transport\u00f6r, har tagit de sista varorna i besittning.<\/li><li>Vid avtal om leverans av gods i flera delleveranser eller delar: n\u00e4r du eller en tredje part som du har utsett och som inte \u00e4r transport\u00f6r har tagit den sista delleveransen eller den sista delen i besittning.<\/li><li>Vid avtal om regelbunden leverans av gods under en best\u00e4md tidsperiod: d\u00e5 ni eller en av er utsedd tredje part, som inte \u00e4r transport\u00f6r, har tagit det f\u00f6rsta godset i besittning.<\/li><\/ul><\/li><\/ul><p>Om flera alternativ sammanfaller \u00e4r det den sista tidpunkten som \u00e4r avg\u00f6rande.<\/p><p>F\u00f6r att ut\u00f6va \u00e5ngerr\u00e4tten m\u00e5ste du informera oss (Dr. Christoph He\u00dfler Maschinensysteme, Christoph He\u00dfler, An der Ronceva 5 32312 L\u00fcbbecke +49 (0)5741 3012080 christoph.hessler@c-hessler.de) om ditt beslut att fr\u00e5ntr\u00e4da detta avtal genom ett tydligt meddelande (t.ex. ett brev som skickas per post, fax eller e-post). Du kan anv\u00e4nda det bifogade formul\u00e4ret f\u00f6r upps\u00e4gning, men det \u00e4r inte obligatoriskt.<\/p><p>F\u00f6r att iaktta \u00e5ngerfristen r\u00e4cker det att du skickar ditt meddelande om att du utnyttjar din \u00e5ngerr\u00e4tt innan \u00e5ngerfristen l\u00f6per ut.<\/p><p>Konsekvenser av upps\u00e4gning<\/p><p>Om du fr\u00e5ntr\u00e4der detta avtal ska vi \u00e5terbetala alla betalningar som vi mottagit fr\u00e5n dig, inklusive leveranskostnader (med undantag f\u00f6r extra kostnader till f\u00f6ljd av ditt val av en annan typ av leverans \u00e4n den billigaste typen av standardleverans som vi erbjuder), utan on\u00f6digt dr\u00f6jsm\u00e5l och under alla omst\u00e4ndigheter senast 14 dagar fr\u00e5n den dag d\u00e5 vi informerades om ditt beslut att fr\u00e5ntr\u00e4da detta avtal. Vid denna \u00e5terbetalning anv\u00e4nder vi samma betalningsmedel som du anv\u00e4nde vid den ursprungliga transaktionen, s\u00e5vida vi inte uttryckligen kommit \u00f6verens om n\u00e5got annat med dig; under inga omst\u00e4ndigheter debiteras du n\u00e5gra avgifter f\u00f6r denna \u00e5terbetalning. Vi kan h\u00e5lla inne \u00e5terbetalningen tills vi har f\u00e5tt tillbaka varorna eller tills du har l\u00e4mnat bevis p\u00e5 att du har \u00e5terl\u00e4mnat varorna, beroende p\u00e5 vilket som intr\u00e4ffar tidigast.<\/p><p>Du m\u00e5ste \u00e5ters\u00e4nda eller \u00f6verl\u00e4mna varorna till Dr Christoph He\u00dfler Maschinensysteme, Christoph He\u00dfler, An der Ronceva 5 32312 L\u00fcbbecke +49 (0)5741 3012080 christoph.hessler@c-hessler.de omedelbart och under alla omst\u00e4ndigheter senast inom fjorton dagar fr\u00e5n den dag d\u00e5 du informerar oss om att du vill s\u00e4ga upp detta avtal. Tidsfristen \u00e4r uppfylld om du skickar varorna innan perioden p\u00e5 fjorton dagar har l\u00f6pt ut.<\/p><p>Du st\u00e5r f\u00f6r de direkta kostnaderna f\u00f6r att returnera varorna.<\/p><p>Du beh\u00f6ver endast betala f\u00f6r eventuell v\u00e4rdeminskning av varorna om v\u00e4rdeminskningen beror p\u00e5 hantering av varorna som inte \u00e4r n\u00f6dv\u00e4ndig f\u00f6r att kontrollera deras skick, egenskaper och funktionalitet.<\/p><p>Om varan har skadats eller minskat i v\u00e4rde p\u00e5 detta s\u00e4tt, ska kunden b\u00e4ra kostnaderna f\u00f6r reparation och eventuell v\u00e4rdeminskning trots reparationen.<\/p><p>Avbokningsreglerna upph\u00f6r att g\u00e4lla<\/p><p>Du kan n\u00e5 v\u00e5r kundtj\u00e4nst vid f\u00f6ljande tidpunkter Dr Christoph He\u00dfler Maschinensysteme, Christoph He\u00dfler, An der Ronceva 5, 32312 L\u00fcbbecke +49 (0)5741 3012080 christoph.hessler@c-hessler.de \u00d6ppettider:<br \/>8:00 till 16:00.<\/p><h2>Ansvarsfriskrivning<\/h2><p>Skadest\u00e5ndsanspr\u00e5k fr\u00e5n best\u00e4llaren \u00e4r uteslutna, om inte annat anges nedan. Detta g\u00e4ller \u00e4ven f\u00f6r leverant\u00f6rens representanter och st\u00e4llf\u00f6retr\u00e4dare om best\u00e4llaren g\u00f6r g\u00e4llande skadest\u00e5ndsanspr\u00e5k mot dem. Uteslutna \u00e4r skadest\u00e5ndsanspr\u00e5k fr\u00e5n best\u00e4llaren p\u00e5 grund av skada p\u00e5 liv, lem, h\u00e4lsa eller v\u00e4sentliga avtalsf\u00f6rpliktelser som n\u00f6dv\u00e4ndigtvis m\u00e5ste uppfyllas f\u00f6r att uppn\u00e5 avtalets m\u00e5l. Detta g\u00e4ller inte heller skadest\u00e5ndsanspr\u00e5k p\u00e5 grund av grovt v\u00e5rdsl\u00f6st eller upps\u00e5tligt \u00e5sidos\u00e4ttande av skyldigheter fr\u00e5n leverant\u00f6rens eller dess juridiska ombuds eller st\u00e4llf\u00f6retr\u00e4dares sida.<\/p><h2>F\u00f6rbud mot \u00f6verl\u00e5telse och pants\u00e4ttning<\/h2><p>Kundens krav eller r\u00e4ttigheter gentemot leverant\u00f6ren kan g\u00f6ras g\u00e4llande utan<br \/>Varan f\u00e5r inte \u00f6verl\u00e5tas eller pants\u00e4ttas utan kundens samtycke, s\u00e5vida inte kunden har visat att han har ett ber\u00e4ttigat intresse av \u00f6verl\u00e5telsen eller pants\u00e4ttningen.<\/p><h2>Spr\u00e5k, ort f\u00f6r jurisdiktion och till\u00e4mplig lag<\/h2><p>Avtalet skall uppr\u00e4ttas p\u00e5 tyska. Det fortsatta genomf\u00f6randet av avtalsf\u00f6rh\u00e5llandet skall ske p\u00e5 tyska. F\u00f6rbundsrepubliken Tysklands lag ska till\u00e4mpas exklusivt. F\u00f6r konsumenter g\u00e4ller detta endast i den m\u00e5n inga lagstadgade best\u00e4mmelser i det land d\u00e4r kunden har sin hemvist eller vanliga vistelseort begr\u00e4nsas. F\u00f6r tvister med kunder som inte \u00e4r konsumenter, offentligr\u00e4ttsliga juridiska personer eller offentligr\u00e4ttsliga specialfonder \u00e4r leverant\u00f6rens s\u00e4te beh\u00f6rig domstol.<\/p><h2>Klausul om avskiljande<\/h2><p>Om n\u00e5gon best\u00e4mmelse i dessa allm\u00e4nna villkor \u00e4r ogiltig ska detta inte p\u00e5verka giltigheten av de \u00f6vriga best\u00e4mmelserna.<\/p>\t\t\t\t\t\t\t\t<\/div>\n\t\t\t\t\t<\/div>\n\t\t\t\t<\/div>\n\t\t\t\t<\/div>","protected":false},"excerpt":{"rendered":"<p>Allgemeine Gesch\u00e4ftsbedingungen AGB erstellt \u00fcber den Generator der Deutschen Anwaltshotline AG Vertragspartner Auf Grundlage dieser Allgemeinen Gesch\u00e4ftsbedingungen (AGB) kommt zwischen dem Kunden undDr. Christoph He\u00dfler MaschinensystemeVertreten durch Christoph He\u00dflerAdresse: An der Ronceva 5 32312 L\u00fcbbecke Umsatzsteuer-Identifikationsnummer: DE230070107, nachfolgend Anbieter genannt, der Vertrag zustande. Vertragsgegenstand Durch diesen Vertrag wird der Verkauf von neuen Waren aus dem [&hellip;]<\/p>\n","protected":false},"author":9,"featured_media":0,"parent":0,"menu_order":0,"comment_status":"closed","ping_status":"closed","template":"","meta":{"footnotes":""},"class_list":["post-9797","page","type-page","status-publish","hentry"],"yoast_head":"<!-- This site is optimized with the Yoast SEO Premium plugin v27.0 (Yoast SEO v27.4) - https:\/\/yoast.com\/product\/yoast-seo-premium-wordpress\/ -->\n<title>AGB - Dr. Christoph He\u00dfler Maschinensysteme<\/title>\n<meta name=\"robots\" content=\"index, follow, max-snippet:-1, max-image-preview:large, max-video-preview:-1\" \/>\n<link rel=\"canonical\" href=\"https:\/\/c-hessler.de\/sv\/agb\/\" \/>\n<meta property=\"og:locale\" content=\"sv_SE\" \/>\n<meta property=\"og:type\" content=\"article\" \/>\n<meta property=\"og:title\" content=\"AGB\" \/>\n<meta property=\"og:description\" content=\"Allgemeine Gesch\u00e4ftsbedingungen AGB erstellt \u00fcber den Generator der Deutschen Anwaltshotline AG Vertragspartner Auf Grundlage dieser Allgemeinen Gesch\u00e4ftsbedingungen (AGB) kommt zwischen dem Kunden undDr. Christoph He\u00dfler MaschinensystemeVertreten durch Christoph He\u00dflerAdresse: An der Ronceva 5 32312 L\u00fcbbecke Umsatzsteuer-Identifikationsnummer: DE230070107, nachfolgend Anbieter genannt, der Vertrag zustande. Vertragsgegenstand Durch diesen Vertrag wird der Verkauf von neuen Waren aus dem [&hellip;]\" \/>\n<meta property=\"og:url\" content=\"https:\/\/c-hessler.de\/sv\/agb\/\" \/>\n<meta property=\"og:site_name\" content=\"Dr. Christoph He\u00dfler Maschinensysteme\" \/>\n<meta property=\"article:publisher\" content=\"https:\/\/www.facebook.com\/DrChristophHesslerMaschinensysteme\/\" \/>\n<meta property=\"article:modified_time\" content=\"2025-12-17T06:45:50+00:00\" \/>\n<meta name=\"twitter:label1\" content=\"Ber\u00e4knad l\u00e4stid\" \/>\n\t<meta name=\"twitter:data1\" content=\"10 minuter\" \/>\n<script type=\"application\/ld+json\" class=\"yoast-schema-graph\">{\"@context\":\"https:\\\/\\\/schema.org\",\"@graph\":[{\"@type\":\"WebPage\",\"@id\":\"https:\\\/\\\/c-hessler.de\\\/agb\\\/\",\"url\":\"https:\\\/\\\/c-hessler.de\\\/agb\\\/\",\"name\":\"AGB - Dr. Christoph He\u00dfler Maschinensysteme\",\"isPartOf\":{\"@id\":\"https:\\\/\\\/c-hessler.de\\\/#website\"},\"datePublished\":\"2015-05-09T14:16:40+00:00\",\"dateModified\":\"2025-12-17T06:45:50+00:00\",\"inLanguage\":\"sv-SE\",\"potentialAction\":[{\"@type\":\"ReadAction\",\"target\":[\"https:\\\/\\\/c-hessler.de\\\/agb\\\/\"]}]},{\"@type\":\"WebSite\",\"@id\":\"https:\\\/\\\/c-hessler.de\\\/#website\",\"url\":\"https:\\\/\\\/c-hessler.de\\\/\",\"name\":\"www.c-hessler.de\",\"description\":\"\",\"publisher\":{\"@id\":\"https:\\\/\\\/c-hessler.de\\\/#organization\"},\"potentialAction\":[{\"@type\":\"SearchAction\",\"target\":{\"@type\":\"EntryPoint\",\"urlTemplate\":\"https:\\\/\\\/c-hessler.de\\\/?s={search_term_string}\"},\"query-input\":{\"@type\":\"PropertyValueSpecification\",\"valueRequired\":true,\"valueName\":\"search_term_string\"}}],\"inLanguage\":\"sv-SE\"},{\"@type\":\"Organization\",\"@id\":\"https:\\\/\\\/c-hessler.de\\\/#organization\",\"name\":\"Dr. Christoph He\u00dfler Maschinensysteme\",\"alternateName\":\"Dr. Christoph He\u00dfler Maschinensysteme\",\"url\":\"https:\\\/\\\/c-hessler.de\\\/\",\"logo\":{\"@type\":\"ImageObject\",\"inLanguage\":\"sv-SE\",\"@id\":\"https:\\\/\\\/c-hessler.de\\\/#\\\/schema\\\/logo\\\/image\\\/\",\"url\":\"https:\\\/\\\/c-hessler.de\\\/wp-content\\\/uploads\\\/2026\\\/02\\\/Draw-03-150312-110115-Ausgeschnitten-I.jpg\",\"contentUrl\":\"https:\\\/\\\/c-hessler.de\\\/wp-content\\\/uploads\\\/2026\\\/02\\\/Draw-03-150312-110115-Ausgeschnitten-I.jpg\",\"width\":445,\"height\":394,\"caption\":\"Dr. Christoph He\u00dfler Maschinensysteme\"},\"image\":{\"@id\":\"https:\\\/\\\/c-hessler.de\\\/#\\\/schema\\\/logo\\\/image\\\/\"},\"sameAs\":[\"https:\\\/\\\/www.facebook.com\\\/DrChristophHesslerMaschinensysteme\\\/\",\"https:\\\/\\\/www.pinterest.de\\\/hesstools\\\/\",\"https:\\\/\\\/www.youtube.com\\\/channel\\\/UCaNnXDGGF_BiYFQZ2kJgi-A?view_as=subscriber\"],\"description\":\"1. Ecken- und Kantenfr\u00e4sen f\u00fcr Tischler und Schreiner, Sonderanfertigungen 2. Auch f\u00fcr die Nachbearbeitung von Eck-Schwei\u00dfn\u00e4hten bei Aluminium-Werkstoffen, f\u00fcr Fahrzeugbauer oder Metallbauer aller Art\",\"email\":\"christoph.hessler@c-hessler.de\",\"telephone\":\"0527413012080\",\"legalName\":\"Dr. Christoph He\u00dfler Maschinensysteme\",\"foundingDate\":\"2003-06-05\",\"vatID\":\"DE230070107\",\"numberOfEmployees\":{\"@type\":\"QuantitativeValue\",\"minValue\":\"1\",\"maxValue\":\"10\"}}]}<\/script>\n<!-- \/ Yoast SEO Premium plugin. -->","yoast_head_json":{"title":"Allm\u00e4nna villkor - Dr Christoph He\u00dfler Maschinensysteme","robots":{"index":"index","follow":"follow","max-snippet":"max-snippet:-1","max-image-preview":"max-image-preview:large","max-video-preview":"max-video-preview:-1"},"canonical":"https:\/\/c-hessler.de\/sv\/agb\/","og_locale":"sv_SE","og_type":"article","og_title":"AGB","og_description":"Allgemeine Gesch\u00e4ftsbedingungen AGB erstellt \u00fcber den Generator der Deutschen Anwaltshotline AG Vertragspartner Auf Grundlage dieser Allgemeinen Gesch\u00e4ftsbedingungen (AGB) kommt zwischen dem Kunden undDr. Christoph He\u00dfler MaschinensystemeVertreten durch Christoph He\u00dflerAdresse: An der Ronceva 5 32312 L\u00fcbbecke Umsatzsteuer-Identifikationsnummer: DE230070107, nachfolgend Anbieter genannt, der Vertrag zustande. Vertragsgegenstand Durch diesen Vertrag wird der Verkauf von neuen Waren aus dem [&hellip;]","og_url":"https:\/\/c-hessler.de\/sv\/agb\/","og_site_name":"Dr. Christoph He\u00dfler Maschinensysteme","article_publisher":"https:\/\/www.facebook.com\/DrChristophHesslerMaschinensysteme\/","article_modified_time":"2025-12-17T06:45:50+00:00","twitter_misc":{"Ber\u00e4knad l\u00e4stid":"10 minuter"},"schema":{"@context":"https:\/\/schema.org","@graph":[{"@type":"WebPage","@id":"https:\/\/c-hessler.de\/agb\/","url":"https:\/\/c-hessler.de\/agb\/","name":"Allm\u00e4nna villkor - Dr Christoph He\u00dfler Maschinensysteme","isPartOf":{"@id":"https:\/\/c-hessler.de\/#website"},"datePublished":"2015-05-09T14:16:40+00:00","dateModified":"2025-12-17T06:45:50+00:00","inLanguage":"sv-SE","potentialAction":[{"@type":"ReadAction","target":["https:\/\/c-hessler.de\/agb\/"]}]},{"@type":"WebSite","@id":"https:\/\/c-hessler.de\/#website","url":"https:\/\/c-hessler.de\/","name":"www.c-hessler.de","description":"","publisher":{"@id":"https:\/\/c-hessler.de\/#organization"},"potentialAction":[{"@type":"SearchAction","target":{"@type":"EntryPoint","urlTemplate":"https:\/\/c-hessler.de\/?s={search_term_string}"},"query-input":{"@type":"PropertyValueSpecification","valueRequired":true,"valueName":"search_term_string"}}],"inLanguage":"sv-SE"},{"@type":"Organization","@id":"https:\/\/c-hessler.de\/#organization","name":"Dr Christoph He\u00dfler Maskinsystem","alternateName":"Dr. Christoph He\u00dfler Maschinensysteme","url":"https:\/\/c-hessler.de\/","logo":{"@type":"ImageObject","inLanguage":"sv-SE","@id":"https:\/\/c-hessler.de\/#\/schema\/logo\/image\/","url":"https:\/\/c-hessler.de\/wp-content\/uploads\/2026\/02\/Draw-03-150312-110115-Ausgeschnitten-I.jpg","contentUrl":"https:\/\/c-hessler.de\/wp-content\/uploads\/2026\/02\/Draw-03-150312-110115-Ausgeschnitten-I.jpg","width":445,"height":394,"caption":"Dr. Christoph He\u00dfler Maschinensysteme"},"image":{"@id":"https:\/\/c-hessler.de\/#\/schema\/logo\/image\/"},"sameAs":["https:\/\/www.facebook.com\/DrChristophHesslerMaschinensysteme\/","https:\/\/www.pinterest.de\/hesstools\/","https:\/\/www.youtube.com\/channel\/UCaNnXDGGF_BiYFQZ2kJgi-A?view_as=subscriber"],"description":"1. Ecken- und Kantenfr\u00e4sen f\u00fcr Tischler und Schreiner, Sonderanfertigungen 2. Auch f\u00fcr die Nachbearbeitung von Eck-Schwei\u00dfn\u00e4hten bei Aluminium-Werkstoffen, f\u00fcr Fahrzeugbauer oder Metallbauer aller Art","email":"christoph.hessler@c-hessler.de","telephone":"0527413012080","legalName":"Dr. Christoph He\u00dfler Maschinensysteme","foundingDate":"2003-06-05","vatID":"DE230070107","numberOfEmployees":{"@type":"QuantitativeValue","minValue":"1","maxValue":"10"}}]}},"_hostinger_reach_plugin_has_subscription_block":false,"_hostinger_reach_plugin_is_elementor":false,"_links":{"self":[{"href":"https:\/\/c-hessler.de\/sv\/wp-json\/wp\/v2\/pages\/9797","targetHints":{"allow":["GET"]}}],"collection":[{"href":"https:\/\/c-hessler.de\/sv\/wp-json\/wp\/v2\/pages"}],"about":[{"href":"https:\/\/c-hessler.de\/sv\/wp-json\/wp\/v2\/types\/page"}],"author":[{"embeddable":true,"href":"https:\/\/c-hessler.de\/sv\/wp-json\/wp\/v2\/users\/9"}],"replies":[{"embeddable":true,"href":"https:\/\/c-hessler.de\/sv\/wp-json\/wp\/v2\/comments?post=9797"}],"version-history":[{"count":3,"href":"https:\/\/c-hessler.de\/sv\/wp-json\/wp\/v2\/pages\/9797\/revisions"}],"predecessor-version":[{"id":208819,"href":"https:\/\/c-hessler.de\/sv\/wp-json\/wp\/v2\/pages\/9797\/revisions\/208819"}],"wp:attachment":[{"href":"https:\/\/c-hessler.de\/sv\/wp-json\/wp\/v2\/media?parent=9797"}],"curies":[{"name":"wp","href":"https:\/\/api.w.org\/{rel}","templated":true}]}}