{"id":205595,"date":"2018-12-19T09:04:35","date_gmt":"2018-12-19T08:04:35","guid":{"rendered":"https:\/\/c-hessler.de\/?post_type=product&#038;p=205595"},"modified":"2025-12-10T18:46:29","modified_gmt":"2025-12-10T17:46:29","slug":"mafell-fraesmotor-fm-1000","status":"publish","type":"product","link":"https:\/\/c-hessler.de\/sv\/shop\/mafell-fraesmotor-fm-1000\/","title":{"rendered":"Motor f\u00f6r CNC-fr\u00e4smaskiner och fr\u00e4sbord Mafell FM 1000"},"content":{"rendered":"<div style=\"height:30px\" aria-hidden=\"true\" class=\"wp-block-spacer\"><\/div>\n\n\n\n<div class=\"wp-block-columns is-layout-flex wp-container-core-columns-is-layout-28f84493 wp-block-columns-is-layout-flex\">\n<div class=\"wp-block-column is-layout-flow wp-block-column-is-layout-flow\">\n<figure class=\"wp-block-image size-full\"><img fetchpriority=\"high\" decoding=\"async\" width=\"511\" height=\"390\" src=\"https:\/\/c-hessler.de\/wp-content\/uploads\/2018\/12\/detailbild_04.jpg\" alt=\"Spindell\u00e5s\" class=\"wp-image-205607\" srcset=\"https:\/\/c-hessler.de\/wp-content\/uploads\/2018\/12\/detailbild_04.jpg 511w, https:\/\/c-hessler.de\/wp-content\/uploads\/2018\/12\/detailbild_04-150x114.jpg 150w, https:\/\/c-hessler.de\/wp-content\/uploads\/2018\/12\/detailbild_04-300x229.jpg 300w, https:\/\/c-hessler.de\/wp-content\/uploads\/2018\/12\/detailbild_04-510x389.jpg 510w\" sizes=\"(max-width: 511px) 100vw, 511px\" \/><figcaption class=\"wp-element-caption\">Spindell\u00e5set trycks in f\u00f6r att byta verktyg. Du beh\u00f6ver d\u00e5 bara 1 nyckel f\u00f6r sp\u00e4nnmuttern<br><\/figcaption><\/figure>\n<\/div>\n\n\n\n<div class=\"wp-block-column is-layout-flow wp-block-column-is-layout-flow\">\n<figure class=\"wp-block-image size-full\"><img decoding=\"async\" width=\"511\" height=\"390\" src=\"https:\/\/c-hessler.de\/wp-content\/uploads\/2018\/12\/detailbild_03.jpg\" alt=\"Lagren \u00e4r s\u00e4krade genom st\u00f6tskydd\" class=\"wp-image-205606\" srcset=\"https:\/\/c-hessler.de\/wp-content\/uploads\/2018\/12\/detailbild_03.jpg 511w, https:\/\/c-hessler.de\/wp-content\/uploads\/2018\/12\/detailbild_03-150x114.jpg 150w, https:\/\/c-hessler.de\/wp-content\/uploads\/2018\/12\/detailbild_03-300x229.jpg 300w, https:\/\/c-hessler.de\/wp-content\/uploads\/2018\/12\/detailbild_03-510x389.jpg 510w\" sizes=\"(max-width: 511px) 100vw, 511px\" \/><figcaption class=\"wp-element-caption\">N\u00e4r sp\u00e5nen flyger ska maskinen skyddas p\u00e5 ett s\u00e4kert s\u00e4tt. FM 1000 har ett roterande slagskydd (silver) f\u00f6r detta \u00e4ndam\u00e5l. Det h\u00e5ller sp\u00e5norna borta fr\u00e5n drivspindelns lager.<br><\/figcaption><\/figure>\n<\/div>\n<\/div>\n\n\n\n<div class=\"wp-block-columns is-layout-flex wp-container-core-columns-is-layout-28f84493 wp-block-columns-is-layout-flex\">\n<div class=\"wp-block-column is-layout-flow wp-block-column-is-layout-flow\">\n<figure class=\"wp-block-image size-full\"><img decoding=\"async\" width=\"511\" height=\"390\" src=\"https:\/\/c-hessler.de\/wp-content\/uploads\/2018\/12\/detailbild_02.jpg\" alt=\"Euroneck 43 mm\" class=\"wp-image-205605\" srcset=\"https:\/\/c-hessler.de\/wp-content\/uploads\/2018\/12\/detailbild_02.jpg 511w, https:\/\/c-hessler.de\/wp-content\/uploads\/2018\/12\/detailbild_02-150x114.jpg 150w, https:\/\/c-hessler.de\/wp-content\/uploads\/2018\/12\/detailbild_02-300x229.jpg 300w, https:\/\/c-hessler.de\/wp-content\/uploads\/2018\/12\/detailbild_02-510x389.jpg 510w\" sizes=\"(max-width: 511px) 100vw, 511px\" \/><figcaption class=\"wp-element-caption\">Sp\u00e4nn- och lagerfl\u00e4nsen \u00e4r tillverkad av st\u00e5l. Den absorberar maskinens st\u00f6tar p\u00e5 ett s\u00e4kert s\u00e4tt. Med en diameter p\u00e5 43 mm passar den in i standardh\u00e5llare.<br><\/figcaption><\/figure>\n<\/div>\n\n\n\n<div class=\"wp-block-column is-layout-flow wp-block-column-is-layout-flow\">\n<figure class=\"wp-block-image size-full\"><img loading=\"lazy\" decoding=\"async\" width=\"511\" height=\"390\" src=\"https:\/\/c-hessler.de\/wp-content\/uploads\/2018\/12\/detailbild_01.jpg\" alt=\"Med justerbar och kontrollerbar hastighet\" class=\"wp-image-205604\" srcset=\"https:\/\/c-hessler.de\/wp-content\/uploads\/2018\/12\/detailbild_01.jpg 511w, https:\/\/c-hessler.de\/wp-content\/uploads\/2018\/12\/detailbild_01-150x114.jpg 150w, https:\/\/c-hessler.de\/wp-content\/uploads\/2018\/12\/detailbild_01-300x229.jpg 300w, https:\/\/c-hessler.de\/wp-content\/uploads\/2018\/12\/detailbild_01-510x389.jpg 510w\" sizes=\"(max-width: 511px) 100vw, 511px\" \/><figcaption class=\"wp-element-caption\">Varvtalet kan f\u00f6rinst\u00e4llas fr\u00e5n 4.000 rpm till 25.000 rpm. Elektroniken ser till att hastigheten bibeh\u00e5lls. S\u00e4ker och ren fr\u00e4sning fr\u00e5n akryl till sp\u00e5nskiva.<br><\/figcaption><\/figure>\n<\/div>\n<\/div>\n\n\n\n<div class=\"wp-block-columns is-layout-flex wp-container-core-columns-is-layout-28f84493 wp-block-columns-is-layout-flex\">\n<div class=\"wp-block-column is-layout-flow wp-block-column-is-layout-flow\">\n<figure class=\"wp-block-image size-full\"><img loading=\"lazy\" decoding=\"async\" width=\"1417\" height=\"1417\" src=\"https:\/\/c-hessler.de\/wp-content\/uploads\/2018\/12\/093732_spannzange.jpg\" alt=\"8 mm sp\u00e4nnchucken h\u00e5ller fr\u00e4sen\" class=\"wp-image-205603\" srcset=\"https:\/\/c-hessler.de\/wp-content\/uploads\/2018\/12\/093732_spannzange.jpg 1417w, https:\/\/c-hessler.de\/wp-content\/uploads\/2018\/12\/093732_spannzange-400x400.jpg 400w, https:\/\/c-hessler.de\/wp-content\/uploads\/2018\/12\/093732_spannzange-100x100.jpg 100w, https:\/\/c-hessler.de\/wp-content\/uploads\/2018\/12\/093732_spannzange-800x800.jpg 800w, https:\/\/c-hessler.de\/wp-content\/uploads\/2018\/12\/093732_spannzange-150x150.jpg 150w, https:\/\/c-hessler.de\/wp-content\/uploads\/2018\/12\/093732_spannzange-300x300.jpg 300w, https:\/\/c-hessler.de\/wp-content\/uploads\/2018\/12\/093732_spannzange-768x768.jpg 768w, https:\/\/c-hessler.de\/wp-content\/uploads\/2018\/12\/093732_spannzange-1024x1024.jpg 1024w, https:\/\/c-hessler.de\/wp-content\/uploads\/2018\/12\/093732_spannzange-1080x1080.jpg 1080w\" sizes=\"(max-width: 1417px) 100vw, 1417px\" \/><figcaption class=\"wp-element-caption\">Sp\u00e4nnhylsan h\u00e5ller fr\u00e4sen och s\u00e4tts in i drivspindelns kona. Fr\u00e4smotorn FM 1000 levereras med en sp\u00e4nnhylsa f\u00f6r 8 mm skaft. Andra sp\u00e4nnhylsor p\u00e5 beg\u00e4ran. Den maximala skaftdiametern som kan sp\u00e4nnas fast \u00e4r 10 mm.<br><\/figcaption><\/figure>\n<\/div>\n\n\n\n<div class=\"wp-block-column is-layout-flow wp-block-column-is-layout-flow\">\n<figure class=\"wp-block-image size-full\"><img loading=\"lazy\" decoding=\"async\" width=\"1417\" height=\"1417\" src=\"https:\/\/c-hessler.de\/wp-content\/uploads\/2018\/12\/093729_ueberwurfmutter.jpg\" alt=\"Sexkant p\u00e5 \u00f6verfallsmutter\" class=\"wp-image-205602\" srcset=\"https:\/\/c-hessler.de\/wp-content\/uploads\/2018\/12\/093729_ueberwurfmutter.jpg 1417w, https:\/\/c-hessler.de\/wp-content\/uploads\/2018\/12\/093729_ueberwurfmutter-400x400.jpg 400w, https:\/\/c-hessler.de\/wp-content\/uploads\/2018\/12\/093729_ueberwurfmutter-100x100.jpg 100w, https:\/\/c-hessler.de\/wp-content\/uploads\/2018\/12\/093729_ueberwurfmutter-800x800.jpg 800w, https:\/\/c-hessler.de\/wp-content\/uploads\/2018\/12\/093729_ueberwurfmutter-150x150.jpg 150w, https:\/\/c-hessler.de\/wp-content\/uploads\/2018\/12\/093729_ueberwurfmutter-300x300.jpg 300w, https:\/\/c-hessler.de\/wp-content\/uploads\/2018\/12\/093729_ueberwurfmutter-768x768.jpg 768w, https:\/\/c-hessler.de\/wp-content\/uploads\/2018\/12\/093729_ueberwurfmutter-1024x1024.jpg 1024w, https:\/\/c-hessler.de\/wp-content\/uploads\/2018\/12\/093729_ueberwurfmutter-1080x1080.jpg 1080w\" sizes=\"(max-width: 1417px) 100vw, 1417px\" \/><figcaption class=\"wp-element-caption\">\u00d6verfallsmuttern trycker in sp\u00e4nnhylsan i drivspindelns kona. Den dras \u00e5t med hj\u00e4lp av en nyckel som medf\u00f6ljer maskinen. Samtidigt trycks spindell\u00e5set in.<br><\/figcaption><\/figure>\n<\/div>\n<\/div>\n\n\n\n<div style=\"height:30px\" aria-hidden=\"true\" class=\"wp-block-spacer\"><\/div>","protected":false},"excerpt":{"rendered":"<p>H\u00e4r kommer en vidareutveckling av den bepr\u00f6vade motorn fr\u00e5n Mafell f\u00f6r CNC-fr\u00e4sning och f\u00f6r fr\u00e4sbord<\/p>\n<ul>\n<li>Med 1000 watt = 1 kW<\/li>\n<li>H\u00f6g koncentricitet: <strong>Mindre 0,01 mm<\/strong> i fastsp\u00e4nningskonen<\/li>\n<li>Justerbar hastighet: Nominell tomg\u00e5ngshastighet 4.000 - 25.000 rpm<\/li>\n<li><strong>Behagligt tyst, s\u00e4rskilt behagligt under kontinuerlig drift: ljudtrycksniv\u00e5 dB (A) max. 75<\/strong><\/li>\n<li>Alla anslutningsm\u00e5tt som f\u00f6r f\u00f6reg\u00e5ngaren: M\u00e5tt (BxHxL) 73 mm x 254 mm x 79 mm, kl\u00e4mhals 43 mm<\/li>\n<li>Inklusive 8 mm sp\u00e4nnhylsa och<strong> 4 meter kabel<\/strong>. Sp\u00e4nnhylsa chuck <strong>max. f\u00f6r axel 10 mm<\/strong> finns som tillval.<\/li>\n<li>Vikt 1,65 kg<\/li>\n<\/ul>\n<p>MAFELLs fr\u00e4smotorer tillverkas under str\u00e4ngaste kvalitetskontroll i Oberndorf am Neckar i Tyskland. F\u00f6re leverans \"k\u00f6rs\" varje fr\u00e4smotor in under laboratorief\u00f6rh\u00e5llanden. Detta \u00f6kar livsl\u00e4ngden och h\u00e5llbarheten.<\/p>","protected":false},"featured_media":205601,"comment_status":"open","ping_status":"closed","template":"","meta":[],"product_brand":[],"product_cat":[94],"product_tag":[46,95,97,96,38],"class_list":{"0":"post-205595","1":"product","2":"type-product","3":"status-publish","4":"has-post-thumbnail","6":"product_cat-motoren-und-antriebe","7":"product_tag-elektrischer-antrieb","8":"product_tag-elektromotor","9":"product_tag-fm-1000","10":"product_tag-fraesmotor","11":"product_tag-handgefuehrt","13":"first","14":"onbackorder","15":"sold-individually","16":"taxable","17":"shipping-taxable","18":"purchasable","19":"product-type-simple"},"yoast_head":"<!-- This site is optimized with the Yoast SEO Premium plugin v27.0 (Yoast SEO v27.4) - https:\/\/yoast.com\/product\/yoast-seo-premium-wordpress\/ -->\n<title>Motor f\u00fcr CNC-Fr\u00e4sen und Fr\u00e4stische Mafell FM 1000 - Dr. Christoph He\u00dfler Maschinensysteme<\/title>\n<meta name=\"description\" content=\"Der neue Fr\u00e4smotor von Mafell f\u00fcr CNC-Fr\u00e4sen und Fr\u00e4stische im Modellbau, Formenbau, Werbetechnik, Gravur, Schmuck, Elektronik, Steinmetzarbeiten\" \/>\n<meta name=\"robots\" content=\"index, follow, max-snippet:-1, max-image-preview:large, max-video-preview:-1\" \/>\n<link rel=\"canonical\" href=\"https:\/\/c-hessler.de\/sv\/butik\/mafell-fraesmotor-fm-1000\/\" \/>\n<meta property=\"og:locale\" content=\"sv_SE\" \/>\n<meta property=\"og:type\" content=\"article\" \/>\n<meta property=\"og:title\" content=\"Motor f\u00fcr CNC-Fr\u00e4sen und Fr\u00e4stische Mafell FM 1000\" \/>\n<meta property=\"og:description\" content=\"Der neue Fr\u00e4smotor von Mafell f\u00fcr CNC-Fr\u00e4sen und Fr\u00e4stische im Modellbau, Formenbau, Werbetechnik, Gravur, Schmuck, Elektronik, Steinmetzarbeiten\" \/>\n<meta property=\"og:url\" content=\"https:\/\/c-hessler.de\/sv\/butik\/mafell-fraesmotor-fm-1000\/\" \/>\n<meta property=\"og:site_name\" content=\"Dr. Christoph He\u00dfler Maschinensysteme\" \/>\n<meta property=\"article:publisher\" content=\"https:\/\/www.facebook.com\/DrChristophHesslerMaschinensysteme\/\" \/>\n<meta property=\"article:modified_time\" content=\"2025-12-10T17:46:29+00:00\" \/>\n<meta property=\"og:image\" content=\"https:\/\/c-hessler.de\/wp-content\/uploads\/2018\/12\/fm_800_1000_frei-e1545382484196-scaled.jpg\" \/>\n\t<meta property=\"og:image:width\" content=\"2560\" \/>\n\t<meta property=\"og:image:height\" content=\"1903\" \/>\n\t<meta property=\"og:image:type\" content=\"image\/jpeg\" \/>\n<meta name=\"twitter:label1\" content=\"Pris\" \/>\n\t<meta name=\"twitter:data1\" content=\"273,00&nbsp;&euro; ohne MwSt.\" \/>\n\t<meta name=\"twitter:label2\" content=\"Tillg\u00e4nglig\" \/>\n\t<meta name=\"twitter:data2\" content=\"P\u00e5 restorder\" \/>\n<script type=\"application\/ld+json\" class=\"yoast-schema-graph\">{\"@context\":\"https:\\\/\\\/schema.org\",\"@graph\":[{\"@type\":\"WebPage\",\"@id\":\"https:\\\/\\\/c-hessler.de\\\/shop\\\/mafell-fraesmotor-fm-1000\\\/\",\"url\":\"https:\\\/\\\/c-hessler.de\\\/shop\\\/mafell-fraesmotor-fm-1000\\\/\",\"name\":\"Motor f\u00fcr CNC-Fr\u00e4sen und Fr\u00e4stische Mafell FM 1000 - Dr. Christoph He\u00dfler Maschinensysteme\",\"isPartOf\":{\"@id\":\"https:\\\/\\\/c-hessler.de\\\/#website\"},\"primaryImageOfPage\":{\"@id\":\"https:\\\/\\\/c-hessler.de\\\/shop\\\/mafell-fraesmotor-fm-1000\\\/#primaryimage\"},\"image\":{\"@id\":\"https:\\\/\\\/c-hessler.de\\\/shop\\\/mafell-fraesmotor-fm-1000\\\/#primaryimage\"},\"thumbnailUrl\":\"https:\\\/\\\/c-hessler.de\\\/wp-content\\\/uploads\\\/2018\\\/12\\\/fm_800_1000_frei-e1545382484196-scaled.jpg\",\"datePublished\":\"2018-12-19T08:04:35+00:00\",\"dateModified\":\"2025-12-10T17:46:29+00:00\",\"description\":\"Der neue Fr\u00e4smotor von Mafell f\u00fcr CNC-Fr\u00e4sen und Fr\u00e4stische im Modellbau, Formenbau, Werbetechnik, Gravur, Schmuck, Elektronik, Steinmetzarbeiten\",\"breadcrumb\":{\"@id\":\"https:\\\/\\\/c-hessler.de\\\/shop\\\/mafell-fraesmotor-fm-1000\\\/#breadcrumb\"},\"inLanguage\":\"sv-SE\",\"potentialAction\":[{\"@type\":\"ReadAction\",\"target\":[\"https:\\\/\\\/c-hessler.de\\\/shop\\\/mafell-fraesmotor-fm-1000\\\/\"]}]},{\"@type\":\"ImageObject\",\"inLanguage\":\"sv-SE\",\"@id\":\"https:\\\/\\\/c-hessler.de\\\/shop\\\/mafell-fraesmotor-fm-1000\\\/#primaryimage\",\"url\":\"https:\\\/\\\/c-hessler.de\\\/wp-content\\\/uploads\\\/2018\\\/12\\\/fm_800_1000_frei-e1545382484196-scaled.jpg\",\"contentUrl\":\"https:\\\/\\\/c-hessler.de\\\/wp-content\\\/uploads\\\/2018\\\/12\\\/fm_800_1000_frei-e1545382484196-scaled.jpg\",\"width\":2560,\"height\":1903,\"caption\":\"Fr\u00e4smotor Mafell FM 1000\"},{\"@type\":\"BreadcrumbList\",\"@id\":\"https:\\\/\\\/c-hessler.de\\\/shop\\\/mafell-fraesmotor-fm-1000\\\/#breadcrumb\",\"itemListElement\":[{\"@type\":\"ListItem\",\"position\":1,\"name\":\"Produkte\",\"item\":\"https:\\\/\\\/c-hessler.de\\\/produkte\\\/\"},{\"@type\":\"ListItem\",\"position\":2,\"name\":\"Motor f\u00fcr CNC-Fr\u00e4sen und Fr\u00e4stische Mafell FM 1000\"}]},{\"@type\":\"WebSite\",\"@id\":\"https:\\\/\\\/c-hessler.de\\\/#website\",\"url\":\"https:\\\/\\\/c-hessler.de\\\/\",\"name\":\"www.c-hessler.de\",\"description\":\"\",\"publisher\":{\"@id\":\"https:\\\/\\\/c-hessler.de\\\/#organization\"},\"potentialAction\":[{\"@type\":\"SearchAction\",\"target\":{\"@type\":\"EntryPoint\",\"urlTemplate\":\"https:\\\/\\\/c-hessler.de\\\/?s={search_term_string}\"},\"query-input\":{\"@type\":\"PropertyValueSpecification\",\"valueRequired\":true,\"valueName\":\"search_term_string\"}}],\"inLanguage\":\"sv-SE\"},{\"@type\":\"Organization\",\"@id\":\"https:\\\/\\\/c-hessler.de\\\/#organization\",\"name\":\"Dr. Christoph He\u00dfler Maschinensysteme\",\"alternateName\":\"Dr. Christoph He\u00dfler Maschinensysteme\",\"url\":\"https:\\\/\\\/c-hessler.de\\\/\",\"logo\":{\"@type\":\"ImageObject\",\"inLanguage\":\"sv-SE\",\"@id\":\"https:\\\/\\\/c-hessler.de\\\/#\\\/schema\\\/logo\\\/image\\\/\",\"url\":\"https:\\\/\\\/c-hessler.de\\\/wp-content\\\/uploads\\\/2026\\\/02\\\/Draw-03-150312-110115-Ausgeschnitten-I.jpg\",\"contentUrl\":\"https:\\\/\\\/c-hessler.de\\\/wp-content\\\/uploads\\\/2026\\\/02\\\/Draw-03-150312-110115-Ausgeschnitten-I.jpg\",\"width\":445,\"height\":394,\"caption\":\"Dr. Christoph He\u00dfler Maschinensysteme\"},\"image\":{\"@id\":\"https:\\\/\\\/c-hessler.de\\\/#\\\/schema\\\/logo\\\/image\\\/\"},\"sameAs\":[\"https:\\\/\\\/www.facebook.com\\\/DrChristophHesslerMaschinensysteme\\\/\",\"https:\\\/\\\/www.pinterest.de\\\/hesstools\\\/\",\"https:\\\/\\\/www.youtube.com\\\/channel\\\/UCaNnXDGGF_BiYFQZ2kJgi-A?view_as=subscriber\"],\"description\":\"1. Ecken- und Kantenfr\u00e4sen f\u00fcr Tischler und Schreiner, Sonderanfertigungen 2. Auch f\u00fcr die Nachbearbeitung von Eck-Schwei\u00dfn\u00e4hten bei Aluminium-Werkstoffen, f\u00fcr Fahrzeugbauer oder Metallbauer aller Art\",\"email\":\"christoph.hessler@c-hessler.de\",\"telephone\":\"0527413012080\",\"legalName\":\"Dr. Christoph He\u00dfler Maschinensysteme\",\"foundingDate\":\"2003-06-05\",\"vatID\":\"DE230070107\",\"numberOfEmployees\":{\"@type\":\"QuantitativeValue\",\"minValue\":\"1\",\"maxValue\":\"10\"}}]}<\/script>\n<meta property=\"product:price:amount\" content=\"273.00\" \/>\n<meta property=\"product:price:currency\" content=\"EUR\" \/>\n<meta property=\"og:availability\" content=\"backorder\" \/>\n<meta property=\"product:availability\" content=\"available for order\" \/>\n<meta property=\"product:retailer_item_id\" content=\"mafell-fraesmotor-fm-1000\" \/>\n<meta property=\"product:condition\" content=\"new\" \/>\n<!-- \/ Yoast SEO Premium plugin. -->","yoast_head_json":{"title":"Motor f\u00f6r CNC-fr\u00e4smaskiner och fr\u00e4sbord Mafell FM 1000 - Dr Christoph He\u00dfler Maschinensysteme","description":"Den nya fr\u00e4smotorn fr\u00e5n Mafell f\u00f6r CNC-fr\u00e4smaskiner och fr\u00e4sbord inom modelltillverkning, formtillverkning, reklamteknik, gravyr, smycken, elektronik, stenhuggeri","robots":{"index":"index","follow":"follow","max-snippet":"max-snippet:-1","max-image-preview":"max-image-preview:large","max-video-preview":"max-video-preview:-1"},"canonical":"https:\/\/c-hessler.de\/sv\/butik\/mafell-fraesmotor-fm-1000\/","og_locale":"sv_SE","og_type":"article","og_title":"Motor f\u00fcr CNC-Fr\u00e4sen und Fr\u00e4stische Mafell FM 1000","og_description":"Der neue Fr\u00e4smotor von Mafell f\u00fcr CNC-Fr\u00e4sen und Fr\u00e4stische im Modellbau, Formenbau, Werbetechnik, Gravur, Schmuck, Elektronik, Steinmetzarbeiten","og_url":"https:\/\/c-hessler.de\/sv\/butik\/mafell-fraesmotor-fm-1000\/","og_site_name":"Dr. Christoph He\u00dfler Maschinensysteme","article_publisher":"https:\/\/www.facebook.com\/DrChristophHesslerMaschinensysteme\/","article_modified_time":"2025-12-10T17:46:29+00:00","og_image":[{"width":2560,"height":1903,"url":"https:\/\/c-hessler.de\/wp-content\/uploads\/2018\/12\/fm_800_1000_frei-e1545382484196-scaled.jpg","type":"image\/jpeg"}],"twitter_misc":{"Pris":"273,00&nbsp;&euro; ohne MwSt.","Tillg\u00e4nglig":"P\u00e5 restorder"},"schema":{"@context":"https:\/\/schema.org","@graph":[{"@type":"WebPage","@id":"https:\/\/c-hessler.de\/shop\/mafell-fraesmotor-fm-1000\/","url":"https:\/\/c-hessler.de\/shop\/mafell-fraesmotor-fm-1000\/","name":"Motor f\u00f6r CNC-fr\u00e4smaskiner och fr\u00e4sbord Mafell FM 1000 - Dr Christoph He\u00dfler Maschinensysteme","isPartOf":{"@id":"https:\/\/c-hessler.de\/#website"},"primaryImageOfPage":{"@id":"https:\/\/c-hessler.de\/shop\/mafell-fraesmotor-fm-1000\/#primaryimage"},"image":{"@id":"https:\/\/c-hessler.de\/shop\/mafell-fraesmotor-fm-1000\/#primaryimage"},"thumbnailUrl":"https:\/\/c-hessler.de\/wp-content\/uploads\/2018\/12\/fm_800_1000_frei-e1545382484196-scaled.jpg","datePublished":"2018-12-19T08:04:35+00:00","dateModified":"2025-12-10T17:46:29+00:00","description":"Den nya fr\u00e4smotorn fr\u00e5n Mafell f\u00f6r CNC-fr\u00e4smaskiner och fr\u00e4sbord inom modelltillverkning, formtillverkning, reklamteknik, gravyr, smycken, elektronik, stenhuggeri","breadcrumb":{"@id":"https:\/\/c-hessler.de\/shop\/mafell-fraesmotor-fm-1000\/#breadcrumb"},"inLanguage":"sv-SE","potentialAction":[{"@type":"ReadAction","target":["https:\/\/c-hessler.de\/shop\/mafell-fraesmotor-fm-1000\/"]}]},{"@type":"ImageObject","inLanguage":"sv-SE","@id":"https:\/\/c-hessler.de\/shop\/mafell-fraesmotor-fm-1000\/#primaryimage","url":"https:\/\/c-hessler.de\/wp-content\/uploads\/2018\/12\/fm_800_1000_frei-e1545382484196-scaled.jpg","contentUrl":"https:\/\/c-hessler.de\/wp-content\/uploads\/2018\/12\/fm_800_1000_frei-e1545382484196-scaled.jpg","width":2560,"height":1903,"caption":"Fr\u00e4smotor Mafell FM 1000"},{"@type":"BreadcrumbList","@id":"https:\/\/c-hessler.de\/shop\/mafell-fraesmotor-fm-1000\/#breadcrumb","itemListElement":[{"@type":"ListItem","position":1,"name":"Produkte","item":"https:\/\/c-hessler.de\/produkte\/"},{"@type":"ListItem","position":2,"name":"Motor f\u00fcr CNC-Fr\u00e4sen und Fr\u00e4stische Mafell FM 1000"}]},{"@type":"WebSite","@id":"https:\/\/c-hessler.de\/#website","url":"https:\/\/c-hessler.de\/","name":"www.c-hessler.de","description":"","publisher":{"@id":"https:\/\/c-hessler.de\/#organization"},"potentialAction":[{"@type":"SearchAction","target":{"@type":"EntryPoint","urlTemplate":"https:\/\/c-hessler.de\/?s={search_term_string}"},"query-input":{"@type":"PropertyValueSpecification","valueRequired":true,"valueName":"search_term_string"}}],"inLanguage":"sv-SE"},{"@type":"Organization","@id":"https:\/\/c-hessler.de\/#organization","name":"Dr Christoph He\u00dfler Maskinsystem","alternateName":"Dr. Christoph He\u00dfler Maschinensysteme","url":"https:\/\/c-hessler.de\/","logo":{"@type":"ImageObject","inLanguage":"sv-SE","@id":"https:\/\/c-hessler.de\/#\/schema\/logo\/image\/","url":"https:\/\/c-hessler.de\/wp-content\/uploads\/2026\/02\/Draw-03-150312-110115-Ausgeschnitten-I.jpg","contentUrl":"https:\/\/c-hessler.de\/wp-content\/uploads\/2026\/02\/Draw-03-150312-110115-Ausgeschnitten-I.jpg","width":445,"height":394,"caption":"Dr. Christoph He\u00dfler Maschinensysteme"},"image":{"@id":"https:\/\/c-hessler.de\/#\/schema\/logo\/image\/"},"sameAs":["https:\/\/www.facebook.com\/DrChristophHesslerMaschinensysteme\/","https:\/\/www.pinterest.de\/hesstools\/","https:\/\/www.youtube.com\/channel\/UCaNnXDGGF_BiYFQZ2kJgi-A?view_as=subscriber"],"description":"1. Ecken- und Kantenfr\u00e4sen f\u00fcr Tischler und Schreiner, Sonderanfertigungen 2. Auch f\u00fcr die Nachbearbeitung von Eck-Schwei\u00dfn\u00e4hten bei Aluminium-Werkstoffen, f\u00fcr Fahrzeugbauer oder Metallbauer aller Art","email":"christoph.hessler@c-hessler.de","telephone":"0527413012080","legalName":"Dr. Christoph He\u00dfler Maschinensysteme","foundingDate":"2003-06-05","vatID":"DE230070107","numberOfEmployees":{"@type":"QuantitativeValue","minValue":"1","maxValue":"10"}}]},"product_price_amount":"273.00","product_price_currency":"EUR","og_availability":"backorder","product_availability":"available for order","product_retailer_item_id":"mafell-fraesmotor-fm-1000","product_condition":"new"},"_links":{"self":[{"href":"https:\/\/c-hessler.de\/sv\/wp-json\/wp\/v2\/product\/205595","targetHints":{"allow":["GET"]}}],"collection":[{"href":"https:\/\/c-hessler.de\/sv\/wp-json\/wp\/v2\/product"}],"about":[{"href":"https:\/\/c-hessler.de\/sv\/wp-json\/wp\/v2\/types\/product"}],"replies":[{"embeddable":true,"href":"https:\/\/c-hessler.de\/sv\/wp-json\/wp\/v2\/comments?post=205595"}],"wp:featuredmedia":[{"embeddable":true,"href":"https:\/\/c-hessler.de\/sv\/wp-json\/wp\/v2\/media\/205601"}],"wp:attachment":[{"href":"https:\/\/c-hessler.de\/sv\/wp-json\/wp\/v2\/media?parent=205595"}],"wp:term":[{"taxonomy":"product_brand","embeddable":true,"href":"https:\/\/c-hessler.de\/sv\/wp-json\/wp\/v2\/product_brand?post=205595"},{"taxonomy":"product_cat","embeddable":true,"href":"https:\/\/c-hessler.de\/sv\/wp-json\/wp\/v2\/product_cat?post=205595"},{"taxonomy":"product_tag","embeddable":true,"href":"https:\/\/c-hessler.de\/sv\/wp-json\/wp\/v2\/product_tag?post=205595"}],"curies":[{"name":"wp","href":"https:\/\/api.w.org\/{rel}","templated":true}]}}