{"id":206381,"date":"2022-07-21T10:09:15","date_gmt":"2022-07-21T08:09:15","guid":{"rendered":"https:\/\/c-hessler.de\/?post_type=product&#038;p=206381"},"modified":"2025-12-10T18:53:38","modified_gmt":"2025-12-10T17:53:38","slug":"fraes-foer-skaror-mz-02-90f","status":"publish","type":"product","link":"https:\/\/c-hessler.de\/sv\/shop\/fraeser-fuer-ausklinker-mz-02-90f\/","title":{"rendered":"Fr\u00e4s f\u00f6r urklipp MZ 02 90F A"},"content":{"rendered":"<h4 class=\"wp-block-heading\" id=\"h-ersatzfraser-fur-den-ausklinker-standzeit-und-nachscharfen\">Ers\u00e4ttningsfr\u00e4s f\u00f6r notchapparaten: livsl\u00e4ngd och omslipning<\/h4>\n\n\n\n<ul class=\"wp-block-list\">\n<li>Diamantfr\u00e4sen till notaren har en livsl\u00e4ngd p\u00e5 cirka 10.000 h\u00f6rn p\u00e5 HPL-belagda b\u00e4nkskivor.<\/li>\n\n\n\n<li>Fr\u00e4sverktyget kan slipas om beroende p\u00e5 slitage eller flisning.<\/li>\n\n\n\n<li>Den minsta m\u00f6jliga diametern \u00e4r teoretiskt 33,6 mm.<\/li>\n\n\n\n<li>I verkligheten b\u00f6r den minsta diametern inte vara mindre \u00e4n 34 mm.<\/li>\n<\/ul>","protected":false},"excerpt":{"rendered":"<p>Fr\u00e4s f\u00f6r utfr\u00e4sning av rundning i innerh\u00f6rn med urfr\u00e4s f\u00f6r m\u00f6beldelar MZ 02 90F A.<\/p>\n<p>Fr\u00e4sarna tillverkas som enskilda delar med h\u00f6g standard.<\/p>\n<ul>\n<li>2 diamantsk\u00e4reggar<\/li>\n<li>Optimerad geometri f\u00f6r sk\u00e4reggar<\/li>\n<li>V\u00e4l avv\u00e4gd<\/li>\n<li>Skaft 8<\/li>\n<li>F\u00f6r kurvor upp till radie 12,5<\/li>\n<\/ul>\n<p><strong>F\u00f6r speciella \u00f6nskem\u00e5l, v\u00e4nligen kontakta oss via kontaktsidan eller direkt p\u00e5 telefon: 05741 3012080.<\/strong><\/p>","protected":false},"featured_media":206385,"comment_status":"open","ping_status":"closed","template":"","meta":[],"product_brand":[],"product_cat":[108],"product_tag":[106,109,38,45,111,110],"class_list":{"0":"post-206381","1":"product","2":"type-product","3":"status-publish","4":"has-post-thumbnail","6":"product_cat-werkzeuge","7":"product_tag-fraeser-45-grad","8":"product_tag-fraeser-45","9":"product_tag-handgefuehrt","10":"product_tag-kanten","11":"product_tag-schraege-kante","12":"product_tag-schraege-schmalseite","14":"first","15":"instock","16":"sale","17":"taxable","18":"shipping-taxable","19":"purchasable","20":"product-type-variable"},"yoast_head":"<!-- This site is optimized with the Yoast SEO Premium plugin v27.0 (Yoast SEO v27.4) - https:\/\/yoast.com\/product\/yoast-seo-premium-wordpress\/ -->\n<title>Fr\u00e4ser f\u00fcr den Ausklinker f\u00fcr pr\u00e4zises Fr\u00e4sen an M\u00f6belteilen<\/title>\n<meta name=\"description\" content=\"F\u00fcr das Ausfr\u00e4sen der Rundung in Innenecken an M\u00f6belteilen. Sonderfr\u00e4ser mit Diamantschneiden. Passt f\u00fcr den Ausklinker MZ 02 90F A.\" \/>\n<meta name=\"robots\" content=\"index, follow, max-snippet:-1, max-image-preview:large, max-video-preview:-1\" \/>\n<link rel=\"canonical\" href=\"https:\/\/c-hessler.de\/sv\/butik\/fraes-foer-skaror-mz-02-90f\/\" \/>\n<meta property=\"og:locale\" content=\"sv_SE\" \/>\n<meta property=\"og:type\" content=\"article\" \/>\n<meta property=\"og:title\" content=\"Fr\u00e4ser f\u00fcr Ausklinker MZ 02 90F A\" \/>\n<meta property=\"og:description\" content=\"F\u00fcr das Ausfr\u00e4sen der Rundung in Innenecken an M\u00f6belteilen. Sonderfr\u00e4ser mit Diamantschneiden. Passt f\u00fcr den Ausklinker MZ 02 90F A.\" \/>\n<meta property=\"og:url\" content=\"https:\/\/c-hessler.de\/sv\/butik\/fraes-foer-skaror-mz-02-90f\/\" \/>\n<meta property=\"og:site_name\" content=\"Dr. Christoph He\u00dfler Maschinensysteme\" \/>\n<meta property=\"article:publisher\" content=\"https:\/\/www.facebook.com\/DrChristophHesslerMaschinensysteme\/\" \/>\n<meta property=\"article:modified_time\" content=\"2025-12-10T17:53:38+00:00\" \/>\n<meta property=\"og:image\" content=\"https:\/\/c-hessler.de\/wp-content\/uploads\/2022\/07\/Sonder-Diamant-Fraeser-bearbeitet.jpg\" \/>\n\t<meta property=\"og:image:width\" content=\"705\" \/>\n\t<meta property=\"og:image:height\" content=\"526\" \/>\n\t<meta property=\"og:image:type\" content=\"image\/jpeg\" \/>\n<meta name=\"twitter:label1\" content=\"Tillg\u00e4nglig\" \/>\n\t<meta name=\"twitter:data1\" content=\"I lager\" \/>\n<script type=\"application\/ld+json\" class=\"yoast-schema-graph\">{\"@context\":\"https:\\\/\\\/schema.org\",\"@graph\":[{\"@type\":\"WebPage\",\"@id\":\"https:\\\/\\\/c-hessler.de\\\/shop\\\/fraeser-fuer-ausklinker-mz-02-90f\\\/\",\"url\":\"https:\\\/\\\/c-hessler.de\\\/shop\\\/fraeser-fuer-ausklinker-mz-02-90f\\\/\",\"name\":\"Fr\u00e4ser f\u00fcr den Ausklinker f\u00fcr pr\u00e4zises Fr\u00e4sen an M\u00f6belteilen\",\"isPartOf\":{\"@id\":\"https:\\\/\\\/c-hessler.de\\\/#website\"},\"primaryImageOfPage\":{\"@id\":\"https:\\\/\\\/c-hessler.de\\\/shop\\\/fraeser-fuer-ausklinker-mz-02-90f\\\/#primaryimage\"},\"image\":{\"@id\":\"https:\\\/\\\/c-hessler.de\\\/shop\\\/fraeser-fuer-ausklinker-mz-02-90f\\\/#primaryimage\"},\"thumbnailUrl\":\"https:\\\/\\\/c-hessler.de\\\/wp-content\\\/uploads\\\/2022\\\/07\\\/Sonder-Diamant-Fraeser-bearbeitet.jpg\",\"datePublished\":\"2022-07-21T08:09:15+00:00\",\"dateModified\":\"2025-12-10T17:53:38+00:00\",\"description\":\"F\u00fcr das Ausfr\u00e4sen der Rundung in Innenecken an M\u00f6belteilen. Sonderfr\u00e4ser mit Diamantschneiden. Passt f\u00fcr den Ausklinker MZ 02 90F A.\",\"breadcrumb\":{\"@id\":\"https:\\\/\\\/c-hessler.de\\\/shop\\\/fraeser-fuer-ausklinker-mz-02-90f\\\/#breadcrumb\"},\"inLanguage\":\"sv-SE\",\"potentialAction\":[{\"@type\":\"ReadAction\",\"target\":[\"https:\\\/\\\/c-hessler.de\\\/shop\\\/fraeser-fuer-ausklinker-mz-02-90f\\\/\"]}]},{\"@type\":\"ImageObject\",\"inLanguage\":\"sv-SE\",\"@id\":\"https:\\\/\\\/c-hessler.de\\\/shop\\\/fraeser-fuer-ausklinker-mz-02-90f\\\/#primaryimage\",\"url\":\"https:\\\/\\\/c-hessler.de\\\/wp-content\\\/uploads\\\/2022\\\/07\\\/Sonder-Diamant-Fraeser-bearbeitet.jpg\",\"contentUrl\":\"https:\\\/\\\/c-hessler.de\\\/wp-content\\\/uploads\\\/2022\\\/07\\\/Sonder-Diamant-Fraeser-bearbeitet.jpg\",\"width\":705,\"height\":526,\"caption\":\"Sonderfr\u00e4ser mit Diamant-Schneiden f\u00fcr den Ausklinker f\u00fcr M\u00f6belteile\"},{\"@type\":\"BreadcrumbList\",\"@id\":\"https:\\\/\\\/c-hessler.de\\\/shop\\\/fraeser-fuer-ausklinker-mz-02-90f\\\/#breadcrumb\",\"itemListElement\":[{\"@type\":\"ListItem\",\"position\":1,\"name\":\"Produkte\",\"item\":\"https:\\\/\\\/c-hessler.de\\\/produkte\\\/\"},{\"@type\":\"ListItem\",\"position\":2,\"name\":\"Fr\u00e4ser f\u00fcr Ausklinker MZ 02 90F A\"}]},{\"@type\":\"WebSite\",\"@id\":\"https:\\\/\\\/c-hessler.de\\\/#website\",\"url\":\"https:\\\/\\\/c-hessler.de\\\/\",\"name\":\"www.c-hessler.de\",\"description\":\"\",\"publisher\":{\"@id\":\"https:\\\/\\\/c-hessler.de\\\/#organization\"},\"potentialAction\":[{\"@type\":\"SearchAction\",\"target\":{\"@type\":\"EntryPoint\",\"urlTemplate\":\"https:\\\/\\\/c-hessler.de\\\/?s={search_term_string}\"},\"query-input\":{\"@type\":\"PropertyValueSpecification\",\"valueRequired\":true,\"valueName\":\"search_term_string\"}}],\"inLanguage\":\"sv-SE\"},{\"@type\":\"Organization\",\"@id\":\"https:\\\/\\\/c-hessler.de\\\/#organization\",\"name\":\"Dr. Christoph He\u00dfler Maschinensysteme\",\"alternateName\":\"Dr. Christoph He\u00dfler Maschinensysteme\",\"url\":\"https:\\\/\\\/c-hessler.de\\\/\",\"logo\":{\"@type\":\"ImageObject\",\"inLanguage\":\"sv-SE\",\"@id\":\"https:\\\/\\\/c-hessler.de\\\/#\\\/schema\\\/logo\\\/image\\\/\",\"url\":\"https:\\\/\\\/c-hessler.de\\\/wp-content\\\/uploads\\\/2026\\\/02\\\/Draw-03-150312-110115-Ausgeschnitten-I.jpg\",\"contentUrl\":\"https:\\\/\\\/c-hessler.de\\\/wp-content\\\/uploads\\\/2026\\\/02\\\/Draw-03-150312-110115-Ausgeschnitten-I.jpg\",\"width\":445,\"height\":394,\"caption\":\"Dr. Christoph He\u00dfler Maschinensysteme\"},\"image\":{\"@id\":\"https:\\\/\\\/c-hessler.de\\\/#\\\/schema\\\/logo\\\/image\\\/\"},\"sameAs\":[\"https:\\\/\\\/www.facebook.com\\\/DrChristophHesslerMaschinensysteme\\\/\",\"https:\\\/\\\/www.pinterest.de\\\/hesstools\\\/\",\"https:\\\/\\\/www.youtube.com\\\/channel\\\/UCaNnXDGGF_BiYFQZ2kJgi-A?view_as=subscriber\"],\"description\":\"1. Ecken- und Kantenfr\u00e4sen f\u00fcr Tischler und Schreiner, Sonderanfertigungen 2. Auch f\u00fcr die Nachbearbeitung von Eck-Schwei\u00dfn\u00e4hten bei Aluminium-Werkstoffen, f\u00fcr Fahrzeugbauer oder Metallbauer aller Art\",\"email\":\"christoph.hessler@c-hessler.de\",\"telephone\":\"0527413012080\",\"legalName\":\"Dr. Christoph He\u00dfler Maschinensysteme\",\"foundingDate\":\"2003-06-05\",\"vatID\":\"DE230070107\",\"numberOfEmployees\":{\"@type\":\"QuantitativeValue\",\"minValue\":\"1\",\"maxValue\":\"10\"}}]}<\/script>\n<meta property=\"og:availability\" content=\"instock\" \/>\n<meta property=\"product:availability\" content=\"instock\" \/>\n<meta property=\"product:retailer_item_id\" content=\"fraeser-fuer-ausklinker-mz-02-90f\" \/>\n<meta property=\"product:condition\" content=\"new\" \/>\n<!-- \/ Yoast SEO Premium plugin. -->","yoast_head_json":{"title":"Fr\u00e4s f\u00f6r urfr\u00e4sning f\u00f6r exakt fr\u00e4sning av m\u00f6beldelar","description":"F\u00f6r fr\u00e4sning av avrundningar i innerh\u00f6rn p\u00e5 m\u00f6beldelar. Specialfr\u00e4s med diamantsk\u00e4reggar. Passar till urfr\u00e4s MZ 02 90F A.","robots":{"index":"index","follow":"follow","max-snippet":"max-snippet:-1","max-image-preview":"max-image-preview:large","max-video-preview":"max-video-preview:-1"},"canonical":"https:\/\/c-hessler.de\/sv\/butik\/fraes-foer-skaror-mz-02-90f\/","og_locale":"sv_SE","og_type":"article","og_title":"Fr\u00e4ser f\u00fcr Ausklinker MZ 02 90F A","og_description":"F\u00fcr das Ausfr\u00e4sen der Rundung in Innenecken an M\u00f6belteilen. Sonderfr\u00e4ser mit Diamantschneiden. Passt f\u00fcr den Ausklinker MZ 02 90F A.","og_url":"https:\/\/c-hessler.de\/sv\/butik\/fraes-foer-skaror-mz-02-90f\/","og_site_name":"Dr. Christoph He\u00dfler Maschinensysteme","article_publisher":"https:\/\/www.facebook.com\/DrChristophHesslerMaschinensysteme\/","article_modified_time":"2025-12-10T17:53:38+00:00","og_image":[{"width":705,"height":526,"url":"https:\/\/c-hessler.de\/wp-content\/uploads\/2022\/07\/Sonder-Diamant-Fraeser-bearbeitet.jpg","type":"image\/jpeg"}],"twitter_misc":{"Tillg\u00e4nglig":"I lager"},"schema":{"@context":"https:\/\/schema.org","@graph":[{"@type":"WebPage","@id":"https:\/\/c-hessler.de\/shop\/fraeser-fuer-ausklinker-mz-02-90f\/","url":"https:\/\/c-hessler.de\/shop\/fraeser-fuer-ausklinker-mz-02-90f\/","name":"Fr\u00e4s f\u00f6r urfr\u00e4sning f\u00f6r exakt fr\u00e4sning av m\u00f6beldelar","isPartOf":{"@id":"https:\/\/c-hessler.de\/#website"},"primaryImageOfPage":{"@id":"https:\/\/c-hessler.de\/shop\/fraeser-fuer-ausklinker-mz-02-90f\/#primaryimage"},"image":{"@id":"https:\/\/c-hessler.de\/shop\/fraeser-fuer-ausklinker-mz-02-90f\/#primaryimage"},"thumbnailUrl":"https:\/\/c-hessler.de\/wp-content\/uploads\/2022\/07\/Sonder-Diamant-Fraeser-bearbeitet.jpg","datePublished":"2022-07-21T08:09:15+00:00","dateModified":"2025-12-10T17:53:38+00:00","description":"F\u00f6r fr\u00e4sning av avrundningar i innerh\u00f6rn p\u00e5 m\u00f6beldelar. Specialfr\u00e4s med diamantsk\u00e4reggar. Passar till urfr\u00e4s MZ 02 90F A.","breadcrumb":{"@id":"https:\/\/c-hessler.de\/shop\/fraeser-fuer-ausklinker-mz-02-90f\/#breadcrumb"},"inLanguage":"sv-SE","potentialAction":[{"@type":"ReadAction","target":["https:\/\/c-hessler.de\/shop\/fraeser-fuer-ausklinker-mz-02-90f\/"]}]},{"@type":"ImageObject","inLanguage":"sv-SE","@id":"https:\/\/c-hessler.de\/shop\/fraeser-fuer-ausklinker-mz-02-90f\/#primaryimage","url":"https:\/\/c-hessler.de\/wp-content\/uploads\/2022\/07\/Sonder-Diamant-Fraeser-bearbeitet.jpg","contentUrl":"https:\/\/c-hessler.de\/wp-content\/uploads\/2022\/07\/Sonder-Diamant-Fraeser-bearbeitet.jpg","width":705,"height":526,"caption":"Sonderfr\u00e4ser mit Diamant-Schneiden f\u00fcr den Ausklinker f\u00fcr M\u00f6belteile"},{"@type":"BreadcrumbList","@id":"https:\/\/c-hessler.de\/shop\/fraeser-fuer-ausklinker-mz-02-90f\/#breadcrumb","itemListElement":[{"@type":"ListItem","position":1,"name":"Produkte","item":"https:\/\/c-hessler.de\/produkte\/"},{"@type":"ListItem","position":2,"name":"Fr\u00e4ser f\u00fcr Ausklinker MZ 02 90F A"}]},{"@type":"WebSite","@id":"https:\/\/c-hessler.de\/#website","url":"https:\/\/c-hessler.de\/","name":"www.c-hessler.de","description":"","publisher":{"@id":"https:\/\/c-hessler.de\/#organization"},"potentialAction":[{"@type":"SearchAction","target":{"@type":"EntryPoint","urlTemplate":"https:\/\/c-hessler.de\/?s={search_term_string}"},"query-input":{"@type":"PropertyValueSpecification","valueRequired":true,"valueName":"search_term_string"}}],"inLanguage":"sv-SE"},{"@type":"Organization","@id":"https:\/\/c-hessler.de\/#organization","name":"Dr Christoph He\u00dfler Maskinsystem","alternateName":"Dr. Christoph He\u00dfler Maschinensysteme","url":"https:\/\/c-hessler.de\/","logo":{"@type":"ImageObject","inLanguage":"sv-SE","@id":"https:\/\/c-hessler.de\/#\/schema\/logo\/image\/","url":"https:\/\/c-hessler.de\/wp-content\/uploads\/2026\/02\/Draw-03-150312-110115-Ausgeschnitten-I.jpg","contentUrl":"https:\/\/c-hessler.de\/wp-content\/uploads\/2026\/02\/Draw-03-150312-110115-Ausgeschnitten-I.jpg","width":445,"height":394,"caption":"Dr. Christoph He\u00dfler Maschinensysteme"},"image":{"@id":"https:\/\/c-hessler.de\/#\/schema\/logo\/image\/"},"sameAs":["https:\/\/www.facebook.com\/DrChristophHesslerMaschinensysteme\/","https:\/\/www.pinterest.de\/hesstools\/","https:\/\/www.youtube.com\/channel\/UCaNnXDGGF_BiYFQZ2kJgi-A?view_as=subscriber"],"description":"1. Ecken- und Kantenfr\u00e4sen f\u00fcr Tischler und Schreiner, Sonderanfertigungen 2. Auch f\u00fcr die Nachbearbeitung von Eck-Schwei\u00dfn\u00e4hten bei Aluminium-Werkstoffen, f\u00fcr Fahrzeugbauer oder Metallbauer aller Art","email":"christoph.hessler@c-hessler.de","telephone":"0527413012080","legalName":"Dr. Christoph He\u00dfler Maschinensysteme","foundingDate":"2003-06-05","vatID":"DE230070107","numberOfEmployees":{"@type":"QuantitativeValue","minValue":"1","maxValue":"10"}}]},"og_availability":"instock","product_availability":"instock","product_retailer_item_id":"fraeser-fuer-ausklinker-mz-02-90f","product_condition":"new"},"_links":{"self":[{"href":"https:\/\/c-hessler.de\/sv\/wp-json\/wp\/v2\/product\/206381","targetHints":{"allow":["GET"]}}],"collection":[{"href":"https:\/\/c-hessler.de\/sv\/wp-json\/wp\/v2\/product"}],"about":[{"href":"https:\/\/c-hessler.de\/sv\/wp-json\/wp\/v2\/types\/product"}],"replies":[{"embeddable":true,"href":"https:\/\/c-hessler.de\/sv\/wp-json\/wp\/v2\/comments?post=206381"}],"wp:featuredmedia":[{"embeddable":true,"href":"https:\/\/c-hessler.de\/sv\/wp-json\/wp\/v2\/media\/206385"}],"wp:attachment":[{"href":"https:\/\/c-hessler.de\/sv\/wp-json\/wp\/v2\/media?parent=206381"}],"wp:term":[{"taxonomy":"product_brand","embeddable":true,"href":"https:\/\/c-hessler.de\/sv\/wp-json\/wp\/v2\/product_brand?post=206381"},{"taxonomy":"product_cat","embeddable":true,"href":"https:\/\/c-hessler.de\/sv\/wp-json\/wp\/v2\/product_cat?post=206381"},{"taxonomy":"product_tag","embeddable":true,"href":"https:\/\/c-hessler.de\/sv\/wp-json\/wp\/v2\/product_tag?post=206381"}],"curies":[{"name":"wp","href":"https:\/\/api.w.org\/{rel}","templated":true}]}}